{"id":31204,"date":"2026-03-04T01:49:50","date_gmt":"2026-03-04T01:49:50","guid":{"rendered":"https:\/\/vitablanca.ma\/produit\/lattafa-eclaire-eau-de-parfum-pour-femme-100-ml\/"},"modified":"2026-04-17T22:32:43","modified_gmt":"2026-04-17T22:32:43","slug":"lattafa-eclaire-eau-de-parfum-pour-femme-100-ml","status":"publish","type":"product","link":"https:\/\/vitablanca.ma\/en\/product\/lattafa-eclaire-eau-de-parfum-pour-femme-100-ml\/","title":{"rendered":"LATTAFA \u2013 ECLAIRE Eau de Parfum Pour Femme \u2013 100 ml"},"content":{"rendered":"<p><strong>ECLAIRE [ \u0627\u0643\u0644\u064a\u0631 ] <\/strong>de<strong> Lattafa<\/strong> est un parfum envo\u00fbtant qui incarne l&rsquo;\u00e9l\u00e9gance et la sophistication. Avec ses notes gourmandes et florales, il s\u00e9duit par son m\u00e9lange harmonieux de douceur et d\u2019intensit\u00e9.<\/p>\n<p>D\u00e8s la premi\u00e8re vaporisation, <strong>ECLAIRE <\/strong>d\u00e9voile une ouverture lumineuse et sucr\u00e9e, \u00e9voluant vers un c\u0153ur floral raffin\u00e9 qui apporte une touche f\u00e9minine et d\u00e9licate. En fond, des accords chaleureux et bois\u00e9s prolongent l&rsquo;exp\u00e9rience olfactive avec une tenue exceptionnelle.<\/p>\n<p>Ce parfum de 100ML est parfait pour les amateurs de fragrances \u00e9l\u00e9gantes et modernes, id\u00e9al pour toutes les occasions, qu&rsquo;elles soient quotidiennes ou sp\u00e9ciales.<\/p>\n<p><strong>Notes olfactives :<\/strong><\/p>\n<p class=\"MsoNormal\" style=\"margin-bottom: .0001pt;line-height: 115%\"><b>Notes de t\u00eate :<\/b> caramel, lait et sucre<\/p>\n<p class=\"MsoNormal\" style=\"margin-bottom: .0001pt;line-height: 115%\"><b>Notes de c\u0153ur :<\/b> fleurs blanches et miel<\/p>\n<p class=\"MsoNormal\" style=\"margin-bottom: .0001pt;line-height: 115%\"><b>Notes de fond :<\/b> Vanille, Pralin\u00e9 et Musc<\/p>\n<p class=\"MsoNormal\" style=\"margin-bottom: .0001pt;line-height: 115%\"><b>Ce parfum rappelle : <\/b>Bianco Latte Giardini Di Toscana<\/p>\n","protected":false},"excerpt":{"rendered":"<p>ECLAIRE [ \u0627\u0643\u0644\u064a\u0631 ] de Lattafa est un parfum envo\u00fbtant qui incarne l&rsquo;\u00e9l\u00e9gance et la sophistication. Avec ses notes gourmandes et florales, il s\u00e9duit par son m\u00e9lange harmonieux de douceur et d\u2019intensit\u00e9. D\u00e8s la premi\u00e8re vaporisation, ECLAIRE d\u00e9voile une ouverture lumineuse et sucr\u00e9e, \u00e9voluant vers un c\u0153ur floral raffin\u00e9 qui apporte une touche f\u00e9minine et [&hellip;]<\/p>\n","protected":false},"featured_media":31200,"template":"","meta":{"om_disable_all_campaigns":false},"product_brand":[],"product_cat":[18,15,1091],"product_tag":[],"class_list":{"0":"post-31204","1":"product","2":"type-product","3":"status-publish","4":"has-post-thumbnail","6":"product_cat-beaute-sante","7":"product_cat-beaute-sante-complements-alimentaires-soins-et-bien-etre-au-meilleur-prix","8":"product_cat-beaute-parfums-maroc-prix","10":"first","11":"instock","12":"taxable","13":"shipping-taxable","14":"purchasable","15":"product-type-simple"},"yoast_head":"<!-- This site is optimized with the Yoast SEO plugin v27.4 - https:\/\/yoast.com\/product\/yoast-seo-wordpress\/ -->\n<title>LATTAFA \u2013 ECLAIRE Eau de Parfum Pour Femme \u2013 100 ml - Maroc Prix<\/title>\n<meta name=\"description\" content=\"LATTAFA \u2013 ECLAIRE Eau de Parfum Pour Femme \u2013 100 ml\" \/>\n<meta name=\"robots\" content=\"index, follow, max-snippet:-1, max-image-preview:large, max-video-preview:-1\" \/>\n<link rel=\"canonical\" href=\"https:\/\/vitablanca.ma\/en\/product\/lattafa-eclaire-eau-de-parfum-pour-femme-100-ml\/\" \/>\n<meta property=\"og:locale\" content=\"en_US\" \/>\n<meta property=\"og:type\" content=\"article\" \/>\n<meta property=\"og:title\" content=\"LATTAFA \u2013 ECLAIRE Eau de Parfum Pour Femme \u2013 100 ml - Maroc Prix\" \/>\n<meta property=\"og:description\" content=\"LATTAFA \u2013 ECLAIRE Eau de Parfum Pour Femme \u2013 100 ml\" \/>\n<meta property=\"og:url\" content=\"https:\/\/vitablanca.ma\/en\/product\/lattafa-eclaire-eau-de-parfum-pour-femme-100-ml\/\" \/>\n<meta property=\"og:site_name\" content=\"Vitablanca.ma &ndash; Sant&eacute;, vitalit&eacute; et bien-&ecirc;tre pour tous les Marocains\" \/>\n<meta property=\"article:publisher\" content=\"https:\/\/www.facebook.com\/profile.php?id=61576678196717\" \/>\n<meta property=\"article:modified_time\" content=\"2026-04-17T22:32:43+00:00\" \/>\n<meta property=\"og:image\" content=\"https:\/\/vitablanca.ma\/wp-content\/uploads\/2026\/03\/LATTAFA_ECLAIREEaudeParfumPourFemme_100ml1.jpg\" \/>\n\t<meta property=\"og:image:width\" content=\"1080\" \/>\n\t<meta property=\"og:image:height\" content=\"1080\" \/>\n\t<meta property=\"og:image:type\" content=\"image\/jpeg\" \/>\n<meta name=\"twitter:card\" content=\"summary_large_image\" \/>\n<meta name=\"twitter:label1\" content=\"Est. reading time\" \/>\n\t<meta name=\"twitter:data1\" content=\"1 minute\" \/>\n<script type=\"application\/ld+json\" class=\"yoast-schema-graph\">{\"@context\":\"https:\\\/\\\/schema.org\",\"@graph\":[{\"@type\":[\"WebPage\",\"ItemPage\"],\"@id\":\"https:\\\/\\\/vitablanca.ma\\\/produit\\\/lattafa-eclaire-eau-de-parfum-pour-femme-100-ml\\\/\",\"url\":\"https:\\\/\\\/vitablanca.ma\\\/produit\\\/lattafa-eclaire-eau-de-parfum-pour-femme-100-ml\\\/\",\"name\":\"LATTAFA \u2013 ECLAIRE Eau de Parfum Pour Femme \u2013 100 ml - Maroc Prix\",\"isPartOf\":{\"@id\":\"https:\\\/\\\/vitablanca.ma\\\/#website\"},\"primaryImageOfPage\":{\"@id\":\"https:\\\/\\\/vitablanca.ma\\\/produit\\\/lattafa-eclaire-eau-de-parfum-pour-femme-100-ml\\\/#primaryimage\"},\"image\":{\"@id\":\"https:\\\/\\\/vitablanca.ma\\\/produit\\\/lattafa-eclaire-eau-de-parfum-pour-femme-100-ml\\\/#primaryimage\"},\"thumbnailUrl\":\"https:\\\/\\\/vitablanca.ma\\\/wp-content\\\/uploads\\\/2026\\\/03\\\/LATTAFA_ECLAIREEaudeParfumPourFemme_100ml1.jpg\",\"datePublished\":\"2026-03-04T01:49:50+00:00\",\"dateModified\":\"2026-04-17T22:32:43+00:00\",\"description\":\"LATTAFA \u2013 ECLAIRE Eau de Parfum Pour Femme \u2013 100 ml\",\"breadcrumb\":{\"@id\":\"https:\\\/\\\/vitablanca.ma\\\/produit\\\/lattafa-eclaire-eau-de-parfum-pour-femme-100-ml\\\/#breadcrumb\"},\"inLanguage\":\"en-US\",\"potentialAction\":[{\"@type\":\"ReadAction\",\"target\":[\"https:\\\/\\\/vitablanca.ma\\\/produit\\\/lattafa-eclaire-eau-de-parfum-pour-femme-100-ml\\\/\"]}]},{\"@type\":\"ImageObject\",\"inLanguage\":\"en-US\",\"@id\":\"https:\\\/\\\/vitablanca.ma\\\/produit\\\/lattafa-eclaire-eau-de-parfum-pour-femme-100-ml\\\/#primaryimage\",\"url\":\"https:\\\/\\\/vitablanca.ma\\\/wp-content\\\/uploads\\\/2026\\\/03\\\/LATTAFA_ECLAIREEaudeParfumPourFemme_100ml1.jpg\",\"contentUrl\":\"https:\\\/\\\/vitablanca.ma\\\/wp-content\\\/uploads\\\/2026\\\/03\\\/LATTAFA_ECLAIREEaudeParfumPourFemme_100ml1.jpg\",\"width\":1080,\"height\":1080},{\"@type\":\"BreadcrumbList\",\"@id\":\"https:\\\/\\\/vitablanca.ma\\\/produit\\\/lattafa-eclaire-eau-de-parfum-pour-femme-100-ml\\\/#breadcrumb\",\"itemListElement\":[{\"@type\":\"ListItem\",\"position\":1,\"name\":\"Home\",\"item\":\"https:\\\/\\\/vitablanca.ma\\\/\"},{\"@type\":\"ListItem\",\"position\":2,\"name\":\"Tous Les Produits\",\"item\":\"https:\\\/\\\/vitablanca.ma\\\/tous-les-produits\\\/\"},{\"@type\":\"ListItem\",\"position\":3,\"name\":\"LATTAFA \u2013 ECLAIRE Eau de Parfum Pour Femme \u2013 100 ml\"}]},{\"@type\":\"WebSite\",\"@id\":\"https:\\\/\\\/vitablanca.ma\\\/#website\",\"url\":\"https:\\\/\\\/vitablanca.ma\\\/\",\"name\":\"VitaBlanca.ma | Compl\u00e9ments alimentaires, sant\u00e9 & beaut\u00e9 au Maroc\",\"description\":\"vendre vitamines et compl\u00e9ments premium des USA &amp; Canada, Nouvelle Z\u00e9lande,Maroc (NOW Foods, Solgar, Manuka). Livraison rapide partout au Maroc.\",\"publisher\":{\"@id\":\"https:\\\/\\\/vitablanca.ma\\\/#organization\"},\"alternateName\":\"VitaBlanca.ma\",\"potentialAction\":[{\"@type\":\"SearchAction\",\"target\":{\"@type\":\"EntryPoint\",\"urlTemplate\":\"https:\\\/\\\/vitablanca.ma\\\/?s={search_term_string}\"},\"query-input\":{\"@type\":\"PropertyValueSpecification\",\"valueRequired\":true,\"valueName\":\"search_term_string\"}}],\"inLanguage\":\"en-US\"},{\"@type\":\"Organization\",\"@id\":\"https:\\\/\\\/vitablanca.ma\\\/#organization\",\"name\":\"VitaBlanca\",\"url\":\"https:\\\/\\\/vitablanca.ma\\\/\",\"logo\":{\"@type\":\"ImageObject\",\"inLanguage\":\"en-US\",\"@id\":\"https:\\\/\\\/vitablanca.ma\\\/#\\\/schema\\\/logo\\\/image\\\/\",\"url\":\"https:\\\/\\\/vitablanca.ma\\\/wp-content\\\/uploads\\\/2025\\\/05\\\/cropped-vitablanca.png\",\"contentUrl\":\"https:\\\/\\\/vitablanca.ma\\\/wp-content\\\/uploads\\\/2025\\\/05\\\/cropped-vitablanca.png\",\"width\":360,\"height\":67,\"caption\":\"VitaBlanca\"},\"image\":{\"@id\":\"https:\\\/\\\/vitablanca.ma\\\/#\\\/schema\\\/logo\\\/image\\\/\"},\"sameAs\":[\"https:\\\/\\\/www.facebook.com\\\/profile.php?id=61576678196717\",\"https:\\\/\\\/www.tiktok.com\\\/@vitablanca.ma\",\"https:\\\/\\\/www.instagram.com\\\/vitablanca.ma\\\/\"]}]}<\/script>\n<!-- \/ Yoast SEO plugin. -->","yoast_head_json":{"title":"LATTAFA \u2013 ECLAIRE Eau de Parfum Pour Femme \u2013 100 ml - Maroc Prix","description":"LATTAFA \u2013 ECLAIRE Eau de Parfum Pour Femme \u2013 100 ml","robots":{"index":"index","follow":"follow","max-snippet":"max-snippet:-1","max-image-preview":"max-image-preview:large","max-video-preview":"max-video-preview:-1"},"canonical":"https:\/\/vitablanca.ma\/en\/product\/lattafa-eclaire-eau-de-parfum-pour-femme-100-ml\/","og_locale":"en_US","og_type":"article","og_title":"LATTAFA \u2013 ECLAIRE Eau de Parfum Pour Femme \u2013 100 ml - Maroc Prix","og_description":"LATTAFA \u2013 ECLAIRE Eau de Parfum Pour Femme \u2013 100 ml","og_url":"https:\/\/vitablanca.ma\/en\/product\/lattafa-eclaire-eau-de-parfum-pour-femme-100-ml\/","og_site_name":"Vitablanca.ma &ndash; Sant&eacute;, vitalit&eacute; et bien-&ecirc;tre pour tous les Marocains","article_publisher":"https:\/\/www.facebook.com\/profile.php?id=61576678196717","article_modified_time":"2026-04-17T22:32:43+00:00","og_image":[{"width":1080,"height":1080,"url":"https:\/\/vitablanca.ma\/wp-content\/uploads\/2026\/03\/LATTAFA_ECLAIREEaudeParfumPourFemme_100ml1.jpg","type":"image\/jpeg"}],"twitter_card":"summary_large_image","twitter_misc":{"Est. reading time":"1 minute"},"schema":{"@context":"https:\/\/schema.org","@graph":[{"@type":["WebPage","ItemPage"],"@id":"https:\/\/vitablanca.ma\/produit\/lattafa-eclaire-eau-de-parfum-pour-femme-100-ml\/","url":"https:\/\/vitablanca.ma\/produit\/lattafa-eclaire-eau-de-parfum-pour-femme-100-ml\/","name":"LATTAFA \u2013 ECLAIRE Eau de Parfum Pour Femme \u2013 100 ml - Maroc Prix","isPartOf":{"@id":"https:\/\/vitablanca.ma\/#website"},"primaryImageOfPage":{"@id":"https:\/\/vitablanca.ma\/produit\/lattafa-eclaire-eau-de-parfum-pour-femme-100-ml\/#primaryimage"},"image":{"@id":"https:\/\/vitablanca.ma\/produit\/lattafa-eclaire-eau-de-parfum-pour-femme-100-ml\/#primaryimage"},"thumbnailUrl":"https:\/\/vitablanca.ma\/wp-content\/uploads\/2026\/03\/LATTAFA_ECLAIREEaudeParfumPourFemme_100ml1.jpg","datePublished":"2026-03-04T01:49:50+00:00","dateModified":"2026-04-17T22:32:43+00:00","description":"LATTAFA \u2013 ECLAIRE Eau de Parfum Pour Femme \u2013 100 ml","breadcrumb":{"@id":"https:\/\/vitablanca.ma\/produit\/lattafa-eclaire-eau-de-parfum-pour-femme-100-ml\/#breadcrumb"},"inLanguage":"en-US","potentialAction":[{"@type":"ReadAction","target":["https:\/\/vitablanca.ma\/produit\/lattafa-eclaire-eau-de-parfum-pour-femme-100-ml\/"]}]},{"@type":"ImageObject","inLanguage":"en-US","@id":"https:\/\/vitablanca.ma\/produit\/lattafa-eclaire-eau-de-parfum-pour-femme-100-ml\/#primaryimage","url":"https:\/\/vitablanca.ma\/wp-content\/uploads\/2026\/03\/LATTAFA_ECLAIREEaudeParfumPourFemme_100ml1.jpg","contentUrl":"https:\/\/vitablanca.ma\/wp-content\/uploads\/2026\/03\/LATTAFA_ECLAIREEaudeParfumPourFemme_100ml1.jpg","width":1080,"height":1080},{"@type":"BreadcrumbList","@id":"https:\/\/vitablanca.ma\/produit\/lattafa-eclaire-eau-de-parfum-pour-femme-100-ml\/#breadcrumb","itemListElement":[{"@type":"ListItem","position":1,"name":"Home","item":"https:\/\/vitablanca.ma\/"},{"@type":"ListItem","position":2,"name":"Tous Les Produits","item":"https:\/\/vitablanca.ma\/tous-les-produits\/"},{"@type":"ListItem","position":3,"name":"LATTAFA \u2013 ECLAIRE Eau de Parfum Pour Femme \u2013 100 ml"}]},{"@type":"WebSite","@id":"https:\/\/vitablanca.ma\/#website","url":"https:\/\/vitablanca.ma\/","name":"VitaBlanca.ma | Food supplements, health &amp; beauty in Morocco","description":"sell premium vitamins and supplements from USA &amp; Canada, New Zealand, Morocco (NOW Foods, Solgar, Manuka). Fast delivery anywhere in Morocco.","publisher":{"@id":"https:\/\/vitablanca.ma\/#organization"},"alternateName":"VitaBlanca.ma","potentialAction":[{"@type":"SearchAction","target":{"@type":"EntryPoint","urlTemplate":"https:\/\/vitablanca.ma\/?s={search_term_string}"},"query-input":{"@type":"PropertyValueSpecification","valueRequired":true,"valueName":"search_term_string"}}],"inLanguage":"en-US"},{"@type":"Organization","@id":"https:\/\/vitablanca.ma\/#organization","name":"VitaBlanca","url":"https:\/\/vitablanca.ma\/","logo":{"@type":"ImageObject","inLanguage":"en-US","@id":"https:\/\/vitablanca.ma\/#\/schema\/logo\/image\/","url":"https:\/\/vitablanca.ma\/wp-content\/uploads\/2025\/05\/cropped-vitablanca.png","contentUrl":"https:\/\/vitablanca.ma\/wp-content\/uploads\/2025\/05\/cropped-vitablanca.png","width":360,"height":67,"caption":"VitaBlanca"},"image":{"@id":"https:\/\/vitablanca.ma\/#\/schema\/logo\/image\/"},"sameAs":["https:\/\/www.facebook.com\/profile.php?id=61576678196717","https:\/\/www.tiktok.com\/@vitablanca.ma","https:\/\/www.instagram.com\/vitablanca.ma\/"]}]}},"jetpack_sharing_enabled":true,"_links":{"self":[{"href":"https:\/\/vitablanca.ma\/en\/wp-json\/wp\/v2\/product\/31204","targetHints":{"allow":["GET"]}}],"collection":[{"href":"https:\/\/vitablanca.ma\/en\/wp-json\/wp\/v2\/product"}],"about":[{"href":"https:\/\/vitablanca.ma\/en\/wp-json\/wp\/v2\/types\/product"}],"wp:featuredmedia":[{"embeddable":true,"href":"https:\/\/vitablanca.ma\/en\/wp-json\/wp\/v2\/media\/31200"}],"wp:attachment":[{"href":"https:\/\/vitablanca.ma\/en\/wp-json\/wp\/v2\/media?parent=31204"}],"wp:term":[{"taxonomy":"product_brand","embeddable":true,"href":"https:\/\/vitablanca.ma\/en\/wp-json\/wp\/v2\/product_brand?post=31204"},{"taxonomy":"product_cat","embeddable":true,"href":"https:\/\/vitablanca.ma\/en\/wp-json\/wp\/v2\/product_cat?post=31204"},{"taxonomy":"product_tag","embeddable":true,"href":"https:\/\/vitablanca.ma\/en\/wp-json\/wp\/v2\/product_tag?post=31204"}],"curies":[{"name":"wp","href":"https:\/\/api.w.org\/{rel}","templated":true}]}}