{"id":31195,"date":"2026-03-04T01:49:35","date_gmt":"2026-03-04T01:49:35","guid":{"rendered":"https:\/\/vitablanca.ma\/produit\/narissa-rose-musc-for-her-de-maison-alhambra-pour-femme-100ml\/"},"modified":"2026-04-17T22:32:24","modified_gmt":"2026-04-17T22:32:24","slug":"narissa-rose-musc-for-her-de-maison-alhambra-pour-femme-100ml","status":"publish","type":"product","link":"https:\/\/vitablanca.ma\/en\/product\/narissa-rose-musc-for-her-de-maison-alhambra-pour-femme-100ml\/","title":{"rendered":"NARISSA ROSE MUSC FOR HER DE MAISON ALHAMBRA Pour Femme &#8211; 100ml"},"content":{"rendered":"<p><span><strong>NARISSA ROSE MUSC FOR HER EAU DE PARFUM MAISON ALHAMBRA Pour Femme 100ml<\/strong> pour Elle est une fragrance sombre et opulente, qui combine des notes de musc, de citron, de c\u00e8dre et d&rsquo;iris. La composition est plus chaude et plus sensuelle que l\u2019original. L&rsquo;ouverture est compos\u00e9e de bergamote et de poivre rose un c\u0153ur de cannelle, de muscade et de fleurs d&rsquo;iris et d&rsquo;h\u00e9liotrope. La base comprend des notes de c\u00e8dre, de f\u00e8ve de tonka et d\u2019ambre.<\/span><\/p>\n<p><span><strong>Famille Olfactive : <\/strong>florale, fruit\u00e9e<br \/><strong>Top notes: <\/strong>Bergamote, Poivre rose, Prune<br \/><strong>Heart notes: <\/strong>Musc, Rose, Tub\u00e9reuse<br \/><strong>Base notes: <\/strong>Vanilla<\/span><\/p>","protected":false},"excerpt":{"rendered":"<p>NARISSA ROSE MUSC FOR HER EAU DE PARFUM MAISON ALHAMBRA Pour Femme 100ml pour Elle est une fragrance sombre et opulente, qui combine des notes de musc, de citron, de c\u00e8dre et d&rsquo;iris. La composition est plus chaude et plus sensuelle que l\u2019original. L&rsquo;ouverture est compos\u00e9e de bergamote et de poivre rose un c\u0153ur de [&hellip;]<\/p>\n","protected":false},"featured_media":31191,"template":"","meta":{"om_disable_all_campaigns":false},"product_brand":[],"product_cat":[18,15,1091],"product_tag":[],"class_list":{"0":"post-31195","1":"product","2":"type-product","3":"status-publish","4":"has-post-thumbnail","6":"product_cat-beaute-sante","7":"product_cat-beaute-sante-complements-alimentaires-soins-et-bien-etre-au-meilleur-prix","8":"product_cat-beaute-parfums-maroc-prix","10":"first","11":"instock","12":"taxable","13":"shipping-taxable","14":"purchasable","15":"product-type-simple"},"yoast_head":"<!-- This site is optimized with the Yoast SEO plugin v27.4 - https:\/\/yoast.com\/product\/yoast-seo-wordpress\/ -->\n<title>NARISSA ROSE MUSC FOR HER DE MAISON ALHAMBRA Pour Femme - 100ml - Maroc Prix<\/title>\n<meta name=\"description\" content=\"NARISSA ROSE MUSC FOR HER DE MAISON ALHAMBRA Pour Femme - 100ml\" \/>\n<meta name=\"robots\" content=\"index, follow, max-snippet:-1, max-image-preview:large, max-video-preview:-1\" \/>\n<link rel=\"canonical\" href=\"https:\/\/vitablanca.ma\/en\/product\/narissa-rose-musc-for-her-de-maison-alhambra-pour-femme-100ml\/\" \/>\n<meta property=\"og:locale\" content=\"en_US\" \/>\n<meta property=\"og:type\" content=\"article\" \/>\n<meta property=\"og:title\" content=\"NARISSA ROSE MUSC FOR HER DE MAISON ALHAMBRA Pour Femme - 100ml - Maroc Prix\" \/>\n<meta property=\"og:description\" content=\"NARISSA ROSE MUSC FOR HER DE MAISON ALHAMBRA Pour Femme - 100ml\" \/>\n<meta property=\"og:url\" content=\"https:\/\/vitablanca.ma\/en\/product\/narissa-rose-musc-for-her-de-maison-alhambra-pour-femme-100ml\/\" \/>\n<meta property=\"og:site_name\" content=\"Vitablanca.ma &ndash; Sant&eacute;, vitalit&eacute; et bien-&ecirc;tre pour tous les Marocains\" \/>\n<meta property=\"article:publisher\" content=\"https:\/\/www.facebook.com\/profile.php?id=61576678196717\" \/>\n<meta property=\"article:modified_time\" content=\"2026-04-17T22:32:24+00:00\" \/>\n<meta property=\"og:image\" content=\"https:\/\/vitablanca.ma\/wp-content\/uploads\/2026\/03\/NARISSA_ROSE_MUSC_FOR_HER_DE_MAISON_ALHAMBRA_Pour_Femme_-_100ml_1.jpg\" \/>\n\t<meta property=\"og:image:width\" content=\"1080\" \/>\n\t<meta property=\"og:image:height\" content=\"1080\" \/>\n\t<meta property=\"og:image:type\" content=\"image\/jpeg\" \/>\n<meta name=\"twitter:card\" content=\"summary_large_image\" \/>\n<meta name=\"twitter:label1\" content=\"Est. reading time\" \/>\n\t<meta name=\"twitter:data1\" content=\"1 minute\" \/>\n<script type=\"application\/ld+json\" class=\"yoast-schema-graph\">{\"@context\":\"https:\\\/\\\/schema.org\",\"@graph\":[{\"@type\":[\"WebPage\",\"ItemPage\"],\"@id\":\"https:\\\/\\\/vitablanca.ma\\\/produit\\\/narissa-rose-musc-for-her-de-maison-alhambra-pour-femme-100ml\\\/\",\"url\":\"https:\\\/\\\/vitablanca.ma\\\/produit\\\/narissa-rose-musc-for-her-de-maison-alhambra-pour-femme-100ml\\\/\",\"name\":\"NARISSA ROSE MUSC FOR HER DE MAISON ALHAMBRA Pour Femme - 100ml - Maroc Prix\",\"isPartOf\":{\"@id\":\"https:\\\/\\\/vitablanca.ma\\\/#website\"},\"primaryImageOfPage\":{\"@id\":\"https:\\\/\\\/vitablanca.ma\\\/produit\\\/narissa-rose-musc-for-her-de-maison-alhambra-pour-femme-100ml\\\/#primaryimage\"},\"image\":{\"@id\":\"https:\\\/\\\/vitablanca.ma\\\/produit\\\/narissa-rose-musc-for-her-de-maison-alhambra-pour-femme-100ml\\\/#primaryimage\"},\"thumbnailUrl\":\"https:\\\/\\\/vitablanca.ma\\\/wp-content\\\/uploads\\\/2026\\\/03\\\/NARISSA_ROSE_MUSC_FOR_HER_DE_MAISON_ALHAMBRA_Pour_Femme_-_100ml_1.jpg\",\"datePublished\":\"2026-03-04T01:49:35+00:00\",\"dateModified\":\"2026-04-17T22:32:24+00:00\",\"description\":\"NARISSA ROSE MUSC FOR HER DE MAISON ALHAMBRA Pour Femme - 100ml\",\"breadcrumb\":{\"@id\":\"https:\\\/\\\/vitablanca.ma\\\/produit\\\/narissa-rose-musc-for-her-de-maison-alhambra-pour-femme-100ml\\\/#breadcrumb\"},\"inLanguage\":\"en-US\",\"potentialAction\":[{\"@type\":\"ReadAction\",\"target\":[\"https:\\\/\\\/vitablanca.ma\\\/produit\\\/narissa-rose-musc-for-her-de-maison-alhambra-pour-femme-100ml\\\/\"]}]},{\"@type\":\"ImageObject\",\"inLanguage\":\"en-US\",\"@id\":\"https:\\\/\\\/vitablanca.ma\\\/produit\\\/narissa-rose-musc-for-her-de-maison-alhambra-pour-femme-100ml\\\/#primaryimage\",\"url\":\"https:\\\/\\\/vitablanca.ma\\\/wp-content\\\/uploads\\\/2026\\\/03\\\/NARISSA_ROSE_MUSC_FOR_HER_DE_MAISON_ALHAMBRA_Pour_Femme_-_100ml_1.jpg\",\"contentUrl\":\"https:\\\/\\\/vitablanca.ma\\\/wp-content\\\/uploads\\\/2026\\\/03\\\/NARISSA_ROSE_MUSC_FOR_HER_DE_MAISON_ALHAMBRA_Pour_Femme_-_100ml_1.jpg\",\"width\":1080,\"height\":1080},{\"@type\":\"BreadcrumbList\",\"@id\":\"https:\\\/\\\/vitablanca.ma\\\/produit\\\/narissa-rose-musc-for-her-de-maison-alhambra-pour-femme-100ml\\\/#breadcrumb\",\"itemListElement\":[{\"@type\":\"ListItem\",\"position\":1,\"name\":\"Home\",\"item\":\"https:\\\/\\\/vitablanca.ma\\\/\"},{\"@type\":\"ListItem\",\"position\":2,\"name\":\"Tous Les Produits\",\"item\":\"https:\\\/\\\/vitablanca.ma\\\/tous-les-produits\\\/\"},{\"@type\":\"ListItem\",\"position\":3,\"name\":\"NARISSA ROSE MUSC FOR HER DE MAISON ALHAMBRA Pour Femme &#8211; 100ml\"}]},{\"@type\":\"WebSite\",\"@id\":\"https:\\\/\\\/vitablanca.ma\\\/#website\",\"url\":\"https:\\\/\\\/vitablanca.ma\\\/\",\"name\":\"VitaBlanca.ma | Compl\u00e9ments alimentaires, sant\u00e9 & beaut\u00e9 au Maroc\",\"description\":\"vendre vitamines et compl\u00e9ments premium des USA &amp; Canada, Nouvelle Z\u00e9lande,Maroc (NOW Foods, Solgar, Manuka). Livraison rapide partout au Maroc.\",\"publisher\":{\"@id\":\"https:\\\/\\\/vitablanca.ma\\\/#organization\"},\"alternateName\":\"VitaBlanca.ma\",\"potentialAction\":[{\"@type\":\"SearchAction\",\"target\":{\"@type\":\"EntryPoint\",\"urlTemplate\":\"https:\\\/\\\/vitablanca.ma\\\/?s={search_term_string}\"},\"query-input\":{\"@type\":\"PropertyValueSpecification\",\"valueRequired\":true,\"valueName\":\"search_term_string\"}}],\"inLanguage\":\"en-US\"},{\"@type\":\"Organization\",\"@id\":\"https:\\\/\\\/vitablanca.ma\\\/#organization\",\"name\":\"VitaBlanca\",\"url\":\"https:\\\/\\\/vitablanca.ma\\\/\",\"logo\":{\"@type\":\"ImageObject\",\"inLanguage\":\"en-US\",\"@id\":\"https:\\\/\\\/vitablanca.ma\\\/#\\\/schema\\\/logo\\\/image\\\/\",\"url\":\"https:\\\/\\\/vitablanca.ma\\\/wp-content\\\/uploads\\\/2025\\\/05\\\/cropped-vitablanca.png\",\"contentUrl\":\"https:\\\/\\\/vitablanca.ma\\\/wp-content\\\/uploads\\\/2025\\\/05\\\/cropped-vitablanca.png\",\"width\":360,\"height\":67,\"caption\":\"VitaBlanca\"},\"image\":{\"@id\":\"https:\\\/\\\/vitablanca.ma\\\/#\\\/schema\\\/logo\\\/image\\\/\"},\"sameAs\":[\"https:\\\/\\\/www.facebook.com\\\/profile.php?id=61576678196717\",\"https:\\\/\\\/www.tiktok.com\\\/@vitablanca.ma\",\"https:\\\/\\\/www.instagram.com\\\/vitablanca.ma\\\/\"]}]}<\/script>\n<!-- \/ Yoast SEO plugin. -->","yoast_head_json":{"title":"NARISSA ROSE MUSC FOR HER DE MAISON ALHAMBRA Pour Femme - 100ml - Maroc Prix","description":"NARISSA ROSE MUSC FOR HER DE MAISON ALHAMBRA Pour Femme - 100ml","robots":{"index":"index","follow":"follow","max-snippet":"max-snippet:-1","max-image-preview":"max-image-preview:large","max-video-preview":"max-video-preview:-1"},"canonical":"https:\/\/vitablanca.ma\/en\/product\/narissa-rose-musc-for-her-de-maison-alhambra-pour-femme-100ml\/","og_locale":"en_US","og_type":"article","og_title":"NARISSA ROSE MUSC FOR HER DE MAISON ALHAMBRA Pour Femme - 100ml - Maroc Prix","og_description":"NARISSA ROSE MUSC FOR HER DE MAISON ALHAMBRA Pour Femme - 100ml","og_url":"https:\/\/vitablanca.ma\/en\/product\/narissa-rose-musc-for-her-de-maison-alhambra-pour-femme-100ml\/","og_site_name":"Vitablanca.ma &ndash; Sant&eacute;, vitalit&eacute; et bien-&ecirc;tre pour tous les Marocains","article_publisher":"https:\/\/www.facebook.com\/profile.php?id=61576678196717","article_modified_time":"2026-04-17T22:32:24+00:00","og_image":[{"width":1080,"height":1080,"url":"https:\/\/vitablanca.ma\/wp-content\/uploads\/2026\/03\/NARISSA_ROSE_MUSC_FOR_HER_DE_MAISON_ALHAMBRA_Pour_Femme_-_100ml_1.jpg","type":"image\/jpeg"}],"twitter_card":"summary_large_image","twitter_misc":{"Est. reading time":"1 minute"},"schema":{"@context":"https:\/\/schema.org","@graph":[{"@type":["WebPage","ItemPage"],"@id":"https:\/\/vitablanca.ma\/produit\/narissa-rose-musc-for-her-de-maison-alhambra-pour-femme-100ml\/","url":"https:\/\/vitablanca.ma\/produit\/narissa-rose-musc-for-her-de-maison-alhambra-pour-femme-100ml\/","name":"NARISSA ROSE MUSC FOR HER DE MAISON ALHAMBRA Pour Femme - 100ml - Maroc Prix","isPartOf":{"@id":"https:\/\/vitablanca.ma\/#website"},"primaryImageOfPage":{"@id":"https:\/\/vitablanca.ma\/produit\/narissa-rose-musc-for-her-de-maison-alhambra-pour-femme-100ml\/#primaryimage"},"image":{"@id":"https:\/\/vitablanca.ma\/produit\/narissa-rose-musc-for-her-de-maison-alhambra-pour-femme-100ml\/#primaryimage"},"thumbnailUrl":"https:\/\/vitablanca.ma\/wp-content\/uploads\/2026\/03\/NARISSA_ROSE_MUSC_FOR_HER_DE_MAISON_ALHAMBRA_Pour_Femme_-_100ml_1.jpg","datePublished":"2026-03-04T01:49:35+00:00","dateModified":"2026-04-17T22:32:24+00:00","description":"NARISSA ROSE MUSC FOR HER DE MAISON ALHAMBRA Pour Femme - 100ml","breadcrumb":{"@id":"https:\/\/vitablanca.ma\/produit\/narissa-rose-musc-for-her-de-maison-alhambra-pour-femme-100ml\/#breadcrumb"},"inLanguage":"en-US","potentialAction":[{"@type":"ReadAction","target":["https:\/\/vitablanca.ma\/produit\/narissa-rose-musc-for-her-de-maison-alhambra-pour-femme-100ml\/"]}]},{"@type":"ImageObject","inLanguage":"en-US","@id":"https:\/\/vitablanca.ma\/produit\/narissa-rose-musc-for-her-de-maison-alhambra-pour-femme-100ml\/#primaryimage","url":"https:\/\/vitablanca.ma\/wp-content\/uploads\/2026\/03\/NARISSA_ROSE_MUSC_FOR_HER_DE_MAISON_ALHAMBRA_Pour_Femme_-_100ml_1.jpg","contentUrl":"https:\/\/vitablanca.ma\/wp-content\/uploads\/2026\/03\/NARISSA_ROSE_MUSC_FOR_HER_DE_MAISON_ALHAMBRA_Pour_Femme_-_100ml_1.jpg","width":1080,"height":1080},{"@type":"BreadcrumbList","@id":"https:\/\/vitablanca.ma\/produit\/narissa-rose-musc-for-her-de-maison-alhambra-pour-femme-100ml\/#breadcrumb","itemListElement":[{"@type":"ListItem","position":1,"name":"Home","item":"https:\/\/vitablanca.ma\/"},{"@type":"ListItem","position":2,"name":"Tous Les Produits","item":"https:\/\/vitablanca.ma\/tous-les-produits\/"},{"@type":"ListItem","position":3,"name":"NARISSA ROSE MUSC FOR HER DE MAISON ALHAMBRA Pour Femme &#8211; 100ml"}]},{"@type":"WebSite","@id":"https:\/\/vitablanca.ma\/#website","url":"https:\/\/vitablanca.ma\/","name":"VitaBlanca.ma | Food supplements, health &amp; beauty in Morocco","description":"sell premium vitamins and supplements from USA &amp; Canada, New Zealand, Morocco (NOW Foods, Solgar, Manuka). Fast delivery anywhere in Morocco.","publisher":{"@id":"https:\/\/vitablanca.ma\/#organization"},"alternateName":"VitaBlanca.ma","potentialAction":[{"@type":"SearchAction","target":{"@type":"EntryPoint","urlTemplate":"https:\/\/vitablanca.ma\/?s={search_term_string}"},"query-input":{"@type":"PropertyValueSpecification","valueRequired":true,"valueName":"search_term_string"}}],"inLanguage":"en-US"},{"@type":"Organization","@id":"https:\/\/vitablanca.ma\/#organization","name":"VitaBlanca","url":"https:\/\/vitablanca.ma\/","logo":{"@type":"ImageObject","inLanguage":"en-US","@id":"https:\/\/vitablanca.ma\/#\/schema\/logo\/image\/","url":"https:\/\/vitablanca.ma\/wp-content\/uploads\/2025\/05\/cropped-vitablanca.png","contentUrl":"https:\/\/vitablanca.ma\/wp-content\/uploads\/2025\/05\/cropped-vitablanca.png","width":360,"height":67,"caption":"VitaBlanca"},"image":{"@id":"https:\/\/vitablanca.ma\/#\/schema\/logo\/image\/"},"sameAs":["https:\/\/www.facebook.com\/profile.php?id=61576678196717","https:\/\/www.tiktok.com\/@vitablanca.ma","https:\/\/www.instagram.com\/vitablanca.ma\/"]}]}},"jetpack_sharing_enabled":true,"_links":{"self":[{"href":"https:\/\/vitablanca.ma\/en\/wp-json\/wp\/v2\/product\/31195","targetHints":{"allow":["GET"]}}],"collection":[{"href":"https:\/\/vitablanca.ma\/en\/wp-json\/wp\/v2\/product"}],"about":[{"href":"https:\/\/vitablanca.ma\/en\/wp-json\/wp\/v2\/types\/product"}],"wp:featuredmedia":[{"embeddable":true,"href":"https:\/\/vitablanca.ma\/en\/wp-json\/wp\/v2\/media\/31191"}],"wp:attachment":[{"href":"https:\/\/vitablanca.ma\/en\/wp-json\/wp\/v2\/media?parent=31195"}],"wp:term":[{"taxonomy":"product_brand","embeddable":true,"href":"https:\/\/vitablanca.ma\/en\/wp-json\/wp\/v2\/product_brand?post=31195"},{"taxonomy":"product_cat","embeddable":true,"href":"https:\/\/vitablanca.ma\/en\/wp-json\/wp\/v2\/product_cat?post=31195"},{"taxonomy":"product_tag","embeddable":true,"href":"https:\/\/vitablanca.ma\/en\/wp-json\/wp\/v2\/product_tag?post=31195"}],"curies":[{"name":"wp","href":"https:\/\/api.w.org\/{rel}","templated":true}]}}