{"id":30975,"date":"2026-03-04T01:40:32","date_gmt":"2026-03-04T01:40:32","guid":{"rendered":"https:\/\/vitablanca.ma\/produit\/kemei-km-6333-professional-mens-3in1-suit-electric-hair-clippers\/"},"modified":"2026-03-04T01:40:32","modified_gmt":"2026-03-04T01:40:32","slug":"kemei-km-6333-professional-mens-3in1-suit-electric-hair-clippers","status":"publish","type":"product","link":"https:\/\/vitablanca.ma\/en\/product\/kemei-km-6333-professional-mens-3in1-suit-electric-hair-clippers\/","title":{"rendered":"KEMEI \u2013KM-6333 Professional Men\u2019s 3IN1 Suit \u2013 Electric Hair Clippers"},"content":{"rendered":"<p>KEMEI Mod\u00e8le a\u00e9rodynamique et design ergonomique, ce produit est une tondeuse, un rasoir et une tondeuse rechargeables. Le rasoir a deux t\u00eates de rasoir flottantes avec syst\u00e8me d\u2019action individuel. Alimentation: rechargeable &#8211; Caract\u00e9ristique: lame double &#8211; Utilisation: Corps, Barbe, Moustache, Cheveux &#8211; Dur\u00e9e d&rsquo;utilisation: Jusqu&rsquo;\u00e0 30 minutes (Ce produit n&rsquo;est pas adapt\u00e9 pour une utilisation directe dans sortie). &#8211; Dur\u00e9e de charge: 8 heures &#8211; Tension: BivoltPuissance nominale: 3W &#8211; Mat\u00e9riel: ABS + acier inoxydable &#8211; Taille: 16,5 cm x 6,5 cm- Type d&rsquo;\u00e9l\u00e9ment: Rasoir \u00e9lectrique, tondeuse \u00e0 cheveux et tondeuse \u00e0 cheveux\u00c9l\u00e9ments inclus: 1 machine Kemei KM-6333 -1 c\u00e2ble de chargement -1 brosse de nettoyage- 1 t\u00eate de rasage -1 t\u00eate de tondeuse \u00e0 nez -1 t\u00eate de tondeuse \u00e0 cheveuxVos cheveux refl\u00e8tent peut-\u00eatre votre personnalit\u00e9. Vous aimez jouez avec pour s\u00e9duire ou avoir de l\u2019allure. La coupe parfaite est essentielle \u00e0 votre quotidien et quand votre \u00ab t\u00eate \u00bb n\u2019est pas \u00e0 votre go\u00fbt, bonjour le stress ! C\u2019est pourquoi, nous vous proposons les outils essentiels \u00e0 une belle coiffure et une belle chevelure au quotidien ; Des tondeuses, des lisseurs pour cheveux et accessoires de marque sont \u00e0 votre disposition pour vous permettre d\u2019\u00eatre toujours au top.<\/p>\n<p><strong>Principales caract\u00e9ristiques<\/strong><br \/>Marque : Kemei<br \/>Mod\u00e8le :KM-6333<br \/>Nom : tondeuse \u00e0 cheveux.<br \/>Taille: 4,5*18 cm<br \/>Tension : 100-240 V<br \/>Fr\u00e9quence : 50\/60 Hz<br \/>Tension nominale : 3,7 V<br \/>Puissance nominale : 5W<br \/>Temps de charge : 2 heures<br \/>Temps d&rsquo;utilisation : 300 minutes<\/p>","protected":false},"excerpt":{"rendered":"<p>KEMEI Mod\u00e8le a\u00e9rodynamique et design ergonomique, ce produit est une tondeuse, un rasoir et une tondeuse rechargeables. Le rasoir a deux t\u00eates de rasoir flottantes avec syst\u00e8me d\u2019action individuel. Alimentation: rechargeable &#8211; Caract\u00e9ristique: lame double &#8211; Utilisation: Corps, Barbe, Moustache, Cheveux &#8211; Dur\u00e9e d&rsquo;utilisation: Jusqu&rsquo;\u00e0 30 minutes (Ce produit n&rsquo;est pas adapt\u00e9 pour une utilisation [&hellip;]<\/p>\n","protected":false},"featured_media":30972,"template":"","meta":{"om_disable_all_campaigns":false},"product_brand":[],"product_cat":[15],"product_tag":[],"class_list":{"0":"post-30975","1":"product","2":"type-product","3":"status-publish","4":"has-post-thumbnail","6":"product_cat-beaute-sante-complements-alimentaires-soins-et-bien-etre-au-meilleur-prix","8":"first","9":"instock","10":"taxable","11":"shipping-taxable","12":"purchasable","13":"product-type-simple"},"yoast_head":"<!-- This site is optimized with the Yoast SEO plugin v27.3 - https:\/\/yoast.com\/product\/yoast-seo-wordpress\/ -->\n<title>KEMEI \u2013KM-6333 Professional Men\u2019s 3IN1 Suit \u2013 Electric Hair Clippers - Maroc Prix<\/title>\n<meta name=\"description\" content=\"KEMEI \u2013KM-6333 Professional Men\u2019s 3IN1 Suit \u2013 Electric Hair Clippers\" \/>\n<meta name=\"robots\" content=\"index, follow, max-snippet:-1, max-image-preview:large, max-video-preview:-1\" \/>\n<link rel=\"canonical\" href=\"https:\/\/vitablanca.ma\/en\/product\/kemei-km-6333-professional-mens-3in1-suit-electric-hair-clippers\/\" \/>\n<meta property=\"og:locale\" content=\"en_US\" \/>\n<meta property=\"og:type\" content=\"article\" \/>\n<meta property=\"og:title\" content=\"KEMEI \u2013KM-6333 Professional Men\u2019s 3IN1 Suit \u2013 Electric Hair Clippers - Maroc Prix\" \/>\n<meta property=\"og:description\" content=\"KEMEI \u2013KM-6333 Professional Men\u2019s 3IN1 Suit \u2013 Electric Hair Clippers\" \/>\n<meta property=\"og:url\" content=\"https:\/\/vitablanca.ma\/en\/product\/kemei-km-6333-professional-mens-3in1-suit-electric-hair-clippers\/\" \/>\n<meta property=\"og:site_name\" content=\"Vitablanca.ma &ndash; Sant&eacute;, vitalit&eacute; et bien-&ecirc;tre pour tous les Marocains\" \/>\n<meta property=\"article:publisher\" content=\"https:\/\/www.facebook.com\/profile.php?id=61576678196717\" \/>\n<meta property=\"og:image\" content=\"https:\/\/vitablanca.ma\/wp-content\/uploads\/2025\/06\/Magnesium_2024_1400_x787_002.jpg\" \/>\n\t<meta property=\"og:image:width\" content=\"950\" \/>\n\t<meta property=\"og:image:height\" content=\"534\" \/>\n\t<meta property=\"og:image:type\" content=\"image\/jpeg\" \/>\n<meta name=\"twitter:card\" content=\"summary_large_image\" \/>\n<meta name=\"twitter:label1\" content=\"Est. reading time\" \/>\n\t<meta name=\"twitter:data1\" content=\"1 minute\" \/>\n<script type=\"application\/ld+json\" class=\"yoast-schema-graph\">{\"@context\":\"https:\\\/\\\/schema.org\",\"@graph\":[{\"@type\":[\"WebPage\",\"ItemPage\"],\"@id\":\"https:\\\/\\\/vitablanca.ma\\\/produit\\\/kemei-km-6333-professional-mens-3in1-suit-electric-hair-clippers\\\/\",\"url\":\"https:\\\/\\\/vitablanca.ma\\\/produit\\\/kemei-km-6333-professional-mens-3in1-suit-electric-hair-clippers\\\/\",\"name\":\"KEMEI \u2013KM-6333 Professional Men\u2019s 3IN1 Suit \u2013 Electric Hair Clippers - Maroc Prix\",\"isPartOf\":{\"@id\":\"https:\\\/\\\/vitablanca.ma\\\/#website\"},\"primaryImageOfPage\":{\"@id\":\"https:\\\/\\\/vitablanca.ma\\\/produit\\\/kemei-km-6333-professional-mens-3in1-suit-electric-hair-clippers\\\/#primaryimage\"},\"image\":{\"@id\":\"https:\\\/\\\/vitablanca.ma\\\/produit\\\/kemei-km-6333-professional-mens-3in1-suit-electric-hair-clippers\\\/#primaryimage\"},\"thumbnailUrl\":\"https:\\\/\\\/vitablanca.ma\\\/wp-content\\\/uploads\\\/2026\\\/03\\\/KemeiProfessionalMen_s3in1SuitElectricHairClippers.jpg\",\"datePublished\":\"2026-03-04T01:40:32+00:00\",\"description\":\"KEMEI \u2013KM-6333 Professional Men\u2019s 3IN1 Suit \u2013 Electric Hair Clippers\",\"breadcrumb\":{\"@id\":\"https:\\\/\\\/vitablanca.ma\\\/produit\\\/kemei-km-6333-professional-mens-3in1-suit-electric-hair-clippers\\\/#breadcrumb\"},\"inLanguage\":\"en-US\",\"potentialAction\":[{\"@type\":\"ReadAction\",\"target\":[\"https:\\\/\\\/vitablanca.ma\\\/produit\\\/kemei-km-6333-professional-mens-3in1-suit-electric-hair-clippers\\\/\"]}]},{\"@type\":\"ImageObject\",\"inLanguage\":\"en-US\",\"@id\":\"https:\\\/\\\/vitablanca.ma\\\/produit\\\/kemei-km-6333-professional-mens-3in1-suit-electric-hair-clippers\\\/#primaryimage\",\"url\":\"https:\\\/\\\/vitablanca.ma\\\/wp-content\\\/uploads\\\/2026\\\/03\\\/KemeiProfessionalMen_s3in1SuitElectricHairClippers.jpg\",\"contentUrl\":\"https:\\\/\\\/vitablanca.ma\\\/wp-content\\\/uploads\\\/2026\\\/03\\\/KemeiProfessionalMen_s3in1SuitElectricHairClippers.jpg\",\"width\":700,\"height\":696},{\"@type\":\"BreadcrumbList\",\"@id\":\"https:\\\/\\\/vitablanca.ma\\\/produit\\\/kemei-km-6333-professional-mens-3in1-suit-electric-hair-clippers\\\/#breadcrumb\",\"itemListElement\":[{\"@type\":\"ListItem\",\"position\":1,\"name\":\"Home\",\"item\":\"https:\\\/\\\/vitablanca.ma\\\/\"},{\"@type\":\"ListItem\",\"position\":2,\"name\":\"Tous Les Produits\",\"item\":\"https:\\\/\\\/vitablanca.ma\\\/tous-les-produits\\\/\"},{\"@type\":\"ListItem\",\"position\":3,\"name\":\"KEMEI \u2013KM-6333 Professional Men\u2019s 3IN1 Suit \u2013 Electric Hair Clippers\"}]},{\"@type\":\"WebSite\",\"@id\":\"https:\\\/\\\/vitablanca.ma\\\/#website\",\"url\":\"https:\\\/\\\/vitablanca.ma\\\/\",\"name\":\"VitaBlanca.ma | Compl\u00e9ments alimentaires, sant\u00e9 & beaut\u00e9 au Maroc\",\"description\":\"vendre vitamines et compl\u00e9ments premium des USA &amp; Canada, Nouvelle Z\u00e9lande,Maroc (NOW Foods, Solgar, Manuka). Livraison rapide partout au Maroc.\",\"publisher\":{\"@id\":\"https:\\\/\\\/vitablanca.ma\\\/#organization\"},\"alternateName\":\"VitaBlanca.ma\",\"potentialAction\":[{\"@type\":\"SearchAction\",\"target\":{\"@type\":\"EntryPoint\",\"urlTemplate\":\"https:\\\/\\\/vitablanca.ma\\\/?s={search_term_string}\"},\"query-input\":{\"@type\":\"PropertyValueSpecification\",\"valueRequired\":true,\"valueName\":\"search_term_string\"}}],\"inLanguage\":\"en-US\"},{\"@type\":\"Organization\",\"@id\":\"https:\\\/\\\/vitablanca.ma\\\/#organization\",\"name\":\"VitaBlanca\",\"url\":\"https:\\\/\\\/vitablanca.ma\\\/\",\"logo\":{\"@type\":\"ImageObject\",\"inLanguage\":\"en-US\",\"@id\":\"https:\\\/\\\/vitablanca.ma\\\/#\\\/schema\\\/logo\\\/image\\\/\",\"url\":\"https:\\\/\\\/vitablanca.ma\\\/wp-content\\\/uploads\\\/2025\\\/05\\\/cropped-vitablanca.png\",\"contentUrl\":\"https:\\\/\\\/vitablanca.ma\\\/wp-content\\\/uploads\\\/2025\\\/05\\\/cropped-vitablanca.png\",\"width\":360,\"height\":67,\"caption\":\"VitaBlanca\"},\"image\":{\"@id\":\"https:\\\/\\\/vitablanca.ma\\\/#\\\/schema\\\/logo\\\/image\\\/\"},\"sameAs\":[\"https:\\\/\\\/www.facebook.com\\\/profile.php?id=61576678196717\",\"https:\\\/\\\/www.tiktok.com\\\/@vitablanca.ma\",\"https:\\\/\\\/www.instagram.com\\\/vitablanca.ma\\\/\"]}]}<\/script>\n<!-- \/ Yoast SEO plugin. -->","yoast_head_json":{"title":"KEMEI \u2013KM-6333 Professional Men\u2019s 3IN1 Suit \u2013 Electric Hair Clippers - Maroc Prix","description":"KEMEI \u2013KM-6333 Professional Men\u2019s 3IN1 Suit \u2013 Electric Hair Clippers","robots":{"index":"index","follow":"follow","max-snippet":"max-snippet:-1","max-image-preview":"max-image-preview:large","max-video-preview":"max-video-preview:-1"},"canonical":"https:\/\/vitablanca.ma\/en\/product\/kemei-km-6333-professional-mens-3in1-suit-electric-hair-clippers\/","og_locale":"en_US","og_type":"article","og_title":"KEMEI \u2013KM-6333 Professional Men\u2019s 3IN1 Suit \u2013 Electric Hair Clippers - Maroc Prix","og_description":"KEMEI \u2013KM-6333 Professional Men\u2019s 3IN1 Suit \u2013 Electric Hair Clippers","og_url":"https:\/\/vitablanca.ma\/en\/product\/kemei-km-6333-professional-mens-3in1-suit-electric-hair-clippers\/","og_site_name":"Vitablanca.ma &ndash; Sant&eacute;, vitalit&eacute; et bien-&ecirc;tre pour tous les Marocains","article_publisher":"https:\/\/www.facebook.com\/profile.php?id=61576678196717","og_image":[{"width":950,"height":534,"url":"https:\/\/vitablanca.ma\/wp-content\/uploads\/2025\/06\/Magnesium_2024_1400_x787_002.jpg","type":"image\/jpeg"}],"twitter_card":"summary_large_image","twitter_misc":{"Est. reading time":"1 minute"},"schema":{"@context":"https:\/\/schema.org","@graph":[{"@type":["WebPage","ItemPage"],"@id":"https:\/\/vitablanca.ma\/produit\/kemei-km-6333-professional-mens-3in1-suit-electric-hair-clippers\/","url":"https:\/\/vitablanca.ma\/produit\/kemei-km-6333-professional-mens-3in1-suit-electric-hair-clippers\/","name":"KEMEI \u2013KM-6333 Professional Men\u2019s 3IN1 Suit \u2013 Electric Hair Clippers - Maroc Prix","isPartOf":{"@id":"https:\/\/vitablanca.ma\/#website"},"primaryImageOfPage":{"@id":"https:\/\/vitablanca.ma\/produit\/kemei-km-6333-professional-mens-3in1-suit-electric-hair-clippers\/#primaryimage"},"image":{"@id":"https:\/\/vitablanca.ma\/produit\/kemei-km-6333-professional-mens-3in1-suit-electric-hair-clippers\/#primaryimage"},"thumbnailUrl":"https:\/\/vitablanca.ma\/wp-content\/uploads\/2026\/03\/KemeiProfessionalMen_s3in1SuitElectricHairClippers.jpg","datePublished":"2026-03-04T01:40:32+00:00","description":"KEMEI \u2013KM-6333 Professional Men\u2019s 3IN1 Suit \u2013 Electric Hair Clippers","breadcrumb":{"@id":"https:\/\/vitablanca.ma\/produit\/kemei-km-6333-professional-mens-3in1-suit-electric-hair-clippers\/#breadcrumb"},"inLanguage":"en-US","potentialAction":[{"@type":"ReadAction","target":["https:\/\/vitablanca.ma\/produit\/kemei-km-6333-professional-mens-3in1-suit-electric-hair-clippers\/"]}]},{"@type":"ImageObject","inLanguage":"en-US","@id":"https:\/\/vitablanca.ma\/produit\/kemei-km-6333-professional-mens-3in1-suit-electric-hair-clippers\/#primaryimage","url":"https:\/\/vitablanca.ma\/wp-content\/uploads\/2026\/03\/KemeiProfessionalMen_s3in1SuitElectricHairClippers.jpg","contentUrl":"https:\/\/vitablanca.ma\/wp-content\/uploads\/2026\/03\/KemeiProfessionalMen_s3in1SuitElectricHairClippers.jpg","width":700,"height":696},{"@type":"BreadcrumbList","@id":"https:\/\/vitablanca.ma\/produit\/kemei-km-6333-professional-mens-3in1-suit-electric-hair-clippers\/#breadcrumb","itemListElement":[{"@type":"ListItem","position":1,"name":"Home","item":"https:\/\/vitablanca.ma\/"},{"@type":"ListItem","position":2,"name":"Tous Les Produits","item":"https:\/\/vitablanca.ma\/tous-les-produits\/"},{"@type":"ListItem","position":3,"name":"KEMEI \u2013KM-6333 Professional Men\u2019s 3IN1 Suit \u2013 Electric Hair Clippers"}]},{"@type":"WebSite","@id":"https:\/\/vitablanca.ma\/#website","url":"https:\/\/vitablanca.ma\/","name":"VitaBlanca.ma | Food supplements, health &amp; beauty in Morocco","description":"sell premium vitamins and supplements from USA &amp; Canada, New Zealand, Morocco (NOW Foods, Solgar, Manuka). Fast delivery anywhere in Morocco.","publisher":{"@id":"https:\/\/vitablanca.ma\/#organization"},"alternateName":"VitaBlanca.ma","potentialAction":[{"@type":"SearchAction","target":{"@type":"EntryPoint","urlTemplate":"https:\/\/vitablanca.ma\/?s={search_term_string}"},"query-input":{"@type":"PropertyValueSpecification","valueRequired":true,"valueName":"search_term_string"}}],"inLanguage":"en-US"},{"@type":"Organization","@id":"https:\/\/vitablanca.ma\/#organization","name":"VitaBlanca","url":"https:\/\/vitablanca.ma\/","logo":{"@type":"ImageObject","inLanguage":"en-US","@id":"https:\/\/vitablanca.ma\/#\/schema\/logo\/image\/","url":"https:\/\/vitablanca.ma\/wp-content\/uploads\/2025\/05\/cropped-vitablanca.png","contentUrl":"https:\/\/vitablanca.ma\/wp-content\/uploads\/2025\/05\/cropped-vitablanca.png","width":360,"height":67,"caption":"VitaBlanca"},"image":{"@id":"https:\/\/vitablanca.ma\/#\/schema\/logo\/image\/"},"sameAs":["https:\/\/www.facebook.com\/profile.php?id=61576678196717","https:\/\/www.tiktok.com\/@vitablanca.ma","https:\/\/www.instagram.com\/vitablanca.ma\/"]}]}},"jetpack_sharing_enabled":true,"_links":{"self":[{"href":"https:\/\/vitablanca.ma\/en\/wp-json\/wp\/v2\/product\/30975","targetHints":{"allow":["GET"]}}],"collection":[{"href":"https:\/\/vitablanca.ma\/en\/wp-json\/wp\/v2\/product"}],"about":[{"href":"https:\/\/vitablanca.ma\/en\/wp-json\/wp\/v2\/types\/product"}],"wp:featuredmedia":[{"embeddable":true,"href":"https:\/\/vitablanca.ma\/en\/wp-json\/wp\/v2\/media\/30972"}],"wp:attachment":[{"href":"https:\/\/vitablanca.ma\/en\/wp-json\/wp\/v2\/media?parent=30975"}],"wp:term":[{"taxonomy":"product_brand","embeddable":true,"href":"https:\/\/vitablanca.ma\/en\/wp-json\/wp\/v2\/product_brand?post=30975"},{"taxonomy":"product_cat","embeddable":true,"href":"https:\/\/vitablanca.ma\/en\/wp-json\/wp\/v2\/product_cat?post=30975"},{"taxonomy":"product_tag","embeddable":true,"href":"https:\/\/vitablanca.ma\/en\/wp-json\/wp\/v2\/product_tag?post=30975"}],"curies":[{"name":"wp","href":"https:\/\/api.w.org\/{rel}","templated":true}]}}