{"id":30948,"date":"2026-03-04T01:39:57","date_gmt":"2026-03-04T01:39:57","guid":{"rendered":"https:\/\/vitablanca.ma\/produit\/kemei-km-1949-tondeuse-a-cheveux-homme-de-charge-rapide-coupeur-professionnel-en-metal\/"},"modified":"2026-03-04T01:39:57","modified_gmt":"2026-03-04T01:39:57","slug":"kemei-km-1949-tondeuse-a-cheveux-homme-de-charge-rapide-coupeur-professionnel-en-metal","status":"publish","type":"product","link":"https:\/\/vitablanca.ma\/en\/product\/kemei-km-1949-tondeuse-a-cheveux-homme-de-charge-rapide-coupeur-professionnel-en-metal\/","title":{"rendered":"Kemei KM-1949 Tondeuse \u00e0 Cheveux Homme de Charge Rapide, Coupeur Professionnel en M\u00e9tal"},"content":{"rendered":"<h3>\n<span class=\"base\"><b><span style=\"font-size: 11.0pt;line-height: 107%;font-family: 'Arial','sans-serif';color: #262626\"><span style=\"color: windowtext\">Kemei KM-1949<\/span><\/span><\/b><\/span><span class=\"base\"><span style=\"font-size: 11.0pt;line-height: 107%;font-family: 'Arial','sans-serif';color: #262626\"><span style=\"color: windowtext\"> Tondeuse \u00e0 Cheveux Homme de Charge Rapide, Coupeur Professionnel en M\u00e9tal<\/span><\/span><\/span><br \/>\n<\/h3>\n<h3><strong><span style=\"font-size: 11.0pt;line-height: 107%;font-family: 'Arial','sans-serif';color: #262626\"><span style=\"color: windowtext\">Tondeuse Trimmer &#8211; Puissance de 10W &#8211; 3 peignes de guidage &#8211; T\u00eate avec lame T-Blade &#8211; Professionnelle, petite et ergonomique &#8211; Jusqu&rsquo;\u00e0 140 minutes \u2013 Dor\u00e9<\/span><\/span><\/strong><\/h3>\n<h3><span style=\"font-size: 11.0pt;line-height: 107%;font-family: 'Arial','sans-serif';color: #262626\"><span style=\"color: windowtext\">La nouvelle\u00a0<strong><span style=\"font-family: 'Arial','sans-serif'\">tondeuse Trimmer Kemei KM-1949<\/span><\/strong>\u00a0en argent, est la version\u00a0<strong><span style=\"font-family: 'Arial','sans-serif'\">70e anniversaire<\/span><\/strong>\u00a0d&rsquo;une tondeuse avec une puissance de 10W et qui poss\u00e8de 3 peignes de guidage. De plus, elle est \u00e9quip\u00e9e d&rsquo;une t\u00eate avec lame T-Blade dans un mod\u00e8le professionnel, petit et ergonomique.<\/span><\/span><\/h3>\n<h3><span style=\"font-size: 11.0pt;line-height: 107%;font-family: 'Arial','sans-serif';color: #262626\"><span style=\"color: windowtext\">3 peignes de guidage avec une puissance de 10W<\/span><\/span><\/h3>\n<h3><span style=\"font-size: 11.0pt;line-height: 107%;font-family: 'Arial','sans-serif';color: #262626\"><span style=\"color: windowtext\">There\u00a0<strong><span style=\"font-family: 'Arial','sans-serif'\">Kemei KM-1949<\/span><\/strong>\u00a0est une tondeuse avec une\u00a0<strong><span style=\"font-family: 'Arial','sans-serif'\">puissance de 10W<\/span><\/strong>, et dans sa bo\u00eete nous trouvons\u00a0<strong><span style=\"font-family: 'Arial','sans-serif'\">3 peignes de guidage<\/span><\/strong>\u00a0de 1 mm, 2 mm et 3 mm. Elle a une t\u00eate avec lame T-Blade.<\/span><\/span><\/h3>\n<h3><span style=\"font-size: 11.0pt;line-height: 107%;font-family: 'Arial','sans-serif';color: #262626\"><span style=\"color: windowtext\">Petite, ergonomique et professionnelle<\/span><\/span><\/h3>\n<p><span style=\"font-size: 11.0pt;font-family: 'Arial','sans-serif';color: #262626\">La tondeuse\u00a0<strong><span style=\"font-family: 'Arial','sans-serif'\">Kemei KM-1949<\/span><\/strong>\u00a0est petite, ergonomique et professionnelle, avec son\u00a0<strong><span style=\"font-family: 'Arial','sans-serif'\">bo\u00eetier m\u00e9tallique<\/span><\/strong>. De plus, ce mod\u00e8le a une finition plus \u00e9l\u00e9gante car c&rsquo;est une\u00a0<strong><span style=\"font-family: 'Arial','sans-serif'\">\u00e9dition 70e anniversaire<\/span><\/strong>\u00a0de la marque.\u00a0<\/span><\/p>\n<h3><span style=\"font-size: 11.0pt;line-height: 107%;font-family: 'Arial','sans-serif';color: #262626\"><span style=\"color: windowtext\">Jusqu&rsquo;\u00e0 140 minutes d&rsquo;utilisation pour l&rsquo;utiliser avec ou sans fil<\/span><\/span><\/h3>\n<p><span style=\"font-size: 11.0pt;font-family: 'Arial','sans-serif';color: #262626\">There\u00a0<strong><span style=\"font-family: 'Arial','sans-serif'\">Kemei KM-1949\u00a0<\/span><\/strong>est une tondeuse qui fonctionnera \u00e0 la fois sur batterie et sur secteur. La batterie a une capacit\u00e9 de 1400 mAh offrant un\u00a0<strong><span style=\"font-family: 'Arial','sans-serif'\">temps d&rsquo;utilisation allant jusqu&rsquo;\u00e0 140 minutes<\/span><\/strong>.<\/span><\/p>\n<h3><span style=\"font-size: 11.0pt;line-height: 107%;font-family: 'Arial','sans-serif';color: #262626\"><span style=\"color: windowtext\">Sp\u00e9cifications techniques Tondeuse Trimmer Kemei KM-1949 Argent:<\/span><\/span><\/h3>\n<ul type=\"disc\">\n<li class=\"MsoNormal\" style=\"color: black;line-height: normal\"><span style=\"font-family: 'Arial','sans-serif';color: #262626\"><span style=\"color: windowtext\">Marque\u00a0: Kemei<\/span><\/span><\/li>\n<li class=\"MsoNormal\" style=\"color: black;line-height: normal\"><span style=\"font-family: 'Arial','sans-serif';color: #262626\"><span style=\"color: windowtext\">Mod\u00e8le\u00a0: KM-1949<\/span><\/span><\/li>\n<li class=\"MsoNormal\" style=\"color: black;line-height: normal\"><span style=\"font-family: 'Arial','sans-serif';color: #262626\"><span style=\"color: windowtext\">Puissance totale\u00a0: 10\u00a0W<\/span><\/span><\/li>\n<li class=\"MsoNormal\" style=\"color: black;line-height: normal\"><span style=\"font-family: 'Arial','sans-serif';color: #262626\"><span style=\"color: windowtext\">Puissance nominale\u00a0: 5\u00a0W<\/span><\/span><\/li>\n<li class=\"MsoNormal\" style=\"color: black;line-height: normal\"><span style=\"font-family: 'Arial','sans-serif';color: #262626\"><span style=\"color: windowtext\">Caract\u00e9ristiques\u00a0: <\/span><\/span><\/li>\n<ul type=\"circle\">\n<li class=\"MsoNormal\" style=\"color: black;line-height: normal\"><span style=\"font-family: 'Arial','sans-serif';color: #262626\"><span style=\"color: windowtext\">\u00c9dition 70e anniversaire<\/span><\/span><\/li>\n<li class=\"MsoNormal\" style=\"color: black;line-height: normal\"><span style=\"font-family: 'Arial','sans-serif';color: #262626\"><span style=\"color: windowtext\">Professionnel, petit et ergonomique<\/span><\/span><\/li>\n<li class=\"MsoNormal\" style=\"color: black;line-height: normal\"><span style=\"font-family: 'Arial','sans-serif';color: #262626\"><span style=\"color: windowtext\">Bo\u00eetier m\u00e9tallique<\/span><\/span><\/li>\n<li class=\"MsoNormal\" style=\"color: black;line-height: normal\"><span style=\"font-family: 'Arial','sans-serif';color: #262626\"><span style=\"color: windowtext\">3 peignes de guidage\u00a0: 1\u00a0mm\/2\u00a0mm\/3\u00a0mm<\/span><\/span><\/li>\n<li class=\"MsoNormal\" style=\"color: black;line-height: normal\"><span style=\"font-family: 'Arial','sans-serif';color: #262626\"><span style=\"color: windowtext\">Lame en T<\/span><\/span><\/li>\n<\/ul>\n<li class=\"MsoNormal\" style=\"color: black;line-height: normal\"><b><span style=\"font-family: 'Arial','sans-serif';color: #262626\"><span style=\"color: windowtext\">Batterie\u00a0: <\/span><\/span><\/b><\/li>\n<ul type=\"circle\">\n<li class=\"MsoNormal\" style=\"color: black;line-height: normal\"><span style=\"font-family: 'Arial','sans-serif';color: #262626\"><span style=\"color: windowtext\">Capacit\u00e9\u00a0: 1\u00a0400\u00a0mAh<\/span><\/span><\/li>\n<li class=\"MsoNormal\" style=\"color: black;line-height: normal\"><span style=\"font-family: 'Arial','sans-serif';color: #262626\"><span style=\"color: windowtext\">Dur\u00e9e d&rsquo;utilisation\u00a0: jusqu&rsquo;\u00e0 140\u00a0minutes<\/span><\/span><\/li>\n<li class=\"MsoNormal\" style=\"color: black;line-height: normal\"><span style=\"font-family: 'Arial','sans-serif';color: #262626\"><span style=\"color: windowtext\">Temps de charge\u00a0: 2,5\u00a0heures<\/span><\/span><\/li>\n<li class=\"MsoNormal\" style=\"color: black;line-height: normal\"><span style=\"font-family: 'Arial','sans-serif';color: #262626\"><span style=\"color: windowtext\">Tension\u00a0: 110-240\u00a0V, 50-60\u00a0Hz<\/span><\/span><\/li>\n<\/ul>\n<li class=\"MsoNormal\" style=\"color: black;line-height: normal\">\n<b><span style=\"font-family: 'Arial','sans-serif';color: #262626\"><span style=\"color: windowtext\">Couleur :<\/span><\/span><\/b><span style=\"font-family: 'Arial','sans-serif';color: #262626\"><span style=\"color: windowtext\"> Argent<\/span><\/span>\n<\/li>\n<\/ul>\n<h3><b><span style=\"font-size: 11.0pt;line-height: 107%;font-family: 'Arial','sans-serif';color: #262626\"><span style=\"color: windowtext\">Contenu de la bo\u00eete\u00a0:<\/span><\/span><\/b><\/h3>\n<ul type=\"disc\">\n<li class=\"MsoNormal\" style=\"color: black;line-height: normal\"><span style=\"font-family: 'Arial','sans-serif';color: #262626\"><span style=\"color: windowtext\">1 x Tondeuse Trimmer Kemei KM-1949 Argent<\/span><\/span><\/li>\n<li class=\"MsoNormal\" style=\"color: black;line-height: normal\"><span style=\"font-family: 'Arial','sans-serif';color: #262626\"><span style=\"color: windowtext\">3 x peignent de guidage<\/span><\/span><\/li>\n<li class=\"MsoNormal\" style=\"color: black;line-height: normal\"><span style=\"font-family: 'Arial','sans-serif';color: #262626\"><span style=\"color: windowtext\">1\u00a0lame en T<\/span><\/span><\/li>\n<li class=\"MsoNormal\" style=\"color: black;line-height: normal\"><span style=\"font-family: 'Arial','sans-serif';color: #262626\"><span style=\"color: windowtext\">1 x brosse de nettoyage<\/span><\/span><\/li>\n<li class=\"MsoNormal\" style=\"color: black;line-height: normal\"><span style=\"font-family: 'Arial','sans-serif';color: #262626\"><span style=\"color: windowtext\">1 x Huile<\/span><\/span><\/li>\n<li class=\"MsoNormal\" style=\"color: black;line-height: normal\"><span style=\"font-family: 'Arial','sans-serif';color: #262626\"><span style=\"color: windowtext\">1\u00a0manuel d&rsquo;utilisation<\/span><\/span><\/li>\n<\/ul>","protected":false},"excerpt":{"rendered":"<p>Kemei KM-1949 Tondeuse \u00e0 Cheveux Homme de Charge Rapide, Coupeur Professionnel en M\u00e9tal Tondeuse Trimmer &#8211; Puissance de 10W &#8211; 3 peignes de guidage &#8211; T\u00eate avec lame T-Blade &#8211; Professionnelle, petite et ergonomique &#8211; Jusqu&rsquo;\u00e0 140 minutes \u2013 Dor\u00e9 La nouvelle\u00a0tondeuse Trimmer Kemei KM-1949\u00a0en argent, est la version\u00a070e anniversaire\u00a0d&rsquo;une tondeuse avec une puissance de [&hellip;]<\/p>\n","protected":false},"featured_media":30943,"template":"","meta":{"om_disable_all_campaigns":false},"product_brand":[],"product_cat":[15],"product_tag":[],"class_list":{"0":"post-30948","1":"product","2":"type-product","3":"status-publish","4":"has-post-thumbnail","6":"product_cat-beaute-sante-complements-alimentaires-soins-et-bien-etre-au-meilleur-prix","8":"first","9":"instock","10":"taxable","11":"shipping-taxable","12":"purchasable","13":"product-type-simple"},"yoast_head":"<!-- This site is optimized with the Yoast SEO plugin v27.3 - https:\/\/yoast.com\/product\/yoast-seo-wordpress\/ -->\n<title>Kemei KM-1949 Tondeuse \u00e0 Cheveux Homme de Charge Rapide, Coupeur Professionnel en M\u00e9tal - Maroc Prix<\/title>\n<meta name=\"description\" content=\"Kemei KM-1949 Tondeuse \u00e0 Cheveux Homme de Charge Rapide, Coupeur Professionnel en M\u00e9tal\" \/>\n<meta name=\"robots\" content=\"index, follow, max-snippet:-1, max-image-preview:large, max-video-preview:-1\" \/>\n<link rel=\"canonical\" href=\"https:\/\/vitablanca.ma\/en\/product\/kemei-km-1949-tondeuse-a-cheveux-homme-de-charge-rapide-coupeur-professionnel-en-metal\/\" \/>\n<meta property=\"og:locale\" content=\"en_US\" \/>\n<meta property=\"og:type\" content=\"article\" \/>\n<meta property=\"og:title\" content=\"Kemei KM-1949 Tondeuse \u00e0 Cheveux Homme de Charge Rapide, Coupeur Professionnel en M\u00e9tal - Maroc Prix\" \/>\n<meta property=\"og:description\" content=\"Kemei KM-1949 Tondeuse \u00e0 Cheveux Homme de Charge Rapide, Coupeur Professionnel en M\u00e9tal\" \/>\n<meta property=\"og:url\" content=\"https:\/\/vitablanca.ma\/en\/product\/kemei-km-1949-tondeuse-a-cheveux-homme-de-charge-rapide-coupeur-professionnel-en-metal\/\" \/>\n<meta property=\"og:site_name\" content=\"Vitablanca.ma &ndash; Sant&eacute;, vitalit&eacute; et bien-&ecirc;tre pour tous les Marocains\" \/>\n<meta property=\"article:publisher\" content=\"https:\/\/www.facebook.com\/profile.php?id=61576678196717\" \/>\n<meta property=\"og:image\" content=\"https:\/\/vitablanca.ma\/wp-content\/uploads\/2025\/06\/Magnesium_2024_1400_x787_002.jpg\" \/>\n\t<meta property=\"og:image:width\" content=\"950\" \/>\n\t<meta property=\"og:image:height\" content=\"534\" \/>\n\t<meta property=\"og:image:type\" content=\"image\/jpeg\" \/>\n<meta name=\"twitter:card\" content=\"summary_large_image\" \/>\n<meta name=\"twitter:label1\" content=\"Est. reading time\" \/>\n\t<meta name=\"twitter:data1\" content=\"1 minute\" \/>\n<script type=\"application\/ld+json\" class=\"yoast-schema-graph\">{\"@context\":\"https:\\\/\\\/schema.org\",\"@graph\":[{\"@type\":[\"WebPage\",\"ItemPage\"],\"@id\":\"https:\\\/\\\/vitablanca.ma\\\/produit\\\/kemei-km-1949-tondeuse-a-cheveux-homme-de-charge-rapide-coupeur-professionnel-en-metal\\\/\",\"url\":\"https:\\\/\\\/vitablanca.ma\\\/produit\\\/kemei-km-1949-tondeuse-a-cheveux-homme-de-charge-rapide-coupeur-professionnel-en-metal\\\/\",\"name\":\"Kemei KM-1949 Tondeuse \u00e0 Cheveux Homme de Charge Rapide, Coupeur Professionnel en M\u00e9tal - Maroc Prix\",\"isPartOf\":{\"@id\":\"https:\\\/\\\/vitablanca.ma\\\/#website\"},\"primaryImageOfPage\":{\"@id\":\"https:\\\/\\\/vitablanca.ma\\\/produit\\\/kemei-km-1949-tondeuse-a-cheveux-homme-de-charge-rapide-coupeur-professionnel-en-metal\\\/#primaryimage\"},\"image\":{\"@id\":\"https:\\\/\\\/vitablanca.ma\\\/produit\\\/kemei-km-1949-tondeuse-a-cheveux-homme-de-charge-rapide-coupeur-professionnel-en-metal\\\/#primaryimage\"},\"thumbnailUrl\":\"https:\\\/\\\/vitablanca.ma\\\/wp-content\\\/uploads\\\/2026\\\/03\\\/pdt2_6_8_5_1_700x700_AAABM70685_16.jpg\",\"datePublished\":\"2026-03-04T01:39:57+00:00\",\"description\":\"Kemei KM-1949 Tondeuse \u00e0 Cheveux Homme de Charge Rapide, Coupeur Professionnel en M\u00e9tal\",\"breadcrumb\":{\"@id\":\"https:\\\/\\\/vitablanca.ma\\\/produit\\\/kemei-km-1949-tondeuse-a-cheveux-homme-de-charge-rapide-coupeur-professionnel-en-metal\\\/#breadcrumb\"},\"inLanguage\":\"en-US\",\"potentialAction\":[{\"@type\":\"ReadAction\",\"target\":[\"https:\\\/\\\/vitablanca.ma\\\/produit\\\/kemei-km-1949-tondeuse-a-cheveux-homme-de-charge-rapide-coupeur-professionnel-en-metal\\\/\"]}]},{\"@type\":\"ImageObject\",\"inLanguage\":\"en-US\",\"@id\":\"https:\\\/\\\/vitablanca.ma\\\/produit\\\/kemei-km-1949-tondeuse-a-cheveux-homme-de-charge-rapide-coupeur-professionnel-en-metal\\\/#primaryimage\",\"url\":\"https:\\\/\\\/vitablanca.ma\\\/wp-content\\\/uploads\\\/2026\\\/03\\\/pdt2_6_8_5_1_700x700_AAABM70685_16.jpg\",\"contentUrl\":\"https:\\\/\\\/vitablanca.ma\\\/wp-content\\\/uploads\\\/2026\\\/03\\\/pdt2_6_8_5_1_700x700_AAABM70685_16.jpg\",\"width\":700,\"height\":700},{\"@type\":\"BreadcrumbList\",\"@id\":\"https:\\\/\\\/vitablanca.ma\\\/produit\\\/kemei-km-1949-tondeuse-a-cheveux-homme-de-charge-rapide-coupeur-professionnel-en-metal\\\/#breadcrumb\",\"itemListElement\":[{\"@type\":\"ListItem\",\"position\":1,\"name\":\"Home\",\"item\":\"https:\\\/\\\/vitablanca.ma\\\/\"},{\"@type\":\"ListItem\",\"position\":2,\"name\":\"Tous Les Produits\",\"item\":\"https:\\\/\\\/vitablanca.ma\\\/tous-les-produits\\\/\"},{\"@type\":\"ListItem\",\"position\":3,\"name\":\"Kemei KM-1949 Tondeuse \u00e0 Cheveux Homme de Charge Rapide, Coupeur Professionnel en M\u00e9tal\"}]},{\"@type\":\"WebSite\",\"@id\":\"https:\\\/\\\/vitablanca.ma\\\/#website\",\"url\":\"https:\\\/\\\/vitablanca.ma\\\/\",\"name\":\"VitaBlanca.ma | Compl\u00e9ments alimentaires, sant\u00e9 & beaut\u00e9 au Maroc\",\"description\":\"vendre vitamines et compl\u00e9ments premium des USA &amp; Canada, Nouvelle Z\u00e9lande,Maroc (NOW Foods, Solgar, Manuka). Livraison rapide partout au Maroc.\",\"publisher\":{\"@id\":\"https:\\\/\\\/vitablanca.ma\\\/#organization\"},\"alternateName\":\"VitaBlanca.ma\",\"potentialAction\":[{\"@type\":\"SearchAction\",\"target\":{\"@type\":\"EntryPoint\",\"urlTemplate\":\"https:\\\/\\\/vitablanca.ma\\\/?s={search_term_string}\"},\"query-input\":{\"@type\":\"PropertyValueSpecification\",\"valueRequired\":true,\"valueName\":\"search_term_string\"}}],\"inLanguage\":\"en-US\"},{\"@type\":\"Organization\",\"@id\":\"https:\\\/\\\/vitablanca.ma\\\/#organization\",\"name\":\"VitaBlanca\",\"url\":\"https:\\\/\\\/vitablanca.ma\\\/\",\"logo\":{\"@type\":\"ImageObject\",\"inLanguage\":\"en-US\",\"@id\":\"https:\\\/\\\/vitablanca.ma\\\/#\\\/schema\\\/logo\\\/image\\\/\",\"url\":\"https:\\\/\\\/vitablanca.ma\\\/wp-content\\\/uploads\\\/2025\\\/05\\\/cropped-vitablanca.png\",\"contentUrl\":\"https:\\\/\\\/vitablanca.ma\\\/wp-content\\\/uploads\\\/2025\\\/05\\\/cropped-vitablanca.png\",\"width\":360,\"height\":67,\"caption\":\"VitaBlanca\"},\"image\":{\"@id\":\"https:\\\/\\\/vitablanca.ma\\\/#\\\/schema\\\/logo\\\/image\\\/\"},\"sameAs\":[\"https:\\\/\\\/www.facebook.com\\\/profile.php?id=61576678196717\",\"https:\\\/\\\/www.tiktok.com\\\/@vitablanca.ma\",\"https:\\\/\\\/www.instagram.com\\\/vitablanca.ma\\\/\"]}]}<\/script>\n<!-- \/ Yoast SEO plugin. -->","yoast_head_json":{"title":"Kemei KM-1949 Tondeuse \u00e0 Cheveux Homme de Charge Rapide, Coupeur Professionnel en M\u00e9tal - Maroc Prix","description":"Kemei KM-1949 Tondeuse \u00e0 Cheveux Homme de Charge Rapide, Coupeur Professionnel en M\u00e9tal","robots":{"index":"index","follow":"follow","max-snippet":"max-snippet:-1","max-image-preview":"max-image-preview:large","max-video-preview":"max-video-preview:-1"},"canonical":"https:\/\/vitablanca.ma\/en\/product\/kemei-km-1949-tondeuse-a-cheveux-homme-de-charge-rapide-coupeur-professionnel-en-metal\/","og_locale":"en_US","og_type":"article","og_title":"Kemei KM-1949 Tondeuse \u00e0 Cheveux Homme de Charge Rapide, Coupeur Professionnel en M\u00e9tal - Maroc Prix","og_description":"Kemei KM-1949 Tondeuse \u00e0 Cheveux Homme de Charge Rapide, Coupeur Professionnel en M\u00e9tal","og_url":"https:\/\/vitablanca.ma\/en\/product\/kemei-km-1949-tondeuse-a-cheveux-homme-de-charge-rapide-coupeur-professionnel-en-metal\/","og_site_name":"Vitablanca.ma &ndash; Sant&eacute;, vitalit&eacute; et bien-&ecirc;tre pour tous les Marocains","article_publisher":"https:\/\/www.facebook.com\/profile.php?id=61576678196717","og_image":[{"width":950,"height":534,"url":"https:\/\/vitablanca.ma\/wp-content\/uploads\/2025\/06\/Magnesium_2024_1400_x787_002.jpg","type":"image\/jpeg"}],"twitter_card":"summary_large_image","twitter_misc":{"Est. reading time":"1 minute"},"schema":{"@context":"https:\/\/schema.org","@graph":[{"@type":["WebPage","ItemPage"],"@id":"https:\/\/vitablanca.ma\/produit\/kemei-km-1949-tondeuse-a-cheveux-homme-de-charge-rapide-coupeur-professionnel-en-metal\/","url":"https:\/\/vitablanca.ma\/produit\/kemei-km-1949-tondeuse-a-cheveux-homme-de-charge-rapide-coupeur-professionnel-en-metal\/","name":"Kemei KM-1949 Tondeuse \u00e0 Cheveux Homme de Charge Rapide, Coupeur Professionnel en M\u00e9tal - Maroc Prix","isPartOf":{"@id":"https:\/\/vitablanca.ma\/#website"},"primaryImageOfPage":{"@id":"https:\/\/vitablanca.ma\/produit\/kemei-km-1949-tondeuse-a-cheveux-homme-de-charge-rapide-coupeur-professionnel-en-metal\/#primaryimage"},"image":{"@id":"https:\/\/vitablanca.ma\/produit\/kemei-km-1949-tondeuse-a-cheveux-homme-de-charge-rapide-coupeur-professionnel-en-metal\/#primaryimage"},"thumbnailUrl":"https:\/\/vitablanca.ma\/wp-content\/uploads\/2026\/03\/pdt2_6_8_5_1_700x700_AAABM70685_16.jpg","datePublished":"2026-03-04T01:39:57+00:00","description":"Kemei KM-1949 Tondeuse \u00e0 Cheveux Homme de Charge Rapide, Coupeur Professionnel en M\u00e9tal","breadcrumb":{"@id":"https:\/\/vitablanca.ma\/produit\/kemei-km-1949-tondeuse-a-cheveux-homme-de-charge-rapide-coupeur-professionnel-en-metal\/#breadcrumb"},"inLanguage":"en-US","potentialAction":[{"@type":"ReadAction","target":["https:\/\/vitablanca.ma\/produit\/kemei-km-1949-tondeuse-a-cheveux-homme-de-charge-rapide-coupeur-professionnel-en-metal\/"]}]},{"@type":"ImageObject","inLanguage":"en-US","@id":"https:\/\/vitablanca.ma\/produit\/kemei-km-1949-tondeuse-a-cheveux-homme-de-charge-rapide-coupeur-professionnel-en-metal\/#primaryimage","url":"https:\/\/vitablanca.ma\/wp-content\/uploads\/2026\/03\/pdt2_6_8_5_1_700x700_AAABM70685_16.jpg","contentUrl":"https:\/\/vitablanca.ma\/wp-content\/uploads\/2026\/03\/pdt2_6_8_5_1_700x700_AAABM70685_16.jpg","width":700,"height":700},{"@type":"BreadcrumbList","@id":"https:\/\/vitablanca.ma\/produit\/kemei-km-1949-tondeuse-a-cheveux-homme-de-charge-rapide-coupeur-professionnel-en-metal\/#breadcrumb","itemListElement":[{"@type":"ListItem","position":1,"name":"Home","item":"https:\/\/vitablanca.ma\/"},{"@type":"ListItem","position":2,"name":"Tous Les Produits","item":"https:\/\/vitablanca.ma\/tous-les-produits\/"},{"@type":"ListItem","position":3,"name":"Kemei KM-1949 Tondeuse \u00e0 Cheveux Homme de Charge Rapide, Coupeur Professionnel en M\u00e9tal"}]},{"@type":"WebSite","@id":"https:\/\/vitablanca.ma\/#website","url":"https:\/\/vitablanca.ma\/","name":"VitaBlanca.ma | Food supplements, health &amp; beauty in Morocco","description":"sell premium vitamins and supplements from USA &amp; Canada, New Zealand, Morocco (NOW Foods, Solgar, Manuka). Fast delivery anywhere in Morocco.","publisher":{"@id":"https:\/\/vitablanca.ma\/#organization"},"alternateName":"VitaBlanca.ma","potentialAction":[{"@type":"SearchAction","target":{"@type":"EntryPoint","urlTemplate":"https:\/\/vitablanca.ma\/?s={search_term_string}"},"query-input":{"@type":"PropertyValueSpecification","valueRequired":true,"valueName":"search_term_string"}}],"inLanguage":"en-US"},{"@type":"Organization","@id":"https:\/\/vitablanca.ma\/#organization","name":"VitaBlanca","url":"https:\/\/vitablanca.ma\/","logo":{"@type":"ImageObject","inLanguage":"en-US","@id":"https:\/\/vitablanca.ma\/#\/schema\/logo\/image\/","url":"https:\/\/vitablanca.ma\/wp-content\/uploads\/2025\/05\/cropped-vitablanca.png","contentUrl":"https:\/\/vitablanca.ma\/wp-content\/uploads\/2025\/05\/cropped-vitablanca.png","width":360,"height":67,"caption":"VitaBlanca"},"image":{"@id":"https:\/\/vitablanca.ma\/#\/schema\/logo\/image\/"},"sameAs":["https:\/\/www.facebook.com\/profile.php?id=61576678196717","https:\/\/www.tiktok.com\/@vitablanca.ma","https:\/\/www.instagram.com\/vitablanca.ma\/"]}]}},"jetpack_sharing_enabled":true,"_links":{"self":[{"href":"https:\/\/vitablanca.ma\/en\/wp-json\/wp\/v2\/product\/30948","targetHints":{"allow":["GET"]}}],"collection":[{"href":"https:\/\/vitablanca.ma\/en\/wp-json\/wp\/v2\/product"}],"about":[{"href":"https:\/\/vitablanca.ma\/en\/wp-json\/wp\/v2\/types\/product"}],"wp:featuredmedia":[{"embeddable":true,"href":"https:\/\/vitablanca.ma\/en\/wp-json\/wp\/v2\/media\/30943"}],"wp:attachment":[{"href":"https:\/\/vitablanca.ma\/en\/wp-json\/wp\/v2\/media?parent=30948"}],"wp:term":[{"taxonomy":"product_brand","embeddable":true,"href":"https:\/\/vitablanca.ma\/en\/wp-json\/wp\/v2\/product_brand?post=30948"},{"taxonomy":"product_cat","embeddable":true,"href":"https:\/\/vitablanca.ma\/en\/wp-json\/wp\/v2\/product_cat?post=30948"},{"taxonomy":"product_tag","embeddable":true,"href":"https:\/\/vitablanca.ma\/en\/wp-json\/wp\/v2\/product_tag?post=30948"}],"curies":[{"name":"wp","href":"https:\/\/api.w.org\/{rel}","templated":true}]}}