{"id":30934,"date":"2026-03-04T01:39:41","date_gmt":"2026-03-04T01:39:41","guid":{"rendered":"https:\/\/vitablanca.ma\/produit\/kemei-km-3628-rasoir-electrique-multifonction-indolore-rechargeable-usb-tetes-interchangeables\/"},"modified":"2026-03-04T01:39:41","modified_gmt":"2026-03-04T01:39:41","slug":"kemei-km-3628-rasoir-electrique-multifonction-indolore-rechargeable-usb-tetes-interchangeables","status":"publish","type":"product","link":"https:\/\/vitablanca.ma\/en\/product\/kemei-km-3628-rasoir-electrique-multifonction-indolore-rechargeable-usb-tetes-interchangeables\/","title":{"rendered":"Kemei KM-3628 Rasoir \u00c9lectrique Multifonction Indolore Rechargeable USB, T\u00eates Interchangeables"},"content":{"rendered":"<p data-end=\"545\" data-start=\"214\">Prenez soin de vous avec efficacit\u00e9 gr\u00e2ce \u00e0 cette<span>\u00a0<\/span><strong data-end=\"308\" data-start=\"264\">tondeuse multifonction 5-en-1 pour femme<\/strong><span>\u00a0<\/span>! Dot\u00e9e de 5 t\u00eates interchangeables, elle permet un rasage pr\u00e9cis et confortable sur toutes les zones du corps : jambes, aisselles, maillot, visage, sourcils et m\u00eame nez. Rechargeable par USB, elle s\u2019utilise sans fil, o\u00f9 que vous soyez.<\/p>\n<ul>\n<li>Polyvalence 5 en 1 : \u00e9pilation, rasage, tondeuse visage, sourcils, nez\/oreilles.<\/li>\n<li>Indolore et respectueux des peaux sensibles.<\/li>\n<li>Rechargeable via USB, autonomie jusqu\u2019\u00e0 60 minutes.<\/li>\n<li>Design ergonomique et compact, id\u00e9al pour les voyages.<\/li>\n<li>T\u00eates amovibles et lavables pour un entretien facile.<\/li>\n<\/ul>","protected":false},"excerpt":{"rendered":"<p>Prenez soin de vous avec efficacit\u00e9 gr\u00e2ce \u00e0 cette\u00a0tondeuse multifonction 5-en-1 pour femme\u00a0! Dot\u00e9e de 5 t\u00eates interchangeables, elle permet un rasage pr\u00e9cis et confortable sur toutes les zones du corps : jambes, aisselles, maillot, visage, sourcils et m\u00eame nez. Rechargeable par USB, elle s\u2019utilise sans fil, o\u00f9 que vous soyez. Polyvalence 5 en 1 [&hellip;]<\/p>\n","protected":false},"featured_media":30926,"template":"","meta":{"om_disable_all_campaigns":false},"product_brand":[],"product_cat":[15],"product_tag":[],"class_list":{"0":"post-30934","1":"product","2":"type-product","3":"status-publish","4":"has-post-thumbnail","6":"product_cat-beaute-sante-complements-alimentaires-soins-et-bien-etre-au-meilleur-prix","8":"first","9":"instock","10":"taxable","11":"shipping-taxable","12":"purchasable","13":"product-type-simple"},"yoast_head":"<!-- This site is optimized with the Yoast SEO plugin v27.3 - https:\/\/yoast.com\/product\/yoast-seo-wordpress\/ -->\n<title>Kemei KM-3628 Rasoir \u00c9lectrique Multifonction Indolore Rechargeable USB, T\u00eates Interchangeables - Maroc Prix<\/title>\n<meta name=\"description\" content=\"Kemei KM-3628 Rasoir \u00c9lectrique Multifonction Indolore Rechargeable USB, T\u00eates Interchangeables\" \/>\n<meta name=\"robots\" content=\"index, follow, max-snippet:-1, max-image-preview:large, max-video-preview:-1\" \/>\n<link rel=\"canonical\" href=\"https:\/\/vitablanca.ma\/en\/product\/kemei-km-3628-rasoir-electrique-multifonction-indolore-rechargeable-usb-tetes-interchangeables\/\" \/>\n<meta property=\"og:locale\" content=\"en_US\" \/>\n<meta property=\"og:type\" content=\"article\" \/>\n<meta property=\"og:title\" content=\"Kemei KM-3628 Rasoir \u00c9lectrique Multifonction Indolore Rechargeable USB, T\u00eates Interchangeables - Maroc Prix\" \/>\n<meta property=\"og:description\" content=\"Kemei KM-3628 Rasoir \u00c9lectrique Multifonction Indolore Rechargeable USB, T\u00eates Interchangeables\" \/>\n<meta property=\"og:url\" content=\"https:\/\/vitablanca.ma\/en\/product\/kemei-km-3628-rasoir-electrique-multifonction-indolore-rechargeable-usb-tetes-interchangeables\/\" \/>\n<meta property=\"og:site_name\" content=\"Vitablanca.ma &ndash; Sant&eacute;, vitalit&eacute; et bien-&ecirc;tre pour tous les Marocains\" \/>\n<meta property=\"article:publisher\" content=\"https:\/\/www.facebook.com\/profile.php?id=61576678196717\" \/>\n<meta property=\"og:image\" content=\"https:\/\/vitablanca.ma\/wp-content\/uploads\/2025\/06\/Magnesium_2024_1400_x787_002.jpg\" \/>\n\t<meta property=\"og:image:width\" content=\"950\" \/>\n\t<meta property=\"og:image:height\" content=\"534\" \/>\n\t<meta property=\"og:image:type\" content=\"image\/jpeg\" \/>\n<meta name=\"twitter:card\" content=\"summary_large_image\" \/>\n<script type=\"application\/ld+json\" class=\"yoast-schema-graph\">{\"@context\":\"https:\\\/\\\/schema.org\",\"@graph\":[{\"@type\":[\"WebPage\",\"ItemPage\"],\"@id\":\"https:\\\/\\\/vitablanca.ma\\\/produit\\\/kemei-km-3628-rasoir-electrique-multifonction-indolore-rechargeable-usb-tetes-interchangeables\\\/\",\"url\":\"https:\\\/\\\/vitablanca.ma\\\/produit\\\/kemei-km-3628-rasoir-electrique-multifonction-indolore-rechargeable-usb-tetes-interchangeables\\\/\",\"name\":\"Kemei KM-3628 Rasoir \u00c9lectrique Multifonction Indolore Rechargeable USB, T\u00eates Interchangeables - Maroc Prix\",\"isPartOf\":{\"@id\":\"https:\\\/\\\/vitablanca.ma\\\/#website\"},\"primaryImageOfPage\":{\"@id\":\"https:\\\/\\\/vitablanca.ma\\\/produit\\\/kemei-km-3628-rasoir-electrique-multifonction-indolore-rechargeable-usb-tetes-interchangeables\\\/#primaryimage\"},\"image\":{\"@id\":\"https:\\\/\\\/vitablanca.ma\\\/produit\\\/kemei-km-3628-rasoir-electrique-multifonction-indolore-rechargeable-usb-tetes-interchangeables\\\/#primaryimage\"},\"thumbnailUrl\":\"https:\\\/\\\/vitablanca.ma\\\/wp-content\\\/uploads\\\/2026\\\/03\\\/KemeiKM-36283.jpg\",\"datePublished\":\"2026-03-04T01:39:41+00:00\",\"description\":\"Kemei KM-3628 Rasoir \u00c9lectrique Multifonction Indolore Rechargeable USB, T\u00eates Interchangeables\",\"breadcrumb\":{\"@id\":\"https:\\\/\\\/vitablanca.ma\\\/produit\\\/kemei-km-3628-rasoir-electrique-multifonction-indolore-rechargeable-usb-tetes-interchangeables\\\/#breadcrumb\"},\"inLanguage\":\"en-US\",\"potentialAction\":[{\"@type\":\"ReadAction\",\"target\":[\"https:\\\/\\\/vitablanca.ma\\\/produit\\\/kemei-km-3628-rasoir-electrique-multifonction-indolore-rechargeable-usb-tetes-interchangeables\\\/\"]}]},{\"@type\":\"ImageObject\",\"inLanguage\":\"en-US\",\"@id\":\"https:\\\/\\\/vitablanca.ma\\\/produit\\\/kemei-km-3628-rasoir-electrique-multifonction-indolore-rechargeable-usb-tetes-interchangeables\\\/#primaryimage\",\"url\":\"https:\\\/\\\/vitablanca.ma\\\/wp-content\\\/uploads\\\/2026\\\/03\\\/KemeiKM-36283.jpg\",\"contentUrl\":\"https:\\\/\\\/vitablanca.ma\\\/wp-content\\\/uploads\\\/2026\\\/03\\\/KemeiKM-36283.jpg\",\"width\":1080,\"height\":1080},{\"@type\":\"BreadcrumbList\",\"@id\":\"https:\\\/\\\/vitablanca.ma\\\/produit\\\/kemei-km-3628-rasoir-electrique-multifonction-indolore-rechargeable-usb-tetes-interchangeables\\\/#breadcrumb\",\"itemListElement\":[{\"@type\":\"ListItem\",\"position\":1,\"name\":\"Home\",\"item\":\"https:\\\/\\\/vitablanca.ma\\\/\"},{\"@type\":\"ListItem\",\"position\":2,\"name\":\"Tous Les Produits\",\"item\":\"https:\\\/\\\/vitablanca.ma\\\/tous-les-produits\\\/\"},{\"@type\":\"ListItem\",\"position\":3,\"name\":\"Kemei KM-3628 Rasoir \u00c9lectrique Multifonction Indolore Rechargeable USB, T\u00eates Interchangeables\"}]},{\"@type\":\"WebSite\",\"@id\":\"https:\\\/\\\/vitablanca.ma\\\/#website\",\"url\":\"https:\\\/\\\/vitablanca.ma\\\/\",\"name\":\"VitaBlanca.ma | Compl\u00e9ments alimentaires, sant\u00e9 & beaut\u00e9 au Maroc\",\"description\":\"vendre vitamines et compl\u00e9ments premium des USA &amp; Canada, Nouvelle Z\u00e9lande,Maroc (NOW Foods, Solgar, Manuka). Livraison rapide partout au Maroc.\",\"publisher\":{\"@id\":\"https:\\\/\\\/vitablanca.ma\\\/#organization\"},\"alternateName\":\"VitaBlanca.ma\",\"potentialAction\":[{\"@type\":\"SearchAction\",\"target\":{\"@type\":\"EntryPoint\",\"urlTemplate\":\"https:\\\/\\\/vitablanca.ma\\\/?s={search_term_string}\"},\"query-input\":{\"@type\":\"PropertyValueSpecification\",\"valueRequired\":true,\"valueName\":\"search_term_string\"}}],\"inLanguage\":\"en-US\"},{\"@type\":\"Organization\",\"@id\":\"https:\\\/\\\/vitablanca.ma\\\/#organization\",\"name\":\"VitaBlanca\",\"url\":\"https:\\\/\\\/vitablanca.ma\\\/\",\"logo\":{\"@type\":\"ImageObject\",\"inLanguage\":\"en-US\",\"@id\":\"https:\\\/\\\/vitablanca.ma\\\/#\\\/schema\\\/logo\\\/image\\\/\",\"url\":\"https:\\\/\\\/vitablanca.ma\\\/wp-content\\\/uploads\\\/2025\\\/05\\\/cropped-vitablanca.png\",\"contentUrl\":\"https:\\\/\\\/vitablanca.ma\\\/wp-content\\\/uploads\\\/2025\\\/05\\\/cropped-vitablanca.png\",\"width\":360,\"height\":67,\"caption\":\"VitaBlanca\"},\"image\":{\"@id\":\"https:\\\/\\\/vitablanca.ma\\\/#\\\/schema\\\/logo\\\/image\\\/\"},\"sameAs\":[\"https:\\\/\\\/www.facebook.com\\\/profile.php?id=61576678196717\",\"https:\\\/\\\/www.tiktok.com\\\/@vitablanca.ma\",\"https:\\\/\\\/www.instagram.com\\\/vitablanca.ma\\\/\"]}]}<\/script>\n<!-- \/ Yoast SEO plugin. -->","yoast_head_json":{"title":"Kemei KM-3628 Rasoir \u00c9lectrique Multifonction Indolore Rechargeable USB, T\u00eates Interchangeables - Maroc Prix","description":"Kemei KM-3628 Rasoir \u00c9lectrique Multifonction Indolore Rechargeable USB, T\u00eates Interchangeables","robots":{"index":"index","follow":"follow","max-snippet":"max-snippet:-1","max-image-preview":"max-image-preview:large","max-video-preview":"max-video-preview:-1"},"canonical":"https:\/\/vitablanca.ma\/en\/product\/kemei-km-3628-rasoir-electrique-multifonction-indolore-rechargeable-usb-tetes-interchangeables\/","og_locale":"en_US","og_type":"article","og_title":"Kemei KM-3628 Rasoir \u00c9lectrique Multifonction Indolore Rechargeable USB, T\u00eates Interchangeables - Maroc Prix","og_description":"Kemei KM-3628 Rasoir \u00c9lectrique Multifonction Indolore Rechargeable USB, T\u00eates Interchangeables","og_url":"https:\/\/vitablanca.ma\/en\/product\/kemei-km-3628-rasoir-electrique-multifonction-indolore-rechargeable-usb-tetes-interchangeables\/","og_site_name":"Vitablanca.ma &ndash; Sant&eacute;, vitalit&eacute; et bien-&ecirc;tre pour tous les Marocains","article_publisher":"https:\/\/www.facebook.com\/profile.php?id=61576678196717","og_image":[{"width":950,"height":534,"url":"https:\/\/vitablanca.ma\/wp-content\/uploads\/2025\/06\/Magnesium_2024_1400_x787_002.jpg","type":"image\/jpeg"}],"twitter_card":"summary_large_image","schema":{"@context":"https:\/\/schema.org","@graph":[{"@type":["WebPage","ItemPage"],"@id":"https:\/\/vitablanca.ma\/produit\/kemei-km-3628-rasoir-electrique-multifonction-indolore-rechargeable-usb-tetes-interchangeables\/","url":"https:\/\/vitablanca.ma\/produit\/kemei-km-3628-rasoir-electrique-multifonction-indolore-rechargeable-usb-tetes-interchangeables\/","name":"Kemei KM-3628 Rasoir \u00c9lectrique Multifonction Indolore Rechargeable USB, T\u00eates Interchangeables - Maroc Prix","isPartOf":{"@id":"https:\/\/vitablanca.ma\/#website"},"primaryImageOfPage":{"@id":"https:\/\/vitablanca.ma\/produit\/kemei-km-3628-rasoir-electrique-multifonction-indolore-rechargeable-usb-tetes-interchangeables\/#primaryimage"},"image":{"@id":"https:\/\/vitablanca.ma\/produit\/kemei-km-3628-rasoir-electrique-multifonction-indolore-rechargeable-usb-tetes-interchangeables\/#primaryimage"},"thumbnailUrl":"https:\/\/vitablanca.ma\/wp-content\/uploads\/2026\/03\/KemeiKM-36283.jpg","datePublished":"2026-03-04T01:39:41+00:00","description":"Kemei KM-3628 Rasoir \u00c9lectrique Multifonction Indolore Rechargeable USB, T\u00eates Interchangeables","breadcrumb":{"@id":"https:\/\/vitablanca.ma\/produit\/kemei-km-3628-rasoir-electrique-multifonction-indolore-rechargeable-usb-tetes-interchangeables\/#breadcrumb"},"inLanguage":"en-US","potentialAction":[{"@type":"ReadAction","target":["https:\/\/vitablanca.ma\/produit\/kemei-km-3628-rasoir-electrique-multifonction-indolore-rechargeable-usb-tetes-interchangeables\/"]}]},{"@type":"ImageObject","inLanguage":"en-US","@id":"https:\/\/vitablanca.ma\/produit\/kemei-km-3628-rasoir-electrique-multifonction-indolore-rechargeable-usb-tetes-interchangeables\/#primaryimage","url":"https:\/\/vitablanca.ma\/wp-content\/uploads\/2026\/03\/KemeiKM-36283.jpg","contentUrl":"https:\/\/vitablanca.ma\/wp-content\/uploads\/2026\/03\/KemeiKM-36283.jpg","width":1080,"height":1080},{"@type":"BreadcrumbList","@id":"https:\/\/vitablanca.ma\/produit\/kemei-km-3628-rasoir-electrique-multifonction-indolore-rechargeable-usb-tetes-interchangeables\/#breadcrumb","itemListElement":[{"@type":"ListItem","position":1,"name":"Home","item":"https:\/\/vitablanca.ma\/"},{"@type":"ListItem","position":2,"name":"Tous Les Produits","item":"https:\/\/vitablanca.ma\/tous-les-produits\/"},{"@type":"ListItem","position":3,"name":"Kemei KM-3628 Rasoir \u00c9lectrique Multifonction Indolore Rechargeable USB, T\u00eates Interchangeables"}]},{"@type":"WebSite","@id":"https:\/\/vitablanca.ma\/#website","url":"https:\/\/vitablanca.ma\/","name":"VitaBlanca.ma | Food supplements, health &amp; beauty in Morocco","description":"sell premium vitamins and supplements from USA &amp; Canada, New Zealand, Morocco (NOW Foods, Solgar, Manuka). Fast delivery anywhere in Morocco.","publisher":{"@id":"https:\/\/vitablanca.ma\/#organization"},"alternateName":"VitaBlanca.ma","potentialAction":[{"@type":"SearchAction","target":{"@type":"EntryPoint","urlTemplate":"https:\/\/vitablanca.ma\/?s={search_term_string}"},"query-input":{"@type":"PropertyValueSpecification","valueRequired":true,"valueName":"search_term_string"}}],"inLanguage":"en-US"},{"@type":"Organization","@id":"https:\/\/vitablanca.ma\/#organization","name":"VitaBlanca","url":"https:\/\/vitablanca.ma\/","logo":{"@type":"ImageObject","inLanguage":"en-US","@id":"https:\/\/vitablanca.ma\/#\/schema\/logo\/image\/","url":"https:\/\/vitablanca.ma\/wp-content\/uploads\/2025\/05\/cropped-vitablanca.png","contentUrl":"https:\/\/vitablanca.ma\/wp-content\/uploads\/2025\/05\/cropped-vitablanca.png","width":360,"height":67,"caption":"VitaBlanca"},"image":{"@id":"https:\/\/vitablanca.ma\/#\/schema\/logo\/image\/"},"sameAs":["https:\/\/www.facebook.com\/profile.php?id=61576678196717","https:\/\/www.tiktok.com\/@vitablanca.ma","https:\/\/www.instagram.com\/vitablanca.ma\/"]}]}},"jetpack_sharing_enabled":true,"_links":{"self":[{"href":"https:\/\/vitablanca.ma\/en\/wp-json\/wp\/v2\/product\/30934","targetHints":{"allow":["GET"]}}],"collection":[{"href":"https:\/\/vitablanca.ma\/en\/wp-json\/wp\/v2\/product"}],"about":[{"href":"https:\/\/vitablanca.ma\/en\/wp-json\/wp\/v2\/types\/product"}],"wp:featuredmedia":[{"embeddable":true,"href":"https:\/\/vitablanca.ma\/en\/wp-json\/wp\/v2\/media\/30926"}],"wp:attachment":[{"href":"https:\/\/vitablanca.ma\/en\/wp-json\/wp\/v2\/media?parent=30934"}],"wp:term":[{"taxonomy":"product_brand","embeddable":true,"href":"https:\/\/vitablanca.ma\/en\/wp-json\/wp\/v2\/product_brand?post=30934"},{"taxonomy":"product_cat","embeddable":true,"href":"https:\/\/vitablanca.ma\/en\/wp-json\/wp\/v2\/product_cat?post=30934"},{"taxonomy":"product_tag","embeddable":true,"href":"https:\/\/vitablanca.ma\/en\/wp-json\/wp\/v2\/product_tag?post=30934"}],"curies":[{"name":"wp","href":"https:\/\/api.w.org\/{rel}","templated":true}]}}