{"id":30910,"date":"2026-03-04T01:39:06","date_gmt":"2026-03-04T01:39:06","guid":{"rendered":"https:\/\/vitablanca.ma\/produit\/kemei-km-tx1-rasoir-electrique-rechargeable-avec-chargement-usb-en-metal-pour-homme\/"},"modified":"2026-03-04T01:39:06","modified_gmt":"2026-03-04T01:39:06","slug":"kemei-km-tx1-rasoir-electrique-rechargeable-avec-chargement-usb-en-metal-pour-homme","status":"publish","type":"product","link":"https:\/\/vitablanca.ma\/en\/product\/kemei-km-tx1-rasoir-electrique-rechargeable-avec-chargement-usb-en-metal-pour-homme\/","title":{"rendered":"KEMEI KM-TX1 Rasoir \u00e9lectrique rechargeable Avec chargement USB, en m\u00e9tal, pour homme."},"content":{"rendered":"<p class=\"MsoNormal\"><span style=\"font-family: 'Arial','sans-serif';color: #262626\">Le rasoir <b>Kemei KM TX1 <\/b>est con\u00e7u pour vous aider \u00e0 tailler votre barbe avec pr\u00e9cision et nettet\u00e9, selon vos envies. <\/span><\/p>\n<p class=\"MsoNormal\"><span style=\"font-family: 'Arial','sans-serif';color: #262626\">Contrairement aux rasoirs classiques qui peuvent provoquer des br\u00fblures, ce rasoir garantit une utilisation sans irritation \u00e0 chaque fois, gr\u00e2ce \u00e0 ses lames \u00e0 bout arrondi. <\/span><\/p>\n<p class=\"MsoNormal\"><span style=\"font-family: 'Arial','sans-serif';color: #262626\">Cette conception assure un contact doux avec votre peau sensible. <\/span><\/p>\n<p class=\"MsoNormal\"><span style=\"font-family: 'Arial','sans-serif';color: #262626\">De plus, les lames sont con\u00e7ues pour conserver leur tranchant et garantir une performance de coupe constante et efficace.<\/span><\/p>\n<p style=\"line-height: 18.0pt;background: white\" class=\"MsoNormal\"><b><span style=\"font-family: 'Arial','sans-serif';color: #262626\">Main features:<\/span><\/b><span style=\"font-family: 'Arial','sans-serif';color: #262626\"><\/span><\/p>\n<ul>\n<li class=\"MsoNormal\" style=\"line-height: 18pt;background: white\">\n<b><span style=\"font-family: 'Arial','sans-serif';color: #262626\">Technologie de rasage : <\/span><\/b><span style=\"font-family: 'Arial','sans-serif';color: #262626\">Lames en acier inoxydable avec double grille (foil) pour un rasage pr\u00e8s du corps, sans irritation.<\/span>\n<\/li>\n<li class=\"MsoNormal\" style=\"line-height: 18pt;background: white\">\n<b><span style=\"font-family: 'Arial','sans-serif';color: #262626\">Alimentation :<\/span><\/b><span style=\"font-family: 'Arial','sans-serif';color: #262626\"> Rechargeable USB, avec une charge compl\u00e8te d&rsquo;environ 1 heure pour 60 minutes d&rsquo;utilisation sans fil.<\/span>\n<\/li>\n<li class=\"MsoNormal\" style=\"line-height: 18pt;background: white\">\n<b><span style=\"font-family: 'Arial','sans-serif';color: #262626\">Use :<\/span><\/b><span style=\"font-family: 'Arial','sans-serif';color: #262626\">\u00a0Con\u00e7u pour un rasage humide ou sec, parfait pour une utilisation quotidienne et en voyage.<\/span>\n<\/li>\n<li class=\"MsoNormal\" style=\"line-height: 18pt;background: white\">\n<b><span style=\"font-family: 'Arial','sans-serif';color: #262626\">Conception :<\/span><\/b><span style=\"font-family: 'Arial','sans-serif';color: #262626\">\u00a0l\u00e9ger portable, avec une t\u00eate flottante pour s&rsquo;adapter aux courbes du visage et un corps \u00e9tanche.<\/span>\n<\/li>\n<li class=\"MsoNormal\" style=\"line-height: 18pt;background: white\">\n<b><span style=\"font-family: 'Arial','sans-serif';color: #262626\">Entretien : <\/span><\/b><span style=\"font-family: 'Arial','sans-serif';color: #262626\">Facile a nettoyer gr\u00e2ce \u00e0 sa t\u00eate d\u00e9tachable et lavable.<\/span>\n<\/li>\n<li class=\"MsoNormal\" style=\"line-height: 18pt;background: white\">\n<b><span style=\"font-family: 'Arial','sans-serif';color: #262626\">Affichage :<\/span><\/b><span style=\"font-family: 'Arial','sans-serif';color: #262626\">\u00a0Certains mod\u00e8les incluent un affichage num\u00e9rique pour le niveau de batterie.\u00a0<\/span>\n<\/li>\n<\/ul>\n<p style=\"line-height: 18.0pt;background: white\" class=\"MsoNormal\"><b><span style=\"font-family: 'Arial','sans-serif';color: #262626\">Ce qu&rsquo;il inclut g\u00e9n\u00e9ralement (selon le vendeur) :<\/span><\/b><span style=\"font-family: 'Arial','sans-serif';color: #262626\"><\/span><\/p>\n<ul>\n<li class=\"MsoNormal\" style=\"line-height: 18pt;background: white\"><span style=\"font-family: 'Arial','sans-serif';color: #262626\">Le rasoir Kemei KM-3209.<\/span><\/li>\n<li class=\"MsoNormal\" style=\"line-height: 18pt;background: white\"><span style=\"font-family: 'Arial','sans-serif';color: #262626\">Une base de chargement ou un c\u00e2ble USB.<\/span><\/li>\n<li class=\"MsoNormal\" style=\"line-height: 18pt;background: white\"><span style=\"font-family: 'Arial','sans-serif';color: #262626\">Une housse de protection pour la t\u00eate.<\/span><\/li>\n<li class=\"MsoNormal\" style=\"line-height: 18pt;background: white\"><span style=\"font-family: 'Arial','sans-serif';color: #262626\">Une petite brosse de nettoyage.\u00a0<\/span><\/li>\n<\/ul>\n<p style=\"line-height: 18.0pt;background: white\" class=\"MsoNormal\"><span style=\"font-family: 'Arial','sans-serif';color: #262626\">C&rsquo;est un rasoir polyvalent, id\u00e9al pour ceux qui recherchent un bon rapport qualit\u00e9-prix pour un entretien quotidien ou en d\u00e9placement.\u00a0<\/span><\/p>\n<p class=\"MsoNormal\"><span style=\"font-family: 'Arial','sans-serif';color: #262626\">\u00a0<\/span><\/p>","protected":false},"excerpt":{"rendered":"<p>Le rasoir Kemei KM TX1 est con\u00e7u pour vous aider \u00e0 tailler votre barbe avec pr\u00e9cision et nettet\u00e9, selon vos envies. Contrairement aux rasoirs classiques qui peuvent provoquer des br\u00fblures, ce rasoir garantit une utilisation sans irritation \u00e0 chaque fois, gr\u00e2ce \u00e0 ses lames \u00e0 bout arrondi. Cette conception assure un contact doux avec votre [&hellip;]<\/p>\n","protected":false},"featured_media":30903,"template":"","meta":{"om_disable_all_campaigns":false},"product_brand":[],"product_cat":[15],"product_tag":[],"class_list":{"0":"post-30910","1":"product","2":"type-product","3":"status-publish","4":"has-post-thumbnail","6":"product_cat-beaute-sante-complements-alimentaires-soins-et-bien-etre-au-meilleur-prix","8":"first","9":"instock","10":"taxable","11":"shipping-taxable","12":"purchasable","13":"product-type-simple"},"yoast_head":"<!-- This site is optimized with the Yoast SEO plugin v27.3 - https:\/\/yoast.com\/product\/yoast-seo-wordpress\/ -->\n<title>KEMEI KM-TX1 Rasoir \u00e9lectrique rechargeable Avec chargement USB, en m\u00e9tal, pour homme. - Maroc Prix<\/title>\n<meta name=\"description\" content=\"KEMEI KM-TX1 Rasoir \u00e9lectrique rechargeable Avec chargement USB, en m\u00e9tal, pour homme.\" \/>\n<meta name=\"robots\" content=\"index, follow, max-snippet:-1, max-image-preview:large, max-video-preview:-1\" \/>\n<link rel=\"canonical\" href=\"https:\/\/vitablanca.ma\/en\/product\/kemei-km-tx1-rasoir-electrique-rechargeable-avec-chargement-usb-en-metal-pour-homme\/\" \/>\n<meta property=\"og:locale\" content=\"en_US\" \/>\n<meta property=\"og:type\" content=\"article\" \/>\n<meta property=\"og:title\" content=\"KEMEI KM-TX1 Rasoir \u00e9lectrique rechargeable Avec chargement USB, en m\u00e9tal, pour homme. - Maroc Prix\" \/>\n<meta property=\"og:description\" content=\"KEMEI KM-TX1 Rasoir \u00e9lectrique rechargeable Avec chargement USB, en m\u00e9tal, pour homme.\" \/>\n<meta property=\"og:url\" content=\"https:\/\/vitablanca.ma\/en\/product\/kemei-km-tx1-rasoir-electrique-rechargeable-avec-chargement-usb-en-metal-pour-homme\/\" \/>\n<meta property=\"og:site_name\" content=\"Vitablanca.ma &ndash; Sant&eacute;, vitalit&eacute; et bien-&ecirc;tre pour tous les Marocains\" \/>\n<meta property=\"article:publisher\" content=\"https:\/\/www.facebook.com\/profile.php?id=61576678196717\" \/>\n<meta property=\"og:image\" content=\"https:\/\/vitablanca.ma\/wp-content\/uploads\/2025\/06\/Magnesium_2024_1400_x787_002.jpg\" \/>\n\t<meta property=\"og:image:width\" content=\"950\" \/>\n\t<meta property=\"og:image:height\" content=\"534\" \/>\n\t<meta property=\"og:image:type\" content=\"image\/jpeg\" \/>\n<meta name=\"twitter:card\" content=\"summary_large_image\" \/>\n<meta name=\"twitter:label1\" content=\"Est. reading time\" \/>\n\t<meta name=\"twitter:data1\" content=\"1 minute\" \/>\n<script type=\"application\/ld+json\" class=\"yoast-schema-graph\">{\"@context\":\"https:\\\/\\\/schema.org\",\"@graph\":[{\"@type\":[\"WebPage\",\"ItemPage\"],\"@id\":\"https:\\\/\\\/vitablanca.ma\\\/produit\\\/kemei-km-tx1-rasoir-electrique-rechargeable-avec-chargement-usb-en-metal-pour-homme\\\/\",\"url\":\"https:\\\/\\\/vitablanca.ma\\\/produit\\\/kemei-km-tx1-rasoir-electrique-rechargeable-avec-chargement-usb-en-metal-pour-homme\\\/\",\"name\":\"KEMEI KM-TX1 Rasoir \u00e9lectrique rechargeable Avec chargement USB, en m\u00e9tal, pour homme. - Maroc Prix\",\"isPartOf\":{\"@id\":\"https:\\\/\\\/vitablanca.ma\\\/#website\"},\"primaryImageOfPage\":{\"@id\":\"https:\\\/\\\/vitablanca.ma\\\/produit\\\/kemei-km-tx1-rasoir-electrique-rechargeable-avec-chargement-usb-en-metal-pour-homme\\\/#primaryimage\"},\"image\":{\"@id\":\"https:\\\/\\\/vitablanca.ma\\\/produit\\\/kemei-km-tx1-rasoir-electrique-rechargeable-avec-chargement-usb-en-metal-pour-homme\\\/#primaryimage\"},\"thumbnailUrl\":\"https:\\\/\\\/vitablanca.ma\\\/wp-content\\\/uploads\\\/2026\\\/03\\\/KEMEIKM-TX17.jpg\",\"datePublished\":\"2026-03-04T01:39:06+00:00\",\"description\":\"KEMEI KM-TX1 Rasoir \u00e9lectrique rechargeable Avec chargement USB, en m\u00e9tal, pour homme.\",\"breadcrumb\":{\"@id\":\"https:\\\/\\\/vitablanca.ma\\\/produit\\\/kemei-km-tx1-rasoir-electrique-rechargeable-avec-chargement-usb-en-metal-pour-homme\\\/#breadcrumb\"},\"inLanguage\":\"en-US\",\"potentialAction\":[{\"@type\":\"ReadAction\",\"target\":[\"https:\\\/\\\/vitablanca.ma\\\/produit\\\/kemei-km-tx1-rasoir-electrique-rechargeable-avec-chargement-usb-en-metal-pour-homme\\\/\"]}]},{\"@type\":\"ImageObject\",\"inLanguage\":\"en-US\",\"@id\":\"https:\\\/\\\/vitablanca.ma\\\/produit\\\/kemei-km-tx1-rasoir-electrique-rechargeable-avec-chargement-usb-en-metal-pour-homme\\\/#primaryimage\",\"url\":\"https:\\\/\\\/vitablanca.ma\\\/wp-content\\\/uploads\\\/2026\\\/03\\\/KEMEIKM-TX17.jpg\",\"contentUrl\":\"https:\\\/\\\/vitablanca.ma\\\/wp-content\\\/uploads\\\/2026\\\/03\\\/KEMEIKM-TX17.jpg\",\"width\":1080,\"height\":1080},{\"@type\":\"BreadcrumbList\",\"@id\":\"https:\\\/\\\/vitablanca.ma\\\/produit\\\/kemei-km-tx1-rasoir-electrique-rechargeable-avec-chargement-usb-en-metal-pour-homme\\\/#breadcrumb\",\"itemListElement\":[{\"@type\":\"ListItem\",\"position\":1,\"name\":\"Home\",\"item\":\"https:\\\/\\\/vitablanca.ma\\\/\"},{\"@type\":\"ListItem\",\"position\":2,\"name\":\"Tous Les Produits\",\"item\":\"https:\\\/\\\/vitablanca.ma\\\/tous-les-produits\\\/\"},{\"@type\":\"ListItem\",\"position\":3,\"name\":\"KEMEI KM-TX1 Rasoir \u00e9lectrique rechargeable Avec chargement USB, en m\u00e9tal, pour homme.\"}]},{\"@type\":\"WebSite\",\"@id\":\"https:\\\/\\\/vitablanca.ma\\\/#website\",\"url\":\"https:\\\/\\\/vitablanca.ma\\\/\",\"name\":\"VitaBlanca.ma | Compl\u00e9ments alimentaires, sant\u00e9 & beaut\u00e9 au Maroc\",\"description\":\"vendre vitamines et compl\u00e9ments premium des USA &amp; Canada, Nouvelle Z\u00e9lande,Maroc (NOW Foods, Solgar, Manuka). Livraison rapide partout au Maroc.\",\"publisher\":{\"@id\":\"https:\\\/\\\/vitablanca.ma\\\/#organization\"},\"alternateName\":\"VitaBlanca.ma\",\"potentialAction\":[{\"@type\":\"SearchAction\",\"target\":{\"@type\":\"EntryPoint\",\"urlTemplate\":\"https:\\\/\\\/vitablanca.ma\\\/?s={search_term_string}\"},\"query-input\":{\"@type\":\"PropertyValueSpecification\",\"valueRequired\":true,\"valueName\":\"search_term_string\"}}],\"inLanguage\":\"en-US\"},{\"@type\":\"Organization\",\"@id\":\"https:\\\/\\\/vitablanca.ma\\\/#organization\",\"name\":\"VitaBlanca\",\"url\":\"https:\\\/\\\/vitablanca.ma\\\/\",\"logo\":{\"@type\":\"ImageObject\",\"inLanguage\":\"en-US\",\"@id\":\"https:\\\/\\\/vitablanca.ma\\\/#\\\/schema\\\/logo\\\/image\\\/\",\"url\":\"https:\\\/\\\/vitablanca.ma\\\/wp-content\\\/uploads\\\/2025\\\/05\\\/cropped-vitablanca.png\",\"contentUrl\":\"https:\\\/\\\/vitablanca.ma\\\/wp-content\\\/uploads\\\/2025\\\/05\\\/cropped-vitablanca.png\",\"width\":360,\"height\":67,\"caption\":\"VitaBlanca\"},\"image\":{\"@id\":\"https:\\\/\\\/vitablanca.ma\\\/#\\\/schema\\\/logo\\\/image\\\/\"},\"sameAs\":[\"https:\\\/\\\/www.facebook.com\\\/profile.php?id=61576678196717\",\"https:\\\/\\\/www.tiktok.com\\\/@vitablanca.ma\",\"https:\\\/\\\/www.instagram.com\\\/vitablanca.ma\\\/\"]}]}<\/script>\n<!-- \/ Yoast SEO plugin. -->","yoast_head_json":{"title":"KEMEI KM-TX1 Rasoir \u00e9lectrique rechargeable Avec chargement USB, en m\u00e9tal, pour homme. - Maroc Prix","description":"KEMEI KM-TX1 Rasoir \u00e9lectrique rechargeable Avec chargement USB, en m\u00e9tal, pour homme.","robots":{"index":"index","follow":"follow","max-snippet":"max-snippet:-1","max-image-preview":"max-image-preview:large","max-video-preview":"max-video-preview:-1"},"canonical":"https:\/\/vitablanca.ma\/en\/product\/kemei-km-tx1-rasoir-electrique-rechargeable-avec-chargement-usb-en-metal-pour-homme\/","og_locale":"en_US","og_type":"article","og_title":"KEMEI KM-TX1 Rasoir \u00e9lectrique rechargeable Avec chargement USB, en m\u00e9tal, pour homme. - Maroc Prix","og_description":"KEMEI KM-TX1 Rasoir \u00e9lectrique rechargeable Avec chargement USB, en m\u00e9tal, pour homme.","og_url":"https:\/\/vitablanca.ma\/en\/product\/kemei-km-tx1-rasoir-electrique-rechargeable-avec-chargement-usb-en-metal-pour-homme\/","og_site_name":"Vitablanca.ma &ndash; Sant&eacute;, vitalit&eacute; et bien-&ecirc;tre pour tous les Marocains","article_publisher":"https:\/\/www.facebook.com\/profile.php?id=61576678196717","og_image":[{"width":950,"height":534,"url":"https:\/\/vitablanca.ma\/wp-content\/uploads\/2025\/06\/Magnesium_2024_1400_x787_002.jpg","type":"image\/jpeg"}],"twitter_card":"summary_large_image","twitter_misc":{"Est. reading time":"1 minute"},"schema":{"@context":"https:\/\/schema.org","@graph":[{"@type":["WebPage","ItemPage"],"@id":"https:\/\/vitablanca.ma\/produit\/kemei-km-tx1-rasoir-electrique-rechargeable-avec-chargement-usb-en-metal-pour-homme\/","url":"https:\/\/vitablanca.ma\/produit\/kemei-km-tx1-rasoir-electrique-rechargeable-avec-chargement-usb-en-metal-pour-homme\/","name":"KEMEI KM-TX1 Rasoir \u00e9lectrique rechargeable Avec chargement USB, en m\u00e9tal, pour homme. - Maroc Prix","isPartOf":{"@id":"https:\/\/vitablanca.ma\/#website"},"primaryImageOfPage":{"@id":"https:\/\/vitablanca.ma\/produit\/kemei-km-tx1-rasoir-electrique-rechargeable-avec-chargement-usb-en-metal-pour-homme\/#primaryimage"},"image":{"@id":"https:\/\/vitablanca.ma\/produit\/kemei-km-tx1-rasoir-electrique-rechargeable-avec-chargement-usb-en-metal-pour-homme\/#primaryimage"},"thumbnailUrl":"https:\/\/vitablanca.ma\/wp-content\/uploads\/2026\/03\/KEMEIKM-TX17.jpg","datePublished":"2026-03-04T01:39:06+00:00","description":"KEMEI KM-TX1 Rasoir \u00e9lectrique rechargeable Avec chargement USB, en m\u00e9tal, pour homme.","breadcrumb":{"@id":"https:\/\/vitablanca.ma\/produit\/kemei-km-tx1-rasoir-electrique-rechargeable-avec-chargement-usb-en-metal-pour-homme\/#breadcrumb"},"inLanguage":"en-US","potentialAction":[{"@type":"ReadAction","target":["https:\/\/vitablanca.ma\/produit\/kemei-km-tx1-rasoir-electrique-rechargeable-avec-chargement-usb-en-metal-pour-homme\/"]}]},{"@type":"ImageObject","inLanguage":"en-US","@id":"https:\/\/vitablanca.ma\/produit\/kemei-km-tx1-rasoir-electrique-rechargeable-avec-chargement-usb-en-metal-pour-homme\/#primaryimage","url":"https:\/\/vitablanca.ma\/wp-content\/uploads\/2026\/03\/KEMEIKM-TX17.jpg","contentUrl":"https:\/\/vitablanca.ma\/wp-content\/uploads\/2026\/03\/KEMEIKM-TX17.jpg","width":1080,"height":1080},{"@type":"BreadcrumbList","@id":"https:\/\/vitablanca.ma\/produit\/kemei-km-tx1-rasoir-electrique-rechargeable-avec-chargement-usb-en-metal-pour-homme\/#breadcrumb","itemListElement":[{"@type":"ListItem","position":1,"name":"Home","item":"https:\/\/vitablanca.ma\/"},{"@type":"ListItem","position":2,"name":"Tous Les Produits","item":"https:\/\/vitablanca.ma\/tous-les-produits\/"},{"@type":"ListItem","position":3,"name":"KEMEI KM-TX1 Rasoir \u00e9lectrique rechargeable Avec chargement USB, en m\u00e9tal, pour homme."}]},{"@type":"WebSite","@id":"https:\/\/vitablanca.ma\/#website","url":"https:\/\/vitablanca.ma\/","name":"VitaBlanca.ma | Food supplements, health &amp; beauty in Morocco","description":"sell premium vitamins and supplements from USA &amp; Canada, New Zealand, Morocco (NOW Foods, Solgar, Manuka). Fast delivery anywhere in Morocco.","publisher":{"@id":"https:\/\/vitablanca.ma\/#organization"},"alternateName":"VitaBlanca.ma","potentialAction":[{"@type":"SearchAction","target":{"@type":"EntryPoint","urlTemplate":"https:\/\/vitablanca.ma\/?s={search_term_string}"},"query-input":{"@type":"PropertyValueSpecification","valueRequired":true,"valueName":"search_term_string"}}],"inLanguage":"en-US"},{"@type":"Organization","@id":"https:\/\/vitablanca.ma\/#organization","name":"VitaBlanca","url":"https:\/\/vitablanca.ma\/","logo":{"@type":"ImageObject","inLanguage":"en-US","@id":"https:\/\/vitablanca.ma\/#\/schema\/logo\/image\/","url":"https:\/\/vitablanca.ma\/wp-content\/uploads\/2025\/05\/cropped-vitablanca.png","contentUrl":"https:\/\/vitablanca.ma\/wp-content\/uploads\/2025\/05\/cropped-vitablanca.png","width":360,"height":67,"caption":"VitaBlanca"},"image":{"@id":"https:\/\/vitablanca.ma\/#\/schema\/logo\/image\/"},"sameAs":["https:\/\/www.facebook.com\/profile.php?id=61576678196717","https:\/\/www.tiktok.com\/@vitablanca.ma","https:\/\/www.instagram.com\/vitablanca.ma\/"]}]}},"jetpack_sharing_enabled":true,"_links":{"self":[{"href":"https:\/\/vitablanca.ma\/en\/wp-json\/wp\/v2\/product\/30910","targetHints":{"allow":["GET"]}}],"collection":[{"href":"https:\/\/vitablanca.ma\/en\/wp-json\/wp\/v2\/product"}],"about":[{"href":"https:\/\/vitablanca.ma\/en\/wp-json\/wp\/v2\/types\/product"}],"wp:featuredmedia":[{"embeddable":true,"href":"https:\/\/vitablanca.ma\/en\/wp-json\/wp\/v2\/media\/30903"}],"wp:attachment":[{"href":"https:\/\/vitablanca.ma\/en\/wp-json\/wp\/v2\/media?parent=30910"}],"wp:term":[{"taxonomy":"product_brand","embeddable":true,"href":"https:\/\/vitablanca.ma\/en\/wp-json\/wp\/v2\/product_brand?post=30910"},{"taxonomy":"product_cat","embeddable":true,"href":"https:\/\/vitablanca.ma\/en\/wp-json\/wp\/v2\/product_cat?post=30910"},{"taxonomy":"product_tag","embeddable":true,"href":"https:\/\/vitablanca.ma\/en\/wp-json\/wp\/v2\/product_tag?post=30910"}],"curies":[{"name":"wp","href":"https:\/\/api.w.org\/{rel}","templated":true}]}}