{"id":30816,"date":"2026-03-03T22:51:41","date_gmt":"2026-03-03T22:51:41","guid":{"rendered":"https:\/\/vitablanca.ma\/?post_type=product&#038;p=30816"},"modified":"2026-03-03T22:51:41","modified_gmt":"2026-03-03T22:51:41","slug":"california-gold-nutrition-benfotiamine-150-mg-30-capsules-maroc-prix","status":"publish","type":"product","link":"https:\/\/vitablanca.ma\/en\/product\/california-gold-nutrition-benfotiamine-150-mg-30-capsules-maroc-prix\/","title":{"rendered":"California Gold Nutrition Benfotiamine 150 mg 30 capsules"},"content":{"rendered":"<div>\n<h3><strong>Suggested Use<\/strong><\/h3>\n<div>\n<p>Prenez 1\u00a0capsule par jour, avec ou sans nourriture. Respectez les consignes d\u2019utilisation donn\u00e9es par un professionnel de la sant\u00e9 qualifi\u00e9.<\/p>\n<\/div>\n<\/div>\n<div>\n<h3><strong>Warnings<\/strong><\/h3>\n<div>\n<p id=\"isPasted\"><strong>Keep out of reach of children.\u00a0<\/strong>Les femmes enceintes ou allaitantes, les personnes atteintes d\u2019une maladie chronique, les personnes \u00e2g\u00e9es, les personnes de moins de 18\u00a0ans, les personnes prenant des m\u00e9dicaments sur ordonnance (ex.\u00a0: des anticoagulants) ainsi que celles qui souffrent d\u2019une affection m\u00e9dicale diagnostiqu\u00e9e par un m\u00e9decin doivent demander l\u2019avis d\u2019un m\u00e9decin, d\u2019un pharmacien, d\u2019un naturopathe ou d\u2019un autre professionnel de la sant\u00e9 qualifi\u00e9 avant de prendre des compl\u00e9ments alimentaires.<\/p>\n<p><strong>Scell\u00e9 pour votre protection. Ne pas utiliser si l\u2019opercule est absent ou rompu. \u00c0 conserver dans un endroit frais et sec. Conserver \u00e0 l\u2019abri de la chaleur, de la lumi\u00e8re et de l\u2019humidit\u00e9.<\/strong><\/p>\n<div class=\"supplement-facts-container\">\n<table border=\"1\" width=\"100%\" cellspacing=\"0\" cellpadding=\"3\">\n<tbody>\n<tr align=\"left\" valign=\"top\">\n<td colspan=\"3\"><strong>Properties<\/strong><\/td>\n<\/tr>\n<tr align=\"left\" valign=\"top\">\n<td colspan=\"3\"><strong>Serving:\u00a0<\/strong>1\u00a0capsule<\/td>\n<\/tr>\n<tr align=\"left\" valign=\"top\">\n<td colspan=\"3\"><strong>Servings per container:\u00a0<\/strong>30<\/td>\n<\/tr>\n<tr align=\"left\" valign=\"top\">\n<td width=\"70%\"><\/td>\n<td width=\"15%\"><strong>Amount per serving<\/strong><\/td>\n<td width=\"15%\"><strong>%\u00a0d\u2019apport journalier<\/strong><\/td>\n<\/tr>\n<tr align=\"left\" valign=\"top\">\n<td>Benfotiamine<\/td>\n<td>150\u00a0mg<\/td>\n<td>*<\/td>\n<\/tr>\n<tr align=\"left\" valign=\"top\">\n<td>L-leucine<\/td>\n<td>12\u00a0mg<\/td>\n<td>*<\/td>\n<\/tr>\n<tr align=\"left\" valign=\"top\">\n<td colspan=\"3\">Apport journalier non \u00e9tabli.<\/td>\n<\/tr>\n<\/tbody>\n<\/table>\n<\/div>\n<div>\n<h3><strong>Other ingredients<\/strong><\/h3>\n<div>\n<p id=\"isPasted\">Ingr\u00e9dients principaux<br \/>\nBenfotiamine, L-leucine<\/p>\n<p>Other ingredients<br \/>\nExtrait de son de riz, cellulose modifi\u00e9e (capsule v\u00e9g\u00e9tale d\u2019hypromellose), et dioxyde de silicium (silice).<\/p>\n<p>Produit \u00e9labor\u00e9 sans lait, \u0153ufs, poisson, crustac\u00e9s, fruits \u00e0 coque, arachides, bl\u00e9, soja, s\u00e9same, ni gluten. Produit dans un \u00e9tablissement enregistr\u00e9 aupr\u00e8s de la FDA, audit\u00e9 par une organisation tierce, et respectant les BPF actuelles (certifi\u00e9) susceptible de transformer d\u2019autres produits qui contiennent ces allerg\u00e8nes ou ingr\u00e9dients.<\/p>\n<p>Produit formul\u00e9 avec de la benfotiamine BenfoPure\u00ae.<\/p>\n<p>BenfoPure\u00ae est une marque d\u00e9pos\u00e9e de Hamari Chemicals, LTD.<\/p>\n<\/div>\n<\/div>\n<\/div>\n<\/div>","protected":false},"excerpt":{"rendered":"<ul>\n<li data-start=\"881\" data-end=\"919\">\n<p data-start=\"883\" data-end=\"919\">150 mg de benfotiamine par capsule<\/p>\n<\/li>\n<li data-start=\"920\" data-end=\"951\">\n<p data-start=\"922\" data-end=\"951\">Forme active de vitamine B1<\/p>\n<\/li>\n<li data-start=\"952\" data-end=\"983\">\n<p data-start=\"954\" data-end=\"983\">Supports the nervous system<\/p>\n<\/li>\n<li data-start=\"984\" data-end=\"1024\">\n<p data-start=\"986\" data-end=\"1024\">Contribue au m\u00e9tabolisme \u00e9nerg\u00e9tique<\/p>\n<\/li>\n<li data-start=\"1025\" data-end=\"1055\" data-is-last-node=\"\">\n<p data-start=\"1027\" data-end=\"1055\" data-is-last-node=\"\">30 capsules, format pratique<\/p>\n<\/li>\n<\/ul>","protected":false},"featured_media":30818,"template":"","meta":{"om_disable_all_campaigns":false},"product_brand":[2176],"product_cat":[7980,7979,11120,8967,11121],"product_tag":[11123,11125,11122,11036,181,3492,1717,869,226,11124],"class_list":{"0":"post-30816","1":"product","2":"type-product","3":"status-publish","4":"has-post-thumbnail","6":"product_brand-california-gold-nutrition","7":"product_cat-acides-amines-2","8":"product_cat-antioxydants-2","9":"product_cat-benfotiamine","10":"product_cat-complements","11":"product_cat-leucine","12":"product_tag-150-mg","13":"product_tag-30-capsules","14":"product_tag-benfotiamine","15":"product_tag-california-gold-nutrition","16":"product_tag-complement-alimentaire","17":"product_tag-maroc","18":"product_tag-metabolisme-energetique","19":"product_tag-sante-nerveuse","20":"product_tag-systeme-nerveux","21":"product_tag-vitamine-b1","23":"first","24":"instock","25":"sale","26":"taxable","27":"shipping-taxable","28":"purchasable","29":"product-type-simple"},"yoast_head":"<!-- This site is optimized with the Yoast SEO plugin v27.5 - https:\/\/yoast.com\/product\/yoast-seo-wordpress\/ -->\n<title>California Gold Nutrition Benfotiamine 150 mg 30 Cap \u2013 Maroc Prix<\/title>\n<meta name=\"description\" content=\"California Gold Nutrition Benfotiamine 150 mg, 30 capsules. Forme active de vitamine B1 pour soutenir le syst\u00e8me nerveux et le m\u00e9tabolisme \u00e9nerg\u00e9tique.\" \/>\n<meta name=\"robots\" content=\"index, follow, max-snippet:-1, max-image-preview:large, max-video-preview:-1\" \/>\n<link rel=\"canonical\" href=\"https:\/\/vitablanca.ma\/en\/product\/california-gold-nutrition-benfotiamine-150-mg-30-capsules-maroc-prix\/\" \/>\n<meta property=\"og:locale\" content=\"en_US\" \/>\n<meta property=\"og:type\" content=\"article\" \/>\n<meta property=\"og:title\" content=\"California Gold Nutrition Benfotiamine 150 mg 30 Cap \u2013 Maroc Prix\" \/>\n<meta property=\"og:description\" content=\"California Gold Nutrition Benfotiamine 150 mg, 30 capsules. Forme active de vitamine B1 pour soutenir le syst\u00e8me nerveux et le m\u00e9tabolisme \u00e9nerg\u00e9tique.\" \/>\n<meta property=\"og:url\" content=\"https:\/\/vitablanca.ma\/en\/product\/california-gold-nutrition-benfotiamine-150-mg-30-capsules-maroc-prix\/\" \/>\n<meta property=\"og:site_name\" content=\"Vitablanca.ma &ndash; Sant&eacute;, vitalit&eacute; et bien-&ecirc;tre pour tous les Marocains\" \/>\n<meta property=\"article:publisher\" content=\"https:\/\/www.facebook.com\/profile.php?id=61576678196717\" \/>\n<meta property=\"og:image\" content=\"https:\/\/vitablanca.ma\/wp-content\/uploads\/2026\/03\/California-Gold-Nutrition-Benfotiamine-150-mg-30-capsules2.jpg\" \/>\n\t<meta property=\"og:image:width\" content=\"1600\" \/>\n\t<meta property=\"og:image:height\" content=\"1600\" \/>\n\t<meta property=\"og:image:type\" content=\"image\/jpeg\" \/>\n<meta name=\"twitter:card\" content=\"summary_large_image\" \/>\n<meta name=\"twitter:label1\" content=\"Est. reading time\" \/>\n\t<meta name=\"twitter:data1\" content=\"2 minutes\" \/>\n<script type=\"application\/ld+json\" class=\"yoast-schema-graph\">{\"@context\":\"https:\\\/\\\/schema.org\",\"@graph\":[{\"@type\":[\"WebPage\",\"ItemPage\"],\"@id\":\"https:\\\/\\\/vitablanca.ma\\\/produit\\\/california-gold-nutrition-benfotiamine-150-mg-30-capsules-maroc-prix\\\/\",\"url\":\"https:\\\/\\\/vitablanca.ma\\\/produit\\\/california-gold-nutrition-benfotiamine-150-mg-30-capsules-maroc-prix\\\/\",\"name\":\"California Gold Nutrition Benfotiamine 150 mg 30 Cap \u2013 Maroc Prix\",\"isPartOf\":{\"@id\":\"https:\\\/\\\/vitablanca.ma\\\/#website\"},\"primaryImageOfPage\":{\"@id\":\"https:\\\/\\\/vitablanca.ma\\\/produit\\\/california-gold-nutrition-benfotiamine-150-mg-30-capsules-maroc-prix\\\/#primaryimage\"},\"image\":{\"@id\":\"https:\\\/\\\/vitablanca.ma\\\/produit\\\/california-gold-nutrition-benfotiamine-150-mg-30-capsules-maroc-prix\\\/#primaryimage\"},\"thumbnailUrl\":\"https:\\\/\\\/vitablanca.ma\\\/wp-content\\\/uploads\\\/2026\\\/03\\\/California-Gold-Nutrition-Benfotiamine-150-mg-30-capsules2.jpg\",\"datePublished\":\"2026-03-03T22:51:41+00:00\",\"description\":\"California Gold Nutrition Benfotiamine 150 mg, 30 capsules. Forme active de vitamine B1 pour soutenir le syst\u00e8me nerveux et le m\u00e9tabolisme \u00e9nerg\u00e9tique.\",\"breadcrumb\":{\"@id\":\"https:\\\/\\\/vitablanca.ma\\\/produit\\\/california-gold-nutrition-benfotiamine-150-mg-30-capsules-maroc-prix\\\/#breadcrumb\"},\"inLanguage\":\"en-US\",\"potentialAction\":[{\"@type\":\"ReadAction\",\"target\":[\"https:\\\/\\\/vitablanca.ma\\\/produit\\\/california-gold-nutrition-benfotiamine-150-mg-30-capsules-maroc-prix\\\/\"]}]},{\"@type\":\"ImageObject\",\"inLanguage\":\"en-US\",\"@id\":\"https:\\\/\\\/vitablanca.ma\\\/produit\\\/california-gold-nutrition-benfotiamine-150-mg-30-capsules-maroc-prix\\\/#primaryimage\",\"url\":\"https:\\\/\\\/vitablanca.ma\\\/wp-content\\\/uploads\\\/2026\\\/03\\\/California-Gold-Nutrition-Benfotiamine-150-mg-30-capsules2.jpg\",\"contentUrl\":\"https:\\\/\\\/vitablanca.ma\\\/wp-content\\\/uploads\\\/2026\\\/03\\\/California-Gold-Nutrition-Benfotiamine-150-mg-30-capsules2.jpg\",\"width\":1600,\"height\":1600},{\"@type\":\"BreadcrumbList\",\"@id\":\"https:\\\/\\\/vitablanca.ma\\\/produit\\\/california-gold-nutrition-benfotiamine-150-mg-30-capsules-maroc-prix\\\/#breadcrumb\",\"itemListElement\":[{\"@type\":\"ListItem\",\"position\":1,\"name\":\"Home\",\"item\":\"https:\\\/\\\/vitablanca.ma\\\/\"},{\"@type\":\"ListItem\",\"position\":2,\"name\":\"Tous Les Produits\",\"item\":\"https:\\\/\\\/vitablanca.ma\\\/tous-les-produits\\\/\"},{\"@type\":\"ListItem\",\"position\":3,\"name\":\"California Gold Nutrition Benfotiamine 150 mg 30 capsules\"}]},{\"@type\":\"WebSite\",\"@id\":\"https:\\\/\\\/vitablanca.ma\\\/#website\",\"url\":\"https:\\\/\\\/vitablanca.ma\\\/\",\"name\":\"VitaBlanca.ma | Compl\u00e9ments alimentaires, sant\u00e9 & beaut\u00e9 au Maroc\",\"description\":\"vendre vitamines et compl\u00e9ments premium des USA &amp; Canada, Nouvelle Z\u00e9lande,Maroc (NOW Foods, Solgar, Manuka). Livraison rapide partout au Maroc.\",\"publisher\":{\"@id\":\"https:\\\/\\\/vitablanca.ma\\\/#organization\"},\"alternateName\":\"VitaBlanca.ma\",\"potentialAction\":[{\"@type\":\"SearchAction\",\"target\":{\"@type\":\"EntryPoint\",\"urlTemplate\":\"https:\\\/\\\/vitablanca.ma\\\/?s={search_term_string}\"},\"query-input\":{\"@type\":\"PropertyValueSpecification\",\"valueRequired\":true,\"valueName\":\"search_term_string\"}}],\"inLanguage\":\"en-US\"},{\"@type\":\"Organization\",\"@id\":\"https:\\\/\\\/vitablanca.ma\\\/#organization\",\"name\":\"VitaBlanca\",\"url\":\"https:\\\/\\\/vitablanca.ma\\\/\",\"logo\":{\"@type\":\"ImageObject\",\"inLanguage\":\"en-US\",\"@id\":\"https:\\\/\\\/vitablanca.ma\\\/#\\\/schema\\\/logo\\\/image\\\/\",\"url\":\"https:\\\/\\\/vitablanca.ma\\\/wp-content\\\/uploads\\\/2025\\\/05\\\/cropped-vitablanca.png\",\"contentUrl\":\"https:\\\/\\\/vitablanca.ma\\\/wp-content\\\/uploads\\\/2025\\\/05\\\/cropped-vitablanca.png\",\"width\":360,\"height\":67,\"caption\":\"VitaBlanca\"},\"image\":{\"@id\":\"https:\\\/\\\/vitablanca.ma\\\/#\\\/schema\\\/logo\\\/image\\\/\"},\"sameAs\":[\"https:\\\/\\\/www.facebook.com\\\/profile.php?id=61576678196717\",\"https:\\\/\\\/www.tiktok.com\\\/@vitablanca.ma\",\"https:\\\/\\\/www.instagram.com\\\/vitablanca.ma\\\/\"]}]}<\/script>\n<!-- \/ Yoast SEO plugin. -->","yoast_head_json":{"title":"California Gold Nutrition Benfotiamine 150 mg 30 Cap \u2013 Maroc Prix","description":"California Gold Nutrition Benfotiamine 150 mg, 30 capsules. Forme active de vitamine B1 pour soutenir le syst\u00e8me nerveux et le m\u00e9tabolisme \u00e9nerg\u00e9tique.","robots":{"index":"index","follow":"follow","max-snippet":"max-snippet:-1","max-image-preview":"max-image-preview:large","max-video-preview":"max-video-preview:-1"},"canonical":"https:\/\/vitablanca.ma\/en\/product\/california-gold-nutrition-benfotiamine-150-mg-30-capsules-maroc-prix\/","og_locale":"en_US","og_type":"article","og_title":"California Gold Nutrition Benfotiamine 150 mg 30 Cap \u2013 Maroc Prix","og_description":"California Gold Nutrition Benfotiamine 150 mg, 30 capsules. Forme active de vitamine B1 pour soutenir le syst\u00e8me nerveux et le m\u00e9tabolisme \u00e9nerg\u00e9tique.","og_url":"https:\/\/vitablanca.ma\/en\/product\/california-gold-nutrition-benfotiamine-150-mg-30-capsules-maroc-prix\/","og_site_name":"Vitablanca.ma &ndash; Sant&eacute;, vitalit&eacute; et bien-&ecirc;tre pour tous les Marocains","article_publisher":"https:\/\/www.facebook.com\/profile.php?id=61576678196717","og_image":[{"width":1600,"height":1600,"url":"https:\/\/vitablanca.ma\/wp-content\/uploads\/2026\/03\/California-Gold-Nutrition-Benfotiamine-150-mg-30-capsules2.jpg","type":"image\/jpeg"}],"twitter_card":"summary_large_image","twitter_misc":{"Est. reading time":"2 minutes"},"schema":{"@context":"https:\/\/schema.org","@graph":[{"@type":["WebPage","ItemPage"],"@id":"https:\/\/vitablanca.ma\/produit\/california-gold-nutrition-benfotiamine-150-mg-30-capsules-maroc-prix\/","url":"https:\/\/vitablanca.ma\/produit\/california-gold-nutrition-benfotiamine-150-mg-30-capsules-maroc-prix\/","name":"California Gold Nutrition Benfotiamine 150 mg 30 Cap \u2013 Maroc Prix","isPartOf":{"@id":"https:\/\/vitablanca.ma\/#website"},"primaryImageOfPage":{"@id":"https:\/\/vitablanca.ma\/produit\/california-gold-nutrition-benfotiamine-150-mg-30-capsules-maroc-prix\/#primaryimage"},"image":{"@id":"https:\/\/vitablanca.ma\/produit\/california-gold-nutrition-benfotiamine-150-mg-30-capsules-maroc-prix\/#primaryimage"},"thumbnailUrl":"https:\/\/vitablanca.ma\/wp-content\/uploads\/2026\/03\/California-Gold-Nutrition-Benfotiamine-150-mg-30-capsules2.jpg","datePublished":"2026-03-03T22:51:41+00:00","description":"California Gold Nutrition Benfotiamine 150 mg, 30 capsules. Forme active de vitamine B1 pour soutenir le syst\u00e8me nerveux et le m\u00e9tabolisme \u00e9nerg\u00e9tique.","breadcrumb":{"@id":"https:\/\/vitablanca.ma\/produit\/california-gold-nutrition-benfotiamine-150-mg-30-capsules-maroc-prix\/#breadcrumb"},"inLanguage":"en-US","potentialAction":[{"@type":"ReadAction","target":["https:\/\/vitablanca.ma\/produit\/california-gold-nutrition-benfotiamine-150-mg-30-capsules-maroc-prix\/"]}]},{"@type":"ImageObject","inLanguage":"en-US","@id":"https:\/\/vitablanca.ma\/produit\/california-gold-nutrition-benfotiamine-150-mg-30-capsules-maroc-prix\/#primaryimage","url":"https:\/\/vitablanca.ma\/wp-content\/uploads\/2026\/03\/California-Gold-Nutrition-Benfotiamine-150-mg-30-capsules2.jpg","contentUrl":"https:\/\/vitablanca.ma\/wp-content\/uploads\/2026\/03\/California-Gold-Nutrition-Benfotiamine-150-mg-30-capsules2.jpg","width":1600,"height":1600},{"@type":"BreadcrumbList","@id":"https:\/\/vitablanca.ma\/produit\/california-gold-nutrition-benfotiamine-150-mg-30-capsules-maroc-prix\/#breadcrumb","itemListElement":[{"@type":"ListItem","position":1,"name":"Home","item":"https:\/\/vitablanca.ma\/"},{"@type":"ListItem","position":2,"name":"Tous Les Produits","item":"https:\/\/vitablanca.ma\/tous-les-produits\/"},{"@type":"ListItem","position":3,"name":"California Gold Nutrition Benfotiamine 150 mg 30 capsules"}]},{"@type":"WebSite","@id":"https:\/\/vitablanca.ma\/#website","url":"https:\/\/vitablanca.ma\/","name":"VitaBlanca.ma | Food supplements, health &amp; beauty in Morocco","description":"sell premium vitamins and supplements from USA &amp; Canada, New Zealand, Morocco (NOW Foods, Solgar, Manuka). Fast delivery anywhere in Morocco.","publisher":{"@id":"https:\/\/vitablanca.ma\/#organization"},"alternateName":"VitaBlanca.ma","potentialAction":[{"@type":"SearchAction","target":{"@type":"EntryPoint","urlTemplate":"https:\/\/vitablanca.ma\/?s={search_term_string}"},"query-input":{"@type":"PropertyValueSpecification","valueRequired":true,"valueName":"search_term_string"}}],"inLanguage":"en-US"},{"@type":"Organization","@id":"https:\/\/vitablanca.ma\/#organization","name":"VitaBlanca","url":"https:\/\/vitablanca.ma\/","logo":{"@type":"ImageObject","inLanguage":"en-US","@id":"https:\/\/vitablanca.ma\/#\/schema\/logo\/image\/","url":"https:\/\/vitablanca.ma\/wp-content\/uploads\/2025\/05\/cropped-vitablanca.png","contentUrl":"https:\/\/vitablanca.ma\/wp-content\/uploads\/2025\/05\/cropped-vitablanca.png","width":360,"height":67,"caption":"VitaBlanca"},"image":{"@id":"https:\/\/vitablanca.ma\/#\/schema\/logo\/image\/"},"sameAs":["https:\/\/www.facebook.com\/profile.php?id=61576678196717","https:\/\/www.tiktok.com\/@vitablanca.ma","https:\/\/www.instagram.com\/vitablanca.ma\/"]}]}},"jetpack_sharing_enabled":true,"_links":{"self":[{"href":"https:\/\/vitablanca.ma\/en\/wp-json\/wp\/v2\/product\/30816","targetHints":{"allow":["GET"]}}],"collection":[{"href":"https:\/\/vitablanca.ma\/en\/wp-json\/wp\/v2\/product"}],"about":[{"href":"https:\/\/vitablanca.ma\/en\/wp-json\/wp\/v2\/types\/product"}],"wp:featuredmedia":[{"embeddable":true,"href":"https:\/\/vitablanca.ma\/en\/wp-json\/wp\/v2\/media\/30818"}],"wp:attachment":[{"href":"https:\/\/vitablanca.ma\/en\/wp-json\/wp\/v2\/media?parent=30816"}],"wp:term":[{"taxonomy":"product_brand","embeddable":true,"href":"https:\/\/vitablanca.ma\/en\/wp-json\/wp\/v2\/product_brand?post=30816"},{"taxonomy":"product_cat","embeddable":true,"href":"https:\/\/vitablanca.ma\/en\/wp-json\/wp\/v2\/product_cat?post=30816"},{"taxonomy":"product_tag","embeddable":true,"href":"https:\/\/vitablanca.ma\/en\/wp-json\/wp\/v2\/product_tag?post=30816"}],"curies":[{"name":"wp","href":"https:\/\/api.w.org\/{rel}","templated":true}]}}