{"id":30719,"date":"2026-03-02T03:18:03","date_gmt":"2026-03-02T03:18:03","guid":{"rendered":"https:\/\/vitablanca.ma\/produit\/celimax-derma-nature-relief-madecica-ph-balancing-foam-cleansing-150-ml\/"},"modified":"2026-03-08T01:07:56","modified_gmt":"2026-03-08T01:07:56","slug":"celimax-derma-nature-relief-madecica-ph-balancing-foam-cleansing-150-ml","status":"publish","type":"product","link":"https:\/\/vitablanca.ma\/en\/product\/celimax-derma-nature-relief-madecica-ph-balancing-foam-cleansing-150-ml\/","title":{"rendered":"CELIMAX Derma Nature Relief Madecica pH Balancing Foam Cleansing &#8211; 150 ml"},"content":{"rendered":"<p class=\"MsoNormal\"><span style=\"font-family: 'Arial','sans-serif'; color: black;\">Le <b>nettoyant moussant<\/b> \u00e9quilibrant <b>pH<\/b> Madecica de <b>Celimax Derma Nature Relief<\/b> est un nettoyant moussant \u00e0 pH faible qui \u00e9limine en douceur toutes les impuret\u00e9s tout en \u00e9quilibrant le pH, en r\u00e9parant et en hydratant la peau. Il est compos\u00e9 d&rsquo;ingr\u00e9dients purs adapt\u00e9s \u00e0 tous les types de peau.<\/span><\/p>\n<p class=\"MsoListParagraph\" style=\"text-indent: -18.0pt;\"><!-- [if !supportLists]--><span style=\"font-family: Symbol; color: black;\">\u00b7<span style=\"font: 7.0pt 'Times New Roman';\">\u00a0\u00a0\u00a0\u00a0\u00a0\u00a0 <\/span><\/span><!--[endif]--><span style=\"font-family: 'Arial','sans-serif'; color: black;\">\u00c9limine les impuret\u00e9s sans dess\u00e9cher ni agresser la peau, et pr\u00e9vient l&rsquo;apparition de nouvelles imperfections.<\/span><\/p>\n<p class=\"MsoListParagraph\" style=\"text-indent: -18.0pt;\"><!-- [if !supportLists]--><span style=\"font-family: Symbol; color: black;\">\u00b7<span style=\"font: 7.0pt 'Times New Roman';\">\u00a0\u00a0\u00a0\u00a0\u00a0\u00a0 <\/span><\/span><!--[endif]--><span style=\"font-family: 'Arial','sans-serif'; color: black;\">Cinq acides hyaluroniques diff\u00e9rents renforcent la barri\u00e8re d&rsquo;hydratation cutan\u00e9e et r\u00e9hydratent la peau, \u00e9vitant les tiraillements et transformant une peau s\u00e8che et sensible en une peau saine et hydrat\u00e9e.<\/span><\/p>\n<p class=\"MsoListParagraph\" style=\"text-indent: -18.0pt;\"><!-- [if !supportLists]--><span style=\"font-family: Symbol; color: black;\">\u00b7<span style=\"font: 7.0pt 'Times New Roman';\">\u00a0\u00a0\u00a0\u00a0\u00a0\u00a0 <\/span><\/span><!--[endif]--><span style=\"font-family: 'Arial','sans-serif'; color: black;\">La Mousse Nettoyante Madecica poss\u00e8de un pH de 4,2 \u00e0 6, ce qui la rend l\u00e9g\u00e8rement acide et contribue \u00e0 maintenir l&rsquo;\u00e9quilibre de la peau. Un nettoyant trop alcalin perturberait le film hydrolipidique cutan\u00e9, rendant la peau s\u00e8che et sensible.<\/span><\/p>\n<p class=\"MsoListParagraph\" style=\"text-indent: -18.0pt;\"><!-- [if !supportLists]--><span style=\"font-family: Symbol; color: black;\">\u00b7<span style=\"font: 7.0pt 'Times New Roman';\">\u00a0\u00a0\u00a0\u00a0\u00a0\u00a0 <\/span><\/span><!--[endif]--><span style=\"font-family: 'Arial','sans-serif'; color: black;\">Ce nettoyant contient des ingr\u00e9dients apaisants, tels que le mad\u00e9cassoside, reconnu pour ses propri\u00e9t\u00e9s apaisantes et r\u00e9paratrices, et la centella asiatica, connue pour ses puissantes propri\u00e9t\u00e9s anti-inflammatoires et son action r\u00e9gulatrice de la production excessive de s\u00e9bum.<\/span><\/p>\n<p class=\"MsoNormal\"><span style=\"font-family: 'Arial','sans-serif'; color: black;\">Limit\u00e9 aux propri\u00e9t\u00e9s des ingr\u00e9dients bruts.<\/span><\/p>\n<p class=\"MsoNormal\"><span style=\"font-family: 'Arial','sans-serif'; color: black;\">Les microbulles de tensioactif d&rsquo;origine naturelle \u00e0 base d&rsquo;huile de coco p\u00e9n\u00e8trent en profondeur dans les pores et \u00e9liminent impuret\u00e9s, exc\u00e8s de s\u00e9bum, maquillage et r\u00e9sidus.<\/span><\/p>\n","protected":false},"excerpt":{"rendered":"<p>Le nettoyant moussant \u00e9quilibrant pH Madecica de Celimax Derma Nature Relief est un nettoyant moussant \u00e0 pH faible qui \u00e9limine en douceur toutes les impuret\u00e9s tout en \u00e9quilibrant le pH, en r\u00e9parant et en hydratant la peau. Il est compos\u00e9 d&rsquo;ingr\u00e9dients purs adapt\u00e9s \u00e0 tous les types de peau. \u00b7\u00a0\u00a0\u00a0\u00a0\u00a0\u00a0 \u00c9limine les impuret\u00e9s sans dess\u00e9cher [&hellip;]<\/p>\n","protected":false},"featured_media":30714,"template":"","meta":{"om_disable_all_campaigns":false},"product_brand":[3897],"product_cat":[18,15,1117],"product_tag":[11226,11224,11225,11235,11236,11232,11230,11231,11234,11227,11233,11228,11229],"class_list":{"0":"post-30719","1":"product","2":"type-product","3":"status-publish","4":"has-post-thumbnail","6":"product_brand-allmax","7":"product_cat-beaute-sante","8":"product_cat-beaute-sante-complements-alimentaires-soins-et-bien-etre-au-meilleur-prix","9":"product_cat-korean-skin-care","10":"product_tag-celimax-derma-nature-relief-cleanser","11":"product_tag-celimax-madecica-cleanser","12":"product_tag-celimax-ph-balancing-foam-cleanser","13":"product_tag-celimax-skincare","14":"product_tag-gel-nettoyant-visage-150ml","15":"product_tag-k-beauty-cleanser","16":"product_tag-nettoyant-apaisant-cica","17":"product_tag-nettoyant-peau-sensible-coree","18":"product_tag-nettoyant-visage-anti-rougeurs","19":"product_tag-nettoyant-visage-centella-asiatica","20":"product_tag-nettoyant-visage-hydratant","21":"product_tag-nettoyant-visage-peau-sensible","22":"product_tag-nettoyant-visage-ph-5-5","24":"first","25":"outofstock","26":"taxable","27":"shipping-taxable","28":"purchasable","29":"product-type-simple"},"yoast_head":"<!-- This site is optimized with the Yoast SEO plugin v27.4 - https:\/\/yoast.com\/product\/yoast-seo-wordpress\/ -->\n<title>CELIMAX Derma Nature Relief Madecica pH 150 ml - Maroc Prix<\/title>\n<meta name=\"description\" content=\"Celimax Derma Nature Relief Madecica pH Balancing Foam Cleansing 150ml nettoie la peau en douceur, apaise les irritations et maintient l\u2019\u00e9quilibre du pH.\" \/>\n<meta name=\"robots\" content=\"index, follow, max-snippet:-1, max-image-preview:large, max-video-preview:-1\" \/>\n<link rel=\"canonical\" href=\"https:\/\/vitablanca.ma\/en\/product\/celimax-derma-nature-relief-madecica-ph-balancing-foam-cleansing-150-ml\/\" \/>\n<meta property=\"og:locale\" content=\"en_US\" \/>\n<meta property=\"og:type\" content=\"article\" \/>\n<meta property=\"og:title\" content=\"CELIMAX Derma Nature Relief Madecica pH 150 ml - Maroc Prix\" \/>\n<meta property=\"og:description\" content=\"Celimax Derma Nature Relief Madecica pH Balancing Foam Cleansing 150ml nettoie la peau en douceur, apaise les irritations et maintient l\u2019\u00e9quilibre du pH.\" \/>\n<meta property=\"og:url\" content=\"https:\/\/vitablanca.ma\/en\/product\/celimax-derma-nature-relief-madecica-ph-balancing-foam-cleansing-150-ml\/\" \/>\n<meta property=\"og:site_name\" content=\"Vitablanca.ma &ndash; Sant&eacute;, vitalit&eacute; et bien-&ecirc;tre pour tous les Marocains\" \/>\n<meta property=\"article:publisher\" content=\"https:\/\/www.facebook.com\/profile.php?id=61576678196717\" \/>\n<meta property=\"article:modified_time\" content=\"2026-03-08T01:07:56+00:00\" \/>\n<meta property=\"og:image\" content=\"https:\/\/vitablanca.ma\/wp-content\/uploads\/2026\/03\/CELIMAXDermaNatureReliefMadecicapHBalancingFoamCleansing-150ml4.jpg\" \/>\n\t<meta property=\"og:image:width\" content=\"1080\" \/>\n\t<meta property=\"og:image:height\" content=\"1080\" \/>\n\t<meta property=\"og:image:type\" content=\"image\/jpeg\" \/>\n<meta name=\"twitter:card\" content=\"summary_large_image\" \/>\n<meta name=\"twitter:label1\" content=\"Est. reading time\" \/>\n\t<meta name=\"twitter:data1\" content=\"2 minutes\" \/>\n<script type=\"application\/ld+json\" class=\"yoast-schema-graph\">{\"@context\":\"https:\\\/\\\/schema.org\",\"@graph\":[{\"@type\":[\"WebPage\",\"ItemPage\"],\"@id\":\"https:\\\/\\\/vitablanca.ma\\\/produit\\\/celimax-derma-nature-relief-madecica-ph-balancing-foam-cleansing-150-ml\\\/\",\"url\":\"https:\\\/\\\/vitablanca.ma\\\/produit\\\/celimax-derma-nature-relief-madecica-ph-balancing-foam-cleansing-150-ml\\\/\",\"name\":\"CELIMAX Derma Nature Relief Madecica pH 150 ml - Maroc Prix\",\"isPartOf\":{\"@id\":\"https:\\\/\\\/vitablanca.ma\\\/#website\"},\"primaryImageOfPage\":{\"@id\":\"https:\\\/\\\/vitablanca.ma\\\/produit\\\/celimax-derma-nature-relief-madecica-ph-balancing-foam-cleansing-150-ml\\\/#primaryimage\"},\"image\":{\"@id\":\"https:\\\/\\\/vitablanca.ma\\\/produit\\\/celimax-derma-nature-relief-madecica-ph-balancing-foam-cleansing-150-ml\\\/#primaryimage\"},\"thumbnailUrl\":\"https:\\\/\\\/vitablanca.ma\\\/wp-content\\\/uploads\\\/2026\\\/03\\\/CELIMAXDermaNatureReliefMadecicapHBalancingFoamCleansing-150ml4.jpg\",\"datePublished\":\"2026-03-02T03:18:03+00:00\",\"dateModified\":\"2026-03-08T01:07:56+00:00\",\"description\":\"Celimax Derma Nature Relief Madecica pH Balancing Foam Cleansing 150ml nettoie la peau en douceur, apaise les irritations et maintient l\u2019\u00e9quilibre du pH.\",\"breadcrumb\":{\"@id\":\"https:\\\/\\\/vitablanca.ma\\\/produit\\\/celimax-derma-nature-relief-madecica-ph-balancing-foam-cleansing-150-ml\\\/#breadcrumb\"},\"inLanguage\":\"en-US\",\"potentialAction\":[{\"@type\":\"ReadAction\",\"target\":[\"https:\\\/\\\/vitablanca.ma\\\/produit\\\/celimax-derma-nature-relief-madecica-ph-balancing-foam-cleansing-150-ml\\\/\"]}]},{\"@type\":\"ImageObject\",\"inLanguage\":\"en-US\",\"@id\":\"https:\\\/\\\/vitablanca.ma\\\/produit\\\/celimax-derma-nature-relief-madecica-ph-balancing-foam-cleansing-150-ml\\\/#primaryimage\",\"url\":\"https:\\\/\\\/vitablanca.ma\\\/wp-content\\\/uploads\\\/2026\\\/03\\\/CELIMAXDermaNatureReliefMadecicapHBalancingFoamCleansing-150ml4.jpg\",\"contentUrl\":\"https:\\\/\\\/vitablanca.ma\\\/wp-content\\\/uploads\\\/2026\\\/03\\\/CELIMAXDermaNatureReliefMadecicapHBalancingFoamCleansing-150ml4.jpg\",\"width\":1080,\"height\":1080},{\"@type\":\"BreadcrumbList\",\"@id\":\"https:\\\/\\\/vitablanca.ma\\\/produit\\\/celimax-derma-nature-relief-madecica-ph-balancing-foam-cleansing-150-ml\\\/#breadcrumb\",\"itemListElement\":[{\"@type\":\"ListItem\",\"position\":1,\"name\":\"Home\",\"item\":\"https:\\\/\\\/vitablanca.ma\\\/\"},{\"@type\":\"ListItem\",\"position\":2,\"name\":\"Tous Les Produits\",\"item\":\"https:\\\/\\\/vitablanca.ma\\\/tous-les-produits\\\/\"},{\"@type\":\"ListItem\",\"position\":3,\"name\":\"CELIMAX Derma Nature Relief Madecica pH Balancing Foam Cleansing &#8211; 150 ml\"}]},{\"@type\":\"WebSite\",\"@id\":\"https:\\\/\\\/vitablanca.ma\\\/#website\",\"url\":\"https:\\\/\\\/vitablanca.ma\\\/\",\"name\":\"VitaBlanca.ma | Compl\u00e9ments alimentaires, sant\u00e9 & beaut\u00e9 au Maroc\",\"description\":\"vendre vitamines et compl\u00e9ments premium des USA &amp; Canada, Nouvelle Z\u00e9lande,Maroc (NOW Foods, Solgar, Manuka). Livraison rapide partout au Maroc.\",\"publisher\":{\"@id\":\"https:\\\/\\\/vitablanca.ma\\\/#organization\"},\"alternateName\":\"VitaBlanca.ma\",\"potentialAction\":[{\"@type\":\"SearchAction\",\"target\":{\"@type\":\"EntryPoint\",\"urlTemplate\":\"https:\\\/\\\/vitablanca.ma\\\/?s={search_term_string}\"},\"query-input\":{\"@type\":\"PropertyValueSpecification\",\"valueRequired\":true,\"valueName\":\"search_term_string\"}}],\"inLanguage\":\"en-US\"},{\"@type\":\"Organization\",\"@id\":\"https:\\\/\\\/vitablanca.ma\\\/#organization\",\"name\":\"VitaBlanca\",\"url\":\"https:\\\/\\\/vitablanca.ma\\\/\",\"logo\":{\"@type\":\"ImageObject\",\"inLanguage\":\"en-US\",\"@id\":\"https:\\\/\\\/vitablanca.ma\\\/#\\\/schema\\\/logo\\\/image\\\/\",\"url\":\"https:\\\/\\\/vitablanca.ma\\\/wp-content\\\/uploads\\\/2025\\\/05\\\/cropped-vitablanca.png\",\"contentUrl\":\"https:\\\/\\\/vitablanca.ma\\\/wp-content\\\/uploads\\\/2025\\\/05\\\/cropped-vitablanca.png\",\"width\":360,\"height\":67,\"caption\":\"VitaBlanca\"},\"image\":{\"@id\":\"https:\\\/\\\/vitablanca.ma\\\/#\\\/schema\\\/logo\\\/image\\\/\"},\"sameAs\":[\"https:\\\/\\\/www.facebook.com\\\/profile.php?id=61576678196717\",\"https:\\\/\\\/www.tiktok.com\\\/@vitablanca.ma\",\"https:\\\/\\\/www.instagram.com\\\/vitablanca.ma\\\/\"]}]}<\/script>\n<!-- \/ Yoast SEO plugin. -->","yoast_head_json":{"title":"CELIMAX Derma Nature Relief Madecica pH 150 ml - Maroc Prix","description":"Celimax Derma Nature Relief Madecica pH Balancing Foam Cleansing 150ml nettoie la peau en douceur, apaise les irritations et maintient l\u2019\u00e9quilibre du pH.","robots":{"index":"index","follow":"follow","max-snippet":"max-snippet:-1","max-image-preview":"max-image-preview:large","max-video-preview":"max-video-preview:-1"},"canonical":"https:\/\/vitablanca.ma\/en\/product\/celimax-derma-nature-relief-madecica-ph-balancing-foam-cleansing-150-ml\/","og_locale":"en_US","og_type":"article","og_title":"CELIMAX Derma Nature Relief Madecica pH 150 ml - Maroc Prix","og_description":"Celimax Derma Nature Relief Madecica pH Balancing Foam Cleansing 150ml nettoie la peau en douceur, apaise les irritations et maintient l\u2019\u00e9quilibre du pH.","og_url":"https:\/\/vitablanca.ma\/en\/product\/celimax-derma-nature-relief-madecica-ph-balancing-foam-cleansing-150-ml\/","og_site_name":"Vitablanca.ma &ndash; Sant&eacute;, vitalit&eacute; et bien-&ecirc;tre pour tous les Marocains","article_publisher":"https:\/\/www.facebook.com\/profile.php?id=61576678196717","article_modified_time":"2026-03-08T01:07:56+00:00","og_image":[{"width":1080,"height":1080,"url":"https:\/\/vitablanca.ma\/wp-content\/uploads\/2026\/03\/CELIMAXDermaNatureReliefMadecicapHBalancingFoamCleansing-150ml4.jpg","type":"image\/jpeg"}],"twitter_card":"summary_large_image","twitter_misc":{"Est. reading time":"2 minutes"},"schema":{"@context":"https:\/\/schema.org","@graph":[{"@type":["WebPage","ItemPage"],"@id":"https:\/\/vitablanca.ma\/produit\/celimax-derma-nature-relief-madecica-ph-balancing-foam-cleansing-150-ml\/","url":"https:\/\/vitablanca.ma\/produit\/celimax-derma-nature-relief-madecica-ph-balancing-foam-cleansing-150-ml\/","name":"CELIMAX Derma Nature Relief Madecica pH 150 ml - Maroc Prix","isPartOf":{"@id":"https:\/\/vitablanca.ma\/#website"},"primaryImageOfPage":{"@id":"https:\/\/vitablanca.ma\/produit\/celimax-derma-nature-relief-madecica-ph-balancing-foam-cleansing-150-ml\/#primaryimage"},"image":{"@id":"https:\/\/vitablanca.ma\/produit\/celimax-derma-nature-relief-madecica-ph-balancing-foam-cleansing-150-ml\/#primaryimage"},"thumbnailUrl":"https:\/\/vitablanca.ma\/wp-content\/uploads\/2026\/03\/CELIMAXDermaNatureReliefMadecicapHBalancingFoamCleansing-150ml4.jpg","datePublished":"2026-03-02T03:18:03+00:00","dateModified":"2026-03-08T01:07:56+00:00","description":"Celimax Derma Nature Relief Madecica pH Balancing Foam Cleansing 150ml nettoie la peau en douceur, apaise les irritations et maintient l\u2019\u00e9quilibre du pH.","breadcrumb":{"@id":"https:\/\/vitablanca.ma\/produit\/celimax-derma-nature-relief-madecica-ph-balancing-foam-cleansing-150-ml\/#breadcrumb"},"inLanguage":"en-US","potentialAction":[{"@type":"ReadAction","target":["https:\/\/vitablanca.ma\/produit\/celimax-derma-nature-relief-madecica-ph-balancing-foam-cleansing-150-ml\/"]}]},{"@type":"ImageObject","inLanguage":"en-US","@id":"https:\/\/vitablanca.ma\/produit\/celimax-derma-nature-relief-madecica-ph-balancing-foam-cleansing-150-ml\/#primaryimage","url":"https:\/\/vitablanca.ma\/wp-content\/uploads\/2026\/03\/CELIMAXDermaNatureReliefMadecicapHBalancingFoamCleansing-150ml4.jpg","contentUrl":"https:\/\/vitablanca.ma\/wp-content\/uploads\/2026\/03\/CELIMAXDermaNatureReliefMadecicapHBalancingFoamCleansing-150ml4.jpg","width":1080,"height":1080},{"@type":"BreadcrumbList","@id":"https:\/\/vitablanca.ma\/produit\/celimax-derma-nature-relief-madecica-ph-balancing-foam-cleansing-150-ml\/#breadcrumb","itemListElement":[{"@type":"ListItem","position":1,"name":"Home","item":"https:\/\/vitablanca.ma\/"},{"@type":"ListItem","position":2,"name":"Tous Les Produits","item":"https:\/\/vitablanca.ma\/tous-les-produits\/"},{"@type":"ListItem","position":3,"name":"CELIMAX Derma Nature Relief Madecica pH Balancing Foam Cleansing &#8211; 150 ml"}]},{"@type":"WebSite","@id":"https:\/\/vitablanca.ma\/#website","url":"https:\/\/vitablanca.ma\/","name":"VitaBlanca.ma | Food supplements, health &amp; beauty in Morocco","description":"sell premium vitamins and supplements from USA &amp; Canada, New Zealand, Morocco (NOW Foods, Solgar, Manuka). Fast delivery anywhere in Morocco.","publisher":{"@id":"https:\/\/vitablanca.ma\/#organization"},"alternateName":"VitaBlanca.ma","potentialAction":[{"@type":"SearchAction","target":{"@type":"EntryPoint","urlTemplate":"https:\/\/vitablanca.ma\/?s={search_term_string}"},"query-input":{"@type":"PropertyValueSpecification","valueRequired":true,"valueName":"search_term_string"}}],"inLanguage":"en-US"},{"@type":"Organization","@id":"https:\/\/vitablanca.ma\/#organization","name":"VitaBlanca","url":"https:\/\/vitablanca.ma\/","logo":{"@type":"ImageObject","inLanguage":"en-US","@id":"https:\/\/vitablanca.ma\/#\/schema\/logo\/image\/","url":"https:\/\/vitablanca.ma\/wp-content\/uploads\/2025\/05\/cropped-vitablanca.png","contentUrl":"https:\/\/vitablanca.ma\/wp-content\/uploads\/2025\/05\/cropped-vitablanca.png","width":360,"height":67,"caption":"VitaBlanca"},"image":{"@id":"https:\/\/vitablanca.ma\/#\/schema\/logo\/image\/"},"sameAs":["https:\/\/www.facebook.com\/profile.php?id=61576678196717","https:\/\/www.tiktok.com\/@vitablanca.ma","https:\/\/www.instagram.com\/vitablanca.ma\/"]}]}},"jetpack_sharing_enabled":true,"_links":{"self":[{"href":"https:\/\/vitablanca.ma\/en\/wp-json\/wp\/v2\/product\/30719","targetHints":{"allow":["GET"]}}],"collection":[{"href":"https:\/\/vitablanca.ma\/en\/wp-json\/wp\/v2\/product"}],"about":[{"href":"https:\/\/vitablanca.ma\/en\/wp-json\/wp\/v2\/types\/product"}],"wp:featuredmedia":[{"embeddable":true,"href":"https:\/\/vitablanca.ma\/en\/wp-json\/wp\/v2\/media\/30714"}],"wp:attachment":[{"href":"https:\/\/vitablanca.ma\/en\/wp-json\/wp\/v2\/media?parent=30719"}],"wp:term":[{"taxonomy":"product_brand","embeddable":true,"href":"https:\/\/vitablanca.ma\/en\/wp-json\/wp\/v2\/product_brand?post=30719"},{"taxonomy":"product_cat","embeddable":true,"href":"https:\/\/vitablanca.ma\/en\/wp-json\/wp\/v2\/product_cat?post=30719"},{"taxonomy":"product_tag","embeddable":true,"href":"https:\/\/vitablanca.ma\/en\/wp-json\/wp\/v2\/product_tag?post=30719"}],"curies":[{"name":"wp","href":"https:\/\/api.w.org\/{rel}","templated":true}]}}