{"id":30704,"date":"2026-03-02T03:17:41","date_gmt":"2026-03-02T03:17:41","guid":{"rendered":"https:\/\/vitablanca.ma\/produit\/celimax-pore-dark-spot-brightening-serum-30-ml\/"},"modified":"2026-03-07T19:36:16","modified_gmt":"2026-03-07T19:36:16","slug":"celimax-pore-dark-spot-brightening-serum-30-ml","status":"publish","type":"product","link":"https:\/\/vitablanca.ma\/en\/product\/celimax-pore-dark-spot-brightening-serum-30-ml\/","title":{"rendered":"CELIMAX PORE + DARK SPOT BRIGHTENING SERUM &#8211; 30 ml"},"content":{"rendered":"<p class=\"MsoNormal\" style=\"margin-bottom: .0001pt; line-height: normal; background: white; vertical-align: baseline;\"><span style=\"font-family: 'Arial','sans-serif'; color: #262626; border: none windowtext 1.0pt; padding: 0cm;\">Discover our <b>S\u00e9rum \u00c9claircissant<\/b> \u00e0 l&rsquo;Acide Tranexamique <b>Celimax &#8211; Pore+Dark Spot Brightening Serum 30ml.<\/b> Avec ses ingr\u00e9dients puissants tels que l&rsquo;Acide Tranexamique, la Niacinamide et le Melazero V2, il aide \u00e0 att\u00e9nuer les taches brunes et \u00e0 unifier le teint. Sa texture l\u00e9g\u00e8re et hydratante laisse une peau \u00e9clatante et sans r\u00e9sidu gras.<\/span><span style=\"font-family: 'Arial','sans-serif'; color: #262626; border: none windowtext 1.0pt; padding: 0cm;\">Test\u00e9 dermatologiquement, il est hypoallerg\u00e9nique et convient aux peaux sensibles.<\/span><\/p>\n<p class=\"MsoNormal\" style=\"line-height: normal; background: white;\"><b><span style=\"font-family: 'Arial','sans-serif'; color: #262626;\">Hypoallerg\u00e9nique, il convient aux peaux sensibles.<\/span><\/b><\/p>\n<ul>\n<li class=\"MsoNormal\" style=\"line-height: normal; background: white;\"><span style=\"font-family: 'Arial','sans-serif'; color: #262626;\">Unifie la teinte du visage<\/span><\/li>\n<li class=\"MsoNormal\" style=\"line-height: normal; background: white;\"><span style=\"font-family: 'Arial','sans-serif'; color: #262626;\">R\u00e9tracte les pores dilat\u00e9s<\/span><\/li>\n<li class=\"MsoNormal\" style=\"line-height: normal; background: white;\"><span style=\"font-family: 'Arial','sans-serif'; color: #262626;\">Lightens<\/span><\/li>\n<li class=\"MsoNormal\" style=\"line-height: normal; background: white;\"><span style=\"font-family: 'Arial','sans-serif'; color: #262626;\">R\u00e9duit les taches pigmentaires<\/span><\/li>\n<li class=\"MsoNormal\" style=\"line-height: normal; background: white;\"><span style=\"font-family: 'Arial','sans-serif'; color: #262626;\">Minimise la production excessive de s\u00e9bum cutan\u00e9<\/span><\/li>\n<li class=\"MsoNormal\" style=\"line-height: normal; background: white;\"><span style=\"font-family: 'Arial','sans-serif'; color: #262626;\">R\u00e9g\u00e9n\u00e8re la peau et pr\u00e9vient les irritations<\/span><\/li>\n<li class=\"MsoNormal\" style=\"line-height: normal; background: white;\"><span style=\"font-family: 'Arial','sans-serif'; color: #262626;\">Affine le grain de peau irr\u00e9gulier<\/span><\/li>\n<\/ul>\n<p class=\"MsoNormal\" style=\"line-height: normal; background: white;\"><b><span style=\"font-family: 'Arial','sans-serif'; color: #262626;\">Instructions for use:<\/span><\/b><span style=\"font-family: 'Arial','sans-serif'; color: #262626;\"><br \/>\nTapotez du bout des doigts pour faire p\u00e9n\u00e9trer le s\u00e9rum dans la peau propre. Appliquez sur le visage, le cou et le d\u00e9collet\u00e9. Utilisez matin et\/ou soir.<\/span><\/p>","protected":false},"excerpt":{"rendered":"<p>D\u00e9couvrez notre S\u00e9rum \u00c9claircissant \u00e0 l&rsquo;Acide Tranexamique Celimax &#8211; Pore+Dark Spot Brightening Serum 30ml. Avec ses ingr\u00e9dients puissants tels que l&rsquo;Acide Tranexamique, la Niacinamide et le Melazero V2, il aide \u00e0 att\u00e9nuer les taches brunes et \u00e0 unifier le teint. Sa texture l\u00e9g\u00e8re et hydratante laisse une peau \u00e9clatante et sans r\u00e9sidu gras.Test\u00e9 dermatologiquement, il [&hellip;]<\/p>\n","protected":false},"featured_media":30698,"template":"","meta":{"om_disable_all_campaigns":false},"product_brand":[7136],"product_cat":[18,15,1117],"product_tag":[11252,11250,11251,11235,11220,11253,3411,11217,10370,11254,11221,11255,11256],"class_list":{"0":"post-30704","1":"product","2":"type-product","3":"status-publish","4":"has-post-thumbnail","6":"product_brand-celimax","7":"product_cat-beaute-sante","8":"product_cat-beaute-sante-complements-alimentaires-soins-et-bien-etre-au-meilleur-prix","9":"product_cat-korean-skin-care","10":"product_tag-celimax-brightening-serum","11":"product_tag-celimax-pore-dark-spot-brightening-serum","12":"product_tag-celimax-serum-anti-taches","13":"product_tag-celimax-skincare","14":"product_tag-k-beauty-serum","15":"product_tag-serum-anti-taches-visage","16":"product_tag-serum-anti-hyperpigmentation","17":"product_tag-serum-eclaircissant-visage","18":"product_tag-serum-eclat-visage","19":"product_tag-serum-pores-dilates","20":"product_tag-serum-teint-uniforme","21":"product_tag-serum-visage-coreen","22":"product_tag-soin-anti-taches-30ml","24":"first","25":"instock","26":"taxable","27":"shipping-taxable","28":"purchasable","29":"product-type-simple"},"yoast_head":"<!-- This site is optimized with the Yoast SEO plugin v27.4 - https:\/\/yoast.com\/product\/yoast-seo-wordpress\/ -->\n<title>CELIMAX PORE + DARK SPOT - 30 ml - Maroc Prix<\/title>\n<meta name=\"description\" content=\"Le s\u00e9rum Celimax Pore + Dark Spot Brightening Serum 30ml aide \u00e0 r\u00e9duire les taches pigmentaires, illuminer le teint pour une peau plus lisse .\" \/>\n<meta name=\"robots\" content=\"index, follow, max-snippet:-1, max-image-preview:large, max-video-preview:-1\" \/>\n<link rel=\"canonical\" href=\"https:\/\/vitablanca.ma\/en\/product\/celimax-pore-dark-spot-brightening-serum-30-ml\/\" \/>\n<meta property=\"og:locale\" content=\"en_US\" \/>\n<meta property=\"og:type\" content=\"article\" \/>\n<meta property=\"og:title\" content=\"CELIMAX PORE + DARK SPOT - 30 ml - Maroc Prix\" \/>\n<meta property=\"og:description\" content=\"Le s\u00e9rum Celimax Pore + Dark Spot Brightening Serum 30ml aide \u00e0 r\u00e9duire les taches pigmentaires, illuminer le teint pour une peau plus lisse .\" \/>\n<meta property=\"og:url\" content=\"https:\/\/vitablanca.ma\/en\/product\/celimax-pore-dark-spot-brightening-serum-30-ml\/\" \/>\n<meta property=\"og:site_name\" content=\"Vitablanca.ma &ndash; Sant&eacute;, vitalit&eacute; et bien-&ecirc;tre pour tous les Marocains\" \/>\n<meta property=\"article:publisher\" content=\"https:\/\/www.facebook.com\/profile.php?id=61576678196717\" \/>\n<meta property=\"article:modified_time\" content=\"2026-03-07T19:36:16+00:00\" \/>\n<meta property=\"og:image\" content=\"https:\/\/vitablanca.ma\/wp-content\/uploads\/2026\/03\/CELIMAXPORE_DARKSPOTBRIGHTENINGSERUM-30ml1.jpg\" \/>\n\t<meta property=\"og:image:width\" content=\"1080\" \/>\n\t<meta property=\"og:image:height\" content=\"1080\" \/>\n\t<meta property=\"og:image:type\" content=\"image\/jpeg\" \/>\n<meta name=\"twitter:card\" content=\"summary_large_image\" \/>\n<meta name=\"twitter:label1\" content=\"Est. reading time\" \/>\n\t<meta name=\"twitter:data1\" content=\"1 minute\" \/>\n<script type=\"application\/ld+json\" class=\"yoast-schema-graph\">{\"@context\":\"https:\\\/\\\/schema.org\",\"@graph\":[{\"@type\":[\"WebPage\",\"ItemPage\"],\"@id\":\"https:\\\/\\\/vitablanca.ma\\\/produit\\\/celimax-pore-dark-spot-brightening-serum-30-ml\\\/\",\"url\":\"https:\\\/\\\/vitablanca.ma\\\/produit\\\/celimax-pore-dark-spot-brightening-serum-30-ml\\\/\",\"name\":\"CELIMAX PORE + DARK SPOT - 30 ml - Maroc Prix\",\"isPartOf\":{\"@id\":\"https:\\\/\\\/vitablanca.ma\\\/#website\"},\"primaryImageOfPage\":{\"@id\":\"https:\\\/\\\/vitablanca.ma\\\/produit\\\/celimax-pore-dark-spot-brightening-serum-30-ml\\\/#primaryimage\"},\"image\":{\"@id\":\"https:\\\/\\\/vitablanca.ma\\\/produit\\\/celimax-pore-dark-spot-brightening-serum-30-ml\\\/#primaryimage\"},\"thumbnailUrl\":\"https:\\\/\\\/vitablanca.ma\\\/wp-content\\\/uploads\\\/2026\\\/03\\\/CELIMAXPORE_DARKSPOTBRIGHTENINGSERUM-30ml1.jpg\",\"datePublished\":\"2026-03-02T03:17:41+00:00\",\"dateModified\":\"2026-03-07T19:36:16+00:00\",\"description\":\"Le s\u00e9rum Celimax Pore + Dark Spot Brightening Serum 30ml aide \u00e0 r\u00e9duire les taches pigmentaires, illuminer le teint pour une peau plus lisse .\",\"breadcrumb\":{\"@id\":\"https:\\\/\\\/vitablanca.ma\\\/produit\\\/celimax-pore-dark-spot-brightening-serum-30-ml\\\/#breadcrumb\"},\"inLanguage\":\"en-US\",\"potentialAction\":[{\"@type\":\"ReadAction\",\"target\":[\"https:\\\/\\\/vitablanca.ma\\\/produit\\\/celimax-pore-dark-spot-brightening-serum-30-ml\\\/\"]}]},{\"@type\":\"ImageObject\",\"inLanguage\":\"en-US\",\"@id\":\"https:\\\/\\\/vitablanca.ma\\\/produit\\\/celimax-pore-dark-spot-brightening-serum-30-ml\\\/#primaryimage\",\"url\":\"https:\\\/\\\/vitablanca.ma\\\/wp-content\\\/uploads\\\/2026\\\/03\\\/CELIMAXPORE_DARKSPOTBRIGHTENINGSERUM-30ml1.jpg\",\"contentUrl\":\"https:\\\/\\\/vitablanca.ma\\\/wp-content\\\/uploads\\\/2026\\\/03\\\/CELIMAXPORE_DARKSPOTBRIGHTENINGSERUM-30ml1.jpg\",\"width\":1080,\"height\":1080},{\"@type\":\"BreadcrumbList\",\"@id\":\"https:\\\/\\\/vitablanca.ma\\\/produit\\\/celimax-pore-dark-spot-brightening-serum-30-ml\\\/#breadcrumb\",\"itemListElement\":[{\"@type\":\"ListItem\",\"position\":1,\"name\":\"Home\",\"item\":\"https:\\\/\\\/vitablanca.ma\\\/\"},{\"@type\":\"ListItem\",\"position\":2,\"name\":\"Tous Les Produits\",\"item\":\"https:\\\/\\\/vitablanca.ma\\\/tous-les-produits\\\/\"},{\"@type\":\"ListItem\",\"position\":3,\"name\":\"CELIMAX PORE + DARK SPOT BRIGHTENING SERUM &#8211; 30 ml\"}]},{\"@type\":\"WebSite\",\"@id\":\"https:\\\/\\\/vitablanca.ma\\\/#website\",\"url\":\"https:\\\/\\\/vitablanca.ma\\\/\",\"name\":\"VitaBlanca.ma | Compl\u00e9ments alimentaires, sant\u00e9 & beaut\u00e9 au Maroc\",\"description\":\"vendre vitamines et compl\u00e9ments premium des USA &amp; Canada, Nouvelle Z\u00e9lande,Maroc (NOW Foods, Solgar, Manuka). Livraison rapide partout au Maroc.\",\"publisher\":{\"@id\":\"https:\\\/\\\/vitablanca.ma\\\/#organization\"},\"alternateName\":\"VitaBlanca.ma\",\"potentialAction\":[{\"@type\":\"SearchAction\",\"target\":{\"@type\":\"EntryPoint\",\"urlTemplate\":\"https:\\\/\\\/vitablanca.ma\\\/?s={search_term_string}\"},\"query-input\":{\"@type\":\"PropertyValueSpecification\",\"valueRequired\":true,\"valueName\":\"search_term_string\"}}],\"inLanguage\":\"en-US\"},{\"@type\":\"Organization\",\"@id\":\"https:\\\/\\\/vitablanca.ma\\\/#organization\",\"name\":\"VitaBlanca\",\"url\":\"https:\\\/\\\/vitablanca.ma\\\/\",\"logo\":{\"@type\":\"ImageObject\",\"inLanguage\":\"en-US\",\"@id\":\"https:\\\/\\\/vitablanca.ma\\\/#\\\/schema\\\/logo\\\/image\\\/\",\"url\":\"https:\\\/\\\/vitablanca.ma\\\/wp-content\\\/uploads\\\/2025\\\/05\\\/cropped-vitablanca.png\",\"contentUrl\":\"https:\\\/\\\/vitablanca.ma\\\/wp-content\\\/uploads\\\/2025\\\/05\\\/cropped-vitablanca.png\",\"width\":360,\"height\":67,\"caption\":\"VitaBlanca\"},\"image\":{\"@id\":\"https:\\\/\\\/vitablanca.ma\\\/#\\\/schema\\\/logo\\\/image\\\/\"},\"sameAs\":[\"https:\\\/\\\/www.facebook.com\\\/profile.php?id=61576678196717\",\"https:\\\/\\\/www.tiktok.com\\\/@vitablanca.ma\",\"https:\\\/\\\/www.instagram.com\\\/vitablanca.ma\\\/\"]}]}<\/script>\n<!-- \/ Yoast SEO plugin. -->","yoast_head_json":{"title":"CELIMAX PORE + DARK SPOT - 30 ml - Maroc Prix","description":"Le s\u00e9rum Celimax Pore + Dark Spot Brightening Serum 30ml aide \u00e0 r\u00e9duire les taches pigmentaires, illuminer le teint pour une peau plus lisse .","robots":{"index":"index","follow":"follow","max-snippet":"max-snippet:-1","max-image-preview":"max-image-preview:large","max-video-preview":"max-video-preview:-1"},"canonical":"https:\/\/vitablanca.ma\/en\/product\/celimax-pore-dark-spot-brightening-serum-30-ml\/","og_locale":"en_US","og_type":"article","og_title":"CELIMAX PORE + DARK SPOT - 30 ml - Maroc Prix","og_description":"Le s\u00e9rum Celimax Pore + Dark Spot Brightening Serum 30ml aide \u00e0 r\u00e9duire les taches pigmentaires, illuminer le teint pour une peau plus lisse .","og_url":"https:\/\/vitablanca.ma\/en\/product\/celimax-pore-dark-spot-brightening-serum-30-ml\/","og_site_name":"Vitablanca.ma &ndash; Sant&eacute;, vitalit&eacute; et bien-&ecirc;tre pour tous les Marocains","article_publisher":"https:\/\/www.facebook.com\/profile.php?id=61576678196717","article_modified_time":"2026-03-07T19:36:16+00:00","og_image":[{"width":1080,"height":1080,"url":"https:\/\/vitablanca.ma\/wp-content\/uploads\/2026\/03\/CELIMAXPORE_DARKSPOTBRIGHTENINGSERUM-30ml1.jpg","type":"image\/jpeg"}],"twitter_card":"summary_large_image","twitter_misc":{"Est. reading time":"1 minute"},"schema":{"@context":"https:\/\/schema.org","@graph":[{"@type":["WebPage","ItemPage"],"@id":"https:\/\/vitablanca.ma\/produit\/celimax-pore-dark-spot-brightening-serum-30-ml\/","url":"https:\/\/vitablanca.ma\/produit\/celimax-pore-dark-spot-brightening-serum-30-ml\/","name":"CELIMAX PORE + DARK SPOT - 30 ml - Maroc Prix","isPartOf":{"@id":"https:\/\/vitablanca.ma\/#website"},"primaryImageOfPage":{"@id":"https:\/\/vitablanca.ma\/produit\/celimax-pore-dark-spot-brightening-serum-30-ml\/#primaryimage"},"image":{"@id":"https:\/\/vitablanca.ma\/produit\/celimax-pore-dark-spot-brightening-serum-30-ml\/#primaryimage"},"thumbnailUrl":"https:\/\/vitablanca.ma\/wp-content\/uploads\/2026\/03\/CELIMAXPORE_DARKSPOTBRIGHTENINGSERUM-30ml1.jpg","datePublished":"2026-03-02T03:17:41+00:00","dateModified":"2026-03-07T19:36:16+00:00","description":"Le s\u00e9rum Celimax Pore + Dark Spot Brightening Serum 30ml aide \u00e0 r\u00e9duire les taches pigmentaires, illuminer le teint pour une peau plus lisse .","breadcrumb":{"@id":"https:\/\/vitablanca.ma\/produit\/celimax-pore-dark-spot-brightening-serum-30-ml\/#breadcrumb"},"inLanguage":"en-US","potentialAction":[{"@type":"ReadAction","target":["https:\/\/vitablanca.ma\/produit\/celimax-pore-dark-spot-brightening-serum-30-ml\/"]}]},{"@type":"ImageObject","inLanguage":"en-US","@id":"https:\/\/vitablanca.ma\/produit\/celimax-pore-dark-spot-brightening-serum-30-ml\/#primaryimage","url":"https:\/\/vitablanca.ma\/wp-content\/uploads\/2026\/03\/CELIMAXPORE_DARKSPOTBRIGHTENINGSERUM-30ml1.jpg","contentUrl":"https:\/\/vitablanca.ma\/wp-content\/uploads\/2026\/03\/CELIMAXPORE_DARKSPOTBRIGHTENINGSERUM-30ml1.jpg","width":1080,"height":1080},{"@type":"BreadcrumbList","@id":"https:\/\/vitablanca.ma\/produit\/celimax-pore-dark-spot-brightening-serum-30-ml\/#breadcrumb","itemListElement":[{"@type":"ListItem","position":1,"name":"Home","item":"https:\/\/vitablanca.ma\/"},{"@type":"ListItem","position":2,"name":"Tous Les Produits","item":"https:\/\/vitablanca.ma\/tous-les-produits\/"},{"@type":"ListItem","position":3,"name":"CELIMAX PORE + DARK SPOT BRIGHTENING SERUM &#8211; 30 ml"}]},{"@type":"WebSite","@id":"https:\/\/vitablanca.ma\/#website","url":"https:\/\/vitablanca.ma\/","name":"VitaBlanca.ma | Food supplements, health &amp; beauty in Morocco","description":"sell premium vitamins and supplements from USA &amp; Canada, New Zealand, Morocco (NOW Foods, Solgar, Manuka). Fast delivery anywhere in Morocco.","publisher":{"@id":"https:\/\/vitablanca.ma\/#organization"},"alternateName":"VitaBlanca.ma","potentialAction":[{"@type":"SearchAction","target":{"@type":"EntryPoint","urlTemplate":"https:\/\/vitablanca.ma\/?s={search_term_string}"},"query-input":{"@type":"PropertyValueSpecification","valueRequired":true,"valueName":"search_term_string"}}],"inLanguage":"en-US"},{"@type":"Organization","@id":"https:\/\/vitablanca.ma\/#organization","name":"VitaBlanca","url":"https:\/\/vitablanca.ma\/","logo":{"@type":"ImageObject","inLanguage":"en-US","@id":"https:\/\/vitablanca.ma\/#\/schema\/logo\/image\/","url":"https:\/\/vitablanca.ma\/wp-content\/uploads\/2025\/05\/cropped-vitablanca.png","contentUrl":"https:\/\/vitablanca.ma\/wp-content\/uploads\/2025\/05\/cropped-vitablanca.png","width":360,"height":67,"caption":"VitaBlanca"},"image":{"@id":"https:\/\/vitablanca.ma\/#\/schema\/logo\/image\/"},"sameAs":["https:\/\/www.facebook.com\/profile.php?id=61576678196717","https:\/\/www.tiktok.com\/@vitablanca.ma","https:\/\/www.instagram.com\/vitablanca.ma\/"]}]}},"jetpack_sharing_enabled":true,"_links":{"self":[{"href":"https:\/\/vitablanca.ma\/en\/wp-json\/wp\/v2\/product\/30704","targetHints":{"allow":["GET"]}}],"collection":[{"href":"https:\/\/vitablanca.ma\/en\/wp-json\/wp\/v2\/product"}],"about":[{"href":"https:\/\/vitablanca.ma\/en\/wp-json\/wp\/v2\/types\/product"}],"wp:featuredmedia":[{"embeddable":true,"href":"https:\/\/vitablanca.ma\/en\/wp-json\/wp\/v2\/media\/30698"}],"wp:attachment":[{"href":"https:\/\/vitablanca.ma\/en\/wp-json\/wp\/v2\/media?parent=30704"}],"wp:term":[{"taxonomy":"product_brand","embeddable":true,"href":"https:\/\/vitablanca.ma\/en\/wp-json\/wp\/v2\/product_brand?post=30704"},{"taxonomy":"product_cat","embeddable":true,"href":"https:\/\/vitablanca.ma\/en\/wp-json\/wp\/v2\/product_cat?post=30704"},{"taxonomy":"product_tag","embeddable":true,"href":"https:\/\/vitablanca.ma\/en\/wp-json\/wp\/v2\/product_tag?post=30704"}],"curies":[{"name":"wp","href":"https:\/\/api.w.org\/{rel}","templated":true}]}}