{"id":30674,"date":"2026-03-02T03:17:00","date_gmt":"2026-03-02T03:17:00","guid":{"rendered":"https:\/\/vitablanca.ma\/produit\/celimax-retinol-shot-tightening-serum-30ml-retinol-shot-tightening-booster-30ml\/"},"modified":"2026-03-07T19:48:57","modified_gmt":"2026-03-07T19:48:57","slug":"celimax-retinol-shot-tightening-serum-30ml-retinol-shot-tightening-booster-30ml","status":"publish","type":"product","link":"https:\/\/vitablanca.ma\/en\/product\/celimax-retinol-shot-tightening-serum-30ml-retinol-shot-tightening-booster-30ml\/","title":{"rendered":"CELIMAX &#8211; RETINOL SHOT TIGHTENING SERUM 30ml + RETINOL SHOT TIGHTENING BOOSTER 30ml"},"content":{"rendered":"<p>Double effet : Infus\u00e9 de r\u00e9tinal et de r\u00e9tinol, combin\u00e9 \u00e0 l&rsquo;A-Shot, con\u00e7u pour p\u00e9n\u00e9trer directement dans les pores et am\u00e9liorer l&rsquo;absorption, le r\u00e9tinal p\u00e9n\u00e8tre en profondeur pour cibler les rides et les pores dilat\u00e9s, favorisant ainsi une peau plus lisse et plus ferme. Des premi\u00e8res rides aux pores dilat\u00e9s, ce soin raffermissant complet est id\u00e9al.<\/p>\n<p><strong>Retinal Booster :<\/strong> Soin innovant qui r\u00e9pond aux probl\u00e8mes de peau tels que les rides, le grain de peau irr\u00e9gulier et les pores dilat\u00e9s. Infus\u00e9 de fortes concentrations de r\u00e9tinal, une forme plus avanc\u00e9e que le r\u00e9tinol, et de MATRIXYL, une seule goutte apporte une \u00e9lasticit\u00e9 profonde aux zones \u00e0 probl\u00e8mes telles que les rides ou les pores dilat\u00e9s.<\/p>\n<p><strong>S\u00e9rum au r\u00e9tinol :<\/strong> Un ingr\u00e9dient microparticulaire raffin\u00e9, 16 fois plus fin que les pores, est con\u00e7u pour p\u00e9n\u00e9trer directement dans les pores et favoriser l\u2019absorption des ingr\u00e9dients actifs. Le r\u00e9tinol \u00e0 la vitamine A pure, et non un d\u00e9riv\u00e9 du r\u00e9tinol, est un ingr\u00e9dient hautement efficace qui am\u00e9liore efficacement les rides et les pores caus\u00e9s par la perte d\u2019\u00e9lasticit\u00e9 de la peau. Neuf peptides fonctionnels diff\u00e9rents agissent ensemble pour am\u00e9liorer l\u2019\u00e9lasticit\u00e9, contribuant ainsi \u00e0 maintenir la peau lisse et ferme.<\/p>\n<p><strong>Instructions for use:<\/strong> Si vous n\u2019utilisez pas de r\u00e9tinol ou de r\u00e9tinol, appliquez-le un soir sur deux pendant les deux premi\u00e8res semaines. Appliquez une petite quantit\u00e9 sur les zones cibl\u00e9es. En cas d\u2019irritation, r\u00e9duisez la quantit\u00e9 et la fr\u00e9quence d\u2019application, et utilisez une cr\u00e8me hydratante contenant des ingr\u00e9dients apaisants. Le r\u00e9tinol peut provoquer un l\u00e9ger jaunissement de la peau apr\u00e8s application. Il dispara\u00eetra compl\u00e8tement apr\u00e8s le nettoyage.<\/p>\n<p><strong>\u00c0 v\u00e9rifier avant utilisation :<\/strong> \u00c9viter le contact avec les yeux et se laver soigneusement les mains apr\u00e8s application. Ce produit est destin\u00e9 \u00e0 un usage nocturne uniquement ; une protection solaire doit \u00eatre appliqu\u00e9e le lendemain. Une application excessive en une seule fois peut provoquer une irritation cutan\u00e9e.<\/p>","protected":false},"excerpt":{"rendered":"<p>Double effet : Infus\u00e9 de r\u00e9tinal et de r\u00e9tinol, combin\u00e9 \u00e0 l&rsquo;A-Shot, con\u00e7u pour p\u00e9n\u00e9trer directement dans les pores et am\u00e9liorer l&rsquo;absorption, le r\u00e9tinal p\u00e9n\u00e8tre en profondeur pour cibler les rides et les pores dilat\u00e9s, favorisant ainsi une peau plus lisse et plus ferme. Des premi\u00e8res rides aux pores dilat\u00e9s, ce soin raffermissant complet est [&hellip;]<\/p>\n","protected":false},"featured_media":30668,"template":"","meta":{"om_disable_all_campaigns":false},"product_brand":[7136],"product_cat":[18,15,1117],"product_tag":[11292,11288,11258,11287,11235,11289,11294,11293,11260,11291,11290,9285],"class_list":{"0":"post-30674","1":"product","2":"type-product","3":"status-publish","4":"has-post-thumbnail","6":"product_brand-celimax","7":"product_cat-beaute-sante","8":"product_cat-beaute-sante-complements-alimentaires-soins-et-bien-etre-au-meilleur-prix","9":"product_cat-korean-skin-care","10":"product_tag-booster-retinol-visage","11":"product_tag-celimax-retinol-booster","12":"product_tag-celimax-retinol-serum","13":"product_tag-celimax-retinol-shot-tightening-pack","14":"product_tag-celimax-skincare","15":"product_tag-pack-retinol-visage","16":"product_tag-pack-soin-visage-anti-age","17":"product_tag-routine-retinol-k-beauty","18":"product_tag-serum-anti-rides-retinol","19":"product_tag-serum-retinol-coreen","20":"product_tag-soin-anti-age-retinol","21":"product_tag-soin-raffermissant-visage","23":"first","24":"instock","25":"taxable","26":"shipping-taxable","27":"purchasable","28":"product-type-simple"},"yoast_head":"<!-- This site is optimized with the Yoast SEO plugin v27.4 - https:\/\/yoast.com\/product\/yoast-seo-wordpress\/ -->\n<title>CELIMAX - RETINOL SHOT TIGHTENING 30ml - Maroc Prix<\/title>\n<meta name=\"description\" content=\"Le pack Celimax Retinol Shot Tightening Serum Tightening Booster aide \u00e0 lisser les rides,am\u00e9liorer l\u2019\u00e9lasticit\u00e9 gr\u00e2ce au r\u00e9tinol pour un teint plus lisse .\" \/>\n<meta name=\"robots\" content=\"index, follow, max-snippet:-1, max-image-preview:large, max-video-preview:-1\" \/>\n<link rel=\"canonical\" href=\"https:\/\/vitablanca.ma\/en\/product\/celimax-retinol-shot-tightening-serum-30ml-retinol-shot-tightening-booster-30ml\/\" \/>\n<meta property=\"og:locale\" content=\"en_US\" \/>\n<meta property=\"og:type\" content=\"article\" \/>\n<meta property=\"og:title\" content=\"CELIMAX - RETINOL SHOT TIGHTENING 30ml - Maroc Prix\" \/>\n<meta property=\"og:description\" content=\"Le pack Celimax Retinol Shot Tightening Serum Tightening Booster aide \u00e0 lisser les rides,am\u00e9liorer l\u2019\u00e9lasticit\u00e9 gr\u00e2ce au r\u00e9tinol pour un teint plus lisse .\" \/>\n<meta property=\"og:url\" content=\"https:\/\/vitablanca.ma\/en\/product\/celimax-retinol-shot-tightening-serum-30ml-retinol-shot-tightening-booster-30ml\/\" \/>\n<meta property=\"og:site_name\" content=\"Vitablanca.ma &ndash; Sant&eacute;, vitalit&eacute; et bien-&ecirc;tre pour tous les Marocains\" \/>\n<meta property=\"article:publisher\" content=\"https:\/\/www.facebook.com\/profile.php?id=61576678196717\" \/>\n<meta property=\"article:modified_time\" content=\"2026-03-07T19:48:57+00:00\" \/>\n<meta property=\"og:image\" content=\"https:\/\/vitablanca.ma\/wp-content\/uploads\/2026\/03\/CELIMAX-RETINOLSHOTTIGHTENINGSERUM30ml_RETINOLSHOTTIGHTENINGBOOSTER30ml1.jpg\" \/>\n\t<meta property=\"og:image:width\" content=\"1080\" \/>\n\t<meta property=\"og:image:height\" content=\"1080\" \/>\n\t<meta property=\"og:image:type\" content=\"image\/jpeg\" \/>\n<meta name=\"twitter:card\" content=\"summary_large_image\" \/>\n<meta name=\"twitter:label1\" content=\"Est. reading time\" \/>\n\t<meta name=\"twitter:data1\" content=\"2 minutes\" \/>\n<script type=\"application\/ld+json\" class=\"yoast-schema-graph\">{\"@context\":\"https:\\\/\\\/schema.org\",\"@graph\":[{\"@type\":[\"WebPage\",\"ItemPage\"],\"@id\":\"https:\\\/\\\/vitablanca.ma\\\/produit\\\/celimax-retinol-shot-tightening-serum-30ml-retinol-shot-tightening-booster-30ml\\\/\",\"url\":\"https:\\\/\\\/vitablanca.ma\\\/produit\\\/celimax-retinol-shot-tightening-serum-30ml-retinol-shot-tightening-booster-30ml\\\/\",\"name\":\"CELIMAX - RETINOL SHOT TIGHTENING 30ml - Maroc Prix\",\"isPartOf\":{\"@id\":\"https:\\\/\\\/vitablanca.ma\\\/#website\"},\"primaryImageOfPage\":{\"@id\":\"https:\\\/\\\/vitablanca.ma\\\/produit\\\/celimax-retinol-shot-tightening-serum-30ml-retinol-shot-tightening-booster-30ml\\\/#primaryimage\"},\"image\":{\"@id\":\"https:\\\/\\\/vitablanca.ma\\\/produit\\\/celimax-retinol-shot-tightening-serum-30ml-retinol-shot-tightening-booster-30ml\\\/#primaryimage\"},\"thumbnailUrl\":\"https:\\\/\\\/vitablanca.ma\\\/wp-content\\\/uploads\\\/2026\\\/03\\\/CELIMAX-RETINOLSHOTTIGHTENINGSERUM30ml_RETINOLSHOTTIGHTENINGBOOSTER30ml1.jpg\",\"datePublished\":\"2026-03-02T03:17:00+00:00\",\"dateModified\":\"2026-03-07T19:48:57+00:00\",\"description\":\"Le pack Celimax Retinol Shot Tightening Serum Tightening Booster aide \u00e0 lisser les rides,am\u00e9liorer l\u2019\u00e9lasticit\u00e9 gr\u00e2ce au r\u00e9tinol pour un teint plus lisse .\",\"breadcrumb\":{\"@id\":\"https:\\\/\\\/vitablanca.ma\\\/produit\\\/celimax-retinol-shot-tightening-serum-30ml-retinol-shot-tightening-booster-30ml\\\/#breadcrumb\"},\"inLanguage\":\"en-US\",\"potentialAction\":[{\"@type\":\"ReadAction\",\"target\":[\"https:\\\/\\\/vitablanca.ma\\\/produit\\\/celimax-retinol-shot-tightening-serum-30ml-retinol-shot-tightening-booster-30ml\\\/\"]}]},{\"@type\":\"ImageObject\",\"inLanguage\":\"en-US\",\"@id\":\"https:\\\/\\\/vitablanca.ma\\\/produit\\\/celimax-retinol-shot-tightening-serum-30ml-retinol-shot-tightening-booster-30ml\\\/#primaryimage\",\"url\":\"https:\\\/\\\/vitablanca.ma\\\/wp-content\\\/uploads\\\/2026\\\/03\\\/CELIMAX-RETINOLSHOTTIGHTENINGSERUM30ml_RETINOLSHOTTIGHTENINGBOOSTER30ml1.jpg\",\"contentUrl\":\"https:\\\/\\\/vitablanca.ma\\\/wp-content\\\/uploads\\\/2026\\\/03\\\/CELIMAX-RETINOLSHOTTIGHTENINGSERUM30ml_RETINOLSHOTTIGHTENINGBOOSTER30ml1.jpg\",\"width\":1080,\"height\":1080},{\"@type\":\"BreadcrumbList\",\"@id\":\"https:\\\/\\\/vitablanca.ma\\\/produit\\\/celimax-retinol-shot-tightening-serum-30ml-retinol-shot-tightening-booster-30ml\\\/#breadcrumb\",\"itemListElement\":[{\"@type\":\"ListItem\",\"position\":1,\"name\":\"Home\",\"item\":\"https:\\\/\\\/vitablanca.ma\\\/\"},{\"@type\":\"ListItem\",\"position\":2,\"name\":\"Tous Les Produits\",\"item\":\"https:\\\/\\\/vitablanca.ma\\\/tous-les-produits\\\/\"},{\"@type\":\"ListItem\",\"position\":3,\"name\":\"CELIMAX &#8211; RETINOL SHOT TIGHTENING SERUM 30ml + RETINOL SHOT TIGHTENING BOOSTER 30ml\"}]},{\"@type\":\"WebSite\",\"@id\":\"https:\\\/\\\/vitablanca.ma\\\/#website\",\"url\":\"https:\\\/\\\/vitablanca.ma\\\/\",\"name\":\"VitaBlanca.ma | Compl\u00e9ments alimentaires, sant\u00e9 & beaut\u00e9 au Maroc\",\"description\":\"vendre vitamines et compl\u00e9ments premium des USA &amp; Canada, Nouvelle Z\u00e9lande,Maroc (NOW Foods, Solgar, Manuka). Livraison rapide partout au Maroc.\",\"publisher\":{\"@id\":\"https:\\\/\\\/vitablanca.ma\\\/#organization\"},\"alternateName\":\"VitaBlanca.ma\",\"potentialAction\":[{\"@type\":\"SearchAction\",\"target\":{\"@type\":\"EntryPoint\",\"urlTemplate\":\"https:\\\/\\\/vitablanca.ma\\\/?s={search_term_string}\"},\"query-input\":{\"@type\":\"PropertyValueSpecification\",\"valueRequired\":true,\"valueName\":\"search_term_string\"}}],\"inLanguage\":\"en-US\"},{\"@type\":\"Organization\",\"@id\":\"https:\\\/\\\/vitablanca.ma\\\/#organization\",\"name\":\"VitaBlanca\",\"url\":\"https:\\\/\\\/vitablanca.ma\\\/\",\"logo\":{\"@type\":\"ImageObject\",\"inLanguage\":\"en-US\",\"@id\":\"https:\\\/\\\/vitablanca.ma\\\/#\\\/schema\\\/logo\\\/image\\\/\",\"url\":\"https:\\\/\\\/vitablanca.ma\\\/wp-content\\\/uploads\\\/2025\\\/05\\\/cropped-vitablanca.png\",\"contentUrl\":\"https:\\\/\\\/vitablanca.ma\\\/wp-content\\\/uploads\\\/2025\\\/05\\\/cropped-vitablanca.png\",\"width\":360,\"height\":67,\"caption\":\"VitaBlanca\"},\"image\":{\"@id\":\"https:\\\/\\\/vitablanca.ma\\\/#\\\/schema\\\/logo\\\/image\\\/\"},\"sameAs\":[\"https:\\\/\\\/www.facebook.com\\\/profile.php?id=61576678196717\",\"https:\\\/\\\/www.tiktok.com\\\/@vitablanca.ma\",\"https:\\\/\\\/www.instagram.com\\\/vitablanca.ma\\\/\"]}]}<\/script>\n<!-- \/ Yoast SEO plugin. -->","yoast_head_json":{"title":"CELIMAX - RETINOL SHOT TIGHTENING 30ml - Maroc Prix","description":"Le pack Celimax Retinol Shot Tightening Serum Tightening Booster aide \u00e0 lisser les rides,am\u00e9liorer l\u2019\u00e9lasticit\u00e9 gr\u00e2ce au r\u00e9tinol pour un teint plus lisse .","robots":{"index":"index","follow":"follow","max-snippet":"max-snippet:-1","max-image-preview":"max-image-preview:large","max-video-preview":"max-video-preview:-1"},"canonical":"https:\/\/vitablanca.ma\/en\/product\/celimax-retinol-shot-tightening-serum-30ml-retinol-shot-tightening-booster-30ml\/","og_locale":"en_US","og_type":"article","og_title":"CELIMAX - RETINOL SHOT TIGHTENING 30ml - Maroc Prix","og_description":"Le pack Celimax Retinol Shot Tightening Serum Tightening Booster aide \u00e0 lisser les rides,am\u00e9liorer l\u2019\u00e9lasticit\u00e9 gr\u00e2ce au r\u00e9tinol pour un teint plus lisse .","og_url":"https:\/\/vitablanca.ma\/en\/product\/celimax-retinol-shot-tightening-serum-30ml-retinol-shot-tightening-booster-30ml\/","og_site_name":"Vitablanca.ma &ndash; Sant&eacute;, vitalit&eacute; et bien-&ecirc;tre pour tous les Marocains","article_publisher":"https:\/\/www.facebook.com\/profile.php?id=61576678196717","article_modified_time":"2026-03-07T19:48:57+00:00","og_image":[{"width":1080,"height":1080,"url":"https:\/\/vitablanca.ma\/wp-content\/uploads\/2026\/03\/CELIMAX-RETINOLSHOTTIGHTENINGSERUM30ml_RETINOLSHOTTIGHTENINGBOOSTER30ml1.jpg","type":"image\/jpeg"}],"twitter_card":"summary_large_image","twitter_misc":{"Est. reading time":"2 minutes"},"schema":{"@context":"https:\/\/schema.org","@graph":[{"@type":["WebPage","ItemPage"],"@id":"https:\/\/vitablanca.ma\/produit\/celimax-retinol-shot-tightening-serum-30ml-retinol-shot-tightening-booster-30ml\/","url":"https:\/\/vitablanca.ma\/produit\/celimax-retinol-shot-tightening-serum-30ml-retinol-shot-tightening-booster-30ml\/","name":"CELIMAX - RETINOL SHOT TIGHTENING 30ml - Maroc Prix","isPartOf":{"@id":"https:\/\/vitablanca.ma\/#website"},"primaryImageOfPage":{"@id":"https:\/\/vitablanca.ma\/produit\/celimax-retinol-shot-tightening-serum-30ml-retinol-shot-tightening-booster-30ml\/#primaryimage"},"image":{"@id":"https:\/\/vitablanca.ma\/produit\/celimax-retinol-shot-tightening-serum-30ml-retinol-shot-tightening-booster-30ml\/#primaryimage"},"thumbnailUrl":"https:\/\/vitablanca.ma\/wp-content\/uploads\/2026\/03\/CELIMAX-RETINOLSHOTTIGHTENINGSERUM30ml_RETINOLSHOTTIGHTENINGBOOSTER30ml1.jpg","datePublished":"2026-03-02T03:17:00+00:00","dateModified":"2026-03-07T19:48:57+00:00","description":"Le pack Celimax Retinol Shot Tightening Serum Tightening Booster aide \u00e0 lisser les rides,am\u00e9liorer l\u2019\u00e9lasticit\u00e9 gr\u00e2ce au r\u00e9tinol pour un teint plus lisse .","breadcrumb":{"@id":"https:\/\/vitablanca.ma\/produit\/celimax-retinol-shot-tightening-serum-30ml-retinol-shot-tightening-booster-30ml\/#breadcrumb"},"inLanguage":"en-US","potentialAction":[{"@type":"ReadAction","target":["https:\/\/vitablanca.ma\/produit\/celimax-retinol-shot-tightening-serum-30ml-retinol-shot-tightening-booster-30ml\/"]}]},{"@type":"ImageObject","inLanguage":"en-US","@id":"https:\/\/vitablanca.ma\/produit\/celimax-retinol-shot-tightening-serum-30ml-retinol-shot-tightening-booster-30ml\/#primaryimage","url":"https:\/\/vitablanca.ma\/wp-content\/uploads\/2026\/03\/CELIMAX-RETINOLSHOTTIGHTENINGSERUM30ml_RETINOLSHOTTIGHTENINGBOOSTER30ml1.jpg","contentUrl":"https:\/\/vitablanca.ma\/wp-content\/uploads\/2026\/03\/CELIMAX-RETINOLSHOTTIGHTENINGSERUM30ml_RETINOLSHOTTIGHTENINGBOOSTER30ml1.jpg","width":1080,"height":1080},{"@type":"BreadcrumbList","@id":"https:\/\/vitablanca.ma\/produit\/celimax-retinol-shot-tightening-serum-30ml-retinol-shot-tightening-booster-30ml\/#breadcrumb","itemListElement":[{"@type":"ListItem","position":1,"name":"Home","item":"https:\/\/vitablanca.ma\/"},{"@type":"ListItem","position":2,"name":"Tous Les Produits","item":"https:\/\/vitablanca.ma\/tous-les-produits\/"},{"@type":"ListItem","position":3,"name":"CELIMAX &#8211; RETINOL SHOT TIGHTENING SERUM 30ml + RETINOL SHOT TIGHTENING BOOSTER 30ml"}]},{"@type":"WebSite","@id":"https:\/\/vitablanca.ma\/#website","url":"https:\/\/vitablanca.ma\/","name":"VitaBlanca.ma | Food supplements, health &amp; beauty in Morocco","description":"sell premium vitamins and supplements from USA &amp; Canada, New Zealand, Morocco (NOW Foods, Solgar, Manuka). Fast delivery anywhere in Morocco.","publisher":{"@id":"https:\/\/vitablanca.ma\/#organization"},"alternateName":"VitaBlanca.ma","potentialAction":[{"@type":"SearchAction","target":{"@type":"EntryPoint","urlTemplate":"https:\/\/vitablanca.ma\/?s={search_term_string}"},"query-input":{"@type":"PropertyValueSpecification","valueRequired":true,"valueName":"search_term_string"}}],"inLanguage":"en-US"},{"@type":"Organization","@id":"https:\/\/vitablanca.ma\/#organization","name":"VitaBlanca","url":"https:\/\/vitablanca.ma\/","logo":{"@type":"ImageObject","inLanguage":"en-US","@id":"https:\/\/vitablanca.ma\/#\/schema\/logo\/image\/","url":"https:\/\/vitablanca.ma\/wp-content\/uploads\/2025\/05\/cropped-vitablanca.png","contentUrl":"https:\/\/vitablanca.ma\/wp-content\/uploads\/2025\/05\/cropped-vitablanca.png","width":360,"height":67,"caption":"VitaBlanca"},"image":{"@id":"https:\/\/vitablanca.ma\/#\/schema\/logo\/image\/"},"sameAs":["https:\/\/www.facebook.com\/profile.php?id=61576678196717","https:\/\/www.tiktok.com\/@vitablanca.ma","https:\/\/www.instagram.com\/vitablanca.ma\/"]}]}},"jetpack_sharing_enabled":true,"_links":{"self":[{"href":"https:\/\/vitablanca.ma\/en\/wp-json\/wp\/v2\/product\/30674","targetHints":{"allow":["GET"]}}],"collection":[{"href":"https:\/\/vitablanca.ma\/en\/wp-json\/wp\/v2\/product"}],"about":[{"href":"https:\/\/vitablanca.ma\/en\/wp-json\/wp\/v2\/types\/product"}],"wp:featuredmedia":[{"embeddable":true,"href":"https:\/\/vitablanca.ma\/en\/wp-json\/wp\/v2\/media\/30668"}],"wp:attachment":[{"href":"https:\/\/vitablanca.ma\/en\/wp-json\/wp\/v2\/media?parent=30674"}],"wp:term":[{"taxonomy":"product_brand","embeddable":true,"href":"https:\/\/vitablanca.ma\/en\/wp-json\/wp\/v2\/product_brand?post=30674"},{"taxonomy":"product_cat","embeddable":true,"href":"https:\/\/vitablanca.ma\/en\/wp-json\/wp\/v2\/product_cat?post=30674"},{"taxonomy":"product_tag","embeddable":true,"href":"https:\/\/vitablanca.ma\/en\/wp-json\/wp\/v2\/product_tag?post=30674"}],"curies":[{"name":"wp","href":"https:\/\/api.w.org\/{rel}","templated":true}]}}