{"id":30607,"date":"2026-03-01T16:08:46","date_gmt":"2026-03-01T16:08:46","guid":{"rendered":"https:\/\/vitablanca.ma\/?post_type=product&#038;p=30607"},"modified":"2026-03-02T04:15:27","modified_gmt":"2026-03-02T04:15:27","slug":"california-gold-nutrition-sport-creatine-monohydrate-pure-non-aromatisee-454-g-maroc-prix","status":"publish","type":"product","link":"https:\/\/vitablanca.ma\/en\/product\/california-gold-nutrition-sport-creatine-monohydrate-pure-non-aromatisee-454-g-maroc-prix\/","title":{"rendered":"California Gold Nutrition, Sport, Cr\u00e9atine monohydrate pure, Non aromatis\u00e9e, 454 g"},"content":{"rendered":"<div class=\"row item-row\">\n<div class=\"col-xs-24\">\n<h3><strong>Suggested Use<\/strong><\/h3>\n<div class=\"prodOverviewDetail\">\n<p id=\"isPasted\">M\u00e9langez 1 mesure rase par jour avec 180 \u00e0 240 ml d&rsquo;eau ou de la boisson de votre choix. Pour de meilleurs r\u00e9sultats, utilisez un shaker ou une bouteille m\u00e9langeuse. \u00c0 consommer de pr\u00e9f\u00e9rence selon les recommandations d\u2019un professionnel de sant\u00e9 qualifi\u00e9 ou d\u2019un entra\u00eeneur sportif.<\/p>\n<p>Remarque : une mesure rase \u00e9quivaut en moyenne \u00e0 5 g. La quantit\u00e9 r\u00e9elle peut varier l\u00e9g\u00e8rement selon la technique de dosage.<\/p>\n<\/div>\n<\/div>\n<\/div>\n<div class=\"row item-row\">\n<div class=\"col-xs-24\">\n<h3><strong>Other ingredients<\/strong><\/h3>\n<div class=\"prodOverviewIngred\">\n<p id=\"isPasted\"><strong>Ingredients<\/strong>\u00a0<strong>principaux<\/strong><br \/>\nCr\u00e9atine monohydrate<\/p>\n<p><strong>Autres<\/strong>\u00a0<strong>ingredients<\/strong><br \/>\nAucun.<\/p>\n<p><em>Produit \u00e9labor\u00e9 sans lait, \u0153ufs, poisson, crustac\u00e9s, fruits \u00e0 coque, cacahu\u00e8tes, bl\u00e9, soja, s\u00e9same, ou gluten. Produit dans un \u00e9tablissement enregistr\u00e9 aupr\u00e8s de la FDA, audit\u00e9 par un organisme tiers et respectant les BPF actuelles, susceptible de transformer d&rsquo;autres produits qui contiennent ces allerg\u00e8nes ou ingr\u00e9dients.<\/em><\/p>\n<\/div>\n<\/div>\n<\/div>\n<div class=\"row item-row\">\n<div class=\"col-xs-24\">\n<h3><strong>Warnings<\/strong><\/h3>\n<div class=\"prodOverviewDetail\">\n<p id=\"isPasted\"><strong>Keep out of reach of children.\u00a0<\/strong>Demander l&rsquo;avis d&rsquo;un m\u00e9decin, d&rsquo;un pharmacien, d&rsquo;un naturopathe ou d&rsquo;un autre professionnel de sant\u00e9 qualifi\u00e9 avant de prendre des compl\u00e9ments alimentaires.<\/p>\n<p>Scell\u00e9 pour votre protection. Ne pas utiliser si l&rsquo;opercule est perc\u00e9 ou manquant. \u00c0 conserver dans un endroit frais et sec. Conserver \u00e0 l&rsquo;abri de la chaleur, de la lumi\u00e8re et de l&rsquo;humidit\u00e9.<\/p>\n<p><strong>CE PRODUIT EST EMBALL\u00c9 ET VENDU AU POIDS ET NON AU VOLUME. UNE AGGLOM\u00c9RATION DU CONTENU PEUT SE PRODUIRE AVEC LE TEMPS.<\/strong><\/p>\n<p><strong>CONTIENT UN ABSORBEUR D&rsquo;HUMIDIT\u00c9 DE QUALIT\u00c9 ALIMENTAIRE POUR PR\u00c9SERVER LA FRA\u00ceCHEUR DU PRODUIT. NE PAS ING\u00c9RER.<\/strong><\/p>\n<table border=\"1\" width=\"100%\" cellspacing=\"0\" cellpadding=\"3\">\n<tbody>\n<tr valign=\"top\">\n<td colspan=\"3\"><strong>Valeurs<\/strong>\u00a0<strong>nutritionnelles<\/strong><\/td>\n<\/tr>\n<tr valign=\"top\">\n<td colspan=\"3\"><strong>Serving:<\/strong>\u00a01 mesure rase (5 g)<\/td>\n<\/tr>\n<tr valign=\"top\">\n<td colspan=\"3\"><strong>Portions par contenant :<\/strong>\u00a0Environ 91<\/td>\n<\/tr>\n<tr valign=\"top\">\n<td><\/td>\n<td><strong>Amount per serving<\/strong><\/td>\n<td><strong>% d&rsquo;apport journalier<\/strong><\/td>\n<\/tr>\n<tr valign=\"top\">\n<td>Cr\u00e9atine monohydrate<\/td>\n<td>5 g<\/td>\n<td>*<\/td>\n<\/tr>\n<tr valign=\"top\">\n<td colspan=\"3\">Apport journalier non \u00e9tabli.<\/td>\n<\/tr>\n<\/tbody>\n<\/table>\n<\/div>\n<\/div>\n<\/div>","protected":false},"excerpt":{"rendered":"<ul>\n<li data-start=\"845\" data-end=\"879\">\n<p data-start=\"847\" data-end=\"879\">Cr\u00e9atine monohydrate 100% pure<\/p>\n<\/li>\n<li data-start=\"880\" data-end=\"917\">\n<p data-start=\"882\" data-end=\"917\">Non aromatis\u00e9e, facile \u00e0 m\u00e9langer<\/p>\n<\/li>\n<li data-start=\"918\" data-end=\"955\">\n<p data-start=\"920\" data-end=\"955\">Soutient la force et la puissance<\/p>\n<\/li>\n<li data-start=\"956\" data-end=\"992\">\n<p data-start=\"958\" data-end=\"992\">Am\u00e9liore la performance sportive<\/p>\n<\/li>\n<li data-start=\"993\" data-end=\"1019\" data-is-last-node=\"\">\n<p data-start=\"995\" data-end=\"1019\" data-is-last-node=\"\">Format 454 g, \u00e9conomique<\/p>\n<\/li>\n<\/ul>","protected":false},"featured_media":30608,"template":"","meta":{"om_disable_all_campaigns":false},"product_brand":[2176],"product_cat":[18,3366,11029,11028,8011],"product_tag":[11037,11036,8881,4688,11031,3492,11038,4672,11035,6997],"class_list":{"0":"post-30607","1":"product","2":"type-product","3":"status-publish","4":"has-post-thumbnail","6":"product_brand-california-gold-nutrition","7":"product_cat-beaute-sante","8":"product_cat-complements-alimentaires-au-maroc-vitablanca","9":"product_cat-creatine","10":"product_cat-monohydrate-de-creatine","11":"product_cat-sports","12":"product_tag-454-g","13":"product_tag-california-gold-nutrition","14":"product_tag-creatine-monohydrate","15":"product_tag-creatine-pure","16":"product_tag-force","17":"product_tag-maroc","18":"product_tag-non-aromatisee","19":"product_tag-performance-sportive","20":"product_tag-puissance","21":"product_tag-sport","23":"first","24":"instock","25":"sale","26":"taxable","27":"shipping-taxable","28":"purchasable","29":"product-type-simple"},"yoast_head":"<!-- This site is optimized with the Yoast SEO plugin v27.4 - https:\/\/yoast.com\/product\/yoast-seo-wordpress\/ -->\n<title>California Gold Nutrition Sport Cr\u00e9atine Monohydrate \u2013 Maroc Prix<\/title>\n<meta name=\"description\" content=\"California Gold Nutrition Sport Cr\u00e9atine Monohydrate pure, non aromatis\u00e9e, 454 g. Soutient la force, la puissance et la performance. Disponible au Maroc.\" \/>\n<meta name=\"robots\" content=\"index, follow, max-snippet:-1, max-image-preview:large, max-video-preview:-1\" \/>\n<link rel=\"canonical\" href=\"https:\/\/vitablanca.ma\/en\/product\/california-gold-nutrition-sport-creatine-monohydrate-pure-non-aromatisee-454-g-maroc-prix\/\" \/>\n<meta property=\"og:locale\" content=\"en_US\" \/>\n<meta property=\"og:type\" content=\"article\" \/>\n<meta property=\"og:title\" content=\"California Gold Nutrition Sport Cr\u00e9atine Monohydrate \u2013 Maroc Prix\" \/>\n<meta property=\"og:description\" content=\"California Gold Nutrition Sport Cr\u00e9atine Monohydrate pure, non aromatis\u00e9e, 454 g. Soutient la force, la puissance et la performance. Disponible au Maroc.\" \/>\n<meta property=\"og:url\" content=\"https:\/\/vitablanca.ma\/en\/product\/california-gold-nutrition-sport-creatine-monohydrate-pure-non-aromatisee-454-g-maroc-prix\/\" \/>\n<meta property=\"og:site_name\" content=\"Vitablanca.ma &ndash; Sant&eacute;, vitalit&eacute; et bien-&ecirc;tre pour tous les Marocains\" \/>\n<meta property=\"article:publisher\" content=\"https:\/\/www.facebook.com\/profile.php?id=61576678196717\" \/>\n<meta property=\"article:modified_time\" content=\"2026-03-02T04:15:27+00:00\" \/>\n<meta property=\"og:image\" content=\"https:\/\/vitablanca.ma\/wp-content\/uploads\/2026\/03\/California-Gold-Nutrition-Sport-Creatine-monohydrate-pure-Non-aromatisee-454-g1.jpg\" \/>\n\t<meta property=\"og:image:width\" content=\"1600\" \/>\n\t<meta property=\"og:image:height\" content=\"1600\" \/>\n\t<meta property=\"og:image:type\" content=\"image\/jpeg\" \/>\n<meta name=\"twitter:card\" content=\"summary_large_image\" \/>\n<meta name=\"twitter:label1\" content=\"Est. reading time\" \/>\n\t<meta name=\"twitter:data1\" content=\"2 minutes\" \/>\n<script type=\"application\/ld+json\" class=\"yoast-schema-graph\">{\"@context\":\"https:\\\/\\\/schema.org\",\"@graph\":[{\"@type\":[\"WebPage\",\"ItemPage\"],\"@id\":\"https:\\\/\\\/vitablanca.ma\\\/produit\\\/california-gold-nutrition-sport-creatine-monohydrate-pure-non-aromatisee-454-g-maroc-prix\\\/\",\"url\":\"https:\\\/\\\/vitablanca.ma\\\/produit\\\/california-gold-nutrition-sport-creatine-monohydrate-pure-non-aromatisee-454-g-maroc-prix\\\/\",\"name\":\"California Gold Nutrition Sport Cr\u00e9atine Monohydrate \u2013 Maroc Prix\",\"isPartOf\":{\"@id\":\"https:\\\/\\\/vitablanca.ma\\\/#website\"},\"primaryImageOfPage\":{\"@id\":\"https:\\\/\\\/vitablanca.ma\\\/produit\\\/california-gold-nutrition-sport-creatine-monohydrate-pure-non-aromatisee-454-g-maroc-prix\\\/#primaryimage\"},\"image\":{\"@id\":\"https:\\\/\\\/vitablanca.ma\\\/produit\\\/california-gold-nutrition-sport-creatine-monohydrate-pure-non-aromatisee-454-g-maroc-prix\\\/#primaryimage\"},\"thumbnailUrl\":\"https:\\\/\\\/vitablanca.ma\\\/wp-content\\\/uploads\\\/2026\\\/03\\\/California-Gold-Nutrition-Sport-Creatine-monohydrate-pure-Non-aromatisee-454-g1.jpg\",\"datePublished\":\"2026-03-01T16:08:46+00:00\",\"dateModified\":\"2026-03-02T04:15:27+00:00\",\"description\":\"California Gold Nutrition Sport Cr\u00e9atine Monohydrate pure, non aromatis\u00e9e, 454 g. Soutient la force, la puissance et la performance. Disponible au Maroc.\",\"breadcrumb\":{\"@id\":\"https:\\\/\\\/vitablanca.ma\\\/produit\\\/california-gold-nutrition-sport-creatine-monohydrate-pure-non-aromatisee-454-g-maroc-prix\\\/#breadcrumb\"},\"inLanguage\":\"en-US\",\"potentialAction\":[{\"@type\":\"ReadAction\",\"target\":[\"https:\\\/\\\/vitablanca.ma\\\/produit\\\/california-gold-nutrition-sport-creatine-monohydrate-pure-non-aromatisee-454-g-maroc-prix\\\/\"]}]},{\"@type\":\"ImageObject\",\"inLanguage\":\"en-US\",\"@id\":\"https:\\\/\\\/vitablanca.ma\\\/produit\\\/california-gold-nutrition-sport-creatine-monohydrate-pure-non-aromatisee-454-g-maroc-prix\\\/#primaryimage\",\"url\":\"https:\\\/\\\/vitablanca.ma\\\/wp-content\\\/uploads\\\/2026\\\/03\\\/California-Gold-Nutrition-Sport-Creatine-monohydrate-pure-Non-aromatisee-454-g1.jpg\",\"contentUrl\":\"https:\\\/\\\/vitablanca.ma\\\/wp-content\\\/uploads\\\/2026\\\/03\\\/California-Gold-Nutrition-Sport-Creatine-monohydrate-pure-Non-aromatisee-454-g1.jpg\",\"width\":1600,\"height\":1600},{\"@type\":\"BreadcrumbList\",\"@id\":\"https:\\\/\\\/vitablanca.ma\\\/produit\\\/california-gold-nutrition-sport-creatine-monohydrate-pure-non-aromatisee-454-g-maroc-prix\\\/#breadcrumb\",\"itemListElement\":[{\"@type\":\"ListItem\",\"position\":1,\"name\":\"Home\",\"item\":\"https:\\\/\\\/vitablanca.ma\\\/\"},{\"@type\":\"ListItem\",\"position\":2,\"name\":\"Tous Les Produits\",\"item\":\"https:\\\/\\\/vitablanca.ma\\\/tous-les-produits\\\/\"},{\"@type\":\"ListItem\",\"position\":3,\"name\":\"California Gold Nutrition, Sport, Cr\u00e9atine monohydrate pure, Non aromatis\u00e9e, 454 g\"}]},{\"@type\":\"WebSite\",\"@id\":\"https:\\\/\\\/vitablanca.ma\\\/#website\",\"url\":\"https:\\\/\\\/vitablanca.ma\\\/\",\"name\":\"VitaBlanca.ma | Compl\u00e9ments alimentaires, sant\u00e9 & beaut\u00e9 au Maroc\",\"description\":\"vendre vitamines et compl\u00e9ments premium des USA &amp; Canada, Nouvelle Z\u00e9lande,Maroc (NOW Foods, Solgar, Manuka). Livraison rapide partout au Maroc.\",\"publisher\":{\"@id\":\"https:\\\/\\\/vitablanca.ma\\\/#organization\"},\"alternateName\":\"VitaBlanca.ma\",\"potentialAction\":[{\"@type\":\"SearchAction\",\"target\":{\"@type\":\"EntryPoint\",\"urlTemplate\":\"https:\\\/\\\/vitablanca.ma\\\/?s={search_term_string}\"},\"query-input\":{\"@type\":\"PropertyValueSpecification\",\"valueRequired\":true,\"valueName\":\"search_term_string\"}}],\"inLanguage\":\"en-US\"},{\"@type\":\"Organization\",\"@id\":\"https:\\\/\\\/vitablanca.ma\\\/#organization\",\"name\":\"VitaBlanca\",\"url\":\"https:\\\/\\\/vitablanca.ma\\\/\",\"logo\":{\"@type\":\"ImageObject\",\"inLanguage\":\"en-US\",\"@id\":\"https:\\\/\\\/vitablanca.ma\\\/#\\\/schema\\\/logo\\\/image\\\/\",\"url\":\"https:\\\/\\\/vitablanca.ma\\\/wp-content\\\/uploads\\\/2025\\\/05\\\/cropped-vitablanca.png\",\"contentUrl\":\"https:\\\/\\\/vitablanca.ma\\\/wp-content\\\/uploads\\\/2025\\\/05\\\/cropped-vitablanca.png\",\"width\":360,\"height\":67,\"caption\":\"VitaBlanca\"},\"image\":{\"@id\":\"https:\\\/\\\/vitablanca.ma\\\/#\\\/schema\\\/logo\\\/image\\\/\"},\"sameAs\":[\"https:\\\/\\\/www.facebook.com\\\/profile.php?id=61576678196717\",\"https:\\\/\\\/www.tiktok.com\\\/@vitablanca.ma\",\"https:\\\/\\\/www.instagram.com\\\/vitablanca.ma\\\/\"]}]}<\/script>\n<!-- \/ Yoast SEO plugin. -->","yoast_head_json":{"title":"California Gold Nutrition Sport Cr\u00e9atine Monohydrate \u2013 Maroc Prix","description":"California Gold Nutrition Sport Cr\u00e9atine Monohydrate pure, non aromatis\u00e9e, 454 g. Soutient la force, la puissance et la performance. Disponible au Maroc.","robots":{"index":"index","follow":"follow","max-snippet":"max-snippet:-1","max-image-preview":"max-image-preview:large","max-video-preview":"max-video-preview:-1"},"canonical":"https:\/\/vitablanca.ma\/en\/product\/california-gold-nutrition-sport-creatine-monohydrate-pure-non-aromatisee-454-g-maroc-prix\/","og_locale":"en_US","og_type":"article","og_title":"California Gold Nutrition Sport Cr\u00e9atine Monohydrate \u2013 Maroc Prix","og_description":"California Gold Nutrition Sport Cr\u00e9atine Monohydrate pure, non aromatis\u00e9e, 454 g. Soutient la force, la puissance et la performance. Disponible au Maroc.","og_url":"https:\/\/vitablanca.ma\/en\/product\/california-gold-nutrition-sport-creatine-monohydrate-pure-non-aromatisee-454-g-maroc-prix\/","og_site_name":"Vitablanca.ma &ndash; Sant&eacute;, vitalit&eacute; et bien-&ecirc;tre pour tous les Marocains","article_publisher":"https:\/\/www.facebook.com\/profile.php?id=61576678196717","article_modified_time":"2026-03-02T04:15:27+00:00","og_image":[{"width":1600,"height":1600,"url":"https:\/\/vitablanca.ma\/wp-content\/uploads\/2026\/03\/California-Gold-Nutrition-Sport-Creatine-monohydrate-pure-Non-aromatisee-454-g1.jpg","type":"image\/jpeg"}],"twitter_card":"summary_large_image","twitter_misc":{"Est. reading time":"2 minutes"},"schema":{"@context":"https:\/\/schema.org","@graph":[{"@type":["WebPage","ItemPage"],"@id":"https:\/\/vitablanca.ma\/produit\/california-gold-nutrition-sport-creatine-monohydrate-pure-non-aromatisee-454-g-maroc-prix\/","url":"https:\/\/vitablanca.ma\/produit\/california-gold-nutrition-sport-creatine-monohydrate-pure-non-aromatisee-454-g-maroc-prix\/","name":"California Gold Nutrition Sport Cr\u00e9atine Monohydrate \u2013 Maroc Prix","isPartOf":{"@id":"https:\/\/vitablanca.ma\/#website"},"primaryImageOfPage":{"@id":"https:\/\/vitablanca.ma\/produit\/california-gold-nutrition-sport-creatine-monohydrate-pure-non-aromatisee-454-g-maroc-prix\/#primaryimage"},"image":{"@id":"https:\/\/vitablanca.ma\/produit\/california-gold-nutrition-sport-creatine-monohydrate-pure-non-aromatisee-454-g-maroc-prix\/#primaryimage"},"thumbnailUrl":"https:\/\/vitablanca.ma\/wp-content\/uploads\/2026\/03\/California-Gold-Nutrition-Sport-Creatine-monohydrate-pure-Non-aromatisee-454-g1.jpg","datePublished":"2026-03-01T16:08:46+00:00","dateModified":"2026-03-02T04:15:27+00:00","description":"California Gold Nutrition Sport Cr\u00e9atine Monohydrate pure, non aromatis\u00e9e, 454 g. Soutient la force, la puissance et la performance. Disponible au Maroc.","breadcrumb":{"@id":"https:\/\/vitablanca.ma\/produit\/california-gold-nutrition-sport-creatine-monohydrate-pure-non-aromatisee-454-g-maroc-prix\/#breadcrumb"},"inLanguage":"en-US","potentialAction":[{"@type":"ReadAction","target":["https:\/\/vitablanca.ma\/produit\/california-gold-nutrition-sport-creatine-monohydrate-pure-non-aromatisee-454-g-maroc-prix\/"]}]},{"@type":"ImageObject","inLanguage":"en-US","@id":"https:\/\/vitablanca.ma\/produit\/california-gold-nutrition-sport-creatine-monohydrate-pure-non-aromatisee-454-g-maroc-prix\/#primaryimage","url":"https:\/\/vitablanca.ma\/wp-content\/uploads\/2026\/03\/California-Gold-Nutrition-Sport-Creatine-monohydrate-pure-Non-aromatisee-454-g1.jpg","contentUrl":"https:\/\/vitablanca.ma\/wp-content\/uploads\/2026\/03\/California-Gold-Nutrition-Sport-Creatine-monohydrate-pure-Non-aromatisee-454-g1.jpg","width":1600,"height":1600},{"@type":"BreadcrumbList","@id":"https:\/\/vitablanca.ma\/produit\/california-gold-nutrition-sport-creatine-monohydrate-pure-non-aromatisee-454-g-maroc-prix\/#breadcrumb","itemListElement":[{"@type":"ListItem","position":1,"name":"Home","item":"https:\/\/vitablanca.ma\/"},{"@type":"ListItem","position":2,"name":"Tous Les Produits","item":"https:\/\/vitablanca.ma\/tous-les-produits\/"},{"@type":"ListItem","position":3,"name":"California Gold Nutrition, Sport, Cr\u00e9atine monohydrate pure, Non aromatis\u00e9e, 454 g"}]},{"@type":"WebSite","@id":"https:\/\/vitablanca.ma\/#website","url":"https:\/\/vitablanca.ma\/","name":"VitaBlanca.ma | Food supplements, health &amp; beauty in Morocco","description":"sell premium vitamins and supplements from USA &amp; Canada, New Zealand, Morocco (NOW Foods, Solgar, Manuka). Fast delivery anywhere in Morocco.","publisher":{"@id":"https:\/\/vitablanca.ma\/#organization"},"alternateName":"VitaBlanca.ma","potentialAction":[{"@type":"SearchAction","target":{"@type":"EntryPoint","urlTemplate":"https:\/\/vitablanca.ma\/?s={search_term_string}"},"query-input":{"@type":"PropertyValueSpecification","valueRequired":true,"valueName":"search_term_string"}}],"inLanguage":"en-US"},{"@type":"Organization","@id":"https:\/\/vitablanca.ma\/#organization","name":"VitaBlanca","url":"https:\/\/vitablanca.ma\/","logo":{"@type":"ImageObject","inLanguage":"en-US","@id":"https:\/\/vitablanca.ma\/#\/schema\/logo\/image\/","url":"https:\/\/vitablanca.ma\/wp-content\/uploads\/2025\/05\/cropped-vitablanca.png","contentUrl":"https:\/\/vitablanca.ma\/wp-content\/uploads\/2025\/05\/cropped-vitablanca.png","width":360,"height":67,"caption":"VitaBlanca"},"image":{"@id":"https:\/\/vitablanca.ma\/#\/schema\/logo\/image\/"},"sameAs":["https:\/\/www.facebook.com\/profile.php?id=61576678196717","https:\/\/www.tiktok.com\/@vitablanca.ma","https:\/\/www.instagram.com\/vitablanca.ma\/"]}]}},"jetpack_sharing_enabled":true,"_links":{"self":[{"href":"https:\/\/vitablanca.ma\/en\/wp-json\/wp\/v2\/product\/30607","targetHints":{"allow":["GET"]}}],"collection":[{"href":"https:\/\/vitablanca.ma\/en\/wp-json\/wp\/v2\/product"}],"about":[{"href":"https:\/\/vitablanca.ma\/en\/wp-json\/wp\/v2\/types\/product"}],"wp:featuredmedia":[{"embeddable":true,"href":"https:\/\/vitablanca.ma\/en\/wp-json\/wp\/v2\/media\/30608"}],"wp:attachment":[{"href":"https:\/\/vitablanca.ma\/en\/wp-json\/wp\/v2\/media?parent=30607"}],"wp:term":[{"taxonomy":"product_brand","embeddable":true,"href":"https:\/\/vitablanca.ma\/en\/wp-json\/wp\/v2\/product_brand?post=30607"},{"taxonomy":"product_cat","embeddable":true,"href":"https:\/\/vitablanca.ma\/en\/wp-json\/wp\/v2\/product_cat?post=30607"},{"taxonomy":"product_tag","embeddable":true,"href":"https:\/\/vitablanca.ma\/en\/wp-json\/wp\/v2\/product_tag?post=30607"}],"curies":[{"name":"wp","href":"https:\/\/api.w.org\/{rel}","templated":true}]}}