{"id":30601,"date":"2026-03-01T15:54:30","date_gmt":"2026-03-01T15:54:30","guid":{"rendered":"https:\/\/vitablanca.ma\/?post_type=product&#038;p=30601"},"modified":"2026-03-02T04:15:27","modified_gmt":"2026-03-02T04:15:27","slug":"now-foods-sports-monohydrate-de-creatine-micronise-11-lb-500-mg-maroc-prix","status":"publish","type":"product","link":"https:\/\/vitablanca.ma\/en\/product\/now-foods-sports-monohydrate-de-creatine-micronise-11-lb-500-mg-maroc-prix\/","title":{"rendered":"NOW Foods, Sports, Monohydrate de cr\u00e9atine, Micronis\u00e9, 1,1 lb (500 mg)"},"content":{"rendered":"<div class=\"row item-row\">\n<div class=\"col-xs-24\">\n<div>\n<p>La cr\u00e9atine est un compos\u00e9 naturellement pr\u00e9sent dans l&rsquo;organisme, principalement dans les muscles squelettiques. La cr\u00e9atine sert de pr\u00e9curseur \u00e0 l&rsquo;ad\u00e9nosine triphosphate (ATP), la forme d&rsquo;\u00e9nergie chimique utilis\u00e9e par toutes les cellules. Les r\u00e9serves de cr\u00e9atine dans l&rsquo;organisme cr\u00e9ent un stock d&rsquo;ATP imm\u00e9diatement disponible pour nos besoins en \u00e9nergie, notamment lors d&rsquo;efforts de puissance et de force brefs et spontan\u00e9s. Des \u00e9tudes ont d\u00e9montr\u00e9 que la consommation de compl\u00e9ments de cr\u00e9atine peut aider \u00e0 maintenir le tissu musculaire existant, \u00e0 soutenir la croissance et le d\u00e9veloppement de la masse maigre et \u00e0 favoriser des performances optimales lors de courtes p\u00e9riodes d&rsquo;activit\u00e9 physique intense. La cr\u00e9atine monohydrate NOW\u00ae se m\u00e9lange facilement et ne contient ni additifs ni conservateurs.<\/p>\n<\/div>\n<\/div>\n<\/div>\n<div class=\"row item-row\">\n<div class=\"col-xs-24\">\n<h3><strong>Suggested Use<\/strong><\/h3>\n<div class=\"prodOverviewDetail\">\n<p>M\u00e9langez 1 1\/2\u00a0c. \u00e0 c. avec un jus de fruit ou un autre liquide sucr\u00e9 3 \u00e0 4\u00a0fois par jour, avant et apr\u00e8s l&rsquo;effort, pendant les 7\u00a0premiers jours. Par la suite, pour un usage d&rsquo;entretien, consommez 1 \u00e0 3\u00a0fois par jour. Attendez 3 \u00e0 4\u00a0heures entre les doses. Pour un usage continu au-del\u00e0 de 28\u00a0jours, utilisez une portion par jour. Consommez une grande quantit\u00e9 de liquides avec ce produit.<\/p>\n<\/div>\n<\/div>\n<\/div>\n<div class=\"row item-row\">\n<div class=\"col-xs-24\">\n<h3><strong>Other ingredients<\/strong><\/h3>\n<div class=\"prodOverviewIngred\">\n<p>Aucun.<\/p>\n<p>Non fabriqu\u00e9 avec de la levure, bl\u00e9, gluten, soja, ma\u00efs, lait, oeuf, poisson, fruits de mer ou fruits \u00e0 coque. Produit dans une installation BPF qui traite d\u2019autres ingr\u00e9dients contenant ces allerg\u00e8nes.<\/p>\n<\/div>\n<\/div>\n<\/div>\n<div class=\"row item-row\">\n<div class=\"col-xs-24\">\n<h3><strong>Warnings<\/strong><\/h3>\n<div class=\"prodOverviewDetail\">\n<p>R\u00e9serv\u00e9 aux adultes. Consultez un m\u00e9decin si vous \u00eates enceinte\/allaitez, prenez des m\u00e9dicaments ou pr\u00e9sentez une affection m\u00e9dicale (notamment r\u00e9nale). Tenir hors de port\u00e9e des enfants.<\/p>\n<p>Des variations de couleur naturelles peuvent se produire dans ce produit.<\/p>\n<p>Ce produit est vendu au poids et non au volume.<\/p>\n<p>Conserver dans un endroit frais, sec et sombre apr\u00e8s ouverture.<\/p>\n<table border=\"1\" width=\"100%\" cellspacing=\"0\" cellpadding=\"3\">\n<tbody>\n<tr valign=\"top\">\n<td colspan=\"3\"><strong>Faits sur les suppl\u00e9ments<\/strong><\/td>\n<\/tr>\n<tr valign=\"top\">\n<td colspan=\"3\"><strong>Serving:<\/strong>\u00a01,5 c. \u00e0 c. rase (environ 4,2 g)<\/td>\n<\/tr>\n<tr valign=\"top\">\n<td colspan=\"3\"><strong>Servings per container:<\/strong>\u00a0environ 119<\/td>\n<\/tr>\n<tr valign=\"top\">\n<td><\/td>\n<td><strong>Amount per serving<\/strong><\/td>\n<td><strong>% Valeur quotidienne<\/strong><\/td>\n<\/tr>\n<tr valign=\"top\">\n<td>Cr\u00e9atine monohydrate<\/td>\n<td>4,2 g (4200 mg)<\/td>\n<td>**<\/td>\n<\/tr>\n<tr valign=\"top\">\n<td colspan=\"3\">**Daily Value not established.<\/td>\n<\/tr>\n<\/tbody>\n<\/table>\n<\/div>\n<\/div>\n<\/div>","protected":false},"excerpt":{"rendered":"<ul>\n<li>Prise de masse\/Production d&rsquo;\u00e9nergie<\/li>\n<li>Pure powder<\/li>\n<li>Carburant musculaire<\/li>\n<li>Masse maigre<\/li>\n<li>A dietary supplement<\/li>\n<li>Vegan<\/li>\n<li>Kosher<\/li>\n<li>GMO-free<\/li>\n<li>GMP quality assured<\/li>\n<\/ul>","protected":false},"featured_media":30602,"template":"","meta":{"om_disable_all_campaigns":false},"product_brand":[4157],"product_cat":[18,3366,11029,11030,11028,8011],"product_tag":[11033,4686,8881,11031,3492,6996,88,4672,11032,9069],"class_list":{"0":"post-30601","1":"product","2":"type-product","3":"status-publish","4":"has-post-thumbnail","6":"product_brand-now-sports","7":"product_cat-beaute-sante","8":"product_cat-complements-alimentaires-au-maroc-vitablanca","9":"product_cat-creatine","10":"product_cat-creatine-micronisee","11":"product_cat-monohydrate-de-creatine","12":"product_cat-sports","13":"product_tag-500-g","14":"product_tag-creatine-micronisee","15":"product_tag-creatine-monohydrate","16":"product_tag-force","17":"product_tag-maroc","18":"product_tag-masse-musculaire","19":"product_tag-now-foods","20":"product_tag-performance-sportive","21":"product_tag-recuperation","22":"product_tag-sports","24":"first","25":"instock","26":"sale","27":"taxable","28":"shipping-taxable","29":"purchasable","30":"product-type-simple"},"yoast_head":"<!-- This site is optimized with the Yoast SEO plugin v27.4 - https:\/\/yoast.com\/product\/yoast-seo-wordpress\/ -->\n<title>NOW Foods Sports Cr\u00e9atine Monohydrate Micronis\u00e9e \u2013 Maroc Prix<\/title>\n<meta name=\"description\" content=\"NOW Foods Sports Cr\u00e9atine Monohydrate micronis\u00e9e, 1,1 lb (\u2248500 g). Soutient la force, la performance et la r\u00e9cup\u00e9ration musculaire. Disponible au Maroc.\" \/>\n<meta name=\"robots\" content=\"index, follow, max-snippet:-1, max-image-preview:large, max-video-preview:-1\" \/>\n<link rel=\"canonical\" href=\"https:\/\/vitablanca.ma\/en\/product\/now-foods-sports-monohydrate-de-creatine-micronise-11-lb-500-mg-maroc-prix\/\" \/>\n<meta property=\"og:locale\" content=\"en_US\" \/>\n<meta property=\"og:type\" content=\"article\" \/>\n<meta property=\"og:title\" content=\"NOW Foods Sports Cr\u00e9atine Monohydrate Micronis\u00e9e \u2013 Maroc Prix\" \/>\n<meta property=\"og:description\" content=\"NOW Foods Sports Cr\u00e9atine Monohydrate micronis\u00e9e, 1,1 lb (\u2248500 g). Soutient la force, la performance et la r\u00e9cup\u00e9ration musculaire. Disponible au Maroc.\" \/>\n<meta property=\"og:url\" content=\"https:\/\/vitablanca.ma\/en\/product\/now-foods-sports-monohydrate-de-creatine-micronise-11-lb-500-mg-maroc-prix\/\" \/>\n<meta property=\"og:site_name\" content=\"Vitablanca.ma &ndash; Sant&eacute;, vitalit&eacute; et bien-&ecirc;tre pour tous les Marocains\" \/>\n<meta property=\"article:publisher\" content=\"https:\/\/www.facebook.com\/profile.php?id=61576678196717\" \/>\n<meta property=\"article:modified_time\" content=\"2026-03-02T04:15:27+00:00\" \/>\n<meta property=\"og:image\" content=\"https:\/\/vitablanca.ma\/wp-content\/uploads\/2026\/03\/NOW-Foods-Sports-Monohydrate-de-creatine-Micronise-11-lb-500-mg1.jpg\" \/>\n\t<meta property=\"og:image:width\" content=\"1600\" \/>\n\t<meta property=\"og:image:height\" content=\"1600\" \/>\n\t<meta property=\"og:image:type\" content=\"image\/jpeg\" \/>\n<meta name=\"twitter:card\" content=\"summary_large_image\" \/>\n<meta name=\"twitter:label1\" content=\"Est. reading time\" \/>\n\t<meta name=\"twitter:data1\" content=\"2 minutes\" \/>\n<script type=\"application\/ld+json\" class=\"yoast-schema-graph\">{\"@context\":\"https:\\\/\\\/schema.org\",\"@graph\":[{\"@type\":[\"WebPage\",\"ItemPage\"],\"@id\":\"https:\\\/\\\/vitablanca.ma\\\/produit\\\/now-foods-sports-monohydrate-de-creatine-micronise-11-lb-500-mg-maroc-prix\\\/\",\"url\":\"https:\\\/\\\/vitablanca.ma\\\/produit\\\/now-foods-sports-monohydrate-de-creatine-micronise-11-lb-500-mg-maroc-prix\\\/\",\"name\":\"NOW Foods Sports Cr\u00e9atine Monohydrate Micronis\u00e9e \u2013 Maroc Prix\",\"isPartOf\":{\"@id\":\"https:\\\/\\\/vitablanca.ma\\\/#website\"},\"primaryImageOfPage\":{\"@id\":\"https:\\\/\\\/vitablanca.ma\\\/produit\\\/now-foods-sports-monohydrate-de-creatine-micronise-11-lb-500-mg-maroc-prix\\\/#primaryimage\"},\"image\":{\"@id\":\"https:\\\/\\\/vitablanca.ma\\\/produit\\\/now-foods-sports-monohydrate-de-creatine-micronise-11-lb-500-mg-maroc-prix\\\/#primaryimage\"},\"thumbnailUrl\":\"https:\\\/\\\/vitablanca.ma\\\/wp-content\\\/uploads\\\/2026\\\/03\\\/NOW-Foods-Sports-Monohydrate-de-creatine-Micronise-11-lb-500-mg1.jpg\",\"datePublished\":\"2026-03-01T15:54:30+00:00\",\"dateModified\":\"2026-03-02T04:15:27+00:00\",\"description\":\"NOW Foods Sports Cr\u00e9atine Monohydrate micronis\u00e9e, 1,1 lb (\u2248500 g). Soutient la force, la performance et la r\u00e9cup\u00e9ration musculaire. Disponible au Maroc.\",\"breadcrumb\":{\"@id\":\"https:\\\/\\\/vitablanca.ma\\\/produit\\\/now-foods-sports-monohydrate-de-creatine-micronise-11-lb-500-mg-maroc-prix\\\/#breadcrumb\"},\"inLanguage\":\"en-US\",\"potentialAction\":[{\"@type\":\"ReadAction\",\"target\":[\"https:\\\/\\\/vitablanca.ma\\\/produit\\\/now-foods-sports-monohydrate-de-creatine-micronise-11-lb-500-mg-maroc-prix\\\/\"]}]},{\"@type\":\"ImageObject\",\"inLanguage\":\"en-US\",\"@id\":\"https:\\\/\\\/vitablanca.ma\\\/produit\\\/now-foods-sports-monohydrate-de-creatine-micronise-11-lb-500-mg-maroc-prix\\\/#primaryimage\",\"url\":\"https:\\\/\\\/vitablanca.ma\\\/wp-content\\\/uploads\\\/2026\\\/03\\\/NOW-Foods-Sports-Monohydrate-de-creatine-Micronise-11-lb-500-mg1.jpg\",\"contentUrl\":\"https:\\\/\\\/vitablanca.ma\\\/wp-content\\\/uploads\\\/2026\\\/03\\\/NOW-Foods-Sports-Monohydrate-de-creatine-Micronise-11-lb-500-mg1.jpg\",\"width\":1600,\"height\":1600},{\"@type\":\"BreadcrumbList\",\"@id\":\"https:\\\/\\\/vitablanca.ma\\\/produit\\\/now-foods-sports-monohydrate-de-creatine-micronise-11-lb-500-mg-maroc-prix\\\/#breadcrumb\",\"itemListElement\":[{\"@type\":\"ListItem\",\"position\":1,\"name\":\"Home\",\"item\":\"https:\\\/\\\/vitablanca.ma\\\/\"},{\"@type\":\"ListItem\",\"position\":2,\"name\":\"Tous Les Produits\",\"item\":\"https:\\\/\\\/vitablanca.ma\\\/tous-les-produits\\\/\"},{\"@type\":\"ListItem\",\"position\":3,\"name\":\"NOW Foods, Sports, Monohydrate de cr\u00e9atine, Micronis\u00e9, 1,1 lb (500 mg)\"}]},{\"@type\":\"WebSite\",\"@id\":\"https:\\\/\\\/vitablanca.ma\\\/#website\",\"url\":\"https:\\\/\\\/vitablanca.ma\\\/\",\"name\":\"VitaBlanca.ma | Compl\u00e9ments alimentaires, sant\u00e9 & beaut\u00e9 au Maroc\",\"description\":\"vendre vitamines et compl\u00e9ments premium des USA &amp; Canada, Nouvelle Z\u00e9lande,Maroc (NOW Foods, Solgar, Manuka). Livraison rapide partout au Maroc.\",\"publisher\":{\"@id\":\"https:\\\/\\\/vitablanca.ma\\\/#organization\"},\"alternateName\":\"VitaBlanca.ma\",\"potentialAction\":[{\"@type\":\"SearchAction\",\"target\":{\"@type\":\"EntryPoint\",\"urlTemplate\":\"https:\\\/\\\/vitablanca.ma\\\/?s={search_term_string}\"},\"query-input\":{\"@type\":\"PropertyValueSpecification\",\"valueRequired\":true,\"valueName\":\"search_term_string\"}}],\"inLanguage\":\"en-US\"},{\"@type\":\"Organization\",\"@id\":\"https:\\\/\\\/vitablanca.ma\\\/#organization\",\"name\":\"VitaBlanca\",\"url\":\"https:\\\/\\\/vitablanca.ma\\\/\",\"logo\":{\"@type\":\"ImageObject\",\"inLanguage\":\"en-US\",\"@id\":\"https:\\\/\\\/vitablanca.ma\\\/#\\\/schema\\\/logo\\\/image\\\/\",\"url\":\"https:\\\/\\\/vitablanca.ma\\\/wp-content\\\/uploads\\\/2025\\\/05\\\/cropped-vitablanca.png\",\"contentUrl\":\"https:\\\/\\\/vitablanca.ma\\\/wp-content\\\/uploads\\\/2025\\\/05\\\/cropped-vitablanca.png\",\"width\":360,\"height\":67,\"caption\":\"VitaBlanca\"},\"image\":{\"@id\":\"https:\\\/\\\/vitablanca.ma\\\/#\\\/schema\\\/logo\\\/image\\\/\"},\"sameAs\":[\"https:\\\/\\\/www.facebook.com\\\/profile.php?id=61576678196717\",\"https:\\\/\\\/www.tiktok.com\\\/@vitablanca.ma\",\"https:\\\/\\\/www.instagram.com\\\/vitablanca.ma\\\/\"]}]}<\/script>\n<!-- \/ Yoast SEO plugin. -->","yoast_head_json":{"title":"NOW Foods Sports Cr\u00e9atine Monohydrate Micronis\u00e9e \u2013 Maroc Prix","description":"NOW Foods Sports Cr\u00e9atine Monohydrate micronis\u00e9e, 1,1 lb (\u2248500 g). Soutient la force, la performance et la r\u00e9cup\u00e9ration musculaire. Disponible au Maroc.","robots":{"index":"index","follow":"follow","max-snippet":"max-snippet:-1","max-image-preview":"max-image-preview:large","max-video-preview":"max-video-preview:-1"},"canonical":"https:\/\/vitablanca.ma\/en\/product\/now-foods-sports-monohydrate-de-creatine-micronise-11-lb-500-mg-maroc-prix\/","og_locale":"en_US","og_type":"article","og_title":"NOW Foods Sports Cr\u00e9atine Monohydrate Micronis\u00e9e \u2013 Maroc Prix","og_description":"NOW Foods Sports Cr\u00e9atine Monohydrate micronis\u00e9e, 1,1 lb (\u2248500 g). Soutient la force, la performance et la r\u00e9cup\u00e9ration musculaire. Disponible au Maroc.","og_url":"https:\/\/vitablanca.ma\/en\/product\/now-foods-sports-monohydrate-de-creatine-micronise-11-lb-500-mg-maroc-prix\/","og_site_name":"Vitablanca.ma &ndash; Sant&eacute;, vitalit&eacute; et bien-&ecirc;tre pour tous les Marocains","article_publisher":"https:\/\/www.facebook.com\/profile.php?id=61576678196717","article_modified_time":"2026-03-02T04:15:27+00:00","og_image":[{"width":1600,"height":1600,"url":"https:\/\/vitablanca.ma\/wp-content\/uploads\/2026\/03\/NOW-Foods-Sports-Monohydrate-de-creatine-Micronise-11-lb-500-mg1.jpg","type":"image\/jpeg"}],"twitter_card":"summary_large_image","twitter_misc":{"Est. reading time":"2 minutes"},"schema":{"@context":"https:\/\/schema.org","@graph":[{"@type":["WebPage","ItemPage"],"@id":"https:\/\/vitablanca.ma\/produit\/now-foods-sports-monohydrate-de-creatine-micronise-11-lb-500-mg-maroc-prix\/","url":"https:\/\/vitablanca.ma\/produit\/now-foods-sports-monohydrate-de-creatine-micronise-11-lb-500-mg-maroc-prix\/","name":"NOW Foods Sports Cr\u00e9atine Monohydrate Micronis\u00e9e \u2013 Maroc Prix","isPartOf":{"@id":"https:\/\/vitablanca.ma\/#website"},"primaryImageOfPage":{"@id":"https:\/\/vitablanca.ma\/produit\/now-foods-sports-monohydrate-de-creatine-micronise-11-lb-500-mg-maroc-prix\/#primaryimage"},"image":{"@id":"https:\/\/vitablanca.ma\/produit\/now-foods-sports-monohydrate-de-creatine-micronise-11-lb-500-mg-maroc-prix\/#primaryimage"},"thumbnailUrl":"https:\/\/vitablanca.ma\/wp-content\/uploads\/2026\/03\/NOW-Foods-Sports-Monohydrate-de-creatine-Micronise-11-lb-500-mg1.jpg","datePublished":"2026-03-01T15:54:30+00:00","dateModified":"2026-03-02T04:15:27+00:00","description":"NOW Foods Sports Cr\u00e9atine Monohydrate micronis\u00e9e, 1,1 lb (\u2248500 g). Soutient la force, la performance et la r\u00e9cup\u00e9ration musculaire. Disponible au Maroc.","breadcrumb":{"@id":"https:\/\/vitablanca.ma\/produit\/now-foods-sports-monohydrate-de-creatine-micronise-11-lb-500-mg-maroc-prix\/#breadcrumb"},"inLanguage":"en-US","potentialAction":[{"@type":"ReadAction","target":["https:\/\/vitablanca.ma\/produit\/now-foods-sports-monohydrate-de-creatine-micronise-11-lb-500-mg-maroc-prix\/"]}]},{"@type":"ImageObject","inLanguage":"en-US","@id":"https:\/\/vitablanca.ma\/produit\/now-foods-sports-monohydrate-de-creatine-micronise-11-lb-500-mg-maroc-prix\/#primaryimage","url":"https:\/\/vitablanca.ma\/wp-content\/uploads\/2026\/03\/NOW-Foods-Sports-Monohydrate-de-creatine-Micronise-11-lb-500-mg1.jpg","contentUrl":"https:\/\/vitablanca.ma\/wp-content\/uploads\/2026\/03\/NOW-Foods-Sports-Monohydrate-de-creatine-Micronise-11-lb-500-mg1.jpg","width":1600,"height":1600},{"@type":"BreadcrumbList","@id":"https:\/\/vitablanca.ma\/produit\/now-foods-sports-monohydrate-de-creatine-micronise-11-lb-500-mg-maroc-prix\/#breadcrumb","itemListElement":[{"@type":"ListItem","position":1,"name":"Home","item":"https:\/\/vitablanca.ma\/"},{"@type":"ListItem","position":2,"name":"Tous Les Produits","item":"https:\/\/vitablanca.ma\/tous-les-produits\/"},{"@type":"ListItem","position":3,"name":"NOW Foods, Sports, Monohydrate de cr\u00e9atine, Micronis\u00e9, 1,1 lb (500 mg)"}]},{"@type":"WebSite","@id":"https:\/\/vitablanca.ma\/#website","url":"https:\/\/vitablanca.ma\/","name":"VitaBlanca.ma | Food supplements, health &amp; beauty in Morocco","description":"sell premium vitamins and supplements from USA &amp; Canada, New Zealand, Morocco (NOW Foods, Solgar, Manuka). Fast delivery anywhere in Morocco.","publisher":{"@id":"https:\/\/vitablanca.ma\/#organization"},"alternateName":"VitaBlanca.ma","potentialAction":[{"@type":"SearchAction","target":{"@type":"EntryPoint","urlTemplate":"https:\/\/vitablanca.ma\/?s={search_term_string}"},"query-input":{"@type":"PropertyValueSpecification","valueRequired":true,"valueName":"search_term_string"}}],"inLanguage":"en-US"},{"@type":"Organization","@id":"https:\/\/vitablanca.ma\/#organization","name":"VitaBlanca","url":"https:\/\/vitablanca.ma\/","logo":{"@type":"ImageObject","inLanguage":"en-US","@id":"https:\/\/vitablanca.ma\/#\/schema\/logo\/image\/","url":"https:\/\/vitablanca.ma\/wp-content\/uploads\/2025\/05\/cropped-vitablanca.png","contentUrl":"https:\/\/vitablanca.ma\/wp-content\/uploads\/2025\/05\/cropped-vitablanca.png","width":360,"height":67,"caption":"VitaBlanca"},"image":{"@id":"https:\/\/vitablanca.ma\/#\/schema\/logo\/image\/"},"sameAs":["https:\/\/www.facebook.com\/profile.php?id=61576678196717","https:\/\/www.tiktok.com\/@vitablanca.ma","https:\/\/www.instagram.com\/vitablanca.ma\/"]}]}},"jetpack_sharing_enabled":true,"_links":{"self":[{"href":"https:\/\/vitablanca.ma\/en\/wp-json\/wp\/v2\/product\/30601","targetHints":{"allow":["GET"]}}],"collection":[{"href":"https:\/\/vitablanca.ma\/en\/wp-json\/wp\/v2\/product"}],"about":[{"href":"https:\/\/vitablanca.ma\/en\/wp-json\/wp\/v2\/types\/product"}],"wp:featuredmedia":[{"embeddable":true,"href":"https:\/\/vitablanca.ma\/en\/wp-json\/wp\/v2\/media\/30602"}],"wp:attachment":[{"href":"https:\/\/vitablanca.ma\/en\/wp-json\/wp\/v2\/media?parent=30601"}],"wp:term":[{"taxonomy":"product_brand","embeddable":true,"href":"https:\/\/vitablanca.ma\/en\/wp-json\/wp\/v2\/product_brand?post=30601"},{"taxonomy":"product_cat","embeddable":true,"href":"https:\/\/vitablanca.ma\/en\/wp-json\/wp\/v2\/product_cat?post=30601"},{"taxonomy":"product_tag","embeddable":true,"href":"https:\/\/vitablanca.ma\/en\/wp-json\/wp\/v2\/product_tag?post=30601"}],"curies":[{"name":"wp","href":"https:\/\/api.w.org\/{rel}","templated":true}]}}