{"id":30533,"date":"2026-02-26T04:27:57","date_gmt":"2026-02-26T04:27:57","guid":{"rendered":"https:\/\/vitablanca.ma\/?post_type=product&#038;p=30533"},"modified":"2026-03-02T04:15:28","modified_gmt":"2026-03-02T04:15:28","slug":"source-naturals-resveratrol-40-mg-60-tablets","status":"publish","type":"product","link":"https:\/\/vitablanca.ma\/en\/product\/source-naturals-resveratrol-40-mg-60-tablets\/","title":{"rendered":"Source Naturals Resveratrol, 40 mg, 60 Tablets"},"content":{"rendered":"<p lang=\"FR-FR\" xml:lang=\"FR-FR\">Food supplement<\/p>\n<p lang=\"FR-FR\" xml:lang=\"FR-FR\">\u00a0Pour le c\u0153ur et le vieillissement en bonne sant\u00e9<\/p>\n<p lang=\"FR-FR\" xml:lang=\"FR-FR\">\u00a040 mg de resv\u00e9ratrols totaux<\/p>\n<p lang=\"FR-FR\" xml:lang=\"FR-FR\">Le resv\u00e9ratrol est un compos\u00e9 produit par le raisin et d&rsquo;autres plantes pour la protection contre les stress environnementaux. Des \u00e9tudes r\u00e9centes ont d\u00e9montr\u00e9 que le resv\u00e9ratrol active les g\u00e8nes SIRT I, qui imitent les bienfaits du vieillissement en bonne sant\u00e9 de la restriction calorique. Le resv\u00e9ratrol de Source\u00a0Naturals\u00a0peut soutenir la sant\u00e9 cardiaque en fournissant la protection antioxydante n\u00e9cessaire \u00e0 une circulation saine et en inhibant les messagers de l&rsquo;inflammation, y compris NF kappa B.<\/p>","protected":false},"excerpt":{"rendered":"<p>Compl\u00e9ment alimentaire \u00a0Pour le c\u0153ur et le vieillissement en bonne sant\u00e9 \u00a040 mg de resv\u00e9ratrols totaux Le resv\u00e9ratrol est un compos\u00e9 produit par le raisin et d&rsquo;autres plantes pour la protection contre les stress environnementaux. Des \u00e9tudes r\u00e9centes ont d\u00e9montr\u00e9 que le resv\u00e9ratrol active les g\u00e8nes SIRT I, qui imitent les bienfaits du vieillissement en [&hellip;]<\/p>\n","protected":false},"featured_media":30534,"template":"","meta":{"om_disable_all_campaigns":false},"product_brand":[405],"product_cat":[18,3366,130],"product_tag":[2310,748,10997,181,10995,4263,10812,985,10994,834,406,10996,10956],"class_list":{"0":"post-30533","1":"product","2":"type-product","3":"status-publish","4":"has-post-thumbnail","6":"product_brand-source-naturals-prix-maroc","7":"product_cat-beaute-sante","8":"product_cat-complements-alimentaires-au-maroc-vitablanca","9":"product_cat-vitamines","10":"product_tag-60-comprimes","11":"product_tag-antioxydant-naturel","12":"product_tag-bien-etre-global","13":"product_tag-complement-alimentaire","14":"product_tag-extrait-vegetal","15":"product_tag-longevite","16":"product_tag-polyphenols","17":"product_tag-protection-cellulaire","18":"product_tag-resveratrol-40-mg","19":"product_tag-sante-cardiovasculaire","20":"product_tag-source-naturals","21":"product_tag-soutien-circulatoire","22":"product_tag-stress-oxydatif","24":"first","25":"instock","26":"taxable","27":"shipping-taxable","28":"purchasable","29":"product-type-simple"},"yoast_head":"<!-- This site is optimized with the Yoast SEO plugin v27.4 - https:\/\/yoast.com\/product\/yoast-seo-wordpress\/ -->\n<title>Source Naturals Resveratrol, 40 mg, 60 Tablets - Maroc Prix<\/title>\n<meta name=\"description\" content=\"Source Naturals Resveratrol 40 mg 60 Tablets est un compl\u00e9ment antioxydant \u00e0 base de resv\u00e9ratrol pour soutenir la sant\u00e9 cardiovasculaire .\" \/>\n<meta name=\"robots\" content=\"index, follow, max-snippet:-1, max-image-preview:large, max-video-preview:-1\" \/>\n<link rel=\"canonical\" href=\"https:\/\/vitablanca.ma\/en\/product\/source-naturals-resveratrol-40-mg-60-tablets\/\" \/>\n<meta property=\"og:locale\" content=\"en_US\" \/>\n<meta property=\"og:type\" content=\"article\" \/>\n<meta property=\"og:title\" content=\"Source Naturals Resveratrol, 40 mg, 60 Tablets - Maroc Prix\" \/>\n<meta property=\"og:description\" content=\"Source Naturals Resveratrol 40 mg 60 Tablets est un compl\u00e9ment antioxydant \u00e0 base de resv\u00e9ratrol pour soutenir la sant\u00e9 cardiovasculaire .\" \/>\n<meta property=\"og:url\" content=\"https:\/\/vitablanca.ma\/en\/product\/source-naturals-resveratrol-40-mg-60-tablets\/\" \/>\n<meta property=\"og:site_name\" content=\"Vitablanca.ma &ndash; Sant&eacute;, vitalit&eacute; et bien-&ecirc;tre pour tous les Marocains\" \/>\n<meta property=\"article:publisher\" content=\"https:\/\/www.facebook.com\/profile.php?id=61576678196717\" \/>\n<meta property=\"article:modified_time\" content=\"2026-03-02T04:15:28+00:00\" \/>\n<meta property=\"og:image\" content=\"https:\/\/vitablanca.ma\/wp-content\/uploads\/2026\/02\/source-naturals-resveratrol-40-mg-60-tablets.jpg\" \/>\n\t<meta property=\"og:image:width\" content=\"680\" \/>\n\t<meta property=\"og:image:height\" content=\"680\" \/>\n\t<meta property=\"og:image:type\" content=\"image\/jpeg\" \/>\n<meta name=\"twitter:card\" content=\"summary_large_image\" \/>\n<meta name=\"twitter:label1\" content=\"Est. reading time\" \/>\n\t<meta name=\"twitter:data1\" content=\"1 minute\" \/>\n<script type=\"application\/ld+json\" class=\"yoast-schema-graph\">{\"@context\":\"https:\\\/\\\/schema.org\",\"@graph\":[{\"@type\":[\"WebPage\",\"ItemPage\"],\"@id\":\"https:\\\/\\\/vitablanca.ma\\\/produit\\\/source-naturals-resveratrol-40-mg-60-tablets\\\/\",\"url\":\"https:\\\/\\\/vitablanca.ma\\\/produit\\\/source-naturals-resveratrol-40-mg-60-tablets\\\/\",\"name\":\"Source Naturals Resveratrol, 40 mg, 60 Tablets - Maroc Prix\",\"isPartOf\":{\"@id\":\"https:\\\/\\\/vitablanca.ma\\\/#website\"},\"primaryImageOfPage\":{\"@id\":\"https:\\\/\\\/vitablanca.ma\\\/produit\\\/source-naturals-resveratrol-40-mg-60-tablets\\\/#primaryimage\"},\"image\":{\"@id\":\"https:\\\/\\\/vitablanca.ma\\\/produit\\\/source-naturals-resveratrol-40-mg-60-tablets\\\/#primaryimage\"},\"thumbnailUrl\":\"https:\\\/\\\/vitablanca.ma\\\/wp-content\\\/uploads\\\/2026\\\/02\\\/source-naturals-resveratrol-40-mg-60-tablets.jpg\",\"datePublished\":\"2026-02-26T04:27:57+00:00\",\"dateModified\":\"2026-03-02T04:15:28+00:00\",\"description\":\"Source Naturals Resveratrol 40 mg 60 Tablets est un compl\u00e9ment antioxydant \u00e0 base de resv\u00e9ratrol pour soutenir la sant\u00e9 cardiovasculaire .\",\"breadcrumb\":{\"@id\":\"https:\\\/\\\/vitablanca.ma\\\/produit\\\/source-naturals-resveratrol-40-mg-60-tablets\\\/#breadcrumb\"},\"inLanguage\":\"en-US\",\"potentialAction\":[{\"@type\":\"ReadAction\",\"target\":[\"https:\\\/\\\/vitablanca.ma\\\/produit\\\/source-naturals-resveratrol-40-mg-60-tablets\\\/\"]}]},{\"@type\":\"ImageObject\",\"inLanguage\":\"en-US\",\"@id\":\"https:\\\/\\\/vitablanca.ma\\\/produit\\\/source-naturals-resveratrol-40-mg-60-tablets\\\/#primaryimage\",\"url\":\"https:\\\/\\\/vitablanca.ma\\\/wp-content\\\/uploads\\\/2026\\\/02\\\/source-naturals-resveratrol-40-mg-60-tablets.jpg\",\"contentUrl\":\"https:\\\/\\\/vitablanca.ma\\\/wp-content\\\/uploads\\\/2026\\\/02\\\/source-naturals-resveratrol-40-mg-60-tablets.jpg\",\"width\":680,\"height\":680},{\"@type\":\"BreadcrumbList\",\"@id\":\"https:\\\/\\\/vitablanca.ma\\\/produit\\\/source-naturals-resveratrol-40-mg-60-tablets\\\/#breadcrumb\",\"itemListElement\":[{\"@type\":\"ListItem\",\"position\":1,\"name\":\"Home\",\"item\":\"https:\\\/\\\/vitablanca.ma\\\/\"},{\"@type\":\"ListItem\",\"position\":2,\"name\":\"Tous Les Produits\",\"item\":\"https:\\\/\\\/vitablanca.ma\\\/tous-les-produits\\\/\"},{\"@type\":\"ListItem\",\"position\":3,\"name\":\"Source Naturals Resveratrol, 40 mg, 60 Tablets\"}]},{\"@type\":\"WebSite\",\"@id\":\"https:\\\/\\\/vitablanca.ma\\\/#website\",\"url\":\"https:\\\/\\\/vitablanca.ma\\\/\",\"name\":\"VitaBlanca.ma | Compl\u00e9ments alimentaires, sant\u00e9 & beaut\u00e9 au Maroc\",\"description\":\"vendre vitamines et compl\u00e9ments premium des USA &amp; Canada, Nouvelle Z\u00e9lande,Maroc (NOW Foods, Solgar, Manuka). Livraison rapide partout au Maroc.\",\"publisher\":{\"@id\":\"https:\\\/\\\/vitablanca.ma\\\/#organization\"},\"alternateName\":\"VitaBlanca.ma\",\"potentialAction\":[{\"@type\":\"SearchAction\",\"target\":{\"@type\":\"EntryPoint\",\"urlTemplate\":\"https:\\\/\\\/vitablanca.ma\\\/?s={search_term_string}\"},\"query-input\":{\"@type\":\"PropertyValueSpecification\",\"valueRequired\":true,\"valueName\":\"search_term_string\"}}],\"inLanguage\":\"en-US\"},{\"@type\":\"Organization\",\"@id\":\"https:\\\/\\\/vitablanca.ma\\\/#organization\",\"name\":\"VitaBlanca\",\"url\":\"https:\\\/\\\/vitablanca.ma\\\/\",\"logo\":{\"@type\":\"ImageObject\",\"inLanguage\":\"en-US\",\"@id\":\"https:\\\/\\\/vitablanca.ma\\\/#\\\/schema\\\/logo\\\/image\\\/\",\"url\":\"https:\\\/\\\/vitablanca.ma\\\/wp-content\\\/uploads\\\/2025\\\/05\\\/cropped-vitablanca.png\",\"contentUrl\":\"https:\\\/\\\/vitablanca.ma\\\/wp-content\\\/uploads\\\/2025\\\/05\\\/cropped-vitablanca.png\",\"width\":360,\"height\":67,\"caption\":\"VitaBlanca\"},\"image\":{\"@id\":\"https:\\\/\\\/vitablanca.ma\\\/#\\\/schema\\\/logo\\\/image\\\/\"},\"sameAs\":[\"https:\\\/\\\/www.facebook.com\\\/profile.php?id=61576678196717\",\"https:\\\/\\\/www.tiktok.com\\\/@vitablanca.ma\",\"https:\\\/\\\/www.instagram.com\\\/vitablanca.ma\\\/\"]}]}<\/script>\n<!-- \/ Yoast SEO plugin. -->","yoast_head_json":{"title":"Source Naturals Resveratrol, 40 mg, 60 Tablets - Maroc Prix","description":"Source Naturals Resveratrol 40 mg 60 Tablets est un compl\u00e9ment antioxydant \u00e0 base de resv\u00e9ratrol pour soutenir la sant\u00e9 cardiovasculaire .","robots":{"index":"index","follow":"follow","max-snippet":"max-snippet:-1","max-image-preview":"max-image-preview:large","max-video-preview":"max-video-preview:-1"},"canonical":"https:\/\/vitablanca.ma\/en\/product\/source-naturals-resveratrol-40-mg-60-tablets\/","og_locale":"en_US","og_type":"article","og_title":"Source Naturals Resveratrol, 40 mg, 60 Tablets - Maroc Prix","og_description":"Source Naturals Resveratrol 40 mg 60 Tablets est un compl\u00e9ment antioxydant \u00e0 base de resv\u00e9ratrol pour soutenir la sant\u00e9 cardiovasculaire .","og_url":"https:\/\/vitablanca.ma\/en\/product\/source-naturals-resveratrol-40-mg-60-tablets\/","og_site_name":"Vitablanca.ma &ndash; Sant&eacute;, vitalit&eacute; et bien-&ecirc;tre pour tous les Marocains","article_publisher":"https:\/\/www.facebook.com\/profile.php?id=61576678196717","article_modified_time":"2026-03-02T04:15:28+00:00","og_image":[{"width":680,"height":680,"url":"https:\/\/vitablanca.ma\/wp-content\/uploads\/2026\/02\/source-naturals-resveratrol-40-mg-60-tablets.jpg","type":"image\/jpeg"}],"twitter_card":"summary_large_image","twitter_misc":{"Est. reading time":"1 minute"},"schema":{"@context":"https:\/\/schema.org","@graph":[{"@type":["WebPage","ItemPage"],"@id":"https:\/\/vitablanca.ma\/produit\/source-naturals-resveratrol-40-mg-60-tablets\/","url":"https:\/\/vitablanca.ma\/produit\/source-naturals-resveratrol-40-mg-60-tablets\/","name":"Source Naturals Resveratrol, 40 mg, 60 Tablets - Maroc Prix","isPartOf":{"@id":"https:\/\/vitablanca.ma\/#website"},"primaryImageOfPage":{"@id":"https:\/\/vitablanca.ma\/produit\/source-naturals-resveratrol-40-mg-60-tablets\/#primaryimage"},"image":{"@id":"https:\/\/vitablanca.ma\/produit\/source-naturals-resveratrol-40-mg-60-tablets\/#primaryimage"},"thumbnailUrl":"https:\/\/vitablanca.ma\/wp-content\/uploads\/2026\/02\/source-naturals-resveratrol-40-mg-60-tablets.jpg","datePublished":"2026-02-26T04:27:57+00:00","dateModified":"2026-03-02T04:15:28+00:00","description":"Source Naturals Resveratrol 40 mg 60 Tablets est un compl\u00e9ment antioxydant \u00e0 base de resv\u00e9ratrol pour soutenir la sant\u00e9 cardiovasculaire .","breadcrumb":{"@id":"https:\/\/vitablanca.ma\/produit\/source-naturals-resveratrol-40-mg-60-tablets\/#breadcrumb"},"inLanguage":"en-US","potentialAction":[{"@type":"ReadAction","target":["https:\/\/vitablanca.ma\/produit\/source-naturals-resveratrol-40-mg-60-tablets\/"]}]},{"@type":"ImageObject","inLanguage":"en-US","@id":"https:\/\/vitablanca.ma\/produit\/source-naturals-resveratrol-40-mg-60-tablets\/#primaryimage","url":"https:\/\/vitablanca.ma\/wp-content\/uploads\/2026\/02\/source-naturals-resveratrol-40-mg-60-tablets.jpg","contentUrl":"https:\/\/vitablanca.ma\/wp-content\/uploads\/2026\/02\/source-naturals-resveratrol-40-mg-60-tablets.jpg","width":680,"height":680},{"@type":"BreadcrumbList","@id":"https:\/\/vitablanca.ma\/produit\/source-naturals-resveratrol-40-mg-60-tablets\/#breadcrumb","itemListElement":[{"@type":"ListItem","position":1,"name":"Home","item":"https:\/\/vitablanca.ma\/"},{"@type":"ListItem","position":2,"name":"Tous Les Produits","item":"https:\/\/vitablanca.ma\/tous-les-produits\/"},{"@type":"ListItem","position":3,"name":"Source Naturals Resveratrol, 40 mg, 60 Tablets"}]},{"@type":"WebSite","@id":"https:\/\/vitablanca.ma\/#website","url":"https:\/\/vitablanca.ma\/","name":"VitaBlanca.ma | Food supplements, health &amp; beauty in Morocco","description":"sell premium vitamins and supplements from USA &amp; Canada, New Zealand, Morocco (NOW Foods, Solgar, Manuka). Fast delivery anywhere in Morocco.","publisher":{"@id":"https:\/\/vitablanca.ma\/#organization"},"alternateName":"VitaBlanca.ma","potentialAction":[{"@type":"SearchAction","target":{"@type":"EntryPoint","urlTemplate":"https:\/\/vitablanca.ma\/?s={search_term_string}"},"query-input":{"@type":"PropertyValueSpecification","valueRequired":true,"valueName":"search_term_string"}}],"inLanguage":"en-US"},{"@type":"Organization","@id":"https:\/\/vitablanca.ma\/#organization","name":"VitaBlanca","url":"https:\/\/vitablanca.ma\/","logo":{"@type":"ImageObject","inLanguage":"en-US","@id":"https:\/\/vitablanca.ma\/#\/schema\/logo\/image\/","url":"https:\/\/vitablanca.ma\/wp-content\/uploads\/2025\/05\/cropped-vitablanca.png","contentUrl":"https:\/\/vitablanca.ma\/wp-content\/uploads\/2025\/05\/cropped-vitablanca.png","width":360,"height":67,"caption":"VitaBlanca"},"image":{"@id":"https:\/\/vitablanca.ma\/#\/schema\/logo\/image\/"},"sameAs":["https:\/\/www.facebook.com\/profile.php?id=61576678196717","https:\/\/www.tiktok.com\/@vitablanca.ma","https:\/\/www.instagram.com\/vitablanca.ma\/"]}]}},"jetpack_sharing_enabled":true,"_links":{"self":[{"href":"https:\/\/vitablanca.ma\/en\/wp-json\/wp\/v2\/product\/30533","targetHints":{"allow":["GET"]}}],"collection":[{"href":"https:\/\/vitablanca.ma\/en\/wp-json\/wp\/v2\/product"}],"about":[{"href":"https:\/\/vitablanca.ma\/en\/wp-json\/wp\/v2\/types\/product"}],"wp:featuredmedia":[{"embeddable":true,"href":"https:\/\/vitablanca.ma\/en\/wp-json\/wp\/v2\/media\/30534"}],"wp:attachment":[{"href":"https:\/\/vitablanca.ma\/en\/wp-json\/wp\/v2\/media?parent=30533"}],"wp:term":[{"taxonomy":"product_brand","embeddable":true,"href":"https:\/\/vitablanca.ma\/en\/wp-json\/wp\/v2\/product_brand?post=30533"},{"taxonomy":"product_cat","embeddable":true,"href":"https:\/\/vitablanca.ma\/en\/wp-json\/wp\/v2\/product_cat?post=30533"},{"taxonomy":"product_tag","embeddable":true,"href":"https:\/\/vitablanca.ma\/en\/wp-json\/wp\/v2\/product_tag?post=30533"}],"curies":[{"name":"wp","href":"https:\/\/api.w.org\/{rel}","templated":true}]}}