{"id":30487,"date":"2026-02-25T22:23:41","date_gmt":"2026-02-25T22:23:41","guid":{"rendered":"https:\/\/vitablanca.ma\/?post_type=product&#038;p=30487"},"modified":"2026-03-02T04:15:29","modified_gmt":"2026-03-02T04:15:29","slug":"natural-factors-soins-des-articulations-osteomove-force-additionnelle-60-tablets","status":"publish","type":"product","link":"https:\/\/vitablanca.ma\/en\/product\/natural-factors-soins-des-articulations-osteomove-force-additionnelle-60-tablets\/","title":{"rendered":"Natural Factors Soins des articulations OsteoMove Force additionnelle 60 Tablets"},"content":{"rendered":"<p>OsteoMove Extra Strength Joint Care de Natural Factors procure un soulagement rapide de la douleur aigu\u00eb et chronique et pr\u00e9sente de nombreux avantages \u00e0 long terme pour la sant\u00e9 des articulations. Puissant anti-inflammatoire, OsteoMove ralentit la d\u00e9g\u00e9n\u00e9rescence du cartilage, maintient des os solides et sains et favorise la r\u00e9paration du tissu conjonctif.<\/p>","protected":false},"excerpt":{"rendered":"<p>OsteoMove Extra Strength Joint Care de Natural Factors procure un soulagement rapide de la douleur aigu\u00eb et chronique et pr\u00e9sente de nombreux avantages \u00e0 long terme pour la sant\u00e9 des articulations. Puissant anti-inflammatoire, OsteoMove ralentit la d\u00e9g\u00e9n\u00e9rescence du cartilage, maintient des os solides et sains et favorise la r\u00e9paration du tissu conjonctif.<\/p>","protected":false},"featured_media":30488,"template":"","meta":{"om_disable_all_campaigns":false},"product_brand":[],"product_cat":[18,3366,130],"product_tag":[10943,2310,10949,5176,10948,288,10164,10946,10950,1853,10947,10951,1019,5172,10944,10945,10953,522,10952],"class_list":{"0":"post-30487","1":"product","2":"type-product","3":"status-publish","4":"has-post-thumbnail","6":"product_cat-beaute-sante","7":"product_cat-complements-alimentaires-au-maroc-vitablanca","8":"product_cat-vitamines","9":"product_tag-tags-seo-natural-factors","10":"product_tag-60-comprimes","11":"product_tag-boswellia","12":"product_tag-cartilage","13":"product_tag-chondroitine-sulfate","14":"product_tag-collagene-hydrolyse","15":"product_tag-complement-alimentaire-articulations","16":"product_tag-complement-articulaire","17":"product_tag-curcuma","18":"product_tag-douleurs-articulaires","19":"product_tag-glucosamine-sulfate","20":"product_tag-hyaluronique","21":"product_tag-mobilite-articulaire","22":"product_tag-msm","23":"product_tag-osteomove","24":"product_tag-osteomove-force-additionnelle","25":"product_tag-raideur-articulaire","26":"product_tag-sante-des-articulations","27":"product_tag-souplesse-des-articulations","29":"first","30":"instock","31":"taxable","32":"shipping-taxable","33":"purchasable","34":"product-type-simple"},"yoast_head":"<!-- This site is optimized with the Yoast SEO plugin v27.4 - https:\/\/yoast.com\/product\/yoast-seo-wordpress\/ -->\n<title>Natural Factors Soins des articulations 60 Tablets Maroc Prix<\/title>\n<meta name=\"description\" content=\"D\u00e9couvrez Natural Factors OsteoMove Extra Strength 60 Tablets, formule avanc\u00e9e pour le confort articulaire, la mobilit\u00e9 et la sant\u00e9 du cartilage.\" \/>\n<meta name=\"robots\" content=\"index, follow, max-snippet:-1, max-image-preview:large, max-video-preview:-1\" \/>\n<link rel=\"canonical\" href=\"https:\/\/vitablanca.ma\/en\/product\/natural-factors-soins-des-articulations-osteomove-force-additionnelle-60-tablets\/\" \/>\n<meta property=\"og:locale\" content=\"en_US\" \/>\n<meta property=\"og:type\" content=\"article\" \/>\n<meta property=\"og:title\" content=\"Natural Factors Soins des articulations 60 Tablets Maroc Prix\" \/>\n<meta property=\"og:description\" content=\"D\u00e9couvrez Natural Factors OsteoMove Extra Strength 60 Tablets, formule avanc\u00e9e pour le confort articulaire, la mobilit\u00e9 et la sant\u00e9 du cartilage.\" \/>\n<meta property=\"og:url\" content=\"https:\/\/vitablanca.ma\/en\/product\/natural-factors-soins-des-articulations-osteomove-force-additionnelle-60-tablets\/\" \/>\n<meta property=\"og:site_name\" content=\"Vitablanca.ma &ndash; Sant&eacute;, vitalit&eacute; et bien-&ecirc;tre pour tous les Marocains\" \/>\n<meta property=\"article:publisher\" content=\"https:\/\/www.facebook.com\/profile.php?id=61576678196717\" \/>\n<meta property=\"article:modified_time\" content=\"2026-03-02T04:15:29+00:00\" \/>\n<meta property=\"og:image\" content=\"https:\/\/vitablanca.ma\/wp-content\/uploads\/2026\/02\/natural-factors-soins-des-articulations-osteomove-force.jpg\" \/>\n\t<meta property=\"og:image:width\" content=\"680\" \/>\n\t<meta property=\"og:image:height\" content=\"680\" \/>\n\t<meta property=\"og:image:type\" content=\"image\/jpeg\" \/>\n<meta name=\"twitter:card\" content=\"summary_large_image\" \/>\n<meta name=\"twitter:label1\" content=\"Est. reading time\" \/>\n\t<meta name=\"twitter:data1\" content=\"1 minute\" \/>\n<script type=\"application\/ld+json\" class=\"yoast-schema-graph\">{\"@context\":\"https:\\\/\\\/schema.org\",\"@graph\":[{\"@type\":[\"WebPage\",\"ItemPage\"],\"@id\":\"https:\\\/\\\/vitablanca.ma\\\/produit\\\/natural-factors-soins-des-articulations-osteomove-force-additionnelle-60-tablets\\\/\",\"url\":\"https:\\\/\\\/vitablanca.ma\\\/produit\\\/natural-factors-soins-des-articulations-osteomove-force-additionnelle-60-tablets\\\/\",\"name\":\"Natural Factors Soins des articulations 60 Tablets Maroc Prix\",\"isPartOf\":{\"@id\":\"https:\\\/\\\/vitablanca.ma\\\/#website\"},\"primaryImageOfPage\":{\"@id\":\"https:\\\/\\\/vitablanca.ma\\\/produit\\\/natural-factors-soins-des-articulations-osteomove-force-additionnelle-60-tablets\\\/#primaryimage\"},\"image\":{\"@id\":\"https:\\\/\\\/vitablanca.ma\\\/produit\\\/natural-factors-soins-des-articulations-osteomove-force-additionnelle-60-tablets\\\/#primaryimage\"},\"thumbnailUrl\":\"https:\\\/\\\/vitablanca.ma\\\/wp-content\\\/uploads\\\/2026\\\/02\\\/natural-factors-soins-des-articulations-osteomove-force.jpg\",\"datePublished\":\"2026-02-25T22:23:41+00:00\",\"dateModified\":\"2026-03-02T04:15:29+00:00\",\"description\":\"D\u00e9couvrez Natural Factors OsteoMove Extra Strength 60 Tablets, formule avanc\u00e9e pour le confort articulaire, la mobilit\u00e9 et la sant\u00e9 du cartilage.\",\"breadcrumb\":{\"@id\":\"https:\\\/\\\/vitablanca.ma\\\/produit\\\/natural-factors-soins-des-articulations-osteomove-force-additionnelle-60-tablets\\\/#breadcrumb\"},\"inLanguage\":\"en-US\",\"potentialAction\":[{\"@type\":\"ReadAction\",\"target\":[\"https:\\\/\\\/vitablanca.ma\\\/produit\\\/natural-factors-soins-des-articulations-osteomove-force-additionnelle-60-tablets\\\/\"]}]},{\"@type\":\"ImageObject\",\"inLanguage\":\"en-US\",\"@id\":\"https:\\\/\\\/vitablanca.ma\\\/produit\\\/natural-factors-soins-des-articulations-osteomove-force-additionnelle-60-tablets\\\/#primaryimage\",\"url\":\"https:\\\/\\\/vitablanca.ma\\\/wp-content\\\/uploads\\\/2026\\\/02\\\/natural-factors-soins-des-articulations-osteomove-force.jpg\",\"contentUrl\":\"https:\\\/\\\/vitablanca.ma\\\/wp-content\\\/uploads\\\/2026\\\/02\\\/natural-factors-soins-des-articulations-osteomove-force.jpg\",\"width\":680,\"height\":680},{\"@type\":\"BreadcrumbList\",\"@id\":\"https:\\\/\\\/vitablanca.ma\\\/produit\\\/natural-factors-soins-des-articulations-osteomove-force-additionnelle-60-tablets\\\/#breadcrumb\",\"itemListElement\":[{\"@type\":\"ListItem\",\"position\":1,\"name\":\"Home\",\"item\":\"https:\\\/\\\/vitablanca.ma\\\/\"},{\"@type\":\"ListItem\",\"position\":2,\"name\":\"Tous Les Produits\",\"item\":\"https:\\\/\\\/vitablanca.ma\\\/tous-les-produits\\\/\"},{\"@type\":\"ListItem\",\"position\":3,\"name\":\"Natural Factors Soins des articulations OsteoMove Force additionnelle 60 Tablets\"}]},{\"@type\":\"WebSite\",\"@id\":\"https:\\\/\\\/vitablanca.ma\\\/#website\",\"url\":\"https:\\\/\\\/vitablanca.ma\\\/\",\"name\":\"VitaBlanca.ma | Compl\u00e9ments alimentaires, sant\u00e9 & beaut\u00e9 au Maroc\",\"description\":\"vendre vitamines et compl\u00e9ments premium des USA &amp; Canada, Nouvelle Z\u00e9lande,Maroc (NOW Foods, Solgar, Manuka). Livraison rapide partout au Maroc.\",\"publisher\":{\"@id\":\"https:\\\/\\\/vitablanca.ma\\\/#organization\"},\"alternateName\":\"VitaBlanca.ma\",\"potentialAction\":[{\"@type\":\"SearchAction\",\"target\":{\"@type\":\"EntryPoint\",\"urlTemplate\":\"https:\\\/\\\/vitablanca.ma\\\/?s={search_term_string}\"},\"query-input\":{\"@type\":\"PropertyValueSpecification\",\"valueRequired\":true,\"valueName\":\"search_term_string\"}}],\"inLanguage\":\"en-US\"},{\"@type\":\"Organization\",\"@id\":\"https:\\\/\\\/vitablanca.ma\\\/#organization\",\"name\":\"VitaBlanca\",\"url\":\"https:\\\/\\\/vitablanca.ma\\\/\",\"logo\":{\"@type\":\"ImageObject\",\"inLanguage\":\"en-US\",\"@id\":\"https:\\\/\\\/vitablanca.ma\\\/#\\\/schema\\\/logo\\\/image\\\/\",\"url\":\"https:\\\/\\\/vitablanca.ma\\\/wp-content\\\/uploads\\\/2025\\\/05\\\/cropped-vitablanca.png\",\"contentUrl\":\"https:\\\/\\\/vitablanca.ma\\\/wp-content\\\/uploads\\\/2025\\\/05\\\/cropped-vitablanca.png\",\"width\":360,\"height\":67,\"caption\":\"VitaBlanca\"},\"image\":{\"@id\":\"https:\\\/\\\/vitablanca.ma\\\/#\\\/schema\\\/logo\\\/image\\\/\"},\"sameAs\":[\"https:\\\/\\\/www.facebook.com\\\/profile.php?id=61576678196717\",\"https:\\\/\\\/www.tiktok.com\\\/@vitablanca.ma\",\"https:\\\/\\\/www.instagram.com\\\/vitablanca.ma\\\/\"]}]}<\/script>\n<!-- \/ Yoast SEO plugin. -->","yoast_head_json":{"title":"Natural Factors Soins des articulations 60 Tablets Maroc Prix","description":"D\u00e9couvrez Natural Factors OsteoMove Extra Strength 60 Tablets, formule avanc\u00e9e pour le confort articulaire, la mobilit\u00e9 et la sant\u00e9 du cartilage.","robots":{"index":"index","follow":"follow","max-snippet":"max-snippet:-1","max-image-preview":"max-image-preview:large","max-video-preview":"max-video-preview:-1"},"canonical":"https:\/\/vitablanca.ma\/en\/product\/natural-factors-soins-des-articulations-osteomove-force-additionnelle-60-tablets\/","og_locale":"en_US","og_type":"article","og_title":"Natural Factors Soins des articulations 60 Tablets Maroc Prix","og_description":"D\u00e9couvrez Natural Factors OsteoMove Extra Strength 60 Tablets, formule avanc\u00e9e pour le confort articulaire, la mobilit\u00e9 et la sant\u00e9 du cartilage.","og_url":"https:\/\/vitablanca.ma\/en\/product\/natural-factors-soins-des-articulations-osteomove-force-additionnelle-60-tablets\/","og_site_name":"Vitablanca.ma &ndash; Sant&eacute;, vitalit&eacute; et bien-&ecirc;tre pour tous les Marocains","article_publisher":"https:\/\/www.facebook.com\/profile.php?id=61576678196717","article_modified_time":"2026-03-02T04:15:29+00:00","og_image":[{"width":680,"height":680,"url":"https:\/\/vitablanca.ma\/wp-content\/uploads\/2026\/02\/natural-factors-soins-des-articulations-osteomove-force.jpg","type":"image\/jpeg"}],"twitter_card":"summary_large_image","twitter_misc":{"Est. reading time":"1 minute"},"schema":{"@context":"https:\/\/schema.org","@graph":[{"@type":["WebPage","ItemPage"],"@id":"https:\/\/vitablanca.ma\/produit\/natural-factors-soins-des-articulations-osteomove-force-additionnelle-60-tablets\/","url":"https:\/\/vitablanca.ma\/produit\/natural-factors-soins-des-articulations-osteomove-force-additionnelle-60-tablets\/","name":"Natural Factors Soins des articulations 60 Tablets Maroc Prix","isPartOf":{"@id":"https:\/\/vitablanca.ma\/#website"},"primaryImageOfPage":{"@id":"https:\/\/vitablanca.ma\/produit\/natural-factors-soins-des-articulations-osteomove-force-additionnelle-60-tablets\/#primaryimage"},"image":{"@id":"https:\/\/vitablanca.ma\/produit\/natural-factors-soins-des-articulations-osteomove-force-additionnelle-60-tablets\/#primaryimage"},"thumbnailUrl":"https:\/\/vitablanca.ma\/wp-content\/uploads\/2026\/02\/natural-factors-soins-des-articulations-osteomove-force.jpg","datePublished":"2026-02-25T22:23:41+00:00","dateModified":"2026-03-02T04:15:29+00:00","description":"D\u00e9couvrez Natural Factors OsteoMove Extra Strength 60 Tablets, formule avanc\u00e9e pour le confort articulaire, la mobilit\u00e9 et la sant\u00e9 du cartilage.","breadcrumb":{"@id":"https:\/\/vitablanca.ma\/produit\/natural-factors-soins-des-articulations-osteomove-force-additionnelle-60-tablets\/#breadcrumb"},"inLanguage":"en-US","potentialAction":[{"@type":"ReadAction","target":["https:\/\/vitablanca.ma\/produit\/natural-factors-soins-des-articulations-osteomove-force-additionnelle-60-tablets\/"]}]},{"@type":"ImageObject","inLanguage":"en-US","@id":"https:\/\/vitablanca.ma\/produit\/natural-factors-soins-des-articulations-osteomove-force-additionnelle-60-tablets\/#primaryimage","url":"https:\/\/vitablanca.ma\/wp-content\/uploads\/2026\/02\/natural-factors-soins-des-articulations-osteomove-force.jpg","contentUrl":"https:\/\/vitablanca.ma\/wp-content\/uploads\/2026\/02\/natural-factors-soins-des-articulations-osteomove-force.jpg","width":680,"height":680},{"@type":"BreadcrumbList","@id":"https:\/\/vitablanca.ma\/produit\/natural-factors-soins-des-articulations-osteomove-force-additionnelle-60-tablets\/#breadcrumb","itemListElement":[{"@type":"ListItem","position":1,"name":"Home","item":"https:\/\/vitablanca.ma\/"},{"@type":"ListItem","position":2,"name":"Tous Les Produits","item":"https:\/\/vitablanca.ma\/tous-les-produits\/"},{"@type":"ListItem","position":3,"name":"Natural Factors Soins des articulations OsteoMove Force additionnelle 60 Tablets"}]},{"@type":"WebSite","@id":"https:\/\/vitablanca.ma\/#website","url":"https:\/\/vitablanca.ma\/","name":"VitaBlanca.ma | Food supplements, health &amp; beauty in Morocco","description":"sell premium vitamins and supplements from USA &amp; Canada, New Zealand, Morocco (NOW Foods, Solgar, Manuka). Fast delivery anywhere in Morocco.","publisher":{"@id":"https:\/\/vitablanca.ma\/#organization"},"alternateName":"VitaBlanca.ma","potentialAction":[{"@type":"SearchAction","target":{"@type":"EntryPoint","urlTemplate":"https:\/\/vitablanca.ma\/?s={search_term_string}"},"query-input":{"@type":"PropertyValueSpecification","valueRequired":true,"valueName":"search_term_string"}}],"inLanguage":"en-US"},{"@type":"Organization","@id":"https:\/\/vitablanca.ma\/#organization","name":"VitaBlanca","url":"https:\/\/vitablanca.ma\/","logo":{"@type":"ImageObject","inLanguage":"en-US","@id":"https:\/\/vitablanca.ma\/#\/schema\/logo\/image\/","url":"https:\/\/vitablanca.ma\/wp-content\/uploads\/2025\/05\/cropped-vitablanca.png","contentUrl":"https:\/\/vitablanca.ma\/wp-content\/uploads\/2025\/05\/cropped-vitablanca.png","width":360,"height":67,"caption":"VitaBlanca"},"image":{"@id":"https:\/\/vitablanca.ma\/#\/schema\/logo\/image\/"},"sameAs":["https:\/\/www.facebook.com\/profile.php?id=61576678196717","https:\/\/www.tiktok.com\/@vitablanca.ma","https:\/\/www.instagram.com\/vitablanca.ma\/"]}]}},"jetpack_sharing_enabled":true,"_links":{"self":[{"href":"https:\/\/vitablanca.ma\/en\/wp-json\/wp\/v2\/product\/30487","targetHints":{"allow":["GET"]}}],"collection":[{"href":"https:\/\/vitablanca.ma\/en\/wp-json\/wp\/v2\/product"}],"about":[{"href":"https:\/\/vitablanca.ma\/en\/wp-json\/wp\/v2\/types\/product"}],"wp:featuredmedia":[{"embeddable":true,"href":"https:\/\/vitablanca.ma\/en\/wp-json\/wp\/v2\/media\/30488"}],"wp:attachment":[{"href":"https:\/\/vitablanca.ma\/en\/wp-json\/wp\/v2\/media?parent=30487"}],"wp:term":[{"taxonomy":"product_brand","embeddable":true,"href":"https:\/\/vitablanca.ma\/en\/wp-json\/wp\/v2\/product_brand?post=30487"},{"taxonomy":"product_cat","embeddable":true,"href":"https:\/\/vitablanca.ma\/en\/wp-json\/wp\/v2\/product_cat?post=30487"},{"taxonomy":"product_tag","embeddable":true,"href":"https:\/\/vitablanca.ma\/en\/wp-json\/wp\/v2\/product_tag?post=30487"}],"curies":[{"name":"wp","href":"https:\/\/api.w.org\/{rel}","templated":true}]}}