{"id":30433,"date":"2026-02-24T16:43:14","date_gmt":"2026-02-24T16:43:14","guid":{"rendered":"https:\/\/vitablanca.ma\/?post_type=product&#038;p=30433"},"modified":"2026-03-02T04:15:30","modified_gmt":"2026-03-02T04:15:30","slug":"complements-alimentaires-maroc","status":"publish","type":"product","link":"https:\/\/vitablanca.ma\/en\/product\/complements-alimentaires-maroc\/","title":{"rendered":"complements-alimentaires-maroc"},"content":{"rendered":"<h2>MRM Nutrition Neuro-Max II \u2013 60 Vegan Capsules<\/h2>\n<p>Neuro-Max II est un compl\u00e9ment nootropique avanc\u00e9 con\u00e7u pour am\u00e9liorer les fonctions cognitives, la m\u00e9moire, la concentration et l\u2019\u00e9nergie c\u00e9r\u00e9brale, sans stimulants. Il soutient \u00e9galement la circulation sanguine et l\u2019oxyg\u00e9nation du cerveau, tout en optimisant l\u2019utilisation du glucose. Sa formule v\u00e9g\u00e9talienne comprend des extraits de Lion\u2019s Mane, Ashwagandha, Bacopa Monnieri, Ginkgo Biloba et Huperzine A. Sans caf\u00e9ine, il est id\u00e9al pour une prise quotidienne sans perturber le sommeil.<\/p>","protected":false},"excerpt":{"rendered":"<p>MRM Nutrition Neuro-Max II \u2013 60 Vegan Capsules Neuro-Max II est un compl\u00e9ment nootropique avanc\u00e9 con\u00e7u pour am\u00e9liorer les fonctions cognitives, la m\u00e9moire, la concentration et l\u2019\u00e9nergie c\u00e9r\u00e9brale, sans stimulants. Il soutient \u00e9galement la circulation sanguine et l\u2019oxyg\u00e9nation du cerveau, tout en optimisant l\u2019utilisation du glucose. Sa formule v\u00e9g\u00e9talienne comprend des extraits de Lion\u2019s Mane, [&hellip;]<\/p>\n","protected":false},"featured_media":30434,"template":"","meta":{"om_disable_all_campaigns":false},"product_brand":[9577],"product_cat":[18,3366,304],"product_tag":[1726,8912,3911,10850,4047,10853,10849,10807,10851,8998,5038,10852],"class_list":{"0":"post-30433","1":"product","2":"type-product","3":"status-publish","4":"has-post-thumbnail","6":"product_brand-mrm-nutrition","7":"product_cat-beaute-sante","8":"product_cat-complements-alimentaires-au-maroc-vitablanca","9":"product_cat-supplements-vitaminiques-mineraux-multiples","10":"product_tag-bien-etre-mental","11":"product_tag-capsules-veganes","12":"product_tag-clarte-mentale","13":"product_tag-complement-memoire","14":"product_tag-concentration","15":"product_tag-focus","16":"product_tag-mrm-neuro-max-ii","17":"product_tag-mrm-nutrition","18":"product_tag-nootropique","19":"product_tag-performance-cognitive","20":"product_tag-sante-cerebrale","21":"product_tag-supplement-cerveau","23":"first","24":"instock","25":"taxable","26":"shipping-taxable","27":"purchasable","28":"product-type-simple"},"yoast_head":"<!-- This site is optimized with the Yoast SEO plugin v27.3 - https:\/\/yoast.com\/product\/yoast-seo-wordpress\/ -->\n<title>MRM NutritionNeuro-Max II \u2013 60 Vegan Capsules Maroc Prix -<\/title>\n<meta name=\"description\" content=\"MRM Neuro-Max II en capsules v\u00e9ganes soutient la m\u00e9moire, la concentration et la performance cognitive gr\u00e2ce \u00e0 une formule avanc\u00e9e pour la sant\u00e9 c\u00e9r\u00e9brale.\" \/>\n<meta name=\"robots\" content=\"index, follow, max-snippet:-1, max-image-preview:large, max-video-preview:-1\" \/>\n<link rel=\"canonical\" href=\"https:\/\/vitablanca.ma\/en\/product\/complements-alimentaires-maroc\/\" \/>\n<meta property=\"og:locale\" content=\"en_US\" \/>\n<meta property=\"og:type\" content=\"article\" \/>\n<meta property=\"og:title\" content=\"MRM NutritionNeuro-Max II \u2013 60 Vegan Capsules Maroc Prix -\" \/>\n<meta property=\"og:description\" content=\"MRM Neuro-Max II en capsules v\u00e9ganes soutient la m\u00e9moire, la concentration et la performance cognitive gr\u00e2ce \u00e0 une formule avanc\u00e9e pour la sant\u00e9 c\u00e9r\u00e9brale.\" \/>\n<meta property=\"og:url\" content=\"https:\/\/vitablanca.ma\/en\/product\/complements-alimentaires-maroc\/\" \/>\n<meta property=\"og:site_name\" content=\"Vitablanca.ma &ndash; Sant&eacute;, vitalit&eacute; et bien-&ecirc;tre pour tous les Marocains\" \/>\n<meta property=\"article:publisher\" content=\"https:\/\/www.facebook.com\/profile.php?id=61576678196717\" \/>\n<meta property=\"article:modified_time\" content=\"2026-03-02T04:15:30+00:00\" \/>\n<meta property=\"og:image\" content=\"https:\/\/vitablanca.ma\/wp-content\/uploads\/2025\/06\/Magnesium_2024_1400_x787_002.jpg\" \/>\n\t<meta property=\"og:image:width\" content=\"950\" \/>\n\t<meta property=\"og:image:height\" content=\"534\" \/>\n\t<meta property=\"og:image:type\" content=\"image\/jpeg\" \/>\n<meta name=\"twitter:card\" content=\"summary_large_image\" \/>\n<meta name=\"twitter:label1\" content=\"Est. reading time\" \/>\n\t<meta name=\"twitter:data1\" content=\"1 minute\" \/>\n<script type=\"application\/ld+json\" class=\"yoast-schema-graph\">{\"@context\":\"https:\\\/\\\/schema.org\",\"@graph\":[{\"@type\":[\"WebPage\",\"ItemPage\"],\"@id\":\"https:\\\/\\\/vitablanca.ma\\\/produit\\\/complements-alimentaires-maroc\\\/\",\"url\":\"https:\\\/\\\/vitablanca.ma\\\/produit\\\/complements-alimentaires-maroc\\\/\",\"name\":\"MRM NutritionNeuro-Max II \u2013 60 Vegan Capsules Maroc Prix -\",\"isPartOf\":{\"@id\":\"https:\\\/\\\/vitablanca.ma\\\/#website\"},\"primaryImageOfPage\":{\"@id\":\"https:\\\/\\\/vitablanca.ma\\\/produit\\\/complements-alimentaires-maroc\\\/#primaryimage\"},\"image\":{\"@id\":\"https:\\\/\\\/vitablanca.ma\\\/produit\\\/complements-alimentaires-maroc\\\/#primaryimage\"},\"thumbnailUrl\":\"https:\\\/\\\/vitablanca.ma\\\/wp-content\\\/uploads\\\/2026\\\/02\\\/complements-alimentaires-maroc-1.avif\",\"datePublished\":\"2026-02-24T16:43:14+00:00\",\"dateModified\":\"2026-03-02T04:15:30+00:00\",\"description\":\"MRM Neuro-Max II en capsules v\u00e9ganes soutient la m\u00e9moire, la concentration et la performance cognitive gr\u00e2ce \u00e0 une formule avanc\u00e9e pour la sant\u00e9 c\u00e9r\u00e9brale.\",\"breadcrumb\":{\"@id\":\"https:\\\/\\\/vitablanca.ma\\\/produit\\\/complements-alimentaires-maroc\\\/#breadcrumb\"},\"inLanguage\":\"en-US\",\"potentialAction\":[{\"@type\":\"ReadAction\",\"target\":[\"https:\\\/\\\/vitablanca.ma\\\/produit\\\/complements-alimentaires-maroc\\\/\"]}]},{\"@type\":\"ImageObject\",\"inLanguage\":\"en-US\",\"@id\":\"https:\\\/\\\/vitablanca.ma\\\/produit\\\/complements-alimentaires-maroc\\\/#primaryimage\",\"url\":\"https:\\\/\\\/vitablanca.ma\\\/wp-content\\\/uploads\\\/2026\\\/02\\\/complements-alimentaires-maroc-1.avif\",\"contentUrl\":\"https:\\\/\\\/vitablanca.ma\\\/wp-content\\\/uploads\\\/2026\\\/02\\\/complements-alimentaires-maroc-1.avif\",\"width\":1600,\"height\":1600},{\"@type\":\"BreadcrumbList\",\"@id\":\"https:\\\/\\\/vitablanca.ma\\\/produit\\\/complements-alimentaires-maroc\\\/#breadcrumb\",\"itemListElement\":[{\"@type\":\"ListItem\",\"position\":1,\"name\":\"Home\",\"item\":\"https:\\\/\\\/vitablanca.ma\\\/\"},{\"@type\":\"ListItem\",\"position\":2,\"name\":\"Tous Les Produits\",\"item\":\"https:\\\/\\\/vitablanca.ma\\\/tous-les-produits\\\/\"},{\"@type\":\"ListItem\",\"position\":3,\"name\":\"complements-alimentaires-maroc\"}]},{\"@type\":\"WebSite\",\"@id\":\"https:\\\/\\\/vitablanca.ma\\\/#website\",\"url\":\"https:\\\/\\\/vitablanca.ma\\\/\",\"name\":\"VitaBlanca.ma | Compl\u00e9ments alimentaires, sant\u00e9 & beaut\u00e9 au Maroc\",\"description\":\"vendre vitamines et compl\u00e9ments premium des USA &amp; Canada, Nouvelle Z\u00e9lande,Maroc (NOW Foods, Solgar, Manuka). Livraison rapide partout au Maroc.\",\"publisher\":{\"@id\":\"https:\\\/\\\/vitablanca.ma\\\/#organization\"},\"alternateName\":\"VitaBlanca.ma\",\"potentialAction\":[{\"@type\":\"SearchAction\",\"target\":{\"@type\":\"EntryPoint\",\"urlTemplate\":\"https:\\\/\\\/vitablanca.ma\\\/?s={search_term_string}\"},\"query-input\":{\"@type\":\"PropertyValueSpecification\",\"valueRequired\":true,\"valueName\":\"search_term_string\"}}],\"inLanguage\":\"en-US\"},{\"@type\":\"Organization\",\"@id\":\"https:\\\/\\\/vitablanca.ma\\\/#organization\",\"name\":\"VitaBlanca\",\"url\":\"https:\\\/\\\/vitablanca.ma\\\/\",\"logo\":{\"@type\":\"ImageObject\",\"inLanguage\":\"en-US\",\"@id\":\"https:\\\/\\\/vitablanca.ma\\\/#\\\/schema\\\/logo\\\/image\\\/\",\"url\":\"https:\\\/\\\/vitablanca.ma\\\/wp-content\\\/uploads\\\/2025\\\/05\\\/cropped-vitablanca.png\",\"contentUrl\":\"https:\\\/\\\/vitablanca.ma\\\/wp-content\\\/uploads\\\/2025\\\/05\\\/cropped-vitablanca.png\",\"width\":360,\"height\":67,\"caption\":\"VitaBlanca\"},\"image\":{\"@id\":\"https:\\\/\\\/vitablanca.ma\\\/#\\\/schema\\\/logo\\\/image\\\/\"},\"sameAs\":[\"https:\\\/\\\/www.facebook.com\\\/profile.php?id=61576678196717\",\"https:\\\/\\\/www.tiktok.com\\\/@vitablanca.ma\",\"https:\\\/\\\/www.instagram.com\\\/vitablanca.ma\\\/\"]}]}<\/script>\n<!-- \/ Yoast SEO plugin. -->","yoast_head_json":{"title":"MRM NutritionNeuro-Max II \u2013 60 Vegan Capsules Maroc Prix -","description":"MRM Neuro-Max II en capsules v\u00e9ganes soutient la m\u00e9moire, la concentration et la performance cognitive gr\u00e2ce \u00e0 une formule avanc\u00e9e pour la sant\u00e9 c\u00e9r\u00e9brale.","robots":{"index":"index","follow":"follow","max-snippet":"max-snippet:-1","max-image-preview":"max-image-preview:large","max-video-preview":"max-video-preview:-1"},"canonical":"https:\/\/vitablanca.ma\/en\/product\/complements-alimentaires-maroc\/","og_locale":"en_US","og_type":"article","og_title":"MRM NutritionNeuro-Max II \u2013 60 Vegan Capsules Maroc Prix -","og_description":"MRM Neuro-Max II en capsules v\u00e9ganes soutient la m\u00e9moire, la concentration et la performance cognitive gr\u00e2ce \u00e0 une formule avanc\u00e9e pour la sant\u00e9 c\u00e9r\u00e9brale.","og_url":"https:\/\/vitablanca.ma\/en\/product\/complements-alimentaires-maroc\/","og_site_name":"Vitablanca.ma &ndash; Sant&eacute;, vitalit&eacute; et bien-&ecirc;tre pour tous les Marocains","article_publisher":"https:\/\/www.facebook.com\/profile.php?id=61576678196717","article_modified_time":"2026-03-02T04:15:30+00:00","og_image":[{"width":950,"height":534,"url":"https:\/\/vitablanca.ma\/wp-content\/uploads\/2025\/06\/Magnesium_2024_1400_x787_002.jpg","type":"image\/jpeg"}],"twitter_card":"summary_large_image","twitter_misc":{"Est. reading time":"1 minute"},"schema":{"@context":"https:\/\/schema.org","@graph":[{"@type":["WebPage","ItemPage"],"@id":"https:\/\/vitablanca.ma\/produit\/complements-alimentaires-maroc\/","url":"https:\/\/vitablanca.ma\/produit\/complements-alimentaires-maroc\/","name":"MRM NutritionNeuro-Max II \u2013 60 Vegan Capsules Maroc Prix -","isPartOf":{"@id":"https:\/\/vitablanca.ma\/#website"},"primaryImageOfPage":{"@id":"https:\/\/vitablanca.ma\/produit\/complements-alimentaires-maroc\/#primaryimage"},"image":{"@id":"https:\/\/vitablanca.ma\/produit\/complements-alimentaires-maroc\/#primaryimage"},"thumbnailUrl":"https:\/\/vitablanca.ma\/wp-content\/uploads\/2026\/02\/complements-alimentaires-maroc-1.avif","datePublished":"2026-02-24T16:43:14+00:00","dateModified":"2026-03-02T04:15:30+00:00","description":"MRM Neuro-Max II en capsules v\u00e9ganes soutient la m\u00e9moire, la concentration et la performance cognitive gr\u00e2ce \u00e0 une formule avanc\u00e9e pour la sant\u00e9 c\u00e9r\u00e9brale.","breadcrumb":{"@id":"https:\/\/vitablanca.ma\/produit\/complements-alimentaires-maroc\/#breadcrumb"},"inLanguage":"en-US","potentialAction":[{"@type":"ReadAction","target":["https:\/\/vitablanca.ma\/produit\/complements-alimentaires-maroc\/"]}]},{"@type":"ImageObject","inLanguage":"en-US","@id":"https:\/\/vitablanca.ma\/produit\/complements-alimentaires-maroc\/#primaryimage","url":"https:\/\/vitablanca.ma\/wp-content\/uploads\/2026\/02\/complements-alimentaires-maroc-1.avif","contentUrl":"https:\/\/vitablanca.ma\/wp-content\/uploads\/2026\/02\/complements-alimentaires-maroc-1.avif","width":1600,"height":1600},{"@type":"BreadcrumbList","@id":"https:\/\/vitablanca.ma\/produit\/complements-alimentaires-maroc\/#breadcrumb","itemListElement":[{"@type":"ListItem","position":1,"name":"Home","item":"https:\/\/vitablanca.ma\/"},{"@type":"ListItem","position":2,"name":"Tous Les Produits","item":"https:\/\/vitablanca.ma\/tous-les-produits\/"},{"@type":"ListItem","position":3,"name":"complements-alimentaires-maroc"}]},{"@type":"WebSite","@id":"https:\/\/vitablanca.ma\/#website","url":"https:\/\/vitablanca.ma\/","name":"VitaBlanca.ma | Food supplements, health &amp; beauty in Morocco","description":"sell premium vitamins and supplements from USA &amp; Canada, New Zealand, Morocco (NOW Foods, Solgar, Manuka). Fast delivery anywhere in Morocco.","publisher":{"@id":"https:\/\/vitablanca.ma\/#organization"},"alternateName":"VitaBlanca.ma","potentialAction":[{"@type":"SearchAction","target":{"@type":"EntryPoint","urlTemplate":"https:\/\/vitablanca.ma\/?s={search_term_string}"},"query-input":{"@type":"PropertyValueSpecification","valueRequired":true,"valueName":"search_term_string"}}],"inLanguage":"en-US"},{"@type":"Organization","@id":"https:\/\/vitablanca.ma\/#organization","name":"VitaBlanca","url":"https:\/\/vitablanca.ma\/","logo":{"@type":"ImageObject","inLanguage":"en-US","@id":"https:\/\/vitablanca.ma\/#\/schema\/logo\/image\/","url":"https:\/\/vitablanca.ma\/wp-content\/uploads\/2025\/05\/cropped-vitablanca.png","contentUrl":"https:\/\/vitablanca.ma\/wp-content\/uploads\/2025\/05\/cropped-vitablanca.png","width":360,"height":67,"caption":"VitaBlanca"},"image":{"@id":"https:\/\/vitablanca.ma\/#\/schema\/logo\/image\/"},"sameAs":["https:\/\/www.facebook.com\/profile.php?id=61576678196717","https:\/\/www.tiktok.com\/@vitablanca.ma","https:\/\/www.instagram.com\/vitablanca.ma\/"]}]}},"jetpack_sharing_enabled":true,"_links":{"self":[{"href":"https:\/\/vitablanca.ma\/en\/wp-json\/wp\/v2\/product\/30433","targetHints":{"allow":["GET"]}}],"collection":[{"href":"https:\/\/vitablanca.ma\/en\/wp-json\/wp\/v2\/product"}],"about":[{"href":"https:\/\/vitablanca.ma\/en\/wp-json\/wp\/v2\/types\/product"}],"wp:featuredmedia":[{"embeddable":true,"href":"https:\/\/vitablanca.ma\/en\/wp-json\/wp\/v2\/media\/30434"}],"wp:attachment":[{"href":"https:\/\/vitablanca.ma\/en\/wp-json\/wp\/v2\/media?parent=30433"}],"wp:term":[{"taxonomy":"product_brand","embeddable":true,"href":"https:\/\/vitablanca.ma\/en\/wp-json\/wp\/v2\/product_brand?post=30433"},{"taxonomy":"product_cat","embeddable":true,"href":"https:\/\/vitablanca.ma\/en\/wp-json\/wp\/v2\/product_cat?post=30433"},{"taxonomy":"product_tag","embeddable":true,"href":"https:\/\/vitablanca.ma\/en\/wp-json\/wp\/v2\/product_tag?post=30433"}],"curies":[{"name":"wp","href":"https:\/\/api.w.org\/{rel}","templated":true}]}}