{"id":30414,"date":"2026-02-24T15:14:55","date_gmt":"2026-02-24T15:14:55","guid":{"rendered":"https:\/\/vitablanca.ma\/?post_type=product&#038;p=30414"},"modified":"2026-03-02T04:15:31","modified_gmt":"2026-03-02T04:15:31","slug":"mrm-nutrition-pregnenolone-50mg-60-vegan-capsules","status":"publish","type":"product","link":"https:\/\/vitablanca.ma\/en\/product\/mrm-nutrition-pregnenolone-50mg-60-vegan-capsules\/","title":{"rendered":"MRM Nutrition Pregnenolone 50mg &#8211; 60 Vegan Capsules"},"content":{"rendered":"<h2>MRM Nutrition\u00a0Pr\u00e9gn\u00e9nolone 50mg 60 Capsules<\/h2>\n<p>La pr\u00e9gn\u00e9nolone est un pr\u00e9curseur d&rsquo;hormones st\u00e9ro\u00efdiennes de la DHEA et de la progest\u00e9rone qui aide \u00e0 \u00e9quilibrer les taux d&rsquo;hormones lorsque nous vieillissons. Les compl\u00e9ments de pr\u00e9gn\u00e9nolone peuvent jouer un r\u00f4le important aupr\u00e8s de la population vieillissante actuelle parce qu&rsquo;elle aide \u00e0 conserver une masse corporelle maigre et une bonne sant\u00e9 immunitaire, osseuse et cardiovasculaire.<\/p>","protected":false},"excerpt":{"rendered":"<p>MRM Nutrition\u00a0Pr\u00e9gn\u00e9nolone 50mg 60 Capsules La pr\u00e9gn\u00e9nolone est un pr\u00e9curseur d&rsquo;hormones st\u00e9ro\u00efdiennes de la DHEA et de la progest\u00e9rone qui aide \u00e0 \u00e9quilibrer les taux d&rsquo;hormones lorsque nous vieillissons. Les compl\u00e9ments de pr\u00e9gn\u00e9nolone peuvent jouer un r\u00f4le important aupr\u00e8s de la population vieillissante actuelle parce qu&rsquo;elle aide \u00e0 conserver une masse corporelle maigre et une [&hellip;]<\/p>\n","protected":false},"featured_media":30517,"template":"","meta":{"om_disable_all_campaigns":false},"product_brand":[9577],"product_cat":[18,3366],"product_tag":[345,5063,10816,821,1072,10815,10819,5028,1738,10807,10814,10818,8994,2430,10817],"class_list":{"0":"post-30414","1":"product","2":"type-product","3":"status-publish","4":"has-post-thumbnail","6":"product_brand-mrm-nutrition","7":"product_cat-beaute-sante","8":"product_cat-complements-alimentaires-au-maroc-vitablanca","9":"product_tag-equilibre-hormonal","10":"product_tag-bien-etre-feminin","11":"product_tag-bien-etre-masculin","12":"product_tag-complement-alimentaire-maroc","13":"product_tag-complement-anti-age","14":"product_tag-complement-hormonal","15":"product_tag-complement-sans-gluten","16":"product_tag-energie-et-vitalite","17":"product_tag-gelules-vegetales","18":"product_tag-mrm-nutrition","19":"product_tag-pregnenolone-50mg","20":"product_tag-pregnenolone-micronisee","21":"product_tag-sante-hormonale","22":"product_tag-soutien-hormonal-naturel","23":"product_tag-supplement-hormonal-vegan","25":"first","26":"instock","27":"taxable","28":"shipping-taxable","29":"purchasable","30":"product-type-simple"},"yoast_head":"<!-- This site is optimized with the Yoast SEO plugin v27.4 - https:\/\/yoast.com\/product\/yoast-seo-wordpress\/ -->\n<title>MRM NutritionPregnenolone 50mg 60 Vegan Capsule Maroc Prix -<\/title>\n<meta name=\"description\" content=\"Achetez Pregnenolone 50mg 60 Vegan Capsules de MRM Nutrition, compl\u00e9ment alimentaire vegan pour soutenir l\u2019\u00e9quilibre hormonal, l\u2019\u00e9nergie et le bien-\u00eatre.\" \/>\n<meta name=\"robots\" content=\"index, follow, max-snippet:-1, max-image-preview:large, max-video-preview:-1\" \/>\n<link rel=\"canonical\" href=\"https:\/\/vitablanca.ma\/en\/product\/mrm-nutrition-pregnenolone-50mg-60-vegan-capsules\/\" \/>\n<meta property=\"og:locale\" content=\"en_US\" \/>\n<meta property=\"og:type\" content=\"article\" \/>\n<meta property=\"og:title\" content=\"MRM NutritionPregnenolone 50mg 60 Vegan Capsule Maroc Prix -\" \/>\n<meta property=\"og:description\" content=\"Achetez Pregnenolone 50mg 60 Vegan Capsules de MRM Nutrition, compl\u00e9ment alimentaire vegan pour soutenir l\u2019\u00e9quilibre hormonal, l\u2019\u00e9nergie et le bien-\u00eatre.\" \/>\n<meta property=\"og:url\" content=\"https:\/\/vitablanca.ma\/en\/product\/mrm-nutrition-pregnenolone-50mg-60-vegan-capsules\/\" \/>\n<meta property=\"og:site_name\" content=\"Vitablanca.ma &ndash; Sant&eacute;, vitalit&eacute; et bien-&ecirc;tre pour tous les Marocains\" \/>\n<meta property=\"article:publisher\" content=\"https:\/\/www.facebook.com\/profile.php?id=61576678196717\" \/>\n<meta property=\"article:modified_time\" content=\"2026-03-02T04:15:31+00:00\" \/>\n<meta property=\"og:image\" content=\"https:\/\/vitablanca.ma\/wp-content\/uploads\/2025\/06\/Magnesium_2024_1400_x787_002.jpg\" \/>\n\t<meta property=\"og:image:width\" content=\"950\" \/>\n\t<meta property=\"og:image:height\" content=\"534\" \/>\n\t<meta property=\"og:image:type\" content=\"image\/jpeg\" \/>\n<meta name=\"twitter:card\" content=\"summary_large_image\" \/>\n<meta name=\"twitter:label1\" content=\"Est. reading time\" \/>\n\t<meta name=\"twitter:data1\" content=\"1 minute\" \/>\n<script type=\"application\/ld+json\" class=\"yoast-schema-graph\">{\"@context\":\"https:\\\/\\\/schema.org\",\"@graph\":[{\"@type\":[\"WebPage\",\"ItemPage\"],\"@id\":\"https:\\\/\\\/vitablanca.ma\\\/produit\\\/mrm-nutrition-pregnenolone-50mg-60-vegan-capsules\\\/\",\"url\":\"https:\\\/\\\/vitablanca.ma\\\/produit\\\/mrm-nutrition-pregnenolone-50mg-60-vegan-capsules\\\/\",\"name\":\"MRM NutritionPregnenolone 50mg 60 Vegan Capsule Maroc Prix -\",\"isPartOf\":{\"@id\":\"https:\\\/\\\/vitablanca.ma\\\/#website\"},\"primaryImageOfPage\":{\"@id\":\"https:\\\/\\\/vitablanca.ma\\\/produit\\\/mrm-nutrition-pregnenolone-50mg-60-vegan-capsules\\\/#primaryimage\"},\"image\":{\"@id\":\"https:\\\/\\\/vitablanca.ma\\\/produit\\\/mrm-nutrition-pregnenolone-50mg-60-vegan-capsules\\\/#primaryimage\"},\"thumbnailUrl\":\"https:\\\/\\\/vitablanca.ma\\\/wp-content\\\/uploads\\\/2026\\\/02\\\/MRM-Nutrition-Pregnenolone-50mg-60-Vegan-Capsules.avif\",\"datePublished\":\"2026-02-24T15:14:55+00:00\",\"dateModified\":\"2026-03-02T04:15:31+00:00\",\"description\":\"Achetez Pregnenolone 50mg 60 Vegan Capsules de MRM Nutrition, compl\u00e9ment alimentaire vegan pour soutenir l\u2019\u00e9quilibre hormonal, l\u2019\u00e9nergie et le bien-\u00eatre.\",\"breadcrumb\":{\"@id\":\"https:\\\/\\\/vitablanca.ma\\\/produit\\\/mrm-nutrition-pregnenolone-50mg-60-vegan-capsules\\\/#breadcrumb\"},\"inLanguage\":\"en-US\",\"potentialAction\":[{\"@type\":\"ReadAction\",\"target\":[\"https:\\\/\\\/vitablanca.ma\\\/produit\\\/mrm-nutrition-pregnenolone-50mg-60-vegan-capsules\\\/\"]}]},{\"@type\":\"ImageObject\",\"inLanguage\":\"en-US\",\"@id\":\"https:\\\/\\\/vitablanca.ma\\\/produit\\\/mrm-nutrition-pregnenolone-50mg-60-vegan-capsules\\\/#primaryimage\",\"url\":\"https:\\\/\\\/vitablanca.ma\\\/wp-content\\\/uploads\\\/2026\\\/02\\\/MRM-Nutrition-Pregnenolone-50mg-60-Vegan-Capsules.avif\",\"contentUrl\":\"https:\\\/\\\/vitablanca.ma\\\/wp-content\\\/uploads\\\/2026\\\/02\\\/MRM-Nutrition-Pregnenolone-50mg-60-Vegan-Capsules.avif\",\"width\":1600,\"height\":1600},{\"@type\":\"BreadcrumbList\",\"@id\":\"https:\\\/\\\/vitablanca.ma\\\/produit\\\/mrm-nutrition-pregnenolone-50mg-60-vegan-capsules\\\/#breadcrumb\",\"itemListElement\":[{\"@type\":\"ListItem\",\"position\":1,\"name\":\"Home\",\"item\":\"https:\\\/\\\/vitablanca.ma\\\/\"},{\"@type\":\"ListItem\",\"position\":2,\"name\":\"Tous Les Produits\",\"item\":\"https:\\\/\\\/vitablanca.ma\\\/tous-les-produits\\\/\"},{\"@type\":\"ListItem\",\"position\":3,\"name\":\"MRM Nutrition Pregnenolone 50mg &#8211; 60 Vegan Capsules\"}]},{\"@type\":\"WebSite\",\"@id\":\"https:\\\/\\\/vitablanca.ma\\\/#website\",\"url\":\"https:\\\/\\\/vitablanca.ma\\\/\",\"name\":\"VitaBlanca.ma | Compl\u00e9ments alimentaires, sant\u00e9 & beaut\u00e9 au Maroc\",\"description\":\"vendre vitamines et compl\u00e9ments premium des USA &amp; Canada, Nouvelle Z\u00e9lande,Maroc (NOW Foods, Solgar, Manuka). Livraison rapide partout au Maroc.\",\"publisher\":{\"@id\":\"https:\\\/\\\/vitablanca.ma\\\/#organization\"},\"alternateName\":\"VitaBlanca.ma\",\"potentialAction\":[{\"@type\":\"SearchAction\",\"target\":{\"@type\":\"EntryPoint\",\"urlTemplate\":\"https:\\\/\\\/vitablanca.ma\\\/?s={search_term_string}\"},\"query-input\":{\"@type\":\"PropertyValueSpecification\",\"valueRequired\":true,\"valueName\":\"search_term_string\"}}],\"inLanguage\":\"en-US\"},{\"@type\":\"Organization\",\"@id\":\"https:\\\/\\\/vitablanca.ma\\\/#organization\",\"name\":\"VitaBlanca\",\"url\":\"https:\\\/\\\/vitablanca.ma\\\/\",\"logo\":{\"@type\":\"ImageObject\",\"inLanguage\":\"en-US\",\"@id\":\"https:\\\/\\\/vitablanca.ma\\\/#\\\/schema\\\/logo\\\/image\\\/\",\"url\":\"https:\\\/\\\/vitablanca.ma\\\/wp-content\\\/uploads\\\/2025\\\/05\\\/cropped-vitablanca.png\",\"contentUrl\":\"https:\\\/\\\/vitablanca.ma\\\/wp-content\\\/uploads\\\/2025\\\/05\\\/cropped-vitablanca.png\",\"width\":360,\"height\":67,\"caption\":\"VitaBlanca\"},\"image\":{\"@id\":\"https:\\\/\\\/vitablanca.ma\\\/#\\\/schema\\\/logo\\\/image\\\/\"},\"sameAs\":[\"https:\\\/\\\/www.facebook.com\\\/profile.php?id=61576678196717\",\"https:\\\/\\\/www.tiktok.com\\\/@vitablanca.ma\",\"https:\\\/\\\/www.instagram.com\\\/vitablanca.ma\\\/\"]}]}<\/script>\n<!-- \/ Yoast SEO plugin. -->","yoast_head_json":{"title":"MRM NutritionPregnenolone 50mg 60 Vegan Capsule Maroc Prix -","description":"Achetez Pregnenolone 50mg 60 Vegan Capsules de MRM Nutrition, compl\u00e9ment alimentaire vegan pour soutenir l\u2019\u00e9quilibre hormonal, l\u2019\u00e9nergie et le bien-\u00eatre.","robots":{"index":"index","follow":"follow","max-snippet":"max-snippet:-1","max-image-preview":"max-image-preview:large","max-video-preview":"max-video-preview:-1"},"canonical":"https:\/\/vitablanca.ma\/en\/product\/mrm-nutrition-pregnenolone-50mg-60-vegan-capsules\/","og_locale":"en_US","og_type":"article","og_title":"MRM NutritionPregnenolone 50mg 60 Vegan Capsule Maroc Prix -","og_description":"Achetez Pregnenolone 50mg 60 Vegan Capsules de MRM Nutrition, compl\u00e9ment alimentaire vegan pour soutenir l\u2019\u00e9quilibre hormonal, l\u2019\u00e9nergie et le bien-\u00eatre.","og_url":"https:\/\/vitablanca.ma\/en\/product\/mrm-nutrition-pregnenolone-50mg-60-vegan-capsules\/","og_site_name":"Vitablanca.ma &ndash; Sant&eacute;, vitalit&eacute; et bien-&ecirc;tre pour tous les Marocains","article_publisher":"https:\/\/www.facebook.com\/profile.php?id=61576678196717","article_modified_time":"2026-03-02T04:15:31+00:00","og_image":[{"width":950,"height":534,"url":"https:\/\/vitablanca.ma\/wp-content\/uploads\/2025\/06\/Magnesium_2024_1400_x787_002.jpg","type":"image\/jpeg"}],"twitter_card":"summary_large_image","twitter_misc":{"Est. reading time":"1 minute"},"schema":{"@context":"https:\/\/schema.org","@graph":[{"@type":["WebPage","ItemPage"],"@id":"https:\/\/vitablanca.ma\/produit\/mrm-nutrition-pregnenolone-50mg-60-vegan-capsules\/","url":"https:\/\/vitablanca.ma\/produit\/mrm-nutrition-pregnenolone-50mg-60-vegan-capsules\/","name":"MRM NutritionPregnenolone 50mg 60 Vegan Capsule Maroc Prix -","isPartOf":{"@id":"https:\/\/vitablanca.ma\/#website"},"primaryImageOfPage":{"@id":"https:\/\/vitablanca.ma\/produit\/mrm-nutrition-pregnenolone-50mg-60-vegan-capsules\/#primaryimage"},"image":{"@id":"https:\/\/vitablanca.ma\/produit\/mrm-nutrition-pregnenolone-50mg-60-vegan-capsules\/#primaryimage"},"thumbnailUrl":"https:\/\/vitablanca.ma\/wp-content\/uploads\/2026\/02\/MRM-Nutrition-Pregnenolone-50mg-60-Vegan-Capsules.avif","datePublished":"2026-02-24T15:14:55+00:00","dateModified":"2026-03-02T04:15:31+00:00","description":"Achetez Pregnenolone 50mg 60 Vegan Capsules de MRM Nutrition, compl\u00e9ment alimentaire vegan pour soutenir l\u2019\u00e9quilibre hormonal, l\u2019\u00e9nergie et le bien-\u00eatre.","breadcrumb":{"@id":"https:\/\/vitablanca.ma\/produit\/mrm-nutrition-pregnenolone-50mg-60-vegan-capsules\/#breadcrumb"},"inLanguage":"en-US","potentialAction":[{"@type":"ReadAction","target":["https:\/\/vitablanca.ma\/produit\/mrm-nutrition-pregnenolone-50mg-60-vegan-capsules\/"]}]},{"@type":"ImageObject","inLanguage":"en-US","@id":"https:\/\/vitablanca.ma\/produit\/mrm-nutrition-pregnenolone-50mg-60-vegan-capsules\/#primaryimage","url":"https:\/\/vitablanca.ma\/wp-content\/uploads\/2026\/02\/MRM-Nutrition-Pregnenolone-50mg-60-Vegan-Capsules.avif","contentUrl":"https:\/\/vitablanca.ma\/wp-content\/uploads\/2026\/02\/MRM-Nutrition-Pregnenolone-50mg-60-Vegan-Capsules.avif","width":1600,"height":1600},{"@type":"BreadcrumbList","@id":"https:\/\/vitablanca.ma\/produit\/mrm-nutrition-pregnenolone-50mg-60-vegan-capsules\/#breadcrumb","itemListElement":[{"@type":"ListItem","position":1,"name":"Home","item":"https:\/\/vitablanca.ma\/"},{"@type":"ListItem","position":2,"name":"Tous Les Produits","item":"https:\/\/vitablanca.ma\/tous-les-produits\/"},{"@type":"ListItem","position":3,"name":"MRM Nutrition Pregnenolone 50mg &#8211; 60 Vegan Capsules"}]},{"@type":"WebSite","@id":"https:\/\/vitablanca.ma\/#website","url":"https:\/\/vitablanca.ma\/","name":"VitaBlanca.ma | Food supplements, health &amp; beauty in Morocco","description":"sell premium vitamins and supplements from USA &amp; Canada, New Zealand, Morocco (NOW Foods, Solgar, Manuka). Fast delivery anywhere in Morocco.","publisher":{"@id":"https:\/\/vitablanca.ma\/#organization"},"alternateName":"VitaBlanca.ma","potentialAction":[{"@type":"SearchAction","target":{"@type":"EntryPoint","urlTemplate":"https:\/\/vitablanca.ma\/?s={search_term_string}"},"query-input":{"@type":"PropertyValueSpecification","valueRequired":true,"valueName":"search_term_string"}}],"inLanguage":"en-US"},{"@type":"Organization","@id":"https:\/\/vitablanca.ma\/#organization","name":"VitaBlanca","url":"https:\/\/vitablanca.ma\/","logo":{"@type":"ImageObject","inLanguage":"en-US","@id":"https:\/\/vitablanca.ma\/#\/schema\/logo\/image\/","url":"https:\/\/vitablanca.ma\/wp-content\/uploads\/2025\/05\/cropped-vitablanca.png","contentUrl":"https:\/\/vitablanca.ma\/wp-content\/uploads\/2025\/05\/cropped-vitablanca.png","width":360,"height":67,"caption":"VitaBlanca"},"image":{"@id":"https:\/\/vitablanca.ma\/#\/schema\/logo\/image\/"},"sameAs":["https:\/\/www.facebook.com\/profile.php?id=61576678196717","https:\/\/www.tiktok.com\/@vitablanca.ma","https:\/\/www.instagram.com\/vitablanca.ma\/"]}]}},"jetpack_sharing_enabled":true,"_links":{"self":[{"href":"https:\/\/vitablanca.ma\/en\/wp-json\/wp\/v2\/product\/30414","targetHints":{"allow":["GET"]}}],"collection":[{"href":"https:\/\/vitablanca.ma\/en\/wp-json\/wp\/v2\/product"}],"about":[{"href":"https:\/\/vitablanca.ma\/en\/wp-json\/wp\/v2\/types\/product"}],"wp:featuredmedia":[{"embeddable":true,"href":"https:\/\/vitablanca.ma\/en\/wp-json\/wp\/v2\/media\/30517"}],"wp:attachment":[{"href":"https:\/\/vitablanca.ma\/en\/wp-json\/wp\/v2\/media?parent=30414"}],"wp:term":[{"taxonomy":"product_brand","embeddable":true,"href":"https:\/\/vitablanca.ma\/en\/wp-json\/wp\/v2\/product_brand?post=30414"},{"taxonomy":"product_cat","embeddable":true,"href":"https:\/\/vitablanca.ma\/en\/wp-json\/wp\/v2\/product_cat?post=30414"},{"taxonomy":"product_tag","embeddable":true,"href":"https:\/\/vitablanca.ma\/en\/wp-json\/wp\/v2\/product_tag?post=30414"}],"curies":[{"name":"wp","href":"https:\/\/api.w.org\/{rel}","templated":true}]}}