{"id":30350,"date":"2026-02-23T23:15:43","date_gmt":"2026-02-23T23:15:43","guid":{"rendered":"https:\/\/vitablanca.ma\/?post_type=product&#038;p=30350"},"modified":"2026-03-02T04:15:34","modified_gmt":"2026-03-02T04:15:34","slug":"solgar-b-complex-100-100-gelules-vegetales","status":"publish","type":"product","link":"https:\/\/vitablanca.ma\/en\/product\/solgar-b-complex-100-100-gelules-vegetales\/","title":{"rendered":"Solgar B-Complex \u00ab\u00a0100\u00a0\u00bb, 100 g\u00e9lules v\u00e9g\u00e9tales"},"content":{"rendered":"<p>Chaque nutriment requis contenu dans le complexe de vitamine B remplit un r\u00f4le unique dans la conservation d&rsquo;un fonctionnement m\u00e9tabolique ad\u00e9quat, tout en renfor\u00e7ant le corps nutritionnellement durant les moments de stress de la vie quotidienne. Les vitamines du complexe B sont n\u00e9cessiare au m\u00e9tabolisme des glucides, des lipides et des prot\u00e9ines, qui convertissent la nourriture en \u00e9nergie. De plus, ces vitamines jouent un r\u00f4le n\u00e9cessaire dans le soutien de la sant\u00e9 cardiovasculaire et du syst\u00e8me nerveux.<\/p>\n<p>Suggested Use<\/p>\n<p>Adultes, prendre une (1) capsule v\u00e9g\u00e9tale par jour, de pr\u00e9f\u00e9rence au cours d&rsquo;un repas<\/p>","protected":false},"excerpt":{"rendered":"<p>Chaque nutriment requis contenu dans le complexe de vitamine B remplit un r\u00f4le unique dans la conservation d&rsquo;un fonctionnement m\u00e9tabolique ad\u00e9quat, tout en renfor\u00e7ant le corps nutritionnellement durant les moments de stress de la vie quotidienne. Les vitamines du complexe B sont n\u00e9cessiare au m\u00e9tabolisme des glucides, des lipides et des prot\u00e9ines, qui convertissent la [&hellip;]<\/p>\n","protected":false},"featured_media":30351,"template":"","meta":{"om_disable_all_campaigns":false},"product_brand":[],"product_cat":[18,3366,132,131],"product_tag":[10758,10185,10759,4581,10756,49,3908,7811,10757],"class_list":{"0":"post-30350","1":"product","2":"type-product","3":"status-publish","4":"has-post-thumbnail","6":"product_cat-beaute-sante","7":"product_cat-complements-alimentaires-au-maroc-vitablanca","8":"product_cat-complexe-b","9":"product_cat-vitamine-b","10":"product_tag-b1-b2-b3-b5-b6-b7-b9-b12","11":"product_tag-complement-alimentaire-energie","12":"product_tag-gelules-vegetales-solgar","13":"product_tag-sante-cheveux-ongles-peau","14":"product_tag-solgar-b-complex","15":"product_tag-solgar-maroc","16":"product_tag-soutien-systeme-nerveux","17":"product_tag-vitalite-quotidienne","18":"product_tag-vitamines-b-completes","20":"first","21":"instock","22":"taxable","23":"shipping-taxable","24":"purchasable","25":"product-type-simple"},"yoast_head":"<!-- This site is optimized with the Yoast SEO plugin v27.3 - https:\/\/yoast.com\/product\/yoast-seo-wordpress\/ -->\n<title>Solgar B-Complex &quot;100&quot;, 100 g\u00e9lules - Maroc Prix<\/title>\n<meta name=\"description\" content=\"Solgar B-Complex &quot;100&quot; en 100 g\u00e9lules v\u00e9g\u00e9tales. Soutient l\u2019\u00e9nergie, le m\u00e9tabolisme et le syst\u00e8me nerveux gr\u00e2ce \u00e0 un complexe complet de vitamines B .\" \/>\n<meta name=\"robots\" content=\"index, follow, max-snippet:-1, max-image-preview:large, max-video-preview:-1\" \/>\n<link rel=\"canonical\" href=\"https:\/\/vitablanca.ma\/en\/product\/solgar-b-complex-100-100-gelules-vegetales\/\" \/>\n<meta property=\"og:locale\" content=\"en_US\" \/>\n<meta property=\"og:type\" content=\"article\" \/>\n<meta property=\"og:title\" content=\"Solgar B-Complex &quot;100&quot;, 100 g\u00e9lules - Maroc Prix\" \/>\n<meta property=\"og:description\" content=\"Solgar B-Complex &quot;100&quot; en 100 g\u00e9lules v\u00e9g\u00e9tales. Soutient l\u2019\u00e9nergie, le m\u00e9tabolisme et le syst\u00e8me nerveux gr\u00e2ce \u00e0 un complexe complet de vitamines B .\" \/>\n<meta property=\"og:url\" content=\"https:\/\/vitablanca.ma\/en\/product\/solgar-b-complex-100-100-gelules-vegetales\/\" \/>\n<meta property=\"og:site_name\" content=\"Vitablanca.ma &ndash; Sant&eacute;, vitalit&eacute; et bien-&ecirc;tre pour tous les Marocains\" \/>\n<meta property=\"article:publisher\" content=\"https:\/\/www.facebook.com\/profile.php?id=61576678196717\" \/>\n<meta property=\"article:modified_time\" content=\"2026-03-02T04:15:34+00:00\" \/>\n<meta property=\"og:image\" content=\"https:\/\/vitablanca.ma\/wp-content\/uploads\/2026\/02\/Solgar-B-Complex.jpg\" \/>\n\t<meta property=\"og:image:width\" content=\"680\" \/>\n\t<meta property=\"og:image:height\" content=\"680\" \/>\n\t<meta property=\"og:image:type\" content=\"image\/jpeg\" \/>\n<meta name=\"twitter:card\" content=\"summary_large_image\" \/>\n<meta name=\"twitter:label1\" content=\"Est. reading time\" \/>\n\t<meta name=\"twitter:data1\" content=\"1 minute\" \/>\n<script type=\"application\/ld+json\" class=\"yoast-schema-graph\">{\"@context\":\"https:\\\/\\\/schema.org\",\"@graph\":[{\"@type\":[\"WebPage\",\"ItemPage\"],\"@id\":\"https:\\\/\\\/vitablanca.ma\\\/produit\\\/solgar-b-complex-100-100-gelules-vegetales\\\/\",\"url\":\"https:\\\/\\\/vitablanca.ma\\\/produit\\\/solgar-b-complex-100-100-gelules-vegetales\\\/\",\"name\":\"Solgar B-Complex \\\"100\\\", 100 g\u00e9lules - Maroc Prix\",\"isPartOf\":{\"@id\":\"https:\\\/\\\/vitablanca.ma\\\/#website\"},\"primaryImageOfPage\":{\"@id\":\"https:\\\/\\\/vitablanca.ma\\\/produit\\\/solgar-b-complex-100-100-gelules-vegetales\\\/#primaryimage\"},\"image\":{\"@id\":\"https:\\\/\\\/vitablanca.ma\\\/produit\\\/solgar-b-complex-100-100-gelules-vegetales\\\/#primaryimage\"},\"thumbnailUrl\":\"https:\\\/\\\/vitablanca.ma\\\/wp-content\\\/uploads\\\/2026\\\/02\\\/Solgar-B-Complex.jpg\",\"datePublished\":\"2026-02-23T23:15:43+00:00\",\"dateModified\":\"2026-03-02T04:15:34+00:00\",\"description\":\"Solgar B-Complex \\\"100\\\" en 100 g\u00e9lules v\u00e9g\u00e9tales. Soutient l\u2019\u00e9nergie, le m\u00e9tabolisme et le syst\u00e8me nerveux gr\u00e2ce \u00e0 un complexe complet de vitamines B .\",\"breadcrumb\":{\"@id\":\"https:\\\/\\\/vitablanca.ma\\\/produit\\\/solgar-b-complex-100-100-gelules-vegetales\\\/#breadcrumb\"},\"inLanguage\":\"en-US\",\"potentialAction\":[{\"@type\":\"ReadAction\",\"target\":[\"https:\\\/\\\/vitablanca.ma\\\/produit\\\/solgar-b-complex-100-100-gelules-vegetales\\\/\"]}]},{\"@type\":\"ImageObject\",\"inLanguage\":\"en-US\",\"@id\":\"https:\\\/\\\/vitablanca.ma\\\/produit\\\/solgar-b-complex-100-100-gelules-vegetales\\\/#primaryimage\",\"url\":\"https:\\\/\\\/vitablanca.ma\\\/wp-content\\\/uploads\\\/2026\\\/02\\\/Solgar-B-Complex.jpg\",\"contentUrl\":\"https:\\\/\\\/vitablanca.ma\\\/wp-content\\\/uploads\\\/2026\\\/02\\\/Solgar-B-Complex.jpg\",\"width\":680,\"height\":680},{\"@type\":\"BreadcrumbList\",\"@id\":\"https:\\\/\\\/vitablanca.ma\\\/produit\\\/solgar-b-complex-100-100-gelules-vegetales\\\/#breadcrumb\",\"itemListElement\":[{\"@type\":\"ListItem\",\"position\":1,\"name\":\"Home\",\"item\":\"https:\\\/\\\/vitablanca.ma\\\/\"},{\"@type\":\"ListItem\",\"position\":2,\"name\":\"Tous Les Produits\",\"item\":\"https:\\\/\\\/vitablanca.ma\\\/tous-les-produits\\\/\"},{\"@type\":\"ListItem\",\"position\":3,\"name\":\"Solgar B-Complex &#8220;100&#8221;, 100 g\u00e9lules v\u00e9g\u00e9tales\"}]},{\"@type\":\"WebSite\",\"@id\":\"https:\\\/\\\/vitablanca.ma\\\/#website\",\"url\":\"https:\\\/\\\/vitablanca.ma\\\/\",\"name\":\"VitaBlanca.ma | Compl\u00e9ments alimentaires, sant\u00e9 & beaut\u00e9 au Maroc\",\"description\":\"vendre vitamines et compl\u00e9ments premium des USA &amp; Canada, Nouvelle Z\u00e9lande,Maroc (NOW Foods, Solgar, Manuka). Livraison rapide partout au Maroc.\",\"publisher\":{\"@id\":\"https:\\\/\\\/vitablanca.ma\\\/#organization\"},\"alternateName\":\"VitaBlanca.ma\",\"potentialAction\":[{\"@type\":\"SearchAction\",\"target\":{\"@type\":\"EntryPoint\",\"urlTemplate\":\"https:\\\/\\\/vitablanca.ma\\\/?s={search_term_string}\"},\"query-input\":{\"@type\":\"PropertyValueSpecification\",\"valueRequired\":true,\"valueName\":\"search_term_string\"}}],\"inLanguage\":\"en-US\"},{\"@type\":\"Organization\",\"@id\":\"https:\\\/\\\/vitablanca.ma\\\/#organization\",\"name\":\"VitaBlanca\",\"url\":\"https:\\\/\\\/vitablanca.ma\\\/\",\"logo\":{\"@type\":\"ImageObject\",\"inLanguage\":\"en-US\",\"@id\":\"https:\\\/\\\/vitablanca.ma\\\/#\\\/schema\\\/logo\\\/image\\\/\",\"url\":\"https:\\\/\\\/vitablanca.ma\\\/wp-content\\\/uploads\\\/2025\\\/05\\\/cropped-vitablanca.png\",\"contentUrl\":\"https:\\\/\\\/vitablanca.ma\\\/wp-content\\\/uploads\\\/2025\\\/05\\\/cropped-vitablanca.png\",\"width\":360,\"height\":67,\"caption\":\"VitaBlanca\"},\"image\":{\"@id\":\"https:\\\/\\\/vitablanca.ma\\\/#\\\/schema\\\/logo\\\/image\\\/\"},\"sameAs\":[\"https:\\\/\\\/www.facebook.com\\\/profile.php?id=61576678196717\",\"https:\\\/\\\/www.tiktok.com\\\/@vitablanca.ma\",\"https:\\\/\\\/www.instagram.com\\\/vitablanca.ma\\\/\"]}]}<\/script>\n<!-- \/ Yoast SEO plugin. -->","yoast_head_json":{"title":"Solgar B-Complex \"100\", 100 g\u00e9lules - Maroc Prix","description":"Solgar B-Complex \"100\" en 100 g\u00e9lules v\u00e9g\u00e9tales. Soutient l\u2019\u00e9nergie, le m\u00e9tabolisme et le syst\u00e8me nerveux gr\u00e2ce \u00e0 un complexe complet de vitamines B .","robots":{"index":"index","follow":"follow","max-snippet":"max-snippet:-1","max-image-preview":"max-image-preview:large","max-video-preview":"max-video-preview:-1"},"canonical":"https:\/\/vitablanca.ma\/en\/product\/solgar-b-complex-100-100-gelules-vegetales\/","og_locale":"en_US","og_type":"article","og_title":"Solgar B-Complex \"100\", 100 g\u00e9lules - Maroc Prix","og_description":"Solgar B-Complex \"100\" en 100 g\u00e9lules v\u00e9g\u00e9tales. Soutient l\u2019\u00e9nergie, le m\u00e9tabolisme et le syst\u00e8me nerveux gr\u00e2ce \u00e0 un complexe complet de vitamines B .","og_url":"https:\/\/vitablanca.ma\/en\/product\/solgar-b-complex-100-100-gelules-vegetales\/","og_site_name":"Vitablanca.ma &ndash; Sant&eacute;, vitalit&eacute; et bien-&ecirc;tre pour tous les Marocains","article_publisher":"https:\/\/www.facebook.com\/profile.php?id=61576678196717","article_modified_time":"2026-03-02T04:15:34+00:00","og_image":[{"width":680,"height":680,"url":"https:\/\/vitablanca.ma\/wp-content\/uploads\/2026\/02\/Solgar-B-Complex.jpg","type":"image\/jpeg"}],"twitter_card":"summary_large_image","twitter_misc":{"Est. reading time":"1 minute"},"schema":{"@context":"https:\/\/schema.org","@graph":[{"@type":["WebPage","ItemPage"],"@id":"https:\/\/vitablanca.ma\/produit\/solgar-b-complex-100-100-gelules-vegetales\/","url":"https:\/\/vitablanca.ma\/produit\/solgar-b-complex-100-100-gelules-vegetales\/","name":"Solgar B-Complex \"100\", 100 g\u00e9lules - Maroc Prix","isPartOf":{"@id":"https:\/\/vitablanca.ma\/#website"},"primaryImageOfPage":{"@id":"https:\/\/vitablanca.ma\/produit\/solgar-b-complex-100-100-gelules-vegetales\/#primaryimage"},"image":{"@id":"https:\/\/vitablanca.ma\/produit\/solgar-b-complex-100-100-gelules-vegetales\/#primaryimage"},"thumbnailUrl":"https:\/\/vitablanca.ma\/wp-content\/uploads\/2026\/02\/Solgar-B-Complex.jpg","datePublished":"2026-02-23T23:15:43+00:00","dateModified":"2026-03-02T04:15:34+00:00","description":"Solgar B-Complex \"100\" en 100 g\u00e9lules v\u00e9g\u00e9tales. Soutient l\u2019\u00e9nergie, le m\u00e9tabolisme et le syst\u00e8me nerveux gr\u00e2ce \u00e0 un complexe complet de vitamines B .","breadcrumb":{"@id":"https:\/\/vitablanca.ma\/produit\/solgar-b-complex-100-100-gelules-vegetales\/#breadcrumb"},"inLanguage":"en-US","potentialAction":[{"@type":"ReadAction","target":["https:\/\/vitablanca.ma\/produit\/solgar-b-complex-100-100-gelules-vegetales\/"]}]},{"@type":"ImageObject","inLanguage":"en-US","@id":"https:\/\/vitablanca.ma\/produit\/solgar-b-complex-100-100-gelules-vegetales\/#primaryimage","url":"https:\/\/vitablanca.ma\/wp-content\/uploads\/2026\/02\/Solgar-B-Complex.jpg","contentUrl":"https:\/\/vitablanca.ma\/wp-content\/uploads\/2026\/02\/Solgar-B-Complex.jpg","width":680,"height":680},{"@type":"BreadcrumbList","@id":"https:\/\/vitablanca.ma\/produit\/solgar-b-complex-100-100-gelules-vegetales\/#breadcrumb","itemListElement":[{"@type":"ListItem","position":1,"name":"Home","item":"https:\/\/vitablanca.ma\/"},{"@type":"ListItem","position":2,"name":"Tous Les Produits","item":"https:\/\/vitablanca.ma\/tous-les-produits\/"},{"@type":"ListItem","position":3,"name":"Solgar B-Complex &#8220;100&#8221;, 100 g\u00e9lules v\u00e9g\u00e9tales"}]},{"@type":"WebSite","@id":"https:\/\/vitablanca.ma\/#website","url":"https:\/\/vitablanca.ma\/","name":"VitaBlanca.ma | Food supplements, health &amp; beauty in Morocco","description":"sell premium vitamins and supplements from USA &amp; Canada, New Zealand, Morocco (NOW Foods, Solgar, Manuka). Fast delivery anywhere in Morocco.","publisher":{"@id":"https:\/\/vitablanca.ma\/#organization"},"alternateName":"VitaBlanca.ma","potentialAction":[{"@type":"SearchAction","target":{"@type":"EntryPoint","urlTemplate":"https:\/\/vitablanca.ma\/?s={search_term_string}"},"query-input":{"@type":"PropertyValueSpecification","valueRequired":true,"valueName":"search_term_string"}}],"inLanguage":"en-US"},{"@type":"Organization","@id":"https:\/\/vitablanca.ma\/#organization","name":"VitaBlanca","url":"https:\/\/vitablanca.ma\/","logo":{"@type":"ImageObject","inLanguage":"en-US","@id":"https:\/\/vitablanca.ma\/#\/schema\/logo\/image\/","url":"https:\/\/vitablanca.ma\/wp-content\/uploads\/2025\/05\/cropped-vitablanca.png","contentUrl":"https:\/\/vitablanca.ma\/wp-content\/uploads\/2025\/05\/cropped-vitablanca.png","width":360,"height":67,"caption":"VitaBlanca"},"image":{"@id":"https:\/\/vitablanca.ma\/#\/schema\/logo\/image\/"},"sameAs":["https:\/\/www.facebook.com\/profile.php?id=61576678196717","https:\/\/www.tiktok.com\/@vitablanca.ma","https:\/\/www.instagram.com\/vitablanca.ma\/"]}]}},"jetpack_sharing_enabled":true,"_links":{"self":[{"href":"https:\/\/vitablanca.ma\/en\/wp-json\/wp\/v2\/product\/30350","targetHints":{"allow":["GET"]}}],"collection":[{"href":"https:\/\/vitablanca.ma\/en\/wp-json\/wp\/v2\/product"}],"about":[{"href":"https:\/\/vitablanca.ma\/en\/wp-json\/wp\/v2\/types\/product"}],"wp:featuredmedia":[{"embeddable":true,"href":"https:\/\/vitablanca.ma\/en\/wp-json\/wp\/v2\/media\/30351"}],"wp:attachment":[{"href":"https:\/\/vitablanca.ma\/en\/wp-json\/wp\/v2\/media?parent=30350"}],"wp:term":[{"taxonomy":"product_brand","embeddable":true,"href":"https:\/\/vitablanca.ma\/en\/wp-json\/wp\/v2\/product_brand?post=30350"},{"taxonomy":"product_cat","embeddable":true,"href":"https:\/\/vitablanca.ma\/en\/wp-json\/wp\/v2\/product_cat?post=30350"},{"taxonomy":"product_tag","embeddable":true,"href":"https:\/\/vitablanca.ma\/en\/wp-json\/wp\/v2\/product_tag?post=30350"}],"curies":[{"name":"wp","href":"https:\/\/api.w.org\/{rel}","templated":true}]}}