{"id":30327,"date":"2026-02-23T22:32:18","date_gmt":"2026-02-23T22:32:18","guid":{"rendered":"https:\/\/vitablanca.ma\/?post_type=product&#038;p=30327"},"modified":"2026-03-02T04:15:35","modified_gmt":"2026-03-02T04:15:35","slug":"now-foods-ulcetrol-avec-pepzin-gi-et-de-la-gomme-mastic-60-comprimes","status":"publish","type":"product","link":"https:\/\/vitablanca.ma\/en\/product\/now-foods-ulcetrol-avec-pepzin-gi-et-de-la-gomme-mastic-60-comprimes\/","title":{"rendered":"NOW FOODS Ulc\u00e9trol, Avec PepZin GI et de la gomme mastic 60 comprim\u00e9s"},"content":{"rendered":"<p>Ulcetrol de NOW est formul\u00e9 avec l&rsquo;ingr\u00e9dient cliniquement test\u00e9 PepZin GI pour soutenir une paroi stomacale saine. PepZin GI est une forme exclusive de zinc complex\u00e9 avec de la L-carnosine qui a d\u00e9montr\u00e9 soutenir l&rsquo;int\u00e9grit\u00e9 de la paroi stomacale en favorisant ses propres processus de gu\u00e9rison naturelle. Ulcetrol comprend \u00e9galement de la gomme mastic, une r\u00e9sine du lentisque (Pistacia lentiscus), qui peut aider \u00e0 favoriser un estomac en sant\u00e9 en soulageant temporairement les malaises digestifs occasionnels.<\/p>\n<p>Suggested Use<\/p>\n<p>Prendre 1 comprim\u00e9 deux fois par jour, avec ou sans repas.<\/p>","protected":false},"excerpt":{"rendered":"<p>Ulcetrol de NOW est formul\u00e9 avec l&rsquo;ingr\u00e9dient cliniquement test\u00e9 PepZin GI pour soutenir une paroi stomacale saine. PepZin GI est une forme exclusive de zinc complex\u00e9 avec de la L-carnosine qui a d\u00e9montr\u00e9 soutenir l&rsquo;int\u00e9grit\u00e9 de la paroi stomacale en favorisant ses propres processus de gu\u00e9rison naturelle. Ulcetrol comprend \u00e9galement de la gomme mastic, une [&hellip;]<\/p>\n","protected":false},"featured_media":30328,"template":"","meta":{"om_disable_all_campaigns":false},"product_brand":[83],"product_cat":[18,3366],"product_tag":[2310,902,10723,10722,10724,10720,10721,4273],"class_list":{"0":"post-30327","1":"product","2":"type-product","3":"status-publish","4":"has-post-thumbnail","6":"product_brand-now-foods-maroc-prix","7":"product_cat-beaute-sante","8":"product_cat-complements-alimentaires-au-maroc-vitablanca","9":"product_tag-60-comprimes","10":"product_tag-complement-estomac","11":"product_tag-confort-gastrique","12":"product_tag-gomme-mastic","13":"product_tag-muqueuse-gastrique","14":"product_tag-now-foods-ulcetrol","15":"product_tag-pepzin-gi","16":"product_tag-sante-digestive","18":"first","19":"instock","20":"sale","21":"taxable","22":"shipping-taxable","23":"purchasable","24":"product-type-simple"},"yoast_head":"<!-- This site is optimized with the Yoast SEO plugin v27.3 - https:\/\/yoast.com\/product\/yoast-seo-wordpress\/ -->\n<title>NOW FOODS Ulc\u00e9trol, Avec PepZin GI 60 comprim\u00e9s - Maroc Prix<\/title>\n<meta name=\"description\" content=\"NOW Foods Ulc\u00e9trol avec PepZin GI et gomme mastic, 60 comprim\u00e9s. Formule pour le confort gastrique et le soutien de la muqueuse de l\u2019estomac.\" \/>\n<meta name=\"robots\" content=\"index, follow, max-snippet:-1, max-image-preview:large, max-video-preview:-1\" \/>\n<link rel=\"canonical\" href=\"https:\/\/vitablanca.ma\/en\/product\/now-foods-ulcetrol-avec-pepzin-gi-et-de-la-gomme-mastic-60-comprimes\/\" \/>\n<meta property=\"og:locale\" content=\"en_US\" \/>\n<meta property=\"og:type\" content=\"article\" \/>\n<meta property=\"og:title\" content=\"NOW FOODS Ulc\u00e9trol, Avec PepZin GI 60 comprim\u00e9s - Maroc Prix\" \/>\n<meta property=\"og:description\" content=\"NOW Foods Ulc\u00e9trol avec PepZin GI et gomme mastic, 60 comprim\u00e9s. Formule pour le confort gastrique et le soutien de la muqueuse de l\u2019estomac.\" \/>\n<meta property=\"og:url\" content=\"https:\/\/vitablanca.ma\/en\/product\/now-foods-ulcetrol-avec-pepzin-gi-et-de-la-gomme-mastic-60-comprimes\/\" \/>\n<meta property=\"og:site_name\" content=\"Vitablanca.ma &ndash; Sant&eacute;, vitalit&eacute; et bien-&ecirc;tre pour tous les Marocains\" \/>\n<meta property=\"article:publisher\" content=\"https:\/\/www.facebook.com\/profile.php?id=61576678196717\" \/>\n<meta property=\"article:modified_time\" content=\"2026-03-02T04:15:35+00:00\" \/>\n<meta property=\"og:image\" content=\"https:\/\/vitablanca.ma\/wp-content\/uploads\/2026\/02\/now-now-foods-ulcetrol-avec-pepzin-gi-et-de-la-gomme-mastic-60-comprim.jpg\" \/>\n\t<meta property=\"og:image:width\" content=\"680\" \/>\n\t<meta property=\"og:image:height\" content=\"680\" \/>\n\t<meta property=\"og:image:type\" content=\"image\/jpeg\" \/>\n<meta name=\"twitter:card\" content=\"summary_large_image\" \/>\n<meta name=\"twitter:label1\" content=\"Est. reading time\" \/>\n\t<meta name=\"twitter:data1\" content=\"1 minute\" \/>\n<script type=\"application\/ld+json\" class=\"yoast-schema-graph\">{\"@context\":\"https:\\\/\\\/schema.org\",\"@graph\":[{\"@type\":[\"WebPage\",\"ItemPage\"],\"@id\":\"https:\\\/\\\/vitablanca.ma\\\/produit\\\/now-foods-ulcetrol-avec-pepzin-gi-et-de-la-gomme-mastic-60-comprimes\\\/\",\"url\":\"https:\\\/\\\/vitablanca.ma\\\/produit\\\/now-foods-ulcetrol-avec-pepzin-gi-et-de-la-gomme-mastic-60-comprimes\\\/\",\"name\":\"NOW FOODS Ulc\u00e9trol, Avec PepZin GI 60 comprim\u00e9s - Maroc Prix\",\"isPartOf\":{\"@id\":\"https:\\\/\\\/vitablanca.ma\\\/#website\"},\"primaryImageOfPage\":{\"@id\":\"https:\\\/\\\/vitablanca.ma\\\/produit\\\/now-foods-ulcetrol-avec-pepzin-gi-et-de-la-gomme-mastic-60-comprimes\\\/#primaryimage\"},\"image\":{\"@id\":\"https:\\\/\\\/vitablanca.ma\\\/produit\\\/now-foods-ulcetrol-avec-pepzin-gi-et-de-la-gomme-mastic-60-comprimes\\\/#primaryimage\"},\"thumbnailUrl\":\"https:\\\/\\\/vitablanca.ma\\\/wp-content\\\/uploads\\\/2026\\\/02\\\/now-now-foods-ulcetrol-avec-pepzin-gi-et-de-la-gomme-mastic-60-comprim.jpg\",\"datePublished\":\"2026-02-23T22:32:18+00:00\",\"dateModified\":\"2026-03-02T04:15:35+00:00\",\"description\":\"NOW Foods Ulc\u00e9trol avec PepZin GI et gomme mastic, 60 comprim\u00e9s. Formule pour le confort gastrique et le soutien de la muqueuse de l\u2019estomac.\",\"breadcrumb\":{\"@id\":\"https:\\\/\\\/vitablanca.ma\\\/produit\\\/now-foods-ulcetrol-avec-pepzin-gi-et-de-la-gomme-mastic-60-comprimes\\\/#breadcrumb\"},\"inLanguage\":\"en-US\",\"potentialAction\":[{\"@type\":\"ReadAction\",\"target\":[\"https:\\\/\\\/vitablanca.ma\\\/produit\\\/now-foods-ulcetrol-avec-pepzin-gi-et-de-la-gomme-mastic-60-comprimes\\\/\"]}]},{\"@type\":\"ImageObject\",\"inLanguage\":\"en-US\",\"@id\":\"https:\\\/\\\/vitablanca.ma\\\/produit\\\/now-foods-ulcetrol-avec-pepzin-gi-et-de-la-gomme-mastic-60-comprimes\\\/#primaryimage\",\"url\":\"https:\\\/\\\/vitablanca.ma\\\/wp-content\\\/uploads\\\/2026\\\/02\\\/now-now-foods-ulcetrol-avec-pepzin-gi-et-de-la-gomme-mastic-60-comprim.jpg\",\"contentUrl\":\"https:\\\/\\\/vitablanca.ma\\\/wp-content\\\/uploads\\\/2026\\\/02\\\/now-now-foods-ulcetrol-avec-pepzin-gi-et-de-la-gomme-mastic-60-comprim.jpg\",\"width\":680,\"height\":680},{\"@type\":\"BreadcrumbList\",\"@id\":\"https:\\\/\\\/vitablanca.ma\\\/produit\\\/now-foods-ulcetrol-avec-pepzin-gi-et-de-la-gomme-mastic-60-comprimes\\\/#breadcrumb\",\"itemListElement\":[{\"@type\":\"ListItem\",\"position\":1,\"name\":\"Home\",\"item\":\"https:\\\/\\\/vitablanca.ma\\\/\"},{\"@type\":\"ListItem\",\"position\":2,\"name\":\"Tous Les Produits\",\"item\":\"https:\\\/\\\/vitablanca.ma\\\/tous-les-produits\\\/\"},{\"@type\":\"ListItem\",\"position\":3,\"name\":\"NOW FOODS Ulc\u00e9trol, Avec PepZin GI et de la gomme mastic 60 comprim\u00e9s\"}]},{\"@type\":\"WebSite\",\"@id\":\"https:\\\/\\\/vitablanca.ma\\\/#website\",\"url\":\"https:\\\/\\\/vitablanca.ma\\\/\",\"name\":\"VitaBlanca.ma | Compl\u00e9ments alimentaires, sant\u00e9 & beaut\u00e9 au Maroc\",\"description\":\"vendre vitamines et compl\u00e9ments premium des USA &amp; Canada, Nouvelle Z\u00e9lande,Maroc (NOW Foods, Solgar, Manuka). Livraison rapide partout au Maroc.\",\"publisher\":{\"@id\":\"https:\\\/\\\/vitablanca.ma\\\/#organization\"},\"alternateName\":\"VitaBlanca.ma\",\"potentialAction\":[{\"@type\":\"SearchAction\",\"target\":{\"@type\":\"EntryPoint\",\"urlTemplate\":\"https:\\\/\\\/vitablanca.ma\\\/?s={search_term_string}\"},\"query-input\":{\"@type\":\"PropertyValueSpecification\",\"valueRequired\":true,\"valueName\":\"search_term_string\"}}],\"inLanguage\":\"en-US\"},{\"@type\":\"Organization\",\"@id\":\"https:\\\/\\\/vitablanca.ma\\\/#organization\",\"name\":\"VitaBlanca\",\"url\":\"https:\\\/\\\/vitablanca.ma\\\/\",\"logo\":{\"@type\":\"ImageObject\",\"inLanguage\":\"en-US\",\"@id\":\"https:\\\/\\\/vitablanca.ma\\\/#\\\/schema\\\/logo\\\/image\\\/\",\"url\":\"https:\\\/\\\/vitablanca.ma\\\/wp-content\\\/uploads\\\/2025\\\/05\\\/cropped-vitablanca.png\",\"contentUrl\":\"https:\\\/\\\/vitablanca.ma\\\/wp-content\\\/uploads\\\/2025\\\/05\\\/cropped-vitablanca.png\",\"width\":360,\"height\":67,\"caption\":\"VitaBlanca\"},\"image\":{\"@id\":\"https:\\\/\\\/vitablanca.ma\\\/#\\\/schema\\\/logo\\\/image\\\/\"},\"sameAs\":[\"https:\\\/\\\/www.facebook.com\\\/profile.php?id=61576678196717\",\"https:\\\/\\\/www.tiktok.com\\\/@vitablanca.ma\",\"https:\\\/\\\/www.instagram.com\\\/vitablanca.ma\\\/\"]}]}<\/script>\n<!-- \/ Yoast SEO plugin. -->","yoast_head_json":{"title":"NOW FOODS Ulc\u00e9trol, Avec PepZin GI 60 comprim\u00e9s - Maroc Prix","description":"NOW Foods Ulc\u00e9trol avec PepZin GI et gomme mastic, 60 comprim\u00e9s. Formule pour le confort gastrique et le soutien de la muqueuse de l\u2019estomac.","robots":{"index":"index","follow":"follow","max-snippet":"max-snippet:-1","max-image-preview":"max-image-preview:large","max-video-preview":"max-video-preview:-1"},"canonical":"https:\/\/vitablanca.ma\/en\/product\/now-foods-ulcetrol-avec-pepzin-gi-et-de-la-gomme-mastic-60-comprimes\/","og_locale":"en_US","og_type":"article","og_title":"NOW FOODS Ulc\u00e9trol, Avec PepZin GI 60 comprim\u00e9s - Maroc Prix","og_description":"NOW Foods Ulc\u00e9trol avec PepZin GI et gomme mastic, 60 comprim\u00e9s. Formule pour le confort gastrique et le soutien de la muqueuse de l\u2019estomac.","og_url":"https:\/\/vitablanca.ma\/en\/product\/now-foods-ulcetrol-avec-pepzin-gi-et-de-la-gomme-mastic-60-comprimes\/","og_site_name":"Vitablanca.ma &ndash; Sant&eacute;, vitalit&eacute; et bien-&ecirc;tre pour tous les Marocains","article_publisher":"https:\/\/www.facebook.com\/profile.php?id=61576678196717","article_modified_time":"2026-03-02T04:15:35+00:00","og_image":[{"width":680,"height":680,"url":"https:\/\/vitablanca.ma\/wp-content\/uploads\/2026\/02\/now-now-foods-ulcetrol-avec-pepzin-gi-et-de-la-gomme-mastic-60-comprim.jpg","type":"image\/jpeg"}],"twitter_card":"summary_large_image","twitter_misc":{"Est. reading time":"1 minute"},"schema":{"@context":"https:\/\/schema.org","@graph":[{"@type":["WebPage","ItemPage"],"@id":"https:\/\/vitablanca.ma\/produit\/now-foods-ulcetrol-avec-pepzin-gi-et-de-la-gomme-mastic-60-comprimes\/","url":"https:\/\/vitablanca.ma\/produit\/now-foods-ulcetrol-avec-pepzin-gi-et-de-la-gomme-mastic-60-comprimes\/","name":"NOW FOODS Ulc\u00e9trol, Avec PepZin GI 60 comprim\u00e9s - Maroc Prix","isPartOf":{"@id":"https:\/\/vitablanca.ma\/#website"},"primaryImageOfPage":{"@id":"https:\/\/vitablanca.ma\/produit\/now-foods-ulcetrol-avec-pepzin-gi-et-de-la-gomme-mastic-60-comprimes\/#primaryimage"},"image":{"@id":"https:\/\/vitablanca.ma\/produit\/now-foods-ulcetrol-avec-pepzin-gi-et-de-la-gomme-mastic-60-comprimes\/#primaryimage"},"thumbnailUrl":"https:\/\/vitablanca.ma\/wp-content\/uploads\/2026\/02\/now-now-foods-ulcetrol-avec-pepzin-gi-et-de-la-gomme-mastic-60-comprim.jpg","datePublished":"2026-02-23T22:32:18+00:00","dateModified":"2026-03-02T04:15:35+00:00","description":"NOW Foods Ulc\u00e9trol avec PepZin GI et gomme mastic, 60 comprim\u00e9s. Formule pour le confort gastrique et le soutien de la muqueuse de l\u2019estomac.","breadcrumb":{"@id":"https:\/\/vitablanca.ma\/produit\/now-foods-ulcetrol-avec-pepzin-gi-et-de-la-gomme-mastic-60-comprimes\/#breadcrumb"},"inLanguage":"en-US","potentialAction":[{"@type":"ReadAction","target":["https:\/\/vitablanca.ma\/produit\/now-foods-ulcetrol-avec-pepzin-gi-et-de-la-gomme-mastic-60-comprimes\/"]}]},{"@type":"ImageObject","inLanguage":"en-US","@id":"https:\/\/vitablanca.ma\/produit\/now-foods-ulcetrol-avec-pepzin-gi-et-de-la-gomme-mastic-60-comprimes\/#primaryimage","url":"https:\/\/vitablanca.ma\/wp-content\/uploads\/2026\/02\/now-now-foods-ulcetrol-avec-pepzin-gi-et-de-la-gomme-mastic-60-comprim.jpg","contentUrl":"https:\/\/vitablanca.ma\/wp-content\/uploads\/2026\/02\/now-now-foods-ulcetrol-avec-pepzin-gi-et-de-la-gomme-mastic-60-comprim.jpg","width":680,"height":680},{"@type":"BreadcrumbList","@id":"https:\/\/vitablanca.ma\/produit\/now-foods-ulcetrol-avec-pepzin-gi-et-de-la-gomme-mastic-60-comprimes\/#breadcrumb","itemListElement":[{"@type":"ListItem","position":1,"name":"Home","item":"https:\/\/vitablanca.ma\/"},{"@type":"ListItem","position":2,"name":"Tous Les Produits","item":"https:\/\/vitablanca.ma\/tous-les-produits\/"},{"@type":"ListItem","position":3,"name":"NOW FOODS Ulc\u00e9trol, Avec PepZin GI et de la gomme mastic 60 comprim\u00e9s"}]},{"@type":"WebSite","@id":"https:\/\/vitablanca.ma\/#website","url":"https:\/\/vitablanca.ma\/","name":"VitaBlanca.ma | Food supplements, health &amp; beauty in Morocco","description":"sell premium vitamins and supplements from USA &amp; Canada, New Zealand, Morocco (NOW Foods, Solgar, Manuka). Fast delivery anywhere in Morocco.","publisher":{"@id":"https:\/\/vitablanca.ma\/#organization"},"alternateName":"VitaBlanca.ma","potentialAction":[{"@type":"SearchAction","target":{"@type":"EntryPoint","urlTemplate":"https:\/\/vitablanca.ma\/?s={search_term_string}"},"query-input":{"@type":"PropertyValueSpecification","valueRequired":true,"valueName":"search_term_string"}}],"inLanguage":"en-US"},{"@type":"Organization","@id":"https:\/\/vitablanca.ma\/#organization","name":"VitaBlanca","url":"https:\/\/vitablanca.ma\/","logo":{"@type":"ImageObject","inLanguage":"en-US","@id":"https:\/\/vitablanca.ma\/#\/schema\/logo\/image\/","url":"https:\/\/vitablanca.ma\/wp-content\/uploads\/2025\/05\/cropped-vitablanca.png","contentUrl":"https:\/\/vitablanca.ma\/wp-content\/uploads\/2025\/05\/cropped-vitablanca.png","width":360,"height":67,"caption":"VitaBlanca"},"image":{"@id":"https:\/\/vitablanca.ma\/#\/schema\/logo\/image\/"},"sameAs":["https:\/\/www.facebook.com\/profile.php?id=61576678196717","https:\/\/www.tiktok.com\/@vitablanca.ma","https:\/\/www.instagram.com\/vitablanca.ma\/"]}]}},"jetpack_sharing_enabled":true,"_links":{"self":[{"href":"https:\/\/vitablanca.ma\/en\/wp-json\/wp\/v2\/product\/30327","targetHints":{"allow":["GET"]}}],"collection":[{"href":"https:\/\/vitablanca.ma\/en\/wp-json\/wp\/v2\/product"}],"about":[{"href":"https:\/\/vitablanca.ma\/en\/wp-json\/wp\/v2\/types\/product"}],"wp:featuredmedia":[{"embeddable":true,"href":"https:\/\/vitablanca.ma\/en\/wp-json\/wp\/v2\/media\/30328"}],"wp:attachment":[{"href":"https:\/\/vitablanca.ma\/en\/wp-json\/wp\/v2\/media?parent=30327"}],"wp:term":[{"taxonomy":"product_brand","embeddable":true,"href":"https:\/\/vitablanca.ma\/en\/wp-json\/wp\/v2\/product_brand?post=30327"},{"taxonomy":"product_cat","embeddable":true,"href":"https:\/\/vitablanca.ma\/en\/wp-json\/wp\/v2\/product_cat?post=30327"},{"taxonomy":"product_tag","embeddable":true,"href":"https:\/\/vitablanca.ma\/en\/wp-json\/wp\/v2\/product_tag?post=30327"}],"curies":[{"name":"wp","href":"https:\/\/api.w.org\/{rel}","templated":true}]}}