{"id":30306,"date":"2026-02-23T22:02:55","date_gmt":"2026-02-23T22:02:55","guid":{"rendered":"https:\/\/vitablanca.ma\/?post_type=product&#038;p=30306"},"modified":"2026-03-02T04:15:36","modified_gmt":"2026-03-02T04:15:36","slug":"multivitamine-journalier-pour-hommes-60-capsules","status":"publish","type":"product","link":"https:\/\/vitablanca.ma\/en\/product\/multivitamine-journalier-pour-hommes-60-capsules\/","title":{"rendered":"Multivitamine journalier pour hommes, 60 capsules"},"content":{"rendered":"<p>La multivitamine journali\u00e8re pour hommes deSolgar\u00ae con\u00e7ue scientifiquement<\/p>\n<p>Formes hautement absorbables de nutriments essentiels<\/p>\n<p>Capsule vegan \u00e0 lib\u00e9ration retard\u00e9e<\/p>\n<p>19 vitamines et min\u00e9raux \u00e0 raison de 100 % ou plus de l&rsquo;apport journalier<\/p>\n<p>Une seule capsule par jour<\/p>\n<p>Sp\u00e9cialement formul\u00e9 pour r\u00e9pondre aux besoins nutritionnels des hommes d&rsquo;aujourd&rsquo;hui.<\/p>\n<p>Sant\u00e9 immunitaire : Bisglycinate de zinc et antioxydants, dont la vitamine C<\/p>\n<p>\u00c9nergie et stress : Vitamines B, dont la vitamine B12 sous forme de m\u00e9thylcobalamine<\/p>\n<p>Muscles et os : Vitamine D3 d&rsquo;origine v\u00e9g\u00e9tale et vitamine A sous sa forme pr\u00e9f\u00e9r\u00e9e : palmitate de r\u00e9tinyle<\/p>\n<p>Sant\u00e9 cardiaque : L-5-MTHF et vitamine E<\/p>\n<p>Suggested Use<\/p>\n<p>Chez l&rsquo;adulte, prenez 1 capsule par jour avec de la nourriture.<\/p>","protected":false},"excerpt":{"rendered":"<p>La multivitamine journali\u00e8re pour hommes deSolgar\u00ae con\u00e7ue scientifiquement Formes hautement absorbables de nutriments essentiels Capsule vegan \u00e0 lib\u00e9ration retard\u00e9e 19 vitamines et min\u00e9raux \u00e0 raison de 100 % ou plus de l&rsquo;apport journalier Une seule capsule par jour Sp\u00e9cialement formul\u00e9 pour r\u00e9pondre aux besoins nutritionnels des hommes d&rsquo;aujourd&rsquo;hui. Sant\u00e9 immunitaire : Bisglycinate de zinc et [&hellip;]<\/p>\n","protected":false},"featured_media":0,"template":"","meta":{"om_disable_all_campaigns":false},"product_brand":[],"product_cat":[18,15,3366],"product_tag":[7847,10702,10701,10703,911,1780,10700,6694,914,1691],"class_list":{"0":"post-30306","1":"product","2":"type-product","3":"status-publish","5":"product_cat-beaute-sante","6":"product_cat-beaute-sante-complements-alimentaires-soins-et-bien-etre-au-meilleur-prix","7":"product_cat-complements-alimentaires-au-maroc-vitablanca","8":"product_tag-bien-etre-quotidien","9":"product_tag-capsules-multivitamines","10":"product_tag-complement-alimentaire-homme","11":"product_tag-cure-60-capsules","12":"product_tag-energie-masculine","13":"product_tag-immunite","14":"product_tag-multivitamine-homme","15":"product_tag-performance-masculine","16":"product_tag-vitalite-homme","17":"product_tag-vitamines-et-mineraux","19":"first","20":"instock","21":"taxable","22":"shipping-taxable","23":"product-type-simple"},"yoast_head":"<!-- This site is optimized with the Yoast SEO plugin v27.4 - https:\/\/yoast.com\/product\/yoast-seo-wordpress\/ -->\n<title>Multivitamine journalier pour hommes, 60 capsules - Maroc Prix<\/title>\n<meta name=\"description\" content=\"Multivitamine journalier pour hommes en 60 capsules, formule compl\u00e8te en vitamines et min\u00e9raux pour soutenir \u00e9nergie, immunit\u00e9, performance et bien-\u00eatre .\" \/>\n<meta name=\"robots\" content=\"index, follow, max-snippet:-1, max-image-preview:large, max-video-preview:-1\" \/>\n<link rel=\"canonical\" href=\"https:\/\/vitablanca.ma\/en\/product\/multivitamine-journalier-pour-hommes-60-capsules\/\" \/>\n<meta property=\"og:locale\" content=\"en_US\" \/>\n<meta property=\"og:type\" content=\"article\" \/>\n<meta property=\"og:title\" content=\"Multivitamine journalier pour hommes, 60 capsules - Maroc Prix\" \/>\n<meta property=\"og:description\" content=\"Multivitamine journalier pour hommes en 60 capsules, formule compl\u00e8te en vitamines et min\u00e9raux pour soutenir \u00e9nergie, immunit\u00e9, performance et bien-\u00eatre .\" \/>\n<meta property=\"og:url\" content=\"https:\/\/vitablanca.ma\/en\/product\/multivitamine-journalier-pour-hommes-60-capsules\/\" \/>\n<meta property=\"og:site_name\" content=\"Vitablanca.ma &ndash; Sant&eacute;, vitalit&eacute; et bien-&ecirc;tre pour tous les Marocains\" \/>\n<meta property=\"article:publisher\" content=\"https:\/\/www.facebook.com\/profile.php?id=61576678196717\" \/>\n<meta property=\"article:modified_time\" content=\"2026-03-02T04:15:36+00:00\" \/>\n<meta property=\"og:image\" content=\"https:\/\/vitablanca.ma\/wp-content\/uploads\/2025\/06\/Magnesium_2024_1400_x787_002.jpg\" \/>\n\t<meta property=\"og:image:width\" content=\"950\" \/>\n\t<meta property=\"og:image:height\" content=\"534\" \/>\n\t<meta property=\"og:image:type\" content=\"image\/jpeg\" \/>\n<meta name=\"twitter:card\" content=\"summary_large_image\" \/>\n<meta name=\"twitter:label1\" content=\"Est. reading time\" \/>\n\t<meta name=\"twitter:data1\" content=\"1 minute\" \/>\n<script type=\"application\/ld+json\" class=\"yoast-schema-graph\">{\"@context\":\"https:\\\/\\\/schema.org\",\"@graph\":[{\"@type\":[\"WebPage\",\"ItemPage\"],\"@id\":\"https:\\\/\\\/vitablanca.ma\\\/produit\\\/multivitamine-journalier-pour-hommes-60-capsules\\\/\",\"url\":\"https:\\\/\\\/vitablanca.ma\\\/produit\\\/multivitamine-journalier-pour-hommes-60-capsules\\\/\",\"name\":\"Multivitamine journalier pour hommes, 60 capsules - Maroc Prix\",\"isPartOf\":{\"@id\":\"https:\\\/\\\/vitablanca.ma\\\/#website\"},\"datePublished\":\"2026-02-23T22:02:55+00:00\",\"dateModified\":\"2026-03-02T04:15:36+00:00\",\"description\":\"Multivitamine journalier pour hommes en 60 capsules, formule compl\u00e8te en vitamines et min\u00e9raux pour soutenir \u00e9nergie, immunit\u00e9, performance et bien-\u00eatre .\",\"breadcrumb\":{\"@id\":\"https:\\\/\\\/vitablanca.ma\\\/produit\\\/multivitamine-journalier-pour-hommes-60-capsules\\\/#breadcrumb\"},\"inLanguage\":\"en-US\",\"potentialAction\":[{\"@type\":\"ReadAction\",\"target\":[\"https:\\\/\\\/vitablanca.ma\\\/produit\\\/multivitamine-journalier-pour-hommes-60-capsules\\\/\"]}]},{\"@type\":\"BreadcrumbList\",\"@id\":\"https:\\\/\\\/vitablanca.ma\\\/produit\\\/multivitamine-journalier-pour-hommes-60-capsules\\\/#breadcrumb\",\"itemListElement\":[{\"@type\":\"ListItem\",\"position\":1,\"name\":\"Home\",\"item\":\"https:\\\/\\\/vitablanca.ma\\\/\"},{\"@type\":\"ListItem\",\"position\":2,\"name\":\"Tous Les Produits\",\"item\":\"https:\\\/\\\/vitablanca.ma\\\/tous-les-produits\\\/\"},{\"@type\":\"ListItem\",\"position\":3,\"name\":\"Multivitamine journalier pour hommes, 60 capsules\"}]},{\"@type\":\"WebSite\",\"@id\":\"https:\\\/\\\/vitablanca.ma\\\/#website\",\"url\":\"https:\\\/\\\/vitablanca.ma\\\/\",\"name\":\"VitaBlanca.ma | Compl\u00e9ments alimentaires, sant\u00e9 & beaut\u00e9 au Maroc\",\"description\":\"vendre vitamines et compl\u00e9ments premium des USA &amp; Canada, Nouvelle Z\u00e9lande,Maroc (NOW Foods, Solgar, Manuka). Livraison rapide partout au Maroc.\",\"publisher\":{\"@id\":\"https:\\\/\\\/vitablanca.ma\\\/#organization\"},\"alternateName\":\"VitaBlanca.ma\",\"potentialAction\":[{\"@type\":\"SearchAction\",\"target\":{\"@type\":\"EntryPoint\",\"urlTemplate\":\"https:\\\/\\\/vitablanca.ma\\\/?s={search_term_string}\"},\"query-input\":{\"@type\":\"PropertyValueSpecification\",\"valueRequired\":true,\"valueName\":\"search_term_string\"}}],\"inLanguage\":\"en-US\"},{\"@type\":\"Organization\",\"@id\":\"https:\\\/\\\/vitablanca.ma\\\/#organization\",\"name\":\"VitaBlanca\",\"url\":\"https:\\\/\\\/vitablanca.ma\\\/\",\"logo\":{\"@type\":\"ImageObject\",\"inLanguage\":\"en-US\",\"@id\":\"https:\\\/\\\/vitablanca.ma\\\/#\\\/schema\\\/logo\\\/image\\\/\",\"url\":\"https:\\\/\\\/vitablanca.ma\\\/wp-content\\\/uploads\\\/2025\\\/05\\\/cropped-vitablanca.png\",\"contentUrl\":\"https:\\\/\\\/vitablanca.ma\\\/wp-content\\\/uploads\\\/2025\\\/05\\\/cropped-vitablanca.png\",\"width\":360,\"height\":67,\"caption\":\"VitaBlanca\"},\"image\":{\"@id\":\"https:\\\/\\\/vitablanca.ma\\\/#\\\/schema\\\/logo\\\/image\\\/\"},\"sameAs\":[\"https:\\\/\\\/www.facebook.com\\\/profile.php?id=61576678196717\",\"https:\\\/\\\/www.tiktok.com\\\/@vitablanca.ma\",\"https:\\\/\\\/www.instagram.com\\\/vitablanca.ma\\\/\"]}]}<\/script>\n<!-- \/ Yoast SEO plugin. -->","yoast_head_json":{"title":"Multivitamine journalier pour hommes, 60 capsules - Maroc Prix","description":"Multivitamine journalier pour hommes en 60 capsules, formule compl\u00e8te en vitamines et min\u00e9raux pour soutenir \u00e9nergie, immunit\u00e9, performance et bien-\u00eatre .","robots":{"index":"index","follow":"follow","max-snippet":"max-snippet:-1","max-image-preview":"max-image-preview:large","max-video-preview":"max-video-preview:-1"},"canonical":"https:\/\/vitablanca.ma\/en\/product\/multivitamine-journalier-pour-hommes-60-capsules\/","og_locale":"en_US","og_type":"article","og_title":"Multivitamine journalier pour hommes, 60 capsules - Maroc Prix","og_description":"Multivitamine journalier pour hommes en 60 capsules, formule compl\u00e8te en vitamines et min\u00e9raux pour soutenir \u00e9nergie, immunit\u00e9, performance et bien-\u00eatre .","og_url":"https:\/\/vitablanca.ma\/en\/product\/multivitamine-journalier-pour-hommes-60-capsules\/","og_site_name":"Vitablanca.ma &ndash; Sant&eacute;, vitalit&eacute; et bien-&ecirc;tre pour tous les Marocains","article_publisher":"https:\/\/www.facebook.com\/profile.php?id=61576678196717","article_modified_time":"2026-03-02T04:15:36+00:00","og_image":[{"width":950,"height":534,"url":"https:\/\/vitablanca.ma\/wp-content\/uploads\/2025\/06\/Magnesium_2024_1400_x787_002.jpg","type":"image\/jpeg"}],"twitter_card":"summary_large_image","twitter_misc":{"Est. reading time":"1 minute"},"schema":{"@context":"https:\/\/schema.org","@graph":[{"@type":["WebPage","ItemPage"],"@id":"https:\/\/vitablanca.ma\/produit\/multivitamine-journalier-pour-hommes-60-capsules\/","url":"https:\/\/vitablanca.ma\/produit\/multivitamine-journalier-pour-hommes-60-capsules\/","name":"Multivitamine journalier pour hommes, 60 capsules - Maroc Prix","isPartOf":{"@id":"https:\/\/vitablanca.ma\/#website"},"datePublished":"2026-02-23T22:02:55+00:00","dateModified":"2026-03-02T04:15:36+00:00","description":"Multivitamine journalier pour hommes en 60 capsules, formule compl\u00e8te en vitamines et min\u00e9raux pour soutenir \u00e9nergie, immunit\u00e9, performance et bien-\u00eatre .","breadcrumb":{"@id":"https:\/\/vitablanca.ma\/produit\/multivitamine-journalier-pour-hommes-60-capsules\/#breadcrumb"},"inLanguage":"en-US","potentialAction":[{"@type":"ReadAction","target":["https:\/\/vitablanca.ma\/produit\/multivitamine-journalier-pour-hommes-60-capsules\/"]}]},{"@type":"BreadcrumbList","@id":"https:\/\/vitablanca.ma\/produit\/multivitamine-journalier-pour-hommes-60-capsules\/#breadcrumb","itemListElement":[{"@type":"ListItem","position":1,"name":"Home","item":"https:\/\/vitablanca.ma\/"},{"@type":"ListItem","position":2,"name":"Tous Les Produits","item":"https:\/\/vitablanca.ma\/tous-les-produits\/"},{"@type":"ListItem","position":3,"name":"Multivitamine journalier pour hommes, 60 capsules"}]},{"@type":"WebSite","@id":"https:\/\/vitablanca.ma\/#website","url":"https:\/\/vitablanca.ma\/","name":"VitaBlanca.ma | Food supplements, health &amp; beauty in Morocco","description":"sell premium vitamins and supplements from USA &amp; Canada, New Zealand, Morocco (NOW Foods, Solgar, Manuka). Fast delivery anywhere in Morocco.","publisher":{"@id":"https:\/\/vitablanca.ma\/#organization"},"alternateName":"VitaBlanca.ma","potentialAction":[{"@type":"SearchAction","target":{"@type":"EntryPoint","urlTemplate":"https:\/\/vitablanca.ma\/?s={search_term_string}"},"query-input":{"@type":"PropertyValueSpecification","valueRequired":true,"valueName":"search_term_string"}}],"inLanguage":"en-US"},{"@type":"Organization","@id":"https:\/\/vitablanca.ma\/#organization","name":"VitaBlanca","url":"https:\/\/vitablanca.ma\/","logo":{"@type":"ImageObject","inLanguage":"en-US","@id":"https:\/\/vitablanca.ma\/#\/schema\/logo\/image\/","url":"https:\/\/vitablanca.ma\/wp-content\/uploads\/2025\/05\/cropped-vitablanca.png","contentUrl":"https:\/\/vitablanca.ma\/wp-content\/uploads\/2025\/05\/cropped-vitablanca.png","width":360,"height":67,"caption":"VitaBlanca"},"image":{"@id":"https:\/\/vitablanca.ma\/#\/schema\/logo\/image\/"},"sameAs":["https:\/\/www.facebook.com\/profile.php?id=61576678196717","https:\/\/www.tiktok.com\/@vitablanca.ma","https:\/\/www.instagram.com\/vitablanca.ma\/"]}]}},"jetpack_sharing_enabled":true,"_links":{"self":[{"href":"https:\/\/vitablanca.ma\/en\/wp-json\/wp\/v2\/product\/30306","targetHints":{"allow":["GET"]}}],"collection":[{"href":"https:\/\/vitablanca.ma\/en\/wp-json\/wp\/v2\/product"}],"about":[{"href":"https:\/\/vitablanca.ma\/en\/wp-json\/wp\/v2\/types\/product"}],"wp:attachment":[{"href":"https:\/\/vitablanca.ma\/en\/wp-json\/wp\/v2\/media?parent=30306"}],"wp:term":[{"taxonomy":"product_brand","embeddable":true,"href":"https:\/\/vitablanca.ma\/en\/wp-json\/wp\/v2\/product_brand?post=30306"},{"taxonomy":"product_cat","embeddable":true,"href":"https:\/\/vitablanca.ma\/en\/wp-json\/wp\/v2\/product_cat?post=30306"},{"taxonomy":"product_tag","embeddable":true,"href":"https:\/\/vitablanca.ma\/en\/wp-json\/wp\/v2\/product_tag?post=30306"}],"curies":[{"name":"wp","href":"https:\/\/api.w.org\/{rel}","templated":true}]}}