{"id":30300,"date":"2026-02-23T14:29:14","date_gmt":"2026-02-23T14:29:14","guid":{"rendered":"https:\/\/vitablanca.ma\/?post_type=product&#038;p=30300"},"modified":"2026-03-02T04:15:36","modified_gmt":"2026-03-02T04:15:36","slug":"vital-proteins-collagen-peptides-unflavored-567-g-maroc-prix","status":"publish","type":"product","link":"https:\/\/vitablanca.ma\/en\/product\/vital-proteins-collagen-peptides-unflavored-567-g-maroc-prix\/","title":{"rendered":"Vital Proteins, Collagen Peptides, Unflavored, 567 g"},"content":{"rendered":"<p>20 g de peptides de collag\u00e8ne par portion<\/p>\n<p>Peau, cheveux, ongles + soutien articulaire \u2227<\/p>\n<p>Nourris \u00e0 l&rsquo;herbe + \u00e9lev\u00e9s au p\u00e2turage<\/p>\n<p>Sport certifi\u00e9 NSF<\/p>\n<p>Food supplement<\/p>\n<p>Kosher<\/p>\n<p>Total 30 approuv\u00e9<\/p>\n<p>Made without dairy products<\/p>\n<p>Made without gluten<\/p>\n<p>BPA free<\/p>\n<p>Made with bovine collagen peptides<\/p>\n<p>Apparence jeune<\/p>\n<p>Articulations et os sains \u2227<\/p>\n<p>1 ingr\u00e9dient simple<\/p>\n<p>Hydratation de la peau \u2227<\/p>\n<p>M\u00e9langer avec des liquides chauds ou froids<\/p>\n<p>Compatible pal\u00e9o<\/p>\n<p>\u00c9lasticit\u00e9 de la peau \u2227<\/p>\n<p>Soutien cheveux et ongles \u2227<\/p>\n<p>Le m\u00eame collag\u00e8ne que vous aimez, sans la cuill\u00e8re en plastique.<\/p>\n<p>Soyez et sentez-vous \u00e0 votre meilleur<\/p>\n<p>Nos peptides de collag\u00e8ne ont une saveur neutre, ce qui en fait un excellent ajout \u00e0 l&rsquo;eau, au caf\u00e9, aux smoothies et \u00e0 d&rsquo;autres recettes. Prenez-le quand cela vous convient le mieux, \u00e0 tout moment de la journ\u00e9e.<\/p>\n<p>Les r\u00e9sultats peuvent varier. Diverses \u00e9tudes ont sugg\u00e9r\u00e9 des b\u00e9n\u00e9fices apr\u00e8s une consommation quotidienne de peptides de collag\u00e8ne pendant plusieurs mois. Utilisation sugg\u00e9r\u00e9e<\/p>\n<p>Mix 2 tablespoons with 25 ml of water and stir well. For best results, use a shaker or blender.<\/p>","protected":false},"excerpt":{"rendered":"<ul>\n<li data-start=\"793\" data-end=\"830\">\n<p data-start=\"795\" data-end=\"830\">Collag\u00e8ne hydrolys\u00e9 haute qualit\u00e9<\/p>\n<\/li>\n<li data-start=\"831\" data-end=\"858\">\n<p data-start=\"833\" data-end=\"858\">Format \u00e9conomique 567 g<\/p>\n<\/li>\n<li data-start=\"859\" data-end=\"893\">\n<p data-start=\"861\" data-end=\"893\">Sans saveur, facile \u00e0 m\u00e9langer<\/p>\n<\/li>\n<li data-start=\"894\" data-end=\"930\">\n<p data-start=\"896\" data-end=\"930\">Soutient peau, cheveux et ongles<\/p>\n<\/li>\n<li data-start=\"931\" data-end=\"968\" data-is-last-node=\"\">\n<p data-start=\"933\" data-end=\"968\" data-is-last-node=\"\">Promotes joint health<\/p>\n<\/li>\n<\/ul>","protected":false},"featured_media":30301,"template":"","meta":{"om_disable_all_campaigns":false},"product_brand":[1839],"product_cat":[18,10698,3366,163,19],"product_tag":[10699,5079,6917,701,8878,4305,3492,1746,8897,8896],"class_list":{"0":"post-30300","1":"product","2":"type-product","3":"status-publish","4":"has-post-thumbnail","6":"product_brand-vital-proteines","7":"product_cat-beaute-sante","8":"product_cat-collagene-2","9":"product_cat-complements-alimentaires-au-maroc-vitablanca","10":"product_cat-mineraux","11":"product_cat-vitamines-supplements-dietetiques","12":"product_tag-567-g","13":"product_tag-articulations","14":"product_tag-beaute","15":"product_tag-cheveux","16":"product_tag-collagen-peptides","17":"product_tag-collagene","18":"product_tag-maroc","19":"product_tag-peau","20":"product_tag-sans-saveur","21":"product_tag-vital-proteins","23":"first","24":"instock","25":"sale","26":"taxable","27":"shipping-taxable","28":"purchasable","29":"product-type-simple"},"yoast_head":"<!-- This site is optimized with the Yoast SEO plugin v27.4 - https:\/\/yoast.com\/product\/yoast-seo-wordpress\/ -->\n<title>Vital Proteins Collagen Peptides Sans Saveur 567 g \u2013 Maroc Prix<\/title>\n<meta name=\"description\" content=\"Vital Proteins Collagen Peptides, 567 g sans saveur. Soutient la peau, les cheveux, les ongles et les articulations. Disponible au Maroc.\" \/>\n<meta name=\"robots\" content=\"index, follow, max-snippet:-1, max-image-preview:large, max-video-preview:-1\" \/>\n<link rel=\"canonical\" href=\"https:\/\/vitablanca.ma\/en\/product\/vital-proteins-collagen-peptides-unflavored-567-g-maroc-prix\/\" \/>\n<meta property=\"og:locale\" content=\"en_US\" \/>\n<meta property=\"og:type\" content=\"article\" \/>\n<meta property=\"og:title\" content=\"Vital Proteins Collagen Peptides Sans Saveur 567 g \u2013 Maroc Prix\" \/>\n<meta property=\"og:description\" content=\"Vital Proteins Collagen Peptides, 567 g sans saveur. Soutient la peau, les cheveux, les ongles et les articulations. Disponible au Maroc.\" \/>\n<meta property=\"og:url\" content=\"https:\/\/vitablanca.ma\/en\/product\/vital-proteins-collagen-peptides-unflavored-567-g-maroc-prix\/\" \/>\n<meta property=\"og:site_name\" content=\"Vitablanca.ma &ndash; Sant&eacute;, vitalit&eacute; et bien-&ecirc;tre pour tous les Marocains\" \/>\n<meta property=\"article:publisher\" content=\"https:\/\/www.facebook.com\/profile.php?id=61576678196717\" \/>\n<meta property=\"article:modified_time\" content=\"2026-03-02T04:15:36+00:00\" \/>\n<meta property=\"og:image\" content=\"https:\/\/vitablanca.ma\/wp-content\/uploads\/2026\/02\/Vital-Proteins-Collagen-Peptides-Unflavored-567-g1-1.jpg\" \/>\n\t<meta property=\"og:image:width\" content=\"680\" \/>\n\t<meta property=\"og:image:height\" content=\"680\" \/>\n\t<meta property=\"og:image:type\" content=\"image\/jpeg\" \/>\n<meta name=\"twitter:card\" content=\"summary_large_image\" \/>\n<meta name=\"twitter:label1\" content=\"Est. reading time\" \/>\n\t<meta name=\"twitter:data1\" content=\"2 minutes\" \/>\n<script type=\"application\/ld+json\" class=\"yoast-schema-graph\">{\"@context\":\"https:\\\/\\\/schema.org\",\"@graph\":[{\"@type\":[\"WebPage\",\"ItemPage\"],\"@id\":\"https:\\\/\\\/vitablanca.ma\\\/produit\\\/vital-proteins-collagen-peptides-unflavored-567-g-maroc-prix\\\/\",\"url\":\"https:\\\/\\\/vitablanca.ma\\\/produit\\\/vital-proteins-collagen-peptides-unflavored-567-g-maroc-prix\\\/\",\"name\":\"Vital Proteins Collagen Peptides Sans Saveur 567 g \u2013 Maroc Prix\",\"isPartOf\":{\"@id\":\"https:\\\/\\\/vitablanca.ma\\\/#website\"},\"primaryImageOfPage\":{\"@id\":\"https:\\\/\\\/vitablanca.ma\\\/produit\\\/vital-proteins-collagen-peptides-unflavored-567-g-maroc-prix\\\/#primaryimage\"},\"image\":{\"@id\":\"https:\\\/\\\/vitablanca.ma\\\/produit\\\/vital-proteins-collagen-peptides-unflavored-567-g-maroc-prix\\\/#primaryimage\"},\"thumbnailUrl\":\"https:\\\/\\\/vitablanca.ma\\\/wp-content\\\/uploads\\\/2026\\\/02\\\/Vital-Proteins-Collagen-Peptides-Unflavored-567-g1-1.jpg\",\"datePublished\":\"2026-02-23T14:29:14+00:00\",\"dateModified\":\"2026-03-02T04:15:36+00:00\",\"description\":\"Vital Proteins Collagen Peptides, 567 g sans saveur. Soutient la peau, les cheveux, les ongles et les articulations. Disponible au Maroc.\",\"breadcrumb\":{\"@id\":\"https:\\\/\\\/vitablanca.ma\\\/produit\\\/vital-proteins-collagen-peptides-unflavored-567-g-maroc-prix\\\/#breadcrumb\"},\"inLanguage\":\"en-US\",\"potentialAction\":[{\"@type\":\"ReadAction\",\"target\":[\"https:\\\/\\\/vitablanca.ma\\\/produit\\\/vital-proteins-collagen-peptides-unflavored-567-g-maroc-prix\\\/\"]}]},{\"@type\":\"ImageObject\",\"inLanguage\":\"en-US\",\"@id\":\"https:\\\/\\\/vitablanca.ma\\\/produit\\\/vital-proteins-collagen-peptides-unflavored-567-g-maroc-prix\\\/#primaryimage\",\"url\":\"https:\\\/\\\/vitablanca.ma\\\/wp-content\\\/uploads\\\/2026\\\/02\\\/Vital-Proteins-Collagen-Peptides-Unflavored-567-g1-1.jpg\",\"contentUrl\":\"https:\\\/\\\/vitablanca.ma\\\/wp-content\\\/uploads\\\/2026\\\/02\\\/Vital-Proteins-Collagen-Peptides-Unflavored-567-g1-1.jpg\",\"width\":680,\"height\":680},{\"@type\":\"BreadcrumbList\",\"@id\":\"https:\\\/\\\/vitablanca.ma\\\/produit\\\/vital-proteins-collagen-peptides-unflavored-567-g-maroc-prix\\\/#breadcrumb\",\"itemListElement\":[{\"@type\":\"ListItem\",\"position\":1,\"name\":\"Home\",\"item\":\"https:\\\/\\\/vitablanca.ma\\\/\"},{\"@type\":\"ListItem\",\"position\":2,\"name\":\"Tous Les Produits\",\"item\":\"https:\\\/\\\/vitablanca.ma\\\/tous-les-produits\\\/\"},{\"@type\":\"ListItem\",\"position\":3,\"name\":\"Vital Proteins, Collagen Peptides, Unflavored, 567 g\"}]},{\"@type\":\"WebSite\",\"@id\":\"https:\\\/\\\/vitablanca.ma\\\/#website\",\"url\":\"https:\\\/\\\/vitablanca.ma\\\/\",\"name\":\"VitaBlanca.ma | Compl\u00e9ments alimentaires, sant\u00e9 & beaut\u00e9 au Maroc\",\"description\":\"vendre vitamines et compl\u00e9ments premium des USA &amp; Canada, Nouvelle Z\u00e9lande,Maroc (NOW Foods, Solgar, Manuka). Livraison rapide partout au Maroc.\",\"publisher\":{\"@id\":\"https:\\\/\\\/vitablanca.ma\\\/#organization\"},\"alternateName\":\"VitaBlanca.ma\",\"potentialAction\":[{\"@type\":\"SearchAction\",\"target\":{\"@type\":\"EntryPoint\",\"urlTemplate\":\"https:\\\/\\\/vitablanca.ma\\\/?s={search_term_string}\"},\"query-input\":{\"@type\":\"PropertyValueSpecification\",\"valueRequired\":true,\"valueName\":\"search_term_string\"}}],\"inLanguage\":\"en-US\"},{\"@type\":\"Organization\",\"@id\":\"https:\\\/\\\/vitablanca.ma\\\/#organization\",\"name\":\"VitaBlanca\",\"url\":\"https:\\\/\\\/vitablanca.ma\\\/\",\"logo\":{\"@type\":\"ImageObject\",\"inLanguage\":\"en-US\",\"@id\":\"https:\\\/\\\/vitablanca.ma\\\/#\\\/schema\\\/logo\\\/image\\\/\",\"url\":\"https:\\\/\\\/vitablanca.ma\\\/wp-content\\\/uploads\\\/2025\\\/05\\\/cropped-vitablanca.png\",\"contentUrl\":\"https:\\\/\\\/vitablanca.ma\\\/wp-content\\\/uploads\\\/2025\\\/05\\\/cropped-vitablanca.png\",\"width\":360,\"height\":67,\"caption\":\"VitaBlanca\"},\"image\":{\"@id\":\"https:\\\/\\\/vitablanca.ma\\\/#\\\/schema\\\/logo\\\/image\\\/\"},\"sameAs\":[\"https:\\\/\\\/www.facebook.com\\\/profile.php?id=61576678196717\",\"https:\\\/\\\/www.tiktok.com\\\/@vitablanca.ma\",\"https:\\\/\\\/www.instagram.com\\\/vitablanca.ma\\\/\"]}]}<\/script>\n<!-- \/ Yoast SEO plugin. -->","yoast_head_json":{"title":"Vital Proteins Collagen Peptides Sans Saveur 567 g \u2013 Maroc Prix","description":"Vital Proteins Collagen Peptides, 567 g sans saveur. Soutient la peau, les cheveux, les ongles et les articulations. Disponible au Maroc.","robots":{"index":"index","follow":"follow","max-snippet":"max-snippet:-1","max-image-preview":"max-image-preview:large","max-video-preview":"max-video-preview:-1"},"canonical":"https:\/\/vitablanca.ma\/en\/product\/vital-proteins-collagen-peptides-unflavored-567-g-maroc-prix\/","og_locale":"en_US","og_type":"article","og_title":"Vital Proteins Collagen Peptides Sans Saveur 567 g \u2013 Maroc Prix","og_description":"Vital Proteins Collagen Peptides, 567 g sans saveur. Soutient la peau, les cheveux, les ongles et les articulations. Disponible au Maroc.","og_url":"https:\/\/vitablanca.ma\/en\/product\/vital-proteins-collagen-peptides-unflavored-567-g-maroc-prix\/","og_site_name":"Vitablanca.ma &ndash; Sant&eacute;, vitalit&eacute; et bien-&ecirc;tre pour tous les Marocains","article_publisher":"https:\/\/www.facebook.com\/profile.php?id=61576678196717","article_modified_time":"2026-03-02T04:15:36+00:00","og_image":[{"width":680,"height":680,"url":"https:\/\/vitablanca.ma\/wp-content\/uploads\/2026\/02\/Vital-Proteins-Collagen-Peptides-Unflavored-567-g1-1.jpg","type":"image\/jpeg"}],"twitter_card":"summary_large_image","twitter_misc":{"Est. reading time":"2 minutes"},"schema":{"@context":"https:\/\/schema.org","@graph":[{"@type":["WebPage","ItemPage"],"@id":"https:\/\/vitablanca.ma\/produit\/vital-proteins-collagen-peptides-unflavored-567-g-maroc-prix\/","url":"https:\/\/vitablanca.ma\/produit\/vital-proteins-collagen-peptides-unflavored-567-g-maroc-prix\/","name":"Vital Proteins Collagen Peptides Sans Saveur 567 g \u2013 Maroc Prix","isPartOf":{"@id":"https:\/\/vitablanca.ma\/#website"},"primaryImageOfPage":{"@id":"https:\/\/vitablanca.ma\/produit\/vital-proteins-collagen-peptides-unflavored-567-g-maroc-prix\/#primaryimage"},"image":{"@id":"https:\/\/vitablanca.ma\/produit\/vital-proteins-collagen-peptides-unflavored-567-g-maroc-prix\/#primaryimage"},"thumbnailUrl":"https:\/\/vitablanca.ma\/wp-content\/uploads\/2026\/02\/Vital-Proteins-Collagen-Peptides-Unflavored-567-g1-1.jpg","datePublished":"2026-02-23T14:29:14+00:00","dateModified":"2026-03-02T04:15:36+00:00","description":"Vital Proteins Collagen Peptides, 567 g sans saveur. Soutient la peau, les cheveux, les ongles et les articulations. Disponible au Maroc.","breadcrumb":{"@id":"https:\/\/vitablanca.ma\/produit\/vital-proteins-collagen-peptides-unflavored-567-g-maroc-prix\/#breadcrumb"},"inLanguage":"en-US","potentialAction":[{"@type":"ReadAction","target":["https:\/\/vitablanca.ma\/produit\/vital-proteins-collagen-peptides-unflavored-567-g-maroc-prix\/"]}]},{"@type":"ImageObject","inLanguage":"en-US","@id":"https:\/\/vitablanca.ma\/produit\/vital-proteins-collagen-peptides-unflavored-567-g-maroc-prix\/#primaryimage","url":"https:\/\/vitablanca.ma\/wp-content\/uploads\/2026\/02\/Vital-Proteins-Collagen-Peptides-Unflavored-567-g1-1.jpg","contentUrl":"https:\/\/vitablanca.ma\/wp-content\/uploads\/2026\/02\/Vital-Proteins-Collagen-Peptides-Unflavored-567-g1-1.jpg","width":680,"height":680},{"@type":"BreadcrumbList","@id":"https:\/\/vitablanca.ma\/produit\/vital-proteins-collagen-peptides-unflavored-567-g-maroc-prix\/#breadcrumb","itemListElement":[{"@type":"ListItem","position":1,"name":"Home","item":"https:\/\/vitablanca.ma\/"},{"@type":"ListItem","position":2,"name":"Tous Les Produits","item":"https:\/\/vitablanca.ma\/tous-les-produits\/"},{"@type":"ListItem","position":3,"name":"Vital Proteins, Collagen Peptides, Unflavored, 567 g"}]},{"@type":"WebSite","@id":"https:\/\/vitablanca.ma\/#website","url":"https:\/\/vitablanca.ma\/","name":"VitaBlanca.ma | Food supplements, health &amp; beauty in Morocco","description":"sell premium vitamins and supplements from USA &amp; Canada, New Zealand, Morocco (NOW Foods, Solgar, Manuka). Fast delivery anywhere in Morocco.","publisher":{"@id":"https:\/\/vitablanca.ma\/#organization"},"alternateName":"VitaBlanca.ma","potentialAction":[{"@type":"SearchAction","target":{"@type":"EntryPoint","urlTemplate":"https:\/\/vitablanca.ma\/?s={search_term_string}"},"query-input":{"@type":"PropertyValueSpecification","valueRequired":true,"valueName":"search_term_string"}}],"inLanguage":"en-US"},{"@type":"Organization","@id":"https:\/\/vitablanca.ma\/#organization","name":"VitaBlanca","url":"https:\/\/vitablanca.ma\/","logo":{"@type":"ImageObject","inLanguage":"en-US","@id":"https:\/\/vitablanca.ma\/#\/schema\/logo\/image\/","url":"https:\/\/vitablanca.ma\/wp-content\/uploads\/2025\/05\/cropped-vitablanca.png","contentUrl":"https:\/\/vitablanca.ma\/wp-content\/uploads\/2025\/05\/cropped-vitablanca.png","width":360,"height":67,"caption":"VitaBlanca"},"image":{"@id":"https:\/\/vitablanca.ma\/#\/schema\/logo\/image\/"},"sameAs":["https:\/\/www.facebook.com\/profile.php?id=61576678196717","https:\/\/www.tiktok.com\/@vitablanca.ma","https:\/\/www.instagram.com\/vitablanca.ma\/"]}]}},"jetpack_sharing_enabled":true,"_links":{"self":[{"href":"https:\/\/vitablanca.ma\/en\/wp-json\/wp\/v2\/product\/30300","targetHints":{"allow":["GET"]}}],"collection":[{"href":"https:\/\/vitablanca.ma\/en\/wp-json\/wp\/v2\/product"}],"about":[{"href":"https:\/\/vitablanca.ma\/en\/wp-json\/wp\/v2\/types\/product"}],"wp:featuredmedia":[{"embeddable":true,"href":"https:\/\/vitablanca.ma\/en\/wp-json\/wp\/v2\/media\/30301"}],"wp:attachment":[{"href":"https:\/\/vitablanca.ma\/en\/wp-json\/wp\/v2\/media?parent=30300"}],"wp:term":[{"taxonomy":"product_brand","embeddable":true,"href":"https:\/\/vitablanca.ma\/en\/wp-json\/wp\/v2\/product_brand?post=30300"},{"taxonomy":"product_cat","embeddable":true,"href":"https:\/\/vitablanca.ma\/en\/wp-json\/wp\/v2\/product_cat?post=30300"},{"taxonomy":"product_tag","embeddable":true,"href":"https:\/\/vitablanca.ma\/en\/wp-json\/wp\/v2\/product_tag?post=30300"}],"curies":[{"name":"wp","href":"https:\/\/api.w.org\/{rel}","templated":true}]}}