{"id":30296,"date":"2026-02-23T14:24:21","date_gmt":"2026-02-23T14:24:21","guid":{"rendered":"https:\/\/vitablanca.ma\/?post_type=product&#038;p=30296"},"modified":"2026-03-02T04:15:36","modified_gmt":"2026-03-02T04:15:36","slug":"jarrow-formulas-neurizer-1o-optim20-capsules-maroc-prix","status":"publish","type":"product","link":"https:\/\/vitablanca.ma\/en\/product\/jarrow-formulas-neurizer-1o-optim20-capsules-maroc-prix\/","title":{"rendered":"Jarrow Formulas, Neuro Optimizer\u00ae, 120 capsules"},"content":{"rendered":"<p>Citicoline Cognizin\u00ae<\/p>\n<p>Sant\u00e9 et fonction c\u00e9r\u00e9brales<\/p>\n<p>Soutient le bon fonctionnement neuronal et la r\u00e9ponse normale au stress pour un cerveau en bonne sant\u00e9<\/p>\n<p>GMO-free<\/p>\n<p>Gluten free<\/p>\n<p>Brain health<\/p>\n<p>Food supplement<\/p>\n<p>Produit certifi\u00e9 sans OGM par Igen<\/p>\n<p>Sharp-PS\u2122<\/p>\n<p>Neuro Optimizer\u00ae de Jarrow Formulas\u00ae, qui contient de la citicoline Cognizin\u00ae et de la phosphatidyls\u00e9rine Sharp-PS\u00ae, soutient les fonctions c\u00e9r\u00e9brales et antioxydantes sans utiliser de stimulants.<\/p>\n<p>La citicoline est un interm\u00e9diaire dans la synth\u00e8se de la phosphatidylcholine, un constituant de la mati\u00e8re grise du tissu c\u00e9r\u00e9bral.<\/p>\n<p>La citicoline soutient le m\u00e9tabolisme c\u00e9r\u00e9bral en favorisant la synth\u00e8se d&rsquo;un neurotransmetteur, l&rsquo;ac\u00e9tylcholine.<\/p>\n<p>La phosphatidyls\u00e9rine soutient la r\u00e9ponse normale du cerveau au stress.<\/p>\n<p>Les antioxydants que sont l&rsquo;ac\u00e9tyl-L-carnitine et la taurine aident \u00e0 soutenir la sant\u00e9 des neurones. L&rsquo;ac\u00e9tyl-L-carnitine, l&rsquo;acide pantoth\u00e9nique et la L-glutamine soutiennent le m\u00e9tabolisme du cerveau. De plus, la taurine participe \u00e0 l&rsquo;osmor\u00e9gulation.<\/p>\n<p><strong>Suggested Use<\/strong><\/p>\n<p>Pour les adultes, prenez 4 capsules une fois par jour avec du jus ou de l&rsquo;eau entre les repas<\/p>","protected":false},"excerpt":{"rendered":"<ul>\n<li data-start=\"857\" data-end=\"893\">\n<p data-start=\"859\" data-end=\"893\">Formule compl\u00e8te pour le cerveau<\/p>\n<\/li>\n<li data-start=\"894\" data-end=\"937\">\n<p data-start=\"896\" data-end=\"937\">Soutient la m\u00e9moire et la concentration<\/p>\n<\/li>\n<li data-start=\"938\" data-end=\"968\">\n<p data-start=\"940\" data-end=\"968\">Favorise la clart\u00e9 mentale<\/p>\n<\/li>\n<li data-start=\"969\" data-end=\"1011\">\n<p data-start=\"971\" data-end=\"1011\">Adapt\u00e9 aux p\u00e9riodes de travail intense<\/p>\n<\/li>\n<li data-start=\"1012\" data-end=\"1046\" data-is-last-node=\"\">\n<p data-start=\"1014\" data-end=\"1046\" data-is-last-node=\"\">120 capsules pour usage prolong\u00e9<\/p>\n<\/li>\n<\/ul>","protected":false},"featured_media":30299,"template":"","meta":{"om_disable_all_campaigns":false},"product_brand":[1799],"product_cat":[18,297,3366,176,163,19],"product_tag":[4042,3911,181,4047,5044,8964,3492,8904,10697,5038],"class_list":{"0":"post-30296","1":"product","2":"type-product","3":"status-publish","4":"has-post-thumbnail","6":"product_brand-jarrow-formulas-prix-maroc","7":"product_cat-beaute-sante","8":"product_cat-citrate-de-magnesium","9":"product_cat-complements-alimentaires-au-maroc-vitablanca","10":"product_cat-magnesium","11":"product_cat-mineraux","12":"product_cat-vitamines-supplements-dietetiques","13":"product_tag-120-capsules","14":"product_tag-clarte-mentale","15":"product_tag-complement-alimentaire","16":"product_tag-concentration","17":"product_tag-fonction-cognitive","18":"product_tag-jarrow-formulas","19":"product_tag-maroc","20":"product_tag-memoire","21":"product_tag-neuro-optimizer","22":"product_tag-sante-cerebrale","24":"first","25":"instock","26":"sale","27":"taxable","28":"shipping-taxable","29":"purchasable","30":"product-type-simple"},"yoast_head":"<!-- This site is optimized with the Yoast SEO plugin v27.3 - https:\/\/yoast.com\/product\/yoast-seo-wordpress\/ -->\n<title>Jarrow Formulas Neuro Optimizer\u00ae 120 Capsules \u2013 Maroc Prix<\/title>\n<meta name=\"description\" content=\"Jarrow Formulas Neuro Optimizer\u00ae, 120 capsules. Formule avanc\u00e9e pour soutenir la m\u00e9moire, la concentration et la sant\u00e9 c\u00e9r\u00e9brale. Disponible au Maroc.\" \/>\n<meta name=\"robots\" content=\"index, follow, max-snippet:-1, max-image-preview:large, max-video-preview:-1\" \/>\n<link rel=\"canonical\" href=\"https:\/\/vitablanca.ma\/en\/product\/jarrow-formulas-neurizer-1o-optim20-capsules-maroc-prix\/\" \/>\n<meta property=\"og:locale\" content=\"en_US\" \/>\n<meta property=\"og:type\" content=\"article\" \/>\n<meta property=\"og:title\" content=\"Jarrow Formulas Neuro Optimizer\u00ae 120 Capsules \u2013 Maroc Prix\" \/>\n<meta property=\"og:description\" content=\"Jarrow Formulas Neuro Optimizer\u00ae, 120 capsules. Formule avanc\u00e9e pour soutenir la m\u00e9moire, la concentration et la sant\u00e9 c\u00e9r\u00e9brale. Disponible au Maroc.\" \/>\n<meta property=\"og:url\" content=\"https:\/\/vitablanca.ma\/en\/product\/jarrow-formulas-neurizer-1o-optim20-capsules-maroc-prix\/\" \/>\n<meta property=\"og:site_name\" content=\"Vitablanca.ma &ndash; Sant&eacute;, vitalit&eacute; et bien-&ecirc;tre pour tous les Marocains\" \/>\n<meta property=\"article:publisher\" content=\"https:\/\/www.facebook.com\/profile.php?id=61576678196717\" \/>\n<meta property=\"article:modified_time\" content=\"2026-03-02T04:15:36+00:00\" \/>\n<meta property=\"og:image\" content=\"https:\/\/vitablanca.ma\/wp-content\/uploads\/2026\/02\/Jarrow-Formulas-Neuro-Optimizer\u00ae-120-capsules1-1.jpg\" \/>\n\t<meta property=\"og:image:width\" content=\"680\" \/>\n\t<meta property=\"og:image:height\" content=\"680\" \/>\n\t<meta property=\"og:image:type\" content=\"image\/jpeg\" \/>\n<meta name=\"twitter:card\" content=\"summary_large_image\" \/>\n<meta name=\"twitter:label1\" content=\"Est. reading time\" \/>\n\t<meta name=\"twitter:data1\" content=\"2 minutes\" \/>\n<script type=\"application\/ld+json\" class=\"yoast-schema-graph\">{\"@context\":\"https:\\\/\\\/schema.org\",\"@graph\":[{\"@type\":[\"WebPage\",\"ItemPage\"],\"@id\":\"https:\\\/\\\/vitablanca.ma\\\/produit\\\/jarrow-formulas-neurizer-1o-optim20-capsules-maroc-prix\\\/\",\"url\":\"https:\\\/\\\/vitablanca.ma\\\/produit\\\/jarrow-formulas-neurizer-1o-optim20-capsules-maroc-prix\\\/\",\"name\":\"Jarrow Formulas Neuro Optimizer\u00ae 120 Capsules \u2013 Maroc Prix\",\"isPartOf\":{\"@id\":\"https:\\\/\\\/vitablanca.ma\\\/#website\"},\"primaryImageOfPage\":{\"@id\":\"https:\\\/\\\/vitablanca.ma\\\/produit\\\/jarrow-formulas-neurizer-1o-optim20-capsules-maroc-prix\\\/#primaryimage\"},\"image\":{\"@id\":\"https:\\\/\\\/vitablanca.ma\\\/produit\\\/jarrow-formulas-neurizer-1o-optim20-capsules-maroc-prix\\\/#primaryimage\"},\"thumbnailUrl\":\"https:\\\/\\\/vitablanca.ma\\\/wp-content\\\/uploads\\\/2026\\\/02\\\/Jarrow-Formulas-Neuro-Optimizer\u00ae-120-capsules1-1.jpg\",\"datePublished\":\"2026-02-23T14:24:21+00:00\",\"dateModified\":\"2026-03-02T04:15:36+00:00\",\"description\":\"Jarrow Formulas Neuro Optimizer\u00ae, 120 capsules. Formule avanc\u00e9e pour soutenir la m\u00e9moire, la concentration et la sant\u00e9 c\u00e9r\u00e9brale. Disponible au Maroc.\",\"breadcrumb\":{\"@id\":\"https:\\\/\\\/vitablanca.ma\\\/produit\\\/jarrow-formulas-neurizer-1o-optim20-capsules-maroc-prix\\\/#breadcrumb\"},\"inLanguage\":\"en-US\",\"potentialAction\":[{\"@type\":\"ReadAction\",\"target\":[\"https:\\\/\\\/vitablanca.ma\\\/produit\\\/jarrow-formulas-neurizer-1o-optim20-capsules-maroc-prix\\\/\"]}]},{\"@type\":\"ImageObject\",\"inLanguage\":\"en-US\",\"@id\":\"https:\\\/\\\/vitablanca.ma\\\/produit\\\/jarrow-formulas-neurizer-1o-optim20-capsules-maroc-prix\\\/#primaryimage\",\"url\":\"https:\\\/\\\/vitablanca.ma\\\/wp-content\\\/uploads\\\/2026\\\/02\\\/Jarrow-Formulas-Neuro-Optimizer\u00ae-120-capsules1-1.jpg\",\"contentUrl\":\"https:\\\/\\\/vitablanca.ma\\\/wp-content\\\/uploads\\\/2026\\\/02\\\/Jarrow-Formulas-Neuro-Optimizer\u00ae-120-capsules1-1.jpg\",\"width\":680,\"height\":680},{\"@type\":\"BreadcrumbList\",\"@id\":\"https:\\\/\\\/vitablanca.ma\\\/produit\\\/jarrow-formulas-neurizer-1o-optim20-capsules-maroc-prix\\\/#breadcrumb\",\"itemListElement\":[{\"@type\":\"ListItem\",\"position\":1,\"name\":\"Home\",\"item\":\"https:\\\/\\\/vitablanca.ma\\\/\"},{\"@type\":\"ListItem\",\"position\":2,\"name\":\"Tous Les Produits\",\"item\":\"https:\\\/\\\/vitablanca.ma\\\/tous-les-produits\\\/\"},{\"@type\":\"ListItem\",\"position\":3,\"name\":\"Jarrow Formulas, Neuro Optimizer\u00ae, 120 capsules\"}]},{\"@type\":\"WebSite\",\"@id\":\"https:\\\/\\\/vitablanca.ma\\\/#website\",\"url\":\"https:\\\/\\\/vitablanca.ma\\\/\",\"name\":\"VitaBlanca.ma | Compl\u00e9ments alimentaires, sant\u00e9 & beaut\u00e9 au Maroc\",\"description\":\"vendre vitamines et compl\u00e9ments premium des USA &amp; Canada, Nouvelle Z\u00e9lande,Maroc (NOW Foods, Solgar, Manuka). Livraison rapide partout au Maroc.\",\"publisher\":{\"@id\":\"https:\\\/\\\/vitablanca.ma\\\/#organization\"},\"alternateName\":\"VitaBlanca.ma\",\"potentialAction\":[{\"@type\":\"SearchAction\",\"target\":{\"@type\":\"EntryPoint\",\"urlTemplate\":\"https:\\\/\\\/vitablanca.ma\\\/?s={search_term_string}\"},\"query-input\":{\"@type\":\"PropertyValueSpecification\",\"valueRequired\":true,\"valueName\":\"search_term_string\"}}],\"inLanguage\":\"en-US\"},{\"@type\":\"Organization\",\"@id\":\"https:\\\/\\\/vitablanca.ma\\\/#organization\",\"name\":\"VitaBlanca\",\"url\":\"https:\\\/\\\/vitablanca.ma\\\/\",\"logo\":{\"@type\":\"ImageObject\",\"inLanguage\":\"en-US\",\"@id\":\"https:\\\/\\\/vitablanca.ma\\\/#\\\/schema\\\/logo\\\/image\\\/\",\"url\":\"https:\\\/\\\/vitablanca.ma\\\/wp-content\\\/uploads\\\/2025\\\/05\\\/cropped-vitablanca.png\",\"contentUrl\":\"https:\\\/\\\/vitablanca.ma\\\/wp-content\\\/uploads\\\/2025\\\/05\\\/cropped-vitablanca.png\",\"width\":360,\"height\":67,\"caption\":\"VitaBlanca\"},\"image\":{\"@id\":\"https:\\\/\\\/vitablanca.ma\\\/#\\\/schema\\\/logo\\\/image\\\/\"},\"sameAs\":[\"https:\\\/\\\/www.facebook.com\\\/profile.php?id=61576678196717\",\"https:\\\/\\\/www.tiktok.com\\\/@vitablanca.ma\",\"https:\\\/\\\/www.instagram.com\\\/vitablanca.ma\\\/\"]}]}<\/script>\n<!-- \/ Yoast SEO plugin. -->","yoast_head_json":{"title":"Jarrow Formulas Neuro Optimizer\u00ae 120 Capsules \u2013 Maroc Prix","description":"Jarrow Formulas Neuro Optimizer\u00ae, 120 capsules. Formule avanc\u00e9e pour soutenir la m\u00e9moire, la concentration et la sant\u00e9 c\u00e9r\u00e9brale. Disponible au Maroc.","robots":{"index":"index","follow":"follow","max-snippet":"max-snippet:-1","max-image-preview":"max-image-preview:large","max-video-preview":"max-video-preview:-1"},"canonical":"https:\/\/vitablanca.ma\/en\/product\/jarrow-formulas-neurizer-1o-optim20-capsules-maroc-prix\/","og_locale":"en_US","og_type":"article","og_title":"Jarrow Formulas Neuro Optimizer\u00ae 120 Capsules \u2013 Maroc Prix","og_description":"Jarrow Formulas Neuro Optimizer\u00ae, 120 capsules. Formule avanc\u00e9e pour soutenir la m\u00e9moire, la concentration et la sant\u00e9 c\u00e9r\u00e9brale. Disponible au Maroc.","og_url":"https:\/\/vitablanca.ma\/en\/product\/jarrow-formulas-neurizer-1o-optim20-capsules-maroc-prix\/","og_site_name":"Vitablanca.ma &ndash; Sant&eacute;, vitalit&eacute; et bien-&ecirc;tre pour tous les Marocains","article_publisher":"https:\/\/www.facebook.com\/profile.php?id=61576678196717","article_modified_time":"2026-03-02T04:15:36+00:00","og_image":[{"width":680,"height":680,"url":"https:\/\/vitablanca.ma\/wp-content\/uploads\/2026\/02\/Jarrow-Formulas-Neuro-Optimizer\u00ae-120-capsules1-1.jpg","type":"image\/jpeg"}],"twitter_card":"summary_large_image","twitter_misc":{"Est. reading time":"2 minutes"},"schema":{"@context":"https:\/\/schema.org","@graph":[{"@type":["WebPage","ItemPage"],"@id":"https:\/\/vitablanca.ma\/produit\/jarrow-formulas-neurizer-1o-optim20-capsules-maroc-prix\/","url":"https:\/\/vitablanca.ma\/produit\/jarrow-formulas-neurizer-1o-optim20-capsules-maroc-prix\/","name":"Jarrow Formulas Neuro Optimizer\u00ae 120 Capsules \u2013 Maroc Prix","isPartOf":{"@id":"https:\/\/vitablanca.ma\/#website"},"primaryImageOfPage":{"@id":"https:\/\/vitablanca.ma\/produit\/jarrow-formulas-neurizer-1o-optim20-capsules-maroc-prix\/#primaryimage"},"image":{"@id":"https:\/\/vitablanca.ma\/produit\/jarrow-formulas-neurizer-1o-optim20-capsules-maroc-prix\/#primaryimage"},"thumbnailUrl":"https:\/\/vitablanca.ma\/wp-content\/uploads\/2026\/02\/Jarrow-Formulas-Neuro-Optimizer\u00ae-120-capsules1-1.jpg","datePublished":"2026-02-23T14:24:21+00:00","dateModified":"2026-03-02T04:15:36+00:00","description":"Jarrow Formulas Neuro Optimizer\u00ae, 120 capsules. Formule avanc\u00e9e pour soutenir la m\u00e9moire, la concentration et la sant\u00e9 c\u00e9r\u00e9brale. Disponible au Maroc.","breadcrumb":{"@id":"https:\/\/vitablanca.ma\/produit\/jarrow-formulas-neurizer-1o-optim20-capsules-maroc-prix\/#breadcrumb"},"inLanguage":"en-US","potentialAction":[{"@type":"ReadAction","target":["https:\/\/vitablanca.ma\/produit\/jarrow-formulas-neurizer-1o-optim20-capsules-maroc-prix\/"]}]},{"@type":"ImageObject","inLanguage":"en-US","@id":"https:\/\/vitablanca.ma\/produit\/jarrow-formulas-neurizer-1o-optim20-capsules-maroc-prix\/#primaryimage","url":"https:\/\/vitablanca.ma\/wp-content\/uploads\/2026\/02\/Jarrow-Formulas-Neuro-Optimizer\u00ae-120-capsules1-1.jpg","contentUrl":"https:\/\/vitablanca.ma\/wp-content\/uploads\/2026\/02\/Jarrow-Formulas-Neuro-Optimizer\u00ae-120-capsules1-1.jpg","width":680,"height":680},{"@type":"BreadcrumbList","@id":"https:\/\/vitablanca.ma\/produit\/jarrow-formulas-neurizer-1o-optim20-capsules-maroc-prix\/#breadcrumb","itemListElement":[{"@type":"ListItem","position":1,"name":"Home","item":"https:\/\/vitablanca.ma\/"},{"@type":"ListItem","position":2,"name":"Tous Les Produits","item":"https:\/\/vitablanca.ma\/tous-les-produits\/"},{"@type":"ListItem","position":3,"name":"Jarrow Formulas, Neuro Optimizer\u00ae, 120 capsules"}]},{"@type":"WebSite","@id":"https:\/\/vitablanca.ma\/#website","url":"https:\/\/vitablanca.ma\/","name":"VitaBlanca.ma | Food supplements, health &amp; beauty in Morocco","description":"sell premium vitamins and supplements from USA &amp; Canada, New Zealand, Morocco (NOW Foods, Solgar, Manuka). Fast delivery anywhere in Morocco.","publisher":{"@id":"https:\/\/vitablanca.ma\/#organization"},"alternateName":"VitaBlanca.ma","potentialAction":[{"@type":"SearchAction","target":{"@type":"EntryPoint","urlTemplate":"https:\/\/vitablanca.ma\/?s={search_term_string}"},"query-input":{"@type":"PropertyValueSpecification","valueRequired":true,"valueName":"search_term_string"}}],"inLanguage":"en-US"},{"@type":"Organization","@id":"https:\/\/vitablanca.ma\/#organization","name":"VitaBlanca","url":"https:\/\/vitablanca.ma\/","logo":{"@type":"ImageObject","inLanguage":"en-US","@id":"https:\/\/vitablanca.ma\/#\/schema\/logo\/image\/","url":"https:\/\/vitablanca.ma\/wp-content\/uploads\/2025\/05\/cropped-vitablanca.png","contentUrl":"https:\/\/vitablanca.ma\/wp-content\/uploads\/2025\/05\/cropped-vitablanca.png","width":360,"height":67,"caption":"VitaBlanca"},"image":{"@id":"https:\/\/vitablanca.ma\/#\/schema\/logo\/image\/"},"sameAs":["https:\/\/www.facebook.com\/profile.php?id=61576678196717","https:\/\/www.tiktok.com\/@vitablanca.ma","https:\/\/www.instagram.com\/vitablanca.ma\/"]}]}},"jetpack_sharing_enabled":true,"_links":{"self":[{"href":"https:\/\/vitablanca.ma\/en\/wp-json\/wp\/v2\/product\/30296","targetHints":{"allow":["GET"]}}],"collection":[{"href":"https:\/\/vitablanca.ma\/en\/wp-json\/wp\/v2\/product"}],"about":[{"href":"https:\/\/vitablanca.ma\/en\/wp-json\/wp\/v2\/types\/product"}],"wp:featuredmedia":[{"embeddable":true,"href":"https:\/\/vitablanca.ma\/en\/wp-json\/wp\/v2\/media\/30299"}],"wp:attachment":[{"href":"https:\/\/vitablanca.ma\/en\/wp-json\/wp\/v2\/media?parent=30296"}],"wp:term":[{"taxonomy":"product_brand","embeddable":true,"href":"https:\/\/vitablanca.ma\/en\/wp-json\/wp\/v2\/product_brand?post=30296"},{"taxonomy":"product_cat","embeddable":true,"href":"https:\/\/vitablanca.ma\/en\/wp-json\/wp\/v2\/product_cat?post=30296"},{"taxonomy":"product_tag","embeddable":true,"href":"https:\/\/vitablanca.ma\/en\/wp-json\/wp\/v2\/product_tag?post=30296"}],"curies":[{"name":"wp","href":"https:\/\/api.w.org\/{rel}","templated":true}]}}