{"id":30281,"date":"2026-02-23T00:07:05","date_gmt":"2026-02-23T00:07:05","guid":{"rendered":"https:\/\/vitablanca.ma\/?post_type=product&#038;p=30281"},"modified":"2026-03-02T04:15:36","modified_gmt":"2026-03-02T04:15:36","slug":"nutrition-now-pb-8-probiotic-120-capsules-7-billion-cfu-each-maroc-prix","status":"publish","type":"product","link":"https:\/\/vitablanca.ma\/en\/product\/nutrition-now-pb-8-probiotic-120-capsules-7-billion-cfu-each-maroc-prix\/","title":{"rendered":"Nutrition Now PB 8\u2122 Probiotic, 120 capsules (7 billion CFU each)"},"content":{"rendered":"<p>8 souches de bact\u00e9ries b\u00e9n\u00e9fiques<\/p>\n<p>Renforce la sant\u00e9 digestive<\/p>\n<p>Sans lait, gluten ni soja<\/p>\n<p>Flacons sans BPA<\/p>\n<p>14 milliards de cultures actives\u2020\u2020<\/p>\n<p>Food supplement<\/p>\n<p>Marque de confiance depuis plus de 25 ans<\/p>\n<p>Renforce la sant\u00e9 digestive avec 8 souches de bact\u00e9ries b\u00e9n\u00e9fiques !<\/p>\n<p>PB 8\u2122 contient un m\u00e9lange brevet\u00e9 de bact\u00e9ries b\u00e9n\u00e9fiques telles que les lactobacilles et les bifidobact\u00e9ries.<\/p>\n<p>14 milliards de bonnes bact\u00e9ries par portion au moment de la fabrication. Le nombre de bact\u00e9ries peut varier apr\u00e8s la fabrication.<\/p>\n<p><strong>Suggested Use<\/strong><\/p>\n<p>En tant que compl\u00e9ment alimentaire chez l&rsquo;adulte, prenez (2) capsules par jour.<\/p>","protected":false},"excerpt":{"rendered":"<ul>\n<li data-start=\"822\" data-end=\"853\">\n<p data-start=\"824\" data-end=\"853\">7 milliards CFU par capsule<\/p>\n<\/li>\n<li data-start=\"854\" data-end=\"889\">\n<p data-start=\"856\" data-end=\"889\">M\u00e9lange de souches probiotiques<\/p>\n<\/li>\n<li data-start=\"890\" data-end=\"915\">\n<p data-start=\"892\" data-end=\"915\">Soutient la digestion<\/p>\n<\/li>\n<li data-start=\"916\" data-end=\"951\">\n<p data-start=\"918\" data-end=\"951\">Favorise l\u2019\u00e9quilibre intestinal<\/p>\n<\/li>\n<li data-start=\"952\" data-end=\"985\" data-is-last-node=\"\">\n<p data-start=\"954\" data-end=\"985\" data-is-last-node=\"\">120 capsules, format \u00e9conomique<\/p>\n<\/li>\n<\/ul>","protected":false},"featured_media":30282,"template":"","meta":{"om_disable_all_campaigns":false},"product_brand":[2408],"product_cat":[10473,18,10474,3366,10475,7972,10476],"product_tag":[4042,10479,1759,3520,3492,10477,10478,2999,460,4273],"class_list":{"0":"post-30281","1":"product","2":"type-product","3":"status-publish","4":"has-post-thumbnail","6":"product_brand-nutrition-now","7":"product_cat-animalerie","8":"product_cat-beaute-sante","9":"product_cat-chats","10":"product_cat-complements-alimentaires-au-maroc-vitablanca","11":"product_cat-fournitures-de-sante","12":"product_cat-probiotiques-2","13":"product_cat-supplements-vitamines","14":"product_tag-120-capsules","15":"product_tag-7-billion-cfu","16":"product_tag-digestion","17":"product_tag-flore-intestinale","18":"product_tag-maroc","19":"product_tag-nutrition-now","20":"product_tag-pb-8","21":"product_tag-probiotic","22":"product_tag-probiotiques","23":"product_tag-sante-digestive","25":"first","26":"instock","27":"sale","28":"taxable","29":"shipping-taxable","30":"purchasable","31":"product-type-simple"},"yoast_head":"<!-- This site is optimized with the Yoast SEO plugin v27.4 - https:\/\/yoast.com\/product\/yoast-seo-wordpress\/ -->\n<title>Nutrition Now PB-8\u2122 Probiotic 120 Capsules \u2013 Maroc Prix<\/title>\n<meta name=\"description\" content=\"Nutrition Now PB-8\u2122 Probiotic, 120 capsules, 7 milliards CFU par capsule. Soutient la flore intestinale et la digestion. Disponible au Maroc.\" \/>\n<meta name=\"robots\" content=\"index, follow, max-snippet:-1, max-image-preview:large, max-video-preview:-1\" \/>\n<link rel=\"canonical\" href=\"https:\/\/vitablanca.ma\/en\/product\/nutrition-now-pb-8-probiotic-120-capsules-7-billion-cfu-each-maroc-prix\/\" \/>\n<meta property=\"og:locale\" content=\"en_US\" \/>\n<meta property=\"og:type\" content=\"article\" \/>\n<meta property=\"og:title\" content=\"Nutrition Now PB-8\u2122 Probiotic 120 Capsules \u2013 Maroc Prix\" \/>\n<meta property=\"og:description\" content=\"Nutrition Now PB-8\u2122 Probiotic, 120 capsules, 7 milliards CFU par capsule. Soutient la flore intestinale et la digestion. Disponible au Maroc.\" \/>\n<meta property=\"og:url\" content=\"https:\/\/vitablanca.ma\/en\/product\/nutrition-now-pb-8-probiotic-120-capsules-7-billion-cfu-each-maroc-prix\/\" \/>\n<meta property=\"og:site_name\" content=\"Vitablanca.ma &ndash; Sant&eacute;, vitalit&eacute; et bien-&ecirc;tre pour tous les Marocains\" \/>\n<meta property=\"article:publisher\" content=\"https:\/\/www.facebook.com\/profile.php?id=61576678196717\" \/>\n<meta property=\"article:modified_time\" content=\"2026-03-02T04:15:36+00:00\" \/>\n<meta property=\"og:image\" content=\"https:\/\/vitablanca.ma\/wp-content\/uploads\/2026\/02\/Nutrition-Now-PB-8\u2122-Probiotique-120-capsules-7-milliards-dUFC-piece1.jpg\" \/>\n\t<meta property=\"og:image:width\" content=\"1600\" \/>\n\t<meta property=\"og:image:height\" content=\"1600\" \/>\n\t<meta property=\"og:image:type\" content=\"image\/jpeg\" \/>\n<meta name=\"twitter:card\" content=\"summary_large_image\" \/>\n<meta name=\"twitter:label1\" content=\"Est. reading time\" \/>\n\t<meta name=\"twitter:data1\" content=\"1 minute\" \/>\n<script type=\"application\/ld+json\" class=\"yoast-schema-graph\">{\"@context\":\"https:\\\/\\\/schema.org\",\"@graph\":[{\"@type\":[\"WebPage\",\"ItemPage\"],\"@id\":\"https:\\\/\\\/vitablanca.ma\\\/produit\\\/nutrition-now-pb-8-probiotic-120-capsules-7-billion-cfu-each-maroc-prix\\\/\",\"url\":\"https:\\\/\\\/vitablanca.ma\\\/produit\\\/nutrition-now-pb-8-probiotic-120-capsules-7-billion-cfu-each-maroc-prix\\\/\",\"name\":\"Nutrition Now PB-8\u2122 Probiotic 120 Capsules \u2013 Maroc Prix\",\"isPartOf\":{\"@id\":\"https:\\\/\\\/vitablanca.ma\\\/#website\"},\"primaryImageOfPage\":{\"@id\":\"https:\\\/\\\/vitablanca.ma\\\/produit\\\/nutrition-now-pb-8-probiotic-120-capsules-7-billion-cfu-each-maroc-prix\\\/#primaryimage\"},\"image\":{\"@id\":\"https:\\\/\\\/vitablanca.ma\\\/produit\\\/nutrition-now-pb-8-probiotic-120-capsules-7-billion-cfu-each-maroc-prix\\\/#primaryimage\"},\"thumbnailUrl\":\"https:\\\/\\\/vitablanca.ma\\\/wp-content\\\/uploads\\\/2026\\\/02\\\/Nutrition-Now-PB-8\u2122-Probiotique-120-capsules-7-milliards-dUFC-piece1.jpg\",\"datePublished\":\"2026-02-23T00:07:05+00:00\",\"dateModified\":\"2026-03-02T04:15:36+00:00\",\"description\":\"Nutrition Now PB-8\u2122 Probiotic, 120 capsules, 7 milliards CFU par capsule. Soutient la flore intestinale et la digestion. Disponible au Maroc.\",\"breadcrumb\":{\"@id\":\"https:\\\/\\\/vitablanca.ma\\\/produit\\\/nutrition-now-pb-8-probiotic-120-capsules-7-billion-cfu-each-maroc-prix\\\/#breadcrumb\"},\"inLanguage\":\"en-US\",\"potentialAction\":[{\"@type\":\"ReadAction\",\"target\":[\"https:\\\/\\\/vitablanca.ma\\\/produit\\\/nutrition-now-pb-8-probiotic-120-capsules-7-billion-cfu-each-maroc-prix\\\/\"]}]},{\"@type\":\"ImageObject\",\"inLanguage\":\"en-US\",\"@id\":\"https:\\\/\\\/vitablanca.ma\\\/produit\\\/nutrition-now-pb-8-probiotic-120-capsules-7-billion-cfu-each-maroc-prix\\\/#primaryimage\",\"url\":\"https:\\\/\\\/vitablanca.ma\\\/wp-content\\\/uploads\\\/2026\\\/02\\\/Nutrition-Now-PB-8\u2122-Probiotique-120-capsules-7-milliards-dUFC-piece1.jpg\",\"contentUrl\":\"https:\\\/\\\/vitablanca.ma\\\/wp-content\\\/uploads\\\/2026\\\/02\\\/Nutrition-Now-PB-8\u2122-Probiotique-120-capsules-7-milliards-dUFC-piece1.jpg\",\"width\":1600,\"height\":1600},{\"@type\":\"BreadcrumbList\",\"@id\":\"https:\\\/\\\/vitablanca.ma\\\/produit\\\/nutrition-now-pb-8-probiotic-120-capsules-7-billion-cfu-each-maroc-prix\\\/#breadcrumb\",\"itemListElement\":[{\"@type\":\"ListItem\",\"position\":1,\"name\":\"Home\",\"item\":\"https:\\\/\\\/vitablanca.ma\\\/\"},{\"@type\":\"ListItem\",\"position\":2,\"name\":\"Tous Les Produits\",\"item\":\"https:\\\/\\\/vitablanca.ma\\\/tous-les-produits\\\/\"},{\"@type\":\"ListItem\",\"position\":3,\"name\":\"Nutrition Now PB 8\u2122 Probiotic, 120 capsules (7 billion CFU each)\"}]},{\"@type\":\"WebSite\",\"@id\":\"https:\\\/\\\/vitablanca.ma\\\/#website\",\"url\":\"https:\\\/\\\/vitablanca.ma\\\/\",\"name\":\"VitaBlanca.ma | Compl\u00e9ments alimentaires, sant\u00e9 & beaut\u00e9 au Maroc\",\"description\":\"vendre vitamines et compl\u00e9ments premium des USA &amp; Canada, Nouvelle Z\u00e9lande,Maroc (NOW Foods, Solgar, Manuka). Livraison rapide partout au Maroc.\",\"publisher\":{\"@id\":\"https:\\\/\\\/vitablanca.ma\\\/#organization\"},\"alternateName\":\"VitaBlanca.ma\",\"potentialAction\":[{\"@type\":\"SearchAction\",\"target\":{\"@type\":\"EntryPoint\",\"urlTemplate\":\"https:\\\/\\\/vitablanca.ma\\\/?s={search_term_string}\"},\"query-input\":{\"@type\":\"PropertyValueSpecification\",\"valueRequired\":true,\"valueName\":\"search_term_string\"}}],\"inLanguage\":\"en-US\"},{\"@type\":\"Organization\",\"@id\":\"https:\\\/\\\/vitablanca.ma\\\/#organization\",\"name\":\"VitaBlanca\",\"url\":\"https:\\\/\\\/vitablanca.ma\\\/\",\"logo\":{\"@type\":\"ImageObject\",\"inLanguage\":\"en-US\",\"@id\":\"https:\\\/\\\/vitablanca.ma\\\/#\\\/schema\\\/logo\\\/image\\\/\",\"url\":\"https:\\\/\\\/vitablanca.ma\\\/wp-content\\\/uploads\\\/2025\\\/05\\\/cropped-vitablanca.png\",\"contentUrl\":\"https:\\\/\\\/vitablanca.ma\\\/wp-content\\\/uploads\\\/2025\\\/05\\\/cropped-vitablanca.png\",\"width\":360,\"height\":67,\"caption\":\"VitaBlanca\"},\"image\":{\"@id\":\"https:\\\/\\\/vitablanca.ma\\\/#\\\/schema\\\/logo\\\/image\\\/\"},\"sameAs\":[\"https:\\\/\\\/www.facebook.com\\\/profile.php?id=61576678196717\",\"https:\\\/\\\/www.tiktok.com\\\/@vitablanca.ma\",\"https:\\\/\\\/www.instagram.com\\\/vitablanca.ma\\\/\"]}]}<\/script>\n<!-- \/ Yoast SEO plugin. -->","yoast_head_json":{"title":"Nutrition Now PB-8\u2122 Probiotic 120 Capsules \u2013 Maroc Prix","description":"Nutrition Now PB-8\u2122 Probiotic, 120 capsules, 7 milliards CFU par capsule. Soutient la flore intestinale et la digestion. Disponible au Maroc.","robots":{"index":"index","follow":"follow","max-snippet":"max-snippet:-1","max-image-preview":"max-image-preview:large","max-video-preview":"max-video-preview:-1"},"canonical":"https:\/\/vitablanca.ma\/en\/product\/nutrition-now-pb-8-probiotic-120-capsules-7-billion-cfu-each-maroc-prix\/","og_locale":"en_US","og_type":"article","og_title":"Nutrition Now PB-8\u2122 Probiotic 120 Capsules \u2013 Maroc Prix","og_description":"Nutrition Now PB-8\u2122 Probiotic, 120 capsules, 7 milliards CFU par capsule. Soutient la flore intestinale et la digestion. Disponible au Maroc.","og_url":"https:\/\/vitablanca.ma\/en\/product\/nutrition-now-pb-8-probiotic-120-capsules-7-billion-cfu-each-maroc-prix\/","og_site_name":"Vitablanca.ma &ndash; Sant&eacute;, vitalit&eacute; et bien-&ecirc;tre pour tous les Marocains","article_publisher":"https:\/\/www.facebook.com\/profile.php?id=61576678196717","article_modified_time":"2026-03-02T04:15:36+00:00","og_image":[{"width":1600,"height":1600,"url":"https:\/\/vitablanca.ma\/wp-content\/uploads\/2026\/02\/Nutrition-Now-PB-8\u2122-Probiotique-120-capsules-7-milliards-dUFC-piece1.jpg","type":"image\/jpeg"}],"twitter_card":"summary_large_image","twitter_misc":{"Est. reading time":"1 minute"},"schema":{"@context":"https:\/\/schema.org","@graph":[{"@type":["WebPage","ItemPage"],"@id":"https:\/\/vitablanca.ma\/produit\/nutrition-now-pb-8-probiotic-120-capsules-7-billion-cfu-each-maroc-prix\/","url":"https:\/\/vitablanca.ma\/produit\/nutrition-now-pb-8-probiotic-120-capsules-7-billion-cfu-each-maroc-prix\/","name":"Nutrition Now PB-8\u2122 Probiotic 120 Capsules \u2013 Maroc Prix","isPartOf":{"@id":"https:\/\/vitablanca.ma\/#website"},"primaryImageOfPage":{"@id":"https:\/\/vitablanca.ma\/produit\/nutrition-now-pb-8-probiotic-120-capsules-7-billion-cfu-each-maroc-prix\/#primaryimage"},"image":{"@id":"https:\/\/vitablanca.ma\/produit\/nutrition-now-pb-8-probiotic-120-capsules-7-billion-cfu-each-maroc-prix\/#primaryimage"},"thumbnailUrl":"https:\/\/vitablanca.ma\/wp-content\/uploads\/2026\/02\/Nutrition-Now-PB-8\u2122-Probiotique-120-capsules-7-milliards-dUFC-piece1.jpg","datePublished":"2026-02-23T00:07:05+00:00","dateModified":"2026-03-02T04:15:36+00:00","description":"Nutrition Now PB-8\u2122 Probiotic, 120 capsules, 7 milliards CFU par capsule. Soutient la flore intestinale et la digestion. Disponible au Maroc.","breadcrumb":{"@id":"https:\/\/vitablanca.ma\/produit\/nutrition-now-pb-8-probiotic-120-capsules-7-billion-cfu-each-maroc-prix\/#breadcrumb"},"inLanguage":"en-US","potentialAction":[{"@type":"ReadAction","target":["https:\/\/vitablanca.ma\/produit\/nutrition-now-pb-8-probiotic-120-capsules-7-billion-cfu-each-maroc-prix\/"]}]},{"@type":"ImageObject","inLanguage":"en-US","@id":"https:\/\/vitablanca.ma\/produit\/nutrition-now-pb-8-probiotic-120-capsules-7-billion-cfu-each-maroc-prix\/#primaryimage","url":"https:\/\/vitablanca.ma\/wp-content\/uploads\/2026\/02\/Nutrition-Now-PB-8\u2122-Probiotique-120-capsules-7-milliards-dUFC-piece1.jpg","contentUrl":"https:\/\/vitablanca.ma\/wp-content\/uploads\/2026\/02\/Nutrition-Now-PB-8\u2122-Probiotique-120-capsules-7-milliards-dUFC-piece1.jpg","width":1600,"height":1600},{"@type":"BreadcrumbList","@id":"https:\/\/vitablanca.ma\/produit\/nutrition-now-pb-8-probiotic-120-capsules-7-billion-cfu-each-maroc-prix\/#breadcrumb","itemListElement":[{"@type":"ListItem","position":1,"name":"Home","item":"https:\/\/vitablanca.ma\/"},{"@type":"ListItem","position":2,"name":"Tous Les Produits","item":"https:\/\/vitablanca.ma\/tous-les-produits\/"},{"@type":"ListItem","position":3,"name":"Nutrition Now PB 8\u2122 Probiotic, 120 capsules (7 billion CFU each)"}]},{"@type":"WebSite","@id":"https:\/\/vitablanca.ma\/#website","url":"https:\/\/vitablanca.ma\/","name":"VitaBlanca.ma | Food supplements, health &amp; beauty in Morocco","description":"sell premium vitamins and supplements from USA &amp; Canada, New Zealand, Morocco (NOW Foods, Solgar, Manuka). Fast delivery anywhere in Morocco.","publisher":{"@id":"https:\/\/vitablanca.ma\/#organization"},"alternateName":"VitaBlanca.ma","potentialAction":[{"@type":"SearchAction","target":{"@type":"EntryPoint","urlTemplate":"https:\/\/vitablanca.ma\/?s={search_term_string}"},"query-input":{"@type":"PropertyValueSpecification","valueRequired":true,"valueName":"search_term_string"}}],"inLanguage":"en-US"},{"@type":"Organization","@id":"https:\/\/vitablanca.ma\/#organization","name":"VitaBlanca","url":"https:\/\/vitablanca.ma\/","logo":{"@type":"ImageObject","inLanguage":"en-US","@id":"https:\/\/vitablanca.ma\/#\/schema\/logo\/image\/","url":"https:\/\/vitablanca.ma\/wp-content\/uploads\/2025\/05\/cropped-vitablanca.png","contentUrl":"https:\/\/vitablanca.ma\/wp-content\/uploads\/2025\/05\/cropped-vitablanca.png","width":360,"height":67,"caption":"VitaBlanca"},"image":{"@id":"https:\/\/vitablanca.ma\/#\/schema\/logo\/image\/"},"sameAs":["https:\/\/www.facebook.com\/profile.php?id=61576678196717","https:\/\/www.tiktok.com\/@vitablanca.ma","https:\/\/www.instagram.com\/vitablanca.ma\/"]}]}},"jetpack_sharing_enabled":true,"_links":{"self":[{"href":"https:\/\/vitablanca.ma\/en\/wp-json\/wp\/v2\/product\/30281","targetHints":{"allow":["GET"]}}],"collection":[{"href":"https:\/\/vitablanca.ma\/en\/wp-json\/wp\/v2\/product"}],"about":[{"href":"https:\/\/vitablanca.ma\/en\/wp-json\/wp\/v2\/types\/product"}],"wp:featuredmedia":[{"embeddable":true,"href":"https:\/\/vitablanca.ma\/en\/wp-json\/wp\/v2\/media\/30282"}],"wp:attachment":[{"href":"https:\/\/vitablanca.ma\/en\/wp-json\/wp\/v2\/media?parent=30281"}],"wp:term":[{"taxonomy":"product_brand","embeddable":true,"href":"https:\/\/vitablanca.ma\/en\/wp-json\/wp\/v2\/product_brand?post=30281"},{"taxonomy":"product_cat","embeddable":true,"href":"https:\/\/vitablanca.ma\/en\/wp-json\/wp\/v2\/product_cat?post=30281"},{"taxonomy":"product_tag","embeddable":true,"href":"https:\/\/vitablanca.ma\/en\/wp-json\/wp\/v2\/product_tag?post=30281"}],"curies":[{"name":"wp","href":"https:\/\/api.w.org\/{rel}","templated":true}]}}