{"id":30273,"date":"2026-02-22T23:32:21","date_gmt":"2026-02-22T23:32:21","guid":{"rendered":"https:\/\/vitablanca.ma\/?post_type=product&#038;p=30273"},"modified":"2026-03-02T04:15:36","modified_gmt":"2026-03-02T04:15:36","slug":"gaia-herbs-energy-vitality-60-capsules-maroc-prix","status":"publish","type":"product","link":"https:\/\/vitablanca.ma\/en\/product\/gaia-herbs-energy-vitality-60-capsules-maroc-prix\/","title":{"rendered":"Gaia Herbs Energy Vitality 60 Capsules"},"content":{"rendered":"<p>Soutien \u00e9nerg\u00e9tique<\/p>\n<p>Favorise une endurance saine<\/p>\n<p>Avec du ginsengg, des feuilles de ginkgo, du th\u00e9 vert et des graines d\u2019ortie cultiv\u00e9es par Gaia\u2122<\/p>\n<p>Les herbes ont traditionnellement aid\u00e9 le corps \u00e0 s\u2019adapter au stress et \u00e0 soutenir une endurance et des niveaux d\u2019\u00e9nergie sains.<\/p>\n<p>Un tonique \u00e0 base de plantes populaire pour les athl\u00e8tes, les guerriers du week-end et tous ceux qui cherchent \u00e0 donner un peu de peps \u00e0 leur d\u00e9marche.<\/p>\n<p>Entre travail et obligations personnelles, les journ\u00e9es passent vite et on se sent souvent fatigu\u00e9, stress\u00e9 et \u00e9puis\u00e9. \u00c9nergie Vitalit\u00e9 vous apporte le coup de pouce dont vous avez besoin gr\u00e2ce \u00e0 un m\u00e9lange de plantes revigorantes qui aident votre corps \u00e0 s\u2019adapter au stress et \u00e0 maintenir un niveau d\u2019\u00e9nergie sain.<\/p>\n<p>Herbal supplement<\/p>\n<p>Puret\u00e9 \u2013 Puissance \u2013 Int\u00e9grit\u00e9<\/p>\n<p>Vegan<\/p>\n<p>Gluten free<\/p>\n<p>Soy-free<\/p>\n<p>Certifi\u00e9e B Corporation<\/p>\n<p>Connecter les plantes et les gens\u2122 depuis 1987<\/p>\n<p>Gaia Herbs offre une tra\u00e7abilit\u00e9 sans pr\u00e9c\u00e9dent en examinant chaque produit.<\/p>\n<p>Puret\u00e9 \u2013 Gardez-le propre<\/p>\n<p>Tous les produits sont contr\u00f4l\u00e9s pour d\u00e9tecter les pesticides, les microbes et les m\u00e9taux lourds.<\/p>\n<p>Int\u00e9grit\u00e9 \u2013 Restez authentique<\/p>\n<p>Puissance \u2013 Gardez-la forte<\/p>\n<p>Des extraits v\u00e9g\u00e9taux concentr\u00e9s sont d\u00e9livr\u00e9s dans notre technologie brevet\u00e9e Phyto-Caps\u00ae.<\/p>\n<p><strong>Utilisation sugg\u00e9r\u00e9e :\u00a0<\/strong><\/p>\n<p>Les adultes prennent 1 capsule 3 fois par jour entre les repas.<\/p>","protected":false},"excerpt":{"rendered":"<ul>\n<li data-start=\"805\" data-end=\"837\">\n<p data-start=\"807\" data-end=\"837\">Soutient l\u2019\u00e9nergie naturelle<\/p>\n<\/li>\n<li data-start=\"838\" data-end=\"877\">\n<p data-start=\"840\" data-end=\"877\">Favorise la vitalit\u00e9 et l\u2019endurance<\/p>\n<\/li>\n<li data-start=\"878\" data-end=\"907\">\n<p data-start=\"880\" data-end=\"907\">Formule \u00e0 base de plantes<\/p>\n<\/li>\n<li data-start=\"908\" data-end=\"935\">\n<p data-start=\"910\" data-end=\"935\">Id\u00e9al en cas de fatigue<\/p>\n<\/li>\n<li data-start=\"936\" data-end=\"965\" data-is-last-node=\"\">\n<p data-start=\"938\" data-end=\"965\" data-is-last-node=\"\">60 capsules, usage pratique<\/p>\n<\/li>\n<\/ul>","protected":false},"featured_media":30275,"template":"","meta":{"om_disable_all_campaigns":false},"product_brand":[10428],"product_cat":[18,10437,3366,10436,20,19],"product_tag":[4083,181,4294,768,10439,1767,10438,3492,10440,4307],"class_list":{"0":"post-30273","1":"product","2":"type-product","3":"status-publish","4":"has-post-thumbnail","6":"product_brand-gaia-herbs","7":"product_cat-beaute-sante","8":"product_cat-combinaisons-de-nourriture-verte","9":"product_cat-complements-alimentaires-au-maroc-vitablanca","10":"product_cat-superaliments","11":"product_cat-supplements","12":"product_cat-vitamines-supplements-dietetiques","13":"product_tag-60-capsules","14":"product_tag-complement-alimentaire","15":"product_tag-endurance","16":"product_tag-energie-naturelle","17":"product_tag-energy-vitality","18":"product_tag-fatigue","19":"product_tag-gaia-herbs","20":"product_tag-maroc","21":"product_tag-plantes-adaptogenes","22":"product_tag-vitalite","24":"first","25":"instock","26":"sale","27":"taxable","28":"shipping-taxable","29":"purchasable","30":"product-type-simple"},"yoast_head":"<!-- This site is optimized with the Yoast SEO plugin v27.5 - https:\/\/yoast.com\/product\/yoast-seo-wordpress\/ -->\n<title>Gaia Herbs Energy Vitality 60 Capsules \u2013 Maroc Prix<\/title>\n<meta name=\"description\" content=\"Gaia Herbs Energy Vitality, 60 capsules. Formule \u00e0 base de plantes pour soutenir l\u2019\u00e9nergie naturelle et la vitalit\u00e9. Disponible au Maroc.\" \/>\n<meta name=\"robots\" content=\"index, follow, max-snippet:-1, max-image-preview:large, max-video-preview:-1\" \/>\n<link rel=\"canonical\" href=\"https:\/\/vitablanca.ma\/en\/product\/gaia-herbs-energy-vitality-60-capsules-maroc-prix\/\" \/>\n<meta property=\"og:locale\" content=\"en_US\" \/>\n<meta property=\"og:type\" content=\"article\" \/>\n<meta property=\"og:title\" content=\"Gaia Herbs Energy Vitality 60 Capsules \u2013 Maroc Prix\" \/>\n<meta property=\"og:description\" content=\"Gaia Herbs Energy Vitality, 60 capsules. Formule \u00e0 base de plantes pour soutenir l\u2019\u00e9nergie naturelle et la vitalit\u00e9. Disponible au Maroc.\" \/>\n<meta property=\"og:url\" content=\"https:\/\/vitablanca.ma\/en\/product\/gaia-herbs-energy-vitality-60-capsules-maroc-prix\/\" \/>\n<meta property=\"og:site_name\" content=\"Vitablanca.ma &ndash; Sant&eacute;, vitalit&eacute; et bien-&ecirc;tre pour tous les Marocains\" \/>\n<meta property=\"article:publisher\" content=\"https:\/\/www.facebook.com\/profile.php?id=61576678196717\" \/>\n<meta property=\"article:modified_time\" content=\"2026-03-02T04:15:36+00:00\" \/>\n<meta property=\"og:image\" content=\"https:\/\/vitablanca.ma\/wp-content\/uploads\/2026\/02\/Gaia-Herbs-Energy-Vitality-60-Capsules3-1.jpg\" \/>\n\t<meta property=\"og:image:width\" content=\"1600\" \/>\n\t<meta property=\"og:image:height\" content=\"1600\" \/>\n\t<meta property=\"og:image:type\" content=\"image\/jpeg\" \/>\n<meta name=\"twitter:card\" content=\"summary_large_image\" \/>\n<meta name=\"twitter:label1\" content=\"Est. reading time\" \/>\n\t<meta name=\"twitter:data1\" content=\"2 minutes\" \/>\n<script type=\"application\/ld+json\" class=\"yoast-schema-graph\">{\"@context\":\"https:\\\/\\\/schema.org\",\"@graph\":[{\"@type\":[\"WebPage\",\"ItemPage\"],\"@id\":\"https:\\\/\\\/vitablanca.ma\\\/produit\\\/gaia-herbs-energy-vitality-60-capsules-maroc-prix\\\/\",\"url\":\"https:\\\/\\\/vitablanca.ma\\\/produit\\\/gaia-herbs-energy-vitality-60-capsules-maroc-prix\\\/\",\"name\":\"Gaia Herbs Energy Vitality 60 Capsules \u2013 Maroc Prix\",\"isPartOf\":{\"@id\":\"https:\\\/\\\/vitablanca.ma\\\/#website\"},\"primaryImageOfPage\":{\"@id\":\"https:\\\/\\\/vitablanca.ma\\\/produit\\\/gaia-herbs-energy-vitality-60-capsules-maroc-prix\\\/#primaryimage\"},\"image\":{\"@id\":\"https:\\\/\\\/vitablanca.ma\\\/produit\\\/gaia-herbs-energy-vitality-60-capsules-maroc-prix\\\/#primaryimage\"},\"thumbnailUrl\":\"https:\\\/\\\/vitablanca.ma\\\/wp-content\\\/uploads\\\/2026\\\/02\\\/Gaia-Herbs-Energy-Vitality-60-Capsules3-1.jpg\",\"datePublished\":\"2026-02-22T23:32:21+00:00\",\"dateModified\":\"2026-03-02T04:15:36+00:00\",\"description\":\"Gaia Herbs Energy Vitality, 60 capsules. Formule \u00e0 base de plantes pour soutenir l\u2019\u00e9nergie naturelle et la vitalit\u00e9. Disponible au Maroc.\",\"breadcrumb\":{\"@id\":\"https:\\\/\\\/vitablanca.ma\\\/produit\\\/gaia-herbs-energy-vitality-60-capsules-maroc-prix\\\/#breadcrumb\"},\"inLanguage\":\"en-US\",\"potentialAction\":[{\"@type\":\"ReadAction\",\"target\":[\"https:\\\/\\\/vitablanca.ma\\\/produit\\\/gaia-herbs-energy-vitality-60-capsules-maroc-prix\\\/\"]}]},{\"@type\":\"ImageObject\",\"inLanguage\":\"en-US\",\"@id\":\"https:\\\/\\\/vitablanca.ma\\\/produit\\\/gaia-herbs-energy-vitality-60-capsules-maroc-prix\\\/#primaryimage\",\"url\":\"https:\\\/\\\/vitablanca.ma\\\/wp-content\\\/uploads\\\/2026\\\/02\\\/Gaia-Herbs-Energy-Vitality-60-Capsules3-1.jpg\",\"contentUrl\":\"https:\\\/\\\/vitablanca.ma\\\/wp-content\\\/uploads\\\/2026\\\/02\\\/Gaia-Herbs-Energy-Vitality-60-Capsules3-1.jpg\",\"width\":1600,\"height\":1600},{\"@type\":\"BreadcrumbList\",\"@id\":\"https:\\\/\\\/vitablanca.ma\\\/produit\\\/gaia-herbs-energy-vitality-60-capsules-maroc-prix\\\/#breadcrumb\",\"itemListElement\":[{\"@type\":\"ListItem\",\"position\":1,\"name\":\"Home\",\"item\":\"https:\\\/\\\/vitablanca.ma\\\/\"},{\"@type\":\"ListItem\",\"position\":2,\"name\":\"Tous Les Produits\",\"item\":\"https:\\\/\\\/vitablanca.ma\\\/tous-les-produits\\\/\"},{\"@type\":\"ListItem\",\"position\":3,\"name\":\"Gaia Herbs Energy Vitality 60 Capsules\"}]},{\"@type\":\"WebSite\",\"@id\":\"https:\\\/\\\/vitablanca.ma\\\/#website\",\"url\":\"https:\\\/\\\/vitablanca.ma\\\/\",\"name\":\"VitaBlanca.ma | Compl\u00e9ments alimentaires, sant\u00e9 & beaut\u00e9 au Maroc\",\"description\":\"vendre vitamines et compl\u00e9ments premium des USA &amp; Canada, Nouvelle Z\u00e9lande,Maroc (NOW Foods, Solgar, Manuka). Livraison rapide partout au Maroc.\",\"publisher\":{\"@id\":\"https:\\\/\\\/vitablanca.ma\\\/#organization\"},\"alternateName\":\"VitaBlanca.ma\",\"potentialAction\":[{\"@type\":\"SearchAction\",\"target\":{\"@type\":\"EntryPoint\",\"urlTemplate\":\"https:\\\/\\\/vitablanca.ma\\\/?s={search_term_string}\"},\"query-input\":{\"@type\":\"PropertyValueSpecification\",\"valueRequired\":true,\"valueName\":\"search_term_string\"}}],\"inLanguage\":\"en-US\"},{\"@type\":\"Organization\",\"@id\":\"https:\\\/\\\/vitablanca.ma\\\/#organization\",\"name\":\"VitaBlanca\",\"url\":\"https:\\\/\\\/vitablanca.ma\\\/\",\"logo\":{\"@type\":\"ImageObject\",\"inLanguage\":\"en-US\",\"@id\":\"https:\\\/\\\/vitablanca.ma\\\/#\\\/schema\\\/logo\\\/image\\\/\",\"url\":\"https:\\\/\\\/vitablanca.ma\\\/wp-content\\\/uploads\\\/2025\\\/05\\\/cropped-vitablanca.png\",\"contentUrl\":\"https:\\\/\\\/vitablanca.ma\\\/wp-content\\\/uploads\\\/2025\\\/05\\\/cropped-vitablanca.png\",\"width\":360,\"height\":67,\"caption\":\"VitaBlanca\"},\"image\":{\"@id\":\"https:\\\/\\\/vitablanca.ma\\\/#\\\/schema\\\/logo\\\/image\\\/\"},\"sameAs\":[\"https:\\\/\\\/www.facebook.com\\\/profile.php?id=61576678196717\",\"https:\\\/\\\/www.tiktok.com\\\/@vitablanca.ma\",\"https:\\\/\\\/www.instagram.com\\\/vitablanca.ma\\\/\"]}]}<\/script>\n<!-- \/ Yoast SEO plugin. -->","yoast_head_json":{"title":"Gaia Herbs Energy Vitality 60 Capsules \u2013 Maroc Prix","description":"Gaia Herbs Energy Vitality, 60 capsules. Formule \u00e0 base de plantes pour soutenir l\u2019\u00e9nergie naturelle et la vitalit\u00e9. Disponible au Maroc.","robots":{"index":"index","follow":"follow","max-snippet":"max-snippet:-1","max-image-preview":"max-image-preview:large","max-video-preview":"max-video-preview:-1"},"canonical":"https:\/\/vitablanca.ma\/en\/product\/gaia-herbs-energy-vitality-60-capsules-maroc-prix\/","og_locale":"en_US","og_type":"article","og_title":"Gaia Herbs Energy Vitality 60 Capsules \u2013 Maroc Prix","og_description":"Gaia Herbs Energy Vitality, 60 capsules. Formule \u00e0 base de plantes pour soutenir l\u2019\u00e9nergie naturelle et la vitalit\u00e9. Disponible au Maroc.","og_url":"https:\/\/vitablanca.ma\/en\/product\/gaia-herbs-energy-vitality-60-capsules-maroc-prix\/","og_site_name":"Vitablanca.ma &ndash; Sant&eacute;, vitalit&eacute; et bien-&ecirc;tre pour tous les Marocains","article_publisher":"https:\/\/www.facebook.com\/profile.php?id=61576678196717","article_modified_time":"2026-03-02T04:15:36+00:00","og_image":[{"width":1600,"height":1600,"url":"https:\/\/vitablanca.ma\/wp-content\/uploads\/2026\/02\/Gaia-Herbs-Energy-Vitality-60-Capsules3-1.jpg","type":"image\/jpeg"}],"twitter_card":"summary_large_image","twitter_misc":{"Est. reading time":"2 minutes"},"schema":{"@context":"https:\/\/schema.org","@graph":[{"@type":["WebPage","ItemPage"],"@id":"https:\/\/vitablanca.ma\/produit\/gaia-herbs-energy-vitality-60-capsules-maroc-prix\/","url":"https:\/\/vitablanca.ma\/produit\/gaia-herbs-energy-vitality-60-capsules-maroc-prix\/","name":"Gaia Herbs Energy Vitality 60 Capsules \u2013 Maroc Prix","isPartOf":{"@id":"https:\/\/vitablanca.ma\/#website"},"primaryImageOfPage":{"@id":"https:\/\/vitablanca.ma\/produit\/gaia-herbs-energy-vitality-60-capsules-maroc-prix\/#primaryimage"},"image":{"@id":"https:\/\/vitablanca.ma\/produit\/gaia-herbs-energy-vitality-60-capsules-maroc-prix\/#primaryimage"},"thumbnailUrl":"https:\/\/vitablanca.ma\/wp-content\/uploads\/2026\/02\/Gaia-Herbs-Energy-Vitality-60-Capsules3-1.jpg","datePublished":"2026-02-22T23:32:21+00:00","dateModified":"2026-03-02T04:15:36+00:00","description":"Gaia Herbs Energy Vitality, 60 capsules. Formule \u00e0 base de plantes pour soutenir l\u2019\u00e9nergie naturelle et la vitalit\u00e9. Disponible au Maroc.","breadcrumb":{"@id":"https:\/\/vitablanca.ma\/produit\/gaia-herbs-energy-vitality-60-capsules-maroc-prix\/#breadcrumb"},"inLanguage":"en-US","potentialAction":[{"@type":"ReadAction","target":["https:\/\/vitablanca.ma\/produit\/gaia-herbs-energy-vitality-60-capsules-maroc-prix\/"]}]},{"@type":"ImageObject","inLanguage":"en-US","@id":"https:\/\/vitablanca.ma\/produit\/gaia-herbs-energy-vitality-60-capsules-maroc-prix\/#primaryimage","url":"https:\/\/vitablanca.ma\/wp-content\/uploads\/2026\/02\/Gaia-Herbs-Energy-Vitality-60-Capsules3-1.jpg","contentUrl":"https:\/\/vitablanca.ma\/wp-content\/uploads\/2026\/02\/Gaia-Herbs-Energy-Vitality-60-Capsules3-1.jpg","width":1600,"height":1600},{"@type":"BreadcrumbList","@id":"https:\/\/vitablanca.ma\/produit\/gaia-herbs-energy-vitality-60-capsules-maroc-prix\/#breadcrumb","itemListElement":[{"@type":"ListItem","position":1,"name":"Home","item":"https:\/\/vitablanca.ma\/"},{"@type":"ListItem","position":2,"name":"Tous Les Produits","item":"https:\/\/vitablanca.ma\/tous-les-produits\/"},{"@type":"ListItem","position":3,"name":"Gaia Herbs Energy Vitality 60 Capsules"}]},{"@type":"WebSite","@id":"https:\/\/vitablanca.ma\/#website","url":"https:\/\/vitablanca.ma\/","name":"VitaBlanca.ma | Food supplements, health &amp; beauty in Morocco","description":"sell premium vitamins and supplements from USA &amp; Canada, New Zealand, Morocco (NOW Foods, Solgar, Manuka). Fast delivery anywhere in Morocco.","publisher":{"@id":"https:\/\/vitablanca.ma\/#organization"},"alternateName":"VitaBlanca.ma","potentialAction":[{"@type":"SearchAction","target":{"@type":"EntryPoint","urlTemplate":"https:\/\/vitablanca.ma\/?s={search_term_string}"},"query-input":{"@type":"PropertyValueSpecification","valueRequired":true,"valueName":"search_term_string"}}],"inLanguage":"en-US"},{"@type":"Organization","@id":"https:\/\/vitablanca.ma\/#organization","name":"VitaBlanca","url":"https:\/\/vitablanca.ma\/","logo":{"@type":"ImageObject","inLanguage":"en-US","@id":"https:\/\/vitablanca.ma\/#\/schema\/logo\/image\/","url":"https:\/\/vitablanca.ma\/wp-content\/uploads\/2025\/05\/cropped-vitablanca.png","contentUrl":"https:\/\/vitablanca.ma\/wp-content\/uploads\/2025\/05\/cropped-vitablanca.png","width":360,"height":67,"caption":"VitaBlanca"},"image":{"@id":"https:\/\/vitablanca.ma\/#\/schema\/logo\/image\/"},"sameAs":["https:\/\/www.facebook.com\/profile.php?id=61576678196717","https:\/\/www.tiktok.com\/@vitablanca.ma","https:\/\/www.instagram.com\/vitablanca.ma\/"]}]}},"jetpack_sharing_enabled":true,"_links":{"self":[{"href":"https:\/\/vitablanca.ma\/en\/wp-json\/wp\/v2\/product\/30273","targetHints":{"allow":["GET"]}}],"collection":[{"href":"https:\/\/vitablanca.ma\/en\/wp-json\/wp\/v2\/product"}],"about":[{"href":"https:\/\/vitablanca.ma\/en\/wp-json\/wp\/v2\/types\/product"}],"wp:featuredmedia":[{"embeddable":true,"href":"https:\/\/vitablanca.ma\/en\/wp-json\/wp\/v2\/media\/30275"}],"wp:attachment":[{"href":"https:\/\/vitablanca.ma\/en\/wp-json\/wp\/v2\/media?parent=30273"}],"wp:term":[{"taxonomy":"product_brand","embeddable":true,"href":"https:\/\/vitablanca.ma\/en\/wp-json\/wp\/v2\/product_brand?post=30273"},{"taxonomy":"product_cat","embeddable":true,"href":"https:\/\/vitablanca.ma\/en\/wp-json\/wp\/v2\/product_cat?post=30273"},{"taxonomy":"product_tag","embeddable":true,"href":"https:\/\/vitablanca.ma\/en\/wp-json\/wp\/v2\/product_tag?post=30273"}],"curies":[{"name":"wp","href":"https:\/\/api.w.org\/{rel}","templated":true}]}}