{"id":30238,"date":"2026-02-21T19:50:06","date_gmt":"2026-02-21T19:50:06","guid":{"rendered":"https:\/\/vitablanca.ma\/?post_type=product&#038;p=30238"},"modified":"2026-03-02T04:15:37","modified_gmt":"2026-03-02T04:15:37","slug":"source-naturals-magnesium-glycinate-120-tablets-maroc-prix","status":"publish","type":"product","link":"https:\/\/vitablanca.ma\/en\/product\/source-naturals-magnesium-glycinate-120-tablets-maroc-prix\/","title":{"rendered":"Source Naturals, Magnesium Glycinate, 120 tablets"},"content":{"rendered":"<p><strong>Food supplement<\/strong><\/p>\n<p>Favorise l&rsquo;\u00e9nergie calme et un soutien osseux et cardiaque<\/p>\n<p>Le magn\u00e9sium est l&rsquo;un des min\u00e9raux les plus importants du corps, mais environ 75 % des Am\u00e9ricains souffrent d\u2019une carence en magn\u00e9sium. Le magn\u00e9sium joue un r\u00f4le cl\u00e9 dans plus de 300 r\u00e9actions enzymatiques, notamment dans le soutien des processus cardiovasculaires, osseux, musculaires, \u00e9nerg\u00e9tiques et des neurotransmetteurs. Le magn\u00e9sium de Source Naturals est li\u00e9 (\u201cch\u00e9lat\u00e9\u201d) \u00e0 la glycine, un acide amin\u00e9. La combinaison de bisglycinates de magn\u00e9sium permet une absorption efficace, le glycinat permettant au magn\u00e9sium de se transf\u00e9rer facilement \u00e0 travers la paroi intestinale. Une absorption accrue se traduit par une plus grande quantit\u00e9 de magn\u00e9sium utilisable pour les besoins de votre organisme.<\/p>\n<p><strong>Suggested Use<\/strong><\/p>\n<p>2 comprim\u00e9s deux fois par jour.<\/p>","protected":false},"excerpt":{"rendered":"<ul>\n<li data-start=\"822\" data-end=\"858\">\n<p data-start=\"824\" data-end=\"858\">Forme glycinate haute absorption<\/p>\n<\/li>\n<li data-start=\"859\" data-end=\"896\">\n<p data-start=\"861\" data-end=\"896\">Soutient la relaxation musculaire<\/p>\n<\/li>\n<li data-start=\"897\" data-end=\"940\">\n<p data-start=\"899\" data-end=\"940\">Contribue \u00e0 la sant\u00e9 du syst\u00e8me nerveux<\/p>\n<\/li>\n<li data-start=\"941\" data-end=\"970\">\n<p data-start=\"943\" data-end=\"970\">Helps reduce fatigue<\/p>\n<\/li>\n<li data-start=\"971\" data-end=\"1006\" data-is-last-node=\"\">\n<p data-start=\"973\" data-end=\"1006\" data-is-last-node=\"\">120 comprim\u00e9s pour usage prolong\u00e9<\/p>\n<\/li>\n<\/ul>","protected":false},"featured_media":30241,"template":"","meta":{"om_disable_all_campaigns":false},"product_brand":[405],"product_cat":[18,297,3366,176,163,19],"product_tag":[4271,181,2181,178,238,3492,8920,1742,406,226],"class_list":{"0":"post-30238","1":"product","2":"type-product","3":"status-publish","4":"has-post-thumbnail","6":"product_brand-source-naturals-prix-maroc","7":"product_cat-beaute-sante","8":"product_cat-citrate-de-magnesium","9":"product_cat-complements-alimentaires-au-maroc-vitablanca","10":"product_cat-magnesium","11":"product_cat-mineraux","12":"product_cat-vitamines-supplements-dietetiques","13":"product_tag-120-comprimes","14":"product_tag-complement-alimentaire","15":"product_tag-haute-absorption","16":"product_tag-magnesium","17":"product_tag-magnesium-glycinate","18":"product_tag-maroc","19":"product_tag-muscles","20":"product_tag-relaxation","21":"product_tag-source-naturals","22":"product_tag-systeme-nerveux","24":"first","25":"instock","26":"sale","27":"taxable","28":"shipping-taxable","29":"purchasable","30":"product-type-simple"},"yoast_head":"<!-- This site is optimized with the Yoast SEO plugin v27.4 - https:\/\/yoast.com\/product\/yoast-seo-wordpress\/ -->\n<title>Source Naturals Magnesium Glycinate 120 Comprim\u00e9 \u2013 Maroc Prix<\/title>\n<meta name=\"description\" content=\"Source Naturals Magnesium Glycinate, 120 comprim\u00e9s. Magn\u00e9sium haute absorption pour la relaxation, les muscles et le syst\u00e8me nerveux. Disponible au Maroc.\" \/>\n<meta name=\"robots\" content=\"index, follow, max-snippet:-1, max-image-preview:large, max-video-preview:-1\" \/>\n<link rel=\"canonical\" href=\"https:\/\/vitablanca.ma\/en\/product\/source-naturals-magnesium-glycinate-120-tablets-maroc-prix\/\" \/>\n<meta property=\"og:locale\" content=\"en_US\" \/>\n<meta property=\"og:type\" content=\"article\" \/>\n<meta property=\"og:title\" content=\"Source Naturals Magnesium Glycinate 120 Comprim\u00e9 \u2013 Maroc Prix\" \/>\n<meta property=\"og:description\" content=\"Source Naturals Magnesium Glycinate, 120 comprim\u00e9s. Magn\u00e9sium haute absorption pour la relaxation, les muscles et le syst\u00e8me nerveux. Disponible au Maroc.\" \/>\n<meta property=\"og:url\" content=\"https:\/\/vitablanca.ma\/en\/product\/source-naturals-magnesium-glycinate-120-tablets-maroc-prix\/\" \/>\n<meta property=\"og:site_name\" content=\"Vitablanca.ma &ndash; Sant&eacute;, vitalit&eacute; et bien-&ecirc;tre pour tous les Marocains\" \/>\n<meta property=\"article:publisher\" content=\"https:\/\/www.facebook.com\/profile.php?id=61576678196717\" \/>\n<meta property=\"article:modified_time\" content=\"2026-03-02T04:15:37+00:00\" \/>\n<meta property=\"og:image\" content=\"https:\/\/vitablanca.ma\/wp-content\/uploads\/2026\/02\/Source-Naturals-Magnesium-Glycinate-120-tablets1-1.jpg\" \/>\n\t<meta property=\"og:image:width\" content=\"680\" \/>\n\t<meta property=\"og:image:height\" content=\"680\" \/>\n\t<meta property=\"og:image:type\" content=\"image\/jpeg\" \/>\n<meta name=\"twitter:card\" content=\"summary_large_image\" \/>\n<meta name=\"twitter:label1\" content=\"Est. reading time\" \/>\n\t<meta name=\"twitter:data1\" content=\"1 minute\" \/>\n<script type=\"application\/ld+json\" class=\"yoast-schema-graph\">{\"@context\":\"https:\\\/\\\/schema.org\",\"@graph\":[{\"@type\":[\"WebPage\",\"ItemPage\"],\"@id\":\"https:\\\/\\\/vitablanca.ma\\\/produit\\\/source-naturals-magnesium-glycinate-120-tablets-maroc-prix\\\/\",\"url\":\"https:\\\/\\\/vitablanca.ma\\\/produit\\\/source-naturals-magnesium-glycinate-120-tablets-maroc-prix\\\/\",\"name\":\"Source Naturals Magnesium Glycinate 120 Comprim\u00e9 \u2013 Maroc Prix\",\"isPartOf\":{\"@id\":\"https:\\\/\\\/vitablanca.ma\\\/#website\"},\"primaryImageOfPage\":{\"@id\":\"https:\\\/\\\/vitablanca.ma\\\/produit\\\/source-naturals-magnesium-glycinate-120-tablets-maroc-prix\\\/#primaryimage\"},\"image\":{\"@id\":\"https:\\\/\\\/vitablanca.ma\\\/produit\\\/source-naturals-magnesium-glycinate-120-tablets-maroc-prix\\\/#primaryimage\"},\"thumbnailUrl\":\"https:\\\/\\\/vitablanca.ma\\\/wp-content\\\/uploads\\\/2026\\\/02\\\/Source-Naturals-Magnesium-Glycinate-120-tablets1-1.jpg\",\"datePublished\":\"2026-02-21T19:50:06+00:00\",\"dateModified\":\"2026-03-02T04:15:37+00:00\",\"description\":\"Source Naturals Magnesium Glycinate, 120 comprim\u00e9s. Magn\u00e9sium haute absorption pour la relaxation, les muscles et le syst\u00e8me nerveux. Disponible au Maroc.\",\"breadcrumb\":{\"@id\":\"https:\\\/\\\/vitablanca.ma\\\/produit\\\/source-naturals-magnesium-glycinate-120-tablets-maroc-prix\\\/#breadcrumb\"},\"inLanguage\":\"en-US\",\"potentialAction\":[{\"@type\":\"ReadAction\",\"target\":[\"https:\\\/\\\/vitablanca.ma\\\/produit\\\/source-naturals-magnesium-glycinate-120-tablets-maroc-prix\\\/\"]}]},{\"@type\":\"ImageObject\",\"inLanguage\":\"en-US\",\"@id\":\"https:\\\/\\\/vitablanca.ma\\\/produit\\\/source-naturals-magnesium-glycinate-120-tablets-maroc-prix\\\/#primaryimage\",\"url\":\"https:\\\/\\\/vitablanca.ma\\\/wp-content\\\/uploads\\\/2026\\\/02\\\/Source-Naturals-Magnesium-Glycinate-120-tablets1-1.jpg\",\"contentUrl\":\"https:\\\/\\\/vitablanca.ma\\\/wp-content\\\/uploads\\\/2026\\\/02\\\/Source-Naturals-Magnesium-Glycinate-120-tablets1-1.jpg\",\"width\":680,\"height\":680},{\"@type\":\"BreadcrumbList\",\"@id\":\"https:\\\/\\\/vitablanca.ma\\\/produit\\\/source-naturals-magnesium-glycinate-120-tablets-maroc-prix\\\/#breadcrumb\",\"itemListElement\":[{\"@type\":\"ListItem\",\"position\":1,\"name\":\"Home\",\"item\":\"https:\\\/\\\/vitablanca.ma\\\/\"},{\"@type\":\"ListItem\",\"position\":2,\"name\":\"Tous Les Produits\",\"item\":\"https:\\\/\\\/vitablanca.ma\\\/tous-les-produits\\\/\"},{\"@type\":\"ListItem\",\"position\":3,\"name\":\"Source Naturals, Magnesium Glycinate, 120 tablets\"}]},{\"@type\":\"WebSite\",\"@id\":\"https:\\\/\\\/vitablanca.ma\\\/#website\",\"url\":\"https:\\\/\\\/vitablanca.ma\\\/\",\"name\":\"VitaBlanca.ma | Compl\u00e9ments alimentaires, sant\u00e9 & beaut\u00e9 au Maroc\",\"description\":\"vendre vitamines et compl\u00e9ments premium des USA &amp; Canada, Nouvelle Z\u00e9lande,Maroc (NOW Foods, Solgar, Manuka). Livraison rapide partout au Maroc.\",\"publisher\":{\"@id\":\"https:\\\/\\\/vitablanca.ma\\\/#organization\"},\"alternateName\":\"VitaBlanca.ma\",\"potentialAction\":[{\"@type\":\"SearchAction\",\"target\":{\"@type\":\"EntryPoint\",\"urlTemplate\":\"https:\\\/\\\/vitablanca.ma\\\/?s={search_term_string}\"},\"query-input\":{\"@type\":\"PropertyValueSpecification\",\"valueRequired\":true,\"valueName\":\"search_term_string\"}}],\"inLanguage\":\"en-US\"},{\"@type\":\"Organization\",\"@id\":\"https:\\\/\\\/vitablanca.ma\\\/#organization\",\"name\":\"VitaBlanca\",\"url\":\"https:\\\/\\\/vitablanca.ma\\\/\",\"logo\":{\"@type\":\"ImageObject\",\"inLanguage\":\"en-US\",\"@id\":\"https:\\\/\\\/vitablanca.ma\\\/#\\\/schema\\\/logo\\\/image\\\/\",\"url\":\"https:\\\/\\\/vitablanca.ma\\\/wp-content\\\/uploads\\\/2025\\\/05\\\/cropped-vitablanca.png\",\"contentUrl\":\"https:\\\/\\\/vitablanca.ma\\\/wp-content\\\/uploads\\\/2025\\\/05\\\/cropped-vitablanca.png\",\"width\":360,\"height\":67,\"caption\":\"VitaBlanca\"},\"image\":{\"@id\":\"https:\\\/\\\/vitablanca.ma\\\/#\\\/schema\\\/logo\\\/image\\\/\"},\"sameAs\":[\"https:\\\/\\\/www.facebook.com\\\/profile.php?id=61576678196717\",\"https:\\\/\\\/www.tiktok.com\\\/@vitablanca.ma\",\"https:\\\/\\\/www.instagram.com\\\/vitablanca.ma\\\/\"]}]}<\/script>\n<!-- \/ Yoast SEO plugin. -->","yoast_head_json":{"title":"Source Naturals Magnesium Glycinate 120 Comprim\u00e9 \u2013 Maroc Prix","description":"Source Naturals Magnesium Glycinate, 120 comprim\u00e9s. Magn\u00e9sium haute absorption pour la relaxation, les muscles et le syst\u00e8me nerveux. Disponible au Maroc.","robots":{"index":"index","follow":"follow","max-snippet":"max-snippet:-1","max-image-preview":"max-image-preview:large","max-video-preview":"max-video-preview:-1"},"canonical":"https:\/\/vitablanca.ma\/en\/product\/source-naturals-magnesium-glycinate-120-tablets-maroc-prix\/","og_locale":"en_US","og_type":"article","og_title":"Source Naturals Magnesium Glycinate 120 Comprim\u00e9 \u2013 Maroc Prix","og_description":"Source Naturals Magnesium Glycinate, 120 comprim\u00e9s. Magn\u00e9sium haute absorption pour la relaxation, les muscles et le syst\u00e8me nerveux. Disponible au Maroc.","og_url":"https:\/\/vitablanca.ma\/en\/product\/source-naturals-magnesium-glycinate-120-tablets-maroc-prix\/","og_site_name":"Vitablanca.ma &ndash; Sant&eacute;, vitalit&eacute; et bien-&ecirc;tre pour tous les Marocains","article_publisher":"https:\/\/www.facebook.com\/profile.php?id=61576678196717","article_modified_time":"2026-03-02T04:15:37+00:00","og_image":[{"width":680,"height":680,"url":"https:\/\/vitablanca.ma\/wp-content\/uploads\/2026\/02\/Source-Naturals-Magnesium-Glycinate-120-tablets1-1.jpg","type":"image\/jpeg"}],"twitter_card":"summary_large_image","twitter_misc":{"Est. reading time":"1 minute"},"schema":{"@context":"https:\/\/schema.org","@graph":[{"@type":["WebPage","ItemPage"],"@id":"https:\/\/vitablanca.ma\/produit\/source-naturals-magnesium-glycinate-120-tablets-maroc-prix\/","url":"https:\/\/vitablanca.ma\/produit\/source-naturals-magnesium-glycinate-120-tablets-maroc-prix\/","name":"Source Naturals Magnesium Glycinate 120 Comprim\u00e9 \u2013 Maroc Prix","isPartOf":{"@id":"https:\/\/vitablanca.ma\/#website"},"primaryImageOfPage":{"@id":"https:\/\/vitablanca.ma\/produit\/source-naturals-magnesium-glycinate-120-tablets-maroc-prix\/#primaryimage"},"image":{"@id":"https:\/\/vitablanca.ma\/produit\/source-naturals-magnesium-glycinate-120-tablets-maroc-prix\/#primaryimage"},"thumbnailUrl":"https:\/\/vitablanca.ma\/wp-content\/uploads\/2026\/02\/Source-Naturals-Magnesium-Glycinate-120-tablets1-1.jpg","datePublished":"2026-02-21T19:50:06+00:00","dateModified":"2026-03-02T04:15:37+00:00","description":"Source Naturals Magnesium Glycinate, 120 comprim\u00e9s. Magn\u00e9sium haute absorption pour la relaxation, les muscles et le syst\u00e8me nerveux. Disponible au Maroc.","breadcrumb":{"@id":"https:\/\/vitablanca.ma\/produit\/source-naturals-magnesium-glycinate-120-tablets-maroc-prix\/#breadcrumb"},"inLanguage":"en-US","potentialAction":[{"@type":"ReadAction","target":["https:\/\/vitablanca.ma\/produit\/source-naturals-magnesium-glycinate-120-tablets-maroc-prix\/"]}]},{"@type":"ImageObject","inLanguage":"en-US","@id":"https:\/\/vitablanca.ma\/produit\/source-naturals-magnesium-glycinate-120-tablets-maroc-prix\/#primaryimage","url":"https:\/\/vitablanca.ma\/wp-content\/uploads\/2026\/02\/Source-Naturals-Magnesium-Glycinate-120-tablets1-1.jpg","contentUrl":"https:\/\/vitablanca.ma\/wp-content\/uploads\/2026\/02\/Source-Naturals-Magnesium-Glycinate-120-tablets1-1.jpg","width":680,"height":680},{"@type":"BreadcrumbList","@id":"https:\/\/vitablanca.ma\/produit\/source-naturals-magnesium-glycinate-120-tablets-maroc-prix\/#breadcrumb","itemListElement":[{"@type":"ListItem","position":1,"name":"Home","item":"https:\/\/vitablanca.ma\/"},{"@type":"ListItem","position":2,"name":"Tous Les Produits","item":"https:\/\/vitablanca.ma\/tous-les-produits\/"},{"@type":"ListItem","position":3,"name":"Source Naturals, Magnesium Glycinate, 120 tablets"}]},{"@type":"WebSite","@id":"https:\/\/vitablanca.ma\/#website","url":"https:\/\/vitablanca.ma\/","name":"VitaBlanca.ma | Food supplements, health &amp; beauty in Morocco","description":"sell premium vitamins and supplements from USA &amp; Canada, New Zealand, Morocco (NOW Foods, Solgar, Manuka). Fast delivery anywhere in Morocco.","publisher":{"@id":"https:\/\/vitablanca.ma\/#organization"},"alternateName":"VitaBlanca.ma","potentialAction":[{"@type":"SearchAction","target":{"@type":"EntryPoint","urlTemplate":"https:\/\/vitablanca.ma\/?s={search_term_string}"},"query-input":{"@type":"PropertyValueSpecification","valueRequired":true,"valueName":"search_term_string"}}],"inLanguage":"en-US"},{"@type":"Organization","@id":"https:\/\/vitablanca.ma\/#organization","name":"VitaBlanca","url":"https:\/\/vitablanca.ma\/","logo":{"@type":"ImageObject","inLanguage":"en-US","@id":"https:\/\/vitablanca.ma\/#\/schema\/logo\/image\/","url":"https:\/\/vitablanca.ma\/wp-content\/uploads\/2025\/05\/cropped-vitablanca.png","contentUrl":"https:\/\/vitablanca.ma\/wp-content\/uploads\/2025\/05\/cropped-vitablanca.png","width":360,"height":67,"caption":"VitaBlanca"},"image":{"@id":"https:\/\/vitablanca.ma\/#\/schema\/logo\/image\/"},"sameAs":["https:\/\/www.facebook.com\/profile.php?id=61576678196717","https:\/\/www.tiktok.com\/@vitablanca.ma","https:\/\/www.instagram.com\/vitablanca.ma\/"]}]}},"jetpack_sharing_enabled":true,"_links":{"self":[{"href":"https:\/\/vitablanca.ma\/en\/wp-json\/wp\/v2\/product\/30238","targetHints":{"allow":["GET"]}}],"collection":[{"href":"https:\/\/vitablanca.ma\/en\/wp-json\/wp\/v2\/product"}],"about":[{"href":"https:\/\/vitablanca.ma\/en\/wp-json\/wp\/v2\/types\/product"}],"wp:featuredmedia":[{"embeddable":true,"href":"https:\/\/vitablanca.ma\/en\/wp-json\/wp\/v2\/media\/30241"}],"wp:attachment":[{"href":"https:\/\/vitablanca.ma\/en\/wp-json\/wp\/v2\/media?parent=30238"}],"wp:term":[{"taxonomy":"product_brand","embeddable":true,"href":"https:\/\/vitablanca.ma\/en\/wp-json\/wp\/v2\/product_brand?post=30238"},{"taxonomy":"product_cat","embeddable":true,"href":"https:\/\/vitablanca.ma\/en\/wp-json\/wp\/v2\/product_cat?post=30238"},{"taxonomy":"product_tag","embeddable":true,"href":"https:\/\/vitablanca.ma\/en\/wp-json\/wp\/v2\/product_tag?post=30238"}],"curies":[{"name":"wp","href":"https:\/\/api.w.org\/{rel}","templated":true}]}}