{"id":30221,"date":"2026-02-21T15:07:52","date_gmt":"2026-02-21T15:07:52","guid":{"rendered":"https:\/\/vitablanca.ma\/?post_type=product&#038;p=30221"},"modified":"2026-03-02T04:15:37","modified_gmt":"2026-03-02T04:15:37","slug":"life-extension-womens-health-estrogen-for-women-30-vegetarian-tablets-maroc-prix","status":"publish","type":"product","link":"https:\/\/vitablanca.ma\/en\/product\/life-extension-womens-health-estrogen-for-women-30-vegetarian-tablets-maroc-prix\/","title":{"rendered":"Life Extension Women&rsquo;s Health, Estrogen for Women, 30 Vegetarian Tablets"},"content":{"rendered":"<p>Gluten free<br \/>\nSans OGM, certifi\u00e9e LE<br \/>\nContient des isoflavones de soja et des extraits d\u2019ang\u00e9lique de Chine et de baie de gattilier<br \/>\nFood supplement<br \/>\n\u0152strog\u00e8nes pour femmes\u2021<br \/>\nCe compl\u00e9ment \u00e0 base de plantes est formul\u00e9 avec de l\u2019\u00e9pic\u00e9a commun HMRlignan pour soutenir la sant\u00e9 des femmes et soulager les bouff\u00e9es de chaleur et les sueurs nocturnes fr\u00e9quentes pendant la m\u00e9nopause.<\/p>\n<p><strong>Qu\u2019est-ce que \u0152strog\u00e8nes pour femmes ?<\/strong><br \/>\nLa formule \u0152strog\u00e8nes pour femmes d\u2019origine v\u00e9g\u00e9tale a \u00e9t\u00e9 con\u00e7ue pour aider \u00e0 soulager les bouff\u00e9es de chaleur fr\u00e9quentes pendant la m\u00e9nopause et \u00e0 favoriser la sant\u00e9 des femmes. Elle fournit des isoflavones de soja et d\u2019autres plantes telles que des lignanes d\u2019\u00e9pic\u00e9a commun, des extraits de brocoli, de r\u00e9glisse, de gattilier et d\u2019ang\u00e9lique de Chine, le tout dans un seul comprim\u00e9.<br \/>\nLes lignanes d\u2019\u00e9pic\u00e9a commun de notre formule \u0152strog\u00e8nes pour femmes aident \u00e0 soulager les inconforts courants li\u00e9s \u00e0 la m\u00e9nopause, tels que les bouff\u00e9es de chaleur et les sueurs nocturnes.<br \/>\nBienfaits de la formule \u0152strog\u00e8nes pour femmes<br \/>\nAide \u00e0 \u00e9liminer les bouff\u00e9es de chaleur et les sueurs nocturnes<br \/>\nFavorise la sant\u00e9 f\u00e9minine gr\u00e2ce \u00e0 une formule v\u00e9g\u00e9tarienne sans hormones<br \/>\nFournit des phytonutriments v\u00e9g\u00e9taux issus d\u2019\u00e9pic\u00e9a commun, de brocoli, de r\u00e9glisse, de gattilier, d\u2019ang\u00e9lique de Chine et d\u2019autres encore<\/p>\n<p><strong>Suggested Use<\/strong><br \/>\nLisez l\u2019\u00e9tiquette dans son int\u00e9gralit\u00e9 et suivez attentivement les instructions.<br \/>\nPrenez un (1) comprim\u00e9 le matin ou suivez les recommandations d\u2019un professionnel de la sant\u00e9.<\/p>","protected":false},"excerpt":{"rendered":"<ul>\n<li>Gluten free<\/li>\n<li>Sans OGM, certifi\u00e9e\u00a0LE<\/li>\n<li>Contient des isoflavones de soja et des extraits d&rsquo;ang\u00e9lique de Chine et de baie de gattilier<\/li>\n<li>Food supplement<\/li>\n<li>\u0152strog\u00e8nes pour femmes\u2021<\/li>\n<\/ul>","protected":false},"featured_media":30223,"template":"","meta":{"om_disable_all_campaigns":false},"product_brand":[283],"product_cat":[18,3366,130,19],"product_tag":[345,1699,181,9865,9863,285,3492,4931,9864,9862],"class_list":{"0":"post-30221","1":"product","2":"type-product","3":"status-publish","4":"has-post-thumbnail","6":"product_brand-life-extension-maroc-prix","7":"product_cat-beaute-sante","8":"product_cat-complements-alimentaires-au-maroc-vitablanca","9":"product_cat-vitamines","10":"product_cat-vitamines-supplements-dietetiques","11":"product_tag-equilibre-hormonal","12":"product_tag-bien-etre","13":"product_tag-complement-alimentaire","14":"product_tag-comprimes-vegetariens","15":"product_tag-estrogen-for-women","16":"product_tag-life-extension","17":"product_tag-maroc","18":"product_tag-menopause","19":"product_tag-sante-feminine","20":"product_tag-womens-health","22":"first","23":"instock","24":"sale","25":"taxable","26":"shipping-taxable","27":"purchasable","28":"product-type-simple"},"yoast_head":"<!-- This site is optimized with the Yoast SEO plugin v27.5 - https:\/\/yoast.com\/product\/yoast-seo-wordpress\/ -->\n<title>Life Extension Estrogen for Women 30 Comprim\u00e9s \u2013 Maroc Prix<\/title>\n<meta name=\"description\" content=\"Life Extension Women\u2019s Health Estrogen for Women, 30 comprim\u00e9s v\u00e9g\u00e9tariens. Soutient l\u2019\u00e9quilibre hormonal et le bien-\u00eatre f\u00e9minin. Disponible au Maroc.\" \/>\n<meta name=\"robots\" content=\"index, follow, max-snippet:-1, max-image-preview:large, max-video-preview:-1\" \/>\n<link rel=\"canonical\" href=\"https:\/\/vitablanca.ma\/en\/product\/life-extension-womens-health-estrogen-for-women-30-vegetarian-tablets-maroc-prix\/\" \/>\n<meta property=\"og:locale\" content=\"en_US\" \/>\n<meta property=\"og:type\" content=\"article\" \/>\n<meta property=\"og:title\" content=\"Life Extension Estrogen for Women 30 Comprim\u00e9s \u2013 Maroc Prix\" \/>\n<meta property=\"og:description\" content=\"Life Extension Women\u2019s Health Estrogen for Women, 30 comprim\u00e9s v\u00e9g\u00e9tariens. Soutient l\u2019\u00e9quilibre hormonal et le bien-\u00eatre f\u00e9minin. Disponible au Maroc.\" \/>\n<meta property=\"og:url\" content=\"https:\/\/vitablanca.ma\/en\/product\/life-extension-womens-health-estrogen-for-women-30-vegetarian-tablets-maroc-prix\/\" \/>\n<meta property=\"og:site_name\" content=\"Vitablanca.ma &ndash; Sant&eacute;, vitalit&eacute; et bien-&ecirc;tre pour tous les Marocains\" \/>\n<meta property=\"article:publisher\" content=\"https:\/\/www.facebook.com\/profile.php?id=61576678196717\" \/>\n<meta property=\"article:modified_time\" content=\"2026-03-02T04:15:37+00:00\" \/>\n<meta property=\"og:image\" content=\"https:\/\/vitablanca.ma\/wp-content\/uploads\/2026\/02\/Life-Extension-Womens-Health-Estrogen-for-Women-30-Vegetarian-Tablets1-1.jpg\" \/>\n\t<meta property=\"og:image:width\" content=\"680\" \/>\n\t<meta property=\"og:image:height\" content=\"680\" \/>\n\t<meta property=\"og:image:type\" content=\"image\/jpeg\" \/>\n<meta name=\"twitter:card\" content=\"summary_large_image\" \/>\n<meta name=\"twitter:label1\" content=\"Est. reading time\" \/>\n\t<meta name=\"twitter:data1\" content=\"2 minutes\" \/>\n<script type=\"application\/ld+json\" class=\"yoast-schema-graph\">{\"@context\":\"https:\\\/\\\/schema.org\",\"@graph\":[{\"@type\":[\"WebPage\",\"ItemPage\"],\"@id\":\"https:\\\/\\\/vitablanca.ma\\\/produit\\\/life-extension-womens-health-estrogen-for-women-30-vegetarian-tablets-maroc-prix\\\/\",\"url\":\"https:\\\/\\\/vitablanca.ma\\\/produit\\\/life-extension-womens-health-estrogen-for-women-30-vegetarian-tablets-maroc-prix\\\/\",\"name\":\"Life Extension Estrogen for Women 30 Comprim\u00e9s \u2013 Maroc Prix\",\"isPartOf\":{\"@id\":\"https:\\\/\\\/vitablanca.ma\\\/#website\"},\"primaryImageOfPage\":{\"@id\":\"https:\\\/\\\/vitablanca.ma\\\/produit\\\/life-extension-womens-health-estrogen-for-women-30-vegetarian-tablets-maroc-prix\\\/#primaryimage\"},\"image\":{\"@id\":\"https:\\\/\\\/vitablanca.ma\\\/produit\\\/life-extension-womens-health-estrogen-for-women-30-vegetarian-tablets-maroc-prix\\\/#primaryimage\"},\"thumbnailUrl\":\"https:\\\/\\\/vitablanca.ma\\\/wp-content\\\/uploads\\\/2026\\\/02\\\/Life-Extension-Womens-Health-Estrogen-for-Women-30-Vegetarian-Tablets1-1.jpg\",\"datePublished\":\"2026-02-21T15:07:52+00:00\",\"dateModified\":\"2026-03-02T04:15:37+00:00\",\"description\":\"Life Extension Women\u2019s Health Estrogen for Women, 30 comprim\u00e9s v\u00e9g\u00e9tariens. Soutient l\u2019\u00e9quilibre hormonal et le bien-\u00eatre f\u00e9minin. Disponible au Maroc.\",\"breadcrumb\":{\"@id\":\"https:\\\/\\\/vitablanca.ma\\\/produit\\\/life-extension-womens-health-estrogen-for-women-30-vegetarian-tablets-maroc-prix\\\/#breadcrumb\"},\"inLanguage\":\"en-US\",\"potentialAction\":[{\"@type\":\"ReadAction\",\"target\":[\"https:\\\/\\\/vitablanca.ma\\\/produit\\\/life-extension-womens-health-estrogen-for-women-30-vegetarian-tablets-maroc-prix\\\/\"]}]},{\"@type\":\"ImageObject\",\"inLanguage\":\"en-US\",\"@id\":\"https:\\\/\\\/vitablanca.ma\\\/produit\\\/life-extension-womens-health-estrogen-for-women-30-vegetarian-tablets-maroc-prix\\\/#primaryimage\",\"url\":\"https:\\\/\\\/vitablanca.ma\\\/wp-content\\\/uploads\\\/2026\\\/02\\\/Life-Extension-Womens-Health-Estrogen-for-Women-30-Vegetarian-Tablets1-1.jpg\",\"contentUrl\":\"https:\\\/\\\/vitablanca.ma\\\/wp-content\\\/uploads\\\/2026\\\/02\\\/Life-Extension-Womens-Health-Estrogen-for-Women-30-Vegetarian-Tablets1-1.jpg\",\"width\":680,\"height\":680},{\"@type\":\"BreadcrumbList\",\"@id\":\"https:\\\/\\\/vitablanca.ma\\\/produit\\\/life-extension-womens-health-estrogen-for-women-30-vegetarian-tablets-maroc-prix\\\/#breadcrumb\",\"itemListElement\":[{\"@type\":\"ListItem\",\"position\":1,\"name\":\"Home\",\"item\":\"https:\\\/\\\/vitablanca.ma\\\/\"},{\"@type\":\"ListItem\",\"position\":2,\"name\":\"Tous Les Produits\",\"item\":\"https:\\\/\\\/vitablanca.ma\\\/tous-les-produits\\\/\"},{\"@type\":\"ListItem\",\"position\":3,\"name\":\"Life Extension Women&#8217;s Health, Estrogen for Women, 30 Vegetarian Tablets\"}]},{\"@type\":\"WebSite\",\"@id\":\"https:\\\/\\\/vitablanca.ma\\\/#website\",\"url\":\"https:\\\/\\\/vitablanca.ma\\\/\",\"name\":\"VitaBlanca.ma | Compl\u00e9ments alimentaires, sant\u00e9 & beaut\u00e9 au Maroc\",\"description\":\"vendre vitamines et compl\u00e9ments premium des USA &amp; Canada, Nouvelle Z\u00e9lande,Maroc (NOW Foods, Solgar, Manuka). Livraison rapide partout au Maroc.\",\"publisher\":{\"@id\":\"https:\\\/\\\/vitablanca.ma\\\/#organization\"},\"alternateName\":\"VitaBlanca.ma\",\"potentialAction\":[{\"@type\":\"SearchAction\",\"target\":{\"@type\":\"EntryPoint\",\"urlTemplate\":\"https:\\\/\\\/vitablanca.ma\\\/?s={search_term_string}\"},\"query-input\":{\"@type\":\"PropertyValueSpecification\",\"valueRequired\":true,\"valueName\":\"search_term_string\"}}],\"inLanguage\":\"en-US\"},{\"@type\":\"Organization\",\"@id\":\"https:\\\/\\\/vitablanca.ma\\\/#organization\",\"name\":\"VitaBlanca\",\"url\":\"https:\\\/\\\/vitablanca.ma\\\/\",\"logo\":{\"@type\":\"ImageObject\",\"inLanguage\":\"en-US\",\"@id\":\"https:\\\/\\\/vitablanca.ma\\\/#\\\/schema\\\/logo\\\/image\\\/\",\"url\":\"https:\\\/\\\/vitablanca.ma\\\/wp-content\\\/uploads\\\/2025\\\/05\\\/cropped-vitablanca.png\",\"contentUrl\":\"https:\\\/\\\/vitablanca.ma\\\/wp-content\\\/uploads\\\/2025\\\/05\\\/cropped-vitablanca.png\",\"width\":360,\"height\":67,\"caption\":\"VitaBlanca\"},\"image\":{\"@id\":\"https:\\\/\\\/vitablanca.ma\\\/#\\\/schema\\\/logo\\\/image\\\/\"},\"sameAs\":[\"https:\\\/\\\/www.facebook.com\\\/profile.php?id=61576678196717\",\"https:\\\/\\\/www.tiktok.com\\\/@vitablanca.ma\",\"https:\\\/\\\/www.instagram.com\\\/vitablanca.ma\\\/\"]}]}<\/script>\n<!-- \/ Yoast SEO plugin. -->","yoast_head_json":{"title":"Life Extension Estrogen for Women 30 Comprim\u00e9s \u2013 Maroc Prix","description":"Life Extension Women\u2019s Health Estrogen for Women, 30 comprim\u00e9s v\u00e9g\u00e9tariens. Soutient l\u2019\u00e9quilibre hormonal et le bien-\u00eatre f\u00e9minin. Disponible au Maroc.","robots":{"index":"index","follow":"follow","max-snippet":"max-snippet:-1","max-image-preview":"max-image-preview:large","max-video-preview":"max-video-preview:-1"},"canonical":"https:\/\/vitablanca.ma\/en\/product\/life-extension-womens-health-estrogen-for-women-30-vegetarian-tablets-maroc-prix\/","og_locale":"en_US","og_type":"article","og_title":"Life Extension Estrogen for Women 30 Comprim\u00e9s \u2013 Maroc Prix","og_description":"Life Extension Women\u2019s Health Estrogen for Women, 30 comprim\u00e9s v\u00e9g\u00e9tariens. Soutient l\u2019\u00e9quilibre hormonal et le bien-\u00eatre f\u00e9minin. Disponible au Maroc.","og_url":"https:\/\/vitablanca.ma\/en\/product\/life-extension-womens-health-estrogen-for-women-30-vegetarian-tablets-maroc-prix\/","og_site_name":"Vitablanca.ma &ndash; Sant&eacute;, vitalit&eacute; et bien-&ecirc;tre pour tous les Marocains","article_publisher":"https:\/\/www.facebook.com\/profile.php?id=61576678196717","article_modified_time":"2026-03-02T04:15:37+00:00","og_image":[{"width":680,"height":680,"url":"https:\/\/vitablanca.ma\/wp-content\/uploads\/2026\/02\/Life-Extension-Womens-Health-Estrogen-for-Women-30-Vegetarian-Tablets1-1.jpg","type":"image\/jpeg"}],"twitter_card":"summary_large_image","twitter_misc":{"Est. reading time":"2 minutes"},"schema":{"@context":"https:\/\/schema.org","@graph":[{"@type":["WebPage","ItemPage"],"@id":"https:\/\/vitablanca.ma\/produit\/life-extension-womens-health-estrogen-for-women-30-vegetarian-tablets-maroc-prix\/","url":"https:\/\/vitablanca.ma\/produit\/life-extension-womens-health-estrogen-for-women-30-vegetarian-tablets-maroc-prix\/","name":"Life Extension Estrogen for Women 30 Comprim\u00e9s \u2013 Maroc Prix","isPartOf":{"@id":"https:\/\/vitablanca.ma\/#website"},"primaryImageOfPage":{"@id":"https:\/\/vitablanca.ma\/produit\/life-extension-womens-health-estrogen-for-women-30-vegetarian-tablets-maroc-prix\/#primaryimage"},"image":{"@id":"https:\/\/vitablanca.ma\/produit\/life-extension-womens-health-estrogen-for-women-30-vegetarian-tablets-maroc-prix\/#primaryimage"},"thumbnailUrl":"https:\/\/vitablanca.ma\/wp-content\/uploads\/2026\/02\/Life-Extension-Womens-Health-Estrogen-for-Women-30-Vegetarian-Tablets1-1.jpg","datePublished":"2026-02-21T15:07:52+00:00","dateModified":"2026-03-02T04:15:37+00:00","description":"Life Extension Women\u2019s Health Estrogen for Women, 30 comprim\u00e9s v\u00e9g\u00e9tariens. Soutient l\u2019\u00e9quilibre hormonal et le bien-\u00eatre f\u00e9minin. Disponible au Maroc.","breadcrumb":{"@id":"https:\/\/vitablanca.ma\/produit\/life-extension-womens-health-estrogen-for-women-30-vegetarian-tablets-maroc-prix\/#breadcrumb"},"inLanguage":"en-US","potentialAction":[{"@type":"ReadAction","target":["https:\/\/vitablanca.ma\/produit\/life-extension-womens-health-estrogen-for-women-30-vegetarian-tablets-maroc-prix\/"]}]},{"@type":"ImageObject","inLanguage":"en-US","@id":"https:\/\/vitablanca.ma\/produit\/life-extension-womens-health-estrogen-for-women-30-vegetarian-tablets-maroc-prix\/#primaryimage","url":"https:\/\/vitablanca.ma\/wp-content\/uploads\/2026\/02\/Life-Extension-Womens-Health-Estrogen-for-Women-30-Vegetarian-Tablets1-1.jpg","contentUrl":"https:\/\/vitablanca.ma\/wp-content\/uploads\/2026\/02\/Life-Extension-Womens-Health-Estrogen-for-Women-30-Vegetarian-Tablets1-1.jpg","width":680,"height":680},{"@type":"BreadcrumbList","@id":"https:\/\/vitablanca.ma\/produit\/life-extension-womens-health-estrogen-for-women-30-vegetarian-tablets-maroc-prix\/#breadcrumb","itemListElement":[{"@type":"ListItem","position":1,"name":"Home","item":"https:\/\/vitablanca.ma\/"},{"@type":"ListItem","position":2,"name":"Tous Les Produits","item":"https:\/\/vitablanca.ma\/tous-les-produits\/"},{"@type":"ListItem","position":3,"name":"Life Extension Women&#8217;s Health, Estrogen for Women, 30 Vegetarian Tablets"}]},{"@type":"WebSite","@id":"https:\/\/vitablanca.ma\/#website","url":"https:\/\/vitablanca.ma\/","name":"VitaBlanca.ma | Food supplements, health &amp; beauty in Morocco","description":"sell premium vitamins and supplements from USA &amp; Canada, New Zealand, Morocco (NOW Foods, Solgar, Manuka). Fast delivery anywhere in Morocco.","publisher":{"@id":"https:\/\/vitablanca.ma\/#organization"},"alternateName":"VitaBlanca.ma","potentialAction":[{"@type":"SearchAction","target":{"@type":"EntryPoint","urlTemplate":"https:\/\/vitablanca.ma\/?s={search_term_string}"},"query-input":{"@type":"PropertyValueSpecification","valueRequired":true,"valueName":"search_term_string"}}],"inLanguage":"en-US"},{"@type":"Organization","@id":"https:\/\/vitablanca.ma\/#organization","name":"VitaBlanca","url":"https:\/\/vitablanca.ma\/","logo":{"@type":"ImageObject","inLanguage":"en-US","@id":"https:\/\/vitablanca.ma\/#\/schema\/logo\/image\/","url":"https:\/\/vitablanca.ma\/wp-content\/uploads\/2025\/05\/cropped-vitablanca.png","contentUrl":"https:\/\/vitablanca.ma\/wp-content\/uploads\/2025\/05\/cropped-vitablanca.png","width":360,"height":67,"caption":"VitaBlanca"},"image":{"@id":"https:\/\/vitablanca.ma\/#\/schema\/logo\/image\/"},"sameAs":["https:\/\/www.facebook.com\/profile.php?id=61576678196717","https:\/\/www.tiktok.com\/@vitablanca.ma","https:\/\/www.instagram.com\/vitablanca.ma\/"]}]}},"jetpack_sharing_enabled":true,"_links":{"self":[{"href":"https:\/\/vitablanca.ma\/en\/wp-json\/wp\/v2\/product\/30221","targetHints":{"allow":["GET"]}}],"collection":[{"href":"https:\/\/vitablanca.ma\/en\/wp-json\/wp\/v2\/product"}],"about":[{"href":"https:\/\/vitablanca.ma\/en\/wp-json\/wp\/v2\/types\/product"}],"wp:featuredmedia":[{"embeddable":true,"href":"https:\/\/vitablanca.ma\/en\/wp-json\/wp\/v2\/media\/30223"}],"wp:attachment":[{"href":"https:\/\/vitablanca.ma\/en\/wp-json\/wp\/v2\/media?parent=30221"}],"wp:term":[{"taxonomy":"product_brand","embeddable":true,"href":"https:\/\/vitablanca.ma\/en\/wp-json\/wp\/v2\/product_brand?post=30221"},{"taxonomy":"product_cat","embeddable":true,"href":"https:\/\/vitablanca.ma\/en\/wp-json\/wp\/v2\/product_cat?post=30221"},{"taxonomy":"product_tag","embeddable":true,"href":"https:\/\/vitablanca.ma\/en\/wp-json\/wp\/v2\/product_tag?post=30221"}],"curies":[{"name":"wp","href":"https:\/\/api.w.org\/{rel}","templated":true}]}}