{"id":30142,"date":"2026-02-18T15:53:40","date_gmt":"2026-02-18T15:53:40","guid":{"rendered":"https:\/\/vitablanca.ma\/?post_type=product&#038;p=30142"},"modified":"2026-03-02T04:15:38","modified_gmt":"2026-03-02T04:15:38","slug":"doctors-best-zinc-bisglycinate-high-absorption-50mg-90-capsules-maroc-prix","status":"publish","type":"product","link":"https:\/\/vitablanca.ma\/en\/product\/doctors-best-zinc-bisglycinate-high-absorption-50mg-90-capsules-maroc-prix\/","title":{"rendered":"Doctor&rsquo;s BEST Zinc bisglycinate high absorption 50mg\/ 90 capsules"},"content":{"rendered":"<div class=\"row item-row\">\n<div class=\"col-xs-24\">\n<div>\n<p id=\"isPasted\">Chez Doctor&rsquo;s\u00a0Best, nous proposons une formule de soutien \u00e0 base de zinc qui est \u00e0 la fois douce et terriblement efficace. Notre formule comprend du ch\u00e9late de bisglycinate de zinc, une forme douce et hautement absorbable de zinc cr\u00e9\u00e9e pour am\u00e9liorer la tol\u00e9rance et la biodisponibilit\u00e9 gr\u00e2ce \u00e0 la ch\u00e9lation avec de la glycine.<\/p>\n<ul>\n<li>Absorption 1,4\u00a0fois sup\u00e9rieure \u00e0 celle des autres formes de zinc.<\/li>\n<li>Dose \u00e0 haute efficacit\u00e9 pour soutenir une fonction immunitaire saine.<\/li>\n<li>Forme sup\u00e9rieure de zinc qui ne fait pas obstacle \u00e0 l&rsquo;absorption des autres min\u00e9raux.<\/li>\n<li>Technologie de ch\u00e9lation TRAACS\u00ae d&rsquo;Albion\u00ae.<\/li>\n<\/ul>\n<\/div>\n<\/div>\n<\/div>\n<div class=\"row item-row\">\n<div class=\"col-xs-24\">\n<h3><strong>Suggested Use<\/strong><\/h3>\n<div class=\"prodOverviewDetail\">\n<p>Prenez 1\u00a0capsule par jour ou suivez les recommandations d&rsquo;un m\u00e9decin expert en nutrition.<\/p>\n<\/div>\n<\/div>\n<\/div>\n<div class=\"row item-row\">\n<div class=\"col-xs-24\">\n<h3><strong>Other ingredients<\/strong><\/h3>\n<div class=\"prodOverviewIngred\">\n<p>Cellulose microcristalline, hypromellose (capsule v\u00e9g\u00e9tarienne), st\u00e9arate de magn\u00e9sium (d&rsquo;origine v\u00e9g\u00e9tale), dioxyde de silicium.<\/p>\n<\/div>\n<\/div>\n<\/div>\n<div class=\"row item-row\">\n<div class=\"col-xs-24\">\n<h3><strong>Warnings<\/strong><\/h3>\n<div class=\"prodOverviewDetail\">\n<p>Store in a cool, dry place.<\/p>\n<table border=\"1\" width=\"100%\" cellspacing=\"0\" cellpadding=\"3\">\n<tbody>\n<tr align=\"left\" valign=\"top\">\n<td colspan=\"3\"><strong>Properties<\/strong><\/td>\n<\/tr>\n<tr align=\"left\" valign=\"top\">\n<td colspan=\"3\"><strong>Serving:\u00a0<\/strong>1\u00a0capsule v\u00e9g\u00e9tale<\/td>\n<\/tr>\n<tr align=\"left\" valign=\"top\">\n<td colspan=\"3\"><strong>Servings per container:\u00a0<\/strong>90<\/td>\n<\/tr>\n<tr align=\"left\" valign=\"top\">\n<td width=\"70%\"><\/td>\n<td width=\"15%\"><strong>Amount per serving<\/strong><\/td>\n<td width=\"15%\"><strong>% daily intake<\/strong><\/td>\n<\/tr>\n<tr align=\"left\" valign=\"top\">\n<td>Zinc (sous forme de ch\u00e9late de bisglycinate de zinc) (Albion\u00ae)<\/td>\n<td>50\u00a0mg<\/td>\n<td>455 %<\/td>\n<\/tr>\n<\/tbody>\n<\/table>\n<\/div>\n<\/div>\n<\/div>","protected":false},"excerpt":{"rendered":"<ul>\n<li>Science-Based\u00a0Nutrition\u2122<\/li>\n<li>Enti\u00e8rement ch\u00e9lat\u00e9<\/li>\n<li>Soutient la fonction immunitaire<\/li>\n<li>Albion\u00a0Minerals\u00ae<\/li>\n<li>Food supplement<\/li>\n<li>GMO-free<\/li>\n<li>Gluten free<\/li>\n<li>Soy-free<\/li>\n<li>Vegan<\/li>\n<\/ul>","protected":false},"featured_media":30143,"template":"","meta":{"om_disable_all_campaigns":false},"product_brand":[1982],"product_cat":[18,8967,3366,9574,163,1992],"product_tag":[9576,4205,181,1983,2181,1780,3492,239,5072,9575],"class_list":{"0":"post-30142","1":"product","2":"type-product","3":"status-publish","4":"has-post-thumbnail","6":"product_brand-doctors-best-maroc-prix","7":"product_cat-beaute-sante","8":"product_cat-complements","9":"product_cat-complements-alimentaires-au-maroc-vitablanca","10":"product_cat-glycinate-de-zinc","11":"product_cat-mineraux","12":"product_cat-zinc-mineraux","13":"product_tag-50-mg","14":"product_tag-90-capsules","15":"product_tag-complement-alimentaire","16":"product_tag-doctors-best","17":"product_tag-haute-absorption","18":"product_tag-immunite","19":"product_tag-maroc","20":"product_tag-mineraux","21":"product_tag-sante-de-la-peau","22":"product_tag-zinc-bisglycinate","24":"first","25":"instock","26":"sale","27":"taxable","28":"shipping-taxable","29":"purchasable","30":"product-type-simple"},"yoast_head":"<!-- This site is optimized with the Yoast SEO plugin v27.4 - https:\/\/yoast.com\/product\/yoast-seo-wordpress\/ -->\n<title>Doctor&#039;s Best Zinc Bisglycinate 50 mg 90 Capsules \u2013 Maroc Prix<\/title>\n<meta name=\"description\" content=\"Doctor&#039;s Best Zinc Bisglycinate 50 mg, 90 capsules. Zinc haute absorption pour soutenir l\u2019immunit\u00e9, la peau et la sant\u00e9 g\u00e9n\u00e9rale. Disponible au Maroc.\" \/>\n<meta name=\"robots\" content=\"index, follow, max-snippet:-1, max-image-preview:large, max-video-preview:-1\" \/>\n<link rel=\"canonical\" href=\"https:\/\/vitablanca.ma\/en\/product\/doctors-best-zinc-bisglycinate-high-absorption-50mg-90-capsules-maroc-prix\/\" \/>\n<meta property=\"og:locale\" content=\"en_US\" \/>\n<meta property=\"og:type\" content=\"article\" \/>\n<meta property=\"og:title\" content=\"Doctor&#039;s Best Zinc Bisglycinate 50 mg 90 Capsules \u2013 Maroc Prix\" \/>\n<meta property=\"og:description\" content=\"Doctor&#039;s Best Zinc Bisglycinate 50 mg, 90 capsules. Zinc haute absorption pour soutenir l\u2019immunit\u00e9, la peau et la sant\u00e9 g\u00e9n\u00e9rale. Disponible au Maroc.\" \/>\n<meta property=\"og:url\" content=\"https:\/\/vitablanca.ma\/en\/product\/doctors-best-zinc-bisglycinate-high-absorption-50mg-90-capsules-maroc-prix\/\" \/>\n<meta property=\"og:site_name\" content=\"Vitablanca.ma &ndash; Sant&eacute;, vitalit&eacute; et bien-&ecirc;tre pour tous les Marocains\" \/>\n<meta property=\"article:publisher\" content=\"https:\/\/www.facebook.com\/profile.php?id=61576678196717\" \/>\n<meta property=\"article:modified_time\" content=\"2026-03-02T04:15:38+00:00\" \/>\n<meta property=\"og:image\" content=\"https:\/\/vitablanca.ma\/wp-content\/uploads\/2026\/02\/40-1.jpg\" \/>\n\t<meta property=\"og:image:width\" content=\"1600\" \/>\n\t<meta property=\"og:image:height\" content=\"1600\" \/>\n\t<meta property=\"og:image:type\" content=\"image\/jpeg\" \/>\n<meta name=\"twitter:card\" content=\"summary_large_image\" \/>\n<meta name=\"twitter:label1\" content=\"Est. reading time\" \/>\n\t<meta name=\"twitter:data1\" content=\"2 minutes\" \/>\n<script type=\"application\/ld+json\" class=\"yoast-schema-graph\">{\"@context\":\"https:\\\/\\\/schema.org\",\"@graph\":[{\"@type\":[\"WebPage\",\"ItemPage\"],\"@id\":\"https:\\\/\\\/vitablanca.ma\\\/produit\\\/doctors-best-zinc-bisglycinate-high-absorption-50mg-90-capsules-maroc-prix\\\/\",\"url\":\"https:\\\/\\\/vitablanca.ma\\\/produit\\\/doctors-best-zinc-bisglycinate-high-absorption-50mg-90-capsules-maroc-prix\\\/\",\"name\":\"Doctor's Best Zinc Bisglycinate 50 mg 90 Capsules \u2013 Maroc Prix\",\"isPartOf\":{\"@id\":\"https:\\\/\\\/vitablanca.ma\\\/#website\"},\"primaryImageOfPage\":{\"@id\":\"https:\\\/\\\/vitablanca.ma\\\/produit\\\/doctors-best-zinc-bisglycinate-high-absorption-50mg-90-capsules-maroc-prix\\\/#primaryimage\"},\"image\":{\"@id\":\"https:\\\/\\\/vitablanca.ma\\\/produit\\\/doctors-best-zinc-bisglycinate-high-absorption-50mg-90-capsules-maroc-prix\\\/#primaryimage\"},\"thumbnailUrl\":\"https:\\\/\\\/vitablanca.ma\\\/wp-content\\\/uploads\\\/2026\\\/02\\\/40-1.jpg\",\"datePublished\":\"2026-02-18T15:53:40+00:00\",\"dateModified\":\"2026-03-02T04:15:38+00:00\",\"description\":\"Doctor's Best Zinc Bisglycinate 50 mg, 90 capsules. Zinc haute absorption pour soutenir l\u2019immunit\u00e9, la peau et la sant\u00e9 g\u00e9n\u00e9rale. Disponible au Maroc.\",\"breadcrumb\":{\"@id\":\"https:\\\/\\\/vitablanca.ma\\\/produit\\\/doctors-best-zinc-bisglycinate-high-absorption-50mg-90-capsules-maroc-prix\\\/#breadcrumb\"},\"inLanguage\":\"en-US\",\"potentialAction\":[{\"@type\":\"ReadAction\",\"target\":[\"https:\\\/\\\/vitablanca.ma\\\/produit\\\/doctors-best-zinc-bisglycinate-high-absorption-50mg-90-capsules-maroc-prix\\\/\"]}]},{\"@type\":\"ImageObject\",\"inLanguage\":\"en-US\",\"@id\":\"https:\\\/\\\/vitablanca.ma\\\/produit\\\/doctors-best-zinc-bisglycinate-high-absorption-50mg-90-capsules-maroc-prix\\\/#primaryimage\",\"url\":\"https:\\\/\\\/vitablanca.ma\\\/wp-content\\\/uploads\\\/2026\\\/02\\\/40-1.jpg\",\"contentUrl\":\"https:\\\/\\\/vitablanca.ma\\\/wp-content\\\/uploads\\\/2026\\\/02\\\/40-1.jpg\",\"width\":1600,\"height\":1600},{\"@type\":\"BreadcrumbList\",\"@id\":\"https:\\\/\\\/vitablanca.ma\\\/produit\\\/doctors-best-zinc-bisglycinate-high-absorption-50mg-90-capsules-maroc-prix\\\/#breadcrumb\",\"itemListElement\":[{\"@type\":\"ListItem\",\"position\":1,\"name\":\"Home\",\"item\":\"https:\\\/\\\/vitablanca.ma\\\/\"},{\"@type\":\"ListItem\",\"position\":2,\"name\":\"Tous Les Produits\",\"item\":\"https:\\\/\\\/vitablanca.ma\\\/tous-les-produits\\\/\"},{\"@type\":\"ListItem\",\"position\":3,\"name\":\"Doctor&#8217;s BEST Zinc bisglycinate high absorption 50mg\\\/ 90 capsules\"}]},{\"@type\":\"WebSite\",\"@id\":\"https:\\\/\\\/vitablanca.ma\\\/#website\",\"url\":\"https:\\\/\\\/vitablanca.ma\\\/\",\"name\":\"VitaBlanca.ma | Compl\u00e9ments alimentaires, sant\u00e9 & beaut\u00e9 au Maroc\",\"description\":\"vendre vitamines et compl\u00e9ments premium des USA &amp; Canada, Nouvelle Z\u00e9lande,Maroc (NOW Foods, Solgar, Manuka). Livraison rapide partout au Maroc.\",\"publisher\":{\"@id\":\"https:\\\/\\\/vitablanca.ma\\\/#organization\"},\"alternateName\":\"VitaBlanca.ma\",\"potentialAction\":[{\"@type\":\"SearchAction\",\"target\":{\"@type\":\"EntryPoint\",\"urlTemplate\":\"https:\\\/\\\/vitablanca.ma\\\/?s={search_term_string}\"},\"query-input\":{\"@type\":\"PropertyValueSpecification\",\"valueRequired\":true,\"valueName\":\"search_term_string\"}}],\"inLanguage\":\"en-US\"},{\"@type\":\"Organization\",\"@id\":\"https:\\\/\\\/vitablanca.ma\\\/#organization\",\"name\":\"VitaBlanca\",\"url\":\"https:\\\/\\\/vitablanca.ma\\\/\",\"logo\":{\"@type\":\"ImageObject\",\"inLanguage\":\"en-US\",\"@id\":\"https:\\\/\\\/vitablanca.ma\\\/#\\\/schema\\\/logo\\\/image\\\/\",\"url\":\"https:\\\/\\\/vitablanca.ma\\\/wp-content\\\/uploads\\\/2025\\\/05\\\/cropped-vitablanca.png\",\"contentUrl\":\"https:\\\/\\\/vitablanca.ma\\\/wp-content\\\/uploads\\\/2025\\\/05\\\/cropped-vitablanca.png\",\"width\":360,\"height\":67,\"caption\":\"VitaBlanca\"},\"image\":{\"@id\":\"https:\\\/\\\/vitablanca.ma\\\/#\\\/schema\\\/logo\\\/image\\\/\"},\"sameAs\":[\"https:\\\/\\\/www.facebook.com\\\/profile.php?id=61576678196717\",\"https:\\\/\\\/www.tiktok.com\\\/@vitablanca.ma\",\"https:\\\/\\\/www.instagram.com\\\/vitablanca.ma\\\/\"]}]}<\/script>\n<!-- \/ Yoast SEO plugin. -->","yoast_head_json":{"title":"Doctor's Best Zinc Bisglycinate 50 mg 90 Capsules \u2013 Maroc Prix","description":"Doctor's Best Zinc Bisglycinate 50 mg, 90 capsules. Zinc haute absorption pour soutenir l\u2019immunit\u00e9, la peau et la sant\u00e9 g\u00e9n\u00e9rale. Disponible au Maroc.","robots":{"index":"index","follow":"follow","max-snippet":"max-snippet:-1","max-image-preview":"max-image-preview:large","max-video-preview":"max-video-preview:-1"},"canonical":"https:\/\/vitablanca.ma\/en\/product\/doctors-best-zinc-bisglycinate-high-absorption-50mg-90-capsules-maroc-prix\/","og_locale":"en_US","og_type":"article","og_title":"Doctor's Best Zinc Bisglycinate 50 mg 90 Capsules \u2013 Maroc Prix","og_description":"Doctor's Best Zinc Bisglycinate 50 mg, 90 capsules. Zinc haute absorption pour soutenir l\u2019immunit\u00e9, la peau et la sant\u00e9 g\u00e9n\u00e9rale. Disponible au Maroc.","og_url":"https:\/\/vitablanca.ma\/en\/product\/doctors-best-zinc-bisglycinate-high-absorption-50mg-90-capsules-maroc-prix\/","og_site_name":"Vitablanca.ma &ndash; Sant&eacute;, vitalit&eacute; et bien-&ecirc;tre pour tous les Marocains","article_publisher":"https:\/\/www.facebook.com\/profile.php?id=61576678196717","article_modified_time":"2026-03-02T04:15:38+00:00","og_image":[{"width":1600,"height":1600,"url":"https:\/\/vitablanca.ma\/wp-content\/uploads\/2026\/02\/40-1.jpg","type":"image\/jpeg"}],"twitter_card":"summary_large_image","twitter_misc":{"Est. reading time":"2 minutes"},"schema":{"@context":"https:\/\/schema.org","@graph":[{"@type":["WebPage","ItemPage"],"@id":"https:\/\/vitablanca.ma\/produit\/doctors-best-zinc-bisglycinate-high-absorption-50mg-90-capsules-maroc-prix\/","url":"https:\/\/vitablanca.ma\/produit\/doctors-best-zinc-bisglycinate-high-absorption-50mg-90-capsules-maroc-prix\/","name":"Doctor's Best Zinc Bisglycinate 50 mg 90 Capsules \u2013 Maroc Prix","isPartOf":{"@id":"https:\/\/vitablanca.ma\/#website"},"primaryImageOfPage":{"@id":"https:\/\/vitablanca.ma\/produit\/doctors-best-zinc-bisglycinate-high-absorption-50mg-90-capsules-maroc-prix\/#primaryimage"},"image":{"@id":"https:\/\/vitablanca.ma\/produit\/doctors-best-zinc-bisglycinate-high-absorption-50mg-90-capsules-maroc-prix\/#primaryimage"},"thumbnailUrl":"https:\/\/vitablanca.ma\/wp-content\/uploads\/2026\/02\/40-1.jpg","datePublished":"2026-02-18T15:53:40+00:00","dateModified":"2026-03-02T04:15:38+00:00","description":"Doctor's Best Zinc Bisglycinate 50 mg, 90 capsules. Zinc haute absorption pour soutenir l\u2019immunit\u00e9, la peau et la sant\u00e9 g\u00e9n\u00e9rale. Disponible au Maroc.","breadcrumb":{"@id":"https:\/\/vitablanca.ma\/produit\/doctors-best-zinc-bisglycinate-high-absorption-50mg-90-capsules-maroc-prix\/#breadcrumb"},"inLanguage":"en-US","potentialAction":[{"@type":"ReadAction","target":["https:\/\/vitablanca.ma\/produit\/doctors-best-zinc-bisglycinate-high-absorption-50mg-90-capsules-maroc-prix\/"]}]},{"@type":"ImageObject","inLanguage":"en-US","@id":"https:\/\/vitablanca.ma\/produit\/doctors-best-zinc-bisglycinate-high-absorption-50mg-90-capsules-maroc-prix\/#primaryimage","url":"https:\/\/vitablanca.ma\/wp-content\/uploads\/2026\/02\/40-1.jpg","contentUrl":"https:\/\/vitablanca.ma\/wp-content\/uploads\/2026\/02\/40-1.jpg","width":1600,"height":1600},{"@type":"BreadcrumbList","@id":"https:\/\/vitablanca.ma\/produit\/doctors-best-zinc-bisglycinate-high-absorption-50mg-90-capsules-maroc-prix\/#breadcrumb","itemListElement":[{"@type":"ListItem","position":1,"name":"Home","item":"https:\/\/vitablanca.ma\/"},{"@type":"ListItem","position":2,"name":"Tous Les Produits","item":"https:\/\/vitablanca.ma\/tous-les-produits\/"},{"@type":"ListItem","position":3,"name":"Doctor&#8217;s BEST Zinc bisglycinate high absorption 50mg\/ 90 capsules"}]},{"@type":"WebSite","@id":"https:\/\/vitablanca.ma\/#website","url":"https:\/\/vitablanca.ma\/","name":"VitaBlanca.ma | Food supplements, health &amp; beauty in Morocco","description":"sell premium vitamins and supplements from USA &amp; Canada, New Zealand, Morocco (NOW Foods, Solgar, Manuka). Fast delivery anywhere in Morocco.","publisher":{"@id":"https:\/\/vitablanca.ma\/#organization"},"alternateName":"VitaBlanca.ma","potentialAction":[{"@type":"SearchAction","target":{"@type":"EntryPoint","urlTemplate":"https:\/\/vitablanca.ma\/?s={search_term_string}"},"query-input":{"@type":"PropertyValueSpecification","valueRequired":true,"valueName":"search_term_string"}}],"inLanguage":"en-US"},{"@type":"Organization","@id":"https:\/\/vitablanca.ma\/#organization","name":"VitaBlanca","url":"https:\/\/vitablanca.ma\/","logo":{"@type":"ImageObject","inLanguage":"en-US","@id":"https:\/\/vitablanca.ma\/#\/schema\/logo\/image\/","url":"https:\/\/vitablanca.ma\/wp-content\/uploads\/2025\/05\/cropped-vitablanca.png","contentUrl":"https:\/\/vitablanca.ma\/wp-content\/uploads\/2025\/05\/cropped-vitablanca.png","width":360,"height":67,"caption":"VitaBlanca"},"image":{"@id":"https:\/\/vitablanca.ma\/#\/schema\/logo\/image\/"},"sameAs":["https:\/\/www.facebook.com\/profile.php?id=61576678196717","https:\/\/www.tiktok.com\/@vitablanca.ma","https:\/\/www.instagram.com\/vitablanca.ma\/"]}]}},"jetpack_sharing_enabled":true,"_links":{"self":[{"href":"https:\/\/vitablanca.ma\/en\/wp-json\/wp\/v2\/product\/30142","targetHints":{"allow":["GET"]}}],"collection":[{"href":"https:\/\/vitablanca.ma\/en\/wp-json\/wp\/v2\/product"}],"about":[{"href":"https:\/\/vitablanca.ma\/en\/wp-json\/wp\/v2\/types\/product"}],"wp:featuredmedia":[{"embeddable":true,"href":"https:\/\/vitablanca.ma\/en\/wp-json\/wp\/v2\/media\/30143"}],"wp:attachment":[{"href":"https:\/\/vitablanca.ma\/en\/wp-json\/wp\/v2\/media?parent=30142"}],"wp:term":[{"taxonomy":"product_brand","embeddable":true,"href":"https:\/\/vitablanca.ma\/en\/wp-json\/wp\/v2\/product_brand?post=30142"},{"taxonomy":"product_cat","embeddable":true,"href":"https:\/\/vitablanca.ma\/en\/wp-json\/wp\/v2\/product_cat?post=30142"},{"taxonomy":"product_tag","embeddable":true,"href":"https:\/\/vitablanca.ma\/en\/wp-json\/wp\/v2\/product_tag?post=30142"}],"curies":[{"name":"wp","href":"https:\/\/api.w.org\/{rel}","templated":true}]}}