{"id":30093,"date":"2026-02-17T14:07:43","date_gmt":"2026-02-17T14:07:43","guid":{"rendered":"https:\/\/vitablanca.ma\/?post_type=product&#038;p=30093"},"modified":"2026-03-02T04:15:39","modified_gmt":"2026-03-02T04:15:39","slug":"manuka-health-manuka-honey-extra-mgo-600-250-g-maroc-prix","status":"publish","type":"product","link":"https:\/\/vitablanca.ma\/en\/product\/manuka-health-manuka-honey-extra-mgo-600-250-g-maroc-prix\/","title":{"rendered":"Manuka Health Manuka Honey EXTRA MGO 600+ 250 g"},"content":{"rendered":"<p>miel de manuka EXTRA MGO 600+ \u00a0250 g<\/p>\n<p>Gr\u00e2ce \u00e0 sa qualit\u00e9 MGO \u00e9lev\u00e9e, le miel M\u0101nuka MGO 600 EXTRA fournit \u00e0 l&rsquo;organisme une multitude de particularit\u00e9s naturelles.<\/p>\n<p>Il est riche en vitamines, min\u00e9raux et enzymes revitalisants. En tant qu&rsquo;\u00e9lixir de vie de l&rsquo;abeille mellif\u00e8re, il est la d\u00e9licieuse cl\u00e9 du bien-\u00eatre int\u00e9rieur et ext\u00e9rieur.<\/p>\n<p>LE SECRET DE BEAUT\u00c9 LE MIEUX GARD\u00c9 DE LA NOUVELLE-Z\u00c9LANDE<\/p>\n<p>Ingr\u00e9dient naturel et puissant, le miel de manuka offre un soin luxueux \u00e0 votre peau, r\u00e9v\u00e9lant un teint plus lisse et \u00e9clatant de sant\u00e9 \u00e0 chaque utilisation.<\/p>\n<p>Ce miel pur, rare et puissant est exclusivement r\u00e9colt\u00e9 en Nouvelle-Z\u00e9lande et constitue l&rsquo;ingr\u00e9dient phare de notre gamme de soins \u00ab Beaut\u00e9 de la Ruche \u00bb .<\/p>\n<p>Une cuill\u00e8re \u00e0 soupe de miel de manuka pur par jour nourrit votre peau en profondeur, stimule sa vitalit\u00e9 naturelle et r\u00e9v\u00e8le un \u00e9clat radieux de sant\u00e9, \u00e0 l&rsquo;int\u00e9rieur comme \u00e0 l&rsquo;ext\u00e9rieur.<\/p>\n<p>D\u00e9couvrez la magie de ce tr\u00e9sor local et offrez-vous le secret de beaut\u00e9 d&rsquo;une peau \u00e9clatante et d&rsquo;apparence jeune.<\/p>\n<p>MIEL ORIGINAL DE M\u0100NUKA<\/p>\n<p>Un cadeau rare et pr\u00e9cieux de la nature.<\/p>\n<p>Fruit de la prolif\u00e9ration des abeilles et du manuka, il contribue au bien-\u00eatre quotidien.<\/p>\n<p>R\u00e9colt\u00e9 et transform\u00e9 dans les terres pr\u00e9serv\u00e9es de Nouvelle-Z\u00e9lande, il b\u00e9n\u00e9ficie d&rsquo;une garantie d&rsquo;origine 100 % n\u00e9o-z\u00e9landaise.<\/p>\n<p>Certifi\u00e9 et scientifiquement prouv\u00e9 riche en m\u00e9thylglyoxal (MGO), un compos\u00e9 naturel.<\/p>\n<p>R\u00e9colt\u00e9 de mani\u00e8re durable et avec le plus grand soin, il pr\u00e9serve au mieux ses pr\u00e9cieuses propri\u00e9t\u00e9s.<\/p>\n<p>Un \u00e9l\u00e9ment essentiel d&rsquo;un syst\u00e8me de bien-\u00eatre holistique et harmonieux.<\/p>\n<p>INSTRUCTIONS FOR USE<\/p>\n<p>Une seule cuill\u00e8re \u00e0 caf\u00e9 par jour de ce puissant et pur don de la nature apporte \u00e9quilibre et harmonie au corps et \u00e0 la peau, \u00e0 l&rsquo;ext\u00e9rieur comme \u00e0 l&rsquo;int\u00e9rieur.<\/p>","protected":false},"excerpt":{"rendered":"<ul>\n<li data-start=\"881\" data-end=\"909\">\n<p data-start=\"883\" data-end=\"909\">Haute puissance MGO 600+<\/p>\n<\/li>\n<li data-start=\"910\" data-end=\"933\">\n<p data-start=\"912\" data-end=\"933\">Soutient l\u2019immunit\u00e9<\/p>\n<\/li>\n<li data-start=\"934\" data-end=\"953\">\n<p data-start=\"936\" data-end=\"953\">Apaise la gorge<\/p>\n<\/li>\n<li data-start=\"954\" data-end=\"981\">\n<p data-start=\"956\" data-end=\"981\">100% naturel et premium<\/p>\n<\/li>\n<li data-start=\"982\" data-end=\"1026\" data-is-last-node=\"\">\n<p data-start=\"984\" data-end=\"1026\" data-is-last-node=\"\">Format 250 g pratique pour usage quotidien<\/p>\n<\/li>\n<\/ul>","protected":false},"featured_media":30094,"template":"","meta":{"om_disable_all_campaigns":false},"product_brand":[234],"product_cat":[9401,18,8967,3366,9249,2493,9250,9248,9247,9402],"product_tag":[9412,9413,4945,1780,235,107,3492,9403,113,7812],"class_list":{"0":"post-30093","1":"product","2":"type-product","3":"status-publish","4":"has-post-thumbnail","6":"product_brand-manuka-health-maroc-prix","7":"product_cat-armoire-a-pharmacie","8":"product_cat-beaute-sante","9":"product_cat-complements","10":"product_cat-complements-alimentaires-au-maroc-vitablanca","11":"product_cat-epicerie","12":"product_cat-miel-de-manuka","13":"product_cat-miel-manuka","14":"product_cat-miels","15":"product_cat-miels-et-edulcorants","16":"product_cat-pastilles-contre-le-mal-de-gorge-et-la-toux","17":"product_tag-250-g","18":"product_tag-antibacterien-naturel","19":"product_tag-gorge-irritee","20":"product_tag-immunite","21":"product_tag-manuka-health","22":"product_tag-manuka-honey","23":"product_tag-maroc","24":"product_tag-mgo-600","25":"product_tag-miel-de-manuka","26":"product_tag-sante-naturelle","28":"first","29":"instock","30":"sale","31":"taxable","32":"shipping-taxable","33":"purchasable","34":"product-type-simple"},"yoast_head":"<!-- This site is optimized with the Yoast SEO plugin v27.4 - https:\/\/yoast.com\/product\/yoast-seo-wordpress\/ -->\n<title>Manuka Health EXTRA MGO 600+ 250 g \u2013 Maroc Prix<\/title>\n<meta name=\"description\" content=\"Manuka Health Manuka Honey EXTRA MGO 600+ 250 g. Miel de Manuka premium \u00e0 haute activit\u00e9, soutient l\u2019immunit\u00e9 et apaise la gorge. Disponible au Maroc.\" \/>\n<meta name=\"robots\" content=\"index, follow, max-snippet:-1, max-image-preview:large, max-video-preview:-1\" \/>\n<link rel=\"canonical\" href=\"https:\/\/vitablanca.ma\/en\/product\/manuka-health-manuka-honey-extra-mgo-600-250-g-maroc-prix\/\" \/>\n<meta property=\"og:locale\" content=\"en_US\" \/>\n<meta property=\"og:type\" content=\"article\" \/>\n<meta property=\"og:title\" content=\"Manuka Health EXTRA MGO 600+ 250 g \u2013 Maroc Prix\" \/>\n<meta property=\"og:description\" content=\"Manuka Health Manuka Honey EXTRA MGO 600+ 250 g. Miel de Manuka premium \u00e0 haute activit\u00e9, soutient l\u2019immunit\u00e9 et apaise la gorge. Disponible au Maroc.\" \/>\n<meta property=\"og:url\" content=\"https:\/\/vitablanca.ma\/en\/product\/manuka-health-manuka-honey-extra-mgo-600-250-g-maroc-prix\/\" \/>\n<meta property=\"og:site_name\" content=\"Vitablanca.ma &ndash; Sant&eacute;, vitalit&eacute; et bien-&ecirc;tre pour tous les Marocains\" \/>\n<meta property=\"article:publisher\" content=\"https:\/\/www.facebook.com\/profile.php?id=61576678196717\" \/>\n<meta property=\"article:modified_time\" content=\"2026-03-02T04:15:39+00:00\" \/>\n<meta property=\"og:image\" content=\"https:\/\/vitablanca.ma\/wp-content\/uploads\/2026\/02\/Manuka-Health-Manuka-Honey-EXTRA-MGO-600-250-g1.jpg\" \/>\n\t<meta property=\"og:image:width\" content=\"680\" \/>\n\t<meta property=\"og:image:height\" content=\"680\" \/>\n\t<meta property=\"og:image:type\" content=\"image\/jpeg\" \/>\n<meta name=\"twitter:card\" content=\"summary_large_image\" \/>\n<meta name=\"twitter:label1\" content=\"Est. reading time\" \/>\n\t<meta name=\"twitter:data1\" content=\"2 minutes\" \/>\n<script type=\"application\/ld+json\" class=\"yoast-schema-graph\">{\"@context\":\"https:\\\/\\\/schema.org\",\"@graph\":[{\"@type\":[\"WebPage\",\"ItemPage\"],\"@id\":\"https:\\\/\\\/vitablanca.ma\\\/produit\\\/manuka-health-manuka-honey-extra-mgo-600-250-g-maroc-prix\\\/\",\"url\":\"https:\\\/\\\/vitablanca.ma\\\/produit\\\/manuka-health-manuka-honey-extra-mgo-600-250-g-maroc-prix\\\/\",\"name\":\"Manuka Health EXTRA MGO 600+ 250 g \u2013 Maroc Prix\",\"isPartOf\":{\"@id\":\"https:\\\/\\\/vitablanca.ma\\\/#website\"},\"primaryImageOfPage\":{\"@id\":\"https:\\\/\\\/vitablanca.ma\\\/produit\\\/manuka-health-manuka-honey-extra-mgo-600-250-g-maroc-prix\\\/#primaryimage\"},\"image\":{\"@id\":\"https:\\\/\\\/vitablanca.ma\\\/produit\\\/manuka-health-manuka-honey-extra-mgo-600-250-g-maroc-prix\\\/#primaryimage\"},\"thumbnailUrl\":\"https:\\\/\\\/vitablanca.ma\\\/wp-content\\\/uploads\\\/2026\\\/02\\\/Manuka-Health-Manuka-Honey-EXTRA-MGO-600-250-g1.jpg\",\"datePublished\":\"2026-02-17T14:07:43+00:00\",\"dateModified\":\"2026-03-02T04:15:39+00:00\",\"description\":\"Manuka Health Manuka Honey EXTRA MGO 600+ 250 g. Miel de Manuka premium \u00e0 haute activit\u00e9, soutient l\u2019immunit\u00e9 et apaise la gorge. Disponible au Maroc.\",\"breadcrumb\":{\"@id\":\"https:\\\/\\\/vitablanca.ma\\\/produit\\\/manuka-health-manuka-honey-extra-mgo-600-250-g-maroc-prix\\\/#breadcrumb\"},\"inLanguage\":\"en-US\",\"potentialAction\":[{\"@type\":\"ReadAction\",\"target\":[\"https:\\\/\\\/vitablanca.ma\\\/produit\\\/manuka-health-manuka-honey-extra-mgo-600-250-g-maroc-prix\\\/\"]}]},{\"@type\":\"ImageObject\",\"inLanguage\":\"en-US\",\"@id\":\"https:\\\/\\\/vitablanca.ma\\\/produit\\\/manuka-health-manuka-honey-extra-mgo-600-250-g-maroc-prix\\\/#primaryimage\",\"url\":\"https:\\\/\\\/vitablanca.ma\\\/wp-content\\\/uploads\\\/2026\\\/02\\\/Manuka-Health-Manuka-Honey-EXTRA-MGO-600-250-g1.jpg\",\"contentUrl\":\"https:\\\/\\\/vitablanca.ma\\\/wp-content\\\/uploads\\\/2026\\\/02\\\/Manuka-Health-Manuka-Honey-EXTRA-MGO-600-250-g1.jpg\",\"width\":680,\"height\":680},{\"@type\":\"BreadcrumbList\",\"@id\":\"https:\\\/\\\/vitablanca.ma\\\/produit\\\/manuka-health-manuka-honey-extra-mgo-600-250-g-maroc-prix\\\/#breadcrumb\",\"itemListElement\":[{\"@type\":\"ListItem\",\"position\":1,\"name\":\"Home\",\"item\":\"https:\\\/\\\/vitablanca.ma\\\/\"},{\"@type\":\"ListItem\",\"position\":2,\"name\":\"Tous Les Produits\",\"item\":\"https:\\\/\\\/vitablanca.ma\\\/tous-les-produits\\\/\"},{\"@type\":\"ListItem\",\"position\":3,\"name\":\"Manuka Health Manuka Honey EXTRA MGO 600+ 250 g\"}]},{\"@type\":\"WebSite\",\"@id\":\"https:\\\/\\\/vitablanca.ma\\\/#website\",\"url\":\"https:\\\/\\\/vitablanca.ma\\\/\",\"name\":\"VitaBlanca.ma | Compl\u00e9ments alimentaires, sant\u00e9 & beaut\u00e9 au Maroc\",\"description\":\"vendre vitamines et compl\u00e9ments premium des USA &amp; Canada, Nouvelle Z\u00e9lande,Maroc (NOW Foods, Solgar, Manuka). Livraison rapide partout au Maroc.\",\"publisher\":{\"@id\":\"https:\\\/\\\/vitablanca.ma\\\/#organization\"},\"alternateName\":\"VitaBlanca.ma\",\"potentialAction\":[{\"@type\":\"SearchAction\",\"target\":{\"@type\":\"EntryPoint\",\"urlTemplate\":\"https:\\\/\\\/vitablanca.ma\\\/?s={search_term_string}\"},\"query-input\":{\"@type\":\"PropertyValueSpecification\",\"valueRequired\":true,\"valueName\":\"search_term_string\"}}],\"inLanguage\":\"en-US\"},{\"@type\":\"Organization\",\"@id\":\"https:\\\/\\\/vitablanca.ma\\\/#organization\",\"name\":\"VitaBlanca\",\"url\":\"https:\\\/\\\/vitablanca.ma\\\/\",\"logo\":{\"@type\":\"ImageObject\",\"inLanguage\":\"en-US\",\"@id\":\"https:\\\/\\\/vitablanca.ma\\\/#\\\/schema\\\/logo\\\/image\\\/\",\"url\":\"https:\\\/\\\/vitablanca.ma\\\/wp-content\\\/uploads\\\/2025\\\/05\\\/cropped-vitablanca.png\",\"contentUrl\":\"https:\\\/\\\/vitablanca.ma\\\/wp-content\\\/uploads\\\/2025\\\/05\\\/cropped-vitablanca.png\",\"width\":360,\"height\":67,\"caption\":\"VitaBlanca\"},\"image\":{\"@id\":\"https:\\\/\\\/vitablanca.ma\\\/#\\\/schema\\\/logo\\\/image\\\/\"},\"sameAs\":[\"https:\\\/\\\/www.facebook.com\\\/profile.php?id=61576678196717\",\"https:\\\/\\\/www.tiktok.com\\\/@vitablanca.ma\",\"https:\\\/\\\/www.instagram.com\\\/vitablanca.ma\\\/\"]}]}<\/script>\n<!-- \/ Yoast SEO plugin. -->","yoast_head_json":{"title":"Manuka Health EXTRA MGO 600+ 250 g \u2013 Maroc Prix","description":"Manuka Health Manuka Honey EXTRA MGO 600+ 250 g. Miel de Manuka premium \u00e0 haute activit\u00e9, soutient l\u2019immunit\u00e9 et apaise la gorge. Disponible au Maroc.","robots":{"index":"index","follow":"follow","max-snippet":"max-snippet:-1","max-image-preview":"max-image-preview:large","max-video-preview":"max-video-preview:-1"},"canonical":"https:\/\/vitablanca.ma\/en\/product\/manuka-health-manuka-honey-extra-mgo-600-250-g-maroc-prix\/","og_locale":"en_US","og_type":"article","og_title":"Manuka Health EXTRA MGO 600+ 250 g \u2013 Maroc Prix","og_description":"Manuka Health Manuka Honey EXTRA MGO 600+ 250 g. Miel de Manuka premium \u00e0 haute activit\u00e9, soutient l\u2019immunit\u00e9 et apaise la gorge. Disponible au Maroc.","og_url":"https:\/\/vitablanca.ma\/en\/product\/manuka-health-manuka-honey-extra-mgo-600-250-g-maroc-prix\/","og_site_name":"Vitablanca.ma &ndash; Sant&eacute;, vitalit&eacute; et bien-&ecirc;tre pour tous les Marocains","article_publisher":"https:\/\/www.facebook.com\/profile.php?id=61576678196717","article_modified_time":"2026-03-02T04:15:39+00:00","og_image":[{"width":680,"height":680,"url":"https:\/\/vitablanca.ma\/wp-content\/uploads\/2026\/02\/Manuka-Health-Manuka-Honey-EXTRA-MGO-600-250-g1.jpg","type":"image\/jpeg"}],"twitter_card":"summary_large_image","twitter_misc":{"Est. reading time":"2 minutes"},"schema":{"@context":"https:\/\/schema.org","@graph":[{"@type":["WebPage","ItemPage"],"@id":"https:\/\/vitablanca.ma\/produit\/manuka-health-manuka-honey-extra-mgo-600-250-g-maroc-prix\/","url":"https:\/\/vitablanca.ma\/produit\/manuka-health-manuka-honey-extra-mgo-600-250-g-maroc-prix\/","name":"Manuka Health EXTRA MGO 600+ 250 g \u2013 Maroc Prix","isPartOf":{"@id":"https:\/\/vitablanca.ma\/#website"},"primaryImageOfPage":{"@id":"https:\/\/vitablanca.ma\/produit\/manuka-health-manuka-honey-extra-mgo-600-250-g-maroc-prix\/#primaryimage"},"image":{"@id":"https:\/\/vitablanca.ma\/produit\/manuka-health-manuka-honey-extra-mgo-600-250-g-maroc-prix\/#primaryimage"},"thumbnailUrl":"https:\/\/vitablanca.ma\/wp-content\/uploads\/2026\/02\/Manuka-Health-Manuka-Honey-EXTRA-MGO-600-250-g1.jpg","datePublished":"2026-02-17T14:07:43+00:00","dateModified":"2026-03-02T04:15:39+00:00","description":"Manuka Health Manuka Honey EXTRA MGO 600+ 250 g. Miel de Manuka premium \u00e0 haute activit\u00e9, soutient l\u2019immunit\u00e9 et apaise la gorge. Disponible au Maroc.","breadcrumb":{"@id":"https:\/\/vitablanca.ma\/produit\/manuka-health-manuka-honey-extra-mgo-600-250-g-maroc-prix\/#breadcrumb"},"inLanguage":"en-US","potentialAction":[{"@type":"ReadAction","target":["https:\/\/vitablanca.ma\/produit\/manuka-health-manuka-honey-extra-mgo-600-250-g-maroc-prix\/"]}]},{"@type":"ImageObject","inLanguage":"en-US","@id":"https:\/\/vitablanca.ma\/produit\/manuka-health-manuka-honey-extra-mgo-600-250-g-maroc-prix\/#primaryimage","url":"https:\/\/vitablanca.ma\/wp-content\/uploads\/2026\/02\/Manuka-Health-Manuka-Honey-EXTRA-MGO-600-250-g1.jpg","contentUrl":"https:\/\/vitablanca.ma\/wp-content\/uploads\/2026\/02\/Manuka-Health-Manuka-Honey-EXTRA-MGO-600-250-g1.jpg","width":680,"height":680},{"@type":"BreadcrumbList","@id":"https:\/\/vitablanca.ma\/produit\/manuka-health-manuka-honey-extra-mgo-600-250-g-maroc-prix\/#breadcrumb","itemListElement":[{"@type":"ListItem","position":1,"name":"Home","item":"https:\/\/vitablanca.ma\/"},{"@type":"ListItem","position":2,"name":"Tous Les Produits","item":"https:\/\/vitablanca.ma\/tous-les-produits\/"},{"@type":"ListItem","position":3,"name":"Manuka Health Manuka Honey EXTRA MGO 600+ 250 g"}]},{"@type":"WebSite","@id":"https:\/\/vitablanca.ma\/#website","url":"https:\/\/vitablanca.ma\/","name":"VitaBlanca.ma | Food supplements, health &amp; beauty in Morocco","description":"sell premium vitamins and supplements from USA &amp; Canada, New Zealand, Morocco (NOW Foods, Solgar, Manuka). Fast delivery anywhere in Morocco.","publisher":{"@id":"https:\/\/vitablanca.ma\/#organization"},"alternateName":"VitaBlanca.ma","potentialAction":[{"@type":"SearchAction","target":{"@type":"EntryPoint","urlTemplate":"https:\/\/vitablanca.ma\/?s={search_term_string}"},"query-input":{"@type":"PropertyValueSpecification","valueRequired":true,"valueName":"search_term_string"}}],"inLanguage":"en-US"},{"@type":"Organization","@id":"https:\/\/vitablanca.ma\/#organization","name":"VitaBlanca","url":"https:\/\/vitablanca.ma\/","logo":{"@type":"ImageObject","inLanguage":"en-US","@id":"https:\/\/vitablanca.ma\/#\/schema\/logo\/image\/","url":"https:\/\/vitablanca.ma\/wp-content\/uploads\/2025\/05\/cropped-vitablanca.png","contentUrl":"https:\/\/vitablanca.ma\/wp-content\/uploads\/2025\/05\/cropped-vitablanca.png","width":360,"height":67,"caption":"VitaBlanca"},"image":{"@id":"https:\/\/vitablanca.ma\/#\/schema\/logo\/image\/"},"sameAs":["https:\/\/www.facebook.com\/profile.php?id=61576678196717","https:\/\/www.tiktok.com\/@vitablanca.ma","https:\/\/www.instagram.com\/vitablanca.ma\/"]}]}},"jetpack_sharing_enabled":true,"_links":{"self":[{"href":"https:\/\/vitablanca.ma\/en\/wp-json\/wp\/v2\/product\/30093","targetHints":{"allow":["GET"]}}],"collection":[{"href":"https:\/\/vitablanca.ma\/en\/wp-json\/wp\/v2\/product"}],"about":[{"href":"https:\/\/vitablanca.ma\/en\/wp-json\/wp\/v2\/types\/product"}],"wp:featuredmedia":[{"embeddable":true,"href":"https:\/\/vitablanca.ma\/en\/wp-json\/wp\/v2\/media\/30094"}],"wp:attachment":[{"href":"https:\/\/vitablanca.ma\/en\/wp-json\/wp\/v2\/media?parent=30093"}],"wp:term":[{"taxonomy":"product_brand","embeddable":true,"href":"https:\/\/vitablanca.ma\/en\/wp-json\/wp\/v2\/product_brand?post=30093"},{"taxonomy":"product_cat","embeddable":true,"href":"https:\/\/vitablanca.ma\/en\/wp-json\/wp\/v2\/product_cat?post=30093"},{"taxonomy":"product_tag","embeddable":true,"href":"https:\/\/vitablanca.ma\/en\/wp-json\/wp\/v2\/product_tag?post=30093"}],"curies":[{"name":"wp","href":"https:\/\/api.w.org\/{rel}","templated":true}]}}