{"id":30062,"date":"2026-02-16T14:53:57","date_gmt":"2026-02-16T14:53:57","guid":{"rendered":"https:\/\/vitablanca.ma\/?post_type=product&#038;p=30062"},"modified":"2026-03-02T04:15:40","modified_gmt":"2026-03-02T04:15:40","slug":"manuka-health-manuka-honey-to-go-umf-6-mgo-115-12-sachets-5-g-each-maroc-prix","status":"publish","type":"product","link":"https:\/\/vitablanca.ma\/en\/product\/manuka-health-manuka-honey-to-go-umf-6-mgo-115-12-sachets-5-g-each-maroc-prix\/","title":{"rendered":"Manuka Health, Manuka Honey to Go, UMF 6+, MGO 115+, 12 sachets, 5 g each"},"content":{"rendered":"<div>\n<h3><strong>Suggested Use<\/strong><\/h3>\n<div>\n<p>pliez simplement le sachet en deux, puis \u00e9talez-le et pressez-le.<\/p>\n<p><strong>Parfait pour\u00a0:<\/strong><\/p>\n<ul>\n<li>Les bo\u00eetes \u00e0 repas<\/li>\n<li>Sport<\/li>\n<li>Les d\u00e9placements<\/li>\n<\/ul>\n<\/div>\n<\/div>\n<div>\n<h3><strong>Warnings<\/strong><\/h3>\n<div>\n<p>Ne convient pas aux enfants de moins de 12\u00a0mois.<\/p>\n<p>Conserver \u00e0 une temp\u00e9rature inf\u00e9rieure \u00e0 25 \u00b0C.<\/p>\n<div class=\"supplement-facts-container\">\n<table border=\"1\" width=\"100%\" cellspacing=\"0\" cellpadding=\"3\">\n<tbody>\n<tr align=\"left\" valign=\"top\">\n<td colspan=\"3\"><strong>Properties<\/strong><\/td>\n<\/tr>\n<tr align=\"left\" valign=\"top\">\n<td colspan=\"3\"><strong>Serving:\u00a0<\/strong>1 sachet (5 g)<\/td>\n<\/tr>\n<tr align=\"left\" valign=\"top\">\n<td colspan=\"3\"><strong>Servings per container:<\/strong>\u00a012<\/td>\n<\/tr>\n<tr align=\"left\" valign=\"top\">\n<td width=\"70%\"><\/td>\n<td width=\"15%\"><strong>Amount per serving<\/strong><\/td>\n<td width=\"15%\"><strong>%\u00a0d&rsquo;apport journalier\u2020<\/strong><\/td>\n<\/tr>\n<tr align=\"left\" valign=\"top\">\n<td>Calories<\/td>\n<td>15<\/td>\n<td><\/td>\n<\/tr>\n<tr align=\"left\" valign=\"top\">\n<td>Total des lipides<\/td>\n<td>0\u00a0g<\/td>\n<td>0\u00a0%<\/td>\n<\/tr>\n<tr align=\"left\" valign=\"top\">\n<td>Sodium<\/td>\n<td>0\u00a0mg<\/td>\n<td>0\u00a0%<\/td>\n<\/tr>\n<tr align=\"left\" valign=\"top\">\n<td>Total Carbohydrates<\/td>\n<td>6\u00a0g<\/td>\n<td>2\u00a0%<\/td>\n<\/tr>\n<tr align=\"left\" valign=\"top\">\n<td>Total sugars<\/td>\n<td>6\u00a0g<\/td>\n<td>2\u00a0%<\/td>\n<\/tr>\n<tr align=\"left\" valign=\"top\">\n<td>Prot\u00e9ines<\/td>\n<td>0\u00a0g<\/td>\n<td><\/td>\n<\/tr>\n<tr align=\"left\" valign=\"top\">\n<td colspan=\"3\">Source non significative d&rsquo;acides gras satur\u00e9s, d&rsquo;acides gras trans, de cholest\u00e9rol, de fibres alimentaires, de sucres ajout\u00e9s, de vitamine D, de calcium, de fer et de potassium.<br \/>\nUne portion ajoute 6 g de sucre \u00e0 votre alimentation et repr\u00e9sente 2 % de l&rsquo;apport journalier en sucres ajout\u00e9s.<\/td>\n<\/tr>\n<\/tbody>\n<\/table>\n<\/div>\n<div>\n<h3><strong>Other ingredients<\/strong><\/h3>\n<div>\n<p>Miel de manuka MGO 115+.<\/p>\n<\/div>\n<\/div>\n<\/div>\n<\/div>","protected":false},"excerpt":{"rendered":"<ul>\n<li>Brut et non pasteuris\u00e9<\/li>\n<li>BPA free<\/li>\n<li>Fianz HALAL<\/li>\n<li>Non-GMO Project Verified<\/li>\n<\/ul>\n<p><strong>Given by Nature, Proven by Science.<\/strong><\/p>\n<p>Chaque bo\u00eete contient 12 portions individuelles de notre miel de manuka MGO 115+.<\/p>\n<p><strong>Chaque sachet de notre d\u00e9licieux miel de manuka monofloral et onctueux est :<\/strong><\/p>\n<ul>\n<li>Certifi\u00e9 naturel (MGO), au moins 115 mg\/kg<\/li>\n<li>Test\u00e9e pour sa qualit\u00e9, sa puret\u00e9 et son origine n\u00e9o-z\u00e9landaise<\/li>\n<li>Brute et non pasteuris\u00e9e<\/li>\n<li>Prot\u00e9g\u00e9e et tra\u00e7able de l&rsquo;apiculteur jusqu&rsquo;au pot<\/li>\n<\/ul>","protected":false},"featured_media":30064,"template":"","meta":{"om_disable_all_campaigns":false},"product_brand":[234],"product_cat":[18,8967,3366,9249,2493,9250,9248,9247],"product_tag":[9253,768,1780,235,107,3492,9252,113,462,9251],"class_list":{"0":"post-30062","1":"product","2":"type-product","3":"status-publish","4":"has-post-thumbnail","6":"product_brand-manuka-health-maroc-prix","7":"product_cat-beaute-sante","8":"product_cat-complements","9":"product_cat-complements-alimentaires-au-maroc-vitablanca","10":"product_cat-epicerie","11":"product_cat-miel-de-manuka","12":"product_cat-miel-manuka","13":"product_cat-miels","14":"product_cat-miels-et-edulcorants","15":"product_tag-12-sachets","16":"product_tag-energie-naturelle","17":"product_tag-immunite","18":"product_tag-manuka-health","19":"product_tag-manuka-honey","20":"product_tag-maroc","21":"product_tag-mgo-115","22":"product_tag-miel-de-manuka","23":"product_tag-nouvelle-zelande","24":"product_tag-umf-6","26":"first","27":"outofstock","28":"sale","29":"taxable","30":"shipping-taxable","31":"purchasable","32":"product-type-simple"},"yoast_head":"<!-- This site is optimized with the Yoast SEO plugin v27.4 - https:\/\/yoast.com\/product\/yoast-seo-wordpress\/ -->\n<title>Manuka Health Manuka Honey To Go 12 Sachets \u2013 Maroc Prix<\/title>\n<meta name=\"description\" content=\"Manuka Health Manuka Honey To Go UMF 6+ MGO 115+, 12 sachets pratiques de 5 g. Miel de Manuka pur de Nouvelle-Z\u00e9lande, id\u00e9al pour l\u2019immunit\u00e9 et le bien-\u00eatre\" \/>\n<meta name=\"robots\" content=\"index, follow, max-snippet:-1, max-image-preview:large, max-video-preview:-1\" \/>\n<link rel=\"canonical\" href=\"https:\/\/vitablanca.ma\/en\/product\/manuka-health-manuka-honey-to-go-umf-6-mgo-115-12-sachets-5-g-each-maroc-prix\/\" \/>\n<meta property=\"og:locale\" content=\"en_US\" \/>\n<meta property=\"og:type\" content=\"article\" \/>\n<meta property=\"og:title\" content=\"Manuka Health Manuka Honey To Go 12 Sachets \u2013 Maroc Prix\" \/>\n<meta property=\"og:description\" content=\"Manuka Health Manuka Honey To Go UMF 6+ MGO 115+, 12 sachets pratiques de 5 g. Miel de Manuka pur de Nouvelle-Z\u00e9lande, id\u00e9al pour l\u2019immunit\u00e9 et le bien-\u00eatre\" \/>\n<meta property=\"og:url\" content=\"https:\/\/vitablanca.ma\/en\/product\/manuka-health-manuka-honey-to-go-umf-6-mgo-115-12-sachets-5-g-each-maroc-prix\/\" \/>\n<meta property=\"og:site_name\" content=\"Vitablanca.ma &ndash; Sant&eacute;, vitalit&eacute; et bien-&ecirc;tre pour tous les Marocains\" \/>\n<meta property=\"article:publisher\" content=\"https:\/\/www.facebook.com\/profile.php?id=61576678196717\" \/>\n<meta property=\"article:modified_time\" content=\"2026-03-02T04:15:40+00:00\" \/>\n<meta property=\"og:image\" content=\"https:\/\/vitablanca.ma\/wp-content\/uploads\/2026\/02\/Manuka-Health-Manuka-Honey-to-Go-UMF-6-MGO-115-12-sachets-5-g-each1.jpg\" \/>\n\t<meta property=\"og:image:width\" content=\"1600\" \/>\n\t<meta property=\"og:image:height\" content=\"1600\" \/>\n\t<meta property=\"og:image:type\" content=\"image\/jpeg\" \/>\n<meta name=\"twitter:card\" content=\"summary_large_image\" \/>\n<meta name=\"twitter:label1\" content=\"Est. reading time\" \/>\n\t<meta name=\"twitter:data1\" content=\"1 minute\" \/>\n<script type=\"application\/ld+json\" class=\"yoast-schema-graph\">{\"@context\":\"https:\\\/\\\/schema.org\",\"@graph\":[{\"@type\":[\"WebPage\",\"ItemPage\"],\"@id\":\"https:\\\/\\\/vitablanca.ma\\\/produit\\\/manuka-health-manuka-honey-to-go-umf-6-mgo-115-12-sachets-5-g-each-maroc-prix\\\/\",\"url\":\"https:\\\/\\\/vitablanca.ma\\\/produit\\\/manuka-health-manuka-honey-to-go-umf-6-mgo-115-12-sachets-5-g-each-maroc-prix\\\/\",\"name\":\"Manuka Health Manuka Honey To Go 12 Sachets \u2013 Maroc Prix\",\"isPartOf\":{\"@id\":\"https:\\\/\\\/vitablanca.ma\\\/#website\"},\"primaryImageOfPage\":{\"@id\":\"https:\\\/\\\/vitablanca.ma\\\/produit\\\/manuka-health-manuka-honey-to-go-umf-6-mgo-115-12-sachets-5-g-each-maroc-prix\\\/#primaryimage\"},\"image\":{\"@id\":\"https:\\\/\\\/vitablanca.ma\\\/produit\\\/manuka-health-manuka-honey-to-go-umf-6-mgo-115-12-sachets-5-g-each-maroc-prix\\\/#primaryimage\"},\"thumbnailUrl\":\"https:\\\/\\\/vitablanca.ma\\\/wp-content\\\/uploads\\\/2026\\\/02\\\/Manuka-Health-Manuka-Honey-to-Go-UMF-6-MGO-115-12-sachets-5-g-each1.jpg\",\"datePublished\":\"2026-02-16T14:53:57+00:00\",\"dateModified\":\"2026-03-02T04:15:40+00:00\",\"description\":\"Manuka Health Manuka Honey To Go UMF 6+ MGO 115+, 12 sachets pratiques de 5 g. Miel de Manuka pur de Nouvelle-Z\u00e9lande, id\u00e9al pour l\u2019immunit\u00e9 et le bien-\u00eatre\",\"breadcrumb\":{\"@id\":\"https:\\\/\\\/vitablanca.ma\\\/produit\\\/manuka-health-manuka-honey-to-go-umf-6-mgo-115-12-sachets-5-g-each-maroc-prix\\\/#breadcrumb\"},\"inLanguage\":\"en-US\",\"potentialAction\":[{\"@type\":\"ReadAction\",\"target\":[\"https:\\\/\\\/vitablanca.ma\\\/produit\\\/manuka-health-manuka-honey-to-go-umf-6-mgo-115-12-sachets-5-g-each-maroc-prix\\\/\"]}]},{\"@type\":\"ImageObject\",\"inLanguage\":\"en-US\",\"@id\":\"https:\\\/\\\/vitablanca.ma\\\/produit\\\/manuka-health-manuka-honey-to-go-umf-6-mgo-115-12-sachets-5-g-each-maroc-prix\\\/#primaryimage\",\"url\":\"https:\\\/\\\/vitablanca.ma\\\/wp-content\\\/uploads\\\/2026\\\/02\\\/Manuka-Health-Manuka-Honey-to-Go-UMF-6-MGO-115-12-sachets-5-g-each1.jpg\",\"contentUrl\":\"https:\\\/\\\/vitablanca.ma\\\/wp-content\\\/uploads\\\/2026\\\/02\\\/Manuka-Health-Manuka-Honey-to-Go-UMF-6-MGO-115-12-sachets-5-g-each1.jpg\",\"width\":1600,\"height\":1600},{\"@type\":\"BreadcrumbList\",\"@id\":\"https:\\\/\\\/vitablanca.ma\\\/produit\\\/manuka-health-manuka-honey-to-go-umf-6-mgo-115-12-sachets-5-g-each-maroc-prix\\\/#breadcrumb\",\"itemListElement\":[{\"@type\":\"ListItem\",\"position\":1,\"name\":\"Home\",\"item\":\"https:\\\/\\\/vitablanca.ma\\\/\"},{\"@type\":\"ListItem\",\"position\":2,\"name\":\"Tous Les Produits\",\"item\":\"https:\\\/\\\/vitablanca.ma\\\/tous-les-produits\\\/\"},{\"@type\":\"ListItem\",\"position\":3,\"name\":\"Manuka Health, Manuka Honey to Go, UMF 6+, MGO 115+, 12 sachets, 5 g each\"}]},{\"@type\":\"WebSite\",\"@id\":\"https:\\\/\\\/vitablanca.ma\\\/#website\",\"url\":\"https:\\\/\\\/vitablanca.ma\\\/\",\"name\":\"VitaBlanca.ma | Compl\u00e9ments alimentaires, sant\u00e9 & beaut\u00e9 au Maroc\",\"description\":\"vendre vitamines et compl\u00e9ments premium des USA &amp; Canada, Nouvelle Z\u00e9lande,Maroc (NOW Foods, Solgar, Manuka). Livraison rapide partout au Maroc.\",\"publisher\":{\"@id\":\"https:\\\/\\\/vitablanca.ma\\\/#organization\"},\"alternateName\":\"VitaBlanca.ma\",\"potentialAction\":[{\"@type\":\"SearchAction\",\"target\":{\"@type\":\"EntryPoint\",\"urlTemplate\":\"https:\\\/\\\/vitablanca.ma\\\/?s={search_term_string}\"},\"query-input\":{\"@type\":\"PropertyValueSpecification\",\"valueRequired\":true,\"valueName\":\"search_term_string\"}}],\"inLanguage\":\"en-US\"},{\"@type\":\"Organization\",\"@id\":\"https:\\\/\\\/vitablanca.ma\\\/#organization\",\"name\":\"VitaBlanca\",\"url\":\"https:\\\/\\\/vitablanca.ma\\\/\",\"logo\":{\"@type\":\"ImageObject\",\"inLanguage\":\"en-US\",\"@id\":\"https:\\\/\\\/vitablanca.ma\\\/#\\\/schema\\\/logo\\\/image\\\/\",\"url\":\"https:\\\/\\\/vitablanca.ma\\\/wp-content\\\/uploads\\\/2025\\\/05\\\/cropped-vitablanca.png\",\"contentUrl\":\"https:\\\/\\\/vitablanca.ma\\\/wp-content\\\/uploads\\\/2025\\\/05\\\/cropped-vitablanca.png\",\"width\":360,\"height\":67,\"caption\":\"VitaBlanca\"},\"image\":{\"@id\":\"https:\\\/\\\/vitablanca.ma\\\/#\\\/schema\\\/logo\\\/image\\\/\"},\"sameAs\":[\"https:\\\/\\\/www.facebook.com\\\/profile.php?id=61576678196717\",\"https:\\\/\\\/www.tiktok.com\\\/@vitablanca.ma\",\"https:\\\/\\\/www.instagram.com\\\/vitablanca.ma\\\/\"]}]}<\/script>\n<!-- \/ Yoast SEO plugin. -->","yoast_head_json":{"title":"Manuka Health Manuka Honey To Go 12 Sachets \u2013 Maroc Prix","description":"Manuka Health Manuka Honey To Go UMF 6+ MGO 115+, 12 sachets pratiques de 5 g. Miel de Manuka pur de Nouvelle-Z\u00e9lande, id\u00e9al pour l\u2019immunit\u00e9 et le bien-\u00eatre","robots":{"index":"index","follow":"follow","max-snippet":"max-snippet:-1","max-image-preview":"max-image-preview:large","max-video-preview":"max-video-preview:-1"},"canonical":"https:\/\/vitablanca.ma\/en\/product\/manuka-health-manuka-honey-to-go-umf-6-mgo-115-12-sachets-5-g-each-maroc-prix\/","og_locale":"en_US","og_type":"article","og_title":"Manuka Health Manuka Honey To Go 12 Sachets \u2013 Maroc Prix","og_description":"Manuka Health Manuka Honey To Go UMF 6+ MGO 115+, 12 sachets pratiques de 5 g. Miel de Manuka pur de Nouvelle-Z\u00e9lande, id\u00e9al pour l\u2019immunit\u00e9 et le bien-\u00eatre","og_url":"https:\/\/vitablanca.ma\/en\/product\/manuka-health-manuka-honey-to-go-umf-6-mgo-115-12-sachets-5-g-each-maroc-prix\/","og_site_name":"Vitablanca.ma &ndash; Sant&eacute;, vitalit&eacute; et bien-&ecirc;tre pour tous les Marocains","article_publisher":"https:\/\/www.facebook.com\/profile.php?id=61576678196717","article_modified_time":"2026-03-02T04:15:40+00:00","og_image":[{"width":1600,"height":1600,"url":"https:\/\/vitablanca.ma\/wp-content\/uploads\/2026\/02\/Manuka-Health-Manuka-Honey-to-Go-UMF-6-MGO-115-12-sachets-5-g-each1.jpg","type":"image\/jpeg"}],"twitter_card":"summary_large_image","twitter_misc":{"Est. reading time":"1 minute"},"schema":{"@context":"https:\/\/schema.org","@graph":[{"@type":["WebPage","ItemPage"],"@id":"https:\/\/vitablanca.ma\/produit\/manuka-health-manuka-honey-to-go-umf-6-mgo-115-12-sachets-5-g-each-maroc-prix\/","url":"https:\/\/vitablanca.ma\/produit\/manuka-health-manuka-honey-to-go-umf-6-mgo-115-12-sachets-5-g-each-maroc-prix\/","name":"Manuka Health Manuka Honey To Go 12 Sachets \u2013 Maroc Prix","isPartOf":{"@id":"https:\/\/vitablanca.ma\/#website"},"primaryImageOfPage":{"@id":"https:\/\/vitablanca.ma\/produit\/manuka-health-manuka-honey-to-go-umf-6-mgo-115-12-sachets-5-g-each-maroc-prix\/#primaryimage"},"image":{"@id":"https:\/\/vitablanca.ma\/produit\/manuka-health-manuka-honey-to-go-umf-6-mgo-115-12-sachets-5-g-each-maroc-prix\/#primaryimage"},"thumbnailUrl":"https:\/\/vitablanca.ma\/wp-content\/uploads\/2026\/02\/Manuka-Health-Manuka-Honey-to-Go-UMF-6-MGO-115-12-sachets-5-g-each1.jpg","datePublished":"2026-02-16T14:53:57+00:00","dateModified":"2026-03-02T04:15:40+00:00","description":"Manuka Health Manuka Honey To Go UMF 6+ MGO 115+, 12 sachets pratiques de 5 g. Miel de Manuka pur de Nouvelle-Z\u00e9lande, id\u00e9al pour l\u2019immunit\u00e9 et le bien-\u00eatre","breadcrumb":{"@id":"https:\/\/vitablanca.ma\/produit\/manuka-health-manuka-honey-to-go-umf-6-mgo-115-12-sachets-5-g-each-maroc-prix\/#breadcrumb"},"inLanguage":"en-US","potentialAction":[{"@type":"ReadAction","target":["https:\/\/vitablanca.ma\/produit\/manuka-health-manuka-honey-to-go-umf-6-mgo-115-12-sachets-5-g-each-maroc-prix\/"]}]},{"@type":"ImageObject","inLanguage":"en-US","@id":"https:\/\/vitablanca.ma\/produit\/manuka-health-manuka-honey-to-go-umf-6-mgo-115-12-sachets-5-g-each-maroc-prix\/#primaryimage","url":"https:\/\/vitablanca.ma\/wp-content\/uploads\/2026\/02\/Manuka-Health-Manuka-Honey-to-Go-UMF-6-MGO-115-12-sachets-5-g-each1.jpg","contentUrl":"https:\/\/vitablanca.ma\/wp-content\/uploads\/2026\/02\/Manuka-Health-Manuka-Honey-to-Go-UMF-6-MGO-115-12-sachets-5-g-each1.jpg","width":1600,"height":1600},{"@type":"BreadcrumbList","@id":"https:\/\/vitablanca.ma\/produit\/manuka-health-manuka-honey-to-go-umf-6-mgo-115-12-sachets-5-g-each-maroc-prix\/#breadcrumb","itemListElement":[{"@type":"ListItem","position":1,"name":"Home","item":"https:\/\/vitablanca.ma\/"},{"@type":"ListItem","position":2,"name":"Tous Les Produits","item":"https:\/\/vitablanca.ma\/tous-les-produits\/"},{"@type":"ListItem","position":3,"name":"Manuka Health, Manuka Honey to Go, UMF 6+, MGO 115+, 12 sachets, 5 g each"}]},{"@type":"WebSite","@id":"https:\/\/vitablanca.ma\/#website","url":"https:\/\/vitablanca.ma\/","name":"VitaBlanca.ma | Food supplements, health &amp; beauty in Morocco","description":"sell premium vitamins and supplements from USA &amp; Canada, New Zealand, Morocco (NOW Foods, Solgar, Manuka). Fast delivery anywhere in Morocco.","publisher":{"@id":"https:\/\/vitablanca.ma\/#organization"},"alternateName":"VitaBlanca.ma","potentialAction":[{"@type":"SearchAction","target":{"@type":"EntryPoint","urlTemplate":"https:\/\/vitablanca.ma\/?s={search_term_string}"},"query-input":{"@type":"PropertyValueSpecification","valueRequired":true,"valueName":"search_term_string"}}],"inLanguage":"en-US"},{"@type":"Organization","@id":"https:\/\/vitablanca.ma\/#organization","name":"VitaBlanca","url":"https:\/\/vitablanca.ma\/","logo":{"@type":"ImageObject","inLanguage":"en-US","@id":"https:\/\/vitablanca.ma\/#\/schema\/logo\/image\/","url":"https:\/\/vitablanca.ma\/wp-content\/uploads\/2025\/05\/cropped-vitablanca.png","contentUrl":"https:\/\/vitablanca.ma\/wp-content\/uploads\/2025\/05\/cropped-vitablanca.png","width":360,"height":67,"caption":"VitaBlanca"},"image":{"@id":"https:\/\/vitablanca.ma\/#\/schema\/logo\/image\/"},"sameAs":["https:\/\/www.facebook.com\/profile.php?id=61576678196717","https:\/\/www.tiktok.com\/@vitablanca.ma","https:\/\/www.instagram.com\/vitablanca.ma\/"]}]}},"jetpack_sharing_enabled":true,"_links":{"self":[{"href":"https:\/\/vitablanca.ma\/en\/wp-json\/wp\/v2\/product\/30062","targetHints":{"allow":["GET"]}}],"collection":[{"href":"https:\/\/vitablanca.ma\/en\/wp-json\/wp\/v2\/product"}],"about":[{"href":"https:\/\/vitablanca.ma\/en\/wp-json\/wp\/v2\/types\/product"}],"wp:featuredmedia":[{"embeddable":true,"href":"https:\/\/vitablanca.ma\/en\/wp-json\/wp\/v2\/media\/30064"}],"wp:attachment":[{"href":"https:\/\/vitablanca.ma\/en\/wp-json\/wp\/v2\/media?parent=30062"}],"wp:term":[{"taxonomy":"product_brand","embeddable":true,"href":"https:\/\/vitablanca.ma\/en\/wp-json\/wp\/v2\/product_brand?post=30062"},{"taxonomy":"product_cat","embeddable":true,"href":"https:\/\/vitablanca.ma\/en\/wp-json\/wp\/v2\/product_cat?post=30062"},{"taxonomy":"product_tag","embeddable":true,"href":"https:\/\/vitablanca.ma\/en\/wp-json\/wp\/v2\/product_tag?post=30062"}],"curies":[{"name":"wp","href":"https:\/\/api.w.org\/{rel}","templated":true}]}}