{"id":30020,"date":"2026-02-15T15:53:31","date_gmt":"2026-02-15T15:53:31","guid":{"rendered":"https:\/\/vitablanca.ma\/?post_type=product&#038;p=30020"},"modified":"2026-03-02T04:15:41","modified_gmt":"2026-03-02T04:15:41","slug":"natures-answer-licorice-root-licorice-root-liquid-extract-2000-mg-30-ml-maroc-prix","status":"publish","type":"product","link":"https:\/\/vitablanca.ma\/en\/product\/natures-answer-licorice-root-licorice-root-liquid-extract-2000-mg-30-ml-maroc-prix\/","title":{"rendered":"Nature&rsquo;s Answer, Licorice Root, Liquid Extract, Alcohol-Free, 2000 mg, 30 ml"},"content":{"rendered":"<div class=\"row item-row\">\n<div class=\"col-xs-24\">\n<h3><strong>Suggested Use<\/strong><\/h3>\n<div class=\"prodOverviewDetail\">\n<p>En compl\u00e9ment alimentaire, prenez 1 \u00e0 2\u00a0ml (33 \u00e0 67\u00a0gouttes) trois\u00a0(3)\u00a0fois par jour avec une petite quantit\u00e9 d\u2019eau.<\/p>\n<p>Secouez bien avant utilisation.<\/p>\n<\/div>\n<\/div>\n<\/div>\n<div class=\"row item-row\">\n<div class=\"col-xs-24\">\n<h3><strong>Other ingredients<\/strong><\/h3>\n<div class=\"prodOverviewIngred\">\n<p>glyc\u00e9rol v\u00e9g\u00e9tal, eau purifi\u00e9e USP.<\/p>\n<\/div>\n<\/div>\n<\/div>\n<div class=\"row item-row\">\n<div class=\"col-xs-24\">\n<h3><strong>Warnings<\/strong><\/h3>\n<div class=\"prodOverviewDetail\">\n<p>Tenir hors de port\u00e9e des enfants. Ne pas utiliser si l\u2019opercule de protection est perc\u00e9 ou manquant. Veuillez consulter votre m\u00e9decin ou professionnel de la sant\u00e9 avant toute utilisation si vous \u00eates enceinte, allaitez, suivez un traitement m\u00e9dical, pr\u00e9voyez une proc\u00e9dure m\u00e9dicale ou souffrez d\u2019une affection m\u00e9dicale. Ne pas utiliser de mani\u00e8re prolong\u00e9e \u00e0 de fortes doses, sauf sous la supervision d\u2019un professionnel de la sant\u00e9 qualifi\u00e9.<\/p>\n<p>La r\u00e9glisse ne doit pas \u00eatre consomm\u00e9e si vous souffrez d\u2019une maladie des reins ou du foie, d\u2019hypertension art\u00e9rielle, d\u2019\u0153d\u00e8me ou d\u2019un amenuisement excessif de potassium.<\/p>\n<p>\u00c0 conserver dans un endroit frais et sec.<\/p>\n<table border=\"1\" width=\"100%\" cellspacing=\"0\" cellpadding=\"3\">\n<tbody>\n<tr valign=\"top\">\n<td colspan=\"3\"><strong>Properties<\/strong><\/td>\n<\/tr>\n<tr valign=\"top\">\n<td colspan=\"3\"><strong>Serving:<\/strong>\u00a02\u00a0ml (environ 67\u00a0gouttes)<\/td>\n<\/tr>\n<tr valign=\"top\">\n<td colspan=\"3\"><strong>Servings per container:<\/strong>\u00a015<\/td>\n<\/tr>\n<tr valign=\"top\">\n<td width=\"70%\"><\/td>\n<td width=\"15%\"><strong>Amount per serving<\/strong><\/td>\n<td width=\"15%\"><strong>%\u00a0d\u2019apport journalier<\/strong><\/td>\n<\/tr>\n<tr>\n<td>Calories<\/td>\n<td>5<\/td>\n<td><\/td>\n<\/tr>\n<tr>\n<td>Total Carbohydrates<\/td>\n<td>2\u00a0g<\/td>\n<td><1\u00a0%*<\/td>\n<\/tr>\n<tr valign=\"top\">\n<td>Extrait de racine de r\u00e9glisse<br \/>\n(soit l\u2019\u00e9quivalent de 2000\u00a0mg (1:1) d\u2019herbes s\u00e8ches)<\/td>\n<td>2000\u00a0mg<\/td>\n<td>*<\/td>\n<\/tr>\n<tr valign=\"top\">\n<td colspan=\"3\">*Pourcentage d\u2019apport journalier bas\u00e9 sur un r\u00e9gime \u00e0 2000\u00a0calories.<br \/>\nApport journalier non \u00e9tabli.<\/td>\n<\/tr>\n<\/tbody>\n<\/table>\n<\/div>\n<\/div>\n<\/div>","protected":false},"excerpt":{"rendered":"<ul>\n<li>Herbal supplement<\/li>\n<li>Non-GMO Project Verified<\/li>\n<li>Depuis\u00a01972<\/li>\n<li>Renforce la sant\u00e9 digestive<\/li>\n<li>2000\u00a0mg par portion<\/li>\n<li>Discover Nature&rsquo;s Answer<sup>\u00ae<\/sup><\/li>\n<li>Gluten free<\/li>\n<li>Casher parev\u00e9<\/li>\n<li>Processus d&rsquo;extraction \u00e0 froid Bio-Chelated<sup>\u00ae<\/sup><\/li>\n<\/ul>","protected":false},"featured_media":30021,"template":"","meta":{"om_disable_all_campaigns":false},"product_brand":[248],"product_cat":[18,15,3366],"product_tag":[9060,9061,1757,5270,9058,3492,249,9059,6664,4273],"class_list":{"0":"post-30020","1":"product","2":"type-product","3":"status-publish","4":"has-post-thumbnail","6":"product_brand-natures-answer","7":"product_cat-beaute-sante","8":"product_cat-beaute-sante-complements-alimentaires-soins-et-bien-etre-au-meilleur-prix","9":"product_cat-complements-alimentaires-au-maroc-vitablanca","10":"product_tag-2000-mg","11":"product_tag-bien-etre-respiratoire","12":"product_tag-complement-naturel","13":"product_tag-extrait-liquide","14":"product_tag-licorice-root","15":"product_tag-maroc","16":"product_tag-natures-answer","17":"product_tag-racine-de-reglisse","18":"product_tag-sans-alcool","19":"product_tag-sante-digestive","21":"first","22":"instock","23":"sale","24":"taxable","25":"shipping-taxable","26":"purchasable","27":"product-type-simple"},"yoast_head":"<!-- This site is optimized with the Yoast SEO plugin v27.5 - https:\/\/yoast.com\/product\/yoast-seo-wordpress\/ -->\n<title>Nature\u2019s Answer Licorice Root 2000 mg Sans Alcool \u2013 Maroc Prix<\/title>\n<meta name=\"description\" content=\"Nature\u2019s Answer extrait liquide de racine de r\u00e9glisse 2000 mg, 30 ml sans alcool. Soutient la digestion et le bien-\u00eatre respiratoire. Disponible au Maroc.\" \/>\n<meta name=\"robots\" content=\"index, follow, max-snippet:-1, max-image-preview:large, max-video-preview:-1\" \/>\n<link rel=\"canonical\" href=\"https:\/\/vitablanca.ma\/en\/product\/natures-answer-licorice-root-licorice-root-liquid-extract-2000-mg-30-ml-maroc-prix\/\" \/>\n<meta property=\"og:locale\" content=\"en_US\" \/>\n<meta property=\"og:type\" content=\"article\" \/>\n<meta property=\"og:title\" content=\"Nature\u2019s Answer Licorice Root 2000 mg Sans Alcool \u2013 Maroc Prix\" \/>\n<meta property=\"og:description\" content=\"Nature\u2019s Answer extrait liquide de racine de r\u00e9glisse 2000 mg, 30 ml sans alcool. Soutient la digestion et le bien-\u00eatre respiratoire. Disponible au Maroc.\" \/>\n<meta property=\"og:url\" content=\"https:\/\/vitablanca.ma\/en\/product\/natures-answer-licorice-root-licorice-root-liquid-extract-2000-mg-30-ml-maroc-prix\/\" \/>\n<meta property=\"og:site_name\" content=\"Vitablanca.ma &ndash; Sant&eacute;, vitalit&eacute; et bien-&ecirc;tre pour tous les Marocains\" \/>\n<meta property=\"article:publisher\" content=\"https:\/\/www.facebook.com\/profile.php?id=61576678196717\" \/>\n<meta property=\"article:modified_time\" content=\"2026-03-02T04:15:41+00:00\" \/>\n<meta property=\"og:image\" content=\"https:\/\/vitablanca.ma\/wp-content\/uploads\/2026\/02\/Natures-Answer-Licorice-Root-Liquid-Extract-Alcohol-Free-2000-mg-30-ml1-2.jpg\" \/>\n\t<meta property=\"og:image:width\" content=\"1600\" \/>\n\t<meta property=\"og:image:height\" content=\"1600\" \/>\n\t<meta property=\"og:image:type\" content=\"image\/jpeg\" \/>\n<meta name=\"twitter:card\" content=\"summary_large_image\" \/>\n<meta name=\"twitter:label1\" content=\"Est. reading time\" \/>\n\t<meta name=\"twitter:data1\" content=\"2 minutes\" \/>\n<script type=\"application\/ld+json\" class=\"yoast-schema-graph\">{\"@context\":\"https:\\\/\\\/schema.org\",\"@graph\":[{\"@type\":[\"WebPage\",\"ItemPage\"],\"@id\":\"https:\\\/\\\/vitablanca.ma\\\/produit\\\/natures-answer-licorice-root-licorice-root-liquid-extract-2000-mg-30-ml-maroc-prix\\\/\",\"url\":\"https:\\\/\\\/vitablanca.ma\\\/produit\\\/natures-answer-licorice-root-licorice-root-liquid-extract-2000-mg-30-ml-maroc-prix\\\/\",\"name\":\"Nature\u2019s Answer Licorice Root 2000 mg Sans Alcool \u2013 Maroc Prix\",\"isPartOf\":{\"@id\":\"https:\\\/\\\/vitablanca.ma\\\/#website\"},\"primaryImageOfPage\":{\"@id\":\"https:\\\/\\\/vitablanca.ma\\\/produit\\\/natures-answer-licorice-root-licorice-root-liquid-extract-2000-mg-30-ml-maroc-prix\\\/#primaryimage\"},\"image\":{\"@id\":\"https:\\\/\\\/vitablanca.ma\\\/produit\\\/natures-answer-licorice-root-licorice-root-liquid-extract-2000-mg-30-ml-maroc-prix\\\/#primaryimage\"},\"thumbnailUrl\":\"https:\\\/\\\/vitablanca.ma\\\/wp-content\\\/uploads\\\/2026\\\/02\\\/Natures-Answer-Licorice-Root-Liquid-Extract-Alcohol-Free-2000-mg-30-ml1-2.jpg\",\"datePublished\":\"2026-02-15T15:53:31+00:00\",\"dateModified\":\"2026-03-02T04:15:41+00:00\",\"description\":\"Nature\u2019s Answer extrait liquide de racine de r\u00e9glisse 2000 mg, 30 ml sans alcool. Soutient la digestion et le bien-\u00eatre respiratoire. Disponible au Maroc.\",\"breadcrumb\":{\"@id\":\"https:\\\/\\\/vitablanca.ma\\\/produit\\\/natures-answer-licorice-root-licorice-root-liquid-extract-2000-mg-30-ml-maroc-prix\\\/#breadcrumb\"},\"inLanguage\":\"en-US\",\"potentialAction\":[{\"@type\":\"ReadAction\",\"target\":[\"https:\\\/\\\/vitablanca.ma\\\/produit\\\/natures-answer-licorice-root-licorice-root-liquid-extract-2000-mg-30-ml-maroc-prix\\\/\"]}]},{\"@type\":\"ImageObject\",\"inLanguage\":\"en-US\",\"@id\":\"https:\\\/\\\/vitablanca.ma\\\/produit\\\/natures-answer-licorice-root-licorice-root-liquid-extract-2000-mg-30-ml-maroc-prix\\\/#primaryimage\",\"url\":\"https:\\\/\\\/vitablanca.ma\\\/wp-content\\\/uploads\\\/2026\\\/02\\\/Natures-Answer-Licorice-Root-Liquid-Extract-Alcohol-Free-2000-mg-30-ml1-2.jpg\",\"contentUrl\":\"https:\\\/\\\/vitablanca.ma\\\/wp-content\\\/uploads\\\/2026\\\/02\\\/Natures-Answer-Licorice-Root-Liquid-Extract-Alcohol-Free-2000-mg-30-ml1-2.jpg\",\"width\":1600,\"height\":1600},{\"@type\":\"BreadcrumbList\",\"@id\":\"https:\\\/\\\/vitablanca.ma\\\/produit\\\/natures-answer-licorice-root-licorice-root-liquid-extract-2000-mg-30-ml-maroc-prix\\\/#breadcrumb\",\"itemListElement\":[{\"@type\":\"ListItem\",\"position\":1,\"name\":\"Home\",\"item\":\"https:\\\/\\\/vitablanca.ma\\\/\"},{\"@type\":\"ListItem\",\"position\":2,\"name\":\"Tous Les Produits\",\"item\":\"https:\\\/\\\/vitablanca.ma\\\/tous-les-produits\\\/\"},{\"@type\":\"ListItem\",\"position\":3,\"name\":\"Nature&#8217;s Answer, Licorice Root, Liquid Extract, Alcohol-Free, 2000 mg, 30 ml\"}]},{\"@type\":\"WebSite\",\"@id\":\"https:\\\/\\\/vitablanca.ma\\\/#website\",\"url\":\"https:\\\/\\\/vitablanca.ma\\\/\",\"name\":\"VitaBlanca.ma | Compl\u00e9ments alimentaires, sant\u00e9 & beaut\u00e9 au Maroc\",\"description\":\"vendre vitamines et compl\u00e9ments premium des USA &amp; Canada, Nouvelle Z\u00e9lande,Maroc (NOW Foods, Solgar, Manuka). Livraison rapide partout au Maroc.\",\"publisher\":{\"@id\":\"https:\\\/\\\/vitablanca.ma\\\/#organization\"},\"alternateName\":\"VitaBlanca.ma\",\"potentialAction\":[{\"@type\":\"SearchAction\",\"target\":{\"@type\":\"EntryPoint\",\"urlTemplate\":\"https:\\\/\\\/vitablanca.ma\\\/?s={search_term_string}\"},\"query-input\":{\"@type\":\"PropertyValueSpecification\",\"valueRequired\":true,\"valueName\":\"search_term_string\"}}],\"inLanguage\":\"en-US\"},{\"@type\":\"Organization\",\"@id\":\"https:\\\/\\\/vitablanca.ma\\\/#organization\",\"name\":\"VitaBlanca\",\"url\":\"https:\\\/\\\/vitablanca.ma\\\/\",\"logo\":{\"@type\":\"ImageObject\",\"inLanguage\":\"en-US\",\"@id\":\"https:\\\/\\\/vitablanca.ma\\\/#\\\/schema\\\/logo\\\/image\\\/\",\"url\":\"https:\\\/\\\/vitablanca.ma\\\/wp-content\\\/uploads\\\/2025\\\/05\\\/cropped-vitablanca.png\",\"contentUrl\":\"https:\\\/\\\/vitablanca.ma\\\/wp-content\\\/uploads\\\/2025\\\/05\\\/cropped-vitablanca.png\",\"width\":360,\"height\":67,\"caption\":\"VitaBlanca\"},\"image\":{\"@id\":\"https:\\\/\\\/vitablanca.ma\\\/#\\\/schema\\\/logo\\\/image\\\/\"},\"sameAs\":[\"https:\\\/\\\/www.facebook.com\\\/profile.php?id=61576678196717\",\"https:\\\/\\\/www.tiktok.com\\\/@vitablanca.ma\",\"https:\\\/\\\/www.instagram.com\\\/vitablanca.ma\\\/\"]}]}<\/script>\n<!-- \/ Yoast SEO plugin. -->","yoast_head_json":{"title":"Nature\u2019s Answer Licorice Root 2000 mg Sans Alcool \u2013 Maroc Prix","description":"Nature\u2019s Answer extrait liquide de racine de r\u00e9glisse 2000 mg, 30 ml sans alcool. Soutient la digestion et le bien-\u00eatre respiratoire. Disponible au Maroc.","robots":{"index":"index","follow":"follow","max-snippet":"max-snippet:-1","max-image-preview":"max-image-preview:large","max-video-preview":"max-video-preview:-1"},"canonical":"https:\/\/vitablanca.ma\/en\/product\/natures-answer-licorice-root-licorice-root-liquid-extract-2000-mg-30-ml-maroc-prix\/","og_locale":"en_US","og_type":"article","og_title":"Nature\u2019s Answer Licorice Root 2000 mg Sans Alcool \u2013 Maroc Prix","og_description":"Nature\u2019s Answer extrait liquide de racine de r\u00e9glisse 2000 mg, 30 ml sans alcool. Soutient la digestion et le bien-\u00eatre respiratoire. Disponible au Maroc.","og_url":"https:\/\/vitablanca.ma\/en\/product\/natures-answer-licorice-root-licorice-root-liquid-extract-2000-mg-30-ml-maroc-prix\/","og_site_name":"Vitablanca.ma &ndash; Sant&eacute;, vitalit&eacute; et bien-&ecirc;tre pour tous les Marocains","article_publisher":"https:\/\/www.facebook.com\/profile.php?id=61576678196717","article_modified_time":"2026-03-02T04:15:41+00:00","og_image":[{"width":1600,"height":1600,"url":"https:\/\/vitablanca.ma\/wp-content\/uploads\/2026\/02\/Natures-Answer-Licorice-Root-Liquid-Extract-Alcohol-Free-2000-mg-30-ml1-2.jpg","type":"image\/jpeg"}],"twitter_card":"summary_large_image","twitter_misc":{"Est. reading time":"2 minutes"},"schema":{"@context":"https:\/\/schema.org","@graph":[{"@type":["WebPage","ItemPage"],"@id":"https:\/\/vitablanca.ma\/produit\/natures-answer-licorice-root-licorice-root-liquid-extract-2000-mg-30-ml-maroc-prix\/","url":"https:\/\/vitablanca.ma\/produit\/natures-answer-licorice-root-licorice-root-liquid-extract-2000-mg-30-ml-maroc-prix\/","name":"Nature\u2019s Answer Licorice Root 2000 mg Sans Alcool \u2013 Maroc Prix","isPartOf":{"@id":"https:\/\/vitablanca.ma\/#website"},"primaryImageOfPage":{"@id":"https:\/\/vitablanca.ma\/produit\/natures-answer-licorice-root-licorice-root-liquid-extract-2000-mg-30-ml-maroc-prix\/#primaryimage"},"image":{"@id":"https:\/\/vitablanca.ma\/produit\/natures-answer-licorice-root-licorice-root-liquid-extract-2000-mg-30-ml-maroc-prix\/#primaryimage"},"thumbnailUrl":"https:\/\/vitablanca.ma\/wp-content\/uploads\/2026\/02\/Natures-Answer-Licorice-Root-Liquid-Extract-Alcohol-Free-2000-mg-30-ml1-2.jpg","datePublished":"2026-02-15T15:53:31+00:00","dateModified":"2026-03-02T04:15:41+00:00","description":"Nature\u2019s Answer extrait liquide de racine de r\u00e9glisse 2000 mg, 30 ml sans alcool. Soutient la digestion et le bien-\u00eatre respiratoire. Disponible au Maroc.","breadcrumb":{"@id":"https:\/\/vitablanca.ma\/produit\/natures-answer-licorice-root-licorice-root-liquid-extract-2000-mg-30-ml-maroc-prix\/#breadcrumb"},"inLanguage":"en-US","potentialAction":[{"@type":"ReadAction","target":["https:\/\/vitablanca.ma\/produit\/natures-answer-licorice-root-licorice-root-liquid-extract-2000-mg-30-ml-maroc-prix\/"]}]},{"@type":"ImageObject","inLanguage":"en-US","@id":"https:\/\/vitablanca.ma\/produit\/natures-answer-licorice-root-licorice-root-liquid-extract-2000-mg-30-ml-maroc-prix\/#primaryimage","url":"https:\/\/vitablanca.ma\/wp-content\/uploads\/2026\/02\/Natures-Answer-Licorice-Root-Liquid-Extract-Alcohol-Free-2000-mg-30-ml1-2.jpg","contentUrl":"https:\/\/vitablanca.ma\/wp-content\/uploads\/2026\/02\/Natures-Answer-Licorice-Root-Liquid-Extract-Alcohol-Free-2000-mg-30-ml1-2.jpg","width":1600,"height":1600},{"@type":"BreadcrumbList","@id":"https:\/\/vitablanca.ma\/produit\/natures-answer-licorice-root-licorice-root-liquid-extract-2000-mg-30-ml-maroc-prix\/#breadcrumb","itemListElement":[{"@type":"ListItem","position":1,"name":"Home","item":"https:\/\/vitablanca.ma\/"},{"@type":"ListItem","position":2,"name":"Tous Les Produits","item":"https:\/\/vitablanca.ma\/tous-les-produits\/"},{"@type":"ListItem","position":3,"name":"Nature&#8217;s Answer, Licorice Root, Liquid Extract, Alcohol-Free, 2000 mg, 30 ml"}]},{"@type":"WebSite","@id":"https:\/\/vitablanca.ma\/#website","url":"https:\/\/vitablanca.ma\/","name":"VitaBlanca.ma | Food supplements, health &amp; beauty in Morocco","description":"sell premium vitamins and supplements from USA &amp; Canada, New Zealand, Morocco (NOW Foods, Solgar, Manuka). Fast delivery anywhere in Morocco.","publisher":{"@id":"https:\/\/vitablanca.ma\/#organization"},"alternateName":"VitaBlanca.ma","potentialAction":[{"@type":"SearchAction","target":{"@type":"EntryPoint","urlTemplate":"https:\/\/vitablanca.ma\/?s={search_term_string}"},"query-input":{"@type":"PropertyValueSpecification","valueRequired":true,"valueName":"search_term_string"}}],"inLanguage":"en-US"},{"@type":"Organization","@id":"https:\/\/vitablanca.ma\/#organization","name":"VitaBlanca","url":"https:\/\/vitablanca.ma\/","logo":{"@type":"ImageObject","inLanguage":"en-US","@id":"https:\/\/vitablanca.ma\/#\/schema\/logo\/image\/","url":"https:\/\/vitablanca.ma\/wp-content\/uploads\/2025\/05\/cropped-vitablanca.png","contentUrl":"https:\/\/vitablanca.ma\/wp-content\/uploads\/2025\/05\/cropped-vitablanca.png","width":360,"height":67,"caption":"VitaBlanca"},"image":{"@id":"https:\/\/vitablanca.ma\/#\/schema\/logo\/image\/"},"sameAs":["https:\/\/www.facebook.com\/profile.php?id=61576678196717","https:\/\/www.tiktok.com\/@vitablanca.ma","https:\/\/www.instagram.com\/vitablanca.ma\/"]}]}},"jetpack_sharing_enabled":true,"_links":{"self":[{"href":"https:\/\/vitablanca.ma\/en\/wp-json\/wp\/v2\/product\/30020","targetHints":{"allow":["GET"]}}],"collection":[{"href":"https:\/\/vitablanca.ma\/en\/wp-json\/wp\/v2\/product"}],"about":[{"href":"https:\/\/vitablanca.ma\/en\/wp-json\/wp\/v2\/types\/product"}],"wp:featuredmedia":[{"embeddable":true,"href":"https:\/\/vitablanca.ma\/en\/wp-json\/wp\/v2\/media\/30021"}],"wp:attachment":[{"href":"https:\/\/vitablanca.ma\/en\/wp-json\/wp\/v2\/media?parent=30020"}],"wp:term":[{"taxonomy":"product_brand","embeddable":true,"href":"https:\/\/vitablanca.ma\/en\/wp-json\/wp\/v2\/product_brand?post=30020"},{"taxonomy":"product_cat","embeddable":true,"href":"https:\/\/vitablanca.ma\/en\/wp-json\/wp\/v2\/product_cat?post=30020"},{"taxonomy":"product_tag","embeddable":true,"href":"https:\/\/vitablanca.ma\/en\/wp-json\/wp\/v2\/product_tag?post=30020"}],"curies":[{"name":"wp","href":"https:\/\/api.w.org\/{rel}","templated":true}]}}