{"id":29979,"date":"2026-02-14T22:36:13","date_gmt":"2026-02-14T22:36:13","guid":{"rendered":"https:\/\/vitablanca.ma\/?post_type=product&#038;p=29979"},"modified":"2026-02-21T16:11:21","modified_gmt":"2026-02-21T16:11:21","slug":"life-extension-sea-iodine-1000-%c2%b5g-60-vegetarian-capsules-maroc-prix","status":"publish","type":"product","link":"https:\/\/vitablanca.ma\/en\/product\/life-extension-sea-iodine-1000-%c2%b5g-60-vegetarian-capsules-maroc-prix\/","title":{"rendered":"Life Extension Sea-Iodine, 1000 \u00b5g 60 vegetarian capsules"},"content":{"rendered":"<div class=\"row item-row\">\n<div class=\"col-xs-24\">\n<div>\n<p id=\"isPasted\">L&rsquo;iode est un oligo\u00e9l\u00e9ment essentiel et b\u00e9n\u00e9fique pour la sant\u00e9. Son principal r\u00f4le biologique est de soutenir la production d&rsquo;hormones thyro\u00efdiennes. Sea-Iodine\u2122 fournit 1000\u00a0\u00b5g de cet \u00e9l\u00e9ment essentiel.<\/p>\n<p><strong>Qu&rsquo;est-ce que Sea-Iodine\u00a0?<\/strong><\/p>\n<p>L&rsquo;iode est un oligo\u00e9l\u00e9ment essentiel et b\u00e9n\u00e9fique pour la sant\u00e9, g\u00e9n\u00e9ralement ing\u00e9r\u00e9 en consommant du sel de table. Mais de nombreuses personnes \u00e9vitent le sel pour des raisons de sant\u00e9. Sea-Iodine\u2122 fournit 1000\u00a0\u00b5g de cet \u00e9l\u00e9ment essentiel, sans augmenter votre consommation de sel. Am\u00e9liorez la sant\u00e9 de votre thyro\u00efde et de votre corps avec Sea-Iodine\u2122.<\/p>\n<p>Sea-Iodine\u2122 utilise des ingr\u00e9dients r\u00e9colt\u00e9s \u00e0 partir d&rsquo;un m\u00e9lange d&rsquo;algues marines biologiques pour soutenir des taux d&rsquo;iode sains.<\/p>\n<p><strong>Bienfaits de Sea-Iodine\u2122<\/strong><\/p>\n<ul>\n<li>Essentiel \u00e0 la sant\u00e9 de la thyro\u00efde<\/li>\n<li>Soutient des taux d&rsquo;iode sains, sans sel<\/li>\n<li>Moyen pratique d&rsquo;obtenir votre apport quotidien en iode<\/li>\n<\/ul>\n<p><strong>Qu&rsquo;est-ce que l&rsquo;iode\u00a0?<\/strong><\/p>\n<p id=\"isPasted\">L&rsquo;iode est un oligo-\u00e9l\u00e9ment qu&rsquo;on trouve g\u00e9n\u00e9ralement dans les fruits de mer. Il facilite la production des hormones thyro\u00efdiennes connues sous le nom de triiodothyronine (T3) et thyroxine (T4).<\/p>\n<p><strong>Oligo\u00e9l\u00e9ment essentiel pour la vie<\/strong><\/p>\n<p id=\"isPasted\">L&rsquo;iode facilite la production de deux importantes hormones thyro\u00efdiennes connues sous le nom de triiodothyronine (T3) et thyroxine (T4). Une glande thyro\u00efde saine agit non seulement comme thermostat de votre corps, mais c&rsquo;est \u00e9galement l&rsquo;un des principaux maintiens du m\u00e9tabolisme, notamment en favorisant la combustion des graisses pour produire de l&rsquo;\u00e9nergie. La formule brevet\u00e9e Sea-Iodine\u2122 aide les individus soucieux de leur sant\u00e9 \u00e0 maintenir des niveaux d&rsquo;iode optimaux, sans sel.<\/p>\n<\/div>\n<\/div>\n<\/div>\n<div class=\"row item-row\">\n<div class=\"col-xs-24\">\n<h3><strong>Usage sugg\u00e9r\u00e9<\/strong><\/h3>\n<div class=\"prodOverviewDetail\">\n<p>Lisez l&rsquo;\u00e9tiquette dans son int\u00e9gralit\u00e9 et suivez attentivement les instructions.<\/p>\n<p>Prenez une (1)\u00a0capsule par jour ou suivez les recommandations d&rsquo;un professionnel de la sant\u00e9.<\/p>\n<p>Ne pas d\u00e9passer la dose recommand\u00e9e.<\/p>\n<\/div>\n<\/div>\n<\/div>\n<div class=\"row item-row\">\n<div class=\"col-xs-24\">\n<h3><strong>Autres ingr\u00e9dients<\/strong><\/h3>\n<div class=\"prodOverviewIngred\">\n<p>Cellulose microcristalline, cellulose v\u00e9g\u00e9tale (capsule), silice, acide st\u00e9arique.<\/p>\n<\/div>\n<\/div>\n<\/div>\n<div class=\"row item-row\">\n<div class=\"col-xs-24\">\n<h3><strong>Avertissements<\/strong><\/h3>\n<div class=\"prodOverviewDetail\">\n<p>Si vous souffrez d&rsquo;un probl\u00e8me thyro\u00efdien ou que vous prenez des m\u00e9dicaments antithyro\u00efdiens, ne pas utiliser ce produit sans consulter votre professionnel de la sant\u00e9.<\/p>\n<ul>\n<li>Tenir hors de port\u00e9e des enfants.<\/li>\n<li>Ne pas acheter si l&rsquo;opercule est ab\u00eem\u00e9.<\/li>\n<li>Consultez votre m\u00e9decin si vous suivez un traitement pour une affection m\u00e9dicale, si vous \u00eates enceinte ou si vous allaitez.<\/li>\n<\/ul>\n<p>Conserver herm\u00e9tiquement ferm\u00e9 dans un endroit frais et sec.<\/p>\n<table border=\"1\" width=\"100%\" cellspacing=\"0\" cellpadding=\"3\">\n<tbody>\n<tr valign=\"top\">\n<td colspan=\"3\"><strong>Propri\u00e9t\u00e9s<\/strong><\/td>\n<\/tr>\n<tr valign=\"top\">\n<td colspan=\"3\"><strong>Portion\u00a0:<\/strong>\u00a01\u00a0capsule v\u00e9g\u00e9tarienne<\/td>\n<\/tr>\n<tr valign=\"top\">\n<td width=\"70%\"><\/td>\n<td width=\"15%\"><strong>Quantit\u00e9 par portion<\/strong><\/td>\n<td width=\"15%\"><strong>%\u00a0d&rsquo;apport journalier<\/strong><\/td>\n<\/tr>\n<tr valign=\"top\">\n<td>Iode [issu du m\u00e9lange du\u00a0<strong>complexe Sea-Iodine\u2122<\/strong>\u00a0(extraits de kelp et de fucus v\u00e9siculeux biologiques, iodure de potassium)]<\/td>\n<td>1000\u00a0\u00b5g<\/td>\n<td>667\u00a0%<\/td>\n<\/tr>\n<\/tbody>\n<\/table>\n<\/div>\n<\/div>\n<\/div>\n","protected":false},"excerpt":{"rendered":"<ul>\n<li id=\"isPasted\">Gluten free<\/li>\n<li>Sans OGM, certifi\u00e9e\u00a0LE<\/li>\n<li>Iode au complexe de plantes marines<\/li>\n<li>Food supplement<\/li>\n<\/ul>","protected":false},"featured_media":29980,"template":"","meta":{"om_disable_all_campaigns":false},"product_brand":[283],"product_cat":[9024,18,8967,3366,9022,9023,163,9025],"product_tag":[9027,3318,181,8993,4861,285,3492,1704,8994,9026],"class_list":{"0":"post-29979","1":"product","2":"type-product","3":"status-publish","4":"has-post-thumbnail","6":"product_brand-life-extension-maroc-prix","7":"product_cat-algues","8":"product_cat-beaute-sante","9":"product_cat-complements","10":"product_cat-complements-alimentaires-au-maroc-vitablanca","11":"product_cat-iode","12":"product_cat-legumes-et-superaliments","13":"product_cat-mineraux","14":"product_cat-varech","15":"product_tag-1000-g","16":"product_tag-capsules-vegetariennes","17":"product_tag-complement-alimentaire","18":"product_tag-fonction-thyroidienne","19":"product_tag-iode","20":"product_tag-life-extension","21":"product_tag-maroc","22":"product_tag-metabolisme","23":"product_tag-sante-hormonale","24":"product_tag-sea-iodine","26":"first","27":"instock","28":"sale","29":"taxable","30":"shipping-taxable","31":"purchasable","32":"product-type-simple"},"yoast_head":"<!-- This site is optimized with the Yoast SEO plugin v27.4 - https:\/\/yoast.com\/product\/yoast-seo-wordpress\/ -->\n<title>Life Extension Sea-Iodine 1000 \u00b5g 60 Capsules V\u00e9g \u2013 Maroc Prix<\/title>\n<meta name=\"description\" content=\"Life Extension Sea-Iodine 1000 \u00b5g, 60 capsules v\u00e9g\u00e9tariennes. Soutient la fonction thyro\u00efdienne et l\u2019\u00e9quilibre hormonal. Disponible au Maroc.\" \/>\n<meta name=\"robots\" content=\"index, follow, max-snippet:-1, max-image-preview:large, max-video-preview:-1\" \/>\n<link rel=\"canonical\" href=\"https:\/\/vitablanca.ma\/en\/product\/life-extension-sea-iodine-1000-\u00b5g-60-vegetarian-capsules-maroc-prix\/\" \/>\n<meta property=\"og:locale\" content=\"en_US\" \/>\n<meta property=\"og:type\" content=\"article\" \/>\n<meta property=\"og:title\" content=\"Life Extension Sea-Iodine 1000 \u00b5g 60 Capsules V\u00e9g \u2013 Maroc Prix\" \/>\n<meta property=\"og:description\" content=\"Life Extension Sea-Iodine 1000 \u00b5g, 60 capsules v\u00e9g\u00e9tariennes. Soutient la fonction thyro\u00efdienne et l\u2019\u00e9quilibre hormonal. Disponible au Maroc.\" \/>\n<meta property=\"og:url\" content=\"https:\/\/vitablanca.ma\/en\/product\/life-extension-sea-iodine-1000-\u00b5g-60-vegetarian-capsules-maroc-prix\/\" \/>\n<meta property=\"og:site_name\" content=\"Vitablanca.ma &ndash; Sant&eacute;, vitalit&eacute; et bien-&ecirc;tre pour tous les Marocains\" \/>\n<meta property=\"article:publisher\" content=\"https:\/\/www.facebook.com\/profile.php?id=61576678196717\" \/>\n<meta property=\"article:modified_time\" content=\"2026-02-21T16:11:21+00:00\" \/>\n<meta property=\"og:image\" content=\"https:\/\/vitablanca.ma\/wp-content\/uploads\/2026\/02\/Life-Extension-Sea-Iodine-1000-\u00b5g-60-vegetarian-capsules1.jpg\" \/>\n\t<meta property=\"og:image:width\" content=\"1600\" \/>\n\t<meta property=\"og:image:height\" content=\"1600\" \/>\n\t<meta property=\"og:image:type\" content=\"image\/jpeg\" \/>\n<meta name=\"twitter:card\" content=\"summary_large_image\" \/>\n<meta name=\"twitter:label1\" content=\"Est. reading time\" \/>\n\t<meta name=\"twitter:data1\" content=\"3 minutes\" \/>\n<script type=\"application\/ld+json\" class=\"yoast-schema-graph\">{\"@context\":\"https:\\\/\\\/schema.org\",\"@graph\":[{\"@type\":[\"WebPage\",\"ItemPage\"],\"@id\":\"https:\\\/\\\/vitablanca.ma\\\/produit\\\/life-extension-sea-iodine-1000-%c2%b5g-60-vegetarian-capsules-maroc-prix\\\/\",\"url\":\"https:\\\/\\\/vitablanca.ma\\\/produit\\\/life-extension-sea-iodine-1000-%c2%b5g-60-vegetarian-capsules-maroc-prix\\\/\",\"name\":\"Life Extension Sea-Iodine 1000 \u00b5g 60 Capsules V\u00e9g \u2013 Maroc Prix\",\"isPartOf\":{\"@id\":\"https:\\\/\\\/vitablanca.ma\\\/#website\"},\"primaryImageOfPage\":{\"@id\":\"https:\\\/\\\/vitablanca.ma\\\/produit\\\/life-extension-sea-iodine-1000-%c2%b5g-60-vegetarian-capsules-maroc-prix\\\/#primaryimage\"},\"image\":{\"@id\":\"https:\\\/\\\/vitablanca.ma\\\/produit\\\/life-extension-sea-iodine-1000-%c2%b5g-60-vegetarian-capsules-maroc-prix\\\/#primaryimage\"},\"thumbnailUrl\":\"https:\\\/\\\/vitablanca.ma\\\/wp-content\\\/uploads\\\/2026\\\/02\\\/Life-Extension-Sea-Iodine-1000-\u00b5g-60-vegetarian-capsules1.jpg\",\"datePublished\":\"2026-02-14T22:36:13+00:00\",\"dateModified\":\"2026-02-21T16:11:21+00:00\",\"description\":\"Life Extension Sea-Iodine 1000 \u00b5g, 60 capsules v\u00e9g\u00e9tariennes. Soutient la fonction thyro\u00efdienne et l\u2019\u00e9quilibre hormonal. Disponible au Maroc.\",\"breadcrumb\":{\"@id\":\"https:\\\/\\\/vitablanca.ma\\\/produit\\\/life-extension-sea-iodine-1000-%c2%b5g-60-vegetarian-capsules-maroc-prix\\\/#breadcrumb\"},\"inLanguage\":\"en-US\",\"potentialAction\":[{\"@type\":\"ReadAction\",\"target\":[\"https:\\\/\\\/vitablanca.ma\\\/produit\\\/life-extension-sea-iodine-1000-%c2%b5g-60-vegetarian-capsules-maroc-prix\\\/\"]}]},{\"@type\":\"ImageObject\",\"inLanguage\":\"en-US\",\"@id\":\"https:\\\/\\\/vitablanca.ma\\\/produit\\\/life-extension-sea-iodine-1000-%c2%b5g-60-vegetarian-capsules-maroc-prix\\\/#primaryimage\",\"url\":\"https:\\\/\\\/vitablanca.ma\\\/wp-content\\\/uploads\\\/2026\\\/02\\\/Life-Extension-Sea-Iodine-1000-\u00b5g-60-vegetarian-capsules1.jpg\",\"contentUrl\":\"https:\\\/\\\/vitablanca.ma\\\/wp-content\\\/uploads\\\/2026\\\/02\\\/Life-Extension-Sea-Iodine-1000-\u00b5g-60-vegetarian-capsules1.jpg\",\"width\":1600,\"height\":1600},{\"@type\":\"BreadcrumbList\",\"@id\":\"https:\\\/\\\/vitablanca.ma\\\/produit\\\/life-extension-sea-iodine-1000-%c2%b5g-60-vegetarian-capsules-maroc-prix\\\/#breadcrumb\",\"itemListElement\":[{\"@type\":\"ListItem\",\"position\":1,\"name\":\"Home\",\"item\":\"https:\\\/\\\/vitablanca.ma\\\/\"},{\"@type\":\"ListItem\",\"position\":2,\"name\":\"Tous Les Produits\",\"item\":\"https:\\\/\\\/vitablanca.ma\\\/tous-les-produits\\\/\"},{\"@type\":\"ListItem\",\"position\":3,\"name\":\"Life Extension Sea-Iodine, 1000 \u00b5g 60 vegetarian capsules\"}]},{\"@type\":\"WebSite\",\"@id\":\"https:\\\/\\\/vitablanca.ma\\\/#website\",\"url\":\"https:\\\/\\\/vitablanca.ma\\\/\",\"name\":\"VitaBlanca.ma | Compl\u00e9ments alimentaires, sant\u00e9 & beaut\u00e9 au Maroc\",\"description\":\"vendre vitamines et compl\u00e9ments premium des USA &amp; Canada, Nouvelle Z\u00e9lande,Maroc (NOW Foods, Solgar, Manuka). Livraison rapide partout au Maroc.\",\"publisher\":{\"@id\":\"https:\\\/\\\/vitablanca.ma\\\/#organization\"},\"alternateName\":\"VitaBlanca.ma\",\"potentialAction\":[{\"@type\":\"SearchAction\",\"target\":{\"@type\":\"EntryPoint\",\"urlTemplate\":\"https:\\\/\\\/vitablanca.ma\\\/?s={search_term_string}\"},\"query-input\":{\"@type\":\"PropertyValueSpecification\",\"valueRequired\":true,\"valueName\":\"search_term_string\"}}],\"inLanguage\":\"en-US\"},{\"@type\":\"Organization\",\"@id\":\"https:\\\/\\\/vitablanca.ma\\\/#organization\",\"name\":\"VitaBlanca\",\"url\":\"https:\\\/\\\/vitablanca.ma\\\/\",\"logo\":{\"@type\":\"ImageObject\",\"inLanguage\":\"en-US\",\"@id\":\"https:\\\/\\\/vitablanca.ma\\\/#\\\/schema\\\/logo\\\/image\\\/\",\"url\":\"https:\\\/\\\/vitablanca.ma\\\/wp-content\\\/uploads\\\/2025\\\/05\\\/cropped-vitablanca.png\",\"contentUrl\":\"https:\\\/\\\/vitablanca.ma\\\/wp-content\\\/uploads\\\/2025\\\/05\\\/cropped-vitablanca.png\",\"width\":360,\"height\":67,\"caption\":\"VitaBlanca\"},\"image\":{\"@id\":\"https:\\\/\\\/vitablanca.ma\\\/#\\\/schema\\\/logo\\\/image\\\/\"},\"sameAs\":[\"https:\\\/\\\/www.facebook.com\\\/profile.php?id=61576678196717\",\"https:\\\/\\\/www.tiktok.com\\\/@vitablanca.ma\",\"https:\\\/\\\/www.instagram.com\\\/vitablanca.ma\\\/\"]}]}<\/script>\n<!-- \/ Yoast SEO plugin. -->","yoast_head_json":{"title":"Life Extension Sea-Iodine 1000 \u00b5g 60 Capsules V\u00e9g \u2013 Maroc Prix","description":"Life Extension Sea-Iodine 1000 \u00b5g, 60 capsules v\u00e9g\u00e9tariennes. Soutient la fonction thyro\u00efdienne et l\u2019\u00e9quilibre hormonal. Disponible au Maroc.","robots":{"index":"index","follow":"follow","max-snippet":"max-snippet:-1","max-image-preview":"max-image-preview:large","max-video-preview":"max-video-preview:-1"},"canonical":"https:\/\/vitablanca.ma\/en\/product\/life-extension-sea-iodine-1000-\u00b5g-60-vegetarian-capsules-maroc-prix\/","og_locale":"en_US","og_type":"article","og_title":"Life Extension Sea-Iodine 1000 \u00b5g 60 Capsules V\u00e9g \u2013 Maroc Prix","og_description":"Life Extension Sea-Iodine 1000 \u00b5g, 60 capsules v\u00e9g\u00e9tariennes. Soutient la fonction thyro\u00efdienne et l\u2019\u00e9quilibre hormonal. Disponible au Maroc.","og_url":"https:\/\/vitablanca.ma\/en\/product\/life-extension-sea-iodine-1000-\u00b5g-60-vegetarian-capsules-maroc-prix\/","og_site_name":"Vitablanca.ma &ndash; Sant&eacute;, vitalit&eacute; et bien-&ecirc;tre pour tous les Marocains","article_publisher":"https:\/\/www.facebook.com\/profile.php?id=61576678196717","article_modified_time":"2026-02-21T16:11:21+00:00","og_image":[{"width":1600,"height":1600,"url":"https:\/\/vitablanca.ma\/wp-content\/uploads\/2026\/02\/Life-Extension-Sea-Iodine-1000-\u00b5g-60-vegetarian-capsules1.jpg","type":"image\/jpeg"}],"twitter_card":"summary_large_image","twitter_misc":{"Est. reading time":"3 minutes"},"schema":{"@context":"https:\/\/schema.org","@graph":[{"@type":["WebPage","ItemPage"],"@id":"https:\/\/vitablanca.ma\/produit\/life-extension-sea-iodine-1000-%c2%b5g-60-vegetarian-capsules-maroc-prix\/","url":"https:\/\/vitablanca.ma\/produit\/life-extension-sea-iodine-1000-%c2%b5g-60-vegetarian-capsules-maroc-prix\/","name":"Life Extension Sea-Iodine 1000 \u00b5g 60 Capsules V\u00e9g \u2013 Maroc Prix","isPartOf":{"@id":"https:\/\/vitablanca.ma\/#website"},"primaryImageOfPage":{"@id":"https:\/\/vitablanca.ma\/produit\/life-extension-sea-iodine-1000-%c2%b5g-60-vegetarian-capsules-maroc-prix\/#primaryimage"},"image":{"@id":"https:\/\/vitablanca.ma\/produit\/life-extension-sea-iodine-1000-%c2%b5g-60-vegetarian-capsules-maroc-prix\/#primaryimage"},"thumbnailUrl":"https:\/\/vitablanca.ma\/wp-content\/uploads\/2026\/02\/Life-Extension-Sea-Iodine-1000-\u00b5g-60-vegetarian-capsules1.jpg","datePublished":"2026-02-14T22:36:13+00:00","dateModified":"2026-02-21T16:11:21+00:00","description":"Life Extension Sea-Iodine 1000 \u00b5g, 60 capsules v\u00e9g\u00e9tariennes. Soutient la fonction thyro\u00efdienne et l\u2019\u00e9quilibre hormonal. Disponible au Maroc.","breadcrumb":{"@id":"https:\/\/vitablanca.ma\/produit\/life-extension-sea-iodine-1000-%c2%b5g-60-vegetarian-capsules-maroc-prix\/#breadcrumb"},"inLanguage":"en-US","potentialAction":[{"@type":"ReadAction","target":["https:\/\/vitablanca.ma\/produit\/life-extension-sea-iodine-1000-%c2%b5g-60-vegetarian-capsules-maroc-prix\/"]}]},{"@type":"ImageObject","inLanguage":"en-US","@id":"https:\/\/vitablanca.ma\/produit\/life-extension-sea-iodine-1000-%c2%b5g-60-vegetarian-capsules-maroc-prix\/#primaryimage","url":"https:\/\/vitablanca.ma\/wp-content\/uploads\/2026\/02\/Life-Extension-Sea-Iodine-1000-\u00b5g-60-vegetarian-capsules1.jpg","contentUrl":"https:\/\/vitablanca.ma\/wp-content\/uploads\/2026\/02\/Life-Extension-Sea-Iodine-1000-\u00b5g-60-vegetarian-capsules1.jpg","width":1600,"height":1600},{"@type":"BreadcrumbList","@id":"https:\/\/vitablanca.ma\/produit\/life-extension-sea-iodine-1000-%c2%b5g-60-vegetarian-capsules-maroc-prix\/#breadcrumb","itemListElement":[{"@type":"ListItem","position":1,"name":"Home","item":"https:\/\/vitablanca.ma\/"},{"@type":"ListItem","position":2,"name":"Tous Les Produits","item":"https:\/\/vitablanca.ma\/tous-les-produits\/"},{"@type":"ListItem","position":3,"name":"Life Extension Sea-Iodine, 1000 \u00b5g 60 vegetarian capsules"}]},{"@type":"WebSite","@id":"https:\/\/vitablanca.ma\/#website","url":"https:\/\/vitablanca.ma\/","name":"VitaBlanca.ma | Food supplements, health &amp; beauty in Morocco","description":"sell premium vitamins and supplements from USA &amp; Canada, New Zealand, Morocco (NOW Foods, Solgar, Manuka). Fast delivery anywhere in Morocco.","publisher":{"@id":"https:\/\/vitablanca.ma\/#organization"},"alternateName":"VitaBlanca.ma","potentialAction":[{"@type":"SearchAction","target":{"@type":"EntryPoint","urlTemplate":"https:\/\/vitablanca.ma\/?s={search_term_string}"},"query-input":{"@type":"PropertyValueSpecification","valueRequired":true,"valueName":"search_term_string"}}],"inLanguage":"en-US"},{"@type":"Organization","@id":"https:\/\/vitablanca.ma\/#organization","name":"VitaBlanca","url":"https:\/\/vitablanca.ma\/","logo":{"@type":"ImageObject","inLanguage":"en-US","@id":"https:\/\/vitablanca.ma\/#\/schema\/logo\/image\/","url":"https:\/\/vitablanca.ma\/wp-content\/uploads\/2025\/05\/cropped-vitablanca.png","contentUrl":"https:\/\/vitablanca.ma\/wp-content\/uploads\/2025\/05\/cropped-vitablanca.png","width":360,"height":67,"caption":"VitaBlanca"},"image":{"@id":"https:\/\/vitablanca.ma\/#\/schema\/logo\/image\/"},"sameAs":["https:\/\/www.facebook.com\/profile.php?id=61576678196717","https:\/\/www.tiktok.com\/@vitablanca.ma","https:\/\/www.instagram.com\/vitablanca.ma\/"]}]}},"jetpack_sharing_enabled":true,"_links":{"self":[{"href":"https:\/\/vitablanca.ma\/en\/wp-json\/wp\/v2\/product\/29979","targetHints":{"allow":["GET"]}}],"collection":[{"href":"https:\/\/vitablanca.ma\/en\/wp-json\/wp\/v2\/product"}],"about":[{"href":"https:\/\/vitablanca.ma\/en\/wp-json\/wp\/v2\/types\/product"}],"wp:featuredmedia":[{"embeddable":true,"href":"https:\/\/vitablanca.ma\/en\/wp-json\/wp\/v2\/media\/29980"}],"wp:attachment":[{"href":"https:\/\/vitablanca.ma\/en\/wp-json\/wp\/v2\/media?parent=29979"}],"wp:term":[{"taxonomy":"product_brand","embeddable":true,"href":"https:\/\/vitablanca.ma\/en\/wp-json\/wp\/v2\/product_brand?post=29979"},{"taxonomy":"product_cat","embeddable":true,"href":"https:\/\/vitablanca.ma\/en\/wp-json\/wp\/v2\/product_cat?post=29979"},{"taxonomy":"product_tag","embeddable":true,"href":"https:\/\/vitablanca.ma\/en\/wp-json\/wp\/v2\/product_tag?post=29979"}],"curies":[{"name":"wp","href":"https:\/\/api.w.org\/{rel}","templated":true}]}}