{"id":29910,"date":"2026-02-13T14:58:34","date_gmt":"2026-02-13T14:58:34","guid":{"rendered":"https:\/\/vitablanca.ma\/?post_type=product&#038;p=29910"},"modified":"2026-02-21T16:11:23","modified_gmt":"2026-02-21T16:11:23","slug":"solgar-resveratrol-100-mg-60-vegetarian-capsules-maroc-prix","status":"publish","type":"product","link":"https:\/\/vitablanca.ma\/en\/product\/solgar-resveratrol-100-mg-60-vegetarian-capsules-maroc-prix\/","title":{"rendered":"Solgar Resveratrol 100 mg 60 vegetarian capsules"},"content":{"rendered":"<div class=\"row item-row\">\n<div class=\"col-xs-24\">\n<div>\n<p>Le resv\u00e9ratrol est un polyph\u00e9nol naturel pr\u00e9sent dans le vin rouge, les arachides et certaines plantes, dont la renou\u00e9e du Japon. Il s\u2019agit d\u2019une petite mol\u00e9cule class\u00e9e comme stilb\u00e8ne. Les polyph\u00e9nols tels que le resv\u00e9ratrol poss\u00e8dent des propri\u00e9t\u00e9s antioxydantes b\u00e9n\u00e9fiques qui aident \u00e0 combattre les radicaux libres dans l\u2019organisme. Les radicaux libres peuvent provoquer un stress oxydatif susceptible d\u2019endommager les cellules. Chaque capsule v\u00e9g\u00e9tale contient plus de resv\u00e9ratrol qu\u2019une bouteille de vin rouge classique.<\/p>\n<\/div>\n<\/div>\n<\/div>\n<div class=\"row item-row\">\n<div class=\"col-xs-24\">\n<h3><strong>Suggested Use<\/strong><\/h3>\n<div class=\"prodOverviewDetail\">\n<p>Comme suppl\u00e9ment alimentaire pour adultes, prendre une (1) g\u00e9lule v\u00e9g\u00e9tale deux (2) fois par jour, de pr\u00e9f\u00e9rence avec un repas ou selon les directives d\u2019un professionnel de la sant\u00e9.<\/p>\n<\/div>\n<\/div>\n<\/div>\n<div class=\"row item-row\">\n<div class=\"col-xs-24\">\n<h3><strong>Other ingredients<\/strong><\/h3>\n<div class=\"prodOverviewIngred\">\n<p>Phosphate dicalcique, cellulose v\u00e9g\u00e9tale, st\u00e9arate de magn\u00e9sium v\u00e9g\u00e9tal, silice.<\/p>\n<p><strong>Libre de:<\/strong>\u00a0gluten, bl\u00e9, produits laitiers, soja, levure, sucre, sodium, ar\u00f4me artificiel, \u00e9dulcorant, conservateur et colorant.<\/p>\n<\/div>\n<\/div>\n<\/div>\n<div class=\"row item-row\">\n<div class=\"col-xs-24\">\n<h3><strong>Warnings<\/strong><\/h3>\n<div class=\"prodOverviewDetail\">\n<p>Si vous \u00eates enceinte, allaitez, prenez des m\u00e9dicaments ou si vous souffrez d\u2019une maladie, veuillez consulter un professionnel de sant\u00e9 avant de prendre tout compl\u00e9ment alimentaire. Interrompez l\u2019utilisation et consultez votre m\u00e9decin si des effets ind\u00e9sirables apparaissent. Ne convient pas aux personnes de moins de 18 ans. Garder hors de port\u00e9e des enfants. Entreposer \u00e0 la temp\u00e9rature ambiante. Ne pas utiliser si le joint de s\u00e9curit\u00e9 ext\u00e9rieure est absent ou endommag\u00e9.<\/p>\n<table border=\"1\" width=\"100%\" cellspacing=\"0\" cellpadding=\"3\">\n<tbody>\n<tr valign=\"top\">\n<td colspan=\"3\"><strong>Properties<\/strong><\/td>\n<\/tr>\n<tr valign=\"top\">\n<td colspan=\"3\"><strong>Serving:<\/strong>\u00a01\u00a0capsule v\u00e9g\u00e9tale<\/td>\n<\/tr>\n<tr valign=\"top\">\n<td><\/td>\n<td><strong>Quantit\u00e9 par portion\u00a0:<\/strong><\/td>\n<td><strong>%\u00a0d\u2019apport journalier<\/strong><\/td>\n<\/tr>\n<tr valign=\"top\">\n<td>Trans-resv\u00e9ratrol (issu d\u2019extrait de racine de renou\u00e9e du Japon)<\/td>\n<td>100\u00a0mg<\/td>\n<td>**<\/td>\n<\/tr>\n<tr valign=\"top\">\n<td colspan=\"3\">**\u00a0Apport journalier non \u00e9tabli.<\/td>\n<\/tr>\n<\/tbody>\n<\/table>\n<\/div>\n<\/div>\n<\/div>","protected":false},"excerpt":{"rendered":"<ul>\n<li>Depuis\u00a01947<\/li>\n<li>Renou\u00e9e du Japon<\/li>\n<li>Sant\u00e9 antioxydante<\/li>\n<li>GMO-free<\/li>\n<li>Certifi\u00e9e sans gluten<\/li>\n<li>Sans bl\u00e9 ni produits laitiers<\/li>\n<li>Suitable for vegans<\/li>\n<li>Casher parev\u00e9<\/li>\n<li>Food supplement<\/li>\n<\/ul>","protected":false},"featured_media":29911,"template":"","meta":[],"product_brand":[42],"product_cat":[7979,18,8967,3366,8979],"product_tag":[327,441,1699,3318,181,3492,602,834,208,8980],"class_list":{"0":"post-29910","1":"product","2":"type-product","3":"status-publish","4":"has-post-thumbnail","6":"product_brand-solgar-prix-maroc","7":"product_cat-antioxydants-2","8":"product_cat-beaute-sante","9":"product_cat-complements","10":"product_cat-complements-alimentaires-au-maroc-vitablanca","11":"product_cat-resveratrol-2","12":"product_tag-100-mg","13":"product_tag-antioxydant","14":"product_tag-bien-etre","15":"product_tag-capsules-vegetariennes","16":"product_tag-complement-alimentaire","17":"product_tag-maroc","18":"product_tag-resveratrol","19":"product_tag-sante-cardiovasculaire","20":"product_tag-solgar","21":"product_tag-vieillissement-cellulaire","23":"first","24":"instock","25":"sale","26":"taxable","27":"shipping-taxable","28":"purchasable","29":"product-type-simple"},"yoast_head":"<!-- This site is optimized with the Yoast SEO plugin v27.6 - https:\/\/yoast.com\/product\/yoast-seo-wordpress\/ -->\n<title>Solgar Resveratrol 100 mg 60 Capsules V\u00e9g\u00e9tarienne \u2013 Maroc Prix<\/title>\n<meta name=\"description\" content=\"Solgar Resveratrol 100 mg, 60 capsules v\u00e9g\u00e9tariennes puissant antioxydant soutient la sant\u00e9 cardiovasculaire et le bien-\u00eatre cellulaire. Disponible au Maroc\" \/>\n<meta name=\"robots\" content=\"index, follow, max-snippet:-1, max-image-preview:large, max-video-preview:-1\" \/>\n<link rel=\"canonical\" href=\"https:\/\/vitablanca.ma\/en\/product\/solgar-resveratrol-100-mg-60-vegetarian-capsules-maroc-prix\/\" \/>\n<meta property=\"og:locale\" content=\"en_US\" \/>\n<meta property=\"og:type\" content=\"article\" \/>\n<meta property=\"og:title\" content=\"Solgar Resveratrol 100 mg 60 Capsules V\u00e9g\u00e9tarienne \u2013 Maroc Prix\" \/>\n<meta property=\"og:description\" content=\"Solgar Resveratrol 100 mg, 60 capsules v\u00e9g\u00e9tariennes puissant antioxydant soutient la sant\u00e9 cardiovasculaire et le bien-\u00eatre cellulaire. Disponible au Maroc\" \/>\n<meta property=\"og:url\" content=\"https:\/\/vitablanca.ma\/en\/product\/solgar-resveratrol-100-mg-60-vegetarian-capsules-maroc-prix\/\" \/>\n<meta property=\"og:site_name\" content=\"Vitablanca.ma &ndash; Sant&eacute;, vitalit&eacute; et bien-&ecirc;tre pour tous les Marocains\" \/>\n<meta property=\"article:publisher\" content=\"https:\/\/www.facebook.com\/profile.php?id=61576678196717\" \/>\n<meta property=\"article:modified_time\" content=\"2026-02-21T16:11:23+00:00\" \/>\n<meta property=\"og:image\" content=\"https:\/\/vitablanca.ma\/wp-content\/uploads\/2026\/02\/Solgar-Resveratrol-100-mg-60-vegetarian-capsules1-1.jpg\" \/>\n\t<meta property=\"og:image:width\" content=\"1600\" \/>\n\t<meta property=\"og:image:height\" content=\"1600\" \/>\n\t<meta property=\"og:image:type\" content=\"image\/jpeg\" \/>\n<meta name=\"twitter:card\" content=\"summary_large_image\" \/>\n<meta name=\"twitter:label1\" content=\"Est. reading time\" \/>\n\t<meta name=\"twitter:data1\" content=\"2 minutes\" \/>\n<script type=\"application\/ld+json\" class=\"yoast-schema-graph\">{\"@context\":\"https:\\\/\\\/schema.org\",\"@graph\":[{\"@type\":[\"WebPage\",\"ItemPage\"],\"@id\":\"https:\\\/\\\/vitablanca.ma\\\/produit\\\/solgar-resveratrol-100-mg-60-vegetarian-capsules-maroc-prix\\\/\",\"url\":\"https:\\\/\\\/vitablanca.ma\\\/produit\\\/solgar-resveratrol-100-mg-60-vegetarian-capsules-maroc-prix\\\/\",\"name\":\"Solgar Resveratrol 100 mg 60 Capsules V\u00e9g\u00e9tarienne \u2013 Maroc Prix\",\"isPartOf\":{\"@id\":\"https:\\\/\\\/vitablanca.ma\\\/#website\"},\"primaryImageOfPage\":{\"@id\":\"https:\\\/\\\/vitablanca.ma\\\/produit\\\/solgar-resveratrol-100-mg-60-vegetarian-capsules-maroc-prix\\\/#primaryimage\"},\"image\":{\"@id\":\"https:\\\/\\\/vitablanca.ma\\\/produit\\\/solgar-resveratrol-100-mg-60-vegetarian-capsules-maroc-prix\\\/#primaryimage\"},\"thumbnailUrl\":\"https:\\\/\\\/vitablanca.ma\\\/wp-content\\\/uploads\\\/2026\\\/02\\\/Solgar-Resveratrol-100-mg-60-vegetarian-capsules1-1.jpg\",\"datePublished\":\"2026-02-13T14:58:34+00:00\",\"dateModified\":\"2026-02-21T16:11:23+00:00\",\"description\":\"Solgar Resveratrol 100 mg, 60 capsules v\u00e9g\u00e9tariennes puissant antioxydant soutient la sant\u00e9 cardiovasculaire et le bien-\u00eatre cellulaire. Disponible au Maroc\",\"breadcrumb\":{\"@id\":\"https:\\\/\\\/vitablanca.ma\\\/produit\\\/solgar-resveratrol-100-mg-60-vegetarian-capsules-maroc-prix\\\/#breadcrumb\"},\"inLanguage\":\"en-US\",\"potentialAction\":[{\"@type\":\"ReadAction\",\"target\":[\"https:\\\/\\\/vitablanca.ma\\\/produit\\\/solgar-resveratrol-100-mg-60-vegetarian-capsules-maroc-prix\\\/\"]}]},{\"@type\":\"ImageObject\",\"inLanguage\":\"en-US\",\"@id\":\"https:\\\/\\\/vitablanca.ma\\\/produit\\\/solgar-resveratrol-100-mg-60-vegetarian-capsules-maroc-prix\\\/#primaryimage\",\"url\":\"https:\\\/\\\/vitablanca.ma\\\/wp-content\\\/uploads\\\/2026\\\/02\\\/Solgar-Resveratrol-100-mg-60-vegetarian-capsules1-1.jpg\",\"contentUrl\":\"https:\\\/\\\/vitablanca.ma\\\/wp-content\\\/uploads\\\/2026\\\/02\\\/Solgar-Resveratrol-100-mg-60-vegetarian-capsules1-1.jpg\",\"width\":1600,\"height\":1600},{\"@type\":\"BreadcrumbList\",\"@id\":\"https:\\\/\\\/vitablanca.ma\\\/produit\\\/solgar-resveratrol-100-mg-60-vegetarian-capsules-maroc-prix\\\/#breadcrumb\",\"itemListElement\":[{\"@type\":\"ListItem\",\"position\":1,\"name\":\"Home\",\"item\":\"https:\\\/\\\/vitablanca.ma\\\/\"},{\"@type\":\"ListItem\",\"position\":2,\"name\":\"Tous Les Produits\",\"item\":\"https:\\\/\\\/vitablanca.ma\\\/tous-les-produits\\\/\"},{\"@type\":\"ListItem\",\"position\":3,\"name\":\"Solgar Resveratrol 100 mg 60 vegetarian capsules\"}]},{\"@type\":\"WebSite\",\"@id\":\"https:\\\/\\\/vitablanca.ma\\\/#website\",\"url\":\"https:\\\/\\\/vitablanca.ma\\\/\",\"name\":\"VitaBlanca.ma | Compl\u00e9ments alimentaires, sant\u00e9 & beaut\u00e9 au Maroc\",\"description\":\"vendre vitamines et compl\u00e9ments premium des USA &amp; Canada, Nouvelle Z\u00e9lande,Maroc (NOW Foods, Solgar, Manuka). Livraison rapide partout au Maroc.\",\"publisher\":{\"@id\":\"https:\\\/\\\/vitablanca.ma\\\/#organization\"},\"alternateName\":\"VitaBlanca.ma\",\"potentialAction\":[{\"@type\":\"SearchAction\",\"target\":{\"@type\":\"EntryPoint\",\"urlTemplate\":\"https:\\\/\\\/vitablanca.ma\\\/?s={search_term_string}\"},\"query-input\":{\"@type\":\"PropertyValueSpecification\",\"valueRequired\":true,\"valueName\":\"search_term_string\"}}],\"inLanguage\":\"en-US\"},{\"@type\":\"Organization\",\"@id\":\"https:\\\/\\\/vitablanca.ma\\\/#organization\",\"name\":\"VitaBlanca\",\"url\":\"https:\\\/\\\/vitablanca.ma\\\/\",\"logo\":{\"@type\":\"ImageObject\",\"inLanguage\":\"en-US\",\"@id\":\"https:\\\/\\\/vitablanca.ma\\\/#\\\/schema\\\/logo\\\/image\\\/\",\"url\":\"https:\\\/\\\/vitablanca.ma\\\/wp-content\\\/uploads\\\/2025\\\/05\\\/cropped-vitablanca.png\",\"contentUrl\":\"https:\\\/\\\/vitablanca.ma\\\/wp-content\\\/uploads\\\/2025\\\/05\\\/cropped-vitablanca.png\",\"width\":360,\"height\":67,\"caption\":\"VitaBlanca\"},\"image\":{\"@id\":\"https:\\\/\\\/vitablanca.ma\\\/#\\\/schema\\\/logo\\\/image\\\/\"},\"sameAs\":[\"https:\\\/\\\/www.facebook.com\\\/profile.php?id=61576678196717\",\"https:\\\/\\\/www.tiktok.com\\\/@vitablanca.ma\",\"https:\\\/\\\/www.instagram.com\\\/vitablanca.ma\\\/\"]}]}<\/script>\n<!-- \/ Yoast SEO plugin. -->","yoast_head_json":{"title":"Solgar Resveratrol 100 mg 60 Capsules V\u00e9g\u00e9tarienne \u2013 Maroc Prix","description":"Solgar Resveratrol 100 mg, 60 capsules v\u00e9g\u00e9tariennes puissant antioxydant soutient la sant\u00e9 cardiovasculaire et le bien-\u00eatre cellulaire. Disponible au Maroc","robots":{"index":"index","follow":"follow","max-snippet":"max-snippet:-1","max-image-preview":"max-image-preview:large","max-video-preview":"max-video-preview:-1"},"canonical":"https:\/\/vitablanca.ma\/en\/product\/solgar-resveratrol-100-mg-60-vegetarian-capsules-maroc-prix\/","og_locale":"en_US","og_type":"article","og_title":"Solgar Resveratrol 100 mg 60 Capsules V\u00e9g\u00e9tarienne \u2013 Maroc Prix","og_description":"Solgar Resveratrol 100 mg, 60 capsules v\u00e9g\u00e9tariennes puissant antioxydant soutient la sant\u00e9 cardiovasculaire et le bien-\u00eatre cellulaire. Disponible au Maroc","og_url":"https:\/\/vitablanca.ma\/en\/product\/solgar-resveratrol-100-mg-60-vegetarian-capsules-maroc-prix\/","og_site_name":"Vitablanca.ma &ndash; Sant&eacute;, vitalit&eacute; et bien-&ecirc;tre pour tous les Marocains","article_publisher":"https:\/\/www.facebook.com\/profile.php?id=61576678196717","article_modified_time":"2026-02-21T16:11:23+00:00","og_image":[{"width":1600,"height":1600,"url":"https:\/\/vitablanca.ma\/wp-content\/uploads\/2026\/02\/Solgar-Resveratrol-100-mg-60-vegetarian-capsules1-1.jpg","type":"image\/jpeg"}],"twitter_card":"summary_large_image","twitter_misc":{"Est. reading time":"2 minutes"},"schema":{"@context":"https:\/\/schema.org","@graph":[{"@type":["WebPage","ItemPage"],"@id":"https:\/\/vitablanca.ma\/produit\/solgar-resveratrol-100-mg-60-vegetarian-capsules-maroc-prix\/","url":"https:\/\/vitablanca.ma\/produit\/solgar-resveratrol-100-mg-60-vegetarian-capsules-maroc-prix\/","name":"Solgar Resveratrol 100 mg 60 Capsules V\u00e9g\u00e9tarienne \u2013 Maroc Prix","isPartOf":{"@id":"https:\/\/vitablanca.ma\/#website"},"primaryImageOfPage":{"@id":"https:\/\/vitablanca.ma\/produit\/solgar-resveratrol-100-mg-60-vegetarian-capsules-maroc-prix\/#primaryimage"},"image":{"@id":"https:\/\/vitablanca.ma\/produit\/solgar-resveratrol-100-mg-60-vegetarian-capsules-maroc-prix\/#primaryimage"},"thumbnailUrl":"https:\/\/vitablanca.ma\/wp-content\/uploads\/2026\/02\/Solgar-Resveratrol-100-mg-60-vegetarian-capsules1-1.jpg","datePublished":"2026-02-13T14:58:34+00:00","dateModified":"2026-02-21T16:11:23+00:00","description":"Solgar Resveratrol 100 mg, 60 capsules v\u00e9g\u00e9tariennes puissant antioxydant soutient la sant\u00e9 cardiovasculaire et le bien-\u00eatre cellulaire. Disponible au Maroc","breadcrumb":{"@id":"https:\/\/vitablanca.ma\/produit\/solgar-resveratrol-100-mg-60-vegetarian-capsules-maroc-prix\/#breadcrumb"},"inLanguage":"en-US","potentialAction":[{"@type":"ReadAction","target":["https:\/\/vitablanca.ma\/produit\/solgar-resveratrol-100-mg-60-vegetarian-capsules-maroc-prix\/"]}]},{"@type":"ImageObject","inLanguage":"en-US","@id":"https:\/\/vitablanca.ma\/produit\/solgar-resveratrol-100-mg-60-vegetarian-capsules-maroc-prix\/#primaryimage","url":"https:\/\/vitablanca.ma\/wp-content\/uploads\/2026\/02\/Solgar-Resveratrol-100-mg-60-vegetarian-capsules1-1.jpg","contentUrl":"https:\/\/vitablanca.ma\/wp-content\/uploads\/2026\/02\/Solgar-Resveratrol-100-mg-60-vegetarian-capsules1-1.jpg","width":1600,"height":1600},{"@type":"BreadcrumbList","@id":"https:\/\/vitablanca.ma\/produit\/solgar-resveratrol-100-mg-60-vegetarian-capsules-maroc-prix\/#breadcrumb","itemListElement":[{"@type":"ListItem","position":1,"name":"Home","item":"https:\/\/vitablanca.ma\/"},{"@type":"ListItem","position":2,"name":"Tous Les Produits","item":"https:\/\/vitablanca.ma\/tous-les-produits\/"},{"@type":"ListItem","position":3,"name":"Solgar Resveratrol 100 mg 60 vegetarian capsules"}]},{"@type":"WebSite","@id":"https:\/\/vitablanca.ma\/#website","url":"https:\/\/vitablanca.ma\/","name":"VitaBlanca.ma | Food supplements, health &amp; beauty in Morocco","description":"sell premium vitamins and supplements from USA &amp; Canada, New Zealand, Morocco (NOW Foods, Solgar, Manuka). Fast delivery anywhere in Morocco.","publisher":{"@id":"https:\/\/vitablanca.ma\/#organization"},"alternateName":"VitaBlanca.ma","potentialAction":[{"@type":"SearchAction","target":{"@type":"EntryPoint","urlTemplate":"https:\/\/vitablanca.ma\/?s={search_term_string}"},"query-input":{"@type":"PropertyValueSpecification","valueRequired":true,"valueName":"search_term_string"}}],"inLanguage":"en-US"},{"@type":"Organization","@id":"https:\/\/vitablanca.ma\/#organization","name":"VitaBlanca","url":"https:\/\/vitablanca.ma\/","logo":{"@type":"ImageObject","inLanguage":"en-US","@id":"https:\/\/vitablanca.ma\/#\/schema\/logo\/image\/","url":"https:\/\/vitablanca.ma\/wp-content\/uploads\/2025\/05\/cropped-vitablanca.png","contentUrl":"https:\/\/vitablanca.ma\/wp-content\/uploads\/2025\/05\/cropped-vitablanca.png","width":360,"height":67,"caption":"VitaBlanca"},"image":{"@id":"https:\/\/vitablanca.ma\/#\/schema\/logo\/image\/"},"sameAs":["https:\/\/www.facebook.com\/profile.php?id=61576678196717","https:\/\/www.tiktok.com\/@vitablanca.ma","https:\/\/www.instagram.com\/vitablanca.ma\/"]}]}},"jetpack_sharing_enabled":true,"_links":{"self":[{"href":"https:\/\/vitablanca.ma\/en\/wp-json\/wp\/v2\/product\/29910","targetHints":{"allow":["GET"]}}],"collection":[{"href":"https:\/\/vitablanca.ma\/en\/wp-json\/wp\/v2\/product"}],"about":[{"href":"https:\/\/vitablanca.ma\/en\/wp-json\/wp\/v2\/types\/product"}],"wp:featuredmedia":[{"embeddable":true,"href":"https:\/\/vitablanca.ma\/en\/wp-json\/wp\/v2\/media\/29911"}],"wp:attachment":[{"href":"https:\/\/vitablanca.ma\/en\/wp-json\/wp\/v2\/media?parent=29910"}],"wp:term":[{"taxonomy":"product_brand","embeddable":true,"href":"https:\/\/vitablanca.ma\/en\/wp-json\/wp\/v2\/product_brand?post=29910"},{"taxonomy":"product_cat","embeddable":true,"href":"https:\/\/vitablanca.ma\/en\/wp-json\/wp\/v2\/product_cat?post=29910"},{"taxonomy":"product_tag","embeddable":true,"href":"https:\/\/vitablanca.ma\/en\/wp-json\/wp\/v2\/product_tag?post=29910"}],"curies":[{"name":"wp","href":"https:\/\/api.w.org\/{rel}","templated":true}]}}