{"id":29890,"date":"2026-02-12T23:07:36","date_gmt":"2026-02-12T23:07:36","guid":{"rendered":"https:\/\/vitablanca.ma\/?post_type=product&#038;p=29890"},"modified":"2026-03-17T00:16:24","modified_gmt":"2026-03-17T00:16:24","slug":"natural-factors-micronized-l-glutamine-5000-mg-8-oz-226-g-powder-maroc-prix","status":"publish","type":"product","link":"https:\/\/vitablanca.ma\/en\/product\/natural-factors-micronized-l-glutamine-5000-mg-8-oz-226-g-powder-maroc-prix\/","title":{"rendered":"Natural Factors Micronized L-Glutamine, 5,000 mg, 8 oz (226 g) Powder"},"content":{"rendered":"<div class=\"row item-row\">\n<div class=\"col-xs-24\">\n<div>\n<p>La L-Glutamine est un acide amin\u00e9 que l&rsquo;on trouve dans tout l&rsquo;organisme, principalement dans le cerveau, l&rsquo;appareil digestif, les muscles et les cellules du foie. La consommation de compl\u00e9ments en L-glutamine peut aider \u00e0 restaurer les taux plasmatiques de L-glutamine \u00e9puis\u00e9s apr\u00e8s des p\u00e9riodes de stress physique, en plus d&rsquo;acc\u00e9l\u00e9rer le temps de r\u00e9cup\u00e9ration. Parmi les autres bienfaits figurent le soutien du syst\u00e8me immunitaire et de l&rsquo;\u00e9nergie, ainsi que des fonctions digestive et c\u00e9r\u00e9brale saines.<\/p>\n<p>La technologie de micronisation r\u00e9duit consid\u00e9rablement la taille des particules, permettant ainsi \u00e0 votre corps de d\u00e9composer et d&rsquo;absorber plus facilement la glutamine. Les acides amin\u00e9s de Natural\u00a0Factors sont les produits de qualit\u00e9 pharmaceutique de la plus haute qualit\u00e9 qui soient disponibles.<\/p>\n<p><strong>Isura\u2122\u00a0:<\/strong><br \/>\nSans OGM\u00a0: documentation \u2714<br \/>\nSpectrom\u00e9trie de masse\u00a0: produit test\u00e9 en laboratoire \u2714<\/p>\n<\/div>\n<\/div>\n<\/div>\n<div class=\"row item-row\">\n<div class=\"col-xs-24\">\n<h3><strong>Suggested Use<\/strong><\/h3>\n<div class=\"prodOverviewDetail\">\n<p>1\u00a0mesure (5\u00a0g) ou 1\u00a0c. \u00e0 c. bomb\u00e9e par jour ou selon les consignes d&rsquo;un professionnel de la sant\u00e9. La L-glutamine n&rsquo;a pas de go\u00fbt et se m\u00e9lange facilement \u00e0 l&rsquo;eau ou \u00e0 votre boisson pr\u00e9f\u00e9r\u00e9e.<\/p>\n<\/div>\n<\/div>\n<\/div>\n<div class=\"row item-row\">\n<div class=\"col-xs-24\">\n<h3><strong>Other ingredients<\/strong><\/h3>\n<div class=\"prodOverviewIngred\">\n<p>Aucun.<\/p>\n<p>Sans colorants, conservateurs, \u00e9dulcorants artificiels, ni produits laitiers, amidon, sucre, bl\u00e9, gluten, levure, soja, ma\u00efs, \u0153uf, poisson, fruits de mer, produits d&rsquo;origine animale, sel, fruits \u00e0 coque, ni OGM.<\/p>\n<p>Fabriqu\u00e9 par Natural\u00a0Factors pour garantir la s\u00e9curit\u00e9 et l&rsquo;efficacit\u00e9 du produit conform\u00e9ment aux bonnes pratiques de fabrication (BPF) de la FDA et de Sant\u00e9\u00a0Canada.<\/p>\n<table border=\"1\" width=\"100%\" cellspacing=\"0\" cellpadding=\"3\">\n<tbody>\n<tr valign=\"top\">\n<td colspan=\"3\"><strong>Properties<\/strong><\/td>\n<\/tr>\n<tr valign=\"top\">\n<td colspan=\"3\"><strong>Serving:<\/strong>\u00a05 g (1 mesure ou 1 cuill\u00e8re \u00e0 caf\u00e9 bomb\u00e9e)<\/td>\n<\/tr>\n<tr>\n<td colspan=\"3\"><strong>Portions par contenant\u00a0<\/strong>: 45<\/td>\n<\/tr>\n<tr valign=\"top\">\n<td width=\"70%\"><\/td>\n<td width=\"15%\"><strong>Amount per serving<\/strong><\/td>\n<td width=\"15%\"><strong>% daily intake<\/strong><\/td>\n<\/tr>\n<tr valign=\"top\">\n<td>L-glutamine micronis\u00e9e (qualit\u00e9 pharmaceutique)<\/td>\n<td>5\u00a0g<\/td>\n<td>**<\/td>\n<\/tr>\n<tr valign=\"top\">\n<td colspan=\"3\">**\u00a0Apport journalier non \u00e9tabli.<\/td>\n<\/tr>\n<\/tbody>\n<\/table>\n<\/div>\n<\/div>\n<\/div>","protected":false},"excerpt":{"rendered":"<ul>\n<li>Food supplement<\/li>\n<li id=\"isPasted\">5000\u00a0mg<\/li>\n<li>Free-form amino acid<\/li>\n<li>Sant\u00e9 des tissus musculaires et du syst\u00e8me immunitaire<\/li>\n<li>Suitable for vegetarians and vegans<\/li>\n<\/ul>","protected":false},"featured_media":29892,"template":"","meta":{"om_disable_all_campaigns":false},"product_brand":[1808],"product_cat":[7980,18,3366,8952],"product_tag":[8954,8915,1046,4294,8953,3492,2798,8955,1045,4273],"class_list":{"0":"post-29890","1":"product","2":"type-product","3":"status-publish","4":"has-post-thumbnail","6":"product_brand-natural-factors-maroc-prix","7":"product_cat-acides-amines-2","8":"product_cat-beaute-sante","9":"product_cat-complements-alimentaires-au-maroc-vitablanca","10":"product_cat-l-glutamine","11":"product_tag-5000-mg","12":"product_tag-amino-acid","13":"product_tag-complement-sportif","14":"product_tag-endurance","15":"product_tag-l-glutamine","16":"product_tag-maroc","17":"product_tag-natural-factors","18":"product_tag-poudre-micronisee","19":"product_tag-recuperation-musculaire","20":"product_tag-sante-digestive","22":"first","23":"outofstock","24":"sale","25":"taxable","26":"shipping-taxable","27":"purchasable","28":"product-type-simple"},"yoast_head":"<!-- This site is optimized with the Yoast SEO plugin v27.3 - https:\/\/yoast.com\/product\/yoast-seo-wordpress\/ -->\n<title>Natural Factors L-Glutamine Micronis\u00e9e 226 g Poudre \u2013 Maroc Prix<\/title>\n<meta name=\"description\" content=\"Natural Factors L-Glutamine micronis\u00e9e 5 000 mg en poudre 226 g. Soutient la r\u00e9cup\u00e9ration musculaire, l\u2019endurance et la sant\u00e9 digestive. Disponible au Maroc\" \/>\n<meta name=\"robots\" content=\"index, follow, max-snippet:-1, max-image-preview:large, max-video-preview:-1\" \/>\n<link rel=\"canonical\" href=\"https:\/\/vitablanca.ma\/en\/product\/natural-factors-micronized-l-glutamine-5000-mg-8-oz-226-g-powder-maroc-prix\/\" \/>\n<meta property=\"og:locale\" content=\"en_US\" \/>\n<meta property=\"og:type\" content=\"article\" \/>\n<meta property=\"og:title\" content=\"Natural Factors L-Glutamine Micronis\u00e9e 226 g Poudre \u2013 Maroc Prix\" \/>\n<meta property=\"og:description\" content=\"Natural Factors L-Glutamine micronis\u00e9e 5 000 mg en poudre 226 g. Soutient la r\u00e9cup\u00e9ration musculaire, l\u2019endurance et la sant\u00e9 digestive. Disponible au Maroc\" \/>\n<meta property=\"og:url\" content=\"https:\/\/vitablanca.ma\/en\/product\/natural-factors-micronized-l-glutamine-5000-mg-8-oz-226-g-powder-maroc-prix\/\" \/>\n<meta property=\"og:site_name\" content=\"Vitablanca.ma &ndash; Sant&eacute;, vitalit&eacute; et bien-&ecirc;tre pour tous les Marocains\" \/>\n<meta property=\"article:publisher\" content=\"https:\/\/www.facebook.com\/profile.php?id=61576678196717\" \/>\n<meta property=\"article:modified_time\" content=\"2026-03-17T00:16:24+00:00\" \/>\n<meta property=\"og:image\" content=\"https:\/\/vitablanca.ma\/wp-content\/uploads\/2026\/02\/Natural-Factors-Micronized-L-Glutamine-5000-mg-8-oz-226-g-Powder1.jpg\" \/>\n\t<meta property=\"og:image:width\" content=\"1600\" \/>\n\t<meta property=\"og:image:height\" content=\"1600\" \/>\n\t<meta property=\"og:image:type\" content=\"image\/jpeg\" \/>\n<meta name=\"twitter:card\" content=\"summary_large_image\" \/>\n<meta name=\"twitter:label1\" content=\"Est. reading time\" \/>\n\t<meta name=\"twitter:data1\" content=\"2 minutes\" \/>\n<script type=\"application\/ld+json\" class=\"yoast-schema-graph\">{\"@context\":\"https:\\\/\\\/schema.org\",\"@graph\":[{\"@type\":[\"WebPage\",\"ItemPage\"],\"@id\":\"https:\\\/\\\/vitablanca.ma\\\/produit\\\/natural-factors-micronized-l-glutamine-5000-mg-8-oz-226-g-powder-maroc-prix\\\/\",\"url\":\"https:\\\/\\\/vitablanca.ma\\\/produit\\\/natural-factors-micronized-l-glutamine-5000-mg-8-oz-226-g-powder-maroc-prix\\\/\",\"name\":\"Natural Factors L-Glutamine Micronis\u00e9e 226 g Poudre \u2013 Maroc Prix\",\"isPartOf\":{\"@id\":\"https:\\\/\\\/vitablanca.ma\\\/#website\"},\"primaryImageOfPage\":{\"@id\":\"https:\\\/\\\/vitablanca.ma\\\/produit\\\/natural-factors-micronized-l-glutamine-5000-mg-8-oz-226-g-powder-maroc-prix\\\/#primaryimage\"},\"image\":{\"@id\":\"https:\\\/\\\/vitablanca.ma\\\/produit\\\/natural-factors-micronized-l-glutamine-5000-mg-8-oz-226-g-powder-maroc-prix\\\/#primaryimage\"},\"thumbnailUrl\":\"https:\\\/\\\/vitablanca.ma\\\/wp-content\\\/uploads\\\/2026\\\/02\\\/Natural-Factors-Micronized-L-Glutamine-5000-mg-8-oz-226-g-Powder1.jpg\",\"datePublished\":\"2026-02-12T23:07:36+00:00\",\"dateModified\":\"2026-03-17T00:16:24+00:00\",\"description\":\"Natural Factors L-Glutamine micronis\u00e9e 5 000 mg en poudre 226 g. Soutient la r\u00e9cup\u00e9ration musculaire, l\u2019endurance et la sant\u00e9 digestive. Disponible au Maroc\",\"breadcrumb\":{\"@id\":\"https:\\\/\\\/vitablanca.ma\\\/produit\\\/natural-factors-micronized-l-glutamine-5000-mg-8-oz-226-g-powder-maroc-prix\\\/#breadcrumb\"},\"inLanguage\":\"en-US\",\"potentialAction\":[{\"@type\":\"ReadAction\",\"target\":[\"https:\\\/\\\/vitablanca.ma\\\/produit\\\/natural-factors-micronized-l-glutamine-5000-mg-8-oz-226-g-powder-maroc-prix\\\/\"]}]},{\"@type\":\"ImageObject\",\"inLanguage\":\"en-US\",\"@id\":\"https:\\\/\\\/vitablanca.ma\\\/produit\\\/natural-factors-micronized-l-glutamine-5000-mg-8-oz-226-g-powder-maroc-prix\\\/#primaryimage\",\"url\":\"https:\\\/\\\/vitablanca.ma\\\/wp-content\\\/uploads\\\/2026\\\/02\\\/Natural-Factors-Micronized-L-Glutamine-5000-mg-8-oz-226-g-Powder1.jpg\",\"contentUrl\":\"https:\\\/\\\/vitablanca.ma\\\/wp-content\\\/uploads\\\/2026\\\/02\\\/Natural-Factors-Micronized-L-Glutamine-5000-mg-8-oz-226-g-Powder1.jpg\",\"width\":1600,\"height\":1600},{\"@type\":\"BreadcrumbList\",\"@id\":\"https:\\\/\\\/vitablanca.ma\\\/produit\\\/natural-factors-micronized-l-glutamine-5000-mg-8-oz-226-g-powder-maroc-prix\\\/#breadcrumb\",\"itemListElement\":[{\"@type\":\"ListItem\",\"position\":1,\"name\":\"Home\",\"item\":\"https:\\\/\\\/vitablanca.ma\\\/\"},{\"@type\":\"ListItem\",\"position\":2,\"name\":\"Tous Les Produits\",\"item\":\"https:\\\/\\\/vitablanca.ma\\\/tous-les-produits\\\/\"},{\"@type\":\"ListItem\",\"position\":3,\"name\":\"Natural Factors Micronized L-Glutamine, 5,000 mg, 8 oz (226 g) Powder\"}]},{\"@type\":\"WebSite\",\"@id\":\"https:\\\/\\\/vitablanca.ma\\\/#website\",\"url\":\"https:\\\/\\\/vitablanca.ma\\\/\",\"name\":\"VitaBlanca.ma | Compl\u00e9ments alimentaires, sant\u00e9 & beaut\u00e9 au Maroc\",\"description\":\"vendre vitamines et compl\u00e9ments premium des USA &amp; Canada, Nouvelle Z\u00e9lande,Maroc (NOW Foods, Solgar, Manuka). Livraison rapide partout au Maroc.\",\"publisher\":{\"@id\":\"https:\\\/\\\/vitablanca.ma\\\/#organization\"},\"alternateName\":\"VitaBlanca.ma\",\"potentialAction\":[{\"@type\":\"SearchAction\",\"target\":{\"@type\":\"EntryPoint\",\"urlTemplate\":\"https:\\\/\\\/vitablanca.ma\\\/?s={search_term_string}\"},\"query-input\":{\"@type\":\"PropertyValueSpecification\",\"valueRequired\":true,\"valueName\":\"search_term_string\"}}],\"inLanguage\":\"en-US\"},{\"@type\":\"Organization\",\"@id\":\"https:\\\/\\\/vitablanca.ma\\\/#organization\",\"name\":\"VitaBlanca\",\"url\":\"https:\\\/\\\/vitablanca.ma\\\/\",\"logo\":{\"@type\":\"ImageObject\",\"inLanguage\":\"en-US\",\"@id\":\"https:\\\/\\\/vitablanca.ma\\\/#\\\/schema\\\/logo\\\/image\\\/\",\"url\":\"https:\\\/\\\/vitablanca.ma\\\/wp-content\\\/uploads\\\/2025\\\/05\\\/cropped-vitablanca.png\",\"contentUrl\":\"https:\\\/\\\/vitablanca.ma\\\/wp-content\\\/uploads\\\/2025\\\/05\\\/cropped-vitablanca.png\",\"width\":360,\"height\":67,\"caption\":\"VitaBlanca\"},\"image\":{\"@id\":\"https:\\\/\\\/vitablanca.ma\\\/#\\\/schema\\\/logo\\\/image\\\/\"},\"sameAs\":[\"https:\\\/\\\/www.facebook.com\\\/profile.php?id=61576678196717\",\"https:\\\/\\\/www.tiktok.com\\\/@vitablanca.ma\",\"https:\\\/\\\/www.instagram.com\\\/vitablanca.ma\\\/\"]}]}<\/script>\n<!-- \/ Yoast SEO plugin. -->","yoast_head_json":{"title":"Natural Factors L-Glutamine Micronis\u00e9e 226 g Poudre \u2013 Maroc Prix","description":"Natural Factors L-Glutamine micronis\u00e9e 5 000 mg en poudre 226 g. Soutient la r\u00e9cup\u00e9ration musculaire, l\u2019endurance et la sant\u00e9 digestive. Disponible au Maroc","robots":{"index":"index","follow":"follow","max-snippet":"max-snippet:-1","max-image-preview":"max-image-preview:large","max-video-preview":"max-video-preview:-1"},"canonical":"https:\/\/vitablanca.ma\/en\/product\/natural-factors-micronized-l-glutamine-5000-mg-8-oz-226-g-powder-maroc-prix\/","og_locale":"en_US","og_type":"article","og_title":"Natural Factors L-Glutamine Micronis\u00e9e 226 g Poudre \u2013 Maroc Prix","og_description":"Natural Factors L-Glutamine micronis\u00e9e 5 000 mg en poudre 226 g. Soutient la r\u00e9cup\u00e9ration musculaire, l\u2019endurance et la sant\u00e9 digestive. Disponible au Maroc","og_url":"https:\/\/vitablanca.ma\/en\/product\/natural-factors-micronized-l-glutamine-5000-mg-8-oz-226-g-powder-maroc-prix\/","og_site_name":"Vitablanca.ma &ndash; Sant&eacute;, vitalit&eacute; et bien-&ecirc;tre pour tous les Marocains","article_publisher":"https:\/\/www.facebook.com\/profile.php?id=61576678196717","article_modified_time":"2026-03-17T00:16:24+00:00","og_image":[{"width":1600,"height":1600,"url":"https:\/\/vitablanca.ma\/wp-content\/uploads\/2026\/02\/Natural-Factors-Micronized-L-Glutamine-5000-mg-8-oz-226-g-Powder1.jpg","type":"image\/jpeg"}],"twitter_card":"summary_large_image","twitter_misc":{"Est. reading time":"2 minutes"},"schema":{"@context":"https:\/\/schema.org","@graph":[{"@type":["WebPage","ItemPage"],"@id":"https:\/\/vitablanca.ma\/produit\/natural-factors-micronized-l-glutamine-5000-mg-8-oz-226-g-powder-maroc-prix\/","url":"https:\/\/vitablanca.ma\/produit\/natural-factors-micronized-l-glutamine-5000-mg-8-oz-226-g-powder-maroc-prix\/","name":"Natural Factors L-Glutamine Micronis\u00e9e 226 g Poudre \u2013 Maroc Prix","isPartOf":{"@id":"https:\/\/vitablanca.ma\/#website"},"primaryImageOfPage":{"@id":"https:\/\/vitablanca.ma\/produit\/natural-factors-micronized-l-glutamine-5000-mg-8-oz-226-g-powder-maroc-prix\/#primaryimage"},"image":{"@id":"https:\/\/vitablanca.ma\/produit\/natural-factors-micronized-l-glutamine-5000-mg-8-oz-226-g-powder-maroc-prix\/#primaryimage"},"thumbnailUrl":"https:\/\/vitablanca.ma\/wp-content\/uploads\/2026\/02\/Natural-Factors-Micronized-L-Glutamine-5000-mg-8-oz-226-g-Powder1.jpg","datePublished":"2026-02-12T23:07:36+00:00","dateModified":"2026-03-17T00:16:24+00:00","description":"Natural Factors L-Glutamine micronis\u00e9e 5 000 mg en poudre 226 g. Soutient la r\u00e9cup\u00e9ration musculaire, l\u2019endurance et la sant\u00e9 digestive. Disponible au Maroc","breadcrumb":{"@id":"https:\/\/vitablanca.ma\/produit\/natural-factors-micronized-l-glutamine-5000-mg-8-oz-226-g-powder-maroc-prix\/#breadcrumb"},"inLanguage":"en-US","potentialAction":[{"@type":"ReadAction","target":["https:\/\/vitablanca.ma\/produit\/natural-factors-micronized-l-glutamine-5000-mg-8-oz-226-g-powder-maroc-prix\/"]}]},{"@type":"ImageObject","inLanguage":"en-US","@id":"https:\/\/vitablanca.ma\/produit\/natural-factors-micronized-l-glutamine-5000-mg-8-oz-226-g-powder-maroc-prix\/#primaryimage","url":"https:\/\/vitablanca.ma\/wp-content\/uploads\/2026\/02\/Natural-Factors-Micronized-L-Glutamine-5000-mg-8-oz-226-g-Powder1.jpg","contentUrl":"https:\/\/vitablanca.ma\/wp-content\/uploads\/2026\/02\/Natural-Factors-Micronized-L-Glutamine-5000-mg-8-oz-226-g-Powder1.jpg","width":1600,"height":1600},{"@type":"BreadcrumbList","@id":"https:\/\/vitablanca.ma\/produit\/natural-factors-micronized-l-glutamine-5000-mg-8-oz-226-g-powder-maroc-prix\/#breadcrumb","itemListElement":[{"@type":"ListItem","position":1,"name":"Home","item":"https:\/\/vitablanca.ma\/"},{"@type":"ListItem","position":2,"name":"Tous Les Produits","item":"https:\/\/vitablanca.ma\/tous-les-produits\/"},{"@type":"ListItem","position":3,"name":"Natural Factors Micronized L-Glutamine, 5,000 mg, 8 oz (226 g) Powder"}]},{"@type":"WebSite","@id":"https:\/\/vitablanca.ma\/#website","url":"https:\/\/vitablanca.ma\/","name":"VitaBlanca.ma | Food supplements, health &amp; beauty in Morocco","description":"sell premium vitamins and supplements from USA &amp; Canada, New Zealand, Morocco (NOW Foods, Solgar, Manuka). Fast delivery anywhere in Morocco.","publisher":{"@id":"https:\/\/vitablanca.ma\/#organization"},"alternateName":"VitaBlanca.ma","potentialAction":[{"@type":"SearchAction","target":{"@type":"EntryPoint","urlTemplate":"https:\/\/vitablanca.ma\/?s={search_term_string}"},"query-input":{"@type":"PropertyValueSpecification","valueRequired":true,"valueName":"search_term_string"}}],"inLanguage":"en-US"},{"@type":"Organization","@id":"https:\/\/vitablanca.ma\/#organization","name":"VitaBlanca","url":"https:\/\/vitablanca.ma\/","logo":{"@type":"ImageObject","inLanguage":"en-US","@id":"https:\/\/vitablanca.ma\/#\/schema\/logo\/image\/","url":"https:\/\/vitablanca.ma\/wp-content\/uploads\/2025\/05\/cropped-vitablanca.png","contentUrl":"https:\/\/vitablanca.ma\/wp-content\/uploads\/2025\/05\/cropped-vitablanca.png","width":360,"height":67,"caption":"VitaBlanca"},"image":{"@id":"https:\/\/vitablanca.ma\/#\/schema\/logo\/image\/"},"sameAs":["https:\/\/www.facebook.com\/profile.php?id=61576678196717","https:\/\/www.tiktok.com\/@vitablanca.ma","https:\/\/www.instagram.com\/vitablanca.ma\/"]}]}},"jetpack_sharing_enabled":true,"_links":{"self":[{"href":"https:\/\/vitablanca.ma\/en\/wp-json\/wp\/v2\/product\/29890","targetHints":{"allow":["GET"]}}],"collection":[{"href":"https:\/\/vitablanca.ma\/en\/wp-json\/wp\/v2\/product"}],"about":[{"href":"https:\/\/vitablanca.ma\/en\/wp-json\/wp\/v2\/types\/product"}],"wp:featuredmedia":[{"embeddable":true,"href":"https:\/\/vitablanca.ma\/en\/wp-json\/wp\/v2\/media\/29892"}],"wp:attachment":[{"href":"https:\/\/vitablanca.ma\/en\/wp-json\/wp\/v2\/media?parent=29890"}],"wp:term":[{"taxonomy":"product_brand","embeddable":true,"href":"https:\/\/vitablanca.ma\/en\/wp-json\/wp\/v2\/product_brand?post=29890"},{"taxonomy":"product_cat","embeddable":true,"href":"https:\/\/vitablanca.ma\/en\/wp-json\/wp\/v2\/product_cat?post=29890"},{"taxonomy":"product_tag","embeddable":true,"href":"https:\/\/vitablanca.ma\/en\/wp-json\/wp\/v2\/product_tag?post=29890"}],"curies":[{"name":"wp","href":"https:\/\/api.w.org\/{rel}","templated":true}]}}