{"id":29886,"date":"2026-02-12T22:56:27","date_gmt":"2026-02-12T22:56:27","guid":{"rendered":"https:\/\/vitablanca.ma\/?post_type=product&#038;p=29886"},"modified":"2026-02-21T16:11:24","modified_gmt":"2026-02-21T16:11:24","slug":"sports-research-omega-3-fish-oil-triple-strength-30-capsules","status":"publish","type":"product","link":"https:\/\/vitablanca.ma\/en\/product\/sports-research-omega-3-fish-oil-triple-strength-30-capsules\/","title":{"rendered":"Sports Research Omega-3 Fish Oil, Triple Strength, 30 Capsules"},"content":{"rendered":"<div>\n<h3><strong>Usage sugg\u00e9r\u00e9<\/strong><\/h3>\n<div>\n<p>En compl\u00e9ment alimentaire pour des adultes en bonne sant\u00e9, prenez 1\u00a0capsule \u00e0 enveloppe molle liquide par jour au moment des repas. Respectez les consignes d\u2019utilisation donn\u00e9es par un professionnel de la sant\u00e9 qualifi\u00e9.<\/p>\n<\/div>\n<\/div>\n<div>\n<h3><strong>Avertissements<\/strong><\/h3>\n<div>\n<p>Tenir hors de port\u00e9e des enfants et des animaux de compagnie. Consultez un professionnel de la sant\u00e9 qualifi\u00e9 avant d\u2019utiliser ce produit, en particulier pendant la grossesse, l\u2019allaitement, en cas d\u2019affections m\u00e9dicales existantes, de traitement m\u00e9dical sur ordonnance (p. ex., des anticoagulants) ou si vous pr\u00e9voyez de subir une intervention chirurgicale. Ne pas d\u00e9passer le dosage quotidien recommand\u00e9. Ne pas utiliser si l\u2019opercule de protection est perc\u00e9 ou manquant. Conserver dans un endroit sec, \u00e0 temp\u00e9rature ambiante. Prot\u00e9ger le produit de la chaleur excessive, du gel, de l\u2019humidit\u00e9 et de la lumi\u00e8re.<\/p>\n<p>\u25b4Sous forme de triglyc\u00e9rides (TG) rTG<\/p>\n<div class=\"supplement-facts-container\">\n<table border=\"1\" width=\"100%\" cellspacing=\"0\" cellpadding=\"3\">\n<tbody>\n<tr align=\"left\" valign=\"top\">\n<td colspan=\"3\"><strong>Propri\u00e9t\u00e9s<\/strong><\/td>\n<\/tr>\n<tr align=\"left\" valign=\"top\">\n<td colspan=\"3\"><strong>Portion\u00a0:\u00a0<\/strong>1\u00a0capsule \u00e0 enveloppe molle<\/td>\n<\/tr>\n<tr align=\"left\" valign=\"top\">\n<td colspan=\"3\"><strong>Portions par contenant\u00a0:\u00a0<\/strong>30<\/td>\n<\/tr>\n<tr align=\"left\" valign=\"top\">\n<td width=\"70%\"><\/td>\n<td width=\"15%\"><strong>Quantit\u00e9 par portion<\/strong><\/td>\n<td width=\"15%\"><strong>%\u00a0d\u2019apport journalier<\/strong><\/td>\n<\/tr>\n<tr align=\"left\" valign=\"top\">\n<td>Calories<\/td>\n<td>15<\/td>\n<td><\/td>\n<\/tr>\n<tr align=\"left\" valign=\"top\">\n<td>Total des lipides<\/td>\n<td>1,5\u00a0g<\/td>\n<td>2\u00a0%**<\/td>\n<\/tr>\n<tr align=\"left\" valign=\"top\">\n<td>Concentr\u00e9 d\u2019huile de poisson sauvage<\/td>\n<td>1250\u00a0mg<\/td>\n<td>*<\/td>\n<\/tr>\n<tr align=\"left\" valign=\"top\">\n<td>Total des acides gras om\u00e9ga-3 sous forme de triglyc\u00e9rides<\/td>\n<td>1055\u00a0mg<\/td>\n<td>*<\/td>\n<\/tr>\n<tr align=\"left\" valign=\"top\">\n<td>Acide eicosapenta\u00e9no\u00efque (EPA)<\/td>\n<td>690\u00a0mg<\/td>\n<td>*<\/td>\n<\/tr>\n<tr align=\"left\" valign=\"top\">\n<td>Acide docosahexa\u00e9no\u00efque (DHA)<\/td>\n<td>310\u00a0mg<\/td>\n<td>*<\/td>\n<\/tr>\n<tr align=\"left\" valign=\"top\">\n<td>Autres acides gras om\u00e9ga-3<\/td>\n<td>55\u00a0mg<\/td>\n<td>*<\/td>\n<\/tr>\n<tr align=\"left\" valign=\"top\">\n<td colspan=\"3\">**\u00a0Pourcentage d\u2019apport journalier bas\u00e9 sur un r\u00e9gime \u00e0 2000\u00a0calories.<br \/>\nApport journalier (AJ) non \u00e9tabli.<\/td>\n<\/tr>\n<\/tbody>\n<\/table>\n<\/div>\n<div>\n<h3><strong>Autres ingr\u00e9dients<\/strong><\/h3>\n<div>\n<p>Capsule \u00e0 enveloppe molle (g\u00e9latine de poisson [tilapia], glyc\u00e9rol v\u00e9g\u00e9tal, eau purifi\u00e9e), tocoph\u00e9rols.<\/p>\n<p>Contient\u00a0: poisson (anchois, sardine et maquereau).<\/p>\n<\/div>\n<\/div>\n<\/div>\n<\/div>\n","protected":false},"excerpt":{"rendered":"<ul>\n<li>Huile de poisson certifi\u00e9e 5\u00a0\u00e9toiles par l&rsquo;IFOS\u00ae<\/li>\n<li>Issue de poissons sauvages p\u00each\u00e9s de mani\u00e8re responsable<\/li>\n<li>Total de 1250\u00a0mg d&rsquo;huile de poisson par portion<\/li>\n<li>Total de 1055\u00a0mg d&rsquo;om\u00e9ga-3 par portion<\/li>\n<li>Food supplement<\/li>\n<li>Made with non-GMO ingredients<\/li>\n<li>Gluten free<\/li>\n<li>Conforme BPF actuelles<\/li>\n<li>Qualit\u00e9 test\u00e9e par un organisme tiers<\/li>\n<li>Certifi\u00e9e sans OGM par Igen<\/li>\n<li>Certifi\u00e9e Friend\u00a0of\u00a0the\u00a0Sea<\/li>\n<li>L&rsquo;om\u00e9ga-3 de SR\u00ae d\u00e9passe les attentes de la Global Organization pour l&rsquo;acide eicosapenta\u00e9no\u00efque et l&rsquo;acide docosahexa\u00e9no\u00efque<\/li>\n<\/ul>","protected":false},"featured_media":29888,"template":"","meta":[],"product_brand":[3628],"product_cat":[18,3366,8946,8948,8011],"product_tag":[5079,8951,181,8949,1745,3492,25,5201,8903,8950],"class_list":{"0":"post-29886","1":"product","2":"type-product","3":"status-publish","4":"has-post-thumbnail","6":"product_brand-sports-research","7":"product_cat-beaute-sante","8":"product_cat-complements-alimentaires-au-maroc-vitablanca","9":"product_cat-complements-pour-le-sport","10":"product_cat-omegas","11":"product_cat-sports","12":"product_tag-articulations","13":"product_tag-cerveau","14":"product_tag-complement-alimentaire","15":"product_tag-fish-oil","16":"product_tag-huile-de-poisson","17":"product_tag-maroc","18":"product_tag-omega-3","19":"product_tag-sante-cardiaque","20":"product_tag-sports-research","21":"product_tag-triple-strength","23":"first","24":"instock","25":"sale","26":"taxable","27":"shipping-taxable","28":"purchasable","29":"product-type-simple"},"yoast_head":"<!-- This site is optimized with the Yoast SEO plugin v27.6 - https:\/\/yoast.com\/product\/yoast-seo-wordpress\/ -->\n<title>Sports Research Omega-3 Fish Oil Triple Strength 30 \u2013 Maroc Prix<\/title>\n<meta name=\"description\" content=\"Sports Research Omega-3 Fish Oil Triple Strength, 30 capsules. Soutient la sant\u00e9 cardiaque, le cerveau et les articulations avec des om\u00e9ga-3 concentr\u00e9s.\" \/>\n<meta name=\"robots\" content=\"index, follow, max-snippet:-1, max-image-preview:large, max-video-preview:-1\" \/>\n<link rel=\"canonical\" href=\"https:\/\/vitablanca.ma\/en\/product\/sports-research-omega-3-fish-oil-triple-strength-30-capsules\/\" \/>\n<meta property=\"og:locale\" content=\"en_US\" \/>\n<meta property=\"og:type\" content=\"article\" \/>\n<meta property=\"og:title\" content=\"Sports Research Omega-3 Fish Oil Triple Strength 30 \u2013 Maroc Prix\" \/>\n<meta property=\"og:description\" content=\"Sports Research Omega-3 Fish Oil Triple Strength, 30 capsules. Soutient la sant\u00e9 cardiaque, le cerveau et les articulations avec des om\u00e9ga-3 concentr\u00e9s.\" \/>\n<meta property=\"og:url\" content=\"https:\/\/vitablanca.ma\/en\/product\/sports-research-omega-3-fish-oil-triple-strength-30-capsules\/\" \/>\n<meta property=\"og:site_name\" content=\"Vitablanca.ma &ndash; Sant&eacute;, vitalit&eacute; et bien-&ecirc;tre pour tous les Marocains\" \/>\n<meta property=\"article:publisher\" content=\"https:\/\/www.facebook.com\/profile.php?id=61576678196717\" \/>\n<meta property=\"article:modified_time\" content=\"2026-02-21T16:11:24+00:00\" \/>\n<meta property=\"og:image\" content=\"https:\/\/vitablanca.ma\/wp-content\/uploads\/2026\/02\/Sports-Research-Omega-3-Fish-Oil-Triple-Strength-30-Capsules2.jpg\" \/>\n\t<meta property=\"og:image:width\" content=\"1600\" \/>\n\t<meta property=\"og:image:height\" content=\"1600\" \/>\n\t<meta property=\"og:image:type\" content=\"image\/jpeg\" \/>\n<meta name=\"twitter:card\" content=\"summary_large_image\" \/>\n<meta name=\"twitter:label1\" content=\"Est. reading time\" \/>\n\t<meta name=\"twitter:data1\" content=\"2 minutes\" \/>\n<script type=\"application\/ld+json\" class=\"yoast-schema-graph\">{\"@context\":\"https:\\\/\\\/schema.org\",\"@graph\":[{\"@type\":[\"WebPage\",\"ItemPage\"],\"@id\":\"https:\\\/\\\/vitablanca.ma\\\/produit\\\/sports-research-omega-3-fish-oil-triple-strength-30-capsules\\\/\",\"url\":\"https:\\\/\\\/vitablanca.ma\\\/produit\\\/sports-research-omega-3-fish-oil-triple-strength-30-capsules\\\/\",\"name\":\"Sports Research Omega-3 Fish Oil Triple Strength 30 \u2013 Maroc Prix\",\"isPartOf\":{\"@id\":\"https:\\\/\\\/vitablanca.ma\\\/#website\"},\"primaryImageOfPage\":{\"@id\":\"https:\\\/\\\/vitablanca.ma\\\/produit\\\/sports-research-omega-3-fish-oil-triple-strength-30-capsules\\\/#primaryimage\"},\"image\":{\"@id\":\"https:\\\/\\\/vitablanca.ma\\\/produit\\\/sports-research-omega-3-fish-oil-triple-strength-30-capsules\\\/#primaryimage\"},\"thumbnailUrl\":\"https:\\\/\\\/vitablanca.ma\\\/wp-content\\\/uploads\\\/2026\\\/02\\\/Sports-Research-Omega-3-Fish-Oil-Triple-Strength-30-Capsules2.jpg\",\"datePublished\":\"2026-02-12T22:56:27+00:00\",\"dateModified\":\"2026-02-21T16:11:24+00:00\",\"description\":\"Sports Research Omega-3 Fish Oil Triple Strength, 30 capsules. Soutient la sant\u00e9 cardiaque, le cerveau et les articulations avec des om\u00e9ga-3 concentr\u00e9s.\",\"breadcrumb\":{\"@id\":\"https:\\\/\\\/vitablanca.ma\\\/produit\\\/sports-research-omega-3-fish-oil-triple-strength-30-capsules\\\/#breadcrumb\"},\"inLanguage\":\"en-US\",\"potentialAction\":[{\"@type\":\"ReadAction\",\"target\":[\"https:\\\/\\\/vitablanca.ma\\\/produit\\\/sports-research-omega-3-fish-oil-triple-strength-30-capsules\\\/\"]}]},{\"@type\":\"ImageObject\",\"inLanguage\":\"en-US\",\"@id\":\"https:\\\/\\\/vitablanca.ma\\\/produit\\\/sports-research-omega-3-fish-oil-triple-strength-30-capsules\\\/#primaryimage\",\"url\":\"https:\\\/\\\/vitablanca.ma\\\/wp-content\\\/uploads\\\/2026\\\/02\\\/Sports-Research-Omega-3-Fish-Oil-Triple-Strength-30-Capsules2.jpg\",\"contentUrl\":\"https:\\\/\\\/vitablanca.ma\\\/wp-content\\\/uploads\\\/2026\\\/02\\\/Sports-Research-Omega-3-Fish-Oil-Triple-Strength-30-Capsules2.jpg\",\"width\":1600,\"height\":1600},{\"@type\":\"BreadcrumbList\",\"@id\":\"https:\\\/\\\/vitablanca.ma\\\/produit\\\/sports-research-omega-3-fish-oil-triple-strength-30-capsules\\\/#breadcrumb\",\"itemListElement\":[{\"@type\":\"ListItem\",\"position\":1,\"name\":\"Home\",\"item\":\"https:\\\/\\\/vitablanca.ma\\\/\"},{\"@type\":\"ListItem\",\"position\":2,\"name\":\"Tous Les Produits\",\"item\":\"https:\\\/\\\/vitablanca.ma\\\/tous-les-produits\\\/\"},{\"@type\":\"ListItem\",\"position\":3,\"name\":\"Sports Research Omega-3 Fish Oil, Triple Strength, 30 Capsules\"}]},{\"@type\":\"WebSite\",\"@id\":\"https:\\\/\\\/vitablanca.ma\\\/#website\",\"url\":\"https:\\\/\\\/vitablanca.ma\\\/\",\"name\":\"VitaBlanca.ma | Compl\u00e9ments alimentaires, sant\u00e9 & beaut\u00e9 au Maroc\",\"description\":\"vendre vitamines et compl\u00e9ments premium des USA &amp; Canada, Nouvelle Z\u00e9lande,Maroc (NOW Foods, Solgar, Manuka). Livraison rapide partout au Maroc.\",\"publisher\":{\"@id\":\"https:\\\/\\\/vitablanca.ma\\\/#organization\"},\"alternateName\":\"VitaBlanca.ma\",\"potentialAction\":[{\"@type\":\"SearchAction\",\"target\":{\"@type\":\"EntryPoint\",\"urlTemplate\":\"https:\\\/\\\/vitablanca.ma\\\/?s={search_term_string}\"},\"query-input\":{\"@type\":\"PropertyValueSpecification\",\"valueRequired\":true,\"valueName\":\"search_term_string\"}}],\"inLanguage\":\"en-US\"},{\"@type\":\"Organization\",\"@id\":\"https:\\\/\\\/vitablanca.ma\\\/#organization\",\"name\":\"VitaBlanca\",\"url\":\"https:\\\/\\\/vitablanca.ma\\\/\",\"logo\":{\"@type\":\"ImageObject\",\"inLanguage\":\"en-US\",\"@id\":\"https:\\\/\\\/vitablanca.ma\\\/#\\\/schema\\\/logo\\\/image\\\/\",\"url\":\"https:\\\/\\\/vitablanca.ma\\\/wp-content\\\/uploads\\\/2025\\\/05\\\/cropped-vitablanca.png\",\"contentUrl\":\"https:\\\/\\\/vitablanca.ma\\\/wp-content\\\/uploads\\\/2025\\\/05\\\/cropped-vitablanca.png\",\"width\":360,\"height\":67,\"caption\":\"VitaBlanca\"},\"image\":{\"@id\":\"https:\\\/\\\/vitablanca.ma\\\/#\\\/schema\\\/logo\\\/image\\\/\"},\"sameAs\":[\"https:\\\/\\\/www.facebook.com\\\/profile.php?id=61576678196717\",\"https:\\\/\\\/www.tiktok.com\\\/@vitablanca.ma\",\"https:\\\/\\\/www.instagram.com\\\/vitablanca.ma\\\/\"]}]}<\/script>\n<!-- \/ Yoast SEO plugin. -->","yoast_head_json":{"title":"Sports Research Omega-3 Fish Oil Triple Strength 30 \u2013 Maroc Prix","description":"Sports Research Omega-3 Fish Oil Triple Strength, 30 capsules. Soutient la sant\u00e9 cardiaque, le cerveau et les articulations avec des om\u00e9ga-3 concentr\u00e9s.","robots":{"index":"index","follow":"follow","max-snippet":"max-snippet:-1","max-image-preview":"max-image-preview:large","max-video-preview":"max-video-preview:-1"},"canonical":"https:\/\/vitablanca.ma\/en\/product\/sports-research-omega-3-fish-oil-triple-strength-30-capsules\/","og_locale":"en_US","og_type":"article","og_title":"Sports Research Omega-3 Fish Oil Triple Strength 30 \u2013 Maroc Prix","og_description":"Sports Research Omega-3 Fish Oil Triple Strength, 30 capsules. Soutient la sant\u00e9 cardiaque, le cerveau et les articulations avec des om\u00e9ga-3 concentr\u00e9s.","og_url":"https:\/\/vitablanca.ma\/en\/product\/sports-research-omega-3-fish-oil-triple-strength-30-capsules\/","og_site_name":"Vitablanca.ma &ndash; Sant&eacute;, vitalit&eacute; et bien-&ecirc;tre pour tous les Marocains","article_publisher":"https:\/\/www.facebook.com\/profile.php?id=61576678196717","article_modified_time":"2026-02-21T16:11:24+00:00","og_image":[{"width":1600,"height":1600,"url":"https:\/\/vitablanca.ma\/wp-content\/uploads\/2026\/02\/Sports-Research-Omega-3-Fish-Oil-Triple-Strength-30-Capsules2.jpg","type":"image\/jpeg"}],"twitter_card":"summary_large_image","twitter_misc":{"Est. reading time":"2 minutes"},"schema":{"@context":"https:\/\/schema.org","@graph":[{"@type":["WebPage","ItemPage"],"@id":"https:\/\/vitablanca.ma\/produit\/sports-research-omega-3-fish-oil-triple-strength-30-capsules\/","url":"https:\/\/vitablanca.ma\/produit\/sports-research-omega-3-fish-oil-triple-strength-30-capsules\/","name":"Sports Research Omega-3 Fish Oil Triple Strength 30 \u2013 Maroc Prix","isPartOf":{"@id":"https:\/\/vitablanca.ma\/#website"},"primaryImageOfPage":{"@id":"https:\/\/vitablanca.ma\/produit\/sports-research-omega-3-fish-oil-triple-strength-30-capsules\/#primaryimage"},"image":{"@id":"https:\/\/vitablanca.ma\/produit\/sports-research-omega-3-fish-oil-triple-strength-30-capsules\/#primaryimage"},"thumbnailUrl":"https:\/\/vitablanca.ma\/wp-content\/uploads\/2026\/02\/Sports-Research-Omega-3-Fish-Oil-Triple-Strength-30-Capsules2.jpg","datePublished":"2026-02-12T22:56:27+00:00","dateModified":"2026-02-21T16:11:24+00:00","description":"Sports Research Omega-3 Fish Oil Triple Strength, 30 capsules. Soutient la sant\u00e9 cardiaque, le cerveau et les articulations avec des om\u00e9ga-3 concentr\u00e9s.","breadcrumb":{"@id":"https:\/\/vitablanca.ma\/produit\/sports-research-omega-3-fish-oil-triple-strength-30-capsules\/#breadcrumb"},"inLanguage":"en-US","potentialAction":[{"@type":"ReadAction","target":["https:\/\/vitablanca.ma\/produit\/sports-research-omega-3-fish-oil-triple-strength-30-capsules\/"]}]},{"@type":"ImageObject","inLanguage":"en-US","@id":"https:\/\/vitablanca.ma\/produit\/sports-research-omega-3-fish-oil-triple-strength-30-capsules\/#primaryimage","url":"https:\/\/vitablanca.ma\/wp-content\/uploads\/2026\/02\/Sports-Research-Omega-3-Fish-Oil-Triple-Strength-30-Capsules2.jpg","contentUrl":"https:\/\/vitablanca.ma\/wp-content\/uploads\/2026\/02\/Sports-Research-Omega-3-Fish-Oil-Triple-Strength-30-Capsules2.jpg","width":1600,"height":1600},{"@type":"BreadcrumbList","@id":"https:\/\/vitablanca.ma\/produit\/sports-research-omega-3-fish-oil-triple-strength-30-capsules\/#breadcrumb","itemListElement":[{"@type":"ListItem","position":1,"name":"Home","item":"https:\/\/vitablanca.ma\/"},{"@type":"ListItem","position":2,"name":"Tous Les Produits","item":"https:\/\/vitablanca.ma\/tous-les-produits\/"},{"@type":"ListItem","position":3,"name":"Sports Research Omega-3 Fish Oil, Triple Strength, 30 Capsules"}]},{"@type":"WebSite","@id":"https:\/\/vitablanca.ma\/#website","url":"https:\/\/vitablanca.ma\/","name":"VitaBlanca.ma | Food supplements, health &amp; beauty in Morocco","description":"sell premium vitamins and supplements from USA &amp; Canada, New Zealand, Morocco (NOW Foods, Solgar, Manuka). Fast delivery anywhere in Morocco.","publisher":{"@id":"https:\/\/vitablanca.ma\/#organization"},"alternateName":"VitaBlanca.ma","potentialAction":[{"@type":"SearchAction","target":{"@type":"EntryPoint","urlTemplate":"https:\/\/vitablanca.ma\/?s={search_term_string}"},"query-input":{"@type":"PropertyValueSpecification","valueRequired":true,"valueName":"search_term_string"}}],"inLanguage":"en-US"},{"@type":"Organization","@id":"https:\/\/vitablanca.ma\/#organization","name":"VitaBlanca","url":"https:\/\/vitablanca.ma\/","logo":{"@type":"ImageObject","inLanguage":"en-US","@id":"https:\/\/vitablanca.ma\/#\/schema\/logo\/image\/","url":"https:\/\/vitablanca.ma\/wp-content\/uploads\/2025\/05\/cropped-vitablanca.png","contentUrl":"https:\/\/vitablanca.ma\/wp-content\/uploads\/2025\/05\/cropped-vitablanca.png","width":360,"height":67,"caption":"VitaBlanca"},"image":{"@id":"https:\/\/vitablanca.ma\/#\/schema\/logo\/image\/"},"sameAs":["https:\/\/www.facebook.com\/profile.php?id=61576678196717","https:\/\/www.tiktok.com\/@vitablanca.ma","https:\/\/www.instagram.com\/vitablanca.ma\/"]}]}},"jetpack_sharing_enabled":true,"_links":{"self":[{"href":"https:\/\/vitablanca.ma\/en\/wp-json\/wp\/v2\/product\/29886","targetHints":{"allow":["GET"]}}],"collection":[{"href":"https:\/\/vitablanca.ma\/en\/wp-json\/wp\/v2\/product"}],"about":[{"href":"https:\/\/vitablanca.ma\/en\/wp-json\/wp\/v2\/types\/product"}],"wp:featuredmedia":[{"embeddable":true,"href":"https:\/\/vitablanca.ma\/en\/wp-json\/wp\/v2\/media\/29888"}],"wp:attachment":[{"href":"https:\/\/vitablanca.ma\/en\/wp-json\/wp\/v2\/media?parent=29886"}],"wp:term":[{"taxonomy":"product_brand","embeddable":true,"href":"https:\/\/vitablanca.ma\/en\/wp-json\/wp\/v2\/product_brand?post=29886"},{"taxonomy":"product_cat","embeddable":true,"href":"https:\/\/vitablanca.ma\/en\/wp-json\/wp\/v2\/product_cat?post=29886"},{"taxonomy":"product_tag","embeddable":true,"href":"https:\/\/vitablanca.ma\/en\/wp-json\/wp\/v2\/product_tag?post=29886"}],"curies":[{"name":"wp","href":"https:\/\/api.w.org\/{rel}","templated":true}]}}