{"id":29850,"date":"2026-02-12T10:06:19","date_gmt":"2026-02-12T10:06:19","guid":{"rendered":"https:\/\/vitablanca.ma\/?post_type=product&#038;p=29850"},"modified":"2026-02-21T16:11:25","modified_gmt":"2026-02-21T16:11:25","slug":"ancient-nutrition-collagen-multi-protein-chocolate-283-2-g-10-oz-maroc-prix","status":"publish","type":"product","link":"https:\/\/vitablanca.ma\/en\/product\/ancient-nutrition-collagen-multi-protein-chocolate-283-2-g-10-oz-maroc-prix\/","title":{"rendered":"Ancient Nutrition, Collagen Multi-Protein, Chocolate, 283.2 g (10 oz)"},"content":{"rendered":"<div class=\"row item-row\">\n<div class=\"col-xs-24\">\n<div>\n<p>Ancient\u00a0Nutrition a un objectif\u00a0: transformer la sant\u00e9 de chaque individu sur la plan\u00e8te gr\u00e2ce aux superaliments les plus puissants au monde.<\/p>\n<p>Nos prot\u00e9ines de multicollag\u00e8ne sont sp\u00e9cialement formul\u00e9es avec 10 types de collag\u00e8ne alimentaire dont l\u2019efficacit\u00e9 est cliniquement prouv\u00e9e pour favoriser la sant\u00e9 des cheveux, de la peau et des articulations, ainsi que le bon fonctionnement de la digestion.<\/p>\n<ul>\n<li>Am\u00e9liore l\u2019apparence des pattes d\u2019oie apr\u00e8s 4 semaines<\/li>\n<li>R\u00e9duit la g\u00eane articulaire en 7 jours<\/li>\n<\/ul>\n<\/div>\n<\/div>\n<\/div>\n<div class=\"row item-row\">\n<div class=\"col-xs-24\">\n<h3><strong>Usage sugg\u00e9r\u00e9<\/strong><\/h3>\n<div class=\"prodOverviewDetail\">\n<p>Les adultes m\u00e9langent une mesure avec 225 ml de liquide.<\/p>\n<p><strong>Essayez ce produit dans\u00a0:<\/strong><\/p>\n<ul>\n<li>Votre caf\u00e9 ou smoothie quotidien<\/li>\n<li>Vos pancakes, porridges ou biscuits<\/li>\n<li>Vos autres plats pr\u00e9f\u00e9r\u00e9s<\/li>\n<\/ul>\n<\/div>\n<\/div>\n<\/div>\n<div class=\"row item-row\">\n<div class=\"col-xs-24\">\n<h3><strong>Autres ingr\u00e9dients<\/strong><\/h3>\n<div class=\"prodOverviewIngred\">\n<p>Cacao biologique alcalinis\u00e9, ar\u00f4me naturel de chocolat, gomme xanthane, gomme de guar, extrait de feuille de st\u00e9via.<\/p>\n<p>Contient\u00a0: \u0153ufs, poisson (aiglefin, morue, et colin).<\/p>\n<p>Fabriqu\u00e9 avec du mat\u00e9riel qui transforme \u00e9galement\u00a0: arachides, fruits \u00e0 coque, lait, graine de soja, bl\u00e9, s\u00e9same, fruits de mer, poisson, \u0153ufs.<\/p>\n<p>Le produit ne contient pas de prot\u00e9ines ou de g\u00e8nes g\u00e9n\u00e9tiquement modifi\u00e9s courants.<\/p>\n<\/div>\n<\/div>\n<\/div>\n<div class=\"row item-row\">\n<div class=\"col-xs-24\">\n<h3><strong>Avertissements<\/strong><\/h3>\n<div class=\"prodOverviewDetail\">\n<p>Consulter un m\u00e9decin avant d\u2019utiliser ce produit ou tout autre compl\u00e9ment alimentaire en cas de grossesse, d\u2019allaitement, d\u2019allergie, d\u2019affection m\u00e9dicale ou de prise de m\u00e9dicaments. Ne pas utiliser si l\u2019opercule de protection int\u00e9rieur est perc\u00e9 ou manquant. Tenir hors de port\u00e9e des enfants.<\/p>\n<p>La couleur et l\u2019odeur peuvent varier d\u2019un lot \u00e0 l\u2019autre. \u00c0 conserver dans un endroit frais et sec. Ce produit est conditionn\u00e9 au poids et non au volume. Une agglom\u00e9ration peut se produire.<\/p>\n<p>Utiliser ce produit comme compl\u00e9ment alimentaire uniquement. Ne pas utiliser dans le cadre d\u2019une perte de poids.<\/p>\n<table border=\"1\" width=\"100%\" cellspacing=\"0\" cellpadding=\"3\">\n<tbody>\n<tr align=\"left\" valign=\"top\">\n<td colspan=\"5\"><strong>Propri\u00e9t\u00e9s<\/strong><\/td>\n<\/tr>\n<tr align=\"left\" valign=\"top\">\n<td colspan=\"5\"><strong>Portion\u00a0:\u00a0<\/strong>1 mesure (11,8 g)<\/td>\n<\/tr>\n<tr align=\"left\" valign=\"top\">\n<td colspan=\"5\"><strong>Portions par contenant\u00a0:\u00a0<\/strong>24<\/td>\n<\/tr>\n<tr align=\"left\" valign=\"top\">\n<td width=\"40%\"><\/td>\n<td width=\"15%\"><strong>Quantit\u00e9 par portion<\/strong><br \/>\n<strong>1 mesure<\/strong><\/td>\n<td width=\"15%\"><strong>%\u00a0d\u2019AJ<\/strong><\/td>\n<td width=\"15%\"><strong>Quantit\u00e9 par portion<\/strong><br \/>\n<strong>2 mesures<\/strong><\/td>\n<td width=\"15%\"><strong>%\u00a0d\u2019AJ<\/strong><\/td>\n<\/tr>\n<tr align=\"left\" valign=\"top\">\n<td>Calories<\/td>\n<td>35\u00a0g<\/td>\n<td><\/td>\n<td>70<\/td>\n<td><\/td>\n<\/tr>\n<tr align=\"left\" valign=\"top\">\n<td>Prot\u00e9ines<\/td>\n<td>9\u00a0g<\/td>\n<td><\/td>\n<td>18\u00a0g<\/td>\n<td><\/td>\n<\/tr>\n<tr>\n<td>Vitamine\u00a0C (issue d\u2019ascorbate [m\u00e9tabolites lipidiques])<\/td>\n<td>90\u00a0mg<\/td>\n<td>100\u00a0%<\/td>\n<td>180\u00a0mg<\/td>\n<td>200\u00a0%<\/td>\n<\/tr>\n<tr align=\"left\" valign=\"top\">\n<td><strong>Complexe multicollag\u00e8ne<\/strong><br \/>\nPeptides de collag\u00e8ne de peau de bovin hydrolys\u00e9s, collag\u00e8ne de membrane de coquille d\u2019\u0153uf ferment\u00e9e\u00a0, concentr\u00e9 de prot\u00e9ines de bouillon d\u2019os de poulet, Bacillus coagulans SNZ-1969 ou IDCC1201 (2 milliards d\u2019UFC\u00b9),\u00a0peptides de collag\u00e8ne de poisson hydrolys\u00e9s.<\/td>\n<td>10\u00a0g<\/td>\n<td>+<\/td>\n<td>20\u00a0g<\/td>\n<td>+<\/td>\n<\/tr>\n<tr align=\"left\" valign=\"top\">\n<td colspan=\"5\">+Apport journalier non \u00e9tabli.<br \/>\n\u00b9 Au moment de la fabrication.<\/td>\n<\/tr>\n<\/tbody>\n<\/table>\n<\/div>\n<\/div>\n<\/div>\n","protected":false},"excerpt":{"rendered":"<ul>\n<li>Ingr\u00e9dients cliniquement \u00e9tudi\u00e9s<\/li>\n<li>10 types de collag\u00e8ne<\/li>\n<li>Vitamine\u00a0C + Probiotiques<\/li>\n<li>20\u00a0g de collag\u00e8ne pour 2\u00a0mesures<\/li>\n<li>Grass-fed, pasture-raised cows<\/li>\n<li>Compl\u00e9ment alimentaire \u00e0 base d&rsquo;aliments entiers<\/li>\n<li>projet ranch<sup>sm<\/sup><\/li>\n<li>Product certified GMO-free by IGEN<\/li>\n<\/ul>","protected":false},"featured_media":29851,"template":"","meta":[],"product_brand":[8916],"product_cat":[18,3366,8875,8062],"product_tag":[8917,5079,8918,4305,181,3492,8920,8880,7749,8919],"class_list":{"0":"post-29850","1":"product","2":"type-product","3":"status-publish","4":"has-post-thumbnail","6":"product_brand-ancient-nutrition","7":"product_cat-beaute-sante","8":"product_cat-complements-alimentaires-au-maroc-vitablanca","9":"product_cat-complements-de-collagene","10":"product_cat-os-articulations-et-cartilage","11":"product_tag-ancient-nutrition","12":"product_tag-articulations","13":"product_tag-collagen-multi-protein","14":"product_tag-collagene","15":"product_tag-complement-alimentaire","16":"product_tag-maroc","17":"product_tag-muscles","18":"product_tag-peau-et-cheveux","19":"product_tag-proteines","20":"product_tag-saveur-chocolat","22":"first","23":"instock","24":"sale","25":"taxable","26":"shipping-taxable","27":"purchasable","28":"product-type-simple"},"yoast_head":"<!-- This site is optimized with the Yoast SEO plugin v27.6 - https:\/\/yoast.com\/product\/yoast-seo-wordpress\/ -->\n<title>Ancient Nutrition Collagen Multi-Protein Chocolate \u2013 Maroc Prix<\/title>\n<meta name=\"description\" content=\"Ancient Nutrition Collagen Multi-Protein saveur chocolat 283.2 g soutient muscles, peau, cheveux ongles et articulations avec plusieurs sources de collag\u00e8ne\" \/>\n<meta name=\"robots\" content=\"index, follow, max-snippet:-1, max-image-preview:large, max-video-preview:-1\" \/>\n<link rel=\"canonical\" href=\"https:\/\/vitablanca.ma\/en\/product\/ancient-nutrition-collagen-multi-protein-chocolate-283-2-g-10-oz-maroc-prix\/\" \/>\n<meta property=\"og:locale\" content=\"en_US\" \/>\n<meta property=\"og:type\" content=\"article\" \/>\n<meta property=\"og:title\" content=\"Ancient Nutrition Collagen Multi-Protein Chocolate \u2013 Maroc Prix\" \/>\n<meta property=\"og:description\" content=\"Ancient Nutrition Collagen Multi-Protein saveur chocolat 283.2 g soutient muscles, peau, cheveux ongles et articulations avec plusieurs sources de collag\u00e8ne\" \/>\n<meta property=\"og:url\" content=\"https:\/\/vitablanca.ma\/en\/product\/ancient-nutrition-collagen-multi-protein-chocolate-283-2-g-10-oz-maroc-prix\/\" \/>\n<meta property=\"og:site_name\" content=\"Vitablanca.ma &ndash; Sant&eacute;, vitalit&eacute; et bien-&ecirc;tre pour tous les Marocains\" \/>\n<meta property=\"article:publisher\" content=\"https:\/\/www.facebook.com\/profile.php?id=61576678196717\" \/>\n<meta property=\"article:modified_time\" content=\"2026-02-21T16:11:25+00:00\" \/>\n<meta property=\"og:image\" content=\"https:\/\/vitablanca.ma\/wp-content\/uploads\/2026\/02\/Ancient-Nutrition-Collagen-Multi-Protein-Chocolate-283.2-g-10-oz1.jpg\" \/>\n\t<meta property=\"og:image:width\" content=\"1600\" \/>\n\t<meta property=\"og:image:height\" content=\"1600\" \/>\n\t<meta property=\"og:image:type\" content=\"image\/jpeg\" \/>\n<meta name=\"twitter:card\" content=\"summary_large_image\" \/>\n<meta name=\"twitter:label1\" content=\"Est. reading time\" \/>\n\t<meta name=\"twitter:data1\" content=\"3 minutes\" \/>\n<script type=\"application\/ld+json\" class=\"yoast-schema-graph\">{\"@context\":\"https:\\\/\\\/schema.org\",\"@graph\":[{\"@type\":[\"WebPage\",\"ItemPage\"],\"@id\":\"https:\\\/\\\/vitablanca.ma\\\/produit\\\/ancient-nutrition-collagen-multi-protein-chocolate-283-2-g-10-oz-maroc-prix\\\/\",\"url\":\"https:\\\/\\\/vitablanca.ma\\\/produit\\\/ancient-nutrition-collagen-multi-protein-chocolate-283-2-g-10-oz-maroc-prix\\\/\",\"name\":\"Ancient Nutrition Collagen Multi-Protein Chocolate \u2013 Maroc Prix\",\"isPartOf\":{\"@id\":\"https:\\\/\\\/vitablanca.ma\\\/#website\"},\"primaryImageOfPage\":{\"@id\":\"https:\\\/\\\/vitablanca.ma\\\/produit\\\/ancient-nutrition-collagen-multi-protein-chocolate-283-2-g-10-oz-maroc-prix\\\/#primaryimage\"},\"image\":{\"@id\":\"https:\\\/\\\/vitablanca.ma\\\/produit\\\/ancient-nutrition-collagen-multi-protein-chocolate-283-2-g-10-oz-maroc-prix\\\/#primaryimage\"},\"thumbnailUrl\":\"https:\\\/\\\/vitablanca.ma\\\/wp-content\\\/uploads\\\/2026\\\/02\\\/Ancient-Nutrition-Collagen-Multi-Protein-Chocolate-283.2-g-10-oz1.jpg\",\"datePublished\":\"2026-02-12T10:06:19+00:00\",\"dateModified\":\"2026-02-21T16:11:25+00:00\",\"description\":\"Ancient Nutrition Collagen Multi-Protein saveur chocolat 283.2 g soutient muscles, peau, cheveux ongles et articulations avec plusieurs sources de collag\u00e8ne\",\"breadcrumb\":{\"@id\":\"https:\\\/\\\/vitablanca.ma\\\/produit\\\/ancient-nutrition-collagen-multi-protein-chocolate-283-2-g-10-oz-maroc-prix\\\/#breadcrumb\"},\"inLanguage\":\"en-US\",\"potentialAction\":[{\"@type\":\"ReadAction\",\"target\":[\"https:\\\/\\\/vitablanca.ma\\\/produit\\\/ancient-nutrition-collagen-multi-protein-chocolate-283-2-g-10-oz-maroc-prix\\\/\"]}]},{\"@type\":\"ImageObject\",\"inLanguage\":\"en-US\",\"@id\":\"https:\\\/\\\/vitablanca.ma\\\/produit\\\/ancient-nutrition-collagen-multi-protein-chocolate-283-2-g-10-oz-maroc-prix\\\/#primaryimage\",\"url\":\"https:\\\/\\\/vitablanca.ma\\\/wp-content\\\/uploads\\\/2026\\\/02\\\/Ancient-Nutrition-Collagen-Multi-Protein-Chocolate-283.2-g-10-oz1.jpg\",\"contentUrl\":\"https:\\\/\\\/vitablanca.ma\\\/wp-content\\\/uploads\\\/2026\\\/02\\\/Ancient-Nutrition-Collagen-Multi-Protein-Chocolate-283.2-g-10-oz1.jpg\",\"width\":1600,\"height\":1600},{\"@type\":\"BreadcrumbList\",\"@id\":\"https:\\\/\\\/vitablanca.ma\\\/produit\\\/ancient-nutrition-collagen-multi-protein-chocolate-283-2-g-10-oz-maroc-prix\\\/#breadcrumb\",\"itemListElement\":[{\"@type\":\"ListItem\",\"position\":1,\"name\":\"Home\",\"item\":\"https:\\\/\\\/vitablanca.ma\\\/\"},{\"@type\":\"ListItem\",\"position\":2,\"name\":\"Tous Les Produits\",\"item\":\"https:\\\/\\\/vitablanca.ma\\\/tous-les-produits\\\/\"},{\"@type\":\"ListItem\",\"position\":3,\"name\":\"Ancient Nutrition, Collagen Multi-Protein, Chocolate, 283.2 g (10 oz)\"}]},{\"@type\":\"WebSite\",\"@id\":\"https:\\\/\\\/vitablanca.ma\\\/#website\",\"url\":\"https:\\\/\\\/vitablanca.ma\\\/\",\"name\":\"VitaBlanca.ma | Compl\u00e9ments alimentaires, sant\u00e9 & beaut\u00e9 au Maroc\",\"description\":\"vendre vitamines et compl\u00e9ments premium des USA &amp; Canada, Nouvelle Z\u00e9lande,Maroc (NOW Foods, Solgar, Manuka). Livraison rapide partout au Maroc.\",\"publisher\":{\"@id\":\"https:\\\/\\\/vitablanca.ma\\\/#organization\"},\"alternateName\":\"VitaBlanca.ma\",\"potentialAction\":[{\"@type\":\"SearchAction\",\"target\":{\"@type\":\"EntryPoint\",\"urlTemplate\":\"https:\\\/\\\/vitablanca.ma\\\/?s={search_term_string}\"},\"query-input\":{\"@type\":\"PropertyValueSpecification\",\"valueRequired\":true,\"valueName\":\"search_term_string\"}}],\"inLanguage\":\"en-US\"},{\"@type\":\"Organization\",\"@id\":\"https:\\\/\\\/vitablanca.ma\\\/#organization\",\"name\":\"VitaBlanca\",\"url\":\"https:\\\/\\\/vitablanca.ma\\\/\",\"logo\":{\"@type\":\"ImageObject\",\"inLanguage\":\"en-US\",\"@id\":\"https:\\\/\\\/vitablanca.ma\\\/#\\\/schema\\\/logo\\\/image\\\/\",\"url\":\"https:\\\/\\\/vitablanca.ma\\\/wp-content\\\/uploads\\\/2025\\\/05\\\/cropped-vitablanca.png\",\"contentUrl\":\"https:\\\/\\\/vitablanca.ma\\\/wp-content\\\/uploads\\\/2025\\\/05\\\/cropped-vitablanca.png\",\"width\":360,\"height\":67,\"caption\":\"VitaBlanca\"},\"image\":{\"@id\":\"https:\\\/\\\/vitablanca.ma\\\/#\\\/schema\\\/logo\\\/image\\\/\"},\"sameAs\":[\"https:\\\/\\\/www.facebook.com\\\/profile.php?id=61576678196717\",\"https:\\\/\\\/www.tiktok.com\\\/@vitablanca.ma\",\"https:\\\/\\\/www.instagram.com\\\/vitablanca.ma\\\/\"]}]}<\/script>\n<!-- \/ Yoast SEO plugin. -->","yoast_head_json":{"title":"Ancient Nutrition Collagen Multi-Protein Chocolate \u2013 Maroc Prix","description":"Ancient Nutrition Collagen Multi-Protein saveur chocolat 283.2 g soutient muscles, peau, cheveux ongles et articulations avec plusieurs sources de collag\u00e8ne","robots":{"index":"index","follow":"follow","max-snippet":"max-snippet:-1","max-image-preview":"max-image-preview:large","max-video-preview":"max-video-preview:-1"},"canonical":"https:\/\/vitablanca.ma\/en\/product\/ancient-nutrition-collagen-multi-protein-chocolate-283-2-g-10-oz-maroc-prix\/","og_locale":"en_US","og_type":"article","og_title":"Ancient Nutrition Collagen Multi-Protein Chocolate \u2013 Maroc Prix","og_description":"Ancient Nutrition Collagen Multi-Protein saveur chocolat 283.2 g soutient muscles, peau, cheveux ongles et articulations avec plusieurs sources de collag\u00e8ne","og_url":"https:\/\/vitablanca.ma\/en\/product\/ancient-nutrition-collagen-multi-protein-chocolate-283-2-g-10-oz-maroc-prix\/","og_site_name":"Vitablanca.ma &ndash; Sant&eacute;, vitalit&eacute; et bien-&ecirc;tre pour tous les Marocains","article_publisher":"https:\/\/www.facebook.com\/profile.php?id=61576678196717","article_modified_time":"2026-02-21T16:11:25+00:00","og_image":[{"width":1600,"height":1600,"url":"https:\/\/vitablanca.ma\/wp-content\/uploads\/2026\/02\/Ancient-Nutrition-Collagen-Multi-Protein-Chocolate-283.2-g-10-oz1.jpg","type":"image\/jpeg"}],"twitter_card":"summary_large_image","twitter_misc":{"Est. reading time":"3 minutes"},"schema":{"@context":"https:\/\/schema.org","@graph":[{"@type":["WebPage","ItemPage"],"@id":"https:\/\/vitablanca.ma\/produit\/ancient-nutrition-collagen-multi-protein-chocolate-283-2-g-10-oz-maroc-prix\/","url":"https:\/\/vitablanca.ma\/produit\/ancient-nutrition-collagen-multi-protein-chocolate-283-2-g-10-oz-maroc-prix\/","name":"Ancient Nutrition Collagen Multi-Protein Chocolate \u2013 Maroc Prix","isPartOf":{"@id":"https:\/\/vitablanca.ma\/#website"},"primaryImageOfPage":{"@id":"https:\/\/vitablanca.ma\/produit\/ancient-nutrition-collagen-multi-protein-chocolate-283-2-g-10-oz-maroc-prix\/#primaryimage"},"image":{"@id":"https:\/\/vitablanca.ma\/produit\/ancient-nutrition-collagen-multi-protein-chocolate-283-2-g-10-oz-maroc-prix\/#primaryimage"},"thumbnailUrl":"https:\/\/vitablanca.ma\/wp-content\/uploads\/2026\/02\/Ancient-Nutrition-Collagen-Multi-Protein-Chocolate-283.2-g-10-oz1.jpg","datePublished":"2026-02-12T10:06:19+00:00","dateModified":"2026-02-21T16:11:25+00:00","description":"Ancient Nutrition Collagen Multi-Protein saveur chocolat 283.2 g soutient muscles, peau, cheveux ongles et articulations avec plusieurs sources de collag\u00e8ne","breadcrumb":{"@id":"https:\/\/vitablanca.ma\/produit\/ancient-nutrition-collagen-multi-protein-chocolate-283-2-g-10-oz-maroc-prix\/#breadcrumb"},"inLanguage":"en-US","potentialAction":[{"@type":"ReadAction","target":["https:\/\/vitablanca.ma\/produit\/ancient-nutrition-collagen-multi-protein-chocolate-283-2-g-10-oz-maroc-prix\/"]}]},{"@type":"ImageObject","inLanguage":"en-US","@id":"https:\/\/vitablanca.ma\/produit\/ancient-nutrition-collagen-multi-protein-chocolate-283-2-g-10-oz-maroc-prix\/#primaryimage","url":"https:\/\/vitablanca.ma\/wp-content\/uploads\/2026\/02\/Ancient-Nutrition-Collagen-Multi-Protein-Chocolate-283.2-g-10-oz1.jpg","contentUrl":"https:\/\/vitablanca.ma\/wp-content\/uploads\/2026\/02\/Ancient-Nutrition-Collagen-Multi-Protein-Chocolate-283.2-g-10-oz1.jpg","width":1600,"height":1600},{"@type":"BreadcrumbList","@id":"https:\/\/vitablanca.ma\/produit\/ancient-nutrition-collagen-multi-protein-chocolate-283-2-g-10-oz-maroc-prix\/#breadcrumb","itemListElement":[{"@type":"ListItem","position":1,"name":"Home","item":"https:\/\/vitablanca.ma\/"},{"@type":"ListItem","position":2,"name":"Tous Les Produits","item":"https:\/\/vitablanca.ma\/tous-les-produits\/"},{"@type":"ListItem","position":3,"name":"Ancient Nutrition, Collagen Multi-Protein, Chocolate, 283.2 g (10 oz)"}]},{"@type":"WebSite","@id":"https:\/\/vitablanca.ma\/#website","url":"https:\/\/vitablanca.ma\/","name":"VitaBlanca.ma | Food supplements, health &amp; beauty in Morocco","description":"sell premium vitamins and supplements from USA &amp; Canada, New Zealand, Morocco (NOW Foods, Solgar, Manuka). Fast delivery anywhere in Morocco.","publisher":{"@id":"https:\/\/vitablanca.ma\/#organization"},"alternateName":"VitaBlanca.ma","potentialAction":[{"@type":"SearchAction","target":{"@type":"EntryPoint","urlTemplate":"https:\/\/vitablanca.ma\/?s={search_term_string}"},"query-input":{"@type":"PropertyValueSpecification","valueRequired":true,"valueName":"search_term_string"}}],"inLanguage":"en-US"},{"@type":"Organization","@id":"https:\/\/vitablanca.ma\/#organization","name":"VitaBlanca","url":"https:\/\/vitablanca.ma\/","logo":{"@type":"ImageObject","inLanguage":"en-US","@id":"https:\/\/vitablanca.ma\/#\/schema\/logo\/image\/","url":"https:\/\/vitablanca.ma\/wp-content\/uploads\/2025\/05\/cropped-vitablanca.png","contentUrl":"https:\/\/vitablanca.ma\/wp-content\/uploads\/2025\/05\/cropped-vitablanca.png","width":360,"height":67,"caption":"VitaBlanca"},"image":{"@id":"https:\/\/vitablanca.ma\/#\/schema\/logo\/image\/"},"sameAs":["https:\/\/www.facebook.com\/profile.php?id=61576678196717","https:\/\/www.tiktok.com\/@vitablanca.ma","https:\/\/www.instagram.com\/vitablanca.ma\/"]}]}},"jetpack_sharing_enabled":true,"_links":{"self":[{"href":"https:\/\/vitablanca.ma\/en\/wp-json\/wp\/v2\/product\/29850","targetHints":{"allow":["GET"]}}],"collection":[{"href":"https:\/\/vitablanca.ma\/en\/wp-json\/wp\/v2\/product"}],"about":[{"href":"https:\/\/vitablanca.ma\/en\/wp-json\/wp\/v2\/types\/product"}],"wp:featuredmedia":[{"embeddable":true,"href":"https:\/\/vitablanca.ma\/en\/wp-json\/wp\/v2\/media\/29851"}],"wp:attachment":[{"href":"https:\/\/vitablanca.ma\/en\/wp-json\/wp\/v2\/media?parent=29850"}],"wp:term":[{"taxonomy":"product_brand","embeddable":true,"href":"https:\/\/vitablanca.ma\/en\/wp-json\/wp\/v2\/product_brand?post=29850"},{"taxonomy":"product_cat","embeddable":true,"href":"https:\/\/vitablanca.ma\/en\/wp-json\/wp\/v2\/product_cat?post=29850"},{"taxonomy":"product_tag","embeddable":true,"href":"https:\/\/vitablanca.ma\/en\/wp-json\/wp\/v2\/product_tag?post=29850"}],"curies":[{"name":"wp","href":"https:\/\/api.w.org\/{rel}","templated":true}]}}