{"id":29820,"date":"2026-02-12T08:32:03","date_gmt":"2026-02-12T08:32:03","guid":{"rendered":"https:\/\/vitablanca.ma\/?post_type=product&#038;p=29820"},"modified":"2026-02-21T16:11:26","modified_gmt":"2026-02-21T16:11:26","slug":"now-foods-l-citrulline-750-mg-180-vegetable-capsules-maroc-prix","status":"publish","type":"product","link":"https:\/\/vitablanca.ma\/en\/product\/now-foods-l-citrulline-750-mg-180-vegetable-capsules-maroc-prix\/","title":{"rendered":"NOW Foods, L-citrulline, 750 mg, 180 vegetable capsules"},"content":{"rendered":"<div>\n<h3><strong>Suggested Use<\/strong><\/h3>\n<div>\n<p>Prenez 1 \u00e0 2\u00a0capsules 1 \u00e0 2\u00a0fois par jour entre les repas.<\/p>\n<\/div>\n<\/div>\n<div>\n<h3><strong>Warnings<\/strong><\/h3>\n<div>\n<p>r\u00e9serv\u00e9 aux adultes. Consultez un m\u00e9decin si vous \u00eates enceinte, allaitez, prenez des m\u00e9dicaments (en particulier des m\u00e9dicaments pour la tension art\u00e9rielle, \u00e0 base de nitrates ou vasodilatateurs) ou pr\u00e9sentez une affection m\u00e9dicale (en particulier une tension art\u00e9rielle anormale). Tenir hors de port\u00e9e des enfants.<\/p>\n<p>Une variation naturelle de couleur peut se produire.<\/p>\n<p>Conserver dans un endroit frais et sec apr\u00e8s ouverture.<\/p>\n<div class=\"supplement-facts-container\">\n<table role=\"presentation\" border=\"1\" width=\"100%\" cellspacing=\"0\" cellpadding=\"3\">\n<tbody>\n<tr valign=\"top\">\n<td colspan=\"3\"><strong>Properties<\/strong><\/td>\n<\/tr>\n<tr valign=\"top\">\n<td colspan=\"3\"><strong>Serving:<\/strong>\u00a02\u00a0capsules v\u00e9g\u00e9tales<\/td>\n<\/tr>\n<tr valign=\"top\">\n<td colspan=\"3\"><strong>Servings per container:<\/strong>\u00a090<\/td>\n<\/tr>\n<tr valign=\"top\">\n<td width=\"70%\"><\/td>\n<td width=\"15%\"><strong>Amount per serving<\/strong><\/td>\n<td width=\"15%\"><strong>%\u00a0d\u2019apport journalier<\/strong><\/td>\n<\/tr>\n<tr valign=\"top\">\n<td>Calcium (issu de carbonate de calcium)<\/td>\n<td>36\u00a0mg<\/td>\n<td>3\u00a0%<\/td>\n<\/tr>\n<tr valign=\"top\">\n<td>L-citrulline<\/td>\n<td>1,5\u00a0g (1500\u00a0mg)<\/td>\n<td>*<\/td>\n<\/tr>\n<tr valign=\"top\">\n<td colspan=\"3\">\u00a0Apport journalier non \u00e9tabli.<\/td>\n<\/tr>\n<\/tbody>\n<\/table>\n<\/div>\n<div>\n<h3><strong>Other ingredients<\/strong><\/h3>\n<div>\n<p id=\"isPasted\">Hypromellose (capsule de cellulose), acide st\u00e9arique (d\u2019origine v\u00e9g\u00e9tale) et dioxyde de silicium.<\/p>\n<p>\u00c9labor\u00e9e sans bl\u00e9, gluten, soja, lait, \u0153ufs, poisson, fruits de mer, fruits \u00e0 coque ni s\u00e9same. Produit dans un \u00e9tablissement respectant les BPF qui traite d\u2019autres ingr\u00e9dients contenant ces allerg\u00e8nes.<\/p>\n<p>Fabrication aux \u00c9tats-Unis et qualit\u00e9 test\u00e9e aux \u00c9tats-Unis avec des ingr\u00e9dients provenant du monde entier.<\/p>\n<\/div>\n<\/div>\n<\/div>\n<\/div>","protected":false},"excerpt":{"rendered":"<ul>\n<li>Favorise le m\u00e9tabolisme prot\u00e9ique<\/li>\n<li>Renforce la sant\u00e9 du syst\u00e8me immunitaire<\/li>\n<li>GMO-free<\/li>\n<li>Food supplement<\/li>\n<li>V\u00e9g\u00e9tarien\/V\u00e9gan<\/li>\n<li>Kosher<\/li>\n<li>Amino acids<\/li>\n<li>Family business since 1968<\/li>\n<li>GMP quality guaranteed<\/li>\n<li>Halal<\/li>\n<\/ul>","protected":false},"featured_media":29821,"template":"","meta":[],"product_brand":[83],"product_cat":[7980,18,3366,8887],"product_tag":[8888,7003,2813,1046,4294,8885,529,3492,88,4672],"class_list":{"0":"post-29820","1":"product","2":"type-product","3":"status-publish","4":"has-post-thumbnail","6":"product_brand-now-foods-maroc-prix","7":"product_cat-acides-amines-2","8":"product_cat-beaute-sante","9":"product_cat-complements-alimentaires-au-maroc-vitablanca","10":"product_cat-l-citrulline","11":"product_tag-750-mg","12":"product_tag-capsules-vegetales","13":"product_tag-circulation-sanguine","14":"product_tag-complement-sportif","15":"product_tag-endurance","16":"product_tag-fitness","17":"product_tag-l-citrulline","18":"product_tag-maroc","19":"product_tag-now-foods","20":"product_tag-performance-sportive","22":"first","23":"instock","24":"sale","25":"taxable","26":"shipping-taxable","27":"purchasable","28":"product-type-simple"},"yoast_head":"<!-- This site is optimized with the Yoast SEO plugin v27.6 - https:\/\/yoast.com\/product\/yoast-seo-wordpress\/ -->\n<title>NOW Foods L-Citrulline 750 mg 180 Capsules \u2013 Maroc Prix<\/title>\n<meta name=\"description\" content=\"NOW Foods L-Citrulline 750 mg, 180 capsules v\u00e9g\u00e9tales. Soutient la performance sportive, la circulation sanguine et l\u2019endurance. Qualit\u00e9 premium. Disponible\" \/>\n<meta name=\"robots\" content=\"index, follow, max-snippet:-1, max-image-preview:large, max-video-preview:-1\" \/>\n<link rel=\"canonical\" href=\"https:\/\/vitablanca.ma\/en\/product\/now-foods-l-citrulline-750-mg-180-vegetable-capsules-maroc-prix\/\" \/>\n<meta property=\"og:locale\" content=\"en_US\" \/>\n<meta property=\"og:type\" content=\"article\" \/>\n<meta property=\"og:title\" content=\"NOW Foods L-Citrulline 750 mg 180 Capsules \u2013 Maroc Prix\" \/>\n<meta property=\"og:description\" content=\"NOW Foods L-Citrulline 750 mg, 180 capsules v\u00e9g\u00e9tales. Soutient la performance sportive, la circulation sanguine et l\u2019endurance. Qualit\u00e9 premium. Disponible\" \/>\n<meta property=\"og:url\" content=\"https:\/\/vitablanca.ma\/en\/product\/now-foods-l-citrulline-750-mg-180-vegetable-capsules-maroc-prix\/\" \/>\n<meta property=\"og:site_name\" content=\"Vitablanca.ma &ndash; Sant&eacute;, vitalit&eacute; et bien-&ecirc;tre pour tous les Marocains\" \/>\n<meta property=\"article:publisher\" content=\"https:\/\/www.facebook.com\/profile.php?id=61576678196717\" \/>\n<meta property=\"article:modified_time\" content=\"2026-02-21T16:11:26+00:00\" \/>\n<meta property=\"og:image\" content=\"https:\/\/vitablanca.ma\/wp-content\/uploads\/2026\/02\/NOW-Foods-L-citrulline-750-mg-180-vegetable-capsules1.jpg\" \/>\n\t<meta property=\"og:image:width\" content=\"1600\" \/>\n\t<meta property=\"og:image:height\" content=\"1600\" \/>\n\t<meta property=\"og:image:type\" content=\"image\/jpeg\" \/>\n<meta name=\"twitter:card\" content=\"summary_large_image\" \/>\n<meta name=\"twitter:label1\" content=\"Est. reading time\" \/>\n\t<meta name=\"twitter:data1\" content=\"2 minutes\" \/>\n<script type=\"application\/ld+json\" class=\"yoast-schema-graph\">{\"@context\":\"https:\\\/\\\/schema.org\",\"@graph\":[{\"@type\":[\"WebPage\",\"ItemPage\"],\"@id\":\"https:\\\/\\\/vitablanca.ma\\\/produit\\\/now-foods-l-citrulline-750-mg-180-vegetable-capsules-maroc-prix\\\/\",\"url\":\"https:\\\/\\\/vitablanca.ma\\\/produit\\\/now-foods-l-citrulline-750-mg-180-vegetable-capsules-maroc-prix\\\/\",\"name\":\"NOW Foods L-Citrulline 750 mg 180 Capsules \u2013 Maroc Prix\",\"isPartOf\":{\"@id\":\"https:\\\/\\\/vitablanca.ma\\\/#website\"},\"primaryImageOfPage\":{\"@id\":\"https:\\\/\\\/vitablanca.ma\\\/produit\\\/now-foods-l-citrulline-750-mg-180-vegetable-capsules-maroc-prix\\\/#primaryimage\"},\"image\":{\"@id\":\"https:\\\/\\\/vitablanca.ma\\\/produit\\\/now-foods-l-citrulline-750-mg-180-vegetable-capsules-maroc-prix\\\/#primaryimage\"},\"thumbnailUrl\":\"https:\\\/\\\/vitablanca.ma\\\/wp-content\\\/uploads\\\/2026\\\/02\\\/NOW-Foods-L-citrulline-750-mg-180-vegetable-capsules1.jpg\",\"datePublished\":\"2026-02-12T08:32:03+00:00\",\"dateModified\":\"2026-02-21T16:11:26+00:00\",\"description\":\"NOW Foods L-Citrulline 750 mg, 180 capsules v\u00e9g\u00e9tales. Soutient la performance sportive, la circulation sanguine et l\u2019endurance. Qualit\u00e9 premium. Disponible\",\"breadcrumb\":{\"@id\":\"https:\\\/\\\/vitablanca.ma\\\/produit\\\/now-foods-l-citrulline-750-mg-180-vegetable-capsules-maroc-prix\\\/#breadcrumb\"},\"inLanguage\":\"en-US\",\"potentialAction\":[{\"@type\":\"ReadAction\",\"target\":[\"https:\\\/\\\/vitablanca.ma\\\/produit\\\/now-foods-l-citrulline-750-mg-180-vegetable-capsules-maroc-prix\\\/\"]}]},{\"@type\":\"ImageObject\",\"inLanguage\":\"en-US\",\"@id\":\"https:\\\/\\\/vitablanca.ma\\\/produit\\\/now-foods-l-citrulline-750-mg-180-vegetable-capsules-maroc-prix\\\/#primaryimage\",\"url\":\"https:\\\/\\\/vitablanca.ma\\\/wp-content\\\/uploads\\\/2026\\\/02\\\/NOW-Foods-L-citrulline-750-mg-180-vegetable-capsules1.jpg\",\"contentUrl\":\"https:\\\/\\\/vitablanca.ma\\\/wp-content\\\/uploads\\\/2026\\\/02\\\/NOW-Foods-L-citrulline-750-mg-180-vegetable-capsules1.jpg\",\"width\":1600,\"height\":1600},{\"@type\":\"BreadcrumbList\",\"@id\":\"https:\\\/\\\/vitablanca.ma\\\/produit\\\/now-foods-l-citrulline-750-mg-180-vegetable-capsules-maroc-prix\\\/#breadcrumb\",\"itemListElement\":[{\"@type\":\"ListItem\",\"position\":1,\"name\":\"Home\",\"item\":\"https:\\\/\\\/vitablanca.ma\\\/\"},{\"@type\":\"ListItem\",\"position\":2,\"name\":\"Tous Les Produits\",\"item\":\"https:\\\/\\\/vitablanca.ma\\\/tous-les-produits\\\/\"},{\"@type\":\"ListItem\",\"position\":3,\"name\":\"NOW Foods, L-citrulline, 750 mg, 180 vegetable capsules\"}]},{\"@type\":\"WebSite\",\"@id\":\"https:\\\/\\\/vitablanca.ma\\\/#website\",\"url\":\"https:\\\/\\\/vitablanca.ma\\\/\",\"name\":\"VitaBlanca.ma | Compl\u00e9ments alimentaires, sant\u00e9 & beaut\u00e9 au Maroc\",\"description\":\"vendre vitamines et compl\u00e9ments premium des USA &amp; Canada, Nouvelle Z\u00e9lande,Maroc (NOW Foods, Solgar, Manuka). Livraison rapide partout au Maroc.\",\"publisher\":{\"@id\":\"https:\\\/\\\/vitablanca.ma\\\/#organization\"},\"alternateName\":\"VitaBlanca.ma\",\"potentialAction\":[{\"@type\":\"SearchAction\",\"target\":{\"@type\":\"EntryPoint\",\"urlTemplate\":\"https:\\\/\\\/vitablanca.ma\\\/?s={search_term_string}\"},\"query-input\":{\"@type\":\"PropertyValueSpecification\",\"valueRequired\":true,\"valueName\":\"search_term_string\"}}],\"inLanguage\":\"en-US\"},{\"@type\":\"Organization\",\"@id\":\"https:\\\/\\\/vitablanca.ma\\\/#organization\",\"name\":\"VitaBlanca\",\"url\":\"https:\\\/\\\/vitablanca.ma\\\/\",\"logo\":{\"@type\":\"ImageObject\",\"inLanguage\":\"en-US\",\"@id\":\"https:\\\/\\\/vitablanca.ma\\\/#\\\/schema\\\/logo\\\/image\\\/\",\"url\":\"https:\\\/\\\/vitablanca.ma\\\/wp-content\\\/uploads\\\/2025\\\/05\\\/cropped-vitablanca.png\",\"contentUrl\":\"https:\\\/\\\/vitablanca.ma\\\/wp-content\\\/uploads\\\/2025\\\/05\\\/cropped-vitablanca.png\",\"width\":360,\"height\":67,\"caption\":\"VitaBlanca\"},\"image\":{\"@id\":\"https:\\\/\\\/vitablanca.ma\\\/#\\\/schema\\\/logo\\\/image\\\/\"},\"sameAs\":[\"https:\\\/\\\/www.facebook.com\\\/profile.php?id=61576678196717\",\"https:\\\/\\\/www.tiktok.com\\\/@vitablanca.ma\",\"https:\\\/\\\/www.instagram.com\\\/vitablanca.ma\\\/\"]}]}<\/script>\n<!-- \/ Yoast SEO plugin. -->","yoast_head_json":{"title":"NOW Foods L-Citrulline 750 mg 180 Capsules \u2013 Maroc Prix","description":"NOW Foods L-Citrulline 750 mg, 180 capsules v\u00e9g\u00e9tales. Soutient la performance sportive, la circulation sanguine et l\u2019endurance. Qualit\u00e9 premium. Disponible","robots":{"index":"index","follow":"follow","max-snippet":"max-snippet:-1","max-image-preview":"max-image-preview:large","max-video-preview":"max-video-preview:-1"},"canonical":"https:\/\/vitablanca.ma\/en\/product\/now-foods-l-citrulline-750-mg-180-vegetable-capsules-maroc-prix\/","og_locale":"en_US","og_type":"article","og_title":"NOW Foods L-Citrulline 750 mg 180 Capsules \u2013 Maroc Prix","og_description":"NOW Foods L-Citrulline 750 mg, 180 capsules v\u00e9g\u00e9tales. Soutient la performance sportive, la circulation sanguine et l\u2019endurance. Qualit\u00e9 premium. Disponible","og_url":"https:\/\/vitablanca.ma\/en\/product\/now-foods-l-citrulline-750-mg-180-vegetable-capsules-maroc-prix\/","og_site_name":"Vitablanca.ma &ndash; Sant&eacute;, vitalit&eacute; et bien-&ecirc;tre pour tous les Marocains","article_publisher":"https:\/\/www.facebook.com\/profile.php?id=61576678196717","article_modified_time":"2026-02-21T16:11:26+00:00","og_image":[{"width":1600,"height":1600,"url":"https:\/\/vitablanca.ma\/wp-content\/uploads\/2026\/02\/NOW-Foods-L-citrulline-750-mg-180-vegetable-capsules1.jpg","type":"image\/jpeg"}],"twitter_card":"summary_large_image","twitter_misc":{"Est. reading time":"2 minutes"},"schema":{"@context":"https:\/\/schema.org","@graph":[{"@type":["WebPage","ItemPage"],"@id":"https:\/\/vitablanca.ma\/produit\/now-foods-l-citrulline-750-mg-180-vegetable-capsules-maroc-prix\/","url":"https:\/\/vitablanca.ma\/produit\/now-foods-l-citrulline-750-mg-180-vegetable-capsules-maroc-prix\/","name":"NOW Foods L-Citrulline 750 mg 180 Capsules \u2013 Maroc Prix","isPartOf":{"@id":"https:\/\/vitablanca.ma\/#website"},"primaryImageOfPage":{"@id":"https:\/\/vitablanca.ma\/produit\/now-foods-l-citrulline-750-mg-180-vegetable-capsules-maroc-prix\/#primaryimage"},"image":{"@id":"https:\/\/vitablanca.ma\/produit\/now-foods-l-citrulline-750-mg-180-vegetable-capsules-maroc-prix\/#primaryimage"},"thumbnailUrl":"https:\/\/vitablanca.ma\/wp-content\/uploads\/2026\/02\/NOW-Foods-L-citrulline-750-mg-180-vegetable-capsules1.jpg","datePublished":"2026-02-12T08:32:03+00:00","dateModified":"2026-02-21T16:11:26+00:00","description":"NOW Foods L-Citrulline 750 mg, 180 capsules v\u00e9g\u00e9tales. Soutient la performance sportive, la circulation sanguine et l\u2019endurance. Qualit\u00e9 premium. Disponible","breadcrumb":{"@id":"https:\/\/vitablanca.ma\/produit\/now-foods-l-citrulline-750-mg-180-vegetable-capsules-maroc-prix\/#breadcrumb"},"inLanguage":"en-US","potentialAction":[{"@type":"ReadAction","target":["https:\/\/vitablanca.ma\/produit\/now-foods-l-citrulline-750-mg-180-vegetable-capsules-maroc-prix\/"]}]},{"@type":"ImageObject","inLanguage":"en-US","@id":"https:\/\/vitablanca.ma\/produit\/now-foods-l-citrulline-750-mg-180-vegetable-capsules-maroc-prix\/#primaryimage","url":"https:\/\/vitablanca.ma\/wp-content\/uploads\/2026\/02\/NOW-Foods-L-citrulline-750-mg-180-vegetable-capsules1.jpg","contentUrl":"https:\/\/vitablanca.ma\/wp-content\/uploads\/2026\/02\/NOW-Foods-L-citrulline-750-mg-180-vegetable-capsules1.jpg","width":1600,"height":1600},{"@type":"BreadcrumbList","@id":"https:\/\/vitablanca.ma\/produit\/now-foods-l-citrulline-750-mg-180-vegetable-capsules-maroc-prix\/#breadcrumb","itemListElement":[{"@type":"ListItem","position":1,"name":"Home","item":"https:\/\/vitablanca.ma\/"},{"@type":"ListItem","position":2,"name":"Tous Les Produits","item":"https:\/\/vitablanca.ma\/tous-les-produits\/"},{"@type":"ListItem","position":3,"name":"NOW Foods, L-citrulline, 750 mg, 180 vegetable capsules"}]},{"@type":"WebSite","@id":"https:\/\/vitablanca.ma\/#website","url":"https:\/\/vitablanca.ma\/","name":"VitaBlanca.ma | Food supplements, health &amp; beauty in Morocco","description":"sell premium vitamins and supplements from USA &amp; Canada, New Zealand, Morocco (NOW Foods, Solgar, Manuka). Fast delivery anywhere in Morocco.","publisher":{"@id":"https:\/\/vitablanca.ma\/#organization"},"alternateName":"VitaBlanca.ma","potentialAction":[{"@type":"SearchAction","target":{"@type":"EntryPoint","urlTemplate":"https:\/\/vitablanca.ma\/?s={search_term_string}"},"query-input":{"@type":"PropertyValueSpecification","valueRequired":true,"valueName":"search_term_string"}}],"inLanguage":"en-US"},{"@type":"Organization","@id":"https:\/\/vitablanca.ma\/#organization","name":"VitaBlanca","url":"https:\/\/vitablanca.ma\/","logo":{"@type":"ImageObject","inLanguage":"en-US","@id":"https:\/\/vitablanca.ma\/#\/schema\/logo\/image\/","url":"https:\/\/vitablanca.ma\/wp-content\/uploads\/2025\/05\/cropped-vitablanca.png","contentUrl":"https:\/\/vitablanca.ma\/wp-content\/uploads\/2025\/05\/cropped-vitablanca.png","width":360,"height":67,"caption":"VitaBlanca"},"image":{"@id":"https:\/\/vitablanca.ma\/#\/schema\/logo\/image\/"},"sameAs":["https:\/\/www.facebook.com\/profile.php?id=61576678196717","https:\/\/www.tiktok.com\/@vitablanca.ma","https:\/\/www.instagram.com\/vitablanca.ma\/"]}]}},"jetpack_sharing_enabled":true,"_links":{"self":[{"href":"https:\/\/vitablanca.ma\/en\/wp-json\/wp\/v2\/product\/29820","targetHints":{"allow":["GET"]}}],"collection":[{"href":"https:\/\/vitablanca.ma\/en\/wp-json\/wp\/v2\/product"}],"about":[{"href":"https:\/\/vitablanca.ma\/en\/wp-json\/wp\/v2\/types\/product"}],"wp:featuredmedia":[{"embeddable":true,"href":"https:\/\/vitablanca.ma\/en\/wp-json\/wp\/v2\/media\/29821"}],"wp:attachment":[{"href":"https:\/\/vitablanca.ma\/en\/wp-json\/wp\/v2\/media?parent=29820"}],"wp:term":[{"taxonomy":"product_brand","embeddable":true,"href":"https:\/\/vitablanca.ma\/en\/wp-json\/wp\/v2\/product_brand?post=29820"},{"taxonomy":"product_cat","embeddable":true,"href":"https:\/\/vitablanca.ma\/en\/wp-json\/wp\/v2\/product_cat?post=29820"},{"taxonomy":"product_tag","embeddable":true,"href":"https:\/\/vitablanca.ma\/en\/wp-json\/wp\/v2\/product_tag?post=29820"}],"curies":[{"name":"wp","href":"https:\/\/api.w.org\/{rel}","templated":true}]}}