{"id":29742,"date":"2026-02-08T17:55:31","date_gmt":"2026-02-08T17:55:31","guid":{"rendered":"https:\/\/vitablanca.ma\/?post_type=product&#038;p=29742"},"modified":"2026-02-08T17:55:32","modified_gmt":"2026-02-08T17:55:32","slug":"bioderma-abcderm-foaming-cleansing-gel-1l-maroc-prix","status":"publish","type":"product","link":"https:\/\/vitablanca.ma\/en\/product\/bioderma-abcderm-foaming-cleansing-gel-1l-maroc-prix\/","title":{"rendered":"Bioderma ABCDerm Foaming Cleansing Gel 1L"},"content":{"rendered":"<p data-start=\"566\" data-end=\"895\">THE <strong data-start=\"589\" data-end=\"635\">Bioderma ABCDerm Foaming Cleansing Gel 1 L<\/strong> est sp\u00e9cialement con\u00e7u pour la peau d\u00e9licate des b\u00e9b\u00e9s et enfants. Sa formule douce nettoie efficacement tout en respectant le film hydrolipidique et l\u2019\u00e9quilibre naturel de la peau. Id\u00e9al pour un usage quotidien, il laisse la peau propre, douce et prot\u00e9g\u00e9e.<\/p>\n<p data-start=\"897\" data-end=\"913\">","protected":false},"excerpt":{"rendered":"<ul>\n<li data-start=\"914\" data-end=\"953\">\n<p data-start=\"916\" data-end=\"953\">Nettoie en douceur la peau sensible<\/p>\n<\/li>\n<li data-start=\"954\" data-end=\"989\">\n<p data-start=\"956\" data-end=\"989\">Respecte le film hydrolipidique<\/p>\n<\/li>\n<li data-start=\"990\" data-end=\"1030\">\n<p data-start=\"992\" data-end=\"1030\">Formule adapt\u00e9e aux b\u00e9b\u00e9s et enfants<\/p>\n<\/li>\n<li data-start=\"1031\" data-end=\"1067\">\n<p data-start=\"1033\" data-end=\"1067\">Laisse la peau douce et prot\u00e9g\u00e9e<\/p>\n<\/li>\n<li data-start=\"1068\" data-end=\"1098\">\n<p data-start=\"1070\" data-end=\"1098\">Usage quotidien recommand\u00e9<\/p>\n<\/li>\n<\/ul>","protected":false},"featured_media":29743,"template":"","meta":{"om_disable_all_campaigns":false},"product_brand":[5990],"product_cat":[18],"product_tag":[8750,5991,8751,8752,3474,3492,8609,6176,6230,8753],"class_list":{"0":"post-29742","1":"product","2":"type-product","3":"status-publish","4":"has-post-thumbnail","6":"product_brand-bioderma-original-maroc-au-meilleur-prix","7":"product_cat-beaute-sante","8":"product_tag-abcderm","9":"product_tag-bioderma","10":"product_tag-foaming-cleansing-gel","11":"product_tag-gel-moussant-bebe","12":"product_tag-hydratation-peau","13":"product_tag-maroc","14":"product_tag-nettoyant-doux","15":"product_tag-peau-sensible","16":"product_tag-soin-quotidien","17":"product_tag-soins-bebe","19":"first","20":"instock","21":"sale","22":"taxable","23":"shipping-taxable","24":"purchasable","25":"product-type-simple"},"yoast_head":"<!-- This site is optimized with the Yoast SEO plugin v27.4 - https:\/\/yoast.com\/product\/yoast-seo-wordpress\/ -->\n<title>Bioderma ABCDerm Foaming Cleansing Gel 1 L \u2013 Maroc Prix<\/title>\n<meta name=\"description\" content=\"Gel moussant Bioderma ABCDerm 1 L. Nettoie en douceur, respecte la peau sensible des b\u00e9b\u00e9s et enfants, prot\u00e8ge le film hydrolipidique. Disponible au Maroc.\" \/>\n<meta name=\"robots\" content=\"index, follow, max-snippet:-1, max-image-preview:large, max-video-preview:-1\" \/>\n<link rel=\"canonical\" href=\"https:\/\/vitablanca.ma\/en\/product\/bioderma-abcderm-foaming-cleansing-gel-1l-maroc-prix\/\" \/>\n<meta property=\"og:locale\" content=\"en_US\" \/>\n<meta property=\"og:type\" content=\"article\" \/>\n<meta property=\"og:title\" content=\"Bioderma ABCDerm Foaming Cleansing Gel 1 L \u2013 Maroc Prix\" \/>\n<meta property=\"og:description\" content=\"Gel moussant Bioderma ABCDerm 1 L. Nettoie en douceur, respecte la peau sensible des b\u00e9b\u00e9s et enfants, prot\u00e8ge le film hydrolipidique. Disponible au Maroc.\" \/>\n<meta property=\"og:url\" content=\"https:\/\/vitablanca.ma\/en\/product\/bioderma-abcderm-foaming-cleansing-gel-1l-maroc-prix\/\" \/>\n<meta property=\"og:site_name\" content=\"Vitablanca.ma &ndash; Sant&eacute;, vitalit&eacute; et bien-&ecirc;tre pour tous les Marocains\" \/>\n<meta property=\"article:publisher\" content=\"https:\/\/www.facebook.com\/profile.php?id=61576678196717\" \/>\n<meta property=\"article:modified_time\" content=\"2026-02-08T17:55:32+00:00\" \/>\n<meta property=\"og:image\" content=\"https:\/\/vitablanca.ma\/wp-content\/uploads\/2026\/02\/Bioderma-ABCDerm-Gel-Moussant-Nettoyant-1L1.jpg\" \/>\n\t<meta property=\"og:image:width\" content=\"680\" \/>\n\t<meta property=\"og:image:height\" content=\"680\" \/>\n\t<meta property=\"og:image:type\" content=\"image\/jpeg\" \/>\n<meta name=\"twitter:card\" content=\"summary_large_image\" \/>\n<meta name=\"twitter:label1\" content=\"Est. reading time\" \/>\n\t<meta name=\"twitter:data1\" content=\"1 minute\" \/>\n<script type=\"application\/ld+json\" class=\"yoast-schema-graph\">{\"@context\":\"https:\\\/\\\/schema.org\",\"@graph\":[{\"@type\":[\"WebPage\",\"ItemPage\"],\"@id\":\"https:\\\/\\\/vitablanca.ma\\\/produit\\\/bioderma-abcderm-foaming-cleansing-gel-1l-maroc-prix\\\/\",\"url\":\"https:\\\/\\\/vitablanca.ma\\\/produit\\\/bioderma-abcderm-foaming-cleansing-gel-1l-maroc-prix\\\/\",\"name\":\"Bioderma ABCDerm Foaming Cleansing Gel 1 L \u2013 Maroc Prix\",\"isPartOf\":{\"@id\":\"https:\\\/\\\/vitablanca.ma\\\/#website\"},\"primaryImageOfPage\":{\"@id\":\"https:\\\/\\\/vitablanca.ma\\\/produit\\\/bioderma-abcderm-foaming-cleansing-gel-1l-maroc-prix\\\/#primaryimage\"},\"image\":{\"@id\":\"https:\\\/\\\/vitablanca.ma\\\/produit\\\/bioderma-abcderm-foaming-cleansing-gel-1l-maroc-prix\\\/#primaryimage\"},\"thumbnailUrl\":\"https:\\\/\\\/vitablanca.ma\\\/wp-content\\\/uploads\\\/2026\\\/02\\\/Bioderma-ABCDerm-Gel-Moussant-Nettoyant-1L1.jpg\",\"datePublished\":\"2026-02-08T17:55:31+00:00\",\"dateModified\":\"2026-02-08T17:55:32+00:00\",\"description\":\"Gel moussant Bioderma ABCDerm 1 L. Nettoie en douceur, respecte la peau sensible des b\u00e9b\u00e9s et enfants, prot\u00e8ge le film hydrolipidique. Disponible au Maroc.\",\"breadcrumb\":{\"@id\":\"https:\\\/\\\/vitablanca.ma\\\/produit\\\/bioderma-abcderm-foaming-cleansing-gel-1l-maroc-prix\\\/#breadcrumb\"},\"inLanguage\":\"en-US\",\"potentialAction\":[{\"@type\":\"ReadAction\",\"target\":[\"https:\\\/\\\/vitablanca.ma\\\/produit\\\/bioderma-abcderm-foaming-cleansing-gel-1l-maroc-prix\\\/\"]}]},{\"@type\":\"ImageObject\",\"inLanguage\":\"en-US\",\"@id\":\"https:\\\/\\\/vitablanca.ma\\\/produit\\\/bioderma-abcderm-foaming-cleansing-gel-1l-maroc-prix\\\/#primaryimage\",\"url\":\"https:\\\/\\\/vitablanca.ma\\\/wp-content\\\/uploads\\\/2026\\\/02\\\/Bioderma-ABCDerm-Gel-Moussant-Nettoyant-1L1.jpg\",\"contentUrl\":\"https:\\\/\\\/vitablanca.ma\\\/wp-content\\\/uploads\\\/2026\\\/02\\\/Bioderma-ABCDerm-Gel-Moussant-Nettoyant-1L1.jpg\",\"width\":680,\"height\":680},{\"@type\":\"BreadcrumbList\",\"@id\":\"https:\\\/\\\/vitablanca.ma\\\/produit\\\/bioderma-abcderm-foaming-cleansing-gel-1l-maroc-prix\\\/#breadcrumb\",\"itemListElement\":[{\"@type\":\"ListItem\",\"position\":1,\"name\":\"Home\",\"item\":\"https:\\\/\\\/vitablanca.ma\\\/\"},{\"@type\":\"ListItem\",\"position\":2,\"name\":\"Tous Les Produits\",\"item\":\"https:\\\/\\\/vitablanca.ma\\\/tous-les-produits\\\/\"},{\"@type\":\"ListItem\",\"position\":3,\"name\":\"Bioderma ABCDerm Foaming Cleansing Gel 1L\"}]},{\"@type\":\"WebSite\",\"@id\":\"https:\\\/\\\/vitablanca.ma\\\/#website\",\"url\":\"https:\\\/\\\/vitablanca.ma\\\/\",\"name\":\"VitaBlanca.ma | Compl\u00e9ments alimentaires, sant\u00e9 & beaut\u00e9 au Maroc\",\"description\":\"vendre vitamines et compl\u00e9ments premium des USA &amp; Canada, Nouvelle Z\u00e9lande,Maroc (NOW Foods, Solgar, Manuka). Livraison rapide partout au Maroc.\",\"publisher\":{\"@id\":\"https:\\\/\\\/vitablanca.ma\\\/#organization\"},\"alternateName\":\"VitaBlanca.ma\",\"potentialAction\":[{\"@type\":\"SearchAction\",\"target\":{\"@type\":\"EntryPoint\",\"urlTemplate\":\"https:\\\/\\\/vitablanca.ma\\\/?s={search_term_string}\"},\"query-input\":{\"@type\":\"PropertyValueSpecification\",\"valueRequired\":true,\"valueName\":\"search_term_string\"}}],\"inLanguage\":\"en-US\"},{\"@type\":\"Organization\",\"@id\":\"https:\\\/\\\/vitablanca.ma\\\/#organization\",\"name\":\"VitaBlanca\",\"url\":\"https:\\\/\\\/vitablanca.ma\\\/\",\"logo\":{\"@type\":\"ImageObject\",\"inLanguage\":\"en-US\",\"@id\":\"https:\\\/\\\/vitablanca.ma\\\/#\\\/schema\\\/logo\\\/image\\\/\",\"url\":\"https:\\\/\\\/vitablanca.ma\\\/wp-content\\\/uploads\\\/2025\\\/05\\\/cropped-vitablanca.png\",\"contentUrl\":\"https:\\\/\\\/vitablanca.ma\\\/wp-content\\\/uploads\\\/2025\\\/05\\\/cropped-vitablanca.png\",\"width\":360,\"height\":67,\"caption\":\"VitaBlanca\"},\"image\":{\"@id\":\"https:\\\/\\\/vitablanca.ma\\\/#\\\/schema\\\/logo\\\/image\\\/\"},\"sameAs\":[\"https:\\\/\\\/www.facebook.com\\\/profile.php?id=61576678196717\",\"https:\\\/\\\/www.tiktok.com\\\/@vitablanca.ma\",\"https:\\\/\\\/www.instagram.com\\\/vitablanca.ma\\\/\"]}]}<\/script>\n<!-- \/ Yoast SEO plugin. -->","yoast_head_json":{"title":"Bioderma ABCDerm Foaming Cleansing Gel 1 L \u2013 Maroc Prix","description":"Gel moussant Bioderma ABCDerm 1 L. Nettoie en douceur, respecte la peau sensible des b\u00e9b\u00e9s et enfants, prot\u00e8ge le film hydrolipidique. Disponible au Maroc.","robots":{"index":"index","follow":"follow","max-snippet":"max-snippet:-1","max-image-preview":"max-image-preview:large","max-video-preview":"max-video-preview:-1"},"canonical":"https:\/\/vitablanca.ma\/en\/product\/bioderma-abcderm-foaming-cleansing-gel-1l-maroc-prix\/","og_locale":"en_US","og_type":"article","og_title":"Bioderma ABCDerm Foaming Cleansing Gel 1 L \u2013 Maroc Prix","og_description":"Gel moussant Bioderma ABCDerm 1 L. Nettoie en douceur, respecte la peau sensible des b\u00e9b\u00e9s et enfants, prot\u00e8ge le film hydrolipidique. Disponible au Maroc.","og_url":"https:\/\/vitablanca.ma\/en\/product\/bioderma-abcderm-foaming-cleansing-gel-1l-maroc-prix\/","og_site_name":"Vitablanca.ma &ndash; Sant&eacute;, vitalit&eacute; et bien-&ecirc;tre pour tous les Marocains","article_publisher":"https:\/\/www.facebook.com\/profile.php?id=61576678196717","article_modified_time":"2026-02-08T17:55:32+00:00","og_image":[{"width":680,"height":680,"url":"https:\/\/vitablanca.ma\/wp-content\/uploads\/2026\/02\/Bioderma-ABCDerm-Gel-Moussant-Nettoyant-1L1.jpg","type":"image\/jpeg"}],"twitter_card":"summary_large_image","twitter_misc":{"Est. reading time":"1 minute"},"schema":{"@context":"https:\/\/schema.org","@graph":[{"@type":["WebPage","ItemPage"],"@id":"https:\/\/vitablanca.ma\/produit\/bioderma-abcderm-foaming-cleansing-gel-1l-maroc-prix\/","url":"https:\/\/vitablanca.ma\/produit\/bioderma-abcderm-foaming-cleansing-gel-1l-maroc-prix\/","name":"Bioderma ABCDerm Foaming Cleansing Gel 1 L \u2013 Maroc Prix","isPartOf":{"@id":"https:\/\/vitablanca.ma\/#website"},"primaryImageOfPage":{"@id":"https:\/\/vitablanca.ma\/produit\/bioderma-abcderm-foaming-cleansing-gel-1l-maroc-prix\/#primaryimage"},"image":{"@id":"https:\/\/vitablanca.ma\/produit\/bioderma-abcderm-foaming-cleansing-gel-1l-maroc-prix\/#primaryimage"},"thumbnailUrl":"https:\/\/vitablanca.ma\/wp-content\/uploads\/2026\/02\/Bioderma-ABCDerm-Gel-Moussant-Nettoyant-1L1.jpg","datePublished":"2026-02-08T17:55:31+00:00","dateModified":"2026-02-08T17:55:32+00:00","description":"Gel moussant Bioderma ABCDerm 1 L. Nettoie en douceur, respecte la peau sensible des b\u00e9b\u00e9s et enfants, prot\u00e8ge le film hydrolipidique. Disponible au Maroc.","breadcrumb":{"@id":"https:\/\/vitablanca.ma\/produit\/bioderma-abcderm-foaming-cleansing-gel-1l-maroc-prix\/#breadcrumb"},"inLanguage":"en-US","potentialAction":[{"@type":"ReadAction","target":["https:\/\/vitablanca.ma\/produit\/bioderma-abcderm-foaming-cleansing-gel-1l-maroc-prix\/"]}]},{"@type":"ImageObject","inLanguage":"en-US","@id":"https:\/\/vitablanca.ma\/produit\/bioderma-abcderm-foaming-cleansing-gel-1l-maroc-prix\/#primaryimage","url":"https:\/\/vitablanca.ma\/wp-content\/uploads\/2026\/02\/Bioderma-ABCDerm-Gel-Moussant-Nettoyant-1L1.jpg","contentUrl":"https:\/\/vitablanca.ma\/wp-content\/uploads\/2026\/02\/Bioderma-ABCDerm-Gel-Moussant-Nettoyant-1L1.jpg","width":680,"height":680},{"@type":"BreadcrumbList","@id":"https:\/\/vitablanca.ma\/produit\/bioderma-abcderm-foaming-cleansing-gel-1l-maroc-prix\/#breadcrumb","itemListElement":[{"@type":"ListItem","position":1,"name":"Home","item":"https:\/\/vitablanca.ma\/"},{"@type":"ListItem","position":2,"name":"Tous Les Produits","item":"https:\/\/vitablanca.ma\/tous-les-produits\/"},{"@type":"ListItem","position":3,"name":"Bioderma ABCDerm Foaming Cleansing Gel 1L"}]},{"@type":"WebSite","@id":"https:\/\/vitablanca.ma\/#website","url":"https:\/\/vitablanca.ma\/","name":"VitaBlanca.ma | Food supplements, health &amp; beauty in Morocco","description":"sell premium vitamins and supplements from USA &amp; Canada, New Zealand, Morocco (NOW Foods, Solgar, Manuka). Fast delivery anywhere in Morocco.","publisher":{"@id":"https:\/\/vitablanca.ma\/#organization"},"alternateName":"VitaBlanca.ma","potentialAction":[{"@type":"SearchAction","target":{"@type":"EntryPoint","urlTemplate":"https:\/\/vitablanca.ma\/?s={search_term_string}"},"query-input":{"@type":"PropertyValueSpecification","valueRequired":true,"valueName":"search_term_string"}}],"inLanguage":"en-US"},{"@type":"Organization","@id":"https:\/\/vitablanca.ma\/#organization","name":"VitaBlanca","url":"https:\/\/vitablanca.ma\/","logo":{"@type":"ImageObject","inLanguage":"en-US","@id":"https:\/\/vitablanca.ma\/#\/schema\/logo\/image\/","url":"https:\/\/vitablanca.ma\/wp-content\/uploads\/2025\/05\/cropped-vitablanca.png","contentUrl":"https:\/\/vitablanca.ma\/wp-content\/uploads\/2025\/05\/cropped-vitablanca.png","width":360,"height":67,"caption":"VitaBlanca"},"image":{"@id":"https:\/\/vitablanca.ma\/#\/schema\/logo\/image\/"},"sameAs":["https:\/\/www.facebook.com\/profile.php?id=61576678196717","https:\/\/www.tiktok.com\/@vitablanca.ma","https:\/\/www.instagram.com\/vitablanca.ma\/"]}]}},"jetpack_sharing_enabled":true,"_links":{"self":[{"href":"https:\/\/vitablanca.ma\/en\/wp-json\/wp\/v2\/product\/29742","targetHints":{"allow":["GET"]}}],"collection":[{"href":"https:\/\/vitablanca.ma\/en\/wp-json\/wp\/v2\/product"}],"about":[{"href":"https:\/\/vitablanca.ma\/en\/wp-json\/wp\/v2\/types\/product"}],"wp:featuredmedia":[{"embeddable":true,"href":"https:\/\/vitablanca.ma\/en\/wp-json\/wp\/v2\/media\/29743"}],"wp:attachment":[{"href":"https:\/\/vitablanca.ma\/en\/wp-json\/wp\/v2\/media?parent=29742"}],"wp:term":[{"taxonomy":"product_brand","embeddable":true,"href":"https:\/\/vitablanca.ma\/en\/wp-json\/wp\/v2\/product_brand?post=29742"},{"taxonomy":"product_cat","embeddable":true,"href":"https:\/\/vitablanca.ma\/en\/wp-json\/wp\/v2\/product_cat?post=29742"},{"taxonomy":"product_tag","embeddable":true,"href":"https:\/\/vitablanca.ma\/en\/wp-json\/wp\/v2\/product_tag?post=29742"}],"curies":[{"name":"wp","href":"https:\/\/api.w.org\/{rel}","templated":true}]}}