{"id":29737,"date":"2026-02-08T17:39:47","date_gmt":"2026-02-08T17:39:47","guid":{"rendered":"https:\/\/vitablanca.ma\/?post_type=product&#038;p=29737"},"modified":"2026-02-08T17:39:47","modified_gmt":"2026-02-08T17:39:47","slug":"dermacare-brightening-cleansing-gel-400ml-maroc-prix","status":"publish","type":"product","link":"https:\/\/vitablanca.ma\/en\/product\/dermacare-brightening-cleansing-gel-400ml-maroc-prix\/","title":{"rendered":"Dermacare Brightening Cleansing Gel 400ml"},"content":{"rendered":"<p data-start=\"577\" data-end=\"931\">THE <strong data-start=\"600\" data-end=\"646\">Dermacare Brightening Cleansing Gel 400 ml<\/strong> est un gel nettoyant doux et efficace qui purifie la peau tout en apportant \u00e9clat et fra\u00eecheur. Formul\u00e9 pour \u00e9liminer les impuret\u00e9s et l\u2019exc\u00e8s de s\u00e9bum, il laisse la peau nette, lumineuse et confortable. Convient \u00e0 tous types de peau et id\u00e9al pour un usage quotidien, matin et soir.<\/p>\n<p data-start=\"933\" data-end=\"949\">","protected":false},"excerpt":{"rendered":"<ul>\n<li data-start=\"950\" data-end=\"986\">\n<p data-start=\"952\" data-end=\"986\">Purifie et nettoie en profondeur<\/p>\n<\/li>\n<li data-start=\"987\" data-end=\"1028\">\n<p data-start=\"989\" data-end=\"1028\">\u00c9limine l\u2019exc\u00e8s de s\u00e9bum et impuret\u00e9s<\/p>\n<\/li>\n<li data-start=\"1029\" data-end=\"1063\">\n<p data-start=\"1031\" data-end=\"1063\">Illumine et rafra\u00eechit la peau<\/p>\n<\/li>\n<li data-start=\"1064\" data-end=\"1097\">\n<p data-start=\"1066\" data-end=\"1097\">Convient \u00e0 tous types de peau<\/p>\n<\/li>\n<li data-start=\"1098\" data-end=\"1131\">\n<p data-start=\"1100\" data-end=\"1131\">Usage quotidien matin et soir<\/p>\n<\/li>\n<\/ul>","protected":false},"featured_media":29738,"template":"","meta":{"om_disable_all_campaigns":false},"product_brand":[8745],"product_cat":[18],"product_tag":[8747,8735,8746,6828,3492,8749,6302,6416,6355,8748],"class_list":{"0":"post-29737","1":"product","2":"type-product","3":"status-publish","4":"has-post-thumbnail","6":"product_brand-dermacare","7":"product_cat-beaute-sante","8":"product_tag-brightening","9":"product_tag-cleansing-gel","10":"product_tag-dermacare","11":"product_tag-gel-nettoyant","12":"product_tag-maroc","13":"product_tag-nettoyant-quotidien","14":"product_tag-peau-douce","15":"product_tag-peau-eclatante","16":"product_tag-purifiant","17":"product_tag-soins-visage","19":"first","20":"instock","21":"sale","22":"taxable","23":"shipping-taxable","24":"purchasable","25":"product-type-simple"},"yoast_head":"<!-- This site is optimized with the Yoast SEO plugin v27.3 - https:\/\/yoast.com\/product\/yoast-seo-wordpress\/ -->\n<title>Dermacare Brightening Cleansing Gel 400 ml \u2013 Maroc Prix<\/title>\n<meta name=\"description\" content=\"Gel nettoyant Dermacare Brightening 400 ml. Purifie, illumine et rafra\u00eechit la peau, \u00e9limine impuret\u00e9s et exc\u00e8s de s\u00e9bum. Convient \u00e0 tous types de peau.\" \/>\n<meta name=\"robots\" content=\"index, follow, max-snippet:-1, max-image-preview:large, max-video-preview:-1\" \/>\n<link rel=\"canonical\" href=\"https:\/\/vitablanca.ma\/en\/product\/dermacare-brightening-cleansing-gel-400ml-maroc-prix\/\" \/>\n<meta property=\"og:locale\" content=\"en_US\" \/>\n<meta property=\"og:type\" content=\"article\" \/>\n<meta property=\"og:title\" content=\"Dermacare Brightening Cleansing Gel 400 ml \u2013 Maroc Prix\" \/>\n<meta property=\"og:description\" content=\"Gel nettoyant Dermacare Brightening 400 ml. Purifie, illumine et rafra\u00eechit la peau, \u00e9limine impuret\u00e9s et exc\u00e8s de s\u00e9bum. Convient \u00e0 tous types de peau.\" \/>\n<meta property=\"og:url\" content=\"https:\/\/vitablanca.ma\/en\/product\/dermacare-brightening-cleansing-gel-400ml-maroc-prix\/\" \/>\n<meta property=\"og:site_name\" content=\"Vitablanca.ma &ndash; Sant&eacute;, vitalit&eacute; et bien-&ecirc;tre pour tous les Marocains\" \/>\n<meta property=\"article:publisher\" content=\"https:\/\/www.facebook.com\/profile.php?id=61576678196717\" \/>\n<meta property=\"og:image\" content=\"https:\/\/vitablanca.ma\/wp-content\/uploads\/2026\/02\/Dermacare-Brightening-Cleansing-Gel-400ml1.webp\" \/>\n\t<meta property=\"og:image:width\" content=\"700\" \/>\n\t<meta property=\"og:image:height\" content=\"700\" \/>\n\t<meta property=\"og:image:type\" content=\"image\/webp\" \/>\n<meta name=\"twitter:card\" content=\"summary_large_image\" \/>\n<meta name=\"twitter:label1\" content=\"Est. reading time\" \/>\n\t<meta name=\"twitter:data1\" content=\"1 minute\" \/>\n<script type=\"application\/ld+json\" class=\"yoast-schema-graph\">{\"@context\":\"https:\\\/\\\/schema.org\",\"@graph\":[{\"@type\":[\"WebPage\",\"ItemPage\"],\"@id\":\"https:\\\/\\\/vitablanca.ma\\\/produit\\\/dermacare-brightening-cleansing-gel-400ml-maroc-prix\\\/\",\"url\":\"https:\\\/\\\/vitablanca.ma\\\/produit\\\/dermacare-brightening-cleansing-gel-400ml-maroc-prix\\\/\",\"name\":\"Dermacare Brightening Cleansing Gel 400 ml \u2013 Maroc Prix\",\"isPartOf\":{\"@id\":\"https:\\\/\\\/vitablanca.ma\\\/#website\"},\"primaryImageOfPage\":{\"@id\":\"https:\\\/\\\/vitablanca.ma\\\/produit\\\/dermacare-brightening-cleansing-gel-400ml-maroc-prix\\\/#primaryimage\"},\"image\":{\"@id\":\"https:\\\/\\\/vitablanca.ma\\\/produit\\\/dermacare-brightening-cleansing-gel-400ml-maroc-prix\\\/#primaryimage\"},\"thumbnailUrl\":\"https:\\\/\\\/vitablanca.ma\\\/wp-content\\\/uploads\\\/2026\\\/02\\\/Dermacare-Brightening-Cleansing-Gel-400ml1.webp\",\"datePublished\":\"2026-02-08T17:39:47+00:00\",\"description\":\"Gel nettoyant Dermacare Brightening 400 ml. Purifie, illumine et rafra\u00eechit la peau, \u00e9limine impuret\u00e9s et exc\u00e8s de s\u00e9bum. Convient \u00e0 tous types de peau.\",\"breadcrumb\":{\"@id\":\"https:\\\/\\\/vitablanca.ma\\\/produit\\\/dermacare-brightening-cleansing-gel-400ml-maroc-prix\\\/#breadcrumb\"},\"inLanguage\":\"en-US\",\"potentialAction\":[{\"@type\":\"ReadAction\",\"target\":[\"https:\\\/\\\/vitablanca.ma\\\/produit\\\/dermacare-brightening-cleansing-gel-400ml-maroc-prix\\\/\"]}]},{\"@type\":\"ImageObject\",\"inLanguage\":\"en-US\",\"@id\":\"https:\\\/\\\/vitablanca.ma\\\/produit\\\/dermacare-brightening-cleansing-gel-400ml-maroc-prix\\\/#primaryimage\",\"url\":\"https:\\\/\\\/vitablanca.ma\\\/wp-content\\\/uploads\\\/2026\\\/02\\\/Dermacare-Brightening-Cleansing-Gel-400ml1.webp\",\"contentUrl\":\"https:\\\/\\\/vitablanca.ma\\\/wp-content\\\/uploads\\\/2026\\\/02\\\/Dermacare-Brightening-Cleansing-Gel-400ml1.webp\",\"width\":700,\"height\":700},{\"@type\":\"BreadcrumbList\",\"@id\":\"https:\\\/\\\/vitablanca.ma\\\/produit\\\/dermacare-brightening-cleansing-gel-400ml-maroc-prix\\\/#breadcrumb\",\"itemListElement\":[{\"@type\":\"ListItem\",\"position\":1,\"name\":\"Home\",\"item\":\"https:\\\/\\\/vitablanca.ma\\\/\"},{\"@type\":\"ListItem\",\"position\":2,\"name\":\"Tous Les Produits\",\"item\":\"https:\\\/\\\/vitablanca.ma\\\/tous-les-produits\\\/\"},{\"@type\":\"ListItem\",\"position\":3,\"name\":\"Dermacare Brightening Cleansing Gel 400ml\"}]},{\"@type\":\"WebSite\",\"@id\":\"https:\\\/\\\/vitablanca.ma\\\/#website\",\"url\":\"https:\\\/\\\/vitablanca.ma\\\/\",\"name\":\"VitaBlanca.ma | Compl\u00e9ments alimentaires, sant\u00e9 & beaut\u00e9 au Maroc\",\"description\":\"vendre vitamines et compl\u00e9ments premium des USA &amp; Canada, Nouvelle Z\u00e9lande,Maroc (NOW Foods, Solgar, Manuka). Livraison rapide partout au Maroc.\",\"publisher\":{\"@id\":\"https:\\\/\\\/vitablanca.ma\\\/#organization\"},\"alternateName\":\"VitaBlanca.ma\",\"potentialAction\":[{\"@type\":\"SearchAction\",\"target\":{\"@type\":\"EntryPoint\",\"urlTemplate\":\"https:\\\/\\\/vitablanca.ma\\\/?s={search_term_string}\"},\"query-input\":{\"@type\":\"PropertyValueSpecification\",\"valueRequired\":true,\"valueName\":\"search_term_string\"}}],\"inLanguage\":\"en-US\"},{\"@type\":\"Organization\",\"@id\":\"https:\\\/\\\/vitablanca.ma\\\/#organization\",\"name\":\"VitaBlanca\",\"url\":\"https:\\\/\\\/vitablanca.ma\\\/\",\"logo\":{\"@type\":\"ImageObject\",\"inLanguage\":\"en-US\",\"@id\":\"https:\\\/\\\/vitablanca.ma\\\/#\\\/schema\\\/logo\\\/image\\\/\",\"url\":\"https:\\\/\\\/vitablanca.ma\\\/wp-content\\\/uploads\\\/2025\\\/05\\\/cropped-vitablanca.png\",\"contentUrl\":\"https:\\\/\\\/vitablanca.ma\\\/wp-content\\\/uploads\\\/2025\\\/05\\\/cropped-vitablanca.png\",\"width\":360,\"height\":67,\"caption\":\"VitaBlanca\"},\"image\":{\"@id\":\"https:\\\/\\\/vitablanca.ma\\\/#\\\/schema\\\/logo\\\/image\\\/\"},\"sameAs\":[\"https:\\\/\\\/www.facebook.com\\\/profile.php?id=61576678196717\",\"https:\\\/\\\/www.tiktok.com\\\/@vitablanca.ma\",\"https:\\\/\\\/www.instagram.com\\\/vitablanca.ma\\\/\"]}]}<\/script>\n<!-- \/ Yoast SEO plugin. -->","yoast_head_json":{"title":"Dermacare Brightening Cleansing Gel 400 ml \u2013 Maroc Prix","description":"Gel nettoyant Dermacare Brightening 400 ml. Purifie, illumine et rafra\u00eechit la peau, \u00e9limine impuret\u00e9s et exc\u00e8s de s\u00e9bum. Convient \u00e0 tous types de peau.","robots":{"index":"index","follow":"follow","max-snippet":"max-snippet:-1","max-image-preview":"max-image-preview:large","max-video-preview":"max-video-preview:-1"},"canonical":"https:\/\/vitablanca.ma\/en\/product\/dermacare-brightening-cleansing-gel-400ml-maroc-prix\/","og_locale":"en_US","og_type":"article","og_title":"Dermacare Brightening Cleansing Gel 400 ml \u2013 Maroc Prix","og_description":"Gel nettoyant Dermacare Brightening 400 ml. Purifie, illumine et rafra\u00eechit la peau, \u00e9limine impuret\u00e9s et exc\u00e8s de s\u00e9bum. Convient \u00e0 tous types de peau.","og_url":"https:\/\/vitablanca.ma\/en\/product\/dermacare-brightening-cleansing-gel-400ml-maroc-prix\/","og_site_name":"Vitablanca.ma &ndash; Sant&eacute;, vitalit&eacute; et bien-&ecirc;tre pour tous les Marocains","article_publisher":"https:\/\/www.facebook.com\/profile.php?id=61576678196717","og_image":[{"width":700,"height":700,"url":"https:\/\/vitablanca.ma\/wp-content\/uploads\/2026\/02\/Dermacare-Brightening-Cleansing-Gel-400ml1.webp","type":"image\/webp"}],"twitter_card":"summary_large_image","twitter_misc":{"Est. reading time":"1 minute"},"schema":{"@context":"https:\/\/schema.org","@graph":[{"@type":["WebPage","ItemPage"],"@id":"https:\/\/vitablanca.ma\/produit\/dermacare-brightening-cleansing-gel-400ml-maroc-prix\/","url":"https:\/\/vitablanca.ma\/produit\/dermacare-brightening-cleansing-gel-400ml-maroc-prix\/","name":"Dermacare Brightening Cleansing Gel 400 ml \u2013 Maroc Prix","isPartOf":{"@id":"https:\/\/vitablanca.ma\/#website"},"primaryImageOfPage":{"@id":"https:\/\/vitablanca.ma\/produit\/dermacare-brightening-cleansing-gel-400ml-maroc-prix\/#primaryimage"},"image":{"@id":"https:\/\/vitablanca.ma\/produit\/dermacare-brightening-cleansing-gel-400ml-maroc-prix\/#primaryimage"},"thumbnailUrl":"https:\/\/vitablanca.ma\/wp-content\/uploads\/2026\/02\/Dermacare-Brightening-Cleansing-Gel-400ml1.webp","datePublished":"2026-02-08T17:39:47+00:00","description":"Gel nettoyant Dermacare Brightening 400 ml. Purifie, illumine et rafra\u00eechit la peau, \u00e9limine impuret\u00e9s et exc\u00e8s de s\u00e9bum. Convient \u00e0 tous types de peau.","breadcrumb":{"@id":"https:\/\/vitablanca.ma\/produit\/dermacare-brightening-cleansing-gel-400ml-maroc-prix\/#breadcrumb"},"inLanguage":"en-US","potentialAction":[{"@type":"ReadAction","target":["https:\/\/vitablanca.ma\/produit\/dermacare-brightening-cleansing-gel-400ml-maroc-prix\/"]}]},{"@type":"ImageObject","inLanguage":"en-US","@id":"https:\/\/vitablanca.ma\/produit\/dermacare-brightening-cleansing-gel-400ml-maroc-prix\/#primaryimage","url":"https:\/\/vitablanca.ma\/wp-content\/uploads\/2026\/02\/Dermacare-Brightening-Cleansing-Gel-400ml1.webp","contentUrl":"https:\/\/vitablanca.ma\/wp-content\/uploads\/2026\/02\/Dermacare-Brightening-Cleansing-Gel-400ml1.webp","width":700,"height":700},{"@type":"BreadcrumbList","@id":"https:\/\/vitablanca.ma\/produit\/dermacare-brightening-cleansing-gel-400ml-maroc-prix\/#breadcrumb","itemListElement":[{"@type":"ListItem","position":1,"name":"Home","item":"https:\/\/vitablanca.ma\/"},{"@type":"ListItem","position":2,"name":"Tous Les Produits","item":"https:\/\/vitablanca.ma\/tous-les-produits\/"},{"@type":"ListItem","position":3,"name":"Dermacare Brightening Cleansing Gel 400ml"}]},{"@type":"WebSite","@id":"https:\/\/vitablanca.ma\/#website","url":"https:\/\/vitablanca.ma\/","name":"VitaBlanca.ma | Food supplements, health &amp; beauty in Morocco","description":"sell premium vitamins and supplements from USA &amp; Canada, New Zealand, Morocco (NOW Foods, Solgar, Manuka). Fast delivery anywhere in Morocco.","publisher":{"@id":"https:\/\/vitablanca.ma\/#organization"},"alternateName":"VitaBlanca.ma","potentialAction":[{"@type":"SearchAction","target":{"@type":"EntryPoint","urlTemplate":"https:\/\/vitablanca.ma\/?s={search_term_string}"},"query-input":{"@type":"PropertyValueSpecification","valueRequired":true,"valueName":"search_term_string"}}],"inLanguage":"en-US"},{"@type":"Organization","@id":"https:\/\/vitablanca.ma\/#organization","name":"VitaBlanca","url":"https:\/\/vitablanca.ma\/","logo":{"@type":"ImageObject","inLanguage":"en-US","@id":"https:\/\/vitablanca.ma\/#\/schema\/logo\/image\/","url":"https:\/\/vitablanca.ma\/wp-content\/uploads\/2025\/05\/cropped-vitablanca.png","contentUrl":"https:\/\/vitablanca.ma\/wp-content\/uploads\/2025\/05\/cropped-vitablanca.png","width":360,"height":67,"caption":"VitaBlanca"},"image":{"@id":"https:\/\/vitablanca.ma\/#\/schema\/logo\/image\/"},"sameAs":["https:\/\/www.facebook.com\/profile.php?id=61576678196717","https:\/\/www.tiktok.com\/@vitablanca.ma","https:\/\/www.instagram.com\/vitablanca.ma\/"]}]}},"jetpack_sharing_enabled":true,"_links":{"self":[{"href":"https:\/\/vitablanca.ma\/en\/wp-json\/wp\/v2\/product\/29737","targetHints":{"allow":["GET"]}}],"collection":[{"href":"https:\/\/vitablanca.ma\/en\/wp-json\/wp\/v2\/product"}],"about":[{"href":"https:\/\/vitablanca.ma\/en\/wp-json\/wp\/v2\/types\/product"}],"wp:featuredmedia":[{"embeddable":true,"href":"https:\/\/vitablanca.ma\/en\/wp-json\/wp\/v2\/media\/29738"}],"wp:attachment":[{"href":"https:\/\/vitablanca.ma\/en\/wp-json\/wp\/v2\/media?parent=29737"}],"wp:term":[{"taxonomy":"product_brand","embeddable":true,"href":"https:\/\/vitablanca.ma\/en\/wp-json\/wp\/v2\/product_brand?post=29737"},{"taxonomy":"product_cat","embeddable":true,"href":"https:\/\/vitablanca.ma\/en\/wp-json\/wp\/v2\/product_cat?post=29737"},{"taxonomy":"product_tag","embeddable":true,"href":"https:\/\/vitablanca.ma\/en\/wp-json\/wp\/v2\/product_tag?post=29737"}],"curies":[{"name":"wp","href":"https:\/\/api.w.org\/{rel}","templated":true}]}}