{"id":29734,"date":"2026-02-08T17:34:22","date_gmt":"2026-02-08T17:34:22","guid":{"rendered":"https:\/\/vitablanca.ma\/?post_type=product&#038;p=29734"},"modified":"2026-04-16T23:08:02","modified_gmt":"2026-04-16T23:08:02","slug":"loreal-paris-extraordinary-oil-serum-hair-care-midnight-elseve-100-ml-maroc-prix","status":"publish","type":"product","link":"https:\/\/vitablanca.ma\/en\/product\/loreal-paris-extraordinary-oil-serum-hair-care-midnight-elseve-100-ml-maroc-prix\/","title":{"rendered":"L\u2019Or\u00e9al Paris Extraordinary Oil Serum Hair Care Midnight Elseve 100 ml"},"content":{"rendered":"<p data-start=\"644\" data-end=\"1008\">THE <strong data-start=\"667\" data-end=\"724\">L\u2019Or\u00e9al Paris Extraordinary Oil Serum Midnight 100 ml<\/strong> est un s\u00e9rum capillaire enrichi en huiles pr\u00e9cieuses pour nourrir et r\u00e9parer intens\u00e9ment les cheveux secs et ab\u00eem\u00e9s. Il contr\u00f4le les frisottis, laisse les cheveux doux, lisses et brillants, tout en facilitant le coiffage. Id\u00e9al pour un usage quotidien ou en soin avant le coiffage.<\/p>\n<p data-start=\"1010\" data-end=\"1026\">","protected":false},"excerpt":{"rendered":"<ul>\n<li data-start=\"1027\" data-end=\"1075\">\n<p data-start=\"1029\" data-end=\"1075\">Nourrit et r\u00e9pare les cheveux secs et ab\u00eem\u00e9s<\/p>\n<\/li>\n<li data-start=\"1076\" data-end=\"1102\">\n<p data-start=\"1078\" data-end=\"1102\">Contr\u00f4le les frisottis<\/p>\n<\/li>\n<li data-start=\"1103\" data-end=\"1133\">\n<p data-start=\"1105\" data-end=\"1133\">Apporte brillance et \u00e9clat<\/p>\n<\/li>\n<li data-start=\"1134\" data-end=\"1160\">\n<p data-start=\"1136\" data-end=\"1160\">Cheveux doux et lisses<\/p>\n<\/li>\n<li data-start=\"1161\" data-end=\"1198\">\n<p data-start=\"1163\" data-end=\"1198\">Usage quotidien ou avant coiffage<\/p>\n<\/li>\n<\/ul>","protected":false},"featured_media":29736,"template":"","meta":{"om_disable_all_campaigns":false},"product_brand":[5741],"product_cat":[18],"product_tag":[6036,6054,5884,8742,8744,8349,5853,3492,3427,6162],"class_list":{"0":"post-29734","1":"product","2":"type-product","3":"status-publish","4":"has-post-thumbnail","6":"product_brand-loreal-paris-maroc-prix","7":"product_cat-beaute-sante","8":"product_tag-brillance-cheveux","9":"product_tag-cheveux-secs","10":"product_tag-elseve","11":"product_tag-extraordinary-oil","12":"product_tag-frisottis","13":"product_tag-hair-serum","14":"product_tag-loreal-paris","15":"product_tag-maroc","16":"product_tag-reparation-cheveux","17":"product_tag-soin-capillaire","19":"first","20":"instock","21":"sale","22":"taxable","23":"shipping-taxable","24":"purchasable","25":"product-type-simple"},"yoast_head":"<!-- This site is optimized with the Yoast SEO plugin v27.4 - https:\/\/yoast.com\/product\/yoast-seo-wordpress\/ -->\n<title>L\u2019Or\u00e9al Paris Extraordinary Oil Serum Hair 100 ml \u2013 Maroc Prix<\/title>\n<meta name=\"description\" content=\"S\u00e9rum capillaire L\u2019Or\u00e9al Paris Extraordinary Oil Midnight 100 ml. Nourrit, contr\u00f4le les frisottis et apporte brillance et douceur. Disponible au Maroc.\" \/>\n<meta name=\"robots\" content=\"index, follow, max-snippet:-1, max-image-preview:large, max-video-preview:-1\" \/>\n<link rel=\"canonical\" href=\"https:\/\/vitablanca.ma\/en\/product\/loreal-paris-extraordinary-oil-serum-hair-care-midnight-elseve-100-ml-maroc-prix\/\" \/>\n<meta property=\"og:locale\" content=\"en_US\" \/>\n<meta property=\"og:type\" content=\"article\" \/>\n<meta property=\"og:title\" content=\"L\u2019Or\u00e9al Paris Extraordinary Oil Serum Hair 100 ml \u2013 Maroc Prix\" \/>\n<meta property=\"og:description\" content=\"S\u00e9rum capillaire L\u2019Or\u00e9al Paris Extraordinary Oil Midnight 100 ml. Nourrit, contr\u00f4le les frisottis et apporte brillance et douceur. Disponible au Maroc.\" \/>\n<meta property=\"og:url\" content=\"https:\/\/vitablanca.ma\/en\/product\/loreal-paris-extraordinary-oil-serum-hair-care-midnight-elseve-100-ml-maroc-prix\/\" \/>\n<meta property=\"og:site_name\" content=\"Vitablanca.ma &ndash; Sant&eacute;, vitalit&eacute; et bien-&ecirc;tre pour tous les Marocains\" \/>\n<meta property=\"article:publisher\" content=\"https:\/\/www.facebook.com\/profile.php?id=61576678196717\" \/>\n<meta property=\"article:modified_time\" content=\"2026-04-16T23:08:02+00:00\" \/>\n<meta property=\"og:image\" content=\"https:\/\/vitablanca.ma\/wp-content\/uploads\/2026\/02\/LOREAL-PARIS-\u2013-Extraordinary-Oil-Serum-Hair-Care-Midnight-ELSEVE-100ML.png\" \/>\n\t<meta property=\"og:image:width\" content=\"625\" \/>\n\t<meta property=\"og:image:height\" content=\"625\" \/>\n\t<meta property=\"og:image:type\" content=\"image\/png\" \/>\n<meta name=\"twitter:card\" content=\"summary_large_image\" \/>\n<meta name=\"twitter:label1\" content=\"Est. reading time\" \/>\n\t<meta name=\"twitter:data1\" content=\"1 minute\" \/>\n<script type=\"application\/ld+json\" class=\"yoast-schema-graph\">{\"@context\":\"https:\\\/\\\/schema.org\",\"@graph\":[{\"@type\":[\"WebPage\",\"ItemPage\"],\"@id\":\"https:\\\/\\\/vitablanca.ma\\\/produit\\\/loreal-paris-extraordinary-oil-serum-hair-care-midnight-elseve-100-ml-maroc-prix\\\/\",\"url\":\"https:\\\/\\\/vitablanca.ma\\\/produit\\\/loreal-paris-extraordinary-oil-serum-hair-care-midnight-elseve-100-ml-maroc-prix\\\/\",\"name\":\"L\u2019Or\u00e9al Paris Extraordinary Oil Serum Hair 100 ml \u2013 Maroc Prix\",\"isPartOf\":{\"@id\":\"https:\\\/\\\/vitablanca.ma\\\/#website\"},\"primaryImageOfPage\":{\"@id\":\"https:\\\/\\\/vitablanca.ma\\\/produit\\\/loreal-paris-extraordinary-oil-serum-hair-care-midnight-elseve-100-ml-maroc-prix\\\/#primaryimage\"},\"image\":{\"@id\":\"https:\\\/\\\/vitablanca.ma\\\/produit\\\/loreal-paris-extraordinary-oil-serum-hair-care-midnight-elseve-100-ml-maroc-prix\\\/#primaryimage\"},\"thumbnailUrl\":\"https:\\\/\\\/vitablanca.ma\\\/wp-content\\\/uploads\\\/2026\\\/02\\\/LOREAL-PARIS-\u2013-Extraordinary-Oil-Serum-Hair-Care-Midnight-ELSEVE-100ML.png\",\"datePublished\":\"2026-02-08T17:34:22+00:00\",\"dateModified\":\"2026-04-16T23:08:02+00:00\",\"description\":\"S\u00e9rum capillaire L\u2019Or\u00e9al Paris Extraordinary Oil Midnight 100 ml. Nourrit, contr\u00f4le les frisottis et apporte brillance et douceur. Disponible au Maroc.\",\"breadcrumb\":{\"@id\":\"https:\\\/\\\/vitablanca.ma\\\/produit\\\/loreal-paris-extraordinary-oil-serum-hair-care-midnight-elseve-100-ml-maroc-prix\\\/#breadcrumb\"},\"inLanguage\":\"en-US\",\"potentialAction\":[{\"@type\":\"ReadAction\",\"target\":[\"https:\\\/\\\/vitablanca.ma\\\/produit\\\/loreal-paris-extraordinary-oil-serum-hair-care-midnight-elseve-100-ml-maroc-prix\\\/\"]}]},{\"@type\":\"ImageObject\",\"inLanguage\":\"en-US\",\"@id\":\"https:\\\/\\\/vitablanca.ma\\\/produit\\\/loreal-paris-extraordinary-oil-serum-hair-care-midnight-elseve-100-ml-maroc-prix\\\/#primaryimage\",\"url\":\"https:\\\/\\\/vitablanca.ma\\\/wp-content\\\/uploads\\\/2026\\\/02\\\/LOREAL-PARIS-\u2013-Extraordinary-Oil-Serum-Hair-Care-Midnight-ELSEVE-100ML.png\",\"contentUrl\":\"https:\\\/\\\/vitablanca.ma\\\/wp-content\\\/uploads\\\/2026\\\/02\\\/LOREAL-PARIS-\u2013-Extraordinary-Oil-Serum-Hair-Care-Midnight-ELSEVE-100ML.png\",\"width\":625,\"height\":625},{\"@type\":\"BreadcrumbList\",\"@id\":\"https:\\\/\\\/vitablanca.ma\\\/produit\\\/loreal-paris-extraordinary-oil-serum-hair-care-midnight-elseve-100-ml-maroc-prix\\\/#breadcrumb\",\"itemListElement\":[{\"@type\":\"ListItem\",\"position\":1,\"name\":\"Home\",\"item\":\"https:\\\/\\\/vitablanca.ma\\\/\"},{\"@type\":\"ListItem\",\"position\":2,\"name\":\"Tous Les Produits\",\"item\":\"https:\\\/\\\/vitablanca.ma\\\/tous-les-produits\\\/\"},{\"@type\":\"ListItem\",\"position\":3,\"name\":\"L\u2019Or\u00e9al Paris Extraordinary Oil Serum Hair Care Midnight Elseve 100 ml\"}]},{\"@type\":\"WebSite\",\"@id\":\"https:\\\/\\\/vitablanca.ma\\\/#website\",\"url\":\"https:\\\/\\\/vitablanca.ma\\\/\",\"name\":\"VitaBlanca.ma | Compl\u00e9ments alimentaires, sant\u00e9 & beaut\u00e9 au Maroc\",\"description\":\"vendre vitamines et compl\u00e9ments premium des USA &amp; Canada, Nouvelle Z\u00e9lande,Maroc (NOW Foods, Solgar, Manuka). Livraison rapide partout au Maroc.\",\"publisher\":{\"@id\":\"https:\\\/\\\/vitablanca.ma\\\/#organization\"},\"alternateName\":\"VitaBlanca.ma\",\"potentialAction\":[{\"@type\":\"SearchAction\",\"target\":{\"@type\":\"EntryPoint\",\"urlTemplate\":\"https:\\\/\\\/vitablanca.ma\\\/?s={search_term_string}\"},\"query-input\":{\"@type\":\"PropertyValueSpecification\",\"valueRequired\":true,\"valueName\":\"search_term_string\"}}],\"inLanguage\":\"en-US\"},{\"@type\":\"Organization\",\"@id\":\"https:\\\/\\\/vitablanca.ma\\\/#organization\",\"name\":\"VitaBlanca\",\"url\":\"https:\\\/\\\/vitablanca.ma\\\/\",\"logo\":{\"@type\":\"ImageObject\",\"inLanguage\":\"en-US\",\"@id\":\"https:\\\/\\\/vitablanca.ma\\\/#\\\/schema\\\/logo\\\/image\\\/\",\"url\":\"https:\\\/\\\/vitablanca.ma\\\/wp-content\\\/uploads\\\/2025\\\/05\\\/cropped-vitablanca.png\",\"contentUrl\":\"https:\\\/\\\/vitablanca.ma\\\/wp-content\\\/uploads\\\/2025\\\/05\\\/cropped-vitablanca.png\",\"width\":360,\"height\":67,\"caption\":\"VitaBlanca\"},\"image\":{\"@id\":\"https:\\\/\\\/vitablanca.ma\\\/#\\\/schema\\\/logo\\\/image\\\/\"},\"sameAs\":[\"https:\\\/\\\/www.facebook.com\\\/profile.php?id=61576678196717\",\"https:\\\/\\\/www.tiktok.com\\\/@vitablanca.ma\",\"https:\\\/\\\/www.instagram.com\\\/vitablanca.ma\\\/\"]}]}<\/script>\n<!-- \/ Yoast SEO plugin. -->","yoast_head_json":{"title":"L\u2019Or\u00e9al Paris Extraordinary Oil Serum Hair 100 ml \u2013 Maroc Prix","description":"S\u00e9rum capillaire L\u2019Or\u00e9al Paris Extraordinary Oil Midnight 100 ml. Nourrit, contr\u00f4le les frisottis et apporte brillance et douceur. Disponible au Maroc.","robots":{"index":"index","follow":"follow","max-snippet":"max-snippet:-1","max-image-preview":"max-image-preview:large","max-video-preview":"max-video-preview:-1"},"canonical":"https:\/\/vitablanca.ma\/en\/product\/loreal-paris-extraordinary-oil-serum-hair-care-midnight-elseve-100-ml-maroc-prix\/","og_locale":"en_US","og_type":"article","og_title":"L\u2019Or\u00e9al Paris Extraordinary Oil Serum Hair 100 ml \u2013 Maroc Prix","og_description":"S\u00e9rum capillaire L\u2019Or\u00e9al Paris Extraordinary Oil Midnight 100 ml. Nourrit, contr\u00f4le les frisottis et apporte brillance et douceur. Disponible au Maroc.","og_url":"https:\/\/vitablanca.ma\/en\/product\/loreal-paris-extraordinary-oil-serum-hair-care-midnight-elseve-100-ml-maroc-prix\/","og_site_name":"Vitablanca.ma &ndash; Sant&eacute;, vitalit&eacute; et bien-&ecirc;tre pour tous les Marocains","article_publisher":"https:\/\/www.facebook.com\/profile.php?id=61576678196717","article_modified_time":"2026-04-16T23:08:02+00:00","og_image":[{"width":625,"height":625,"url":"https:\/\/vitablanca.ma\/wp-content\/uploads\/2026\/02\/LOREAL-PARIS-\u2013-Extraordinary-Oil-Serum-Hair-Care-Midnight-ELSEVE-100ML.png","type":"image\/png"}],"twitter_card":"summary_large_image","twitter_misc":{"Est. reading time":"1 minute"},"schema":{"@context":"https:\/\/schema.org","@graph":[{"@type":["WebPage","ItemPage"],"@id":"https:\/\/vitablanca.ma\/produit\/loreal-paris-extraordinary-oil-serum-hair-care-midnight-elseve-100-ml-maroc-prix\/","url":"https:\/\/vitablanca.ma\/produit\/loreal-paris-extraordinary-oil-serum-hair-care-midnight-elseve-100-ml-maroc-prix\/","name":"L\u2019Or\u00e9al Paris Extraordinary Oil Serum Hair 100 ml \u2013 Maroc Prix","isPartOf":{"@id":"https:\/\/vitablanca.ma\/#website"},"primaryImageOfPage":{"@id":"https:\/\/vitablanca.ma\/produit\/loreal-paris-extraordinary-oil-serum-hair-care-midnight-elseve-100-ml-maroc-prix\/#primaryimage"},"image":{"@id":"https:\/\/vitablanca.ma\/produit\/loreal-paris-extraordinary-oil-serum-hair-care-midnight-elseve-100-ml-maroc-prix\/#primaryimage"},"thumbnailUrl":"https:\/\/vitablanca.ma\/wp-content\/uploads\/2026\/02\/LOREAL-PARIS-\u2013-Extraordinary-Oil-Serum-Hair-Care-Midnight-ELSEVE-100ML.png","datePublished":"2026-02-08T17:34:22+00:00","dateModified":"2026-04-16T23:08:02+00:00","description":"S\u00e9rum capillaire L\u2019Or\u00e9al Paris Extraordinary Oil Midnight 100 ml. Nourrit, contr\u00f4le les frisottis et apporte brillance et douceur. Disponible au Maroc.","breadcrumb":{"@id":"https:\/\/vitablanca.ma\/produit\/loreal-paris-extraordinary-oil-serum-hair-care-midnight-elseve-100-ml-maroc-prix\/#breadcrumb"},"inLanguage":"en-US","potentialAction":[{"@type":"ReadAction","target":["https:\/\/vitablanca.ma\/produit\/loreal-paris-extraordinary-oil-serum-hair-care-midnight-elseve-100-ml-maroc-prix\/"]}]},{"@type":"ImageObject","inLanguage":"en-US","@id":"https:\/\/vitablanca.ma\/produit\/loreal-paris-extraordinary-oil-serum-hair-care-midnight-elseve-100-ml-maroc-prix\/#primaryimage","url":"https:\/\/vitablanca.ma\/wp-content\/uploads\/2026\/02\/LOREAL-PARIS-\u2013-Extraordinary-Oil-Serum-Hair-Care-Midnight-ELSEVE-100ML.png","contentUrl":"https:\/\/vitablanca.ma\/wp-content\/uploads\/2026\/02\/LOREAL-PARIS-\u2013-Extraordinary-Oil-Serum-Hair-Care-Midnight-ELSEVE-100ML.png","width":625,"height":625},{"@type":"BreadcrumbList","@id":"https:\/\/vitablanca.ma\/produit\/loreal-paris-extraordinary-oil-serum-hair-care-midnight-elseve-100-ml-maroc-prix\/#breadcrumb","itemListElement":[{"@type":"ListItem","position":1,"name":"Home","item":"https:\/\/vitablanca.ma\/"},{"@type":"ListItem","position":2,"name":"Tous Les Produits","item":"https:\/\/vitablanca.ma\/tous-les-produits\/"},{"@type":"ListItem","position":3,"name":"L\u2019Or\u00e9al Paris Extraordinary Oil Serum Hair Care Midnight Elseve 100 ml"}]},{"@type":"WebSite","@id":"https:\/\/vitablanca.ma\/#website","url":"https:\/\/vitablanca.ma\/","name":"VitaBlanca.ma | Food supplements, health &amp; beauty in Morocco","description":"sell premium vitamins and supplements from USA &amp; Canada, New Zealand, Morocco (NOW Foods, Solgar, Manuka). Fast delivery anywhere in Morocco.","publisher":{"@id":"https:\/\/vitablanca.ma\/#organization"},"alternateName":"VitaBlanca.ma","potentialAction":[{"@type":"SearchAction","target":{"@type":"EntryPoint","urlTemplate":"https:\/\/vitablanca.ma\/?s={search_term_string}"},"query-input":{"@type":"PropertyValueSpecification","valueRequired":true,"valueName":"search_term_string"}}],"inLanguage":"en-US"},{"@type":"Organization","@id":"https:\/\/vitablanca.ma\/#organization","name":"VitaBlanca","url":"https:\/\/vitablanca.ma\/","logo":{"@type":"ImageObject","inLanguage":"en-US","@id":"https:\/\/vitablanca.ma\/#\/schema\/logo\/image\/","url":"https:\/\/vitablanca.ma\/wp-content\/uploads\/2025\/05\/cropped-vitablanca.png","contentUrl":"https:\/\/vitablanca.ma\/wp-content\/uploads\/2025\/05\/cropped-vitablanca.png","width":360,"height":67,"caption":"VitaBlanca"},"image":{"@id":"https:\/\/vitablanca.ma\/#\/schema\/logo\/image\/"},"sameAs":["https:\/\/www.facebook.com\/profile.php?id=61576678196717","https:\/\/www.tiktok.com\/@vitablanca.ma","https:\/\/www.instagram.com\/vitablanca.ma\/"]}]}},"jetpack_sharing_enabled":true,"_links":{"self":[{"href":"https:\/\/vitablanca.ma\/en\/wp-json\/wp\/v2\/product\/29734","targetHints":{"allow":["GET"]}}],"collection":[{"href":"https:\/\/vitablanca.ma\/en\/wp-json\/wp\/v2\/product"}],"about":[{"href":"https:\/\/vitablanca.ma\/en\/wp-json\/wp\/v2\/types\/product"}],"wp:featuredmedia":[{"embeddable":true,"href":"https:\/\/vitablanca.ma\/en\/wp-json\/wp\/v2\/media\/29736"}],"wp:attachment":[{"href":"https:\/\/vitablanca.ma\/en\/wp-json\/wp\/v2\/media?parent=29734"}],"wp:term":[{"taxonomy":"product_brand","embeddable":true,"href":"https:\/\/vitablanca.ma\/en\/wp-json\/wp\/v2\/product_brand?post=29734"},{"taxonomy":"product_cat","embeddable":true,"href":"https:\/\/vitablanca.ma\/en\/wp-json\/wp\/v2\/product_cat?post=29734"},{"taxonomy":"product_tag","embeddable":true,"href":"https:\/\/vitablanca.ma\/en\/wp-json\/wp\/v2\/product_tag?post=29734"}],"curies":[{"name":"wp","href":"https:\/\/api.w.org\/{rel}","templated":true}]}}