{"id":29665,"date":"2026-02-06T22:03:24","date_gmt":"2026-02-06T22:03:24","guid":{"rendered":"https:\/\/vitablanca.ma\/?post_type=product&#038;p=29665"},"modified":"2026-02-06T22:03:25","modified_gmt":"2026-02-06T22:03:25","slug":"balea-hair-wax-stick-styling-wax-stick-for-hair-25g-maroc-prix","status":"publish","type":"product","link":"https:\/\/vitablanca.ma\/en\/product\/balea-hair-wax-stick-styling-wax-stick-for-hair-25g-maroc-prix\/","title":{"rendered":"Balea Hair Wax Stick &#8211; Styling Wax Stick for Hair &#8211; 25g"},"content":{"rendered":"<div class=\"card aim -mtm\">\n<div class=\"markup -mhm -pvl -oxa -sc\">\n<p>Le Wax Styling Stick de Balea est id\u00e9al pour les styles tendance. Il assure une fixation rapide et facile sans aucun collage. Parfait pour un look lisse et brillant. Recette sans microplastiques et sans polym\u00e8res hydrosolubles purement synth\u00e9tiques.<\/p>\n<\/div>\n<\/div>","protected":false},"excerpt":{"rendered":"<ul>\n<li>Quick and easy fixing<\/li>\n<li>Id\u00e9al pour des looks \u00e9pur\u00e9s et tendances<\/li>\n<li>Also suitable for fixing baby&#039;s hair<\/li>\n<li>Au beurre de mangue et \u00e0 l&rsquo;huile d&rsquo;avocat<\/li>\n<li>Vegan : Avec de la cire de carnauba<\/li>\n<\/ul>","protected":false},"featured_media":29666,"template":"","meta":{"om_disable_all_campaigns":false},"product_brand":[3236],"product_cat":[18],"product_tag":[3237,8534,8537,6877,8538,8536,8533,3492,6162,8535],"class_list":{"0":"post-29665","1":"product","2":"type-product","3":"status-publish","4":"has-post-thumbnail","6":"product_brand-balea-dm-prix-maroc","7":"product_cat-beaute-sante","8":"product_tag-balea","9":"product_tag-cire-coiffante","10":"product_tag-coiffure","11":"product_tag-cosmetique","12":"product_tag-finition-naturelle","13":"product_tag-fixation","14":"product_tag-hair-wax-stick","15":"product_tag-maroc","16":"product_tag-soin-capillaire","17":"product_tag-styling-cheveux","19":"first","20":"instock","21":"sale","22":"taxable","23":"shipping-taxable","24":"purchasable","25":"product-type-simple"},"yoast_head":"<!-- This site is optimized with the Yoast SEO plugin v27.3 - https:\/\/yoast.com\/product\/yoast-seo-wordpress\/ -->\n<title>Balea Hair Wax Stick Cire Coiffante 25 g \u2013 Maroc Prix<\/title>\n<meta name=\"description\" content=\"Cire coiffante Balea Hair Wax Stick 25 g. Permet de structurer, fixer et d\u00e9finir la coiffure avec un fini naturel sans alourdir les cheveux. Disponible\" \/>\n<meta name=\"robots\" content=\"index, follow, max-snippet:-1, max-image-preview:large, max-video-preview:-1\" \/>\n<link rel=\"canonical\" href=\"https:\/\/vitablanca.ma\/en\/product\/balea-hair-wax-stick-styling-wax-stick-for-hair-25g-maroc-prix\/\" \/>\n<meta property=\"og:locale\" content=\"en_US\" \/>\n<meta property=\"og:type\" content=\"article\" \/>\n<meta property=\"og:title\" content=\"Balea Hair Wax Stick Cire Coiffante 25 g \u2013 Maroc Prix\" \/>\n<meta property=\"og:description\" content=\"Cire coiffante Balea Hair Wax Stick 25 g. Permet de structurer, fixer et d\u00e9finir la coiffure avec un fini naturel sans alourdir les cheveux. Disponible\" \/>\n<meta property=\"og:url\" content=\"https:\/\/vitablanca.ma\/en\/product\/balea-hair-wax-stick-styling-wax-stick-for-hair-25g-maroc-prix\/\" \/>\n<meta property=\"og:site_name\" content=\"Vitablanca.ma &ndash; Sant&eacute;, vitalit&eacute; et bien-&ecirc;tre pour tous les Marocains\" \/>\n<meta property=\"article:publisher\" content=\"https:\/\/www.facebook.com\/profile.php?id=61576678196717\" \/>\n<meta property=\"article:modified_time\" content=\"2026-02-06T22:03:25+00:00\" \/>\n<meta property=\"og:image\" content=\"https:\/\/vitablanca.ma\/wp-content\/uploads\/2026\/02\/Balea-Hair-Wax-Stick-Styling-Wax-Stick-for-Hair-25g1.png\" \/>\n\t<meta property=\"og:image:width\" content=\"1024\" \/>\n\t<meta property=\"og:image:height\" content=\"1024\" \/>\n\t<meta property=\"og:image:type\" content=\"image\/png\" \/>\n<meta name=\"twitter:card\" content=\"summary_large_image\" \/>\n<meta name=\"twitter:label1\" content=\"Est. reading time\" \/>\n\t<meta name=\"twitter:data1\" content=\"1 minute\" \/>\n<script type=\"application\/ld+json\" class=\"yoast-schema-graph\">{\"@context\":\"https:\\\/\\\/schema.org\",\"@graph\":[{\"@type\":[\"WebPage\",\"ItemPage\"],\"@id\":\"https:\\\/\\\/vitablanca.ma\\\/produit\\\/balea-hair-wax-stick-styling-wax-stick-for-hair-25g-maroc-prix\\\/\",\"url\":\"https:\\\/\\\/vitablanca.ma\\\/produit\\\/balea-hair-wax-stick-styling-wax-stick-for-hair-25g-maroc-prix\\\/\",\"name\":\"Balea Hair Wax Stick Cire Coiffante 25 g \u2013 Maroc Prix\",\"isPartOf\":{\"@id\":\"https:\\\/\\\/vitablanca.ma\\\/#website\"},\"primaryImageOfPage\":{\"@id\":\"https:\\\/\\\/vitablanca.ma\\\/produit\\\/balea-hair-wax-stick-styling-wax-stick-for-hair-25g-maroc-prix\\\/#primaryimage\"},\"image\":{\"@id\":\"https:\\\/\\\/vitablanca.ma\\\/produit\\\/balea-hair-wax-stick-styling-wax-stick-for-hair-25g-maroc-prix\\\/#primaryimage\"},\"thumbnailUrl\":\"https:\\\/\\\/vitablanca.ma\\\/wp-content\\\/uploads\\\/2026\\\/02\\\/Balea-Hair-Wax-Stick-Styling-Wax-Stick-for-Hair-25g1.png\",\"datePublished\":\"2026-02-06T22:03:24+00:00\",\"dateModified\":\"2026-02-06T22:03:25+00:00\",\"description\":\"Cire coiffante Balea Hair Wax Stick 25 g. Permet de structurer, fixer et d\u00e9finir la coiffure avec un fini naturel sans alourdir les cheveux. Disponible\",\"breadcrumb\":{\"@id\":\"https:\\\/\\\/vitablanca.ma\\\/produit\\\/balea-hair-wax-stick-styling-wax-stick-for-hair-25g-maroc-prix\\\/#breadcrumb\"},\"inLanguage\":\"en-US\",\"potentialAction\":[{\"@type\":\"ReadAction\",\"target\":[\"https:\\\/\\\/vitablanca.ma\\\/produit\\\/balea-hair-wax-stick-styling-wax-stick-for-hair-25g-maroc-prix\\\/\"]}]},{\"@type\":\"ImageObject\",\"inLanguage\":\"en-US\",\"@id\":\"https:\\\/\\\/vitablanca.ma\\\/produit\\\/balea-hair-wax-stick-styling-wax-stick-for-hair-25g-maroc-prix\\\/#primaryimage\",\"url\":\"https:\\\/\\\/vitablanca.ma\\\/wp-content\\\/uploads\\\/2026\\\/02\\\/Balea-Hair-Wax-Stick-Styling-Wax-Stick-for-Hair-25g1.png\",\"contentUrl\":\"https:\\\/\\\/vitablanca.ma\\\/wp-content\\\/uploads\\\/2026\\\/02\\\/Balea-Hair-Wax-Stick-Styling-Wax-Stick-for-Hair-25g1.png\",\"width\":1024,\"height\":1024},{\"@type\":\"BreadcrumbList\",\"@id\":\"https:\\\/\\\/vitablanca.ma\\\/produit\\\/balea-hair-wax-stick-styling-wax-stick-for-hair-25g-maroc-prix\\\/#breadcrumb\",\"itemListElement\":[{\"@type\":\"ListItem\",\"position\":1,\"name\":\"Home\",\"item\":\"https:\\\/\\\/vitablanca.ma\\\/\"},{\"@type\":\"ListItem\",\"position\":2,\"name\":\"Tous Les Produits\",\"item\":\"https:\\\/\\\/vitablanca.ma\\\/tous-les-produits\\\/\"},{\"@type\":\"ListItem\",\"position\":3,\"name\":\"Balea Hair Wax Stick &#8211; Styling Wax Stick for Hair &#8211; 25g\"}]},{\"@type\":\"WebSite\",\"@id\":\"https:\\\/\\\/vitablanca.ma\\\/#website\",\"url\":\"https:\\\/\\\/vitablanca.ma\\\/\",\"name\":\"VitaBlanca.ma | Compl\u00e9ments alimentaires, sant\u00e9 & beaut\u00e9 au Maroc\",\"description\":\"vendre vitamines et compl\u00e9ments premium des USA &amp; Canada, Nouvelle Z\u00e9lande,Maroc (NOW Foods, Solgar, Manuka). Livraison rapide partout au Maroc.\",\"publisher\":{\"@id\":\"https:\\\/\\\/vitablanca.ma\\\/#organization\"},\"alternateName\":\"VitaBlanca.ma\",\"potentialAction\":[{\"@type\":\"SearchAction\",\"target\":{\"@type\":\"EntryPoint\",\"urlTemplate\":\"https:\\\/\\\/vitablanca.ma\\\/?s={search_term_string}\"},\"query-input\":{\"@type\":\"PropertyValueSpecification\",\"valueRequired\":true,\"valueName\":\"search_term_string\"}}],\"inLanguage\":\"en-US\"},{\"@type\":\"Organization\",\"@id\":\"https:\\\/\\\/vitablanca.ma\\\/#organization\",\"name\":\"VitaBlanca\",\"url\":\"https:\\\/\\\/vitablanca.ma\\\/\",\"logo\":{\"@type\":\"ImageObject\",\"inLanguage\":\"en-US\",\"@id\":\"https:\\\/\\\/vitablanca.ma\\\/#\\\/schema\\\/logo\\\/image\\\/\",\"url\":\"https:\\\/\\\/vitablanca.ma\\\/wp-content\\\/uploads\\\/2025\\\/05\\\/cropped-vitablanca.png\",\"contentUrl\":\"https:\\\/\\\/vitablanca.ma\\\/wp-content\\\/uploads\\\/2025\\\/05\\\/cropped-vitablanca.png\",\"width\":360,\"height\":67,\"caption\":\"VitaBlanca\"},\"image\":{\"@id\":\"https:\\\/\\\/vitablanca.ma\\\/#\\\/schema\\\/logo\\\/image\\\/\"},\"sameAs\":[\"https:\\\/\\\/www.facebook.com\\\/profile.php?id=61576678196717\",\"https:\\\/\\\/www.tiktok.com\\\/@vitablanca.ma\",\"https:\\\/\\\/www.instagram.com\\\/vitablanca.ma\\\/\"]}]}<\/script>\n<!-- \/ Yoast SEO plugin. -->","yoast_head_json":{"title":"Balea Hair Wax Stick Cire Coiffante 25 g \u2013 Maroc Prix","description":"Cire coiffante Balea Hair Wax Stick 25 g. Permet de structurer, fixer et d\u00e9finir la coiffure avec un fini naturel sans alourdir les cheveux. Disponible","robots":{"index":"index","follow":"follow","max-snippet":"max-snippet:-1","max-image-preview":"max-image-preview:large","max-video-preview":"max-video-preview:-1"},"canonical":"https:\/\/vitablanca.ma\/en\/product\/balea-hair-wax-stick-styling-wax-stick-for-hair-25g-maroc-prix\/","og_locale":"en_US","og_type":"article","og_title":"Balea Hair Wax Stick Cire Coiffante 25 g \u2013 Maroc Prix","og_description":"Cire coiffante Balea Hair Wax Stick 25 g. Permet de structurer, fixer et d\u00e9finir la coiffure avec un fini naturel sans alourdir les cheveux. Disponible","og_url":"https:\/\/vitablanca.ma\/en\/product\/balea-hair-wax-stick-styling-wax-stick-for-hair-25g-maroc-prix\/","og_site_name":"Vitablanca.ma &ndash; Sant&eacute;, vitalit&eacute; et bien-&ecirc;tre pour tous les Marocains","article_publisher":"https:\/\/www.facebook.com\/profile.php?id=61576678196717","article_modified_time":"2026-02-06T22:03:25+00:00","og_image":[{"width":1024,"height":1024,"url":"https:\/\/vitablanca.ma\/wp-content\/uploads\/2026\/02\/Balea-Hair-Wax-Stick-Styling-Wax-Stick-for-Hair-25g1.png","type":"image\/png"}],"twitter_card":"summary_large_image","twitter_misc":{"Est. reading time":"1 minute"},"schema":{"@context":"https:\/\/schema.org","@graph":[{"@type":["WebPage","ItemPage"],"@id":"https:\/\/vitablanca.ma\/produit\/balea-hair-wax-stick-styling-wax-stick-for-hair-25g-maroc-prix\/","url":"https:\/\/vitablanca.ma\/produit\/balea-hair-wax-stick-styling-wax-stick-for-hair-25g-maroc-prix\/","name":"Balea Hair Wax Stick Cire Coiffante 25 g \u2013 Maroc Prix","isPartOf":{"@id":"https:\/\/vitablanca.ma\/#website"},"primaryImageOfPage":{"@id":"https:\/\/vitablanca.ma\/produit\/balea-hair-wax-stick-styling-wax-stick-for-hair-25g-maroc-prix\/#primaryimage"},"image":{"@id":"https:\/\/vitablanca.ma\/produit\/balea-hair-wax-stick-styling-wax-stick-for-hair-25g-maroc-prix\/#primaryimage"},"thumbnailUrl":"https:\/\/vitablanca.ma\/wp-content\/uploads\/2026\/02\/Balea-Hair-Wax-Stick-Styling-Wax-Stick-for-Hair-25g1.png","datePublished":"2026-02-06T22:03:24+00:00","dateModified":"2026-02-06T22:03:25+00:00","description":"Cire coiffante Balea Hair Wax Stick 25 g. Permet de structurer, fixer et d\u00e9finir la coiffure avec un fini naturel sans alourdir les cheveux. Disponible","breadcrumb":{"@id":"https:\/\/vitablanca.ma\/produit\/balea-hair-wax-stick-styling-wax-stick-for-hair-25g-maroc-prix\/#breadcrumb"},"inLanguage":"en-US","potentialAction":[{"@type":"ReadAction","target":["https:\/\/vitablanca.ma\/produit\/balea-hair-wax-stick-styling-wax-stick-for-hair-25g-maroc-prix\/"]}]},{"@type":"ImageObject","inLanguage":"en-US","@id":"https:\/\/vitablanca.ma\/produit\/balea-hair-wax-stick-styling-wax-stick-for-hair-25g-maroc-prix\/#primaryimage","url":"https:\/\/vitablanca.ma\/wp-content\/uploads\/2026\/02\/Balea-Hair-Wax-Stick-Styling-Wax-Stick-for-Hair-25g1.png","contentUrl":"https:\/\/vitablanca.ma\/wp-content\/uploads\/2026\/02\/Balea-Hair-Wax-Stick-Styling-Wax-Stick-for-Hair-25g1.png","width":1024,"height":1024},{"@type":"BreadcrumbList","@id":"https:\/\/vitablanca.ma\/produit\/balea-hair-wax-stick-styling-wax-stick-for-hair-25g-maroc-prix\/#breadcrumb","itemListElement":[{"@type":"ListItem","position":1,"name":"Home","item":"https:\/\/vitablanca.ma\/"},{"@type":"ListItem","position":2,"name":"Tous Les Produits","item":"https:\/\/vitablanca.ma\/tous-les-produits\/"},{"@type":"ListItem","position":3,"name":"Balea Hair Wax Stick &#8211; Styling Wax Stick for Hair &#8211; 25g"}]},{"@type":"WebSite","@id":"https:\/\/vitablanca.ma\/#website","url":"https:\/\/vitablanca.ma\/","name":"VitaBlanca.ma | Food supplements, health &amp; beauty in Morocco","description":"sell premium vitamins and supplements from USA &amp; Canada, New Zealand, Morocco (NOW Foods, Solgar, Manuka). Fast delivery anywhere in Morocco.","publisher":{"@id":"https:\/\/vitablanca.ma\/#organization"},"alternateName":"VitaBlanca.ma","potentialAction":[{"@type":"SearchAction","target":{"@type":"EntryPoint","urlTemplate":"https:\/\/vitablanca.ma\/?s={search_term_string}"},"query-input":{"@type":"PropertyValueSpecification","valueRequired":true,"valueName":"search_term_string"}}],"inLanguage":"en-US"},{"@type":"Organization","@id":"https:\/\/vitablanca.ma\/#organization","name":"VitaBlanca","url":"https:\/\/vitablanca.ma\/","logo":{"@type":"ImageObject","inLanguage":"en-US","@id":"https:\/\/vitablanca.ma\/#\/schema\/logo\/image\/","url":"https:\/\/vitablanca.ma\/wp-content\/uploads\/2025\/05\/cropped-vitablanca.png","contentUrl":"https:\/\/vitablanca.ma\/wp-content\/uploads\/2025\/05\/cropped-vitablanca.png","width":360,"height":67,"caption":"VitaBlanca"},"image":{"@id":"https:\/\/vitablanca.ma\/#\/schema\/logo\/image\/"},"sameAs":["https:\/\/www.facebook.com\/profile.php?id=61576678196717","https:\/\/www.tiktok.com\/@vitablanca.ma","https:\/\/www.instagram.com\/vitablanca.ma\/"]}]}},"jetpack_sharing_enabled":true,"_links":{"self":[{"href":"https:\/\/vitablanca.ma\/en\/wp-json\/wp\/v2\/product\/29665","targetHints":{"allow":["GET"]}}],"collection":[{"href":"https:\/\/vitablanca.ma\/en\/wp-json\/wp\/v2\/product"}],"about":[{"href":"https:\/\/vitablanca.ma\/en\/wp-json\/wp\/v2\/types\/product"}],"wp:featuredmedia":[{"embeddable":true,"href":"https:\/\/vitablanca.ma\/en\/wp-json\/wp\/v2\/media\/29666"}],"wp:attachment":[{"href":"https:\/\/vitablanca.ma\/en\/wp-json\/wp\/v2\/media?parent=29665"}],"wp:term":[{"taxonomy":"product_brand","embeddable":true,"href":"https:\/\/vitablanca.ma\/en\/wp-json\/wp\/v2\/product_brand?post=29665"},{"taxonomy":"product_cat","embeddable":true,"href":"https:\/\/vitablanca.ma\/en\/wp-json\/wp\/v2\/product_cat?post=29665"},{"taxonomy":"product_tag","embeddable":true,"href":"https:\/\/vitablanca.ma\/en\/wp-json\/wp\/v2\/product_tag?post=29665"}],"curies":[{"name":"wp","href":"https:\/\/api.w.org\/{rel}","templated":true}]}}