{"id":29636,"date":"2026-02-05T23:33:27","date_gmt":"2026-02-05T23:33:27","guid":{"rendered":"https:\/\/vitablanca.ma\/?post_type=product&#038;p=29636"},"modified":"2026-02-05T23:33:27","modified_gmt":"2026-02-05T23:33:27","slug":"glysolid-beauty-cream-for-hands-and-body-125-ml-maroc-prix","status":"publish","type":"product","link":"https:\/\/vitablanca.ma\/en\/product\/glysolid-beauty-cream-for-hands-and-body-125-ml-maroc-prix\/","title":{"rendered":"Glysolid Beauty Cream for Hands and Body 125 ml"},"content":{"rendered":"<div class=\"card aim -mtm\">\n<div class=\"markup -mhm -pvl -oxa -sc\">\n<p>Fabriqu\u00e9 en AllemagneSans parfum, sans couleur, sans conservateur, sans parabens, v\u00e9g\u00e9talien Cr\u00e8me pour la peau la glyc\u00e9rine avec allanto\u00efneCe produit doit avoir uniquement un emballage en langue anglaiseAide \u00e0 lisser et adoucir rapidement la peau s\u00e8che \u00e0 tr\u00e8s s\u00e8che des mains, des pieds et du<\/p>\n<\/div>\n<\/div>","protected":false},"excerpt":{"rendered":"<ul>\n<li data-start=\"0\" data-end=\"45\">\n<p data-start=\"2\" data-end=\"45\">Hydrate intens\u00e9ment les mains et le corps<\/p>\n<\/li>\n<li data-start=\"46\" data-end=\"82\">\n<p data-start=\"48\" data-end=\"82\">Nourrit et adoucit la peau s\u00e8che<\/p>\n<\/li>\n<li data-start=\"83\" data-end=\"116\">\n<p data-start=\"85\" data-end=\"116\">Aide \u00e0 r\u00e9parer la peau ab\u00eem\u00e9e<\/p>\n<\/li>\n<li data-start=\"117\" data-end=\"148\">\n<p data-start=\"119\" data-end=\"148\">Texture riche, non collante<\/p>\n<\/li>\n<li data-start=\"149\" data-end=\"181\" data-is-last-node=\"\">\n<p data-start=\"151\" data-end=\"181\" data-is-last-node=\"\">Id\u00e9ale pour un usage quotidien<\/p>\n<\/li>\n<\/ul>","protected":false},"featured_media":29637,"template":"","meta":{"om_disable_all_campaigns":false},"product_brand":[8340],"product_cat":[18],"product_tag":[8342,6877,8343,7544,8341,6163,3492,8344,4932,7437],"class_list":{"0":"post-29636","1":"product","2":"type-product","3":"status-publish","4":"has-post-thumbnail","6":"product_brand-glysolid","7":"product_cat-beaute-sante","8":"product_tag-beauty-cream","9":"product_tag-cosmetique","10":"product_tag-creme-corps","11":"product_tag-creme-mains","12":"product_tag-glysolid","13":"product_tag-hydratation-intense","14":"product_tag-maroc","15":"product_tag-nutrition","16":"product_tag-peau-seche","17":"product_tag-soin-hydratant","19":"first","20":"instock","21":"sale","22":"taxable","23":"shipping-taxable","24":"purchasable","25":"product-type-simple"},"yoast_head":"<!-- This site is optimized with the Yoast SEO plugin v27.4 - https:\/\/yoast.com\/product\/yoast-seo-wordpress\/ -->\n<title>Glysolid Beauty Cream Mains &amp; Corps 125 ml \u2013 Maroc Prix<\/title>\n<meta name=\"description\" content=\"Cr\u00e8me Glysolid pour mains et corps 125 ml. Hydrate intens\u00e9ment, nourrit la peau s\u00e8che et prot\u00e8ge contre le dess\u00e8chement. Disponible au Maroc.\" \/>\n<meta name=\"robots\" content=\"index, follow, max-snippet:-1, max-image-preview:large, max-video-preview:-1\" \/>\n<link rel=\"canonical\" href=\"https:\/\/vitablanca.ma\/en\/product\/glysolid-beauty-cream-for-hands-and-body-125-ml-maroc-prix\/\" \/>\n<meta property=\"og:locale\" content=\"en_US\" \/>\n<meta property=\"og:type\" content=\"article\" \/>\n<meta property=\"og:title\" content=\"Glysolid Beauty Cream Mains &amp; Corps 125 ml \u2013 Maroc Prix\" \/>\n<meta property=\"og:description\" content=\"Cr\u00e8me Glysolid pour mains et corps 125 ml. Hydrate intens\u00e9ment, nourrit la peau s\u00e8che et prot\u00e8ge contre le dess\u00e8chement. Disponible au Maroc.\" \/>\n<meta property=\"og:url\" content=\"https:\/\/vitablanca.ma\/en\/product\/glysolid-beauty-cream-for-hands-and-body-125-ml-maroc-prix\/\" \/>\n<meta property=\"og:site_name\" content=\"Vitablanca.ma &ndash; Sant&eacute;, vitalit&eacute; et bien-&ecirc;tre pour tous les Marocains\" \/>\n<meta property=\"article:publisher\" content=\"https:\/\/www.facebook.com\/profile.php?id=61576678196717\" \/>\n<meta property=\"og:image\" content=\"https:\/\/vitablanca.ma\/wp-content\/uploads\/2026\/02\/Glysolid-Creme-de-Beaute-Pour-Mains-et-Corps-125-ml1.jpg\" \/>\n\t<meta property=\"og:image:width\" content=\"600\" \/>\n\t<meta property=\"og:image:height\" content=\"600\" \/>\n\t<meta property=\"og:image:type\" content=\"image\/jpeg\" \/>\n<meta name=\"twitter:card\" content=\"summary_large_image\" \/>\n<meta name=\"twitter:label1\" content=\"Est. reading time\" \/>\n\t<meta name=\"twitter:data1\" content=\"1 minute\" \/>\n<script type=\"application\/ld+json\" class=\"yoast-schema-graph\">{\"@context\":\"https:\\\/\\\/schema.org\",\"@graph\":[{\"@type\":[\"WebPage\",\"ItemPage\"],\"@id\":\"https:\\\/\\\/vitablanca.ma\\\/produit\\\/glysolid-beauty-cream-for-hands-and-body-125-ml-maroc-prix\\\/\",\"url\":\"https:\\\/\\\/vitablanca.ma\\\/produit\\\/glysolid-beauty-cream-for-hands-and-body-125-ml-maroc-prix\\\/\",\"name\":\"Glysolid Beauty Cream Mains & Corps 125 ml \u2013 Maroc Prix\",\"isPartOf\":{\"@id\":\"https:\\\/\\\/vitablanca.ma\\\/#website\"},\"primaryImageOfPage\":{\"@id\":\"https:\\\/\\\/vitablanca.ma\\\/produit\\\/glysolid-beauty-cream-for-hands-and-body-125-ml-maroc-prix\\\/#primaryimage\"},\"image\":{\"@id\":\"https:\\\/\\\/vitablanca.ma\\\/produit\\\/glysolid-beauty-cream-for-hands-and-body-125-ml-maroc-prix\\\/#primaryimage\"},\"thumbnailUrl\":\"https:\\\/\\\/vitablanca.ma\\\/wp-content\\\/uploads\\\/2026\\\/02\\\/Glysolid-Creme-de-Beaute-Pour-Mains-et-Corps-125-ml1.jpg\",\"datePublished\":\"2026-02-05T23:33:27+00:00\",\"description\":\"Cr\u00e8me Glysolid pour mains et corps 125 ml. Hydrate intens\u00e9ment, nourrit la peau s\u00e8che et prot\u00e8ge contre le dess\u00e8chement. Disponible au Maroc.\",\"breadcrumb\":{\"@id\":\"https:\\\/\\\/vitablanca.ma\\\/produit\\\/glysolid-beauty-cream-for-hands-and-body-125-ml-maroc-prix\\\/#breadcrumb\"},\"inLanguage\":\"en-US\",\"potentialAction\":[{\"@type\":\"ReadAction\",\"target\":[\"https:\\\/\\\/vitablanca.ma\\\/produit\\\/glysolid-beauty-cream-for-hands-and-body-125-ml-maroc-prix\\\/\"]}]},{\"@type\":\"ImageObject\",\"inLanguage\":\"en-US\",\"@id\":\"https:\\\/\\\/vitablanca.ma\\\/produit\\\/glysolid-beauty-cream-for-hands-and-body-125-ml-maroc-prix\\\/#primaryimage\",\"url\":\"https:\\\/\\\/vitablanca.ma\\\/wp-content\\\/uploads\\\/2026\\\/02\\\/Glysolid-Creme-de-Beaute-Pour-Mains-et-Corps-125-ml1.jpg\",\"contentUrl\":\"https:\\\/\\\/vitablanca.ma\\\/wp-content\\\/uploads\\\/2026\\\/02\\\/Glysolid-Creme-de-Beaute-Pour-Mains-et-Corps-125-ml1.jpg\",\"width\":600,\"height\":600},{\"@type\":\"BreadcrumbList\",\"@id\":\"https:\\\/\\\/vitablanca.ma\\\/produit\\\/glysolid-beauty-cream-for-hands-and-body-125-ml-maroc-prix\\\/#breadcrumb\",\"itemListElement\":[{\"@type\":\"ListItem\",\"position\":1,\"name\":\"Home\",\"item\":\"https:\\\/\\\/vitablanca.ma\\\/\"},{\"@type\":\"ListItem\",\"position\":2,\"name\":\"Tous Les Produits\",\"item\":\"https:\\\/\\\/vitablanca.ma\\\/tous-les-produits\\\/\"},{\"@type\":\"ListItem\",\"position\":3,\"name\":\"Glysolid Beauty Cream for Hands and Body 125 ml\"}]},{\"@type\":\"WebSite\",\"@id\":\"https:\\\/\\\/vitablanca.ma\\\/#website\",\"url\":\"https:\\\/\\\/vitablanca.ma\\\/\",\"name\":\"VitaBlanca.ma | Compl\u00e9ments alimentaires, sant\u00e9 & beaut\u00e9 au Maroc\",\"description\":\"vendre vitamines et compl\u00e9ments premium des USA &amp; Canada, Nouvelle Z\u00e9lande,Maroc (NOW Foods, Solgar, Manuka). Livraison rapide partout au Maroc.\",\"publisher\":{\"@id\":\"https:\\\/\\\/vitablanca.ma\\\/#organization\"},\"alternateName\":\"VitaBlanca.ma\",\"potentialAction\":[{\"@type\":\"SearchAction\",\"target\":{\"@type\":\"EntryPoint\",\"urlTemplate\":\"https:\\\/\\\/vitablanca.ma\\\/?s={search_term_string}\"},\"query-input\":{\"@type\":\"PropertyValueSpecification\",\"valueRequired\":true,\"valueName\":\"search_term_string\"}}],\"inLanguage\":\"en-US\"},{\"@type\":\"Organization\",\"@id\":\"https:\\\/\\\/vitablanca.ma\\\/#organization\",\"name\":\"VitaBlanca\",\"url\":\"https:\\\/\\\/vitablanca.ma\\\/\",\"logo\":{\"@type\":\"ImageObject\",\"inLanguage\":\"en-US\",\"@id\":\"https:\\\/\\\/vitablanca.ma\\\/#\\\/schema\\\/logo\\\/image\\\/\",\"url\":\"https:\\\/\\\/vitablanca.ma\\\/wp-content\\\/uploads\\\/2025\\\/05\\\/cropped-vitablanca.png\",\"contentUrl\":\"https:\\\/\\\/vitablanca.ma\\\/wp-content\\\/uploads\\\/2025\\\/05\\\/cropped-vitablanca.png\",\"width\":360,\"height\":67,\"caption\":\"VitaBlanca\"},\"image\":{\"@id\":\"https:\\\/\\\/vitablanca.ma\\\/#\\\/schema\\\/logo\\\/image\\\/\"},\"sameAs\":[\"https:\\\/\\\/www.facebook.com\\\/profile.php?id=61576678196717\",\"https:\\\/\\\/www.tiktok.com\\\/@vitablanca.ma\",\"https:\\\/\\\/www.instagram.com\\\/vitablanca.ma\\\/\"]}]}<\/script>\n<!-- \/ Yoast SEO plugin. -->","yoast_head_json":{"title":"Glysolid Beauty Cream Mains & Corps 125 ml \u2013 Maroc Prix","description":"Cr\u00e8me Glysolid pour mains et corps 125 ml. Hydrate intens\u00e9ment, nourrit la peau s\u00e8che et prot\u00e8ge contre le dess\u00e8chement. Disponible au Maroc.","robots":{"index":"index","follow":"follow","max-snippet":"max-snippet:-1","max-image-preview":"max-image-preview:large","max-video-preview":"max-video-preview:-1"},"canonical":"https:\/\/vitablanca.ma\/en\/product\/glysolid-beauty-cream-for-hands-and-body-125-ml-maroc-prix\/","og_locale":"en_US","og_type":"article","og_title":"Glysolid Beauty Cream Mains & Corps 125 ml \u2013 Maroc Prix","og_description":"Cr\u00e8me Glysolid pour mains et corps 125 ml. Hydrate intens\u00e9ment, nourrit la peau s\u00e8che et prot\u00e8ge contre le dess\u00e8chement. Disponible au Maroc.","og_url":"https:\/\/vitablanca.ma\/en\/product\/glysolid-beauty-cream-for-hands-and-body-125-ml-maroc-prix\/","og_site_name":"Vitablanca.ma &ndash; Sant&eacute;, vitalit&eacute; et bien-&ecirc;tre pour tous les Marocains","article_publisher":"https:\/\/www.facebook.com\/profile.php?id=61576678196717","og_image":[{"width":600,"height":600,"url":"https:\/\/vitablanca.ma\/wp-content\/uploads\/2026\/02\/Glysolid-Creme-de-Beaute-Pour-Mains-et-Corps-125-ml1.jpg","type":"image\/jpeg"}],"twitter_card":"summary_large_image","twitter_misc":{"Est. reading time":"1 minute"},"schema":{"@context":"https:\/\/schema.org","@graph":[{"@type":["WebPage","ItemPage"],"@id":"https:\/\/vitablanca.ma\/produit\/glysolid-beauty-cream-for-hands-and-body-125-ml-maroc-prix\/","url":"https:\/\/vitablanca.ma\/produit\/glysolid-beauty-cream-for-hands-and-body-125-ml-maroc-prix\/","name":"Glysolid Beauty Cream Mains & Corps 125 ml \u2013 Maroc Prix","isPartOf":{"@id":"https:\/\/vitablanca.ma\/#website"},"primaryImageOfPage":{"@id":"https:\/\/vitablanca.ma\/produit\/glysolid-beauty-cream-for-hands-and-body-125-ml-maroc-prix\/#primaryimage"},"image":{"@id":"https:\/\/vitablanca.ma\/produit\/glysolid-beauty-cream-for-hands-and-body-125-ml-maroc-prix\/#primaryimage"},"thumbnailUrl":"https:\/\/vitablanca.ma\/wp-content\/uploads\/2026\/02\/Glysolid-Creme-de-Beaute-Pour-Mains-et-Corps-125-ml1.jpg","datePublished":"2026-02-05T23:33:27+00:00","description":"Cr\u00e8me Glysolid pour mains et corps 125 ml. Hydrate intens\u00e9ment, nourrit la peau s\u00e8che et prot\u00e8ge contre le dess\u00e8chement. Disponible au Maroc.","breadcrumb":{"@id":"https:\/\/vitablanca.ma\/produit\/glysolid-beauty-cream-for-hands-and-body-125-ml-maroc-prix\/#breadcrumb"},"inLanguage":"en-US","potentialAction":[{"@type":"ReadAction","target":["https:\/\/vitablanca.ma\/produit\/glysolid-beauty-cream-for-hands-and-body-125-ml-maroc-prix\/"]}]},{"@type":"ImageObject","inLanguage":"en-US","@id":"https:\/\/vitablanca.ma\/produit\/glysolid-beauty-cream-for-hands-and-body-125-ml-maroc-prix\/#primaryimage","url":"https:\/\/vitablanca.ma\/wp-content\/uploads\/2026\/02\/Glysolid-Creme-de-Beaute-Pour-Mains-et-Corps-125-ml1.jpg","contentUrl":"https:\/\/vitablanca.ma\/wp-content\/uploads\/2026\/02\/Glysolid-Creme-de-Beaute-Pour-Mains-et-Corps-125-ml1.jpg","width":600,"height":600},{"@type":"BreadcrumbList","@id":"https:\/\/vitablanca.ma\/produit\/glysolid-beauty-cream-for-hands-and-body-125-ml-maroc-prix\/#breadcrumb","itemListElement":[{"@type":"ListItem","position":1,"name":"Home","item":"https:\/\/vitablanca.ma\/"},{"@type":"ListItem","position":2,"name":"Tous Les Produits","item":"https:\/\/vitablanca.ma\/tous-les-produits\/"},{"@type":"ListItem","position":3,"name":"Glysolid Beauty Cream for Hands and Body 125 ml"}]},{"@type":"WebSite","@id":"https:\/\/vitablanca.ma\/#website","url":"https:\/\/vitablanca.ma\/","name":"VitaBlanca.ma | Food supplements, health &amp; beauty in Morocco","description":"sell premium vitamins and supplements from USA &amp; Canada, New Zealand, Morocco (NOW Foods, Solgar, Manuka). Fast delivery anywhere in Morocco.","publisher":{"@id":"https:\/\/vitablanca.ma\/#organization"},"alternateName":"VitaBlanca.ma","potentialAction":[{"@type":"SearchAction","target":{"@type":"EntryPoint","urlTemplate":"https:\/\/vitablanca.ma\/?s={search_term_string}"},"query-input":{"@type":"PropertyValueSpecification","valueRequired":true,"valueName":"search_term_string"}}],"inLanguage":"en-US"},{"@type":"Organization","@id":"https:\/\/vitablanca.ma\/#organization","name":"VitaBlanca","url":"https:\/\/vitablanca.ma\/","logo":{"@type":"ImageObject","inLanguage":"en-US","@id":"https:\/\/vitablanca.ma\/#\/schema\/logo\/image\/","url":"https:\/\/vitablanca.ma\/wp-content\/uploads\/2025\/05\/cropped-vitablanca.png","contentUrl":"https:\/\/vitablanca.ma\/wp-content\/uploads\/2025\/05\/cropped-vitablanca.png","width":360,"height":67,"caption":"VitaBlanca"},"image":{"@id":"https:\/\/vitablanca.ma\/#\/schema\/logo\/image\/"},"sameAs":["https:\/\/www.facebook.com\/profile.php?id=61576678196717","https:\/\/www.tiktok.com\/@vitablanca.ma","https:\/\/www.instagram.com\/vitablanca.ma\/"]}]}},"jetpack_sharing_enabled":true,"_links":{"self":[{"href":"https:\/\/vitablanca.ma\/en\/wp-json\/wp\/v2\/product\/29636","targetHints":{"allow":["GET"]}}],"collection":[{"href":"https:\/\/vitablanca.ma\/en\/wp-json\/wp\/v2\/product"}],"about":[{"href":"https:\/\/vitablanca.ma\/en\/wp-json\/wp\/v2\/types\/product"}],"wp:featuredmedia":[{"embeddable":true,"href":"https:\/\/vitablanca.ma\/en\/wp-json\/wp\/v2\/media\/29637"}],"wp:attachment":[{"href":"https:\/\/vitablanca.ma\/en\/wp-json\/wp\/v2\/media?parent=29636"}],"wp:term":[{"taxonomy":"product_brand","embeddable":true,"href":"https:\/\/vitablanca.ma\/en\/wp-json\/wp\/v2\/product_brand?post=29636"},{"taxonomy":"product_cat","embeddable":true,"href":"https:\/\/vitablanca.ma\/en\/wp-json\/wp\/v2\/product_cat?post=29636"},{"taxonomy":"product_tag","embeddable":true,"href":"https:\/\/vitablanca.ma\/en\/wp-json\/wp\/v2\/product_tag?post=29636"}],"curies":[{"name":"wp","href":"https:\/\/api.w.org\/{rel}","templated":true}]}}