{"id":29582,"date":"2026-02-05T09:44:12","date_gmt":"2026-02-05T09:44:12","guid":{"rendered":"https:\/\/vitablanca.ma\/?post_type=product&#038;p=29582"},"modified":"2026-02-05T09:44:13","modified_gmt":"2026-02-05T09:44:13","slug":"felce-azzurra-shower-hibiscus-pink-pepper-650ml-maroc-prix","status":"publish","type":"product","link":"https:\/\/vitablanca.ma\/en\/product\/felce-azzurra-shower-hibiscus-pink-pepper-650ml-maroc-prix\/","title":{"rendered":"Felce Azzurra Shower HIBISCUS &#038; PINK PEPPER 650ml"},"content":{"rendered":"<article class=\"text-token-text-primary w-full focus:outline-none [--shadow-height:45px] has-data-writing-block:pointer-events-none has-data-writing-block:-mt-(--shadow-height) has-data-writing-block:pt-(--shadow-height) [&:has([data-writing-block])>*]:pointer-events-auto scroll-mt-[calc(var(--header-height)+min(200px,max(70px,20svh)))]\" dir=\"auto\" tabindex=\"-1\" data-turn-id=\"request-697f669b-41c0-8326-91af-79bcc0f2aa4e-2\" data-testid=\"conversation-turn-160\" data-scroll-anchor=\"false\" data-turn=\"assistant\">\n<div class=\"text-base my-auto mx-auto [--thread-content-margin:--spacing(4)] @w-sm\/main:[--thread-content-margin:--spacing(6)] @w-lg\/main:[--thread-content-margin:--spacing(16)] px-(--thread-content-margin)\">\n<div class=\"[--thread-content-max-width:40rem] @w-lg\/main:[--thread-content-max-width:48rem] mx-auto max-w-(--thread-content-max-width) flex-1 group\/turn-messages focus-visible:outline-hidden relative flex w-full min-w-0 flex-col agent-turn\" tabindex=\"-1\">\n<div class=\"flex max-w-full flex-col grow\">\n<div class=\"min-h-8 text-message relative flex w-full flex-col items-end gap-2 text-start break-words whitespace-normal [.text-message+&]:mt-1\" dir=\"auto\" data-message-author-role=\"assistant\" data-message-id=\"6237e758-c8b3-42dc-89b1-0e35742b04de\" data-message-model-slug=\"gpt-5-2\">\n<div class=\"flex w-full flex-col gap-1 empty:hidden first:pt-[1px]\">\n<div class=\"markdown prose dark:prose-invert w-full wrap-break-word dark markdown-new-styling\">\n<p data-start=\"58\" data-end=\"363\" data-is-last-node=\"\" data-is-only-node=\"\">Gel douche parfum\u00e9 qui nettoie la peau en douceur tout en laissant un parfum floral et \u00e9pic\u00e9 unique. Sa formule cr\u00e9meuse respecte l\u2019\u00e9quilibre de la peau et procure une sensation de fra\u00eecheur et de bien-\u00eatre longue dur\u00e9e. Id\u00e9al pour un usage quotidien, pour une peau propre, douce et d\u00e9licatement parfum\u00e9e.<\/p>\n<\/div>\n<\/div>\n<\/div>\n<\/div>\n<div class=\"z-0 flex min-h-[46px] justify-start\"><\/div>\n<\/div>\n<\/div>\n<\/article>\n","protected":false},"excerpt":{"rendered":"<table>\n<tbody>\n<tr>\n<td>Type de produit de douche<\/td>\n<td>Mousse de douche<\/td>\n<\/tr>\n<tr>\n<td>Fragrance\/Parfum<\/td>\n<td>Hibiscus,\u00a0Poivre rose<\/td>\n<\/tr>\n<tr>\n<td>Contenu<\/td>\n<td>650\u00a0ml<\/td>\n<\/tr>\n<\/tbody>\n<\/table>\n<table>\n<tbody>\n<tr>\n<td>Type de produit de douche<\/td>\n<td>Mousse de douche<\/td>\n<\/tr>\n<tr>\n<td>Fragrance\/Parfum<\/td>\n<td>Hibiscus,\u00a0Poivre rose<\/td>\n<\/tr>\n<\/tbody>\n<\/table>","protected":false},"featured_media":29583,"template":"","meta":{"om_disable_all_campaigns":false},"product_brand":[7193],"product_cat":[18],"product_tag":[7194,6300,6740,8107,7284,3492,6302,8108,8110,8109],"class_list":{"0":"post-29582","1":"product","2":"type-product","3":"status-publish","4":"has-post-thumbnail","6":"product_brand-felce-azzurra","7":"product_cat-beaute-sante","8":"product_tag-felce-azzurra","9":"product_tag-gel-douche","10":"product_tag-gel-douche-parfume","11":"product_tag-hibiscus","12":"product_tag-hygiene-corporelle","13":"product_tag-maroc","14":"product_tag-peau-douce","15":"product_tag-pink-pepper","16":"product_tag-routine-quotidienne","17":"product_tag-soin-du-corps","19":"first","20":"instock","21":"sale","22":"taxable","23":"shipping-taxable","24":"purchasable","25":"product-type-simple"},"yoast_head":"<!-- This site is optimized with the Yoast SEO plugin v27.5 - https:\/\/yoast.com\/product\/yoast-seo-wordpress\/ -->\n<title>Felce Azzurra Shower Hibiscus &amp; Pink Pepper 650ml \u2013 Maroc Prix<\/title>\n<meta name=\"description\" content=\"Gel douche Felce Azzurra Hibiscus &amp; Pink Pepper 650ml. Nettoie en douceur, parfum floral et \u00e9pic\u00e9, laisse la peau fra\u00eeche et douce. Disponible au Maroc.\" \/>\n<meta name=\"robots\" content=\"index, follow, max-snippet:-1, max-image-preview:large, max-video-preview:-1\" \/>\n<link rel=\"canonical\" href=\"https:\/\/vitablanca.ma\/en\/product\/felce-azzurra-shower-hibiscus-pink-pepper-650ml-maroc-prix\/\" \/>\n<meta property=\"og:locale\" content=\"en_US\" \/>\n<meta property=\"og:type\" content=\"article\" \/>\n<meta property=\"og:title\" content=\"Felce Azzurra Shower Hibiscus &amp; Pink Pepper 650ml \u2013 Maroc Prix\" \/>\n<meta property=\"og:description\" content=\"Gel douche Felce Azzurra Hibiscus &amp; Pink Pepper 650ml. Nettoie en douceur, parfum floral et \u00e9pic\u00e9, laisse la peau fra\u00eeche et douce. Disponible au Maroc.\" \/>\n<meta property=\"og:url\" content=\"https:\/\/vitablanca.ma\/en\/product\/felce-azzurra-shower-hibiscus-pink-pepper-650ml-maroc-prix\/\" \/>\n<meta property=\"og:site_name\" content=\"Vitablanca.ma &ndash; Sant&eacute;, vitalit&eacute; et bien-&ecirc;tre pour tous les Marocains\" \/>\n<meta property=\"article:publisher\" content=\"https:\/\/www.facebook.com\/profile.php?id=61576678196717\" \/>\n<meta property=\"article:modified_time\" content=\"2026-02-05T09:44:13+00:00\" \/>\n<meta property=\"og:image\" content=\"https:\/\/vitablanca.ma\/wp-content\/uploads\/2026\/02\/Felce-Azzurra-Shower-HIBISCUS-PINK-PEPPER-650ml1.jpg\" \/>\n\t<meta property=\"og:image:width\" content=\"500\" \/>\n\t<meta property=\"og:image:height\" content=\"500\" \/>\n\t<meta property=\"og:image:type\" content=\"image\/jpeg\" \/>\n<meta name=\"twitter:card\" content=\"summary_large_image\" \/>\n<meta name=\"twitter:label1\" content=\"Est. reading time\" \/>\n\t<meta name=\"twitter:data1\" content=\"1 minute\" \/>\n<script type=\"application\/ld+json\" class=\"yoast-schema-graph\">{\"@context\":\"https:\\\/\\\/schema.org\",\"@graph\":[{\"@type\":[\"WebPage\",\"ItemPage\"],\"@id\":\"https:\\\/\\\/vitablanca.ma\\\/produit\\\/felce-azzurra-shower-hibiscus-pink-pepper-650ml-maroc-prix\\\/\",\"url\":\"https:\\\/\\\/vitablanca.ma\\\/produit\\\/felce-azzurra-shower-hibiscus-pink-pepper-650ml-maroc-prix\\\/\",\"name\":\"Felce Azzurra Shower Hibiscus & Pink Pepper 650ml \u2013 Maroc Prix\",\"isPartOf\":{\"@id\":\"https:\\\/\\\/vitablanca.ma\\\/#website\"},\"primaryImageOfPage\":{\"@id\":\"https:\\\/\\\/vitablanca.ma\\\/produit\\\/felce-azzurra-shower-hibiscus-pink-pepper-650ml-maroc-prix\\\/#primaryimage\"},\"image\":{\"@id\":\"https:\\\/\\\/vitablanca.ma\\\/produit\\\/felce-azzurra-shower-hibiscus-pink-pepper-650ml-maroc-prix\\\/#primaryimage\"},\"thumbnailUrl\":\"https:\\\/\\\/vitablanca.ma\\\/wp-content\\\/uploads\\\/2026\\\/02\\\/Felce-Azzurra-Shower-HIBISCUS-PINK-PEPPER-650ml1.jpg\",\"datePublished\":\"2026-02-05T09:44:12+00:00\",\"dateModified\":\"2026-02-05T09:44:13+00:00\",\"description\":\"Gel douche Felce Azzurra Hibiscus & Pink Pepper 650ml. Nettoie en douceur, parfum floral et \u00e9pic\u00e9, laisse la peau fra\u00eeche et douce. Disponible au Maroc.\",\"breadcrumb\":{\"@id\":\"https:\\\/\\\/vitablanca.ma\\\/produit\\\/felce-azzurra-shower-hibiscus-pink-pepper-650ml-maroc-prix\\\/#breadcrumb\"},\"inLanguage\":\"en-US\",\"potentialAction\":[{\"@type\":\"ReadAction\",\"target\":[\"https:\\\/\\\/vitablanca.ma\\\/produit\\\/felce-azzurra-shower-hibiscus-pink-pepper-650ml-maroc-prix\\\/\"]}]},{\"@type\":\"ImageObject\",\"inLanguage\":\"en-US\",\"@id\":\"https:\\\/\\\/vitablanca.ma\\\/produit\\\/felce-azzurra-shower-hibiscus-pink-pepper-650ml-maroc-prix\\\/#primaryimage\",\"url\":\"https:\\\/\\\/vitablanca.ma\\\/wp-content\\\/uploads\\\/2026\\\/02\\\/Felce-Azzurra-Shower-HIBISCUS-PINK-PEPPER-650ml1.jpg\",\"contentUrl\":\"https:\\\/\\\/vitablanca.ma\\\/wp-content\\\/uploads\\\/2026\\\/02\\\/Felce-Azzurra-Shower-HIBISCUS-PINK-PEPPER-650ml1.jpg\",\"width\":500,\"height\":500},{\"@type\":\"BreadcrumbList\",\"@id\":\"https:\\\/\\\/vitablanca.ma\\\/produit\\\/felce-azzurra-shower-hibiscus-pink-pepper-650ml-maroc-prix\\\/#breadcrumb\",\"itemListElement\":[{\"@type\":\"ListItem\",\"position\":1,\"name\":\"Home\",\"item\":\"https:\\\/\\\/vitablanca.ma\\\/\"},{\"@type\":\"ListItem\",\"position\":2,\"name\":\"Tous Les Produits\",\"item\":\"https:\\\/\\\/vitablanca.ma\\\/tous-les-produits\\\/\"},{\"@type\":\"ListItem\",\"position\":3,\"name\":\"Felce Azzurra Shower HIBISCUS &#038; PINK PEPPER 650ml\"}]},{\"@type\":\"WebSite\",\"@id\":\"https:\\\/\\\/vitablanca.ma\\\/#website\",\"url\":\"https:\\\/\\\/vitablanca.ma\\\/\",\"name\":\"VitaBlanca.ma | Compl\u00e9ments alimentaires, sant\u00e9 & beaut\u00e9 au Maroc\",\"description\":\"vendre vitamines et compl\u00e9ments premium des USA &amp; Canada, Nouvelle Z\u00e9lande,Maroc (NOW Foods, Solgar, Manuka). Livraison rapide partout au Maroc.\",\"publisher\":{\"@id\":\"https:\\\/\\\/vitablanca.ma\\\/#organization\"},\"alternateName\":\"VitaBlanca.ma\",\"potentialAction\":[{\"@type\":\"SearchAction\",\"target\":{\"@type\":\"EntryPoint\",\"urlTemplate\":\"https:\\\/\\\/vitablanca.ma\\\/?s={search_term_string}\"},\"query-input\":{\"@type\":\"PropertyValueSpecification\",\"valueRequired\":true,\"valueName\":\"search_term_string\"}}],\"inLanguage\":\"en-US\"},{\"@type\":\"Organization\",\"@id\":\"https:\\\/\\\/vitablanca.ma\\\/#organization\",\"name\":\"VitaBlanca\",\"url\":\"https:\\\/\\\/vitablanca.ma\\\/\",\"logo\":{\"@type\":\"ImageObject\",\"inLanguage\":\"en-US\",\"@id\":\"https:\\\/\\\/vitablanca.ma\\\/#\\\/schema\\\/logo\\\/image\\\/\",\"url\":\"https:\\\/\\\/vitablanca.ma\\\/wp-content\\\/uploads\\\/2025\\\/05\\\/cropped-vitablanca.png\",\"contentUrl\":\"https:\\\/\\\/vitablanca.ma\\\/wp-content\\\/uploads\\\/2025\\\/05\\\/cropped-vitablanca.png\",\"width\":360,\"height\":67,\"caption\":\"VitaBlanca\"},\"image\":{\"@id\":\"https:\\\/\\\/vitablanca.ma\\\/#\\\/schema\\\/logo\\\/image\\\/\"},\"sameAs\":[\"https:\\\/\\\/www.facebook.com\\\/profile.php?id=61576678196717\",\"https:\\\/\\\/www.tiktok.com\\\/@vitablanca.ma\",\"https:\\\/\\\/www.instagram.com\\\/vitablanca.ma\\\/\"]}]}<\/script>\n<!-- \/ Yoast SEO plugin. -->","yoast_head_json":{"title":"Felce Azzurra Shower Hibiscus & Pink Pepper 650ml \u2013 Maroc Prix","description":"Gel douche Felce Azzurra Hibiscus & Pink Pepper 650ml. Nettoie en douceur, parfum floral et \u00e9pic\u00e9, laisse la peau fra\u00eeche et douce. Disponible au Maroc.","robots":{"index":"index","follow":"follow","max-snippet":"max-snippet:-1","max-image-preview":"max-image-preview:large","max-video-preview":"max-video-preview:-1"},"canonical":"https:\/\/vitablanca.ma\/en\/product\/felce-azzurra-shower-hibiscus-pink-pepper-650ml-maroc-prix\/","og_locale":"en_US","og_type":"article","og_title":"Felce Azzurra Shower Hibiscus & Pink Pepper 650ml \u2013 Maroc Prix","og_description":"Gel douche Felce Azzurra Hibiscus & Pink Pepper 650ml. Nettoie en douceur, parfum floral et \u00e9pic\u00e9, laisse la peau fra\u00eeche et douce. Disponible au Maroc.","og_url":"https:\/\/vitablanca.ma\/en\/product\/felce-azzurra-shower-hibiscus-pink-pepper-650ml-maroc-prix\/","og_site_name":"Vitablanca.ma &ndash; Sant&eacute;, vitalit&eacute; et bien-&ecirc;tre pour tous les Marocains","article_publisher":"https:\/\/www.facebook.com\/profile.php?id=61576678196717","article_modified_time":"2026-02-05T09:44:13+00:00","og_image":[{"width":500,"height":500,"url":"https:\/\/vitablanca.ma\/wp-content\/uploads\/2026\/02\/Felce-Azzurra-Shower-HIBISCUS-PINK-PEPPER-650ml1.jpg","type":"image\/jpeg"}],"twitter_card":"summary_large_image","twitter_misc":{"Est. reading time":"1 minute"},"schema":{"@context":"https:\/\/schema.org","@graph":[{"@type":["WebPage","ItemPage"],"@id":"https:\/\/vitablanca.ma\/produit\/felce-azzurra-shower-hibiscus-pink-pepper-650ml-maroc-prix\/","url":"https:\/\/vitablanca.ma\/produit\/felce-azzurra-shower-hibiscus-pink-pepper-650ml-maroc-prix\/","name":"Felce Azzurra Shower Hibiscus & Pink Pepper 650ml \u2013 Maroc Prix","isPartOf":{"@id":"https:\/\/vitablanca.ma\/#website"},"primaryImageOfPage":{"@id":"https:\/\/vitablanca.ma\/produit\/felce-azzurra-shower-hibiscus-pink-pepper-650ml-maroc-prix\/#primaryimage"},"image":{"@id":"https:\/\/vitablanca.ma\/produit\/felce-azzurra-shower-hibiscus-pink-pepper-650ml-maroc-prix\/#primaryimage"},"thumbnailUrl":"https:\/\/vitablanca.ma\/wp-content\/uploads\/2026\/02\/Felce-Azzurra-Shower-HIBISCUS-PINK-PEPPER-650ml1.jpg","datePublished":"2026-02-05T09:44:12+00:00","dateModified":"2026-02-05T09:44:13+00:00","description":"Gel douche Felce Azzurra Hibiscus & Pink Pepper 650ml. Nettoie en douceur, parfum floral et \u00e9pic\u00e9, laisse la peau fra\u00eeche et douce. Disponible au Maroc.","breadcrumb":{"@id":"https:\/\/vitablanca.ma\/produit\/felce-azzurra-shower-hibiscus-pink-pepper-650ml-maroc-prix\/#breadcrumb"},"inLanguage":"en-US","potentialAction":[{"@type":"ReadAction","target":["https:\/\/vitablanca.ma\/produit\/felce-azzurra-shower-hibiscus-pink-pepper-650ml-maroc-prix\/"]}]},{"@type":"ImageObject","inLanguage":"en-US","@id":"https:\/\/vitablanca.ma\/produit\/felce-azzurra-shower-hibiscus-pink-pepper-650ml-maroc-prix\/#primaryimage","url":"https:\/\/vitablanca.ma\/wp-content\/uploads\/2026\/02\/Felce-Azzurra-Shower-HIBISCUS-PINK-PEPPER-650ml1.jpg","contentUrl":"https:\/\/vitablanca.ma\/wp-content\/uploads\/2026\/02\/Felce-Azzurra-Shower-HIBISCUS-PINK-PEPPER-650ml1.jpg","width":500,"height":500},{"@type":"BreadcrumbList","@id":"https:\/\/vitablanca.ma\/produit\/felce-azzurra-shower-hibiscus-pink-pepper-650ml-maroc-prix\/#breadcrumb","itemListElement":[{"@type":"ListItem","position":1,"name":"Home","item":"https:\/\/vitablanca.ma\/"},{"@type":"ListItem","position":2,"name":"Tous Les Produits","item":"https:\/\/vitablanca.ma\/tous-les-produits\/"},{"@type":"ListItem","position":3,"name":"Felce Azzurra Shower HIBISCUS &#038; PINK PEPPER 650ml"}]},{"@type":"WebSite","@id":"https:\/\/vitablanca.ma\/#website","url":"https:\/\/vitablanca.ma\/","name":"VitaBlanca.ma | Food supplements, health &amp; beauty in Morocco","description":"sell premium vitamins and supplements from USA &amp; Canada, New Zealand, Morocco (NOW Foods, Solgar, Manuka). Fast delivery anywhere in Morocco.","publisher":{"@id":"https:\/\/vitablanca.ma\/#organization"},"alternateName":"VitaBlanca.ma","potentialAction":[{"@type":"SearchAction","target":{"@type":"EntryPoint","urlTemplate":"https:\/\/vitablanca.ma\/?s={search_term_string}"},"query-input":{"@type":"PropertyValueSpecification","valueRequired":true,"valueName":"search_term_string"}}],"inLanguage":"en-US"},{"@type":"Organization","@id":"https:\/\/vitablanca.ma\/#organization","name":"VitaBlanca","url":"https:\/\/vitablanca.ma\/","logo":{"@type":"ImageObject","inLanguage":"en-US","@id":"https:\/\/vitablanca.ma\/#\/schema\/logo\/image\/","url":"https:\/\/vitablanca.ma\/wp-content\/uploads\/2025\/05\/cropped-vitablanca.png","contentUrl":"https:\/\/vitablanca.ma\/wp-content\/uploads\/2025\/05\/cropped-vitablanca.png","width":360,"height":67,"caption":"VitaBlanca"},"image":{"@id":"https:\/\/vitablanca.ma\/#\/schema\/logo\/image\/"},"sameAs":["https:\/\/www.facebook.com\/profile.php?id=61576678196717","https:\/\/www.tiktok.com\/@vitablanca.ma","https:\/\/www.instagram.com\/vitablanca.ma\/"]}]}},"jetpack_sharing_enabled":true,"_links":{"self":[{"href":"https:\/\/vitablanca.ma\/en\/wp-json\/wp\/v2\/product\/29582","targetHints":{"allow":["GET"]}}],"collection":[{"href":"https:\/\/vitablanca.ma\/en\/wp-json\/wp\/v2\/product"}],"about":[{"href":"https:\/\/vitablanca.ma\/en\/wp-json\/wp\/v2\/types\/product"}],"wp:featuredmedia":[{"embeddable":true,"href":"https:\/\/vitablanca.ma\/en\/wp-json\/wp\/v2\/media\/29583"}],"wp:attachment":[{"href":"https:\/\/vitablanca.ma\/en\/wp-json\/wp\/v2\/media?parent=29582"}],"wp:term":[{"taxonomy":"product_brand","embeddable":true,"href":"https:\/\/vitablanca.ma\/en\/wp-json\/wp\/v2\/product_brand?post=29582"},{"taxonomy":"product_cat","embeddable":true,"href":"https:\/\/vitablanca.ma\/en\/wp-json\/wp\/v2\/product_cat?post=29582"},{"taxonomy":"product_tag","embeddable":true,"href":"https:\/\/vitablanca.ma\/en\/wp-json\/wp\/v2\/product_tag?post=29582"}],"curies":[{"name":"wp","href":"https:\/\/api.w.org\/{rel}","templated":true}]}}