{"id":29253,"date":"2026-02-05T00:22:46","date_gmt":"2026-02-05T00:22:46","guid":{"rendered":"https:\/\/vitablanca.ma\/?post_type=product&#038;p=29253"},"modified":"2026-02-21T16:16:54","modified_gmt":"2026-02-21T16:16:54","slug":"mrm-nutrition-dhea-50-mg-90-gelules-veganes-maroc-prix","status":"publish","type":"product","link":"https:\/\/vitablanca.ma\/en\/product\/mrm-nutrition-dhea-50-mg-90-gelules-veganes-maroc-prix\/","title":{"rendered":"MRM Nutrition DHEA 50 mg 90 g\u00e9lules v\u00e9ganes"},"content":{"rendered":"<p>Promotes healthy aging<br \/>\nFood supplement<br \/>\nGluten free<br \/>\nCertifi\u00e9 vegan<br \/>\nNon-GMO Project Verified<br \/>\nFavorise le vieillissement en bonne sant\u00e9 et la long\u00e9vit\u00e9<br \/>\nMicronis\u00e9 pour une meilleure absorption<br \/>\nTest\u00e9 par CLHP pour garantir l&rsquo;efficacit\u00e9 et la puret\u00e9<\/p>\n<p>La DHEA (d\u00e9hydro\u00e9piandrost\u00e9rone) est produite dans les glandes surr\u00e9nales \u00e0 partir de la pr\u00e9gn\u00e9nolone et est convertie en testost\u00e9rone, \u0153strone et \u0153stradiol. La diminution marqu\u00e9e de la production de DHEA par les glandes surr\u00e9nales au cours du vieillissement entra\u00eene une chute spectaculaire de la formation de st\u00e9ro\u00efdes sexuels actifs dans les tissus cibles p\u00e9riph\u00e9riques. Cette diminution engendre une situation que l&rsquo;on pense \u00eatre associ\u00e9e \u00e0 une longue s\u00e9rie de probl\u00e8mes li\u00e9s \u00e0 l&rsquo;\u00e2ge tels que la r\u00e9sistance \u00e0 l&rsquo;insuline, la perte de masse musculaire, la fragilit\u00e9 osseuse et l&rsquo;alt\u00e9ration de la sant\u00e9 cardiovasculaire.<br \/>\nIl s&rsquo;agit de l&rsquo;hormone st\u00e9ro\u00efde en circulation la plus abondante chez l&rsquo;homme. Elle fonctionne principalement comme interm\u00e9diaire m\u00e9tabolique dans la biosynth\u00e8se des st\u00e9ro\u00efdes sexuels androg\u00e8nes et \u0153strog\u00e8nes.<br \/>\nLa consommation de compl\u00e9ments en DHEA a permis de r\u00e9tablir des taux d&rsquo;hormones sexuelles comparables \u00e0 ceux de personnes jeunes. La DHEA \u00e0 des doses de remplacement appropri\u00e9es semble avoir des effets curatifs en ce qui concerne sa capacit\u00e9 \u00e0 induire un facteur de croissance anabolique, \u00e0 augmenter la force musculaire et la masse maigre, \u00e0 soutenir la sant\u00e9 immunitaire et \u00e0 am\u00e9liorer la qualit\u00e9 de vie des hommes et des femmes dans la force de l&rsquo;\u00e2ge.<br \/>\nSuggested Use<br \/>\nPrenez 1\u00a0capsule par jour avec un repas ou suivez les recommandations d&rsquo;un professionnel de la sant\u00e9 qualifi\u00e9.<br \/>\nOther ingredients<br \/>\nCapsule en farine de riz, et cellulose.<br \/>\nSans lait, \u0153ufs, arachides, fruits \u00e0 coque, du poisson, fruits de mer, soja, bl\u00e9, gluten ou ingr\u00e9dients \u00e0 base de levure ajout\u00e9s.<br \/>\nWarnings<br \/>\nNe convient pas \u00e0 des personnes de moins de 18 ans. Ne pas utiliser si vous \u00eates enceinte ou si vous allaitez. Consulter un m\u00e9decin ou un professionnel de sant\u00e9 qualifi\u00e9 avant d&rsquo;utiliser ce produit si vous avez, ou si un membre de votre famille a d\u00e9j\u00e0 eu, un cancer de la prostate, une hyperplasie de la prostate, une maladie du c\u0153ur, un faible taux de \u00ab bon \u00bb cholest\u00e9rol (HDL) ou si vous prenez un autre compl\u00e9ment alimentaire, des m\u00e9dicaments sur ordonnance ou sans ordonnance. Ne pas d\u00e9passer le dosage indiqu\u00e9. D\u00e9passer le dosage recommand\u00e9 peut entra\u00eener de graves effets n\u00e9gatifs sur la sant\u00e9. Les effets secondaires possibles comprennent l&rsquo;acn\u00e9, la pousse de poils sur le visage (chez les femmes), l&rsquo;agressivit\u00e9, l&rsquo;irritabilit\u00e9 et des niveaux accrus d\u2019\u0153strog\u00e8ne. Si vous constatez une acc\u00e9l\u00e9ration du rythme cardiaque, des vertiges, une vision trouble ou d&rsquo;autres sympt\u00f4mes similaires, cessez imm\u00e9diatement l&rsquo;utilisation et contactez un m\u00e9decin imm\u00e9diatement. \u00c0 tenir hors de port\u00e9e des enfants.<\/p>","protected":false},"excerpt":{"rendered":"<p>Favorise le vieillissement en bonne sant\u00e9 Compl\u00e9ment alimentaire Sans gluten Certifi\u00e9 vegan Projet sans OGM v\u00e9rifi\u00e9 Favorise le vieillissement en bonne sant\u00e9 et la long\u00e9vit\u00e9 Micronis\u00e9 pour une meilleure absorption Test\u00e9 par CLHP pour garantir l&rsquo;efficacit\u00e9 et la puret\u00e9 La DHEA (d\u00e9hydro\u00e9piandrost\u00e9rone) est produite dans les glandes surr\u00e9nales \u00e0 partir de la pr\u00e9gn\u00e9nolone et est [&hellip;]<\/p>\n","protected":false},"featured_media":29333,"template":"","meta":{"om_disable_all_campaigns":false},"product_brand":[3131],"product_cat":[18,3366,8038],"product_tag":[],"class_list":{"0":"post-29253","1":"product","2":"type-product","3":"status-publish","4":"has-post-thumbnail","6":"product_brand-mrm-nutrition-maroc-prix","7":"product_cat-beaute-sante","8":"product_cat-complements-alimentaires-au-maroc-vitablanca","9":"product_cat-sante-masculine","11":"first","12":"instock","13":"sale","14":"taxable","15":"shipping-taxable","16":"purchasable","17":"product-type-simple"},"yoast_head":"<!-- This site is optimized with the Yoast SEO plugin v27.4 - https:\/\/yoast.com\/product\/yoast-seo-wordpress\/ -->\n<title>MRM Nutrition DHEA 50 mg 90 g\u00e9lules v\u00e9ganes - Maroc Prix<\/title>\n<meta name=\"description\" content=\"MRM Nutrition DHEA 50 mg 90 g\u00e9lules v\u00e9ganes\" \/>\n<meta name=\"robots\" content=\"index, follow, max-snippet:-1, max-image-preview:large, max-video-preview:-1\" \/>\n<link rel=\"canonical\" href=\"https:\/\/vitablanca.ma\/en\/product\/mrm-nutrition-dhea-50-mg-90-gelules-veganes-maroc-prix\/\" \/>\n<meta property=\"og:locale\" content=\"en_US\" \/>\n<meta property=\"og:type\" content=\"article\" \/>\n<meta property=\"og:title\" content=\"MRM Nutrition DHEA 50 mg 90 g\u00e9lules v\u00e9ganes - Maroc Prix\" \/>\n<meta property=\"og:description\" content=\"MRM Nutrition DHEA 50 mg 90 g\u00e9lules v\u00e9ganes\" \/>\n<meta property=\"og:url\" content=\"https:\/\/vitablanca.ma\/en\/product\/mrm-nutrition-dhea-50-mg-90-gelules-veganes-maroc-prix\/\" \/>\n<meta property=\"og:site_name\" content=\"Vitablanca.ma &ndash; Sant&eacute;, vitalit&eacute; et bien-&ecirc;tre pour tous les Marocains\" \/>\n<meta property=\"article:publisher\" content=\"https:\/\/www.facebook.com\/profile.php?id=61576678196717\" \/>\n<meta property=\"article:modified_time\" content=\"2026-02-21T16:16:54+00:00\" \/>\n<meta property=\"og:image\" content=\"https:\/\/vitablanca.ma\/wp-content\/uploads\/2026\/02\/52-11.jpg\" \/>\n\t<meta property=\"og:image:width\" content=\"1600\" \/>\n\t<meta property=\"og:image:height\" content=\"1600\" \/>\n\t<meta property=\"og:image:type\" content=\"image\/jpeg\" \/>\n<meta name=\"twitter:card\" content=\"summary_large_image\" \/>\n<meta name=\"twitter:label1\" content=\"Est. reading time\" \/>\n\t<meta name=\"twitter:data1\" content=\"3 minutes\" \/>\n<script type=\"application\/ld+json\" class=\"yoast-schema-graph\">{\"@context\":\"https:\\\/\\\/schema.org\",\"@graph\":[{\"@type\":[\"WebPage\",\"ItemPage\"],\"@id\":\"https:\\\/\\\/vitablanca.ma\\\/produit\\\/mrm-nutrition-dhea-50-mg-90-gelules-veganes-maroc-prix\\\/\",\"url\":\"https:\\\/\\\/vitablanca.ma\\\/produit\\\/mrm-nutrition-dhea-50-mg-90-gelules-veganes-maroc-prix\\\/\",\"name\":\"MRM Nutrition DHEA 50 mg 90 g\u00e9lules v\u00e9ganes - Maroc Prix\",\"isPartOf\":{\"@id\":\"https:\\\/\\\/vitablanca.ma\\\/#website\"},\"primaryImageOfPage\":{\"@id\":\"https:\\\/\\\/vitablanca.ma\\\/produit\\\/mrm-nutrition-dhea-50-mg-90-gelules-veganes-maroc-prix\\\/#primaryimage\"},\"image\":{\"@id\":\"https:\\\/\\\/vitablanca.ma\\\/produit\\\/mrm-nutrition-dhea-50-mg-90-gelules-veganes-maroc-prix\\\/#primaryimage\"},\"thumbnailUrl\":\"https:\\\/\\\/vitablanca.ma\\\/wp-content\\\/uploads\\\/2026\\\/02\\\/52-11.jpg\",\"datePublished\":\"2026-02-05T00:22:46+00:00\",\"dateModified\":\"2026-02-21T16:16:54+00:00\",\"description\":\"MRM Nutrition DHEA 50 mg 90 g\u00e9lules v\u00e9ganes\",\"breadcrumb\":{\"@id\":\"https:\\\/\\\/vitablanca.ma\\\/produit\\\/mrm-nutrition-dhea-50-mg-90-gelules-veganes-maroc-prix\\\/#breadcrumb\"},\"inLanguage\":\"en-US\",\"potentialAction\":[{\"@type\":\"ReadAction\",\"target\":[\"https:\\\/\\\/vitablanca.ma\\\/produit\\\/mrm-nutrition-dhea-50-mg-90-gelules-veganes-maroc-prix\\\/\"]}]},{\"@type\":\"ImageObject\",\"inLanguage\":\"en-US\",\"@id\":\"https:\\\/\\\/vitablanca.ma\\\/produit\\\/mrm-nutrition-dhea-50-mg-90-gelules-veganes-maroc-prix\\\/#primaryimage\",\"url\":\"https:\\\/\\\/vitablanca.ma\\\/wp-content\\\/uploads\\\/2026\\\/02\\\/52-11.jpg\",\"contentUrl\":\"https:\\\/\\\/vitablanca.ma\\\/wp-content\\\/uploads\\\/2026\\\/02\\\/52-11.jpg\",\"width\":1600,\"height\":1600},{\"@type\":\"BreadcrumbList\",\"@id\":\"https:\\\/\\\/vitablanca.ma\\\/produit\\\/mrm-nutrition-dhea-50-mg-90-gelules-veganes-maroc-prix\\\/#breadcrumb\",\"itemListElement\":[{\"@type\":\"ListItem\",\"position\":1,\"name\":\"Home\",\"item\":\"https:\\\/\\\/vitablanca.ma\\\/\"},{\"@type\":\"ListItem\",\"position\":2,\"name\":\"Tous Les Produits\",\"item\":\"https:\\\/\\\/vitablanca.ma\\\/tous-les-produits\\\/\"},{\"@type\":\"ListItem\",\"position\":3,\"name\":\"MRM Nutrition DHEA 50 mg 90 g\u00e9lules v\u00e9ganes\"}]},{\"@type\":\"WebSite\",\"@id\":\"https:\\\/\\\/vitablanca.ma\\\/#website\",\"url\":\"https:\\\/\\\/vitablanca.ma\\\/\",\"name\":\"VitaBlanca.ma | Compl\u00e9ments alimentaires, sant\u00e9 & beaut\u00e9 au Maroc\",\"description\":\"vendre vitamines et compl\u00e9ments premium des USA &amp; Canada, Nouvelle Z\u00e9lande,Maroc (NOW Foods, Solgar, Manuka). Livraison rapide partout au Maroc.\",\"publisher\":{\"@id\":\"https:\\\/\\\/vitablanca.ma\\\/#organization\"},\"alternateName\":\"VitaBlanca.ma\",\"potentialAction\":[{\"@type\":\"SearchAction\",\"target\":{\"@type\":\"EntryPoint\",\"urlTemplate\":\"https:\\\/\\\/vitablanca.ma\\\/?s={search_term_string}\"},\"query-input\":{\"@type\":\"PropertyValueSpecification\",\"valueRequired\":true,\"valueName\":\"search_term_string\"}}],\"inLanguage\":\"en-US\"},{\"@type\":\"Organization\",\"@id\":\"https:\\\/\\\/vitablanca.ma\\\/#organization\",\"name\":\"VitaBlanca\",\"url\":\"https:\\\/\\\/vitablanca.ma\\\/\",\"logo\":{\"@type\":\"ImageObject\",\"inLanguage\":\"en-US\",\"@id\":\"https:\\\/\\\/vitablanca.ma\\\/#\\\/schema\\\/logo\\\/image\\\/\",\"url\":\"https:\\\/\\\/vitablanca.ma\\\/wp-content\\\/uploads\\\/2025\\\/05\\\/cropped-vitablanca.png\",\"contentUrl\":\"https:\\\/\\\/vitablanca.ma\\\/wp-content\\\/uploads\\\/2025\\\/05\\\/cropped-vitablanca.png\",\"width\":360,\"height\":67,\"caption\":\"VitaBlanca\"},\"image\":{\"@id\":\"https:\\\/\\\/vitablanca.ma\\\/#\\\/schema\\\/logo\\\/image\\\/\"},\"sameAs\":[\"https:\\\/\\\/www.facebook.com\\\/profile.php?id=61576678196717\",\"https:\\\/\\\/www.tiktok.com\\\/@vitablanca.ma\",\"https:\\\/\\\/www.instagram.com\\\/vitablanca.ma\\\/\"]}]}<\/script>\n<!-- \/ Yoast SEO plugin. -->","yoast_head_json":{"title":"MRM Nutrition DHEA 50 mg 90 g\u00e9lules v\u00e9ganes - Maroc Prix","description":"MRM Nutrition DHEA 50 mg 90 g\u00e9lules v\u00e9ganes","robots":{"index":"index","follow":"follow","max-snippet":"max-snippet:-1","max-image-preview":"max-image-preview:large","max-video-preview":"max-video-preview:-1"},"canonical":"https:\/\/vitablanca.ma\/en\/product\/mrm-nutrition-dhea-50-mg-90-gelules-veganes-maroc-prix\/","og_locale":"en_US","og_type":"article","og_title":"MRM Nutrition DHEA 50 mg 90 g\u00e9lules v\u00e9ganes - Maroc Prix","og_description":"MRM Nutrition DHEA 50 mg 90 g\u00e9lules v\u00e9ganes","og_url":"https:\/\/vitablanca.ma\/en\/product\/mrm-nutrition-dhea-50-mg-90-gelules-veganes-maroc-prix\/","og_site_name":"Vitablanca.ma &ndash; Sant&eacute;, vitalit&eacute; et bien-&ecirc;tre pour tous les Marocains","article_publisher":"https:\/\/www.facebook.com\/profile.php?id=61576678196717","article_modified_time":"2026-02-21T16:16:54+00:00","og_image":[{"width":1600,"height":1600,"url":"https:\/\/vitablanca.ma\/wp-content\/uploads\/2026\/02\/52-11.jpg","type":"image\/jpeg"}],"twitter_card":"summary_large_image","twitter_misc":{"Est. reading time":"3 minutes"},"schema":{"@context":"https:\/\/schema.org","@graph":[{"@type":["WebPage","ItemPage"],"@id":"https:\/\/vitablanca.ma\/produit\/mrm-nutrition-dhea-50-mg-90-gelules-veganes-maroc-prix\/","url":"https:\/\/vitablanca.ma\/produit\/mrm-nutrition-dhea-50-mg-90-gelules-veganes-maroc-prix\/","name":"MRM Nutrition DHEA 50 mg 90 g\u00e9lules v\u00e9ganes - Maroc Prix","isPartOf":{"@id":"https:\/\/vitablanca.ma\/#website"},"primaryImageOfPage":{"@id":"https:\/\/vitablanca.ma\/produit\/mrm-nutrition-dhea-50-mg-90-gelules-veganes-maroc-prix\/#primaryimage"},"image":{"@id":"https:\/\/vitablanca.ma\/produit\/mrm-nutrition-dhea-50-mg-90-gelules-veganes-maroc-prix\/#primaryimage"},"thumbnailUrl":"https:\/\/vitablanca.ma\/wp-content\/uploads\/2026\/02\/52-11.jpg","datePublished":"2026-02-05T00:22:46+00:00","dateModified":"2026-02-21T16:16:54+00:00","description":"MRM Nutrition DHEA 50 mg 90 g\u00e9lules v\u00e9ganes","breadcrumb":{"@id":"https:\/\/vitablanca.ma\/produit\/mrm-nutrition-dhea-50-mg-90-gelules-veganes-maroc-prix\/#breadcrumb"},"inLanguage":"en-US","potentialAction":[{"@type":"ReadAction","target":["https:\/\/vitablanca.ma\/produit\/mrm-nutrition-dhea-50-mg-90-gelules-veganes-maroc-prix\/"]}]},{"@type":"ImageObject","inLanguage":"en-US","@id":"https:\/\/vitablanca.ma\/produit\/mrm-nutrition-dhea-50-mg-90-gelules-veganes-maroc-prix\/#primaryimage","url":"https:\/\/vitablanca.ma\/wp-content\/uploads\/2026\/02\/52-11.jpg","contentUrl":"https:\/\/vitablanca.ma\/wp-content\/uploads\/2026\/02\/52-11.jpg","width":1600,"height":1600},{"@type":"BreadcrumbList","@id":"https:\/\/vitablanca.ma\/produit\/mrm-nutrition-dhea-50-mg-90-gelules-veganes-maroc-prix\/#breadcrumb","itemListElement":[{"@type":"ListItem","position":1,"name":"Home","item":"https:\/\/vitablanca.ma\/"},{"@type":"ListItem","position":2,"name":"Tous Les Produits","item":"https:\/\/vitablanca.ma\/tous-les-produits\/"},{"@type":"ListItem","position":3,"name":"MRM Nutrition DHEA 50 mg 90 g\u00e9lules v\u00e9ganes"}]},{"@type":"WebSite","@id":"https:\/\/vitablanca.ma\/#website","url":"https:\/\/vitablanca.ma\/","name":"VitaBlanca.ma | Food supplements, health &amp; beauty in Morocco","description":"sell premium vitamins and supplements from USA &amp; Canada, New Zealand, Morocco (NOW Foods, Solgar, Manuka). Fast delivery anywhere in Morocco.","publisher":{"@id":"https:\/\/vitablanca.ma\/#organization"},"alternateName":"VitaBlanca.ma","potentialAction":[{"@type":"SearchAction","target":{"@type":"EntryPoint","urlTemplate":"https:\/\/vitablanca.ma\/?s={search_term_string}"},"query-input":{"@type":"PropertyValueSpecification","valueRequired":true,"valueName":"search_term_string"}}],"inLanguage":"en-US"},{"@type":"Organization","@id":"https:\/\/vitablanca.ma\/#organization","name":"VitaBlanca","url":"https:\/\/vitablanca.ma\/","logo":{"@type":"ImageObject","inLanguage":"en-US","@id":"https:\/\/vitablanca.ma\/#\/schema\/logo\/image\/","url":"https:\/\/vitablanca.ma\/wp-content\/uploads\/2025\/05\/cropped-vitablanca.png","contentUrl":"https:\/\/vitablanca.ma\/wp-content\/uploads\/2025\/05\/cropped-vitablanca.png","width":360,"height":67,"caption":"VitaBlanca"},"image":{"@id":"https:\/\/vitablanca.ma\/#\/schema\/logo\/image\/"},"sameAs":["https:\/\/www.facebook.com\/profile.php?id=61576678196717","https:\/\/www.tiktok.com\/@vitablanca.ma","https:\/\/www.instagram.com\/vitablanca.ma\/"]}]}},"jetpack_sharing_enabled":true,"_links":{"self":[{"href":"https:\/\/vitablanca.ma\/en\/wp-json\/wp\/v2\/product\/29253","targetHints":{"allow":["GET"]}}],"collection":[{"href":"https:\/\/vitablanca.ma\/en\/wp-json\/wp\/v2\/product"}],"about":[{"href":"https:\/\/vitablanca.ma\/en\/wp-json\/wp\/v2\/types\/product"}],"wp:featuredmedia":[{"embeddable":true,"href":"https:\/\/vitablanca.ma\/en\/wp-json\/wp\/v2\/media\/29333"}],"wp:attachment":[{"href":"https:\/\/vitablanca.ma\/en\/wp-json\/wp\/v2\/media?parent=29253"}],"wp:term":[{"taxonomy":"product_brand","embeddable":true,"href":"https:\/\/vitablanca.ma\/en\/wp-json\/wp\/v2\/product_brand?post=29253"},{"taxonomy":"product_cat","embeddable":true,"href":"https:\/\/vitablanca.ma\/en\/wp-json\/wp\/v2\/product_cat?post=29253"},{"taxonomy":"product_tag","embeddable":true,"href":"https:\/\/vitablanca.ma\/en\/wp-json\/wp\/v2\/product_tag?post=29253"}],"curies":[{"name":"wp","href":"https:\/\/api.w.org\/{rel}","templated":true}]}}