{"id":29251,"date":"2026-02-05T00:22:45","date_gmt":"2026-02-05T00:22:45","guid":{"rendered":"https:\/\/vitablanca.ma\/?post_type=product&#038;p=29251"},"modified":"2026-02-21T16:16:54","modified_gmt":"2026-02-21T16:16:54","slug":"now-foods-kids-dha-a-croquer-pour-enfants-fruits-savoureux-60-capsules-a-enveloppe-molle-maroc-prix","status":"publish","type":"product","link":"https:\/\/vitablanca.ma\/en\/product\/now-foods-kids-dha-a-croquer-pour-enfants-fruits-savoureux-60-capsules-a-enveloppe-molle-maroc-prix\/","title":{"rendered":"Now foods Kids DHA \u00e0 croquer pour enfants Fruits savoureux 60\u00a0capsules \u00e0 enveloppe molle"},"content":{"rendered":"<p>Favorise la sant\u00e9 c\u00e9r\u00e9brale<br \/>\n100\u00a0mg de DHA<br \/>\nCapsules \u00e0 enveloppe molle en forme de poisson<br \/>\nCompl\u00e9ment alimentaire<br \/>\nSans OGM<br \/>\nCasher, contient de la g\u00e9latine<br \/>\nHalal<br \/>\nQualit\u00e9 BPF garantie<br \/>\nFier membre de GOED Omega-3<\/p>\n<p>Ce concentr\u00e9 d&rsquo;huile de poisson est fabriqu\u00e9 selon des normes strictes de contr\u00f4le qualit\u00e9. L&rsquo;huile a \u00e9t\u00e9 test\u00e9e afin de garantir qu&rsquo;elle ne contient aucune dose potentiellement dangereuse de polluants, tels que des BPC, des dioxines, du mercure et d&rsquo;autres m\u00e9taux lourds.<br \/>\nDes \u00e9tudes indiquent, bien que de mani\u00e8re non probante, que la consommation d&rsquo;acides gras om\u00e9ga-3 EPA (acide eicosapenta\u00e9no\u00efque) et DHA (acide docosahexa\u00e9no\u00efque) peut r\u00e9duire le risque de maladie cardiovasculaire.<br \/>\nUsage sugg\u00e9r\u00e9<br \/>\nPour les enfants et les adultes, prenez 2\u00a0capsules \u00e0 m\u00e2cher \u00e0 croquer 1 \u00e0 2\u00a0fois par jour avec de la nourriture, ou suivez les instructions de votre professionnel de la sant\u00e9.<br \/>\nAutres ingr\u00e9dients<br \/>\nCapsule \u00e0 enveloppe molle [g\u00e9latine bovine (exempte d&rsquo;ESB), glyc\u00e9rol, eau, ar\u00f4me naturel de punch aux fruits, xylitol, cellulose] et tocoph\u00e9rols mixtes.<br \/>\nContient du poisson (thon). Tocoph\u00e9rols mixtes issus de soja sans OGM.<br \/>\nProduit \u00e9labor\u00e9 sans levure, de bl\u00e9, gluten, lait, \u0153ufs ou fruits de mer. Fabriqu\u00e9 dans une installation respectant les Bonnes Pratiques de Fabrication et qui traite d&rsquo;autres ingr\u00e9dients contenant ces allerg\u00e8nes.<br \/>\nL&rsquo;huile de poisson est un produit de l&rsquo;Islande.<br \/>\nAvertissements<br \/>\nConsulter un m\u00e9decin si vous \u00eates enceinte, allaitez, prenez des m\u00e9dicaments ou pr\u00e9sentez une affection m\u00e9dicale. Tenir hors de port\u00e9e des enfants. Contient du xylitol, qui est nocif pour les animaux de compagnie.<\/p>\n","protected":false},"excerpt":{"rendered":"<p>Favorise la sant\u00e9 c\u00e9r\u00e9brale 100\u00a0mg de DHA Capsules \u00e0 enveloppe molle en forme de poisson Compl\u00e9ment alimentaire Sans OGM Casher, contient de la g\u00e9latine Halal Qualit\u00e9 BPF garantie Fier membre de GOED Omega-3 Ce concentr\u00e9 d&rsquo;huile de poisson est fabriqu\u00e9 selon des normes strictes de contr\u00f4le qualit\u00e9. L&rsquo;huile a \u00e9t\u00e9 test\u00e9e afin de garantir qu&rsquo;elle [&hellip;]<\/p>\n","protected":false},"featured_media":29330,"template":"","meta":{"om_disable_all_campaigns":false},"product_brand":[83],"product_cat":[18,8069,3366],"product_tag":[],"class_list":{"0":"post-29251","1":"product","2":"type-product","3":"status-publish","4":"has-post-thumbnail","6":"product_brand-now-foods-maroc-prix","7":"product_cat-beaute-sante","8":"product_cat-bebes-et-enfants","9":"product_cat-complements-alimentaires-au-maroc-vitablanca","11":"first","12":"instock","13":"sale","14":"taxable","15":"shipping-taxable","16":"purchasable","17":"product-type-simple"},"yoast_head":"<!-- This site is optimized with the Yoast SEO plugin v27.4 - https:\/\/yoast.com\/product\/yoast-seo-wordpress\/ -->\n<title>Now foods Kids DHA \u00e0 croquer pour enfants Fruits savoureux 60\u00a0capsules \u00e0 enveloppe molle - Maroc Prix<\/title>\n<meta name=\"description\" content=\"Now foods Kids DHA \u00e0 croquer pour enfants Fruits savoureux 60\u00a0capsules \u00e0 enveloppe molle\" \/>\n<meta name=\"robots\" content=\"index, follow, max-snippet:-1, max-image-preview:large, max-video-preview:-1\" \/>\n<link rel=\"canonical\" href=\"https:\/\/vitablanca.ma\/en\/product\/now-foods-kids-dha-a-croquer-pour-enfants-fruits-savoureux-60-capsules-a-enveloppe-molle-maroc-prix\/\" \/>\n<meta property=\"og:locale\" content=\"en_US\" \/>\n<meta property=\"og:type\" content=\"article\" \/>\n<meta property=\"og:title\" content=\"Now foods Kids DHA \u00e0 croquer pour enfants Fruits savoureux 60\u00a0capsules \u00e0 enveloppe molle - Maroc Prix\" \/>\n<meta property=\"og:description\" content=\"Now foods Kids DHA \u00e0 croquer pour enfants Fruits savoureux 60\u00a0capsules \u00e0 enveloppe molle\" \/>\n<meta property=\"og:url\" content=\"https:\/\/vitablanca.ma\/en\/product\/now-foods-kids-dha-a-croquer-pour-enfants-fruits-savoureux-60-capsules-a-enveloppe-molle-maroc-prix\/\" \/>\n<meta property=\"og:site_name\" content=\"Vitablanca.ma &ndash; Sant&eacute;, vitalit&eacute; et bien-&ecirc;tre pour tous les Marocains\" \/>\n<meta property=\"article:publisher\" content=\"https:\/\/www.facebook.com\/profile.php?id=61576678196717\" \/>\n<meta property=\"article:modified_time\" content=\"2026-02-21T16:16:54+00:00\" \/>\n<meta property=\"og:image\" content=\"https:\/\/vitablanca.ma\/wp-content\/uploads\/2026\/02\/40-11.jpg\" \/>\n\t<meta property=\"og:image:width\" content=\"1600\" \/>\n\t<meta property=\"og:image:height\" content=\"1600\" \/>\n\t<meta property=\"og:image:type\" content=\"image\/jpeg\" \/>\n<meta name=\"twitter:card\" content=\"summary_large_image\" \/>\n<meta name=\"twitter:label1\" content=\"Est. reading time\" \/>\n\t<meta name=\"twitter:data1\" content=\"1 minute\" \/>\n<script type=\"application\/ld+json\" class=\"yoast-schema-graph\">{\"@context\":\"https:\\\/\\\/schema.org\",\"@graph\":[{\"@type\":[\"WebPage\",\"ItemPage\"],\"@id\":\"https:\\\/\\\/vitablanca.ma\\\/produit\\\/now-foods-kids-dha-a-croquer-pour-enfants-fruits-savoureux-60-capsules-a-enveloppe-molle-maroc-prix\\\/\",\"url\":\"https:\\\/\\\/vitablanca.ma\\\/produit\\\/now-foods-kids-dha-a-croquer-pour-enfants-fruits-savoureux-60-capsules-a-enveloppe-molle-maroc-prix\\\/\",\"name\":\"Now foods Kids DHA \u00e0 croquer pour enfants Fruits savoureux 60\u00a0capsules \u00e0 enveloppe molle - Maroc Prix\",\"isPartOf\":{\"@id\":\"https:\\\/\\\/vitablanca.ma\\\/#website\"},\"primaryImageOfPage\":{\"@id\":\"https:\\\/\\\/vitablanca.ma\\\/produit\\\/now-foods-kids-dha-a-croquer-pour-enfants-fruits-savoureux-60-capsules-a-enveloppe-molle-maroc-prix\\\/#primaryimage\"},\"image\":{\"@id\":\"https:\\\/\\\/vitablanca.ma\\\/produit\\\/now-foods-kids-dha-a-croquer-pour-enfants-fruits-savoureux-60-capsules-a-enveloppe-molle-maroc-prix\\\/#primaryimage\"},\"thumbnailUrl\":\"https:\\\/\\\/vitablanca.ma\\\/wp-content\\\/uploads\\\/2026\\\/02\\\/40-11.jpg\",\"datePublished\":\"2026-02-05T00:22:45+00:00\",\"dateModified\":\"2026-02-21T16:16:54+00:00\",\"description\":\"Now foods Kids DHA \u00e0 croquer pour enfants Fruits savoureux 60\u00a0capsules \u00e0 enveloppe molle\",\"breadcrumb\":{\"@id\":\"https:\\\/\\\/vitablanca.ma\\\/produit\\\/now-foods-kids-dha-a-croquer-pour-enfants-fruits-savoureux-60-capsules-a-enveloppe-molle-maroc-prix\\\/#breadcrumb\"},\"inLanguage\":\"en-US\",\"potentialAction\":[{\"@type\":\"ReadAction\",\"target\":[\"https:\\\/\\\/vitablanca.ma\\\/produit\\\/now-foods-kids-dha-a-croquer-pour-enfants-fruits-savoureux-60-capsules-a-enveloppe-molle-maroc-prix\\\/\"]}]},{\"@type\":\"ImageObject\",\"inLanguage\":\"en-US\",\"@id\":\"https:\\\/\\\/vitablanca.ma\\\/produit\\\/now-foods-kids-dha-a-croquer-pour-enfants-fruits-savoureux-60-capsules-a-enveloppe-molle-maroc-prix\\\/#primaryimage\",\"url\":\"https:\\\/\\\/vitablanca.ma\\\/wp-content\\\/uploads\\\/2026\\\/02\\\/40-11.jpg\",\"contentUrl\":\"https:\\\/\\\/vitablanca.ma\\\/wp-content\\\/uploads\\\/2026\\\/02\\\/40-11.jpg\",\"width\":1600,\"height\":1600},{\"@type\":\"BreadcrumbList\",\"@id\":\"https:\\\/\\\/vitablanca.ma\\\/produit\\\/now-foods-kids-dha-a-croquer-pour-enfants-fruits-savoureux-60-capsules-a-enveloppe-molle-maroc-prix\\\/#breadcrumb\",\"itemListElement\":[{\"@type\":\"ListItem\",\"position\":1,\"name\":\"Home\",\"item\":\"https:\\\/\\\/vitablanca.ma\\\/\"},{\"@type\":\"ListItem\",\"position\":2,\"name\":\"Tous Les Produits\",\"item\":\"https:\\\/\\\/vitablanca.ma\\\/tous-les-produits\\\/\"},{\"@type\":\"ListItem\",\"position\":3,\"name\":\"Now foods Kids DHA \u00e0 croquer pour enfants Fruits savoureux 60\u00a0capsules \u00e0 enveloppe molle\"}]},{\"@type\":\"WebSite\",\"@id\":\"https:\\\/\\\/vitablanca.ma\\\/#website\",\"url\":\"https:\\\/\\\/vitablanca.ma\\\/\",\"name\":\"VitaBlanca.ma | Compl\u00e9ments alimentaires, sant\u00e9 & beaut\u00e9 au Maroc\",\"description\":\"vendre vitamines et compl\u00e9ments premium des USA &amp; Canada, Nouvelle Z\u00e9lande,Maroc (NOW Foods, Solgar, Manuka). Livraison rapide partout au Maroc.\",\"publisher\":{\"@id\":\"https:\\\/\\\/vitablanca.ma\\\/#organization\"},\"alternateName\":\"VitaBlanca.ma\",\"potentialAction\":[{\"@type\":\"SearchAction\",\"target\":{\"@type\":\"EntryPoint\",\"urlTemplate\":\"https:\\\/\\\/vitablanca.ma\\\/?s={search_term_string}\"},\"query-input\":{\"@type\":\"PropertyValueSpecification\",\"valueRequired\":true,\"valueName\":\"search_term_string\"}}],\"inLanguage\":\"en-US\"},{\"@type\":\"Organization\",\"@id\":\"https:\\\/\\\/vitablanca.ma\\\/#organization\",\"name\":\"VitaBlanca\",\"url\":\"https:\\\/\\\/vitablanca.ma\\\/\",\"logo\":{\"@type\":\"ImageObject\",\"inLanguage\":\"en-US\",\"@id\":\"https:\\\/\\\/vitablanca.ma\\\/#\\\/schema\\\/logo\\\/image\\\/\",\"url\":\"https:\\\/\\\/vitablanca.ma\\\/wp-content\\\/uploads\\\/2025\\\/05\\\/cropped-vitablanca.png\",\"contentUrl\":\"https:\\\/\\\/vitablanca.ma\\\/wp-content\\\/uploads\\\/2025\\\/05\\\/cropped-vitablanca.png\",\"width\":360,\"height\":67,\"caption\":\"VitaBlanca\"},\"image\":{\"@id\":\"https:\\\/\\\/vitablanca.ma\\\/#\\\/schema\\\/logo\\\/image\\\/\"},\"sameAs\":[\"https:\\\/\\\/www.facebook.com\\\/profile.php?id=61576678196717\",\"https:\\\/\\\/www.tiktok.com\\\/@vitablanca.ma\",\"https:\\\/\\\/www.instagram.com\\\/vitablanca.ma\\\/\"]}]}<\/script>\n<!-- \/ Yoast SEO plugin. -->","yoast_head_json":{"title":"Now foods Kids DHA \u00e0 croquer pour enfants Fruits savoureux 60\u00a0capsules \u00e0 enveloppe molle - Maroc Prix","description":"Now foods Kids DHA \u00e0 croquer pour enfants Fruits savoureux 60\u00a0capsules \u00e0 enveloppe molle","robots":{"index":"index","follow":"follow","max-snippet":"max-snippet:-1","max-image-preview":"max-image-preview:large","max-video-preview":"max-video-preview:-1"},"canonical":"https:\/\/vitablanca.ma\/en\/product\/now-foods-kids-dha-a-croquer-pour-enfants-fruits-savoureux-60-capsules-a-enveloppe-molle-maroc-prix\/","og_locale":"en_US","og_type":"article","og_title":"Now foods Kids DHA \u00e0 croquer pour enfants Fruits savoureux 60\u00a0capsules \u00e0 enveloppe molle - Maroc Prix","og_description":"Now foods Kids DHA \u00e0 croquer pour enfants Fruits savoureux 60\u00a0capsules \u00e0 enveloppe molle","og_url":"https:\/\/vitablanca.ma\/en\/product\/now-foods-kids-dha-a-croquer-pour-enfants-fruits-savoureux-60-capsules-a-enveloppe-molle-maroc-prix\/","og_site_name":"Vitablanca.ma &ndash; Sant&eacute;, vitalit&eacute; et bien-&ecirc;tre pour tous les Marocains","article_publisher":"https:\/\/www.facebook.com\/profile.php?id=61576678196717","article_modified_time":"2026-02-21T16:16:54+00:00","og_image":[{"width":1600,"height":1600,"url":"https:\/\/vitablanca.ma\/wp-content\/uploads\/2026\/02\/40-11.jpg","type":"image\/jpeg"}],"twitter_card":"summary_large_image","twitter_misc":{"Est. reading time":"1 minute"},"schema":{"@context":"https:\/\/schema.org","@graph":[{"@type":["WebPage","ItemPage"],"@id":"https:\/\/vitablanca.ma\/produit\/now-foods-kids-dha-a-croquer-pour-enfants-fruits-savoureux-60-capsules-a-enveloppe-molle-maroc-prix\/","url":"https:\/\/vitablanca.ma\/produit\/now-foods-kids-dha-a-croquer-pour-enfants-fruits-savoureux-60-capsules-a-enveloppe-molle-maroc-prix\/","name":"Now foods Kids DHA \u00e0 croquer pour enfants Fruits savoureux 60\u00a0capsules \u00e0 enveloppe molle - Maroc Prix","isPartOf":{"@id":"https:\/\/vitablanca.ma\/#website"},"primaryImageOfPage":{"@id":"https:\/\/vitablanca.ma\/produit\/now-foods-kids-dha-a-croquer-pour-enfants-fruits-savoureux-60-capsules-a-enveloppe-molle-maroc-prix\/#primaryimage"},"image":{"@id":"https:\/\/vitablanca.ma\/produit\/now-foods-kids-dha-a-croquer-pour-enfants-fruits-savoureux-60-capsules-a-enveloppe-molle-maroc-prix\/#primaryimage"},"thumbnailUrl":"https:\/\/vitablanca.ma\/wp-content\/uploads\/2026\/02\/40-11.jpg","datePublished":"2026-02-05T00:22:45+00:00","dateModified":"2026-02-21T16:16:54+00:00","description":"Now foods Kids DHA \u00e0 croquer pour enfants Fruits savoureux 60\u00a0capsules \u00e0 enveloppe molle","breadcrumb":{"@id":"https:\/\/vitablanca.ma\/produit\/now-foods-kids-dha-a-croquer-pour-enfants-fruits-savoureux-60-capsules-a-enveloppe-molle-maroc-prix\/#breadcrumb"},"inLanguage":"en-US","potentialAction":[{"@type":"ReadAction","target":["https:\/\/vitablanca.ma\/produit\/now-foods-kids-dha-a-croquer-pour-enfants-fruits-savoureux-60-capsules-a-enveloppe-molle-maroc-prix\/"]}]},{"@type":"ImageObject","inLanguage":"en-US","@id":"https:\/\/vitablanca.ma\/produit\/now-foods-kids-dha-a-croquer-pour-enfants-fruits-savoureux-60-capsules-a-enveloppe-molle-maroc-prix\/#primaryimage","url":"https:\/\/vitablanca.ma\/wp-content\/uploads\/2026\/02\/40-11.jpg","contentUrl":"https:\/\/vitablanca.ma\/wp-content\/uploads\/2026\/02\/40-11.jpg","width":1600,"height":1600},{"@type":"BreadcrumbList","@id":"https:\/\/vitablanca.ma\/produit\/now-foods-kids-dha-a-croquer-pour-enfants-fruits-savoureux-60-capsules-a-enveloppe-molle-maroc-prix\/#breadcrumb","itemListElement":[{"@type":"ListItem","position":1,"name":"Home","item":"https:\/\/vitablanca.ma\/"},{"@type":"ListItem","position":2,"name":"Tous Les Produits","item":"https:\/\/vitablanca.ma\/tous-les-produits\/"},{"@type":"ListItem","position":3,"name":"Now foods Kids DHA \u00e0 croquer pour enfants Fruits savoureux 60\u00a0capsules \u00e0 enveloppe molle"}]},{"@type":"WebSite","@id":"https:\/\/vitablanca.ma\/#website","url":"https:\/\/vitablanca.ma\/","name":"VitaBlanca.ma | Food supplements, health &amp; beauty in Morocco","description":"sell premium vitamins and supplements from USA &amp; Canada, New Zealand, Morocco (NOW Foods, Solgar, Manuka). Fast delivery anywhere in Morocco.","publisher":{"@id":"https:\/\/vitablanca.ma\/#organization"},"alternateName":"VitaBlanca.ma","potentialAction":[{"@type":"SearchAction","target":{"@type":"EntryPoint","urlTemplate":"https:\/\/vitablanca.ma\/?s={search_term_string}"},"query-input":{"@type":"PropertyValueSpecification","valueRequired":true,"valueName":"search_term_string"}}],"inLanguage":"en-US"},{"@type":"Organization","@id":"https:\/\/vitablanca.ma\/#organization","name":"VitaBlanca","url":"https:\/\/vitablanca.ma\/","logo":{"@type":"ImageObject","inLanguage":"en-US","@id":"https:\/\/vitablanca.ma\/#\/schema\/logo\/image\/","url":"https:\/\/vitablanca.ma\/wp-content\/uploads\/2025\/05\/cropped-vitablanca.png","contentUrl":"https:\/\/vitablanca.ma\/wp-content\/uploads\/2025\/05\/cropped-vitablanca.png","width":360,"height":67,"caption":"VitaBlanca"},"image":{"@id":"https:\/\/vitablanca.ma\/#\/schema\/logo\/image\/"},"sameAs":["https:\/\/www.facebook.com\/profile.php?id=61576678196717","https:\/\/www.tiktok.com\/@vitablanca.ma","https:\/\/www.instagram.com\/vitablanca.ma\/"]}]}},"jetpack_sharing_enabled":true,"_links":{"self":[{"href":"https:\/\/vitablanca.ma\/en\/wp-json\/wp\/v2\/product\/29251","targetHints":{"allow":["GET"]}}],"collection":[{"href":"https:\/\/vitablanca.ma\/en\/wp-json\/wp\/v2\/product"}],"about":[{"href":"https:\/\/vitablanca.ma\/en\/wp-json\/wp\/v2\/types\/product"}],"wp:featuredmedia":[{"embeddable":true,"href":"https:\/\/vitablanca.ma\/en\/wp-json\/wp\/v2\/media\/29330"}],"wp:attachment":[{"href":"https:\/\/vitablanca.ma\/en\/wp-json\/wp\/v2\/media?parent=29251"}],"wp:term":[{"taxonomy":"product_brand","embeddable":true,"href":"https:\/\/vitablanca.ma\/en\/wp-json\/wp\/v2\/product_brand?post=29251"},{"taxonomy":"product_cat","embeddable":true,"href":"https:\/\/vitablanca.ma\/en\/wp-json\/wp\/v2\/product_cat?post=29251"},{"taxonomy":"product_tag","embeddable":true,"href":"https:\/\/vitablanca.ma\/en\/wp-json\/wp\/v2\/product_tag?post=29251"}],"curies":[{"name":"wp","href":"https:\/\/api.w.org\/{rel}","templated":true}]}}