{"id":29235,"date":"2026-02-05T00:22:19","date_gmt":"2026-02-05T00:22:19","guid":{"rendered":"https:\/\/vitablanca.ma\/?post_type=product&#038;p=29235"},"modified":"2026-02-21T16:16:54","modified_gmt":"2026-02-21T16:16:54","slug":"natures-way-alive-multivitamines-a-croquer-pour-enfants-orange-et-baies-120-comprimes-a-croquer","status":"publish","type":"product","link":"https:\/\/vitablanca.ma\/en\/product\/natures-way-alive-multivitamines-a-croquer-pour-enfants-orange-et-baies-120-comprimes-a-croquer\/","title":{"rendered":"Nature\u2019S Way Alive  Multivitamines \u00e0 croquer pour enfants Orange et baies 120\u00a0comprim\u00e9s \u00e0 croquer"},"content":{"rendered":"<p>Soutiennent la sant\u00e9 osseuse, oculaire et immunitaire<br \/>\nM\u00e9langes en poudre Orchard\u00a0Fruits\u2122 et Garden\u00a0Veggies\u2122 (150\u00a0mg pour 2\u00a0comprim\u00e9s)<br \/>\nCompl\u00e9ment multivitamin\u00e9<\/p>\n<p>Un soutien \u00e9quilibr\u00e9 \u00e0 la croissance et au d\u00e9veloppement<br \/>\nContient 20\u00a0vitamines et min\u00e9raux<\/p>\n<p>Un complexe complet de vitamines\u00a0B qui aide \u00e0 transformer les aliments en \u00e9nergie<br \/>\nVitamines\u00a0C et D haute efficacit\u00e9 pour le renforcement du syst\u00e8me immunitaire<br \/>\nExcellente source de fer, de zinc et de min\u00e9raux essentiels pour les enfants<br \/>\nD\u00e9licieux comprim\u00e9s \u00e0 croquer adapt\u00e9s aux enfants de 2\u00a0ans et plus<\/p>\n<p>Suggested Use<br \/>\nPour les enfants de 2 \u00e0 3\u00a0ans\u00a0: 1\u00a0comprim\u00e9 \u00e0 croquer par jour. Pour les enfants de 4\u00a0ans et plus\u00a0: 2\u00a0comprim\u00e9s \u00e0 croquer par jour. \u00c0 consommer de pr\u00e9f\u00e9rence au moment des repas. Demandez \u00e0 l&rsquo;enfant de bien croquer les comprim\u00e9s avant de les avaler. Ne pas d\u00e9passer la dose recommand\u00e9e.<br \/>\nOther ingredients<br \/>\nFructose, sorbitol, ar\u00f4mes naturels, st\u00e9arate de magn\u00e9sium, acide citrique, curcuma (colorant), jus de l\u00e9gumes (colorant), acide malique, silice, g\u00e9latine.<br \/>\nSans gluten, bl\u00e9, et produits laitiers.<br \/>\nWarnings<br \/>\nLe surdosage accidentel de produits contenant du fer constitue l&rsquo;une des principales causes d&#8217;empoisonnement mortel chez les enfants de moins de 6\u00a0ans. Tenir ce produit hors de port\u00e9e des enfants. En cas de surdose accidentelle, contacter un m\u00e9decin ou un centre antipoison imm\u00e9diatement.<br \/>\nTenir hors de port\u00e9e des enfants. Ne pas utiliser si l&rsquo;opercule sous le bouchon de s\u00e9curit\u00e9 pour les enfants est perc\u00e9 ou manquant. \u00c0 conserver \u00e0 temp\u00e9rature ambiante. Garder la bouteille bien ferm\u00e9e. Ne pas exposer \u00e0 une chaleur excessive ni \u00e0 la lumi\u00e8re directe du soleil.<\/p>","protected":false},"excerpt":{"rendered":"<p>Soutiennent la sant\u00e9 osseuse, oculaire et immunitaire M\u00e9langes en poudre Orchard\u00a0Fruits\u2122 et Garden\u00a0Veggies\u2122 (150\u00a0mg pour 2\u00a0comprim\u00e9s) Compl\u00e9ment multivitamin\u00e9 Un soutien \u00e9quilibr\u00e9 \u00e0 la croissance et au d\u00e9veloppement Contient 20\u00a0vitamines et min\u00e9raux Un complexe complet de vitamines\u00a0B qui aide \u00e0 transformer les aliments en \u00e9nergie Vitamines\u00a0C et D haute efficacit\u00e9 pour le renforcement du syst\u00e8me immunitaire [&hellip;]<\/p>\n","protected":false},"featured_media":29315,"template":"","meta":{"om_disable_all_campaigns":false},"product_brand":[2144],"product_cat":[18,8069,3366,8055,7963],"product_tag":[],"class_list":{"0":"post-29235","1":"product","2":"type-product","3":"status-publish","4":"has-post-thumbnail","6":"product_brand-natures-way","7":"product_cat-beaute-sante","8":"product_cat-bebes-et-enfants","9":"product_cat-complements-alimentaires-au-maroc-vitablanca","10":"product_cat-multivitamin","11":"product_cat-vitamines-2","13":"first","14":"instock","15":"sale","16":"taxable","17":"shipping-taxable","18":"purchasable","19":"product-type-simple"},"yoast_head":"<!-- This site is optimized with the Yoast SEO plugin v27.4 - https:\/\/yoast.com\/product\/yoast-seo-wordpress\/ -->\n<title>Nature\u2019S Way Alive Multivitamines \u00e0 croquer pour enfants Orange et baies 120\u00a0comprim\u00e9s \u00e0 croquer - Maroc Prix<\/title>\n<meta name=\"description\" content=\"Nature\u2019S Way Alive Multivitamines \u00e0 croquer pour enfants Orange et baies 120\u00a0comprim\u00e9s \u00e0 croquer\" \/>\n<meta name=\"robots\" content=\"index, follow, max-snippet:-1, max-image-preview:large, max-video-preview:-1\" \/>\n<link rel=\"canonical\" href=\"https:\/\/vitablanca.ma\/en\/product\/natures-way-alive-multivitamines-a-croquer-pour-enfants-orange-et-baies-120-comprimes-a-croquer\/\" \/>\n<meta property=\"og:locale\" content=\"en_US\" \/>\n<meta property=\"og:type\" content=\"article\" \/>\n<meta property=\"og:title\" content=\"Nature\u2019S Way Alive Multivitamines \u00e0 croquer pour enfants Orange et baies 120\u00a0comprim\u00e9s \u00e0 croquer - Maroc Prix\" \/>\n<meta property=\"og:description\" content=\"Nature\u2019S Way Alive Multivitamines \u00e0 croquer pour enfants Orange et baies 120\u00a0comprim\u00e9s \u00e0 croquer\" \/>\n<meta property=\"og:url\" content=\"https:\/\/vitablanca.ma\/en\/product\/natures-way-alive-multivitamines-a-croquer-pour-enfants-orange-et-baies-120-comprimes-a-croquer\/\" \/>\n<meta property=\"og:site_name\" content=\"Vitablanca.ma &ndash; Sant&eacute;, vitalit&eacute; et bien-&ecirc;tre pour tous les Marocains\" \/>\n<meta property=\"article:publisher\" content=\"https:\/\/www.facebook.com\/profile.php?id=61576678196717\" \/>\n<meta property=\"article:modified_time\" content=\"2026-02-21T16:16:54+00:00\" \/>\n<meta property=\"og:image\" content=\"https:\/\/vitablanca.ma\/wp-content\/uploads\/2026\/02\/165.jpg\" \/>\n\t<meta property=\"og:image:width\" content=\"1600\" \/>\n\t<meta property=\"og:image:height\" content=\"1600\" \/>\n\t<meta property=\"og:image:type\" content=\"image\/jpeg\" \/>\n<meta name=\"twitter:card\" content=\"summary_large_image\" \/>\n<meta name=\"twitter:label1\" content=\"Est. reading time\" \/>\n\t<meta name=\"twitter:data1\" content=\"1 minute\" \/>\n<script type=\"application\/ld+json\" class=\"yoast-schema-graph\">{\"@context\":\"https:\\\/\\\/schema.org\",\"@graph\":[{\"@type\":[\"WebPage\",\"ItemPage\"],\"@id\":\"https:\\\/\\\/vitablanca.ma\\\/produit\\\/natures-way-alive-multivitamines-a-croquer-pour-enfants-orange-et-baies-120-comprimes-a-croquer\\\/\",\"url\":\"https:\\\/\\\/vitablanca.ma\\\/produit\\\/natures-way-alive-multivitamines-a-croquer-pour-enfants-orange-et-baies-120-comprimes-a-croquer\\\/\",\"name\":\"Nature\u2019S Way Alive Multivitamines \u00e0 croquer pour enfants Orange et baies 120\u00a0comprim\u00e9s \u00e0 croquer - Maroc Prix\",\"isPartOf\":{\"@id\":\"https:\\\/\\\/vitablanca.ma\\\/#website\"},\"primaryImageOfPage\":{\"@id\":\"https:\\\/\\\/vitablanca.ma\\\/produit\\\/natures-way-alive-multivitamines-a-croquer-pour-enfants-orange-et-baies-120-comprimes-a-croquer\\\/#primaryimage\"},\"image\":{\"@id\":\"https:\\\/\\\/vitablanca.ma\\\/produit\\\/natures-way-alive-multivitamines-a-croquer-pour-enfants-orange-et-baies-120-comprimes-a-croquer\\\/#primaryimage\"},\"thumbnailUrl\":\"https:\\\/\\\/vitablanca.ma\\\/wp-content\\\/uploads\\\/2026\\\/02\\\/165.jpg\",\"datePublished\":\"2026-02-05T00:22:19+00:00\",\"dateModified\":\"2026-02-21T16:16:54+00:00\",\"description\":\"Nature\u2019S Way Alive Multivitamines \u00e0 croquer pour enfants Orange et baies 120\u00a0comprim\u00e9s \u00e0 croquer\",\"breadcrumb\":{\"@id\":\"https:\\\/\\\/vitablanca.ma\\\/produit\\\/natures-way-alive-multivitamines-a-croquer-pour-enfants-orange-et-baies-120-comprimes-a-croquer\\\/#breadcrumb\"},\"inLanguage\":\"en-US\",\"potentialAction\":[{\"@type\":\"ReadAction\",\"target\":[\"https:\\\/\\\/vitablanca.ma\\\/produit\\\/natures-way-alive-multivitamines-a-croquer-pour-enfants-orange-et-baies-120-comprimes-a-croquer\\\/\"]}]},{\"@type\":\"ImageObject\",\"inLanguage\":\"en-US\",\"@id\":\"https:\\\/\\\/vitablanca.ma\\\/produit\\\/natures-way-alive-multivitamines-a-croquer-pour-enfants-orange-et-baies-120-comprimes-a-croquer\\\/#primaryimage\",\"url\":\"https:\\\/\\\/vitablanca.ma\\\/wp-content\\\/uploads\\\/2026\\\/02\\\/165.jpg\",\"contentUrl\":\"https:\\\/\\\/vitablanca.ma\\\/wp-content\\\/uploads\\\/2026\\\/02\\\/165.jpg\",\"width\":1600,\"height\":1600},{\"@type\":\"BreadcrumbList\",\"@id\":\"https:\\\/\\\/vitablanca.ma\\\/produit\\\/natures-way-alive-multivitamines-a-croquer-pour-enfants-orange-et-baies-120-comprimes-a-croquer\\\/#breadcrumb\",\"itemListElement\":[{\"@type\":\"ListItem\",\"position\":1,\"name\":\"Home\",\"item\":\"https:\\\/\\\/vitablanca.ma\\\/\"},{\"@type\":\"ListItem\",\"position\":2,\"name\":\"Tous Les Produits\",\"item\":\"https:\\\/\\\/vitablanca.ma\\\/tous-les-produits\\\/\"},{\"@type\":\"ListItem\",\"position\":3,\"name\":\"Nature\u2019S Way Alive Multivitamines \u00e0 croquer pour enfants Orange et baies 120\u00a0comprim\u00e9s \u00e0 croquer\"}]},{\"@type\":\"WebSite\",\"@id\":\"https:\\\/\\\/vitablanca.ma\\\/#website\",\"url\":\"https:\\\/\\\/vitablanca.ma\\\/\",\"name\":\"VitaBlanca.ma | Compl\u00e9ments alimentaires, sant\u00e9 & beaut\u00e9 au Maroc\",\"description\":\"vendre vitamines et compl\u00e9ments premium des USA &amp; Canada, Nouvelle Z\u00e9lande,Maroc (NOW Foods, Solgar, Manuka). Livraison rapide partout au Maroc.\",\"publisher\":{\"@id\":\"https:\\\/\\\/vitablanca.ma\\\/#organization\"},\"alternateName\":\"VitaBlanca.ma\",\"potentialAction\":[{\"@type\":\"SearchAction\",\"target\":{\"@type\":\"EntryPoint\",\"urlTemplate\":\"https:\\\/\\\/vitablanca.ma\\\/?s={search_term_string}\"},\"query-input\":{\"@type\":\"PropertyValueSpecification\",\"valueRequired\":true,\"valueName\":\"search_term_string\"}}],\"inLanguage\":\"en-US\"},{\"@type\":\"Organization\",\"@id\":\"https:\\\/\\\/vitablanca.ma\\\/#organization\",\"name\":\"VitaBlanca\",\"url\":\"https:\\\/\\\/vitablanca.ma\\\/\",\"logo\":{\"@type\":\"ImageObject\",\"inLanguage\":\"en-US\",\"@id\":\"https:\\\/\\\/vitablanca.ma\\\/#\\\/schema\\\/logo\\\/image\\\/\",\"url\":\"https:\\\/\\\/vitablanca.ma\\\/wp-content\\\/uploads\\\/2025\\\/05\\\/cropped-vitablanca.png\",\"contentUrl\":\"https:\\\/\\\/vitablanca.ma\\\/wp-content\\\/uploads\\\/2025\\\/05\\\/cropped-vitablanca.png\",\"width\":360,\"height\":67,\"caption\":\"VitaBlanca\"},\"image\":{\"@id\":\"https:\\\/\\\/vitablanca.ma\\\/#\\\/schema\\\/logo\\\/image\\\/\"},\"sameAs\":[\"https:\\\/\\\/www.facebook.com\\\/profile.php?id=61576678196717\",\"https:\\\/\\\/www.tiktok.com\\\/@vitablanca.ma\",\"https:\\\/\\\/www.instagram.com\\\/vitablanca.ma\\\/\"]}]}<\/script>\n<!-- \/ Yoast SEO plugin. -->","yoast_head_json":{"title":"Nature\u2019S Way Alive Multivitamines \u00e0 croquer pour enfants Orange et baies 120\u00a0comprim\u00e9s \u00e0 croquer - Maroc Prix","description":"Nature\u2019S Way Alive Multivitamines \u00e0 croquer pour enfants Orange et baies 120\u00a0comprim\u00e9s \u00e0 croquer","robots":{"index":"index","follow":"follow","max-snippet":"max-snippet:-1","max-image-preview":"max-image-preview:large","max-video-preview":"max-video-preview:-1"},"canonical":"https:\/\/vitablanca.ma\/en\/product\/natures-way-alive-multivitamines-a-croquer-pour-enfants-orange-et-baies-120-comprimes-a-croquer\/","og_locale":"en_US","og_type":"article","og_title":"Nature\u2019S Way Alive Multivitamines \u00e0 croquer pour enfants Orange et baies 120\u00a0comprim\u00e9s \u00e0 croquer - Maroc Prix","og_description":"Nature\u2019S Way Alive Multivitamines \u00e0 croquer pour enfants Orange et baies 120\u00a0comprim\u00e9s \u00e0 croquer","og_url":"https:\/\/vitablanca.ma\/en\/product\/natures-way-alive-multivitamines-a-croquer-pour-enfants-orange-et-baies-120-comprimes-a-croquer\/","og_site_name":"Vitablanca.ma &ndash; Sant&eacute;, vitalit&eacute; et bien-&ecirc;tre pour tous les Marocains","article_publisher":"https:\/\/www.facebook.com\/profile.php?id=61576678196717","article_modified_time":"2026-02-21T16:16:54+00:00","og_image":[{"width":1600,"height":1600,"url":"https:\/\/vitablanca.ma\/wp-content\/uploads\/2026\/02\/165.jpg","type":"image\/jpeg"}],"twitter_card":"summary_large_image","twitter_misc":{"Est. reading time":"1 minute"},"schema":{"@context":"https:\/\/schema.org","@graph":[{"@type":["WebPage","ItemPage"],"@id":"https:\/\/vitablanca.ma\/produit\/natures-way-alive-multivitamines-a-croquer-pour-enfants-orange-et-baies-120-comprimes-a-croquer\/","url":"https:\/\/vitablanca.ma\/produit\/natures-way-alive-multivitamines-a-croquer-pour-enfants-orange-et-baies-120-comprimes-a-croquer\/","name":"Nature\u2019S Way Alive Multivitamines \u00e0 croquer pour enfants Orange et baies 120\u00a0comprim\u00e9s \u00e0 croquer - Maroc Prix","isPartOf":{"@id":"https:\/\/vitablanca.ma\/#website"},"primaryImageOfPage":{"@id":"https:\/\/vitablanca.ma\/produit\/natures-way-alive-multivitamines-a-croquer-pour-enfants-orange-et-baies-120-comprimes-a-croquer\/#primaryimage"},"image":{"@id":"https:\/\/vitablanca.ma\/produit\/natures-way-alive-multivitamines-a-croquer-pour-enfants-orange-et-baies-120-comprimes-a-croquer\/#primaryimage"},"thumbnailUrl":"https:\/\/vitablanca.ma\/wp-content\/uploads\/2026\/02\/165.jpg","datePublished":"2026-02-05T00:22:19+00:00","dateModified":"2026-02-21T16:16:54+00:00","description":"Nature\u2019S Way Alive Multivitamines \u00e0 croquer pour enfants Orange et baies 120\u00a0comprim\u00e9s \u00e0 croquer","breadcrumb":{"@id":"https:\/\/vitablanca.ma\/produit\/natures-way-alive-multivitamines-a-croquer-pour-enfants-orange-et-baies-120-comprimes-a-croquer\/#breadcrumb"},"inLanguage":"en-US","potentialAction":[{"@type":"ReadAction","target":["https:\/\/vitablanca.ma\/produit\/natures-way-alive-multivitamines-a-croquer-pour-enfants-orange-et-baies-120-comprimes-a-croquer\/"]}]},{"@type":"ImageObject","inLanguage":"en-US","@id":"https:\/\/vitablanca.ma\/produit\/natures-way-alive-multivitamines-a-croquer-pour-enfants-orange-et-baies-120-comprimes-a-croquer\/#primaryimage","url":"https:\/\/vitablanca.ma\/wp-content\/uploads\/2026\/02\/165.jpg","contentUrl":"https:\/\/vitablanca.ma\/wp-content\/uploads\/2026\/02\/165.jpg","width":1600,"height":1600},{"@type":"BreadcrumbList","@id":"https:\/\/vitablanca.ma\/produit\/natures-way-alive-multivitamines-a-croquer-pour-enfants-orange-et-baies-120-comprimes-a-croquer\/#breadcrumb","itemListElement":[{"@type":"ListItem","position":1,"name":"Home","item":"https:\/\/vitablanca.ma\/"},{"@type":"ListItem","position":2,"name":"Tous Les Produits","item":"https:\/\/vitablanca.ma\/tous-les-produits\/"},{"@type":"ListItem","position":3,"name":"Nature\u2019S Way Alive Multivitamines \u00e0 croquer pour enfants Orange et baies 120\u00a0comprim\u00e9s \u00e0 croquer"}]},{"@type":"WebSite","@id":"https:\/\/vitablanca.ma\/#website","url":"https:\/\/vitablanca.ma\/","name":"VitaBlanca.ma | Food supplements, health &amp; beauty in Morocco","description":"sell premium vitamins and supplements from USA &amp; Canada, New Zealand, Morocco (NOW Foods, Solgar, Manuka). Fast delivery anywhere in Morocco.","publisher":{"@id":"https:\/\/vitablanca.ma\/#organization"},"alternateName":"VitaBlanca.ma","potentialAction":[{"@type":"SearchAction","target":{"@type":"EntryPoint","urlTemplate":"https:\/\/vitablanca.ma\/?s={search_term_string}"},"query-input":{"@type":"PropertyValueSpecification","valueRequired":true,"valueName":"search_term_string"}}],"inLanguage":"en-US"},{"@type":"Organization","@id":"https:\/\/vitablanca.ma\/#organization","name":"VitaBlanca","url":"https:\/\/vitablanca.ma\/","logo":{"@type":"ImageObject","inLanguage":"en-US","@id":"https:\/\/vitablanca.ma\/#\/schema\/logo\/image\/","url":"https:\/\/vitablanca.ma\/wp-content\/uploads\/2025\/05\/cropped-vitablanca.png","contentUrl":"https:\/\/vitablanca.ma\/wp-content\/uploads\/2025\/05\/cropped-vitablanca.png","width":360,"height":67,"caption":"VitaBlanca"},"image":{"@id":"https:\/\/vitablanca.ma\/#\/schema\/logo\/image\/"},"sameAs":["https:\/\/www.facebook.com\/profile.php?id=61576678196717","https:\/\/www.tiktok.com\/@vitablanca.ma","https:\/\/www.instagram.com\/vitablanca.ma\/"]}]}},"jetpack_sharing_enabled":true,"_links":{"self":[{"href":"https:\/\/vitablanca.ma\/en\/wp-json\/wp\/v2\/product\/29235","targetHints":{"allow":["GET"]}}],"collection":[{"href":"https:\/\/vitablanca.ma\/en\/wp-json\/wp\/v2\/product"}],"about":[{"href":"https:\/\/vitablanca.ma\/en\/wp-json\/wp\/v2\/types\/product"}],"wp:featuredmedia":[{"embeddable":true,"href":"https:\/\/vitablanca.ma\/en\/wp-json\/wp\/v2\/media\/29315"}],"wp:attachment":[{"href":"https:\/\/vitablanca.ma\/en\/wp-json\/wp\/v2\/media?parent=29235"}],"wp:term":[{"taxonomy":"product_brand","embeddable":true,"href":"https:\/\/vitablanca.ma\/en\/wp-json\/wp\/v2\/product_brand?post=29235"},{"taxonomy":"product_cat","embeddable":true,"href":"https:\/\/vitablanca.ma\/en\/wp-json\/wp\/v2\/product_cat?post=29235"},{"taxonomy":"product_tag","embeddable":true,"href":"https:\/\/vitablanca.ma\/en\/wp-json\/wp\/v2\/product_tag?post=29235"}],"curies":[{"name":"wp","href":"https:\/\/api.w.org\/{rel}","templated":true}]}}