{"id":29219,"date":"2026-02-05T00:21:56","date_gmt":"2026-02-05T00:21:56","guid":{"rendered":"https:\/\/vitablanca.ma\/?post_type=product&#038;p=29219"},"modified":"2026-02-21T16:16:55","modified_gmt":"2026-02-21T16:16:55","slug":"force-factor-l-arginine-3000-mg-150-capsules-600-mg-piece-maroc-prix","status":"publish","type":"product","link":"https:\/\/vitablanca.ma\/en\/product\/force-factor-l-arginine-3000-mg-150-capsules-600-mg-piece-maroc-prix\/","title":{"rendered":"Force Factor L-arginine 3000\u00a0mg 150\u00a0capsules (600\u00a0mg pi\u00e8ce)"},"content":{"rendered":"<p>Fundamentals<br \/>\n3000\u00a0mg<br \/>\nAm\u00e9liore la circulation sanguine<br \/>\nSuperior absorption<br \/>\nPrincipaux ingr\u00e9dients d&rsquo;origine naturelle<br \/>\nFormule puissante \u00e0 action rapide<br \/>\nFood supplement<\/p>\n<p>Des ingr\u00e9dients auxquels vous pouvez faire confiance<\/p>\n<p>Sans colorants artificiels<br \/>\nSans ar\u00f4mes artificiels<br \/>\nSans g\u00e9latine<br \/>\nSugar free<br \/>\nSans \u00e9dulcorants artificiels<br \/>\nNo preservatives<\/p>\n<p>Tout tourne autour du NO<br \/>\nLa L-arginine est un acide amin\u00e9 puissant qui est produit naturellement dans le corps. Elle agit de mani\u00e8re \u00e0 produire du monoxyde d&rsquo;azote (NO). Cette \u201cmol\u00e9cule miracle\u201d aide \u00e0 d\u00e9tendre les vaisseaux sanguins (c&rsquo;est ce qu&rsquo;on appelle la vasodilatation) et \u00e0 am\u00e9liorer la circulation, ce qui renforce le flux sanguin.<br \/>\nLorsqu&rsquo;il est question des performances athl\u00e9tiques, une meilleure circulation sanguine est synonyme d&rsquo;une meilleure congestion lors de la lev\u00e9e de poids, et donc d&rsquo;une meilleure capacit\u00e9 \u00e0 d\u00e9velopper des muscles. Pour ce qui est des performances sexuelles, une meilleure circulation sanguine se traduit par davantage d&rsquo;excitation et de soutien, o\u00f9 et quand vous en avez le plus besoin.<br \/>\nChaque portion correspond \u00e0 une dose enti\u00e8rement justifi\u00e9e de 3000\u00a0mg de L-arginine associ\u00e9e \u00e0 de la BioPerine\u00ae et \u00e0 du s\u00e9l\u00e9nium pour favoriser une absorption optimale. Il ne fait aucun doute que vous obtenez la dose qui a scientifiquement prouv\u00e9 sa capacit\u00e9 \u00e0 produire des r\u00e9sultats puissants \u00e0 tous les coups.<br \/>\nLES ASSOCIATIONS FONDAMENTALES<br \/>\nToutes les formules Fundamentals de Force\u00a0Factor\u00ae ont \u00e9t\u00e9 con\u00e7ues pour \u00eatre associ\u00e9es les unes aux autres, ainsi qu&rsquo;avec tout autre compl\u00e9ment de notre gamme compl\u00e8te de produits nutritionnels de qualit\u00e9 sup\u00e9rieure.<br \/>\nUNLEASH YOUR POTENTIAL\u00ae<br \/>\nLes \u00e9l\u00e9ments fondamentaux d&rsquo;une sant\u00e9 et d&rsquo;un bien-\u00eatre sup\u00e9rieurs sont des ingr\u00e9dients qui offrent des avantages exceptionnels\u00a0; des compos\u00e9s puissants utilis\u00e9s seuls ou ensemble, capables de favoriser notre nutrition et de nous aider \u00e0 mener une vie plus gratifiante.<br \/>\nQu&rsquo;il s&rsquo;agisse de r\u00e9pondre \u00e0 un probl\u00e8me sp\u00e9cifique, de cibler un d\u00e9ficit particulier ou d&rsquo;amplifier un attribut existant, chaque formule Fundamentals de Force\u00a0Factor\u00ae a \u00e9t\u00e9 d\u00e9velopp\u00e9e en respectant les m\u00eames normes strictes et le m\u00eame seuil de validit\u00e9 scientifique que nos compl\u00e9ments de performance complets.<br \/>\nDes dosages justifi\u00e9s de composants essentiels sont associ\u00e9s \u00e0 la BioPerine\u00ae et au s\u00e9l\u00e9nium pour une absorption et une efficacit\u00e9 optimales. Ces combinaisons d&rsquo;ingr\u00e9dients cibl\u00e9es fonctionnent rapidement et de mani\u00e8re coh\u00e9rente pour produire des r\u00e9sultats puissants\u00a0: elles vous offrent exactement ce que vous voulez, en laissant de c\u00f4t\u00e9 ce que vous ne voulez pas.<br \/>\nChaque formule Fundamentals a \u00e9t\u00e9 con\u00e7ue dans un but pr\u00e9cis\u00a0: s&rsquo;associer \u00e0 la gamme compl\u00e8te de compl\u00e9ments premium de Force\u00a0Factor pour vous aider \u00e0 atteindre vos objectifs et \u00e0 lib\u00e9rer pleinement votre potentiel. Unleash Your Potential\u00ae\u00a0!<br \/>\nSuggested Use<br \/>\nPrendre 5 capsules une fois par jour avec un repas.<br \/>\nOther ingredients<br \/>\nHypromellose, maltodextrine, st\u00e9arate de magn\u00e9sium v\u00e9g\u00e9tal, dioxyde de silicium.<br \/>\n, \u0153ufs, soja, bl\u00e9, crustac\u00e9s, poissons, noix, arachides et s\u00e9same.<br \/>\nWarnings<br \/>\nTenir hors de port\u00e9e des enfants. Usage r\u00e9serv\u00e9 aux adultes.<br \/>\nUtiliser uniquement comme indiqu\u00e9. Consultez un professionnel de la sant\u00e9 avant d&rsquo;utiliser ce produit si vous \u00eates enceinte ou allaitez, avez un probl\u00e8me de sant\u00e9 ou prenez des m\u00e9dicaments sur ordonnance. Cesser l&rsquo;utilisation deux\u00a0semaines avant toute intervention chirurgicale. \u00c0 conserver dans un endroit frais et sec. Conserver \u00e0 l&rsquo;abri de la chaleur, de la lumi\u00e8re et de l&rsquo;humidit\u00e9.<\/p>","protected":false},"excerpt":{"rendered":"<p>Fundamentals 3000\u00a0mg Am\u00e9liore la circulation sanguine Absorption sup\u00e9rieure Principaux ingr\u00e9dients d&rsquo;origine naturelle Formule puissante \u00e0 action rapide Compl\u00e9ment alimentaire Des ingr\u00e9dients auxquels vous pouvez faire confiance Sans colorants artificiels Sans ar\u00f4mes artificiels Sans g\u00e9latine Sans sucre Sans \u00e9dulcorants artificiels Sans conservateurs Tout tourne autour du NO La L-arginine est un acide amin\u00e9 puissant qui est [&hellip;]<\/p>\n","protected":false},"featured_media":29298,"template":"","meta":{"om_disable_all_campaigns":false},"product_brand":[],"product_cat":[7980,18,3366],"product_tag":[],"class_list":{"0":"post-29219","1":"product","2":"type-product","3":"status-publish","4":"has-post-thumbnail","6":"product_cat-acides-amines-2","7":"product_cat-beaute-sante","8":"product_cat-complements-alimentaires-au-maroc-vitablanca","10":"first","11":"instock","12":"sale","13":"taxable","14":"shipping-taxable","15":"purchasable","16":"product-type-simple"},"yoast_head":"<!-- This site is optimized with the Yoast SEO plugin v27.3 - https:\/\/yoast.com\/product\/yoast-seo-wordpress\/ -->\n<title>Force Factor L-arginine 3000\u00a0mg 150\u00a0capsules (600\u00a0mg pi\u00e8ce) - Maroc Prix<\/title>\n<meta name=\"description\" content=\"Force Factor L-arginine 3000\u00a0mg 150\u00a0capsules (600\u00a0mg pi\u00e8ce)\" \/>\n<meta name=\"robots\" content=\"index, follow, max-snippet:-1, max-image-preview:large, max-video-preview:-1\" \/>\n<link rel=\"canonical\" href=\"https:\/\/vitablanca.ma\/en\/product\/force-factor-l-arginine-3000-mg-150-capsules-600-mg-piece-maroc-prix\/\" \/>\n<meta property=\"og:locale\" content=\"en_US\" \/>\n<meta property=\"og:type\" content=\"article\" \/>\n<meta property=\"og:title\" content=\"Force Factor L-arginine 3000\u00a0mg 150\u00a0capsules (600\u00a0mg pi\u00e8ce) - Maroc Prix\" \/>\n<meta property=\"og:description\" content=\"Force Factor L-arginine 3000\u00a0mg 150\u00a0capsules (600\u00a0mg pi\u00e8ce)\" \/>\n<meta property=\"og:url\" content=\"https:\/\/vitablanca.ma\/en\/product\/force-factor-l-arginine-3000-mg-150-capsules-600-mg-piece-maroc-prix\/\" \/>\n<meta property=\"og:site_name\" content=\"Vitablanca.ma &ndash; Sant&eacute;, vitalit&eacute; et bien-&ecirc;tre pour tous les Marocains\" \/>\n<meta property=\"article:publisher\" content=\"https:\/\/www.facebook.com\/profile.php?id=61576678196717\" \/>\n<meta property=\"article:modified_time\" content=\"2026-02-21T16:16:55+00:00\" \/>\n<meta property=\"og:image\" content=\"https:\/\/vitablanca.ma\/wp-content\/uploads\/2026\/02\/16-8.jpg\" \/>\n\t<meta property=\"og:image:width\" content=\"1600\" \/>\n\t<meta property=\"og:image:height\" content=\"1600\" \/>\n\t<meta property=\"og:image:type\" content=\"image\/jpeg\" \/>\n<meta name=\"twitter:card\" content=\"summary_large_image\" \/>\n<meta name=\"twitter:label1\" content=\"Est. reading time\" \/>\n\t<meta name=\"twitter:data1\" content=\"3 minutes\" \/>\n<script type=\"application\/ld+json\" class=\"yoast-schema-graph\">{\"@context\":\"https:\\\/\\\/schema.org\",\"@graph\":[{\"@type\":[\"WebPage\",\"ItemPage\"],\"@id\":\"https:\\\/\\\/vitablanca.ma\\\/produit\\\/force-factor-l-arginine-3000-mg-150-capsules-600-mg-piece-maroc-prix\\\/\",\"url\":\"https:\\\/\\\/vitablanca.ma\\\/produit\\\/force-factor-l-arginine-3000-mg-150-capsules-600-mg-piece-maroc-prix\\\/\",\"name\":\"Force Factor L-arginine 3000\u00a0mg 150\u00a0capsules (600\u00a0mg pi\u00e8ce) - Maroc Prix\",\"isPartOf\":{\"@id\":\"https:\\\/\\\/vitablanca.ma\\\/#website\"},\"primaryImageOfPage\":{\"@id\":\"https:\\\/\\\/vitablanca.ma\\\/produit\\\/force-factor-l-arginine-3000-mg-150-capsules-600-mg-piece-maroc-prix\\\/#primaryimage\"},\"image\":{\"@id\":\"https:\\\/\\\/vitablanca.ma\\\/produit\\\/force-factor-l-arginine-3000-mg-150-capsules-600-mg-piece-maroc-prix\\\/#primaryimage\"},\"thumbnailUrl\":\"https:\\\/\\\/vitablanca.ma\\\/wp-content\\\/uploads\\\/2026\\\/02\\\/16-8.jpg\",\"datePublished\":\"2026-02-05T00:21:56+00:00\",\"dateModified\":\"2026-02-21T16:16:55+00:00\",\"description\":\"Force Factor L-arginine 3000\u00a0mg 150\u00a0capsules (600\u00a0mg pi\u00e8ce)\",\"breadcrumb\":{\"@id\":\"https:\\\/\\\/vitablanca.ma\\\/produit\\\/force-factor-l-arginine-3000-mg-150-capsules-600-mg-piece-maroc-prix\\\/#breadcrumb\"},\"inLanguage\":\"en-US\",\"potentialAction\":[{\"@type\":\"ReadAction\",\"target\":[\"https:\\\/\\\/vitablanca.ma\\\/produit\\\/force-factor-l-arginine-3000-mg-150-capsules-600-mg-piece-maroc-prix\\\/\"]}]},{\"@type\":\"ImageObject\",\"inLanguage\":\"en-US\",\"@id\":\"https:\\\/\\\/vitablanca.ma\\\/produit\\\/force-factor-l-arginine-3000-mg-150-capsules-600-mg-piece-maroc-prix\\\/#primaryimage\",\"url\":\"https:\\\/\\\/vitablanca.ma\\\/wp-content\\\/uploads\\\/2026\\\/02\\\/16-8.jpg\",\"contentUrl\":\"https:\\\/\\\/vitablanca.ma\\\/wp-content\\\/uploads\\\/2026\\\/02\\\/16-8.jpg\",\"width\":1600,\"height\":1600},{\"@type\":\"BreadcrumbList\",\"@id\":\"https:\\\/\\\/vitablanca.ma\\\/produit\\\/force-factor-l-arginine-3000-mg-150-capsules-600-mg-piece-maroc-prix\\\/#breadcrumb\",\"itemListElement\":[{\"@type\":\"ListItem\",\"position\":1,\"name\":\"Home\",\"item\":\"https:\\\/\\\/vitablanca.ma\\\/\"},{\"@type\":\"ListItem\",\"position\":2,\"name\":\"Tous Les Produits\",\"item\":\"https:\\\/\\\/vitablanca.ma\\\/tous-les-produits\\\/\"},{\"@type\":\"ListItem\",\"position\":3,\"name\":\"Force Factor L-arginine 3000\u00a0mg 150\u00a0capsules (600\u00a0mg pi\u00e8ce)\"}]},{\"@type\":\"WebSite\",\"@id\":\"https:\\\/\\\/vitablanca.ma\\\/#website\",\"url\":\"https:\\\/\\\/vitablanca.ma\\\/\",\"name\":\"VitaBlanca.ma | Compl\u00e9ments alimentaires, sant\u00e9 & beaut\u00e9 au Maroc\",\"description\":\"vendre vitamines et compl\u00e9ments premium des USA &amp; Canada, Nouvelle Z\u00e9lande,Maroc (NOW Foods, Solgar, Manuka). Livraison rapide partout au Maroc.\",\"publisher\":{\"@id\":\"https:\\\/\\\/vitablanca.ma\\\/#organization\"},\"alternateName\":\"VitaBlanca.ma\",\"potentialAction\":[{\"@type\":\"SearchAction\",\"target\":{\"@type\":\"EntryPoint\",\"urlTemplate\":\"https:\\\/\\\/vitablanca.ma\\\/?s={search_term_string}\"},\"query-input\":{\"@type\":\"PropertyValueSpecification\",\"valueRequired\":true,\"valueName\":\"search_term_string\"}}],\"inLanguage\":\"en-US\"},{\"@type\":\"Organization\",\"@id\":\"https:\\\/\\\/vitablanca.ma\\\/#organization\",\"name\":\"VitaBlanca\",\"url\":\"https:\\\/\\\/vitablanca.ma\\\/\",\"logo\":{\"@type\":\"ImageObject\",\"inLanguage\":\"en-US\",\"@id\":\"https:\\\/\\\/vitablanca.ma\\\/#\\\/schema\\\/logo\\\/image\\\/\",\"url\":\"https:\\\/\\\/vitablanca.ma\\\/wp-content\\\/uploads\\\/2025\\\/05\\\/cropped-vitablanca.png\",\"contentUrl\":\"https:\\\/\\\/vitablanca.ma\\\/wp-content\\\/uploads\\\/2025\\\/05\\\/cropped-vitablanca.png\",\"width\":360,\"height\":67,\"caption\":\"VitaBlanca\"},\"image\":{\"@id\":\"https:\\\/\\\/vitablanca.ma\\\/#\\\/schema\\\/logo\\\/image\\\/\"},\"sameAs\":[\"https:\\\/\\\/www.facebook.com\\\/profile.php?id=61576678196717\",\"https:\\\/\\\/www.tiktok.com\\\/@vitablanca.ma\",\"https:\\\/\\\/www.instagram.com\\\/vitablanca.ma\\\/\"]}]}<\/script>\n<!-- \/ Yoast SEO plugin. -->","yoast_head_json":{"title":"Force Factor L-arginine 3000\u00a0mg 150\u00a0capsules (600\u00a0mg pi\u00e8ce) - Maroc Prix","description":"Force Factor L-arginine 3000\u00a0mg 150\u00a0capsules (600\u00a0mg pi\u00e8ce)","robots":{"index":"index","follow":"follow","max-snippet":"max-snippet:-1","max-image-preview":"max-image-preview:large","max-video-preview":"max-video-preview:-1"},"canonical":"https:\/\/vitablanca.ma\/en\/product\/force-factor-l-arginine-3000-mg-150-capsules-600-mg-piece-maroc-prix\/","og_locale":"en_US","og_type":"article","og_title":"Force Factor L-arginine 3000\u00a0mg 150\u00a0capsules (600\u00a0mg pi\u00e8ce) - Maroc Prix","og_description":"Force Factor L-arginine 3000\u00a0mg 150\u00a0capsules (600\u00a0mg pi\u00e8ce)","og_url":"https:\/\/vitablanca.ma\/en\/product\/force-factor-l-arginine-3000-mg-150-capsules-600-mg-piece-maroc-prix\/","og_site_name":"Vitablanca.ma &ndash; Sant&eacute;, vitalit&eacute; et bien-&ecirc;tre pour tous les Marocains","article_publisher":"https:\/\/www.facebook.com\/profile.php?id=61576678196717","article_modified_time":"2026-02-21T16:16:55+00:00","og_image":[{"width":1600,"height":1600,"url":"https:\/\/vitablanca.ma\/wp-content\/uploads\/2026\/02\/16-8.jpg","type":"image\/jpeg"}],"twitter_card":"summary_large_image","twitter_misc":{"Est. reading time":"3 minutes"},"schema":{"@context":"https:\/\/schema.org","@graph":[{"@type":["WebPage","ItemPage"],"@id":"https:\/\/vitablanca.ma\/produit\/force-factor-l-arginine-3000-mg-150-capsules-600-mg-piece-maroc-prix\/","url":"https:\/\/vitablanca.ma\/produit\/force-factor-l-arginine-3000-mg-150-capsules-600-mg-piece-maroc-prix\/","name":"Force Factor L-arginine 3000\u00a0mg 150\u00a0capsules (600\u00a0mg pi\u00e8ce) - Maroc Prix","isPartOf":{"@id":"https:\/\/vitablanca.ma\/#website"},"primaryImageOfPage":{"@id":"https:\/\/vitablanca.ma\/produit\/force-factor-l-arginine-3000-mg-150-capsules-600-mg-piece-maroc-prix\/#primaryimage"},"image":{"@id":"https:\/\/vitablanca.ma\/produit\/force-factor-l-arginine-3000-mg-150-capsules-600-mg-piece-maroc-prix\/#primaryimage"},"thumbnailUrl":"https:\/\/vitablanca.ma\/wp-content\/uploads\/2026\/02\/16-8.jpg","datePublished":"2026-02-05T00:21:56+00:00","dateModified":"2026-02-21T16:16:55+00:00","description":"Force Factor L-arginine 3000\u00a0mg 150\u00a0capsules (600\u00a0mg pi\u00e8ce)","breadcrumb":{"@id":"https:\/\/vitablanca.ma\/produit\/force-factor-l-arginine-3000-mg-150-capsules-600-mg-piece-maroc-prix\/#breadcrumb"},"inLanguage":"en-US","potentialAction":[{"@type":"ReadAction","target":["https:\/\/vitablanca.ma\/produit\/force-factor-l-arginine-3000-mg-150-capsules-600-mg-piece-maroc-prix\/"]}]},{"@type":"ImageObject","inLanguage":"en-US","@id":"https:\/\/vitablanca.ma\/produit\/force-factor-l-arginine-3000-mg-150-capsules-600-mg-piece-maroc-prix\/#primaryimage","url":"https:\/\/vitablanca.ma\/wp-content\/uploads\/2026\/02\/16-8.jpg","contentUrl":"https:\/\/vitablanca.ma\/wp-content\/uploads\/2026\/02\/16-8.jpg","width":1600,"height":1600},{"@type":"BreadcrumbList","@id":"https:\/\/vitablanca.ma\/produit\/force-factor-l-arginine-3000-mg-150-capsules-600-mg-piece-maroc-prix\/#breadcrumb","itemListElement":[{"@type":"ListItem","position":1,"name":"Home","item":"https:\/\/vitablanca.ma\/"},{"@type":"ListItem","position":2,"name":"Tous Les Produits","item":"https:\/\/vitablanca.ma\/tous-les-produits\/"},{"@type":"ListItem","position":3,"name":"Force Factor L-arginine 3000\u00a0mg 150\u00a0capsules (600\u00a0mg pi\u00e8ce)"}]},{"@type":"WebSite","@id":"https:\/\/vitablanca.ma\/#website","url":"https:\/\/vitablanca.ma\/","name":"VitaBlanca.ma | Food supplements, health &amp; beauty in Morocco","description":"sell premium vitamins and supplements from USA &amp; Canada, New Zealand, Morocco (NOW Foods, Solgar, Manuka). Fast delivery anywhere in Morocco.","publisher":{"@id":"https:\/\/vitablanca.ma\/#organization"},"alternateName":"VitaBlanca.ma","potentialAction":[{"@type":"SearchAction","target":{"@type":"EntryPoint","urlTemplate":"https:\/\/vitablanca.ma\/?s={search_term_string}"},"query-input":{"@type":"PropertyValueSpecification","valueRequired":true,"valueName":"search_term_string"}}],"inLanguage":"en-US"},{"@type":"Organization","@id":"https:\/\/vitablanca.ma\/#organization","name":"VitaBlanca","url":"https:\/\/vitablanca.ma\/","logo":{"@type":"ImageObject","inLanguage":"en-US","@id":"https:\/\/vitablanca.ma\/#\/schema\/logo\/image\/","url":"https:\/\/vitablanca.ma\/wp-content\/uploads\/2025\/05\/cropped-vitablanca.png","contentUrl":"https:\/\/vitablanca.ma\/wp-content\/uploads\/2025\/05\/cropped-vitablanca.png","width":360,"height":67,"caption":"VitaBlanca"},"image":{"@id":"https:\/\/vitablanca.ma\/#\/schema\/logo\/image\/"},"sameAs":["https:\/\/www.facebook.com\/profile.php?id=61576678196717","https:\/\/www.tiktok.com\/@vitablanca.ma","https:\/\/www.instagram.com\/vitablanca.ma\/"]}]}},"jetpack_sharing_enabled":true,"_links":{"self":[{"href":"https:\/\/vitablanca.ma\/en\/wp-json\/wp\/v2\/product\/29219","targetHints":{"allow":["GET"]}}],"collection":[{"href":"https:\/\/vitablanca.ma\/en\/wp-json\/wp\/v2\/product"}],"about":[{"href":"https:\/\/vitablanca.ma\/en\/wp-json\/wp\/v2\/types\/product"}],"wp:featuredmedia":[{"embeddable":true,"href":"https:\/\/vitablanca.ma\/en\/wp-json\/wp\/v2\/media\/29298"}],"wp:attachment":[{"href":"https:\/\/vitablanca.ma\/en\/wp-json\/wp\/v2\/media?parent=29219"}],"wp:term":[{"taxonomy":"product_brand","embeddable":true,"href":"https:\/\/vitablanca.ma\/en\/wp-json\/wp\/v2\/product_brand?post=29219"},{"taxonomy":"product_cat","embeddable":true,"href":"https:\/\/vitablanca.ma\/en\/wp-json\/wp\/v2\/product_cat?post=29219"},{"taxonomy":"product_tag","embeddable":true,"href":"https:\/\/vitablanca.ma\/en\/wp-json\/wp\/v2\/product_tag?post=29219"}],"curies":[{"name":"wp","href":"https:\/\/api.w.org\/{rel}","templated":true}]}}