{"id":29203,"date":"2026-02-05T00:21:31","date_gmt":"2026-02-05T00:21:31","guid":{"rendered":"https:\/\/vitablanca.ma\/?post_type=product&#038;p=29203"},"modified":"2026-02-21T16:16:55","modified_gmt":"2026-02-21T16:16:55","slug":"sixstar-amplificateur-de-testosterone-60-comprimes-capsules","status":"publish","type":"product","link":"https:\/\/vitablanca.ma\/en\/product\/sixstar-amplificateur-de-testosterone-60-comprimes-capsules\/","title":{"rendered":"Sixstar Amplificateur de testosterone 60\u00a0comprim\u00e9s-capsules"},"content":{"rendered":"<p>permet d&rsquo;augmenter la testost\u00e9rone active en seulement 7\u00a0jours\u00b9<br \/>\n385\u00a0mg d&rsquo;extrait de rhodiole par portion<br \/>\n100\u00a0mg de citrate de bore par portion<br \/>\nCompl\u00e9ment alimentaire<br \/>\nTest de pointe\u00a0: taux de cortisol\u00b2<br \/>\nAmplifie la production de testost\u00e9rone\u00b9<br \/>\nComplexe anticatabolique\u00b2<br \/>\nFavorise les performances \u00e0 l&rsquo;entra\u00eenement\u00b2<br \/>\nProduit cliniquement avanc\u00e9<br \/>\nThe\u00a0Athlete&rsquo;s\u00a0Choice\u2122<\/p>\n<p>Formul\u00e9 pour les athl\u00e8tes<br \/>\nL&rsquo;amplificateur de testost\u00e9rone de Six\u00a0Star\u00ae  est formul\u00e9 avec un ingr\u00e9dient cl\u00e9, dont la capacit\u00e9 \u00e0 augmenter la production de testost\u00e9rone de votre corps, tout en restant dans la plage normale, a \u00e9t\u00e9 d\u00e9montr\u00e9e dans une \u00e9tude clinique humaine. Il contient \u00e9galement un m\u00e9lange d&rsquo;ingr\u00e9dients \u00e9prouv\u00e9s pour favoriser les performances \u00e0 l&rsquo;entra\u00eenement en prot\u00e9geant contre la fatigue.<br \/>\nL&rsquo;amplificateur de testost\u00e9rone de Six\u00a0Star\u00ae est fabriqu\u00e9 selon les normes BPF actuelles, tel que requis pour tous les compl\u00e9ments alimentaires.<br \/>\nAugmente la testost\u00e9rone et les performances \u00e0 l&rsquo;entra\u00eenement<br \/>\n\u00b9\u00a0L&rsquo;Amplificateur de testost\u00e9rone de Six\u00a0Star\u00ae est formul\u00e9 avec une dose pr\u00e9cise de bore min\u00e9ral, dont la capacit\u00e9 \u00e0 augmenter la testost\u00e9rone active (libre) en seulement 7\u00a0jours a \u00e9t\u00e9 d\u00e9montr\u00e9e par la recherche clinique humaine.<br \/>\n\u00b2\u00a0L&rsquo;Amplificateur de testost\u00e9rone de Six\u00a0Star\u00ae est \u00e9galement con\u00e7u scientifiquement avec un m\u00e9lange unique d&rsquo;origine v\u00e9g\u00e9tale. Une \u00e9tude clinique de 7\u00a0semaines sur l&rsquo;homme a d\u00e9montr\u00e9 que ce m\u00e9lange aide \u00e0 maintenir le rapport maximal testost\u00e9rone\/cortisol apr\u00e8s un r\u00e9gime d&rsquo;entra\u00eenement intense. Le cortisol est une hormone lib\u00e9r\u00e9e \u00e0 cause du stress et responsable de la d\u00e9gradation du tissu musculaire. Des participants aux essais ont \u00e9galement am\u00e9lior\u00e9 leurs performances, comme cela a \u00e9t\u00e9 d\u00e9termin\u00e9 par un marqueur de capacit\u00e9 d&rsquo;entra\u00eenement.<br \/>\nUsage sugg\u00e9r\u00e9<br \/>\nPrenez 1\u00a0portion (2\u00a0comprim\u00e9s-capsules) 2\u00a0fois par jour avec un verre d&rsquo;eau. Ne prenez pas plus de 4\u00a0comprim\u00e9s-capsules par p\u00e9riode de 24\u00a0heures. Lisez l&rsquo;\u00e9tiquette dans son int\u00e9gralit\u00e9 avant utilisation et suivez les instructions fournies.<br \/>\nAutres ingr\u00e9dients<br \/>\nCellulose microcristalline, phosphate de calcium dihydrate, acide st\u00e9arique, croscarmellose sodique, enrobage (dioxyde de titane [CI 77891], poly\u00e9thyl\u00e8ne glycol, talc), crospovidone, dioxyde de silicium, st\u00e9arate de magn\u00e9sium.<br \/>\nProduit fabriqu\u00e9 dans un \u00e9tablissement qui traite \u00e9galement\u00a0: lait, bl\u00e9, \u0153ufs, poisson, arachides, crustac\u00e9s, fruits de mer, fruits \u00e0 coque, soja et s\u00e9same.<br \/>\nContient des ingr\u00e9dients g\u00e9n\u00e9tiquement modifi\u00e9s.<br \/>\nFabriqu\u00e9 aux \u00c9tats-Unis \u00e0 partir d&rsquo;ingr\u00e9dients internationaux.<br \/>\nAvertissements<br \/>\nUsage r\u00e9serv\u00e9 aux adultes. Ne pas utiliser si vous \u00eates enceinte ou allaitez. Consultez un m\u00e9decin si vous souffrez d&rsquo;une affection m\u00e9dicale ou avant d&rsquo;entamer tout r\u00e9gime ou programme sportif. Tenir hors de port\u00e9e des enfants.<br \/>\nNe convient pas pour le traitement d&rsquo;un taux de testost\u00e9rone faible ou de probl\u00e8mes sexuels.<br \/>\nNe pas utiliser si l&#8217;emballage a \u00e9t\u00e9 alt\u00e9r\u00e9. \u00c0 conserver dans un endroit frais et sec (entre 15 et 25\u00a0\u00b0C).<br \/>\n&nbsp;<\/p>\n","protected":false},"excerpt":{"rendered":"<p>permet d&rsquo;augmenter la testost\u00e9rone active en seulement 7\u00a0jours\u00b9 385\u00a0mg d&rsquo;extrait de rhodiole par portion 100\u00a0mg de citrate de bore par portion Compl\u00e9ment alimentaire Test de pointe\u00a0: taux de cortisol\u00b2 Amplifie la production de testost\u00e9rone\u00b9 Complexe anticatabolique\u00b2 Favorise les performances \u00e0 l&rsquo;entra\u00eenement\u00b2 Produit cliniquement avanc\u00e9 The\u00a0Athlete&rsquo;s\u00a0Choice\u2122 Formul\u00e9 pour les athl\u00e8tes L&rsquo;amplificateur de testost\u00e9rone de Six\u00a0Star\u00ae est [&hellip;]<\/p>\n","protected":false},"featured_media":29282,"template":"","meta":{"om_disable_all_campaigns":false},"product_brand":[],"product_cat":[18,3366,8038],"product_tag":[],"class_list":{"0":"post-29203","1":"product","2":"type-product","3":"status-publish","4":"has-post-thumbnail","6":"product_cat-beaute-sante","7":"product_cat-complements-alimentaires-au-maroc-vitablanca","8":"product_cat-sante-masculine","10":"first","11":"instock","12":"sale","13":"taxable","14":"shipping-taxable","15":"purchasable","16":"product-type-simple"},"yoast_head":"<!-- This site is optimized with the Yoast SEO plugin v27.3 - https:\/\/yoast.com\/product\/yoast-seo-wordpress\/ -->\n<title>Sixstar Amplificateur de testosterone 60\u00a0comprim\u00e9s-capsules - Maroc Prix<\/title>\n<meta name=\"description\" content=\"Sixstar Amplificateur de testosterone 60\u00a0comprim\u00e9s-capsules\" \/>\n<meta name=\"robots\" content=\"index, follow, max-snippet:-1, max-image-preview:large, max-video-preview:-1\" \/>\n<link rel=\"canonical\" href=\"https:\/\/vitablanca.ma\/en\/product\/sixstar-amplificateur-de-testosterone-60-comprimes-capsules\/\" \/>\n<meta property=\"og:locale\" content=\"en_US\" \/>\n<meta property=\"og:type\" content=\"article\" \/>\n<meta property=\"og:title\" content=\"Sixstar Amplificateur de testosterone 60\u00a0comprim\u00e9s-capsules - Maroc Prix\" \/>\n<meta property=\"og:description\" content=\"Sixstar Amplificateur de testosterone 60\u00a0comprim\u00e9s-capsules\" \/>\n<meta property=\"og:url\" content=\"https:\/\/vitablanca.ma\/en\/product\/sixstar-amplificateur-de-testosterone-60-comprimes-capsules\/\" \/>\n<meta property=\"og:site_name\" content=\"Vitablanca.ma &ndash; Sant&eacute;, vitalit&eacute; et bien-&ecirc;tre pour tous les Marocains\" \/>\n<meta property=\"article:publisher\" content=\"https:\/\/www.facebook.com\/profile.php?id=61576678196717\" \/>\n<meta property=\"article:modified_time\" content=\"2026-02-21T16:16:55+00:00\" \/>\n<meta property=\"og:image\" content=\"https:\/\/vitablanca.ma\/wp-content\/uploads\/2026\/02\/62-5-1.jpg\" \/>\n\t<meta property=\"og:image:width\" content=\"1600\" \/>\n\t<meta property=\"og:image:height\" content=\"1600\" \/>\n\t<meta property=\"og:image:type\" content=\"image\/jpeg\" \/>\n<meta name=\"twitter:card\" content=\"summary_large_image\" \/>\n<meta name=\"twitter:label1\" content=\"Est. reading time\" \/>\n\t<meta name=\"twitter:data1\" content=\"3 minutes\" \/>\n<script type=\"application\/ld+json\" class=\"yoast-schema-graph\">{\"@context\":\"https:\\\/\\\/schema.org\",\"@graph\":[{\"@type\":[\"WebPage\",\"ItemPage\"],\"@id\":\"https:\\\/\\\/vitablanca.ma\\\/produit\\\/sixstar-amplificateur-de-testosterone-60-comprimes-capsules\\\/\",\"url\":\"https:\\\/\\\/vitablanca.ma\\\/produit\\\/sixstar-amplificateur-de-testosterone-60-comprimes-capsules\\\/\",\"name\":\"Sixstar Amplificateur de testosterone 60\u00a0comprim\u00e9s-capsules - Maroc Prix\",\"isPartOf\":{\"@id\":\"https:\\\/\\\/vitablanca.ma\\\/#website\"},\"primaryImageOfPage\":{\"@id\":\"https:\\\/\\\/vitablanca.ma\\\/produit\\\/sixstar-amplificateur-de-testosterone-60-comprimes-capsules\\\/#primaryimage\"},\"image\":{\"@id\":\"https:\\\/\\\/vitablanca.ma\\\/produit\\\/sixstar-amplificateur-de-testosterone-60-comprimes-capsules\\\/#primaryimage\"},\"thumbnailUrl\":\"https:\\\/\\\/vitablanca.ma\\\/wp-content\\\/uploads\\\/2026\\\/02\\\/62-5-1.jpg\",\"datePublished\":\"2026-02-05T00:21:31+00:00\",\"dateModified\":\"2026-02-21T16:16:55+00:00\",\"description\":\"Sixstar Amplificateur de testosterone 60\u00a0comprim\u00e9s-capsules\",\"breadcrumb\":{\"@id\":\"https:\\\/\\\/vitablanca.ma\\\/produit\\\/sixstar-amplificateur-de-testosterone-60-comprimes-capsules\\\/#breadcrumb\"},\"inLanguage\":\"en-US\",\"potentialAction\":[{\"@type\":\"ReadAction\",\"target\":[\"https:\\\/\\\/vitablanca.ma\\\/produit\\\/sixstar-amplificateur-de-testosterone-60-comprimes-capsules\\\/\"]}]},{\"@type\":\"ImageObject\",\"inLanguage\":\"en-US\",\"@id\":\"https:\\\/\\\/vitablanca.ma\\\/produit\\\/sixstar-amplificateur-de-testosterone-60-comprimes-capsules\\\/#primaryimage\",\"url\":\"https:\\\/\\\/vitablanca.ma\\\/wp-content\\\/uploads\\\/2026\\\/02\\\/62-5-1.jpg\",\"contentUrl\":\"https:\\\/\\\/vitablanca.ma\\\/wp-content\\\/uploads\\\/2026\\\/02\\\/62-5-1.jpg\",\"width\":1600,\"height\":1600},{\"@type\":\"BreadcrumbList\",\"@id\":\"https:\\\/\\\/vitablanca.ma\\\/produit\\\/sixstar-amplificateur-de-testosterone-60-comprimes-capsules\\\/#breadcrumb\",\"itemListElement\":[{\"@type\":\"ListItem\",\"position\":1,\"name\":\"Home\",\"item\":\"https:\\\/\\\/vitablanca.ma\\\/\"},{\"@type\":\"ListItem\",\"position\":2,\"name\":\"Tous Les Produits\",\"item\":\"https:\\\/\\\/vitablanca.ma\\\/tous-les-produits\\\/\"},{\"@type\":\"ListItem\",\"position\":3,\"name\":\"Sixstar Amplificateur de testosterone 60\u00a0comprim\u00e9s-capsules\"}]},{\"@type\":\"WebSite\",\"@id\":\"https:\\\/\\\/vitablanca.ma\\\/#website\",\"url\":\"https:\\\/\\\/vitablanca.ma\\\/\",\"name\":\"VitaBlanca.ma | Compl\u00e9ments alimentaires, sant\u00e9 & beaut\u00e9 au Maroc\",\"description\":\"vendre vitamines et compl\u00e9ments premium des USA &amp; Canada, Nouvelle Z\u00e9lande,Maroc (NOW Foods, Solgar, Manuka). Livraison rapide partout au Maroc.\",\"publisher\":{\"@id\":\"https:\\\/\\\/vitablanca.ma\\\/#organization\"},\"alternateName\":\"VitaBlanca.ma\",\"potentialAction\":[{\"@type\":\"SearchAction\",\"target\":{\"@type\":\"EntryPoint\",\"urlTemplate\":\"https:\\\/\\\/vitablanca.ma\\\/?s={search_term_string}\"},\"query-input\":{\"@type\":\"PropertyValueSpecification\",\"valueRequired\":true,\"valueName\":\"search_term_string\"}}],\"inLanguage\":\"en-US\"},{\"@type\":\"Organization\",\"@id\":\"https:\\\/\\\/vitablanca.ma\\\/#organization\",\"name\":\"VitaBlanca\",\"url\":\"https:\\\/\\\/vitablanca.ma\\\/\",\"logo\":{\"@type\":\"ImageObject\",\"inLanguage\":\"en-US\",\"@id\":\"https:\\\/\\\/vitablanca.ma\\\/#\\\/schema\\\/logo\\\/image\\\/\",\"url\":\"https:\\\/\\\/vitablanca.ma\\\/wp-content\\\/uploads\\\/2025\\\/05\\\/cropped-vitablanca.png\",\"contentUrl\":\"https:\\\/\\\/vitablanca.ma\\\/wp-content\\\/uploads\\\/2025\\\/05\\\/cropped-vitablanca.png\",\"width\":360,\"height\":67,\"caption\":\"VitaBlanca\"},\"image\":{\"@id\":\"https:\\\/\\\/vitablanca.ma\\\/#\\\/schema\\\/logo\\\/image\\\/\"},\"sameAs\":[\"https:\\\/\\\/www.facebook.com\\\/profile.php?id=61576678196717\",\"https:\\\/\\\/www.tiktok.com\\\/@vitablanca.ma\",\"https:\\\/\\\/www.instagram.com\\\/vitablanca.ma\\\/\"]}]}<\/script>\n<!-- \/ Yoast SEO plugin. -->","yoast_head_json":{"title":"Sixstar Amplificateur de testosterone 60\u00a0comprim\u00e9s-capsules - Maroc Prix","description":"Sixstar Amplificateur de testosterone 60\u00a0comprim\u00e9s-capsules","robots":{"index":"index","follow":"follow","max-snippet":"max-snippet:-1","max-image-preview":"max-image-preview:large","max-video-preview":"max-video-preview:-1"},"canonical":"https:\/\/vitablanca.ma\/en\/product\/sixstar-amplificateur-de-testosterone-60-comprimes-capsules\/","og_locale":"en_US","og_type":"article","og_title":"Sixstar Amplificateur de testosterone 60\u00a0comprim\u00e9s-capsules - Maroc Prix","og_description":"Sixstar Amplificateur de testosterone 60\u00a0comprim\u00e9s-capsules","og_url":"https:\/\/vitablanca.ma\/en\/product\/sixstar-amplificateur-de-testosterone-60-comprimes-capsules\/","og_site_name":"Vitablanca.ma &ndash; Sant&eacute;, vitalit&eacute; et bien-&ecirc;tre pour tous les Marocains","article_publisher":"https:\/\/www.facebook.com\/profile.php?id=61576678196717","article_modified_time":"2026-02-21T16:16:55+00:00","og_image":[{"width":1600,"height":1600,"url":"https:\/\/vitablanca.ma\/wp-content\/uploads\/2026\/02\/62-5-1.jpg","type":"image\/jpeg"}],"twitter_card":"summary_large_image","twitter_misc":{"Est. reading time":"3 minutes"},"schema":{"@context":"https:\/\/schema.org","@graph":[{"@type":["WebPage","ItemPage"],"@id":"https:\/\/vitablanca.ma\/produit\/sixstar-amplificateur-de-testosterone-60-comprimes-capsules\/","url":"https:\/\/vitablanca.ma\/produit\/sixstar-amplificateur-de-testosterone-60-comprimes-capsules\/","name":"Sixstar Amplificateur de testosterone 60\u00a0comprim\u00e9s-capsules - Maroc Prix","isPartOf":{"@id":"https:\/\/vitablanca.ma\/#website"},"primaryImageOfPage":{"@id":"https:\/\/vitablanca.ma\/produit\/sixstar-amplificateur-de-testosterone-60-comprimes-capsules\/#primaryimage"},"image":{"@id":"https:\/\/vitablanca.ma\/produit\/sixstar-amplificateur-de-testosterone-60-comprimes-capsules\/#primaryimage"},"thumbnailUrl":"https:\/\/vitablanca.ma\/wp-content\/uploads\/2026\/02\/62-5-1.jpg","datePublished":"2026-02-05T00:21:31+00:00","dateModified":"2026-02-21T16:16:55+00:00","description":"Sixstar Amplificateur de testosterone 60\u00a0comprim\u00e9s-capsules","breadcrumb":{"@id":"https:\/\/vitablanca.ma\/produit\/sixstar-amplificateur-de-testosterone-60-comprimes-capsules\/#breadcrumb"},"inLanguage":"en-US","potentialAction":[{"@type":"ReadAction","target":["https:\/\/vitablanca.ma\/produit\/sixstar-amplificateur-de-testosterone-60-comprimes-capsules\/"]}]},{"@type":"ImageObject","inLanguage":"en-US","@id":"https:\/\/vitablanca.ma\/produit\/sixstar-amplificateur-de-testosterone-60-comprimes-capsules\/#primaryimage","url":"https:\/\/vitablanca.ma\/wp-content\/uploads\/2026\/02\/62-5-1.jpg","contentUrl":"https:\/\/vitablanca.ma\/wp-content\/uploads\/2026\/02\/62-5-1.jpg","width":1600,"height":1600},{"@type":"BreadcrumbList","@id":"https:\/\/vitablanca.ma\/produit\/sixstar-amplificateur-de-testosterone-60-comprimes-capsules\/#breadcrumb","itemListElement":[{"@type":"ListItem","position":1,"name":"Home","item":"https:\/\/vitablanca.ma\/"},{"@type":"ListItem","position":2,"name":"Tous Les Produits","item":"https:\/\/vitablanca.ma\/tous-les-produits\/"},{"@type":"ListItem","position":3,"name":"Sixstar Amplificateur de testosterone 60\u00a0comprim\u00e9s-capsules"}]},{"@type":"WebSite","@id":"https:\/\/vitablanca.ma\/#website","url":"https:\/\/vitablanca.ma\/","name":"VitaBlanca.ma | Food supplements, health &amp; beauty in Morocco","description":"sell premium vitamins and supplements from USA &amp; Canada, New Zealand, Morocco (NOW Foods, Solgar, Manuka). Fast delivery anywhere in Morocco.","publisher":{"@id":"https:\/\/vitablanca.ma\/#organization"},"alternateName":"VitaBlanca.ma","potentialAction":[{"@type":"SearchAction","target":{"@type":"EntryPoint","urlTemplate":"https:\/\/vitablanca.ma\/?s={search_term_string}"},"query-input":{"@type":"PropertyValueSpecification","valueRequired":true,"valueName":"search_term_string"}}],"inLanguage":"en-US"},{"@type":"Organization","@id":"https:\/\/vitablanca.ma\/#organization","name":"VitaBlanca","url":"https:\/\/vitablanca.ma\/","logo":{"@type":"ImageObject","inLanguage":"en-US","@id":"https:\/\/vitablanca.ma\/#\/schema\/logo\/image\/","url":"https:\/\/vitablanca.ma\/wp-content\/uploads\/2025\/05\/cropped-vitablanca.png","contentUrl":"https:\/\/vitablanca.ma\/wp-content\/uploads\/2025\/05\/cropped-vitablanca.png","width":360,"height":67,"caption":"VitaBlanca"},"image":{"@id":"https:\/\/vitablanca.ma\/#\/schema\/logo\/image\/"},"sameAs":["https:\/\/www.facebook.com\/profile.php?id=61576678196717","https:\/\/www.tiktok.com\/@vitablanca.ma","https:\/\/www.instagram.com\/vitablanca.ma\/"]}]}},"jetpack_sharing_enabled":true,"_links":{"self":[{"href":"https:\/\/vitablanca.ma\/en\/wp-json\/wp\/v2\/product\/29203","targetHints":{"allow":["GET"]}}],"collection":[{"href":"https:\/\/vitablanca.ma\/en\/wp-json\/wp\/v2\/product"}],"about":[{"href":"https:\/\/vitablanca.ma\/en\/wp-json\/wp\/v2\/types\/product"}],"wp:featuredmedia":[{"embeddable":true,"href":"https:\/\/vitablanca.ma\/en\/wp-json\/wp\/v2\/media\/29282"}],"wp:attachment":[{"href":"https:\/\/vitablanca.ma\/en\/wp-json\/wp\/v2\/media?parent=29203"}],"wp:term":[{"taxonomy":"product_brand","embeddable":true,"href":"https:\/\/vitablanca.ma\/en\/wp-json\/wp\/v2\/product_brand?post=29203"},{"taxonomy":"product_cat","embeddable":true,"href":"https:\/\/vitablanca.ma\/en\/wp-json\/wp\/v2\/product_cat?post=29203"},{"taxonomy":"product_tag","embeddable":true,"href":"https:\/\/vitablanca.ma\/en\/wp-json\/wp\/v2\/product_tag?post=29203"}],"curies":[{"name":"wp","href":"https:\/\/api.w.org\/{rel}","templated":true}]}}