{"id":29191,"date":"2026-02-05T00:21:03","date_gmt":"2026-02-05T00:21:03","guid":{"rendered":"https:\/\/vitablanca.ma\/?post_type=product&#038;p=29191"},"modified":"2026-02-05T17:49:56","modified_gmt":"2026-02-05T17:49:56","slug":"nutricost-extrait-de-racine-ashwagandha-600-mg-120-capsules-maroc-prix","status":"publish","type":"product","link":"https:\/\/vitablanca.ma\/en\/product\/nutricost-extrait-de-racine-ashwagandha-600-mg-120-capsules-maroc-prix\/","title":{"rendered":"Nutricost Extrait de racine ashwagandha 600\u00a0mg 120\u00a0capsules"},"content":{"rendered":"<p>Food supplement<br \/>\nNutricost\u00ae \u2013 Qualit\u00e9 garantie<br \/>\nVegetarian product<br \/>\n\u00c9tablissement respectant les BPF<br \/>\nProduit sans OGM<br \/>\nTest\u00e9 par un organisme ind\u00e9pendant<br \/>\nGluten free<\/p>\n<p>L\u2019ashwagandha est une plante m\u00e9dicinale ancienne utilis\u00e9e pour soulager le stress, stimuler l\u2019\u00e9nergie et faciliter la concentration. La plante ashwagandha a des fleurs jaunes. Elle est originaire d\u2019Inde et d\u2019Asie du Sud-Est, o\u00f9 elle poss\u00e8de une histoire m\u00e9dicinale qui remonte \u00e0 plus de 3000 ans. Les moines Hindous consid\u00e9raient l\u2019ashwagandha comme une plante polyvalente capable d\u2019agir comme un tonique pour la sant\u00e9, un activateur de force et un booster de libido.<br \/>\nSuggested Use<br \/>\nEn tant que compl\u00e9ment alimentaire, prenez 1\u00a0capsule par jour avec 240 \u00e0 300\u00a0ml d\u2019eau ou suivez les instructions de votre professionnel de la sant\u00e9.<br \/>\nOther ingredients<br \/>\nCapsule d\u2019hypromellose (cellulose), st\u00e9arate de magn\u00e9sium (d\u2019origine v\u00e9g\u00e9tale).<br \/>\nFabrication aux \u00c9tats-Unis et qualit\u00e9 test\u00e9e aux \u00c9tats-Unis avec des ingr\u00e9dients provenant du monde entier.<br \/>\nWarnings<br \/>\nPour les personnes en bonne sant\u00e9 de 18\u00a0ans et plus. Si vous \u00eates enceinte, allaitez, prenez des m\u00e9dicaments ou souffrez d\u2019une affection m\u00e9dicale, consultez un professionnel de la sant\u00e9 avant d\u2019utiliser ce produit. Tenir hors de port\u00e9e des enfants. Ne pas utiliser si l\u2019opercule de protection est perc\u00e9 ou manquant.<br \/>\n\u00c0 conserver dans un endroit frais et sec.<\/p>","protected":false},"excerpt":{"rendered":"<p>Compl\u00e9ment alimentaire Nutricost\u00ae \u2013 Qualit\u00e9 garantie Produit v\u00e9g\u00e9tarien \u00c9tablissement respectant les BPF Produit sans OGM Test\u00e9 par un organisme ind\u00e9pendant Sans gluten L\u2019ashwagandha est une plante m\u00e9dicinale ancienne utilis\u00e9e pour soulager le stress, stimuler l\u2019\u00e9nergie et faciliter la concentration. La plante ashwagandha a des fleurs jaunes. Elle est originaire d\u2019Inde et d\u2019Asie du Sud-Est, o\u00f9 [&hellip;]<\/p>\n","protected":false},"featured_media":29276,"template":"","meta":{"om_disable_all_campaigns":false},"product_brand":[3310],"product_cat":[7967],"product_tag":[],"class_list":{"0":"post-29191","1":"product","2":"type-product","3":"status-publish","4":"has-post-thumbnail","6":"product_brand-nutricost-maroc-prix","7":"product_cat-herbs","9":"first","10":"instock","11":"sale","12":"taxable","13":"shipping-taxable","14":"purchasable","15":"product-type-simple"},"yoast_head":"<!-- This site is optimized with the Yoast SEO plugin v27.3 - https:\/\/yoast.com\/product\/yoast-seo-wordpress\/ -->\n<title>Nutricost Extrait de racine ashwagandha 600\u00a0mg 120\u00a0capsules - Maroc Prix<\/title>\n<meta name=\"description\" content=\"Nutricost Extrait de racine ashwagandha 600\u00a0mg 120\u00a0capsules\" \/>\n<meta name=\"robots\" content=\"index, follow, max-snippet:-1, max-image-preview:large, max-video-preview:-1\" \/>\n<link rel=\"canonical\" href=\"https:\/\/vitablanca.ma\/en\/product\/nutricost-extrait-de-racine-ashwagandha-600-mg-120-capsules-maroc-prix\/\" \/>\n<meta property=\"og:locale\" content=\"en_US\" \/>\n<meta property=\"og:type\" content=\"article\" \/>\n<meta property=\"og:title\" content=\"Nutricost Extrait de racine ashwagandha 600\u00a0mg 120\u00a0capsules - Maroc Prix\" \/>\n<meta property=\"og:description\" content=\"Nutricost Extrait de racine ashwagandha 600\u00a0mg 120\u00a0capsules\" \/>\n<meta property=\"og:url\" content=\"https:\/\/vitablanca.ma\/en\/product\/nutricost-extrait-de-racine-ashwagandha-600-mg-120-capsules-maroc-prix\/\" \/>\n<meta property=\"og:site_name\" content=\"Vitablanca.ma &ndash; Sant&eacute;, vitalit&eacute; et bien-&ecirc;tre pour tous les Marocains\" \/>\n<meta property=\"article:publisher\" content=\"https:\/\/www.facebook.com\/profile.php?id=61576678196717\" \/>\n<meta property=\"article:modified_time\" content=\"2026-02-05T17:49:56+00:00\" \/>\n<meta property=\"og:image\" content=\"https:\/\/vitablanca.ma\/wp-content\/uploads\/2026\/02\/8-7.jpg\" \/>\n\t<meta property=\"og:image:width\" content=\"1600\" \/>\n\t<meta property=\"og:image:height\" content=\"1600\" \/>\n\t<meta property=\"og:image:type\" content=\"image\/jpeg\" \/>\n<meta name=\"twitter:card\" content=\"summary_large_image\" \/>\n<meta name=\"twitter:label1\" content=\"Est. reading time\" \/>\n\t<meta name=\"twitter:data1\" content=\"2 minutes\" \/>\n<script type=\"application\/ld+json\" class=\"yoast-schema-graph\">{\"@context\":\"https:\\\/\\\/schema.org\",\"@graph\":[{\"@type\":[\"WebPage\",\"ItemPage\"],\"@id\":\"https:\\\/\\\/vitablanca.ma\\\/produit\\\/nutricost-extrait-de-racine-ashwagandha-600-mg-120-capsules-maroc-prix\\\/\",\"url\":\"https:\\\/\\\/vitablanca.ma\\\/produit\\\/nutricost-extrait-de-racine-ashwagandha-600-mg-120-capsules-maroc-prix\\\/\",\"name\":\"Nutricost Extrait de racine ashwagandha 600\u00a0mg 120\u00a0capsules - Maroc Prix\",\"isPartOf\":{\"@id\":\"https:\\\/\\\/vitablanca.ma\\\/#website\"},\"primaryImageOfPage\":{\"@id\":\"https:\\\/\\\/vitablanca.ma\\\/produit\\\/nutricost-extrait-de-racine-ashwagandha-600-mg-120-capsules-maroc-prix\\\/#primaryimage\"},\"image\":{\"@id\":\"https:\\\/\\\/vitablanca.ma\\\/produit\\\/nutricost-extrait-de-racine-ashwagandha-600-mg-120-capsules-maroc-prix\\\/#primaryimage\"},\"thumbnailUrl\":\"https:\\\/\\\/vitablanca.ma\\\/wp-content\\\/uploads\\\/2026\\\/02\\\/8-7.jpg\",\"datePublished\":\"2026-02-05T00:21:03+00:00\",\"dateModified\":\"2026-02-05T17:49:56+00:00\",\"description\":\"Nutricost Extrait de racine ashwagandha 600\u00a0mg 120\u00a0capsules\",\"breadcrumb\":{\"@id\":\"https:\\\/\\\/vitablanca.ma\\\/produit\\\/nutricost-extrait-de-racine-ashwagandha-600-mg-120-capsules-maroc-prix\\\/#breadcrumb\"},\"inLanguage\":\"en-US\",\"potentialAction\":[{\"@type\":\"ReadAction\",\"target\":[\"https:\\\/\\\/vitablanca.ma\\\/produit\\\/nutricost-extrait-de-racine-ashwagandha-600-mg-120-capsules-maroc-prix\\\/\"]}]},{\"@type\":\"ImageObject\",\"inLanguage\":\"en-US\",\"@id\":\"https:\\\/\\\/vitablanca.ma\\\/produit\\\/nutricost-extrait-de-racine-ashwagandha-600-mg-120-capsules-maroc-prix\\\/#primaryimage\",\"url\":\"https:\\\/\\\/vitablanca.ma\\\/wp-content\\\/uploads\\\/2026\\\/02\\\/8-7.jpg\",\"contentUrl\":\"https:\\\/\\\/vitablanca.ma\\\/wp-content\\\/uploads\\\/2026\\\/02\\\/8-7.jpg\",\"width\":1600,\"height\":1600},{\"@type\":\"BreadcrumbList\",\"@id\":\"https:\\\/\\\/vitablanca.ma\\\/produit\\\/nutricost-extrait-de-racine-ashwagandha-600-mg-120-capsules-maroc-prix\\\/#breadcrumb\",\"itemListElement\":[{\"@type\":\"ListItem\",\"position\":1,\"name\":\"Home\",\"item\":\"https:\\\/\\\/vitablanca.ma\\\/\"},{\"@type\":\"ListItem\",\"position\":2,\"name\":\"Tous Les Produits\",\"item\":\"https:\\\/\\\/vitablanca.ma\\\/tous-les-produits\\\/\"},{\"@type\":\"ListItem\",\"position\":3,\"name\":\"Nutricost Extrait de racine ashwagandha 600\u00a0mg 120\u00a0capsules\"}]},{\"@type\":\"WebSite\",\"@id\":\"https:\\\/\\\/vitablanca.ma\\\/#website\",\"url\":\"https:\\\/\\\/vitablanca.ma\\\/\",\"name\":\"VitaBlanca.ma | Compl\u00e9ments alimentaires, sant\u00e9 & beaut\u00e9 au Maroc\",\"description\":\"vendre vitamines et compl\u00e9ments premium des USA &amp; Canada, Nouvelle Z\u00e9lande,Maroc (NOW Foods, Solgar, Manuka). Livraison rapide partout au Maroc.\",\"publisher\":{\"@id\":\"https:\\\/\\\/vitablanca.ma\\\/#organization\"},\"alternateName\":\"VitaBlanca.ma\",\"potentialAction\":[{\"@type\":\"SearchAction\",\"target\":{\"@type\":\"EntryPoint\",\"urlTemplate\":\"https:\\\/\\\/vitablanca.ma\\\/?s={search_term_string}\"},\"query-input\":{\"@type\":\"PropertyValueSpecification\",\"valueRequired\":true,\"valueName\":\"search_term_string\"}}],\"inLanguage\":\"en-US\"},{\"@type\":\"Organization\",\"@id\":\"https:\\\/\\\/vitablanca.ma\\\/#organization\",\"name\":\"VitaBlanca\",\"url\":\"https:\\\/\\\/vitablanca.ma\\\/\",\"logo\":{\"@type\":\"ImageObject\",\"inLanguage\":\"en-US\",\"@id\":\"https:\\\/\\\/vitablanca.ma\\\/#\\\/schema\\\/logo\\\/image\\\/\",\"url\":\"https:\\\/\\\/vitablanca.ma\\\/wp-content\\\/uploads\\\/2025\\\/05\\\/cropped-vitablanca.png\",\"contentUrl\":\"https:\\\/\\\/vitablanca.ma\\\/wp-content\\\/uploads\\\/2025\\\/05\\\/cropped-vitablanca.png\",\"width\":360,\"height\":67,\"caption\":\"VitaBlanca\"},\"image\":{\"@id\":\"https:\\\/\\\/vitablanca.ma\\\/#\\\/schema\\\/logo\\\/image\\\/\"},\"sameAs\":[\"https:\\\/\\\/www.facebook.com\\\/profile.php?id=61576678196717\",\"https:\\\/\\\/www.tiktok.com\\\/@vitablanca.ma\",\"https:\\\/\\\/www.instagram.com\\\/vitablanca.ma\\\/\"]}]}<\/script>\n<!-- \/ Yoast SEO plugin. -->","yoast_head_json":{"title":"Nutricost Extrait de racine ashwagandha 600\u00a0mg 120\u00a0capsules - Maroc Prix","description":"Nutricost Extrait de racine ashwagandha 600\u00a0mg 120\u00a0capsules","robots":{"index":"index","follow":"follow","max-snippet":"max-snippet:-1","max-image-preview":"max-image-preview:large","max-video-preview":"max-video-preview:-1"},"canonical":"https:\/\/vitablanca.ma\/en\/product\/nutricost-extrait-de-racine-ashwagandha-600-mg-120-capsules-maroc-prix\/","og_locale":"en_US","og_type":"article","og_title":"Nutricost Extrait de racine ashwagandha 600\u00a0mg 120\u00a0capsules - Maroc Prix","og_description":"Nutricost Extrait de racine ashwagandha 600\u00a0mg 120\u00a0capsules","og_url":"https:\/\/vitablanca.ma\/en\/product\/nutricost-extrait-de-racine-ashwagandha-600-mg-120-capsules-maroc-prix\/","og_site_name":"Vitablanca.ma &ndash; Sant&eacute;, vitalit&eacute; et bien-&ecirc;tre pour tous les Marocains","article_publisher":"https:\/\/www.facebook.com\/profile.php?id=61576678196717","article_modified_time":"2026-02-05T17:49:56+00:00","og_image":[{"width":1600,"height":1600,"url":"https:\/\/vitablanca.ma\/wp-content\/uploads\/2026\/02\/8-7.jpg","type":"image\/jpeg"}],"twitter_card":"summary_large_image","twitter_misc":{"Est. reading time":"2 minutes"},"schema":{"@context":"https:\/\/schema.org","@graph":[{"@type":["WebPage","ItemPage"],"@id":"https:\/\/vitablanca.ma\/produit\/nutricost-extrait-de-racine-ashwagandha-600-mg-120-capsules-maroc-prix\/","url":"https:\/\/vitablanca.ma\/produit\/nutricost-extrait-de-racine-ashwagandha-600-mg-120-capsules-maroc-prix\/","name":"Nutricost Extrait de racine ashwagandha 600\u00a0mg 120\u00a0capsules - Maroc Prix","isPartOf":{"@id":"https:\/\/vitablanca.ma\/#website"},"primaryImageOfPage":{"@id":"https:\/\/vitablanca.ma\/produit\/nutricost-extrait-de-racine-ashwagandha-600-mg-120-capsules-maroc-prix\/#primaryimage"},"image":{"@id":"https:\/\/vitablanca.ma\/produit\/nutricost-extrait-de-racine-ashwagandha-600-mg-120-capsules-maroc-prix\/#primaryimage"},"thumbnailUrl":"https:\/\/vitablanca.ma\/wp-content\/uploads\/2026\/02\/8-7.jpg","datePublished":"2026-02-05T00:21:03+00:00","dateModified":"2026-02-05T17:49:56+00:00","description":"Nutricost Extrait de racine ashwagandha 600\u00a0mg 120\u00a0capsules","breadcrumb":{"@id":"https:\/\/vitablanca.ma\/produit\/nutricost-extrait-de-racine-ashwagandha-600-mg-120-capsules-maroc-prix\/#breadcrumb"},"inLanguage":"en-US","potentialAction":[{"@type":"ReadAction","target":["https:\/\/vitablanca.ma\/produit\/nutricost-extrait-de-racine-ashwagandha-600-mg-120-capsules-maroc-prix\/"]}]},{"@type":"ImageObject","inLanguage":"en-US","@id":"https:\/\/vitablanca.ma\/produit\/nutricost-extrait-de-racine-ashwagandha-600-mg-120-capsules-maroc-prix\/#primaryimage","url":"https:\/\/vitablanca.ma\/wp-content\/uploads\/2026\/02\/8-7.jpg","contentUrl":"https:\/\/vitablanca.ma\/wp-content\/uploads\/2026\/02\/8-7.jpg","width":1600,"height":1600},{"@type":"BreadcrumbList","@id":"https:\/\/vitablanca.ma\/produit\/nutricost-extrait-de-racine-ashwagandha-600-mg-120-capsules-maroc-prix\/#breadcrumb","itemListElement":[{"@type":"ListItem","position":1,"name":"Home","item":"https:\/\/vitablanca.ma\/"},{"@type":"ListItem","position":2,"name":"Tous Les Produits","item":"https:\/\/vitablanca.ma\/tous-les-produits\/"},{"@type":"ListItem","position":3,"name":"Nutricost Extrait de racine ashwagandha 600\u00a0mg 120\u00a0capsules"}]},{"@type":"WebSite","@id":"https:\/\/vitablanca.ma\/#website","url":"https:\/\/vitablanca.ma\/","name":"VitaBlanca.ma | Food supplements, health &amp; beauty in Morocco","description":"sell premium vitamins and supplements from USA &amp; Canada, New Zealand, Morocco (NOW Foods, Solgar, Manuka). Fast delivery anywhere in Morocco.","publisher":{"@id":"https:\/\/vitablanca.ma\/#organization"},"alternateName":"VitaBlanca.ma","potentialAction":[{"@type":"SearchAction","target":{"@type":"EntryPoint","urlTemplate":"https:\/\/vitablanca.ma\/?s={search_term_string}"},"query-input":{"@type":"PropertyValueSpecification","valueRequired":true,"valueName":"search_term_string"}}],"inLanguage":"en-US"},{"@type":"Organization","@id":"https:\/\/vitablanca.ma\/#organization","name":"VitaBlanca","url":"https:\/\/vitablanca.ma\/","logo":{"@type":"ImageObject","inLanguage":"en-US","@id":"https:\/\/vitablanca.ma\/#\/schema\/logo\/image\/","url":"https:\/\/vitablanca.ma\/wp-content\/uploads\/2025\/05\/cropped-vitablanca.png","contentUrl":"https:\/\/vitablanca.ma\/wp-content\/uploads\/2025\/05\/cropped-vitablanca.png","width":360,"height":67,"caption":"VitaBlanca"},"image":{"@id":"https:\/\/vitablanca.ma\/#\/schema\/logo\/image\/"},"sameAs":["https:\/\/www.facebook.com\/profile.php?id=61576678196717","https:\/\/www.tiktok.com\/@vitablanca.ma","https:\/\/www.instagram.com\/vitablanca.ma\/"]}]}},"jetpack_sharing_enabled":true,"_links":{"self":[{"href":"https:\/\/vitablanca.ma\/en\/wp-json\/wp\/v2\/product\/29191","targetHints":{"allow":["GET"]}}],"collection":[{"href":"https:\/\/vitablanca.ma\/en\/wp-json\/wp\/v2\/product"}],"about":[{"href":"https:\/\/vitablanca.ma\/en\/wp-json\/wp\/v2\/types\/product"}],"wp:featuredmedia":[{"embeddable":true,"href":"https:\/\/vitablanca.ma\/en\/wp-json\/wp\/v2\/media\/29276"}],"wp:attachment":[{"href":"https:\/\/vitablanca.ma\/en\/wp-json\/wp\/v2\/media?parent=29191"}],"wp:term":[{"taxonomy":"product_brand","embeddable":true,"href":"https:\/\/vitablanca.ma\/en\/wp-json\/wp\/v2\/product_brand?post=29191"},{"taxonomy":"product_cat","embeddable":true,"href":"https:\/\/vitablanca.ma\/en\/wp-json\/wp\/v2\/product_cat?post=29191"},{"taxonomy":"product_tag","embeddable":true,"href":"https:\/\/vitablanca.ma\/en\/wp-json\/wp\/v2\/product_tag?post=29191"}],"curies":[{"name":"wp","href":"https:\/\/api.w.org\/{rel}","templated":true}]}}