{"id":29152,"date":"2026-02-05T00:19:57","date_gmt":"2026-02-05T00:19:57","guid":{"rendered":"https:\/\/vitablanca.ma\/?post_type=product&#038;p=29152"},"modified":"2026-02-05T17:49:57","modified_gmt":"2026-02-05T17:49:57","slug":"kal-taurate-de-magnesium-400-mg-180-comprimes-200-mg-piece-maroc-prix","status":"publish","type":"product","link":"https:\/\/vitablanca.ma\/en\/product\/kal-taurate-de-magnesium-400-mg-180-comprimes-200-mg-piece-maroc-prix\/","title":{"rendered":"Kal Taurate de magn\u00e9sium+ 400\u00a0mg 180\u00a0comprim\u00e9s (200\u00a0mg pi\u00e8ce)"},"content":{"rendered":"<p>Innovative quality since 1932<br \/>\n2\u00a0par jour<br \/>\nFood supplement<br \/>\n400\u00a0mg de magn\u00e9sium avec coenzyme\u00a0B6<br \/>\nClear Quality\u2122<br \/>\nGluten free<br \/>\nGMO-free<br \/>\nSoy-free<br \/>\nDairy-free<br \/>\nVegan<br \/>\nSuitable for vegetarians and vegans<\/p>\n<p>Description\u00a0: Magn\u00e9sium Taurate+ de KAL\u00ae associe un min\u00e9ral, le magn\u00e9sium, \u00e0 un acide amin\u00e9 sous forme libre, la taurine. Le taurate de magn\u00e9sium est destin\u00e9 \u00e0 fournir un soutien nutritif pour favoriser des fonctions nerveuse et musculaire normales et saines. Il peut aussi contribuer \u00e0 r\u00e9guler le flux sain d\u2019ions \u00e0 travers les membranes cellulaires pour aider \u00e0 assurer leur stabilit\u00e9 et \u00e0 prot\u00e9ger le c\u0153ur, les vaisseaux sanguins et les tissus du stress oxydatif. Le pyridoxal-5-phosphate, la forme coenzymatique de la vitamine\u00a0B6, peut fournir un soutien nutritif biodisponible pour contribuer \u00e0 un syst\u00e8me nerveux en bonne sant\u00e9 et au bon fonctionnement de la synth\u00e8se des globules rouges.<br \/>\nSuggested Use<br \/>\nPrenez 2\u00a0comprim\u00e9s par jour avec un repas ou un verre d\u2019eau. Utiliser uniquement comme indiqu\u00e9.<br \/>\nOther ingredients<br \/>\nCellulose, st\u00e9arate de magn\u00e9sium, croscarmellose sodique et silice.<br \/>\nWarnings<br \/>\nNe pas utiliser si l\u2019opercule de protection est perc\u00e9 ou manquant. Tenir hors de port\u00e9e des enfants. Informer votre professionnel de sant\u00e9 de l\u2019utilisation de ce produit.<br \/>\n\u00c0 conserver dans un endroit frais et sec.<\/p>","protected":false},"excerpt":{"rendered":"<p>Qualit\u00e9 innovante depuis 1932 2\u00a0par jour Compl\u00e9ment alimentaire 400\u00a0mg de magn\u00e9sium avec coenzyme\u00a0B6 Clear Quality\u2122 Sans gluten Sans OGM Sans soja Sans produits laitiers Vegan Convient aux v\u00e9g\u00e9tariens et aux v\u00e9gans Description\u00a0: Magn\u00e9sium Taurate+ de KAL\u00ae associe un min\u00e9ral, le magn\u00e9sium, \u00e0 un acide amin\u00e9 sous forme libre, la taurine. Le taurate de magn\u00e9sium est [&hellip;]<\/p>\n","protected":false},"featured_media":29229,"template":"","meta":{"om_disable_all_campaigns":false},"product_brand":[2164],"product_cat":[7960,7961],"product_tag":[],"class_list":{"0":"post-29152","1":"product","2":"type-product","3":"status-publish","4":"has-post-thumbnail","6":"product_brand-kal-maroc-prix","7":"product_cat-magnesium-2","8":"product_cat-mineraux-2","10":"first","11":"instock","12":"sale","13":"taxable","14":"shipping-taxable","15":"purchasable","16":"product-type-simple"},"yoast_head":"<!-- This site is optimized with the Yoast SEO plugin v27.4 - https:\/\/yoast.com\/product\/yoast-seo-wordpress\/ -->\n<title>Kal Taurate de magn\u00e9sium+ 400\u00a0mg 180\u00a0comprim\u00e9s (200\u00a0mg pi\u00e8ce) - Maroc Prix<\/title>\n<meta name=\"description\" content=\"Kal Taurate de magn\u00e9sium+ 400\u00a0mg 180\u00a0comprim\u00e9s (200\u00a0mg pi\u00e8ce)\" \/>\n<meta name=\"robots\" content=\"index, follow, max-snippet:-1, max-image-preview:large, max-video-preview:-1\" \/>\n<link rel=\"canonical\" href=\"https:\/\/vitablanca.ma\/en\/product\/kal-taurate-de-magnesium-400-mg-180-comprimes-200-mg-piece-maroc-prix\/\" \/>\n<meta property=\"og:locale\" content=\"en_US\" \/>\n<meta property=\"og:type\" content=\"article\" \/>\n<meta property=\"og:title\" content=\"Kal Taurate de magn\u00e9sium+ 400\u00a0mg 180\u00a0comprim\u00e9s (200\u00a0mg pi\u00e8ce) - Maroc Prix\" \/>\n<meta property=\"og:description\" content=\"Kal Taurate de magn\u00e9sium+ 400\u00a0mg 180\u00a0comprim\u00e9s (200\u00a0mg pi\u00e8ce)\" \/>\n<meta property=\"og:url\" content=\"https:\/\/vitablanca.ma\/en\/product\/kal-taurate-de-magnesium-400-mg-180-comprimes-200-mg-piece-maroc-prix\/\" \/>\n<meta property=\"og:site_name\" content=\"Vitablanca.ma &ndash; Sant&eacute;, vitalit&eacute; et bien-&ecirc;tre pour tous les Marocains\" \/>\n<meta property=\"article:publisher\" content=\"https:\/\/www.facebook.com\/profile.php?id=61576678196717\" \/>\n<meta property=\"article:modified_time\" content=\"2026-02-05T17:49:57+00:00\" \/>\n<meta property=\"og:image\" content=\"https:\/\/vitablanca.ma\/wp-content\/uploads\/2026\/02\/48-13.jpg\" \/>\n\t<meta property=\"og:image:width\" content=\"1600\" \/>\n\t<meta property=\"og:image:height\" content=\"1600\" \/>\n\t<meta property=\"og:image:type\" content=\"image\/jpeg\" \/>\n<meta name=\"twitter:card\" content=\"summary_large_image\" \/>\n<meta name=\"twitter:label1\" content=\"Est. reading time\" \/>\n\t<meta name=\"twitter:data1\" content=\"2 minutes\" \/>\n<script type=\"application\/ld+json\" class=\"yoast-schema-graph\">{\"@context\":\"https:\\\/\\\/schema.org\",\"@graph\":[{\"@type\":[\"WebPage\",\"ItemPage\"],\"@id\":\"https:\\\/\\\/vitablanca.ma\\\/produit\\\/kal-taurate-de-magnesium-400-mg-180-comprimes-200-mg-piece-maroc-prix\\\/\",\"url\":\"https:\\\/\\\/vitablanca.ma\\\/produit\\\/kal-taurate-de-magnesium-400-mg-180-comprimes-200-mg-piece-maroc-prix\\\/\",\"name\":\"Kal Taurate de magn\u00e9sium+ 400\u00a0mg 180\u00a0comprim\u00e9s (200\u00a0mg pi\u00e8ce) - Maroc Prix\",\"isPartOf\":{\"@id\":\"https:\\\/\\\/vitablanca.ma\\\/#website\"},\"primaryImageOfPage\":{\"@id\":\"https:\\\/\\\/vitablanca.ma\\\/produit\\\/kal-taurate-de-magnesium-400-mg-180-comprimes-200-mg-piece-maroc-prix\\\/#primaryimage\"},\"image\":{\"@id\":\"https:\\\/\\\/vitablanca.ma\\\/produit\\\/kal-taurate-de-magnesium-400-mg-180-comprimes-200-mg-piece-maroc-prix\\\/#primaryimage\"},\"thumbnailUrl\":\"https:\\\/\\\/vitablanca.ma\\\/wp-content\\\/uploads\\\/2026\\\/02\\\/48-13.jpg\",\"datePublished\":\"2026-02-05T00:19:57+00:00\",\"dateModified\":\"2026-02-05T17:49:57+00:00\",\"description\":\"Kal Taurate de magn\u00e9sium+ 400\u00a0mg 180\u00a0comprim\u00e9s (200\u00a0mg pi\u00e8ce)\",\"breadcrumb\":{\"@id\":\"https:\\\/\\\/vitablanca.ma\\\/produit\\\/kal-taurate-de-magnesium-400-mg-180-comprimes-200-mg-piece-maroc-prix\\\/#breadcrumb\"},\"inLanguage\":\"en-US\",\"potentialAction\":[{\"@type\":\"ReadAction\",\"target\":[\"https:\\\/\\\/vitablanca.ma\\\/produit\\\/kal-taurate-de-magnesium-400-mg-180-comprimes-200-mg-piece-maroc-prix\\\/\"]}]},{\"@type\":\"ImageObject\",\"inLanguage\":\"en-US\",\"@id\":\"https:\\\/\\\/vitablanca.ma\\\/produit\\\/kal-taurate-de-magnesium-400-mg-180-comprimes-200-mg-piece-maroc-prix\\\/#primaryimage\",\"url\":\"https:\\\/\\\/vitablanca.ma\\\/wp-content\\\/uploads\\\/2026\\\/02\\\/48-13.jpg\",\"contentUrl\":\"https:\\\/\\\/vitablanca.ma\\\/wp-content\\\/uploads\\\/2026\\\/02\\\/48-13.jpg\",\"width\":1600,\"height\":1600},{\"@type\":\"BreadcrumbList\",\"@id\":\"https:\\\/\\\/vitablanca.ma\\\/produit\\\/kal-taurate-de-magnesium-400-mg-180-comprimes-200-mg-piece-maroc-prix\\\/#breadcrumb\",\"itemListElement\":[{\"@type\":\"ListItem\",\"position\":1,\"name\":\"Home\",\"item\":\"https:\\\/\\\/vitablanca.ma\\\/\"},{\"@type\":\"ListItem\",\"position\":2,\"name\":\"Tous Les Produits\",\"item\":\"https:\\\/\\\/vitablanca.ma\\\/tous-les-produits\\\/\"},{\"@type\":\"ListItem\",\"position\":3,\"name\":\"Kal Taurate de magn\u00e9sium+ 400\u00a0mg 180\u00a0comprim\u00e9s (200\u00a0mg pi\u00e8ce)\"}]},{\"@type\":\"WebSite\",\"@id\":\"https:\\\/\\\/vitablanca.ma\\\/#website\",\"url\":\"https:\\\/\\\/vitablanca.ma\\\/\",\"name\":\"VitaBlanca.ma | Compl\u00e9ments alimentaires, sant\u00e9 & beaut\u00e9 au Maroc\",\"description\":\"vendre vitamines et compl\u00e9ments premium des USA &amp; Canada, Nouvelle Z\u00e9lande,Maroc (NOW Foods, Solgar, Manuka). Livraison rapide partout au Maroc.\",\"publisher\":{\"@id\":\"https:\\\/\\\/vitablanca.ma\\\/#organization\"},\"alternateName\":\"VitaBlanca.ma\",\"potentialAction\":[{\"@type\":\"SearchAction\",\"target\":{\"@type\":\"EntryPoint\",\"urlTemplate\":\"https:\\\/\\\/vitablanca.ma\\\/?s={search_term_string}\"},\"query-input\":{\"@type\":\"PropertyValueSpecification\",\"valueRequired\":true,\"valueName\":\"search_term_string\"}}],\"inLanguage\":\"en-US\"},{\"@type\":\"Organization\",\"@id\":\"https:\\\/\\\/vitablanca.ma\\\/#organization\",\"name\":\"VitaBlanca\",\"url\":\"https:\\\/\\\/vitablanca.ma\\\/\",\"logo\":{\"@type\":\"ImageObject\",\"inLanguage\":\"en-US\",\"@id\":\"https:\\\/\\\/vitablanca.ma\\\/#\\\/schema\\\/logo\\\/image\\\/\",\"url\":\"https:\\\/\\\/vitablanca.ma\\\/wp-content\\\/uploads\\\/2025\\\/05\\\/cropped-vitablanca.png\",\"contentUrl\":\"https:\\\/\\\/vitablanca.ma\\\/wp-content\\\/uploads\\\/2025\\\/05\\\/cropped-vitablanca.png\",\"width\":360,\"height\":67,\"caption\":\"VitaBlanca\"},\"image\":{\"@id\":\"https:\\\/\\\/vitablanca.ma\\\/#\\\/schema\\\/logo\\\/image\\\/\"},\"sameAs\":[\"https:\\\/\\\/www.facebook.com\\\/profile.php?id=61576678196717\",\"https:\\\/\\\/www.tiktok.com\\\/@vitablanca.ma\",\"https:\\\/\\\/www.instagram.com\\\/vitablanca.ma\\\/\"]}]}<\/script>\n<!-- \/ Yoast SEO plugin. -->","yoast_head_json":{"title":"Kal Taurate de magn\u00e9sium+ 400\u00a0mg 180\u00a0comprim\u00e9s (200\u00a0mg pi\u00e8ce) - Maroc Prix","description":"Kal Taurate de magn\u00e9sium+ 400\u00a0mg 180\u00a0comprim\u00e9s (200\u00a0mg pi\u00e8ce)","robots":{"index":"index","follow":"follow","max-snippet":"max-snippet:-1","max-image-preview":"max-image-preview:large","max-video-preview":"max-video-preview:-1"},"canonical":"https:\/\/vitablanca.ma\/en\/product\/kal-taurate-de-magnesium-400-mg-180-comprimes-200-mg-piece-maroc-prix\/","og_locale":"en_US","og_type":"article","og_title":"Kal Taurate de magn\u00e9sium+ 400\u00a0mg 180\u00a0comprim\u00e9s (200\u00a0mg pi\u00e8ce) - Maroc Prix","og_description":"Kal Taurate de magn\u00e9sium+ 400\u00a0mg 180\u00a0comprim\u00e9s (200\u00a0mg pi\u00e8ce)","og_url":"https:\/\/vitablanca.ma\/en\/product\/kal-taurate-de-magnesium-400-mg-180-comprimes-200-mg-piece-maroc-prix\/","og_site_name":"Vitablanca.ma &ndash; Sant&eacute;, vitalit&eacute; et bien-&ecirc;tre pour tous les Marocains","article_publisher":"https:\/\/www.facebook.com\/profile.php?id=61576678196717","article_modified_time":"2026-02-05T17:49:57+00:00","og_image":[{"width":1600,"height":1600,"url":"https:\/\/vitablanca.ma\/wp-content\/uploads\/2026\/02\/48-13.jpg","type":"image\/jpeg"}],"twitter_card":"summary_large_image","twitter_misc":{"Est. reading time":"2 minutes"},"schema":{"@context":"https:\/\/schema.org","@graph":[{"@type":["WebPage","ItemPage"],"@id":"https:\/\/vitablanca.ma\/produit\/kal-taurate-de-magnesium-400-mg-180-comprimes-200-mg-piece-maroc-prix\/","url":"https:\/\/vitablanca.ma\/produit\/kal-taurate-de-magnesium-400-mg-180-comprimes-200-mg-piece-maroc-prix\/","name":"Kal Taurate de magn\u00e9sium+ 400\u00a0mg 180\u00a0comprim\u00e9s (200\u00a0mg pi\u00e8ce) - Maroc Prix","isPartOf":{"@id":"https:\/\/vitablanca.ma\/#website"},"primaryImageOfPage":{"@id":"https:\/\/vitablanca.ma\/produit\/kal-taurate-de-magnesium-400-mg-180-comprimes-200-mg-piece-maroc-prix\/#primaryimage"},"image":{"@id":"https:\/\/vitablanca.ma\/produit\/kal-taurate-de-magnesium-400-mg-180-comprimes-200-mg-piece-maroc-prix\/#primaryimage"},"thumbnailUrl":"https:\/\/vitablanca.ma\/wp-content\/uploads\/2026\/02\/48-13.jpg","datePublished":"2026-02-05T00:19:57+00:00","dateModified":"2026-02-05T17:49:57+00:00","description":"Kal Taurate de magn\u00e9sium+ 400\u00a0mg 180\u00a0comprim\u00e9s (200\u00a0mg pi\u00e8ce)","breadcrumb":{"@id":"https:\/\/vitablanca.ma\/produit\/kal-taurate-de-magnesium-400-mg-180-comprimes-200-mg-piece-maroc-prix\/#breadcrumb"},"inLanguage":"en-US","potentialAction":[{"@type":"ReadAction","target":["https:\/\/vitablanca.ma\/produit\/kal-taurate-de-magnesium-400-mg-180-comprimes-200-mg-piece-maroc-prix\/"]}]},{"@type":"ImageObject","inLanguage":"en-US","@id":"https:\/\/vitablanca.ma\/produit\/kal-taurate-de-magnesium-400-mg-180-comprimes-200-mg-piece-maroc-prix\/#primaryimage","url":"https:\/\/vitablanca.ma\/wp-content\/uploads\/2026\/02\/48-13.jpg","contentUrl":"https:\/\/vitablanca.ma\/wp-content\/uploads\/2026\/02\/48-13.jpg","width":1600,"height":1600},{"@type":"BreadcrumbList","@id":"https:\/\/vitablanca.ma\/produit\/kal-taurate-de-magnesium-400-mg-180-comprimes-200-mg-piece-maroc-prix\/#breadcrumb","itemListElement":[{"@type":"ListItem","position":1,"name":"Home","item":"https:\/\/vitablanca.ma\/"},{"@type":"ListItem","position":2,"name":"Tous Les Produits","item":"https:\/\/vitablanca.ma\/tous-les-produits\/"},{"@type":"ListItem","position":3,"name":"Kal Taurate de magn\u00e9sium+ 400\u00a0mg 180\u00a0comprim\u00e9s (200\u00a0mg pi\u00e8ce)"}]},{"@type":"WebSite","@id":"https:\/\/vitablanca.ma\/#website","url":"https:\/\/vitablanca.ma\/","name":"VitaBlanca.ma | Food supplements, health &amp; beauty in Morocco","description":"sell premium vitamins and supplements from USA &amp; Canada, New Zealand, Morocco (NOW Foods, Solgar, Manuka). Fast delivery anywhere in Morocco.","publisher":{"@id":"https:\/\/vitablanca.ma\/#organization"},"alternateName":"VitaBlanca.ma","potentialAction":[{"@type":"SearchAction","target":{"@type":"EntryPoint","urlTemplate":"https:\/\/vitablanca.ma\/?s={search_term_string}"},"query-input":{"@type":"PropertyValueSpecification","valueRequired":true,"valueName":"search_term_string"}}],"inLanguage":"en-US"},{"@type":"Organization","@id":"https:\/\/vitablanca.ma\/#organization","name":"VitaBlanca","url":"https:\/\/vitablanca.ma\/","logo":{"@type":"ImageObject","inLanguage":"en-US","@id":"https:\/\/vitablanca.ma\/#\/schema\/logo\/image\/","url":"https:\/\/vitablanca.ma\/wp-content\/uploads\/2025\/05\/cropped-vitablanca.png","contentUrl":"https:\/\/vitablanca.ma\/wp-content\/uploads\/2025\/05\/cropped-vitablanca.png","width":360,"height":67,"caption":"VitaBlanca"},"image":{"@id":"https:\/\/vitablanca.ma\/#\/schema\/logo\/image\/"},"sameAs":["https:\/\/www.facebook.com\/profile.php?id=61576678196717","https:\/\/www.tiktok.com\/@vitablanca.ma","https:\/\/www.instagram.com\/vitablanca.ma\/"]}]}},"jetpack_sharing_enabled":true,"_links":{"self":[{"href":"https:\/\/vitablanca.ma\/en\/wp-json\/wp\/v2\/product\/29152","targetHints":{"allow":["GET"]}}],"collection":[{"href":"https:\/\/vitablanca.ma\/en\/wp-json\/wp\/v2\/product"}],"about":[{"href":"https:\/\/vitablanca.ma\/en\/wp-json\/wp\/v2\/types\/product"}],"wp:featuredmedia":[{"embeddable":true,"href":"https:\/\/vitablanca.ma\/en\/wp-json\/wp\/v2\/media\/29229"}],"wp:attachment":[{"href":"https:\/\/vitablanca.ma\/en\/wp-json\/wp\/v2\/media?parent=29152"}],"wp:term":[{"taxonomy":"product_brand","embeddable":true,"href":"https:\/\/vitablanca.ma\/en\/wp-json\/wp\/v2\/product_brand?post=29152"},{"taxonomy":"product_cat","embeddable":true,"href":"https:\/\/vitablanca.ma\/en\/wp-json\/wp\/v2\/product_cat?post=29152"},{"taxonomy":"product_tag","embeddable":true,"href":"https:\/\/vitablanca.ma\/en\/wp-json\/wp\/v2\/product_tag?post=29152"}],"curies":[{"name":"wp","href":"https:\/\/api.w.org\/{rel}","templated":true}]}}