{"id":29135,"date":"2026-02-05T00:19:32","date_gmt":"2026-02-05T00:19:32","guid":{"rendered":"https:\/\/vitablanca.ma\/?post_type=product&#038;p=29135"},"modified":"2026-02-21T16:16:55","modified_gmt":"2026-02-21T16:16:55","slug":"natrol-biotine-dissolution-rapide-puissance-maximale-fraise-10-000-%c2%b5g-60-comprimes","status":"publish","type":"product","link":"https:\/\/vitablanca.ma\/en\/product\/natrol-biotine-dissolution-rapide-puissance-maximale-fraise-10-000-%c2%b5g-60-comprimes\/","title":{"rendered":"Natrol Biotine Dissolution rapide Puissance maximale Fraise 10\u00a0000\u00a0\u00b5g 60\u00a0comprim\u00e9s"},"content":{"rendered":"<p>Fast dissolution<br \/>\nBeaut\u00e9<br \/>\nAm\u00e9liore la sant\u00e9 des cheveux, de la peau et des ongles<br \/>\nAr\u00f4me naturel<br \/>\nVegetarian<br \/>\nFood supplement<\/p>\n<p>Biotine 10 000 mcg \u00e0 dissolution rapide de Natrol :<\/p>\n<p>Favorise les cheveux sains, la peau radieuse et les ongles plus forts.<br \/>\nAide \u00e0 renforcer le m\u00e9tabolisme de l&rsquo;\u00e9nergie et aide \u00e0 la conversion des aliments en \u00e9nergie.<br \/>\nDissolution rapide : \u00e0 prendre \u00e0 tout moment, n&rsquo;importe o\u00f9. Pas besoin d&rsquo;eau.<\/p>\n<p>Des \u00e9tudes cliniques ont montr\u00e9 que les personnes ayant une d\u00e9ficience en biotine peuvent souffrir de chute des cheveux ou d&rsquo;ongles cassants.<br \/>\nSuggested Use<br \/>\nPrendre 1 comprim\u00e9 par jour. Il n&rsquo;est pas n\u00e9cessaire d&rsquo;utiliser de l&rsquo;eau.<br \/>\nOther ingredients<br \/>\nXylitol, gomme de cellulose, maltodextrine, crospovidone, amidon alimentaire modifi\u00e9, acide malique, dioxyde de silicium, ar\u00f4me naturel, acide st\u00e9arique, extrait de racine de betterave, st\u00e9arate de magn\u00e9sium, acide citrique.<br \/>\nContient: Bl\u00e9.<br \/>\nNon: lait, \u0153uf, poisson, crustac\u00e9s, fruits de mer, cacahu\u00e8tes, soja, levure, colorants, ar\u00f4mes ou agents de conservation artificiels.<br \/>\nWarnings<br \/>\nConsultez votre professionnel de sant\u00e9 avant d&rsquo;utiliser ce produit si vous souffrez ou pensez souffrir d&rsquo;une affection m\u00e9dicale, si vous suivez un traitement m\u00e9dical, si vous \u00eates enceinte ou allaitez. Pendant l&rsquo;utilisation, informez votre professionnel de la sant\u00e9 que vous prenez de la biotine avant tout test de laboratoire.<br \/>\n\u00c0 conserver dans un endroit frais et sec.<br \/>\nKeep out of reach of children.<\/p>","protected":false},"excerpt":{"rendered":"<p>Dissolution rapide Beaut\u00e9 Am\u00e9liore la sant\u00e9 des cheveux, de la peau et des ongles Ar\u00f4me naturel V\u00e9g\u00e9tarien Compl\u00e9ment alimentaire Biotine 10 000 mcg \u00e0 dissolution rapide de Natrol : Favorise les cheveux sains, la peau radieuse et les ongles plus forts. Aide \u00e0 renforcer le m\u00e9tabolisme de l&rsquo;\u00e9nergie et aide \u00e0 la conversion des aliments [&hellip;]<\/p>\n","protected":false},"featured_media":29221,"template":"","meta":{"om_disable_all_campaigns":false},"product_brand":[2357],"product_cat":[18,7968,7969,3366,7970],"product_tag":[],"class_list":{"0":"post-29135","1":"product","2":"type-product","3":"status-publish","4":"has-post-thumbnail","6":"product_brand-natrol-prix-maroc","7":"product_cat-beaute-sante","8":"product_cat-biotine","9":"product_cat-cheveux-2","10":"product_cat-complements-alimentaires-au-maroc-vitablanca","11":"product_cat-peau-et-ongles","13":"first","14":"instock","15":"sale","16":"taxable","17":"shipping-taxable","18":"purchasable","19":"product-type-simple"},"yoast_head":"<!-- This site is optimized with the Yoast SEO plugin v27.4 - https:\/\/yoast.com\/product\/yoast-seo-wordpress\/ -->\n<title>Natrol Biotine Dissolution rapide Puissance maximale Fraise 10\u00a0000\u00a0\u00b5g 60\u00a0comprim\u00e9s - Maroc Prix<\/title>\n<meta name=\"description\" content=\"Natrol Biotine Dissolution rapide Puissance maximale Fraise 10\u00a0000\u00a0\u00b5g 60\u00a0comprim\u00e9s\" \/>\n<meta name=\"robots\" content=\"index, follow, max-snippet:-1, max-image-preview:large, max-video-preview:-1\" \/>\n<link rel=\"canonical\" href=\"https:\/\/vitablanca.ma\/en\/product\/natrol-biotine-dissolution-rapide-puissance-maximale-fraise-10-000-\u00b5g-60-comprimes\/\" \/>\n<meta property=\"og:locale\" content=\"en_US\" \/>\n<meta property=\"og:type\" content=\"article\" \/>\n<meta property=\"og:title\" content=\"Natrol Biotine Dissolution rapide Puissance maximale Fraise 10\u00a0000\u00a0\u00b5g 60\u00a0comprim\u00e9s - Maroc Prix\" \/>\n<meta property=\"og:description\" content=\"Natrol Biotine Dissolution rapide Puissance maximale Fraise 10\u00a0000\u00a0\u00b5g 60\u00a0comprim\u00e9s\" \/>\n<meta property=\"og:url\" content=\"https:\/\/vitablanca.ma\/en\/product\/natrol-biotine-dissolution-rapide-puissance-maximale-fraise-10-000-\u00b5g-60-comprimes\/\" \/>\n<meta property=\"og:site_name\" content=\"Vitablanca.ma &ndash; Sant&eacute;, vitalit&eacute; et bien-&ecirc;tre pour tous les Marocains\" \/>\n<meta property=\"article:publisher\" content=\"https:\/\/www.facebook.com\/profile.php?id=61576678196717\" \/>\n<meta property=\"article:modified_time\" content=\"2026-02-21T16:16:55+00:00\" \/>\n<meta property=\"og:image\" content=\"https:\/\/vitablanca.ma\/wp-content\/uploads\/2026\/02\/40-10.jpg\" \/>\n\t<meta property=\"og:image:width\" content=\"1600\" \/>\n\t<meta property=\"og:image:height\" content=\"1600\" \/>\n\t<meta property=\"og:image:type\" content=\"image\/jpeg\" \/>\n<meta name=\"twitter:card\" content=\"summary_large_image\" \/>\n<meta name=\"twitter:label1\" content=\"Est. reading time\" \/>\n\t<meta name=\"twitter:data1\" content=\"1 minute\" \/>\n<script type=\"application\/ld+json\" class=\"yoast-schema-graph\">{\"@context\":\"https:\\\/\\\/schema.org\",\"@graph\":[{\"@type\":[\"WebPage\",\"ItemPage\"],\"@id\":\"https:\\\/\\\/vitablanca.ma\\\/produit\\\/natrol-biotine-dissolution-rapide-puissance-maximale-fraise-10-000-%c2%b5g-60-comprimes\\\/\",\"url\":\"https:\\\/\\\/vitablanca.ma\\\/produit\\\/natrol-biotine-dissolution-rapide-puissance-maximale-fraise-10-000-%c2%b5g-60-comprimes\\\/\",\"name\":\"Natrol Biotine Dissolution rapide Puissance maximale Fraise 10\u00a0000\u00a0\u00b5g 60\u00a0comprim\u00e9s - Maroc Prix\",\"isPartOf\":{\"@id\":\"https:\\\/\\\/vitablanca.ma\\\/#website\"},\"primaryImageOfPage\":{\"@id\":\"https:\\\/\\\/vitablanca.ma\\\/produit\\\/natrol-biotine-dissolution-rapide-puissance-maximale-fraise-10-000-%c2%b5g-60-comprimes\\\/#primaryimage\"},\"image\":{\"@id\":\"https:\\\/\\\/vitablanca.ma\\\/produit\\\/natrol-biotine-dissolution-rapide-puissance-maximale-fraise-10-000-%c2%b5g-60-comprimes\\\/#primaryimage\"},\"thumbnailUrl\":\"https:\\\/\\\/vitablanca.ma\\\/wp-content\\\/uploads\\\/2026\\\/02\\\/40-10.jpg\",\"datePublished\":\"2026-02-05T00:19:32+00:00\",\"dateModified\":\"2026-02-21T16:16:55+00:00\",\"description\":\"Natrol Biotine Dissolution rapide Puissance maximale Fraise 10\u00a0000\u00a0\u00b5g 60\u00a0comprim\u00e9s\",\"breadcrumb\":{\"@id\":\"https:\\\/\\\/vitablanca.ma\\\/produit\\\/natrol-biotine-dissolution-rapide-puissance-maximale-fraise-10-000-%c2%b5g-60-comprimes\\\/#breadcrumb\"},\"inLanguage\":\"en-US\",\"potentialAction\":[{\"@type\":\"ReadAction\",\"target\":[\"https:\\\/\\\/vitablanca.ma\\\/produit\\\/natrol-biotine-dissolution-rapide-puissance-maximale-fraise-10-000-%c2%b5g-60-comprimes\\\/\"]}]},{\"@type\":\"ImageObject\",\"inLanguage\":\"en-US\",\"@id\":\"https:\\\/\\\/vitablanca.ma\\\/produit\\\/natrol-biotine-dissolution-rapide-puissance-maximale-fraise-10-000-%c2%b5g-60-comprimes\\\/#primaryimage\",\"url\":\"https:\\\/\\\/vitablanca.ma\\\/wp-content\\\/uploads\\\/2026\\\/02\\\/40-10.jpg\",\"contentUrl\":\"https:\\\/\\\/vitablanca.ma\\\/wp-content\\\/uploads\\\/2026\\\/02\\\/40-10.jpg\",\"width\":1600,\"height\":1600},{\"@type\":\"BreadcrumbList\",\"@id\":\"https:\\\/\\\/vitablanca.ma\\\/produit\\\/natrol-biotine-dissolution-rapide-puissance-maximale-fraise-10-000-%c2%b5g-60-comprimes\\\/#breadcrumb\",\"itemListElement\":[{\"@type\":\"ListItem\",\"position\":1,\"name\":\"Home\",\"item\":\"https:\\\/\\\/vitablanca.ma\\\/\"},{\"@type\":\"ListItem\",\"position\":2,\"name\":\"Tous Les Produits\",\"item\":\"https:\\\/\\\/vitablanca.ma\\\/tous-les-produits\\\/\"},{\"@type\":\"ListItem\",\"position\":3,\"name\":\"Natrol Biotine Dissolution rapide Puissance maximale Fraise 10\u00a0000\u00a0\u00b5g 60\u00a0comprim\u00e9s\"}]},{\"@type\":\"WebSite\",\"@id\":\"https:\\\/\\\/vitablanca.ma\\\/#website\",\"url\":\"https:\\\/\\\/vitablanca.ma\\\/\",\"name\":\"VitaBlanca.ma | Compl\u00e9ments alimentaires, sant\u00e9 & beaut\u00e9 au Maroc\",\"description\":\"vendre vitamines et compl\u00e9ments premium des USA &amp; Canada, Nouvelle Z\u00e9lande,Maroc (NOW Foods, Solgar, Manuka). Livraison rapide partout au Maroc.\",\"publisher\":{\"@id\":\"https:\\\/\\\/vitablanca.ma\\\/#organization\"},\"alternateName\":\"VitaBlanca.ma\",\"potentialAction\":[{\"@type\":\"SearchAction\",\"target\":{\"@type\":\"EntryPoint\",\"urlTemplate\":\"https:\\\/\\\/vitablanca.ma\\\/?s={search_term_string}\"},\"query-input\":{\"@type\":\"PropertyValueSpecification\",\"valueRequired\":true,\"valueName\":\"search_term_string\"}}],\"inLanguage\":\"en-US\"},{\"@type\":\"Organization\",\"@id\":\"https:\\\/\\\/vitablanca.ma\\\/#organization\",\"name\":\"VitaBlanca\",\"url\":\"https:\\\/\\\/vitablanca.ma\\\/\",\"logo\":{\"@type\":\"ImageObject\",\"inLanguage\":\"en-US\",\"@id\":\"https:\\\/\\\/vitablanca.ma\\\/#\\\/schema\\\/logo\\\/image\\\/\",\"url\":\"https:\\\/\\\/vitablanca.ma\\\/wp-content\\\/uploads\\\/2025\\\/05\\\/cropped-vitablanca.png\",\"contentUrl\":\"https:\\\/\\\/vitablanca.ma\\\/wp-content\\\/uploads\\\/2025\\\/05\\\/cropped-vitablanca.png\",\"width\":360,\"height\":67,\"caption\":\"VitaBlanca\"},\"image\":{\"@id\":\"https:\\\/\\\/vitablanca.ma\\\/#\\\/schema\\\/logo\\\/image\\\/\"},\"sameAs\":[\"https:\\\/\\\/www.facebook.com\\\/profile.php?id=61576678196717\",\"https:\\\/\\\/www.tiktok.com\\\/@vitablanca.ma\",\"https:\\\/\\\/www.instagram.com\\\/vitablanca.ma\\\/\"]}]}<\/script>\n<!-- \/ Yoast SEO plugin. -->","yoast_head_json":{"title":"Natrol Biotine Dissolution rapide Puissance maximale Fraise 10\u00a0000\u00a0\u00b5g 60\u00a0comprim\u00e9s - Maroc Prix","description":"Natrol Biotine Dissolution rapide Puissance maximale Fraise 10\u00a0000\u00a0\u00b5g 60\u00a0comprim\u00e9s","robots":{"index":"index","follow":"follow","max-snippet":"max-snippet:-1","max-image-preview":"max-image-preview:large","max-video-preview":"max-video-preview:-1"},"canonical":"https:\/\/vitablanca.ma\/en\/product\/natrol-biotine-dissolution-rapide-puissance-maximale-fraise-10-000-\u00b5g-60-comprimes\/","og_locale":"en_US","og_type":"article","og_title":"Natrol Biotine Dissolution rapide Puissance maximale Fraise 10\u00a0000\u00a0\u00b5g 60\u00a0comprim\u00e9s - Maroc Prix","og_description":"Natrol Biotine Dissolution rapide Puissance maximale Fraise 10\u00a0000\u00a0\u00b5g 60\u00a0comprim\u00e9s","og_url":"https:\/\/vitablanca.ma\/en\/product\/natrol-biotine-dissolution-rapide-puissance-maximale-fraise-10-000-\u00b5g-60-comprimes\/","og_site_name":"Vitablanca.ma &ndash; Sant&eacute;, vitalit&eacute; et bien-&ecirc;tre pour tous les Marocains","article_publisher":"https:\/\/www.facebook.com\/profile.php?id=61576678196717","article_modified_time":"2026-02-21T16:16:55+00:00","og_image":[{"width":1600,"height":1600,"url":"https:\/\/vitablanca.ma\/wp-content\/uploads\/2026\/02\/40-10.jpg","type":"image\/jpeg"}],"twitter_card":"summary_large_image","twitter_misc":{"Est. reading time":"1 minute"},"schema":{"@context":"https:\/\/schema.org","@graph":[{"@type":["WebPage","ItemPage"],"@id":"https:\/\/vitablanca.ma\/produit\/natrol-biotine-dissolution-rapide-puissance-maximale-fraise-10-000-%c2%b5g-60-comprimes\/","url":"https:\/\/vitablanca.ma\/produit\/natrol-biotine-dissolution-rapide-puissance-maximale-fraise-10-000-%c2%b5g-60-comprimes\/","name":"Natrol Biotine Dissolution rapide Puissance maximale Fraise 10\u00a0000\u00a0\u00b5g 60\u00a0comprim\u00e9s - Maroc Prix","isPartOf":{"@id":"https:\/\/vitablanca.ma\/#website"},"primaryImageOfPage":{"@id":"https:\/\/vitablanca.ma\/produit\/natrol-biotine-dissolution-rapide-puissance-maximale-fraise-10-000-%c2%b5g-60-comprimes\/#primaryimage"},"image":{"@id":"https:\/\/vitablanca.ma\/produit\/natrol-biotine-dissolution-rapide-puissance-maximale-fraise-10-000-%c2%b5g-60-comprimes\/#primaryimage"},"thumbnailUrl":"https:\/\/vitablanca.ma\/wp-content\/uploads\/2026\/02\/40-10.jpg","datePublished":"2026-02-05T00:19:32+00:00","dateModified":"2026-02-21T16:16:55+00:00","description":"Natrol Biotine Dissolution rapide Puissance maximale Fraise 10\u00a0000\u00a0\u00b5g 60\u00a0comprim\u00e9s","breadcrumb":{"@id":"https:\/\/vitablanca.ma\/produit\/natrol-biotine-dissolution-rapide-puissance-maximale-fraise-10-000-%c2%b5g-60-comprimes\/#breadcrumb"},"inLanguage":"en-US","potentialAction":[{"@type":"ReadAction","target":["https:\/\/vitablanca.ma\/produit\/natrol-biotine-dissolution-rapide-puissance-maximale-fraise-10-000-%c2%b5g-60-comprimes\/"]}]},{"@type":"ImageObject","inLanguage":"en-US","@id":"https:\/\/vitablanca.ma\/produit\/natrol-biotine-dissolution-rapide-puissance-maximale-fraise-10-000-%c2%b5g-60-comprimes\/#primaryimage","url":"https:\/\/vitablanca.ma\/wp-content\/uploads\/2026\/02\/40-10.jpg","contentUrl":"https:\/\/vitablanca.ma\/wp-content\/uploads\/2026\/02\/40-10.jpg","width":1600,"height":1600},{"@type":"BreadcrumbList","@id":"https:\/\/vitablanca.ma\/produit\/natrol-biotine-dissolution-rapide-puissance-maximale-fraise-10-000-%c2%b5g-60-comprimes\/#breadcrumb","itemListElement":[{"@type":"ListItem","position":1,"name":"Home","item":"https:\/\/vitablanca.ma\/"},{"@type":"ListItem","position":2,"name":"Tous Les Produits","item":"https:\/\/vitablanca.ma\/tous-les-produits\/"},{"@type":"ListItem","position":3,"name":"Natrol Biotine Dissolution rapide Puissance maximale Fraise 10\u00a0000\u00a0\u00b5g 60\u00a0comprim\u00e9s"}]},{"@type":"WebSite","@id":"https:\/\/vitablanca.ma\/#website","url":"https:\/\/vitablanca.ma\/","name":"VitaBlanca.ma | Food supplements, health &amp; beauty in Morocco","description":"sell premium vitamins and supplements from USA &amp; Canada, New Zealand, Morocco (NOW Foods, Solgar, Manuka). Fast delivery anywhere in Morocco.","publisher":{"@id":"https:\/\/vitablanca.ma\/#organization"},"alternateName":"VitaBlanca.ma","potentialAction":[{"@type":"SearchAction","target":{"@type":"EntryPoint","urlTemplate":"https:\/\/vitablanca.ma\/?s={search_term_string}"},"query-input":{"@type":"PropertyValueSpecification","valueRequired":true,"valueName":"search_term_string"}}],"inLanguage":"en-US"},{"@type":"Organization","@id":"https:\/\/vitablanca.ma\/#organization","name":"VitaBlanca","url":"https:\/\/vitablanca.ma\/","logo":{"@type":"ImageObject","inLanguage":"en-US","@id":"https:\/\/vitablanca.ma\/#\/schema\/logo\/image\/","url":"https:\/\/vitablanca.ma\/wp-content\/uploads\/2025\/05\/cropped-vitablanca.png","contentUrl":"https:\/\/vitablanca.ma\/wp-content\/uploads\/2025\/05\/cropped-vitablanca.png","width":360,"height":67,"caption":"VitaBlanca"},"image":{"@id":"https:\/\/vitablanca.ma\/#\/schema\/logo\/image\/"},"sameAs":["https:\/\/www.facebook.com\/profile.php?id=61576678196717","https:\/\/www.tiktok.com\/@vitablanca.ma","https:\/\/www.instagram.com\/vitablanca.ma\/"]}]}},"jetpack_sharing_enabled":true,"_links":{"self":[{"href":"https:\/\/vitablanca.ma\/en\/wp-json\/wp\/v2\/product\/29135","targetHints":{"allow":["GET"]}}],"collection":[{"href":"https:\/\/vitablanca.ma\/en\/wp-json\/wp\/v2\/product"}],"about":[{"href":"https:\/\/vitablanca.ma\/en\/wp-json\/wp\/v2\/types\/product"}],"wp:featuredmedia":[{"embeddable":true,"href":"https:\/\/vitablanca.ma\/en\/wp-json\/wp\/v2\/media\/29221"}],"wp:attachment":[{"href":"https:\/\/vitablanca.ma\/en\/wp-json\/wp\/v2\/media?parent=29135"}],"wp:term":[{"taxonomy":"product_brand","embeddable":true,"href":"https:\/\/vitablanca.ma\/en\/wp-json\/wp\/v2\/product_brand?post=29135"},{"taxonomy":"product_cat","embeddable":true,"href":"https:\/\/vitablanca.ma\/en\/wp-json\/wp\/v2\/product_cat?post=29135"},{"taxonomy":"product_tag","embeddable":true,"href":"https:\/\/vitablanca.ma\/en\/wp-json\/wp\/v2\/product_tag?post=29135"}],"curies":[{"name":"wp","href":"https:\/\/api.w.org\/{rel}","templated":true}]}}