{"id":29133,"date":"2026-02-05T00:19:32","date_gmt":"2026-02-05T00:19:32","guid":{"rendered":"https:\/\/vitablanca.ma\/?post_type=product&#038;p=29133"},"modified":"2026-02-21T16:16:55","modified_gmt":"2026-02-21T16:16:55","slug":"natrol-dhea-25-mg-300-comprimes","status":"publish","type":"product","link":"https:\/\/vitablanca.ma\/en\/product\/natrol-dhea-25-mg-300-comprimes\/","title":{"rendered":"Natrol DHEA 25\u00a0mg 300\u00a0comprim\u00e9s"},"content":{"rendered":"<p>Humeur &amp; stress<br \/>\nContribue aux niveaux d&rsquo;hormones \u00e9quilibr\u00e9s qui diminuent avec l&rsquo;\u00e2ge<br \/>\nPromotes good mood<br \/>\nPack \u00e9conomique<br \/>\nVegetarian product<br \/>\nFood supplement<\/p>\n<p>Natrol DHEA 25\u00a0mg\u00a0:<\/p>\n<p>Contribue \u00e0 un taux de DHEA \u00e9quilibr\u00e9 alors qu&rsquo;il diminue avec l&rsquo;\u00e2ge pour favoriser la bonne humeur.<\/p>\n<p>Suggested Use<br \/>\nPrenez 1\u00a0comprim\u00e9, une fois par jour, au moment du repas.<br \/>\nOther ingredients<br \/>\nCellulose microcristalline, dioxyde de silicium, st\u00e9arate de magn\u00e9sium, acide st\u00e9arique, carmellose (d\u00e9riv\u00e9 de cellulose), maltodextrine, gomme arabique.<br \/>\nSans\u00a0:  Lait, \u0153ufs, poisson, crustac\u00e9s, fruits \u00e0 coque, arachides, bl\u00e9, graines de soja, levure, colorants ou ar\u00f4mes artificiels, sucre ajout\u00e9 ou conservateurs.<br \/>\nWarnings<br \/>\nImportant\u00a0! Lire toutes les informations et tous les avertissements avant utilisation.<br \/>\nCe produit n&rsquo;est pas destin\u00e9 aux personnes de moins de 18\u00a0ans. Ne pas utiliser si vous \u00eates enceinte ou allaitez. Consultez un m\u00e9decin ou un professionnel de la sant\u00e9 agr\u00e9\u00e9 et qualifi\u00e9 avant d&rsquo;utiliser ce produit si vous avez un cancer du sein, un cancer de la prostate, un \u00e9largissement de la prostate, une maladie cardiaque ou un taux de \u00ab\u00a0bon\u00a0\u00bb cholest\u00e9rol (LHD) faible ou si vous avez des ant\u00e9c\u00e9dents familiaux de ces maladies\u00a0; ou si vous utilisez un autre compl\u00e9ment alimentaire, un m\u00e9dicament sur ordonnance ou en vente libre. Ne pas d\u00e9passer la portion recommand\u00e9e. Le fait de d\u00e9passer la portion recommand\u00e9e peut avoir des effets nocifs graves sur la sant\u00e9. Les possibles effets secondaires comprennent l&rsquo;acn\u00e9, la perte de cheveux, la pilosit\u00e9 du visage (chez les femmes), l&rsquo;agressivit\u00e9, l&rsquo;irritabilit\u00e9 et l&rsquo;augmentation du taux d&rsquo;\u0153strog\u00e8nes. Cesser l&rsquo;utilisation et appeler imm\u00e9diatement un m\u00e9decin ou un professionnel de sant\u00e9 agr\u00e9\u00e9 et qualifi\u00e9 en cas de tachycardie, d&rsquo;\u00e9tourdissements, d&rsquo;une vision floue ou de sympt\u00f4mes similaires.<br \/>\n\u00c0 conserver dans un endroit frais et sec.<br \/>\nKeep out of reach of children.<\/p>","protected":false},"excerpt":{"rendered":"<p>Humeur &amp; stress Contribue aux niveaux d&rsquo;hormones \u00e9quilibr\u00e9s qui diminuent avec l&rsquo;\u00e2ge Favorise la bonne humeur Pack \u00e9conomique Produit v\u00e9g\u00e9tarien Compl\u00e9ment alimentaire Natrol DHEA 25\u00a0mg\u00a0: Contribue \u00e0 un taux de DHEA \u00e9quilibr\u00e9 alors qu&rsquo;il diminue avec l&rsquo;\u00e2ge pour favoriser la bonne humeur. Usage sugg\u00e9r\u00e9 Prenez 1\u00a0comprim\u00e9, une fois par jour, au moment du repas. Autres [&hellip;]<\/p>\n","protected":false},"featured_media":29211,"template":"","meta":{"om_disable_all_campaigns":false},"product_brand":[2357],"product_cat":[18,3366,8038],"product_tag":[],"class_list":{"0":"post-29133","1":"product","2":"type-product","3":"status-publish","4":"has-post-thumbnail","6":"product_brand-natrol-prix-maroc","7":"product_cat-beaute-sante","8":"product_cat-complements-alimentaires-au-maroc-vitablanca","9":"product_cat-sante-masculine","11":"first","12":"instock","13":"sale","14":"taxable","15":"shipping-taxable","16":"purchasable","17":"product-type-simple"},"yoast_head":"<!-- This site is optimized with the Yoast SEO plugin v27.3 - https:\/\/yoast.com\/product\/yoast-seo-wordpress\/ -->\n<title>Natrol DHEA 25\u00a0mg 300\u00a0comprim\u00e9s - Maroc Prix<\/title>\n<meta name=\"description\" content=\"Natrol DHEA 25\u00a0mg 300\u00a0comprim\u00e9s\" \/>\n<meta name=\"robots\" content=\"index, follow, max-snippet:-1, max-image-preview:large, max-video-preview:-1\" \/>\n<link rel=\"canonical\" href=\"https:\/\/vitablanca.ma\/en\/product\/natrol-dhea-25-mg-300-comprimes\/\" \/>\n<meta property=\"og:locale\" content=\"en_US\" \/>\n<meta property=\"og:type\" content=\"article\" \/>\n<meta property=\"og:title\" content=\"Natrol DHEA 25\u00a0mg 300\u00a0comprim\u00e9s - Maroc Prix\" \/>\n<meta property=\"og:description\" content=\"Natrol DHEA 25\u00a0mg 300\u00a0comprim\u00e9s\" \/>\n<meta property=\"og:url\" content=\"https:\/\/vitablanca.ma\/en\/product\/natrol-dhea-25-mg-300-comprimes\/\" \/>\n<meta property=\"og:site_name\" content=\"Vitablanca.ma &ndash; Sant&eacute;, vitalit&eacute; et bien-&ecirc;tre pour tous les Marocains\" \/>\n<meta property=\"article:publisher\" content=\"https:\/\/www.facebook.com\/profile.php?id=61576678196717\" \/>\n<meta property=\"article:modified_time\" content=\"2026-02-21T16:16:55+00:00\" \/>\n<meta property=\"og:image\" content=\"https:\/\/vitablanca.ma\/wp-content\/uploads\/2026\/02\/37-12.jpg\" \/>\n\t<meta property=\"og:image:width\" content=\"1600\" \/>\n\t<meta property=\"og:image:height\" content=\"1600\" \/>\n\t<meta property=\"og:image:type\" content=\"image\/jpeg\" \/>\n<meta name=\"twitter:card\" content=\"summary_large_image\" \/>\n<meta name=\"twitter:label1\" content=\"Est. reading time\" \/>\n\t<meta name=\"twitter:data1\" content=\"2 minutes\" \/>\n<script type=\"application\/ld+json\" class=\"yoast-schema-graph\">{\"@context\":\"https:\\\/\\\/schema.org\",\"@graph\":[{\"@type\":[\"WebPage\",\"ItemPage\"],\"@id\":\"https:\\\/\\\/vitablanca.ma\\\/produit\\\/natrol-dhea-25-mg-300-comprimes\\\/\",\"url\":\"https:\\\/\\\/vitablanca.ma\\\/produit\\\/natrol-dhea-25-mg-300-comprimes\\\/\",\"name\":\"Natrol DHEA 25\u00a0mg 300\u00a0comprim\u00e9s - Maroc Prix\",\"isPartOf\":{\"@id\":\"https:\\\/\\\/vitablanca.ma\\\/#website\"},\"primaryImageOfPage\":{\"@id\":\"https:\\\/\\\/vitablanca.ma\\\/produit\\\/natrol-dhea-25-mg-300-comprimes\\\/#primaryimage\"},\"image\":{\"@id\":\"https:\\\/\\\/vitablanca.ma\\\/produit\\\/natrol-dhea-25-mg-300-comprimes\\\/#primaryimage\"},\"thumbnailUrl\":\"https:\\\/\\\/vitablanca.ma\\\/wp-content\\\/uploads\\\/2026\\\/02\\\/37-12.jpg\",\"datePublished\":\"2026-02-05T00:19:32+00:00\",\"dateModified\":\"2026-02-21T16:16:55+00:00\",\"description\":\"Natrol DHEA 25\u00a0mg 300\u00a0comprim\u00e9s\",\"breadcrumb\":{\"@id\":\"https:\\\/\\\/vitablanca.ma\\\/produit\\\/natrol-dhea-25-mg-300-comprimes\\\/#breadcrumb\"},\"inLanguage\":\"en-US\",\"potentialAction\":[{\"@type\":\"ReadAction\",\"target\":[\"https:\\\/\\\/vitablanca.ma\\\/produit\\\/natrol-dhea-25-mg-300-comprimes\\\/\"]}]},{\"@type\":\"ImageObject\",\"inLanguage\":\"en-US\",\"@id\":\"https:\\\/\\\/vitablanca.ma\\\/produit\\\/natrol-dhea-25-mg-300-comprimes\\\/#primaryimage\",\"url\":\"https:\\\/\\\/vitablanca.ma\\\/wp-content\\\/uploads\\\/2026\\\/02\\\/37-12.jpg\",\"contentUrl\":\"https:\\\/\\\/vitablanca.ma\\\/wp-content\\\/uploads\\\/2026\\\/02\\\/37-12.jpg\",\"width\":1600,\"height\":1600},{\"@type\":\"BreadcrumbList\",\"@id\":\"https:\\\/\\\/vitablanca.ma\\\/produit\\\/natrol-dhea-25-mg-300-comprimes\\\/#breadcrumb\",\"itemListElement\":[{\"@type\":\"ListItem\",\"position\":1,\"name\":\"Home\",\"item\":\"https:\\\/\\\/vitablanca.ma\\\/\"},{\"@type\":\"ListItem\",\"position\":2,\"name\":\"Tous Les Produits\",\"item\":\"https:\\\/\\\/vitablanca.ma\\\/tous-les-produits\\\/\"},{\"@type\":\"ListItem\",\"position\":3,\"name\":\"Natrol DHEA 25\u00a0mg 300\u00a0comprim\u00e9s\"}]},{\"@type\":\"WebSite\",\"@id\":\"https:\\\/\\\/vitablanca.ma\\\/#website\",\"url\":\"https:\\\/\\\/vitablanca.ma\\\/\",\"name\":\"VitaBlanca.ma | Compl\u00e9ments alimentaires, sant\u00e9 & beaut\u00e9 au Maroc\",\"description\":\"vendre vitamines et compl\u00e9ments premium des USA &amp; Canada, Nouvelle Z\u00e9lande,Maroc (NOW Foods, Solgar, Manuka). Livraison rapide partout au Maroc.\",\"publisher\":{\"@id\":\"https:\\\/\\\/vitablanca.ma\\\/#organization\"},\"alternateName\":\"VitaBlanca.ma\",\"potentialAction\":[{\"@type\":\"SearchAction\",\"target\":{\"@type\":\"EntryPoint\",\"urlTemplate\":\"https:\\\/\\\/vitablanca.ma\\\/?s={search_term_string}\"},\"query-input\":{\"@type\":\"PropertyValueSpecification\",\"valueRequired\":true,\"valueName\":\"search_term_string\"}}],\"inLanguage\":\"en-US\"},{\"@type\":\"Organization\",\"@id\":\"https:\\\/\\\/vitablanca.ma\\\/#organization\",\"name\":\"VitaBlanca\",\"url\":\"https:\\\/\\\/vitablanca.ma\\\/\",\"logo\":{\"@type\":\"ImageObject\",\"inLanguage\":\"en-US\",\"@id\":\"https:\\\/\\\/vitablanca.ma\\\/#\\\/schema\\\/logo\\\/image\\\/\",\"url\":\"https:\\\/\\\/vitablanca.ma\\\/wp-content\\\/uploads\\\/2025\\\/05\\\/cropped-vitablanca.png\",\"contentUrl\":\"https:\\\/\\\/vitablanca.ma\\\/wp-content\\\/uploads\\\/2025\\\/05\\\/cropped-vitablanca.png\",\"width\":360,\"height\":67,\"caption\":\"VitaBlanca\"},\"image\":{\"@id\":\"https:\\\/\\\/vitablanca.ma\\\/#\\\/schema\\\/logo\\\/image\\\/\"},\"sameAs\":[\"https:\\\/\\\/www.facebook.com\\\/profile.php?id=61576678196717\",\"https:\\\/\\\/www.tiktok.com\\\/@vitablanca.ma\",\"https:\\\/\\\/www.instagram.com\\\/vitablanca.ma\\\/\"]}]}<\/script>\n<!-- \/ Yoast SEO plugin. -->","yoast_head_json":{"title":"Natrol DHEA 25\u00a0mg 300\u00a0comprim\u00e9s - Maroc Prix","description":"Natrol DHEA 25\u00a0mg 300\u00a0comprim\u00e9s","robots":{"index":"index","follow":"follow","max-snippet":"max-snippet:-1","max-image-preview":"max-image-preview:large","max-video-preview":"max-video-preview:-1"},"canonical":"https:\/\/vitablanca.ma\/en\/product\/natrol-dhea-25-mg-300-comprimes\/","og_locale":"en_US","og_type":"article","og_title":"Natrol DHEA 25\u00a0mg 300\u00a0comprim\u00e9s - Maroc Prix","og_description":"Natrol DHEA 25\u00a0mg 300\u00a0comprim\u00e9s","og_url":"https:\/\/vitablanca.ma\/en\/product\/natrol-dhea-25-mg-300-comprimes\/","og_site_name":"Vitablanca.ma &ndash; Sant&eacute;, vitalit&eacute; et bien-&ecirc;tre pour tous les Marocains","article_publisher":"https:\/\/www.facebook.com\/profile.php?id=61576678196717","article_modified_time":"2026-02-21T16:16:55+00:00","og_image":[{"width":1600,"height":1600,"url":"https:\/\/vitablanca.ma\/wp-content\/uploads\/2026\/02\/37-12.jpg","type":"image\/jpeg"}],"twitter_card":"summary_large_image","twitter_misc":{"Est. reading time":"2 minutes"},"schema":{"@context":"https:\/\/schema.org","@graph":[{"@type":["WebPage","ItemPage"],"@id":"https:\/\/vitablanca.ma\/produit\/natrol-dhea-25-mg-300-comprimes\/","url":"https:\/\/vitablanca.ma\/produit\/natrol-dhea-25-mg-300-comprimes\/","name":"Natrol DHEA 25\u00a0mg 300\u00a0comprim\u00e9s - Maroc Prix","isPartOf":{"@id":"https:\/\/vitablanca.ma\/#website"},"primaryImageOfPage":{"@id":"https:\/\/vitablanca.ma\/produit\/natrol-dhea-25-mg-300-comprimes\/#primaryimage"},"image":{"@id":"https:\/\/vitablanca.ma\/produit\/natrol-dhea-25-mg-300-comprimes\/#primaryimage"},"thumbnailUrl":"https:\/\/vitablanca.ma\/wp-content\/uploads\/2026\/02\/37-12.jpg","datePublished":"2026-02-05T00:19:32+00:00","dateModified":"2026-02-21T16:16:55+00:00","description":"Natrol DHEA 25\u00a0mg 300\u00a0comprim\u00e9s","breadcrumb":{"@id":"https:\/\/vitablanca.ma\/produit\/natrol-dhea-25-mg-300-comprimes\/#breadcrumb"},"inLanguage":"en-US","potentialAction":[{"@type":"ReadAction","target":["https:\/\/vitablanca.ma\/produit\/natrol-dhea-25-mg-300-comprimes\/"]}]},{"@type":"ImageObject","inLanguage":"en-US","@id":"https:\/\/vitablanca.ma\/produit\/natrol-dhea-25-mg-300-comprimes\/#primaryimage","url":"https:\/\/vitablanca.ma\/wp-content\/uploads\/2026\/02\/37-12.jpg","contentUrl":"https:\/\/vitablanca.ma\/wp-content\/uploads\/2026\/02\/37-12.jpg","width":1600,"height":1600},{"@type":"BreadcrumbList","@id":"https:\/\/vitablanca.ma\/produit\/natrol-dhea-25-mg-300-comprimes\/#breadcrumb","itemListElement":[{"@type":"ListItem","position":1,"name":"Home","item":"https:\/\/vitablanca.ma\/"},{"@type":"ListItem","position":2,"name":"Tous Les Produits","item":"https:\/\/vitablanca.ma\/tous-les-produits\/"},{"@type":"ListItem","position":3,"name":"Natrol DHEA 25\u00a0mg 300\u00a0comprim\u00e9s"}]},{"@type":"WebSite","@id":"https:\/\/vitablanca.ma\/#website","url":"https:\/\/vitablanca.ma\/","name":"VitaBlanca.ma | Food supplements, health &amp; beauty in Morocco","description":"sell premium vitamins and supplements from USA &amp; Canada, New Zealand, Morocco (NOW Foods, Solgar, Manuka). Fast delivery anywhere in Morocco.","publisher":{"@id":"https:\/\/vitablanca.ma\/#organization"},"alternateName":"VitaBlanca.ma","potentialAction":[{"@type":"SearchAction","target":{"@type":"EntryPoint","urlTemplate":"https:\/\/vitablanca.ma\/?s={search_term_string}"},"query-input":{"@type":"PropertyValueSpecification","valueRequired":true,"valueName":"search_term_string"}}],"inLanguage":"en-US"},{"@type":"Organization","@id":"https:\/\/vitablanca.ma\/#organization","name":"VitaBlanca","url":"https:\/\/vitablanca.ma\/","logo":{"@type":"ImageObject","inLanguage":"en-US","@id":"https:\/\/vitablanca.ma\/#\/schema\/logo\/image\/","url":"https:\/\/vitablanca.ma\/wp-content\/uploads\/2025\/05\/cropped-vitablanca.png","contentUrl":"https:\/\/vitablanca.ma\/wp-content\/uploads\/2025\/05\/cropped-vitablanca.png","width":360,"height":67,"caption":"VitaBlanca"},"image":{"@id":"https:\/\/vitablanca.ma\/#\/schema\/logo\/image\/"},"sameAs":["https:\/\/www.facebook.com\/profile.php?id=61576678196717","https:\/\/www.tiktok.com\/@vitablanca.ma","https:\/\/www.instagram.com\/vitablanca.ma\/"]}]}},"jetpack_sharing_enabled":true,"_links":{"self":[{"href":"https:\/\/vitablanca.ma\/en\/wp-json\/wp\/v2\/product\/29133","targetHints":{"allow":["GET"]}}],"collection":[{"href":"https:\/\/vitablanca.ma\/en\/wp-json\/wp\/v2\/product"}],"about":[{"href":"https:\/\/vitablanca.ma\/en\/wp-json\/wp\/v2\/types\/product"}],"wp:featuredmedia":[{"embeddable":true,"href":"https:\/\/vitablanca.ma\/en\/wp-json\/wp\/v2\/media\/29211"}],"wp:attachment":[{"href":"https:\/\/vitablanca.ma\/en\/wp-json\/wp\/v2\/media?parent=29133"}],"wp:term":[{"taxonomy":"product_brand","embeddable":true,"href":"https:\/\/vitablanca.ma\/en\/wp-json\/wp\/v2\/product_brand?post=29133"},{"taxonomy":"product_cat","embeddable":true,"href":"https:\/\/vitablanca.ma\/en\/wp-json\/wp\/v2\/product_cat?post=29133"},{"taxonomy":"product_tag","embeddable":true,"href":"https:\/\/vitablanca.ma\/en\/wp-json\/wp\/v2\/product_tag?post=29133"}],"curies":[{"name":"wp","href":"https:\/\/api.w.org\/{rel}","templated":true}]}}